{"id":55156,"date":"2022-03-22T11:35:30","date_gmt":"2022-03-22T11:35:30","guid":{"rendered":"https:\/\/www.accuratereviews.com\/?page_id=55156"},"modified":"2022-03-22T11:35:30","modified_gmt":"2022-03-22T11:35:30","slug":"netsmart-myunity-recensione","status":"publish","type":"page","link":"https:\/\/www.accuratereviews.com\/it\/software-assistenza-domiciliare\/netsmart-myunity-recensione\/","title":{"rendered":"Netsmart myUnity"},"content":{"rendered":"<p><strong>Netsmart myUnity<\/strong> (ex DeVero) \u00e8 un <strong>sistema di gestione delle cartelle cliniche<\/strong> elettroniche basata su <strong>cloud<\/strong> flessibile, scalabile e sicura da cui amministrare la propria documentazione clinica. Il programma\u00a0mira a migliorare le operazioni di salute domestica e ospedaliera offrendo agli utenti gli strumenti per gestire, inviare e ricevere documenti elettronicamente e caricare facilmente file, immagini e video di supporto.\u00a0Gli utenti possono anche gestire le pianificazioni degli operatori sanitari con un calendario online, comunicare comodamente con la messaggistica individuale o di gruppo protetta, nonch\u00e9 eseguire la fatturazione di linea multiservizio tramite integrazioni con il software di fatturazione elettronica Ability o ZirMed.\u00a0Con un portale self-service, <strong>myUnity<\/strong> garantisce ai medici la flessibilit\u00e0 di fornire la supervisione del punto di cura e di firmare i moduli elettronicamente in qualsiasi momento.<\/p>\n<h2>NETSMART \u00a0MYUNITY &#8211; TUTORIAL<\/h2>\n<p>Guardiamo insieme come sfruttare al meglio le funzioni di questo<strong> software per l&#8217;assistenza domiciliare<\/strong>:<\/p>\n<div id=\"fluid-wrapper-counter-1\" class=\"g1-fluid-wrapper \" style=\"width:686px;\">\n<div style=\"padding-bottom:56.268221574344%;\"><iframe loading=\"lazy\" title=\"Managing Care for Co-Occurring Conditions\" width=\"686\" height=\"386\" src=\"https:\/\/www.youtube.com\/embed\/3UnLeaxS9Hc?feature=oembed&amp;wmode=transparent&amp;autohide=1&amp;autoplay=0&amp;disablekb=0&amp;fs=1&amp;loop=0&amp;enablejsapi=1&amp;rel=0&amp;controls=2&amp;showinfo=0&amp;wmode=transparent&amp;autohide=2&amp;autoplay=0&amp;disablekb=0&amp;fs=1&amp;loop=0&amp;enablejsapi=1&amp;rel=0&amp;controls=2&amp;showinfo=1\" frameborder=\"0\" allow=\"accelerometer; autoplay; clipboard-write; encrypted-media; gyroscope; picture-in-picture\" allowfullscreen><\/iframe><\/div>\n<\/div>\n<h3>NETSMART \u00a0MYUNITY &#8211; CARATTERISTICHE<\/h3>\n<ul>\n<li>Capacit\u00e0 di gestire la configurazione e l&#8217;espansione EHR<\/li>\n<li>Elimina la necessit\u00e0 di investimenti continui nella formazione del personale di supporto delle applicazioni<\/li>\n<li>Aiuta a garantire un flusso di cassa costante<\/li>\n<li>Offre la possibilit\u00e0 di scalare rapidamente man mano che la tua azienda cresce<\/li>\n<li>L&#8217;interfaccia e le funzionalit\u00e0 intuitive non richiedono competenze di programmazione<\/li>\n<li>Semplifica il rilevamento dei dati per decisioni chiare e riflessive<\/li>\n<li>Fornisce un punto di accesso per connettersi al pi\u00f9 ampio ecosistema sanitario<\/li>\n<li>Riduce i costi e migliora la sicurezza diminuendo al minimo i trattamenti ridondanti o non necessari durante le transizioni delle cure<\/li>\n<li>Condividi i dati in modo semplice e sicuro con altri fornitori, eliminando la ridondanza dei test diagnostici<\/li>\n<li>Semplifica la comunicazione tra i membri del team di assistenza e migliora l&#8217;efficienza del personale<\/li>\n<li>Affronta le transizioni assistenziali e le esigenze di assistenza a lungo termine attraverso una pianificazione centrata sulla persona<\/li>\n<li>Evidenzia potenziali lacune nell&#8217;assistenza, problemi critici e determinanti sociali della salute<\/li>\n<li>Promuove la produttivit\u00e0 del personale attraverso la gestione della pianificazione<\/li>\n<li>L&#8217;implementazione rapida offre un valore significativo alla tua organizzazione con il minimo sforzo<\/li>\n<li>Migliora la sicurezza crittografando i dati ed eliminando la necessit\u00e0 di trasportare grafici e file cartacei<\/li>\n<li>Raccogli i dati di osservazione da un menu a discesa<\/li>\n<li>Accedi rapidamente ai carichi di lavoro<\/li>\n<li>Elimina la necessit\u00e0 di calcoli complessi per il reporting delle misure, consentendo all&#8217;organizzazione di concentrare le risorse sulla massimizzazione dei risultati<\/li>\n<li>Fornisce approfondimenti sul carico di lavoro di un medico, consentendo revisioni delle prestazioni da una prospettiva di gestione dei risultati<\/li>\n<\/ul>\n<h4>LE RECENSIONI DEGLI UTENTI<\/h4>\n<p class=\"font-weight-bold mb-2\"><strong>Paul B.&#8221;Facile da usare&#8221;<\/strong><\/p>\n<p><span class=\"font-weight-bold\"><strong>Commenti<\/strong>: <\/span>Ho usato 4 sistemi grafici elettronici e non sono tutti abbastanza intuitivi, c&#8217;\u00e8 troppo bisogno di duplicare i grafici.<\/p>\n<p class=\"font-weight-bold mb-2\"><strong>Pro<\/strong>:\u00a0Facile da usare, migliore della maggior parte degli altri software, salva il lavoro in modo rapido e automatico<\/p>\n<p class=\"font-weight-bold mb-2\"><strong>Contro<\/strong>:\u00a0Molti grafici duplicati Gli aggiornamenti non sono utili per migliorare in modo efficiente, ma migliorano i requisiti normativi<\/p>\n<p class=\"font-weight-bold mb-2\"><strong>Jenny T.&#8221;Al salvataggio&#8221;<\/strong><\/p>\n<p class=\"font-weight-bold mb-2\"><strong>Pro<\/strong>:\u00a0\u00c8 abbastanza facile da usare. Si pu\u00f2 accedere da qualsiasi dispositivo elettronico che lo rende molto conveniente<\/p>\n<p class=\"font-weight-bold mb-2\"><strong>Contro<\/strong>:\u00a0Non sono disponibili molti rapporti necessari Pagamento per la personalizzazione dei moduli richiesti<\/p>\n<p class=\"font-weight-bold mb-2\"><strong>Joseph S.&#8221;Software di facile comprensione&#8221;<\/strong><\/p>\n<p class=\"font-weight-bold mb-2\"><strong>Pro<\/strong>:\u00a0Devero ha un bel flusso di lavoro facile da capire. \u00c8 facile tracciare un grafico selezionando il tipo di visita dalla schermata iniziale, compilare le note sulla visita e inviarlo per il QA.<\/p>\n<p class=\"font-weight-bold mb-2\"><strong>Contro<\/strong>:\u00a0Devero \u00e8 difficile da usare su un cellulare, il che \u00e8 un problema dato che i nostri dipendenti sono sul campo. \u00c8 anche meno integrato con il suo sistema di fatturazione complementare di quanto preferirei. La sincronizzazione a 2 vie sarebbe una funzionalit\u00e0 gradita o un modo per verificare che le voci esistano in entrambi i sistemi.<\/p>\n","protected":false},"excerpt":{"rendered":"<p>Netsmart myUnity (ex DeVero) \u00e8 un sistema di gestione delle cartelle cliniche elettroniche basata su cloud flessibile, scalabile e sicura da cui amministrare la propria documentazione clinica. Il programma\u00a0mira a migliorare le operazioni di salute domestica e ospedaliera offrendo agli utenti gli strumenti per gestire, inviare e ricevere documenti elettronicamente e caricare facilmente file, immagini e video di supporto.\u00a0<\/p>\n","protected":false},"author":16,"featured_media":55158,"parent":55061,"menu_order":0,"comment_status":"open","ping_status":"closed","template":"g1_template_page_review_new.php","meta":{"_acf_changed":false,"cwp_meta_box_check":"No","cwp_rev_product_name":"","cwp_rev_product_image":"","wppr_links":[],"cwp_rev_price":"","wppr_options":[],"wppr_pros":[],"wppr_cons":[],"_monsterinsights_skip_tracking":false,"_monsterinsights_sitenote_active":false,"_monsterinsights_sitenote_note":"","_monsterinsights_sitenote_category":0,"footnotes":""},"categories":[12271],"tags":[12274,12291,12290,12275,12276,12273,12277],"features":[],"class_list":{"0":"post-55156","1":"page","2":"type-page","3":"status-publish","4":"has-post-thumbnail","6":"category-software-assistenza-domiciliare-categoria","7":"tag-assistenza-domiciliare","8":"tag-cartelle-cliniche","9":"tag-netsmart-myunity","10":"tag-piattaforma-assistenza-domiciliare","11":"tag-programma-assistenza-domiciliare","12":"tag-software-assistenza-domiciliare","13":"tag-soluzione-assistenza-domiciliare"},"wppr_data":{"cwp_meta_box_check":"No"},"acf":[],"yoast_head":"<!-- This site is optimized with the Yoast SEO plugin v27.4 - https:\/\/yoast.com\/product\/yoast-seo-wordpress\/ -->\n<title>Netsmart myUnity: recensione software assistenza domiciliare<\/title>\n<meta name=\"description\" content=\"Netsmart myUnity: recensione sistema di gestione delle cartelle cliniche elettroniche basata su cloud flessibile, scalabile e sicura.\" \/>\n<meta name=\"robots\" content=\"index, follow, max-snippet:-1, max-image-preview:large, max-video-preview:-1\" \/>\n<link rel=\"canonical\" href=\"https:\/\/www.accuratereviews.com\/it\/software-assistenza-domiciliare\/netsmart-myunity-recensione\/\" \/>\n<meta property=\"og:locale\" content=\"it_IT\" \/>\n<meta property=\"og:type\" content=\"article\" \/>\n<meta property=\"og:title\" content=\"Netsmart myUnity: recensione software assistenza domiciliare\" \/>\n<meta property=\"og:description\" content=\"Netsmart myUnity: recensione sistema di gestione delle cartelle cliniche elettroniche basata su cloud flessibile, scalabile e sicura.\" \/>\n<meta property=\"og:url\" content=\"https:\/\/www.accuratereviews.com\/it\/software-assistenza-domiciliare\/netsmart-myunity-recensione\/\" \/>\n<meta property=\"og:site_name\" content=\"Accurate Reviews\" \/>\n<meta property=\"og:image\" content=\"https:\/\/www.accuratereviews.com\/wp-content\/uploads\/2022\/03\/Netsmart-myUnity.png\" \/>\n\t<meta property=\"og:image:width\" content=\"280\" \/>\n\t<meta property=\"og:image:height\" content=\"280\" \/>\n\t<meta property=\"og:image:type\" content=\"image\/png\" \/>\n<meta name=\"twitter:card\" content=\"summary_large_image\" \/>\n<meta name=\"twitter:label1\" content=\"Tempo di lettura stimato\" \/>\n\t<meta name=\"twitter:data1\" content=\"4 minuti\" \/>\n<script type=\"application\/ld+json\" class=\"yoast-schema-graph\">{\"@context\":\"https:\\\/\\\/schema.org\",\"@graph\":[{\"@type\":\"WebPage\",\"@id\":\"https:\\\/\\\/www.accuratereviews.com\\\/it\\\/software-assistenza-domiciliare\\\/netsmart-myunity-recensione\\\/\",\"url\":\"https:\\\/\\\/www.accuratereviews.com\\\/it\\\/software-assistenza-domiciliare\\\/netsmart-myunity-recensione\\\/\",\"name\":\"Netsmart myUnity: recensione software assistenza domiciliare\",\"isPartOf\":{\"@id\":\"https:\\\/\\\/www.accuratereviews.com\\\/it\\\/#website\"},\"primaryImageOfPage\":{\"@id\":\"https:\\\/\\\/www.accuratereviews.com\\\/it\\\/software-assistenza-domiciliare\\\/netsmart-myunity-recensione\\\/#primaryimage\"},\"image\":{\"@id\":\"https:\\\/\\\/www.accuratereviews.com\\\/it\\\/software-assistenza-domiciliare\\\/netsmart-myunity-recensione\\\/#primaryimage\"},\"thumbnailUrl\":\"https:\\\/\\\/www.accuratereviews.com\\\/wp-content\\\/uploads\\\/2022\\\/03\\\/Netsmart-myUnity.png\",\"datePublished\":\"2022-03-22T11:35:30+00:00\",\"description\":\"Netsmart myUnity: recensione sistema di gestione delle cartelle cliniche elettroniche basata su cloud flessibile, scalabile e sicura.\",\"breadcrumb\":{\"@id\":\"https:\\\/\\\/www.accuratereviews.com\\\/it\\\/software-assistenza-domiciliare\\\/netsmart-myunity-recensione\\\/#breadcrumb\"},\"inLanguage\":\"it-IT\",\"potentialAction\":[{\"@type\":\"ReadAction\",\"target\":[\"https:\\\/\\\/www.accuratereviews.com\\\/it\\\/software-assistenza-domiciliare\\\/netsmart-myunity-recensione\\\/\"]}]},{\"@type\":\"ImageObject\",\"inLanguage\":\"it-IT\",\"@id\":\"https:\\\/\\\/www.accuratereviews.com\\\/it\\\/software-assistenza-domiciliare\\\/netsmart-myunity-recensione\\\/#primaryimage\",\"url\":\"https:\\\/\\\/www.accuratereviews.com\\\/wp-content\\\/uploads\\\/2022\\\/03\\\/Netsmart-myUnity.png\",\"contentUrl\":\"https:\\\/\\\/www.accuratereviews.com\\\/wp-content\\\/uploads\\\/2022\\\/03\\\/Netsmart-myUnity.png\",\"width\":280,\"height\":280},{\"@type\":\"BreadcrumbList\",\"@id\":\"https:\\\/\\\/www.accuratereviews.com\\\/it\\\/software-assistenza-domiciliare\\\/netsmart-myunity-recensione\\\/#breadcrumb\",\"itemListElement\":[{\"@type\":\"ListItem\",\"position\":1,\"name\":\"Home\",\"item\":\"https:\\\/\\\/www.accuratereviews.com\\\/it\\\/\"},{\"@type\":\"ListItem\",\"position\":2,\"name\":\"Software assistenza domiciliare\",\"item\":\"https:\\\/\\\/www.accuratereviews.com\\\/it\\\/software-assistenza-domiciliare\\\/\"},{\"@type\":\"ListItem\",\"position\":3,\"name\":\"Netsmart myUnity\"}]},{\"@type\":\"WebSite\",\"@id\":\"https:\\\/\\\/www.accuratereviews.com\\\/it\\\/#website\",\"url\":\"https:\\\/\\\/www.accuratereviews.com\\\/it\\\/\",\"name\":\"Accurate Reviews\",\"description\":\"\",\"potentialAction\":[{\"@type\":\"SearchAction\",\"target\":{\"@type\":\"EntryPoint\",\"urlTemplate\":\"https:\\\/\\\/www.accuratereviews.com\\\/it\\\/?s={search_term_string}\"},\"query-input\":{\"@type\":\"PropertyValueSpecification\",\"valueRequired\":true,\"valueName\":\"search_term_string\"}}],\"inLanguage\":\"it-IT\"}]}<\/script>\n<!-- \/ Yoast SEO plugin. -->","yoast_head_json":{"title":"Netsmart myUnity: recensione software assistenza domiciliare","description":"Netsmart myUnity: recensione sistema di gestione delle cartelle cliniche elettroniche basata su cloud flessibile, scalabile e sicura.","robots":{"index":"index","follow":"follow","max-snippet":"max-snippet:-1","max-image-preview":"max-image-preview:large","max-video-preview":"max-video-preview:-1"},"canonical":"https:\/\/www.accuratereviews.com\/it\/software-assistenza-domiciliare\/netsmart-myunity-recensione\/","og_locale":"it_IT","og_type":"article","og_title":"Netsmart myUnity: recensione software assistenza domiciliare","og_description":"Netsmart myUnity: recensione sistema di gestione delle cartelle cliniche elettroniche basata su cloud flessibile, scalabile e sicura.","og_url":"https:\/\/www.accuratereviews.com\/it\/software-assistenza-domiciliare\/netsmart-myunity-recensione\/","og_site_name":"Accurate Reviews","og_image":[{"width":280,"height":280,"url":"https:\/\/www.accuratereviews.com\/wp-content\/uploads\/2022\/03\/Netsmart-myUnity.png","type":"image\/png"}],"twitter_card":"summary_large_image","twitter_misc":{"Tempo di lettura stimato":"4 minuti"},"schema":{"@context":"https:\/\/schema.org","@graph":[{"@type":"WebPage","@id":"https:\/\/www.accuratereviews.com\/it\/software-assistenza-domiciliare\/netsmart-myunity-recensione\/","url":"https:\/\/www.accuratereviews.com\/it\/software-assistenza-domiciliare\/netsmart-myunity-recensione\/","name":"Netsmart myUnity: recensione software assistenza domiciliare","isPartOf":{"@id":"https:\/\/www.accuratereviews.com\/it\/#website"},"primaryImageOfPage":{"@id":"https:\/\/www.accuratereviews.com\/it\/software-assistenza-domiciliare\/netsmart-myunity-recensione\/#primaryimage"},"image":{"@id":"https:\/\/www.accuratereviews.com\/it\/software-assistenza-domiciliare\/netsmart-myunity-recensione\/#primaryimage"},"thumbnailUrl":"https:\/\/www.accuratereviews.com\/wp-content\/uploads\/2022\/03\/Netsmart-myUnity.png","datePublished":"2022-03-22T11:35:30+00:00","description":"Netsmart myUnity: recensione sistema di gestione delle cartelle cliniche elettroniche basata su cloud flessibile, scalabile e sicura.","breadcrumb":{"@id":"https:\/\/www.accuratereviews.com\/it\/software-assistenza-domiciliare\/netsmart-myunity-recensione\/#breadcrumb"},"inLanguage":"it-IT","potentialAction":[{"@type":"ReadAction","target":["https:\/\/www.accuratereviews.com\/it\/software-assistenza-domiciliare\/netsmart-myunity-recensione\/"]}]},{"@type":"ImageObject","inLanguage":"it-IT","@id":"https:\/\/www.accuratereviews.com\/it\/software-assistenza-domiciliare\/netsmart-myunity-recensione\/#primaryimage","url":"https:\/\/www.accuratereviews.com\/wp-content\/uploads\/2022\/03\/Netsmart-myUnity.png","contentUrl":"https:\/\/www.accuratereviews.com\/wp-content\/uploads\/2022\/03\/Netsmart-myUnity.png","width":280,"height":280},{"@type":"BreadcrumbList","@id":"https:\/\/www.accuratereviews.com\/it\/software-assistenza-domiciliare\/netsmart-myunity-recensione\/#breadcrumb","itemListElement":[{"@type":"ListItem","position":1,"name":"Home","item":"https:\/\/www.accuratereviews.com\/it\/"},{"@type":"ListItem","position":2,"name":"Software assistenza domiciliare","item":"https:\/\/www.accuratereviews.com\/it\/software-assistenza-domiciliare\/"},{"@type":"ListItem","position":3,"name":"Netsmart myUnity"}]},{"@type":"WebSite","@id":"https:\/\/www.accuratereviews.com\/it\/#website","url":"https:\/\/www.accuratereviews.com\/it\/","name":"Accurate Reviews","description":"","potentialAction":[{"@type":"SearchAction","target":{"@type":"EntryPoint","urlTemplate":"https:\/\/www.accuratereviews.com\/it\/?s={search_term_string}"},"query-input":{"@type":"PropertyValueSpecification","valueRequired":true,"valueName":"search_term_string"}}],"inLanguage":"it-IT"}]}},"_links":{"self":[{"href":"https:\/\/www.accuratereviews.com\/it\/wp-json\/wp\/v2\/pages\/55156","targetHints":{"allow":["GET"]}}],"collection":[{"href":"https:\/\/www.accuratereviews.com\/it\/wp-json\/wp\/v2\/pages"}],"about":[{"href":"https:\/\/www.accuratereviews.com\/it\/wp-json\/wp\/v2\/types\/page"}],"author":[{"embeddable":true,"href":"https:\/\/www.accuratereviews.com\/it\/wp-json\/wp\/v2\/users\/16"}],"replies":[{"embeddable":true,"href":"https:\/\/www.accuratereviews.com\/it\/wp-json\/wp\/v2\/comments?post=55156"}],"version-history":[{"count":11,"href":"https:\/\/www.accuratereviews.com\/it\/wp-json\/wp\/v2\/pages\/55156\/revisions"}],"predecessor-version":[{"id":55189,"href":"https:\/\/www.accuratereviews.com\/it\/wp-json\/wp\/v2\/pages\/55156\/revisions\/55189"}],"up":[{"embeddable":true,"href":"https:\/\/www.accuratereviews.com\/it\/wp-json\/wp\/v2\/pages\/55061"}],"wp:featuredmedia":[{"embeddable":true,"href":"https:\/\/www.accuratereviews.com\/it\/wp-json\/wp\/v2\/media\/55158"}],"wp:attachment":[{"href":"https:\/\/www.accuratereviews.com\/it\/wp-json\/wp\/v2\/media?parent=55156"}],"wp:term":[{"taxonomy":"category","embeddable":true,"href":"https:\/\/www.accuratereviews.com\/it\/wp-json\/wp\/v2\/categories?post=55156"},{"taxonomy":"post_tag","embeddable":true,"href":"https:\/\/www.accuratereviews.com\/it\/wp-json\/wp\/v2\/tags?post=55156"},{"taxonomy":"features","embeddable":true,"href":"https:\/\/www.accuratereviews.com\/it\/wp-json\/wp\/v2\/features?post=55156"}],"curies":[{"name":"wp","href":"https:\/\/api.w.org\/{rel}","templated":true}]}}