{"id":55205,"date":"2022-03-23T12:17:18","date_gmt":"2022-03-23T12:17:18","guid":{"rendered":"https:\/\/www.accuratereviews.com\/?page_id=55205"},"modified":"2022-03-23T12:17:18","modified_gmt":"2022-03-23T12:17:18","slug":"alayacare-recensione","status":"publish","type":"page","link":"https:\/\/www.accuratereviews.com\/it\/software-assistenza-domiciliare\/alayacare-recensione\/","title":{"rendered":"AlayaCare"},"content":{"rendered":"<p><strong>AlayaCare<\/strong> \u00e8 una<strong> piattaforma di assistenza domiciliare<\/strong> end-to-end incentrata sui risultati per agenzie e fornitori di assistenza di livello medio e aziendale. Le caratteristiche includono documentazione clinica, funzionalit\u00e0 di back office, monitoraggio remoto del paziente, portali per clienti e famiglie e funzionalit\u00e0 per operatori sanitari mobili. Il software offre un mix di visite faccia a faccia e soluzioni di telemedicina in tempo reale con operazioni semplificate del personale sul campo che possono aiutare ad aumentare l&#8217;efficienza, migliorare le comunicazioni e, in definitiva, migliorare i risultati dei pazienti. La piattaforma offre una soluzione di documentazione clinica completamente integrata con moduli e flussi di lavoro configurabili e un&#8217;integrazione sicura di EHR\/EMR di terze parti. La suite di back office di <strong>AlayaCare<\/strong> include una pianificazione strategica e ottimizzata che aiuta le organizzazioni ad allineare le priorit\u00e0 operative con le visite e gli orari dei clienti del personale. Le funzionalit\u00e0 di ottimizzazione della pianificazione aiutano a riunire il team giusto, con il giusto modello di fatturazione, al momento giusto.<\/p>\n<h2>ALAYACARE &#8211; TUTORIAL<\/h2>\n<p>Scopri come utilizzare lo strumento di entrata e uscita in blocco di questa <strong>soluzione per assistenza domiciliare<\/strong> per accelerare e migliorare i tuoi sforzi di monitoraggio delle presenze:<\/p>\n<div id=\"fluid-wrapper-counter-1\" class=\"g1-fluid-wrapper \" style=\"width:686px;\">\n<div style=\"padding-bottom:56.268221574344%;\"><iframe loading=\"lazy\" title=\"Facility bulk clock in\/out - Expedite your attendance tracking efforts\" width=\"686\" height=\"386\" src=\"https:\/\/www.youtube.com\/embed\/qvoZ-xX8KV4?feature=oembed&amp;wmode=transparent&amp;autohide=1&amp;autoplay=0&amp;disablekb=0&amp;fs=1&amp;loop=0&amp;enablejsapi=1&amp;rel=0&amp;controls=2&amp;showinfo=0&amp;wmode=transparent&amp;autohide=2&amp;autoplay=0&amp;disablekb=0&amp;fs=1&amp;loop=0&amp;enablejsapi=1&amp;rel=0&amp;controls=2&amp;showinfo=1\" frameborder=\"0\" allow=\"accelerometer; autoplay; clipboard-write; encrypted-media; gyroscope; picture-in-picture\" allowfullscreen><\/iframe><\/div>\n<\/div>\n<h3>ALAYACARE &#8211; CARATTERISTICHE<\/h3>\n<ul>\n<li>Converti o crea qualsiasi modulo o rapporto in un formato digitale che consente agli operatori sanitari di creare grafici e documenti presso il punto di cura da qualsiasi dispositivo<\/li>\n<li>Sfrutta le funzionalit\u00e0 rich media come immagini, firme e disegni<\/li>\n<li>Configura i tuoi piani di assistenza in base ai flussi di lavoro correnti della tua agenzia<\/li>\n<li>Mantieni registri dettagliati delle modifiche degli utenti e note cliniche con controlli di versione e routing<\/li>\n<li>Documenta le informazioni cliniche da un&#8217;applicazione mobile nativa o da un portale web progettato in modo reattivo da qualsiasi dispositivo<\/li>\n<li>Instrada automaticamente i moduli al personale assegnato per servizi o visite specifiche a seconda della fase di cura<\/li>\n<li>Riduci i ritardi con il caricamento, la documentazione e la creazione di grafici in tempo reale<\/li>\n<li>Tieni traccia dei progressi con visibilit\u00e0 sugli invii di moduli precedenti e sulla cronologia dei rapporti<\/li>\n<li>Estrai semplicemente gli invii dei moduli per l&#8217;analisi dei dati e la creazione di report nell&#8217;intera agenzia<\/li>\n<li>Obiettivi integrati del paziente<\/li>\n<li>Completare l&#8217;audit trail dello stato di avanzamento del piano di assistenza<\/li>\n<li>Conforme a HIPAA e PHIPA<\/li>\n<li>Archiviazione sicura basata su cloud<\/li>\n<li>Architettura multi-tenant rafforzata con ridondanza e vari strumenti di monitoraggio per garantire un tempo di attivit\u00e0 del 99,5%<\/li>\n<li>Robuste funzionalit\u00e0 di pianificazione e calendario<\/li>\n<li>Programmazione e monitoraggio delle visite in tempo reale<\/li>\n<li>Aggiornamenti e avvisi automatici della pianificazione<\/li>\n<li>Comunicazione e collaborazione migliorate<\/li>\n<li>Programmazione complessa semplificata<\/li>\n<li>Esportazioni di contabilit\u00e0 e buste paga preconfigurate<\/li>\n<li>Premi complessi semplificati<\/li>\n<li>Flusso di lavoro di chiusura completo<\/li>\n<li>Fatturazione senza interruzioni<\/li>\n<li>Punteggio di rischio dinamico e avvisi di soglia<\/li>\n<li>Algoritmi di salute domestica sintonizzati<\/li>\n<li>Routing ottimizzato per ridurre la distanza e i costi di viaggio<\/li>\n<li>Abbinamento dipendente-cliente per pianificazione e coordinamento ottimizzati<\/li>\n<li>Cattura e misura gli elementi chiave dei dati<\/li>\n<li>Migliora i processi e le prestazioni aziendali<\/li>\n<li>Prendi decisioni informate<\/li>\n<li>Crea dashboard personalizzate<\/li>\n<li>Fornisci esperienze personalizzate ai clienti<\/li>\n<li>Realizza metriche basate su prove e risultati<\/li>\n<\/ul>\n<h4>LE RECENSIONI DEGLI UTENTI<\/h4>\n<p class=\"font-weight-bold mb-2\"><strong>Kristin G.&#8221;Il miglior software per\u00a0HomeCare&#8221;<\/strong><\/p>\n<p><span class=\"font-weight-bold\"><strong>Commenti<\/strong>: <\/span>La nostra azienda ha aumentato i tempi di fatturazione tramite questo sistema. Abbiamo anche reso felice il nostro personale sul campo rendendo tutto in tempo reale (incluso assicurandoci che vengano pagati in tempo una volta inviati i documenti).<\/p>\n<p class=\"font-weight-bold mb-2\"><strong>Pro<\/strong>:\u00a0La facilit\u00e0 di utilizzo da parte del personale interno ed esterno \u00e8 sorprendente. Cercano costantemente di migliorare il software per renderlo ancora migliore (se possibile).<\/p>\n<p class=\"font-weight-bold mb-2\"><strong>Contro<\/strong>:\u00a0L&#8217;esplorazione dei dati \u00e8 stata all&#8217;inizio macchinosa in quanto ha molto da offrire. Detto questo, una volta acquisita familiarit\u00e0 con esso, in realt\u00e0 non \u00e8 cos\u00ec difficile come inizialmente previsto.<\/p>\n<p class=\"font-weight-bold mb-2\"><strong>Pennie L.&#8221;Ottimo strumento per le agenzie HomeCare&#8221;<\/strong><\/p>\n<p><span class=\"font-weight-bold\"><strong>Commenti<\/strong>: <\/span>Posso parlare solo per quanto riguarda il funzionamento quotidiano del sistema, non ho avuto a che fare con il lato commerciale di questo o acquisti per esso. Questo \u00e8 gestito dal senior management team.<\/p>\n<p class=\"font-weight-bold mb-2\"><strong>Pro<\/strong>:\u00a0Programmazione, tracciamento delle informazioni sui clienti, tracciamento dei dati e delle competenze del personale, capacit\u00e0 di imputare tutti i dati di cui abbiamo bisogno sia per il cliente che per il personale. Facilit\u00e0 di utilizzo e navigazione.<\/p>\n<p class=\"font-weight-bold mb-2\"><strong>Contro<\/strong>:\u00a0C&#8217;\u00e8 un ritardo nell&#8217;inserimento di determinate abilit\u00e0 prima che tu possa visualizzarle sui pull dei dati di sistema. IE Immettendo competenze come le dosi di vaccino Covid19, c&#8217;\u00e8 un ritardo di 3 ore, quindi quando \u00e8 necessario estrarre quei dati per i rapporti all&#8217;alta dirigenza o al consiglio di amministrazione dell&#8217;RHA, non siamo sempre accurati in quei dati.<\/p>\n<p class=\"font-weight-bold mb-2\"><strong>Tianah M.&#8221;Sistema facile da usare che ha migliorato il flusso di lavoro della nostra azienda&#8221;<\/strong><\/p>\n<p><span class=\"font-weight-bold\"><strong>Commenti<\/strong>: <\/span>L&#8217;esperienza complessiva \u00e8 stata fantastica. Il processo di configurazione \u00e8 stato senza soluzione di continuit\u00e0. I nostri membri del personale sono stati soddisfatti della facilit\u00e0 di trasferimento dei sistemi.<\/p>\n<p class=\"font-weight-bold mb-2\"><strong>Pro<\/strong>:\u00a0&#8211; Il software ha molte funzioni: pianificazione, grafici, buste paga, risorse umane \/ controllo dei documenti, tracciamento chilometrico, ecc. integrate in una. &#8211; \u00c8 possibile impostare programmi in corso con i membri del personale primario e secondario. &#8211; Estrazione \/ reporting dei dati. &#8211; Livello di supporto tecnico ogni volta che abbiamo problemi o domande.<\/p>\n<p class=\"font-weight-bold mb-2\"><strong>Contro<\/strong>:\u00a0&#8211; Comunicazione di messaggi con i membri del personale. Al momento, dobbiamo utilizzare pi\u00f9 piattaforme per soddisfare questa esigenza.<\/p>\n","protected":false},"excerpt":{"rendered":"<p>AlayaCare \u00e8 una piattaforma di assistenza domiciliare end-to-end incentrata sui risultati per agenzie e fornitori di assistenza domiciliare di livello medio e aziendale. Le caratteristiche includono documentazione clinica, funzionalit\u00e0 di back office, monitoraggio remoto del paziente, portali per clienti e famiglie e funzionalit\u00e0 per operatori sanitari mobili.<\/p>\n","protected":false},"author":16,"featured_media":55207,"parent":55061,"menu_order":0,"comment_status":"open","ping_status":"closed","template":"g1_template_page_review_new.php","meta":{"_acf_changed":false,"cwp_meta_box_check":"No","cwp_rev_product_name":"","cwp_rev_product_image":"","wppr_links":[],"cwp_rev_price":"","wppr_options":[],"wppr_pros":[],"wppr_cons":[],"_monsterinsights_skip_tracking":false,"_monsterinsights_sitenote_active":false,"_monsterinsights_sitenote_note":"","_monsterinsights_sitenote_category":0,"footnotes":""},"categories":[12271],"tags":[12294,12274,12275,12276,12273,12277],"features":[],"class_list":{"0":"post-55205","1":"page","2":"type-page","3":"status-publish","4":"has-post-thumbnail","6":"category-software-assistenza-domiciliare-categoria","7":"tag-alayacare","8":"tag-assistenza-domiciliare","9":"tag-piattaforma-assistenza-domiciliare","10":"tag-programma-assistenza-domiciliare","11":"tag-software-assistenza-domiciliare","12":"tag-soluzione-assistenza-domiciliare"},"wppr_data":{"cwp_meta_box_check":"No"},"acf":[],"yoast_head":"<!-- This site is optimized with the Yoast SEO plugin v27.4 - https:\/\/yoast.com\/product\/yoast-seo-wordpress\/ -->\n<title>AlayaCare: recensione software assistenza domiciliare - Accurate Reviews<\/title>\n<meta name=\"description\" content=\"AlayaCare: recensione piattaforma di assistenza domiciliare incentrata sui risultati per agenzie e fornitori di livello medio e aziendale.\" \/>\n<meta name=\"robots\" content=\"index, follow, max-snippet:-1, max-image-preview:large, max-video-preview:-1\" \/>\n<link rel=\"canonical\" href=\"https:\/\/www.accuratereviews.com\/it\/software-assistenza-domiciliare\/alayacare-recensione\/\" \/>\n<meta property=\"og:locale\" content=\"it_IT\" \/>\n<meta property=\"og:type\" content=\"article\" \/>\n<meta property=\"og:title\" content=\"AlayaCare: recensione software assistenza domiciliare - Accurate Reviews\" \/>\n<meta property=\"og:description\" content=\"AlayaCare: recensione piattaforma di assistenza domiciliare incentrata sui risultati per agenzie e fornitori di livello medio e aziendale.\" \/>\n<meta property=\"og:url\" content=\"https:\/\/www.accuratereviews.com\/it\/software-assistenza-domiciliare\/alayacare-recensione\/\" \/>\n<meta property=\"og:site_name\" content=\"Accurate Reviews\" \/>\n<meta property=\"og:image\" content=\"https:\/\/www.accuratereviews.com\/wp-content\/uploads\/2022\/03\/AlayaCare.jpeg\" \/>\n\t<meta property=\"og:image:width\" content=\"225\" \/>\n\t<meta property=\"og:image:height\" content=\"225\" \/>\n\t<meta property=\"og:image:type\" content=\"image\/jpeg\" \/>\n<meta name=\"twitter:card\" content=\"summary_large_image\" \/>\n<meta name=\"twitter:label1\" content=\"Tempo di lettura stimato\" \/>\n\t<meta name=\"twitter:data1\" content=\"5 minuti\" \/>\n<script type=\"application\/ld+json\" class=\"yoast-schema-graph\">{\"@context\":\"https:\\\/\\\/schema.org\",\"@graph\":[{\"@type\":\"WebPage\",\"@id\":\"https:\\\/\\\/www.accuratereviews.com\\\/it\\\/software-assistenza-domiciliare\\\/alayacare-recensione\\\/\",\"url\":\"https:\\\/\\\/www.accuratereviews.com\\\/it\\\/software-assistenza-domiciliare\\\/alayacare-recensione\\\/\",\"name\":\"AlayaCare: recensione software assistenza domiciliare - Accurate Reviews\",\"isPartOf\":{\"@id\":\"https:\\\/\\\/www.accuratereviews.com\\\/it\\\/#website\"},\"primaryImageOfPage\":{\"@id\":\"https:\\\/\\\/www.accuratereviews.com\\\/it\\\/software-assistenza-domiciliare\\\/alayacare-recensione\\\/#primaryimage\"},\"image\":{\"@id\":\"https:\\\/\\\/www.accuratereviews.com\\\/it\\\/software-assistenza-domiciliare\\\/alayacare-recensione\\\/#primaryimage\"},\"thumbnailUrl\":\"https:\\\/\\\/www.accuratereviews.com\\\/wp-content\\\/uploads\\\/2022\\\/03\\\/AlayaCare.jpeg\",\"datePublished\":\"2022-03-23T12:17:18+00:00\",\"description\":\"AlayaCare: recensione piattaforma di assistenza domiciliare incentrata sui risultati per agenzie e fornitori di livello medio e aziendale.\",\"breadcrumb\":{\"@id\":\"https:\\\/\\\/www.accuratereviews.com\\\/it\\\/software-assistenza-domiciliare\\\/alayacare-recensione\\\/#breadcrumb\"},\"inLanguage\":\"it-IT\",\"potentialAction\":[{\"@type\":\"ReadAction\",\"target\":[\"https:\\\/\\\/www.accuratereviews.com\\\/it\\\/software-assistenza-domiciliare\\\/alayacare-recensione\\\/\"]}]},{\"@type\":\"ImageObject\",\"inLanguage\":\"it-IT\",\"@id\":\"https:\\\/\\\/www.accuratereviews.com\\\/it\\\/software-assistenza-domiciliare\\\/alayacare-recensione\\\/#primaryimage\",\"url\":\"https:\\\/\\\/www.accuratereviews.com\\\/wp-content\\\/uploads\\\/2022\\\/03\\\/AlayaCare.jpeg\",\"contentUrl\":\"https:\\\/\\\/www.accuratereviews.com\\\/wp-content\\\/uploads\\\/2022\\\/03\\\/AlayaCare.jpeg\",\"width\":225,\"height\":225},{\"@type\":\"BreadcrumbList\",\"@id\":\"https:\\\/\\\/www.accuratereviews.com\\\/it\\\/software-assistenza-domiciliare\\\/alayacare-recensione\\\/#breadcrumb\",\"itemListElement\":[{\"@type\":\"ListItem\",\"position\":1,\"name\":\"Home\",\"item\":\"https:\\\/\\\/www.accuratereviews.com\\\/it\\\/\"},{\"@type\":\"ListItem\",\"position\":2,\"name\":\"Software assistenza domiciliare\",\"item\":\"https:\\\/\\\/www.accuratereviews.com\\\/it\\\/software-assistenza-domiciliare\\\/\"},{\"@type\":\"ListItem\",\"position\":3,\"name\":\"AlayaCare\"}]},{\"@type\":\"WebSite\",\"@id\":\"https:\\\/\\\/www.accuratereviews.com\\\/it\\\/#website\",\"url\":\"https:\\\/\\\/www.accuratereviews.com\\\/it\\\/\",\"name\":\"Accurate Reviews\",\"description\":\"\",\"potentialAction\":[{\"@type\":\"SearchAction\",\"target\":{\"@type\":\"EntryPoint\",\"urlTemplate\":\"https:\\\/\\\/www.accuratereviews.com\\\/it\\\/?s={search_term_string}\"},\"query-input\":{\"@type\":\"PropertyValueSpecification\",\"valueRequired\":true,\"valueName\":\"search_term_string\"}}],\"inLanguage\":\"it-IT\"}]}<\/script>\n<!-- \/ Yoast SEO plugin. -->","yoast_head_json":{"title":"AlayaCare: recensione software assistenza domiciliare - Accurate Reviews","description":"AlayaCare: recensione piattaforma di assistenza domiciliare incentrata sui risultati per agenzie e fornitori di livello medio e aziendale.","robots":{"index":"index","follow":"follow","max-snippet":"max-snippet:-1","max-image-preview":"max-image-preview:large","max-video-preview":"max-video-preview:-1"},"canonical":"https:\/\/www.accuratereviews.com\/it\/software-assistenza-domiciliare\/alayacare-recensione\/","og_locale":"it_IT","og_type":"article","og_title":"AlayaCare: recensione software assistenza domiciliare - Accurate Reviews","og_description":"AlayaCare: recensione piattaforma di assistenza domiciliare incentrata sui risultati per agenzie e fornitori di livello medio e aziendale.","og_url":"https:\/\/www.accuratereviews.com\/it\/software-assistenza-domiciliare\/alayacare-recensione\/","og_site_name":"Accurate Reviews","og_image":[{"width":225,"height":225,"url":"https:\/\/www.accuratereviews.com\/wp-content\/uploads\/2022\/03\/AlayaCare.jpeg","type":"image\/jpeg"}],"twitter_card":"summary_large_image","twitter_misc":{"Tempo di lettura stimato":"5 minuti"},"schema":{"@context":"https:\/\/schema.org","@graph":[{"@type":"WebPage","@id":"https:\/\/www.accuratereviews.com\/it\/software-assistenza-domiciliare\/alayacare-recensione\/","url":"https:\/\/www.accuratereviews.com\/it\/software-assistenza-domiciliare\/alayacare-recensione\/","name":"AlayaCare: recensione software assistenza domiciliare - Accurate Reviews","isPartOf":{"@id":"https:\/\/www.accuratereviews.com\/it\/#website"},"primaryImageOfPage":{"@id":"https:\/\/www.accuratereviews.com\/it\/software-assistenza-domiciliare\/alayacare-recensione\/#primaryimage"},"image":{"@id":"https:\/\/www.accuratereviews.com\/it\/software-assistenza-domiciliare\/alayacare-recensione\/#primaryimage"},"thumbnailUrl":"https:\/\/www.accuratereviews.com\/wp-content\/uploads\/2022\/03\/AlayaCare.jpeg","datePublished":"2022-03-23T12:17:18+00:00","description":"AlayaCare: recensione piattaforma di assistenza domiciliare incentrata sui risultati per agenzie e fornitori di livello medio e aziendale.","breadcrumb":{"@id":"https:\/\/www.accuratereviews.com\/it\/software-assistenza-domiciliare\/alayacare-recensione\/#breadcrumb"},"inLanguage":"it-IT","potentialAction":[{"@type":"ReadAction","target":["https:\/\/www.accuratereviews.com\/it\/software-assistenza-domiciliare\/alayacare-recensione\/"]}]},{"@type":"ImageObject","inLanguage":"it-IT","@id":"https:\/\/www.accuratereviews.com\/it\/software-assistenza-domiciliare\/alayacare-recensione\/#primaryimage","url":"https:\/\/www.accuratereviews.com\/wp-content\/uploads\/2022\/03\/AlayaCare.jpeg","contentUrl":"https:\/\/www.accuratereviews.com\/wp-content\/uploads\/2022\/03\/AlayaCare.jpeg","width":225,"height":225},{"@type":"BreadcrumbList","@id":"https:\/\/www.accuratereviews.com\/it\/software-assistenza-domiciliare\/alayacare-recensione\/#breadcrumb","itemListElement":[{"@type":"ListItem","position":1,"name":"Home","item":"https:\/\/www.accuratereviews.com\/it\/"},{"@type":"ListItem","position":2,"name":"Software assistenza domiciliare","item":"https:\/\/www.accuratereviews.com\/it\/software-assistenza-domiciliare\/"},{"@type":"ListItem","position":3,"name":"AlayaCare"}]},{"@type":"WebSite","@id":"https:\/\/www.accuratereviews.com\/it\/#website","url":"https:\/\/www.accuratereviews.com\/it\/","name":"Accurate Reviews","description":"","potentialAction":[{"@type":"SearchAction","target":{"@type":"EntryPoint","urlTemplate":"https:\/\/www.accuratereviews.com\/it\/?s={search_term_string}"},"query-input":{"@type":"PropertyValueSpecification","valueRequired":true,"valueName":"search_term_string"}}],"inLanguage":"it-IT"}]}},"_links":{"self":[{"href":"https:\/\/www.accuratereviews.com\/it\/wp-json\/wp\/v2\/pages\/55205","targetHints":{"allow":["GET"]}}],"collection":[{"href":"https:\/\/www.accuratereviews.com\/it\/wp-json\/wp\/v2\/pages"}],"about":[{"href":"https:\/\/www.accuratereviews.com\/it\/wp-json\/wp\/v2\/types\/page"}],"author":[{"embeddable":true,"href":"https:\/\/www.accuratereviews.com\/it\/wp-json\/wp\/v2\/users\/16"}],"replies":[{"embeddable":true,"href":"https:\/\/www.accuratereviews.com\/it\/wp-json\/wp\/v2\/comments?post=55205"}],"version-history":[{"count":8,"href":"https:\/\/www.accuratereviews.com\/it\/wp-json\/wp\/v2\/pages\/55205\/revisions"}],"predecessor-version":[{"id":55235,"href":"https:\/\/www.accuratereviews.com\/it\/wp-json\/wp\/v2\/pages\/55205\/revisions\/55235"}],"up":[{"embeddable":true,"href":"https:\/\/www.accuratereviews.com\/it\/wp-json\/wp\/v2\/pages\/55061"}],"wp:featuredmedia":[{"embeddable":true,"href":"https:\/\/www.accuratereviews.com\/it\/wp-json\/wp\/v2\/media\/55207"}],"wp:attachment":[{"href":"https:\/\/www.accuratereviews.com\/it\/wp-json\/wp\/v2\/media?parent=55205"}],"wp:term":[{"taxonomy":"category","embeddable":true,"href":"https:\/\/www.accuratereviews.com\/it\/wp-json\/wp\/v2\/categories?post=55205"},{"taxonomy":"post_tag","embeddable":true,"href":"https:\/\/www.accuratereviews.com\/it\/wp-json\/wp\/v2\/tags?post=55205"},{"taxonomy":"features","embeddable":true,"href":"https:\/\/www.accuratereviews.com\/it\/wp-json\/wp\/v2\/features?post=55205"}],"curies":[{"name":"wp","href":"https:\/\/api.w.org\/{rel}","templated":true}]}}