{"id":55212,"date":"2022-03-23T12:19:12","date_gmt":"2022-03-23T12:19:12","guid":{"rendered":"https:\/\/www.accuratereviews.com\/?page_id=55212"},"modified":"2022-03-23T12:19:12","modified_gmt":"2022-03-23T12:19:12","slug":"rosemark-recensione","status":"publish","type":"page","link":"https:\/\/www.accuratereviews.com\/it\/software-assistenza-domiciliare\/rosemark-recensione\/","title":{"rendered":"Rosemark"},"content":{"rendered":"<p>Il sistema <strong>Rosemark<\/strong> \u00e8 un <strong>software di gestione dell&#8217;assistenza domiciliare<\/strong> basato su <strong>cloud<\/strong> che consente alle aziende del settore \u00a0di organizzare clienti, fatturazione, buste paga, comunicazioni con il personale, conformit\u00e0, sicurezza dei dati e altro ancora. Gli operatori sanitari possono utilizzare la piattaforma per accettare o rifiutare i turni, rivedere gli orari e accedere alle note di assistenza ai clienti in un portale online.\u00a0La soluzione aiuta le agenzie a creare piani di assistenza ai pazienti personalizzati, impostare programmi di lavoro dei dipendenti giornalieri, settimanali e mensili e organizzarli sul calendario con codifica a colori. Gli amministratori possono utilizzare la piattaforma per trasmettere messaggi di testo o vocali in base ai requisiti e garantire la compatibilit\u00e0 tra clienti e operatori sanitari analizzando le competenze, l&#8217;autorizzazione e i dettagli sulla disponibilit\u00e0. Consente ai manager di monitorare le posizioni dei membri del personale tramite il tracciamento GPS, pubblicare offerte di lavoro su bacheche di lavoro o siti web e gestire licenze o certificazioni.<\/p>\n<h2>ROSEMARK &#8211; TUTORIAL<\/h2>\n<p>Accedi e gestisci tutte le tue informazioni aziendali da qualsiasi luogo e in qualsiasi momento con questo software per assistenza domiciliare:<\/p>\n<div id=\"fluid-wrapper-counter-1\" class=\"g1-fluid-wrapper \" style=\"width:686px;\">\n<div style=\"padding-bottom:56.268221574344%;\"><iframe loading=\"lazy\" title=\"Webinar MyQuickCloud and Rosemark\" width=\"515\" height=\"386\" src=\"https:\/\/www.youtube.com\/embed\/2c5tFAMfC-I?feature=oembed&amp;wmode=transparent&amp;autohide=1&amp;autoplay=0&amp;disablekb=0&amp;fs=1&amp;loop=0&amp;enablejsapi=1&amp;rel=0&amp;controls=2&amp;showinfo=0&amp;wmode=transparent&amp;autohide=2&amp;autoplay=0&amp;disablekb=0&amp;fs=1&amp;loop=0&amp;enablejsapi=1&amp;rel=0&amp;controls=2&amp;showinfo=1\" frameborder=\"0\" allow=\"accelerometer; autoplay; clipboard-write; encrypted-media; gyroscope; picture-in-picture\" allowfullscreen><\/iframe><\/div>\n<\/div>\n<p>&nbsp;<\/p>\n<h3>ROSEMARK &#8211; CARATTERISTICHE<\/h3>\n<ul>\n<li>Gestisci e crea report su pi\u00f9 contratti a pagamento<\/li>\n<li>Semplifica i crediti contabili con metodologie di fatturazione elettronica specifiche<\/li>\n<li>Registra e organizza l&#8217;attivit\u00e0 di chiamata da parte di cliente, badante, personale d&#8217;ufficio, fonte di riferimento e altro ancora<\/li>\n<li>Monitora le attivit\u00e0 quotidiane dell&#8217;ufficio, comprese le modifiche alla pianificazione in tempo reale, i corsi di formazione, i colloqui e le questioni relative al personale<\/li>\n<li>Personalizza i rapporti sulle buste paga per tenere traccia di pi\u00f9 tariffe retributive, chilometraggio e spese rimborsabili<\/li>\n<li>Massimizza l&#8217;efficienza operativa, liberando tempo per vendere, commercializzare e reclutare<\/li>\n<li>Pianifica e misura la portata delle vendite, la generazione di lead, le presentazioni commerciali e i rapporti sui ricavi per venditore<\/li>\n<li>Tieni traccia e gestisci i referral per identificare, coltivare e approfondire le relazioni chiave<\/li>\n<li>Acquisisci dati per fornire rapporti dettagliati sui referral per azienda, numero di referral e entrate generate<\/li>\n<li>Imposta modelli e calendari di pianificazione giornalieri, settimanali e mensili con i gli strumenti di pianificazione flessibili per gli operatori sanitari<\/li>\n<li>Prendi decisioni istantanee con i tag di azione con codice colore nella visualizzazione della pianificazione<\/li>\n<li>Visualizza pi\u00f9 scenari di pianificazione dell&#8217;assistenza domiciliare contemporaneamente, con la possibilit\u00e0 di stabilire le priorit\u00e0 e soddisfare le esigenze di assistenza urgente<\/li>\n<li>Lavora su esigenze di pianificazione critiche come una squadra con una pianificazione collaborativa in tempo reale<\/li>\n<li>Registra le attivit\u00e0 e le attivit\u00e0 quotidiane tramite un&#8217;app mobile intuitiva<\/li>\n<\/ul>\n<h4>LE RECENSIONI DEGLI UTENTI<\/h4>\n<p class=\"font-weight-bold mb-2\"><strong>Laura A.&#8221;Prodotto affidabile con un servizio clienti eccezionale&#8221;<\/strong><\/p>\n<p><span class=\"font-weight-bold\"><strong>Commenti<\/strong>: <\/span>Eccezionale, molto soddisfatto.<\/p>\n<p class=\"font-weight-bold mb-2\"><strong>Pro<\/strong>:\u00a0L&#8217;interfaccia intuitiva e la possibilit\u00e0 di configurare le esigenze specifiche della mia agenzia. Il personale \u00e8 eccezionale nel gestire immediatamente qualsiasi domanda. Il miglior prodotto software che ho usato.<\/p>\n<p class=\"font-weight-bold mb-2\"><strong>Contro<\/strong>:\u00a0Nessun svantaggio per la nostra agenzia. Rosemark \u00e8 stato coerente e non sono mai sorti problemi.<\/p>\n<p class=\"font-weight-bold mb-2\"><strong>Daniel S.&#8221;Software di pianificazione su misura per il settore dell&#8217;assistenza domiciliare&#8221;<\/strong><\/p>\n<p><span class=\"font-weight-bold\"><strong>Commenti<\/strong>: <\/span>Rosemark ci sta aiutando a passare al digitale invece di avere moduli cartacei per tutto.<\/p>\n<p class=\"font-weight-bold mb-2\"><strong>Pro<\/strong>:\u00a0Rosemark \u00e8 stata un&#8217;ottima scelta. Abbiamo utilizzato un software pi\u00f9 economico prima di apportare la modifica e ne \u00e8 valsa la pena. Il loro supporto clienti \u00e8 eccellente.<\/p>\n<p class=\"font-weight-bold mb-2\"><strong>Contro<\/strong>:\u00a0Ci sono funzioni che non sono intuitive e richiedono una formazione per essere in grado di essere utilizzate. Ogni volta che assumo un nuovo dipendente in ufficio, ci vuole del tempo prima che diventino utenti di alto livello.<\/p>\n<p class=\"font-weight-bold mb-2\"><strong>Mike D.&#8221;Fantastico prodotto! Buon servizio!&#8221;<\/strong><\/p>\n<p><span class=\"font-weight-bold\"><strong>Commenti<\/strong>: <\/span>L&#8217;esperienza della mia organizzazione con Rosemark \u00e8 stata eccezionale. Sono chiaramente interessati a fornire il miglior servizio del settore.<\/p>\n<p class=\"font-weight-bold mb-2\"><strong>Pro<\/strong>:\u00a0La facilit\u00e0 d&#8217;uso \u00e8 molto importante per la mia organizzazione poich\u00e9 abbiamo pi\u00f9 impiegati che utilizzano il software ogni giorno, tutto il giorno.<\/p>\n<p class=\"font-weight-bold mb-2\"><strong>Contro<\/strong>:\u00a0Occasionalmente, trovo un rapporto specifico che vorrei generare e non sono in grado di farlo. Il team del servizio clienti di Rosemark \u00e8 sempre pronto a discutere per trovare un modo per soddisfare le mie esigenze.<\/p>\n<p>&nbsp;<\/p>\n","protected":false},"excerpt":{"rendered":"<p>Il sistema Rosemark \u00e8 un software di gestione dell&#8217;assistenza domiciliare basato su cloud che consente alle aziende del settore \u00a0di organizzare clienti, fatturazione, buste paga, comunicazioni con il personale, conformit\u00e0, sicurezza dei dati e altro ancora. Gli operatori sanitari possono utilizzare la piattaforma per accettare o rifiutare i turni, rivedere gli orari e accedere alle note di assistenza ai clienti in un portale online.\u00a0<\/p>\n","protected":false},"author":16,"featured_media":55213,"parent":55061,"menu_order":0,"comment_status":"open","ping_status":"closed","template":"g1_template_page_review_new.php","meta":{"_acf_changed":false,"cwp_meta_box_check":"No","cwp_rev_product_name":"","cwp_rev_product_image":"","wppr_links":[],"cwp_rev_price":"","wppr_options":[],"wppr_pros":[],"wppr_cons":[],"_monsterinsights_skip_tracking":false,"_monsterinsights_sitenote_active":false,"_monsterinsights_sitenote_note":"","_monsterinsights_sitenote_category":0,"footnotes":""},"categories":[12271],"tags":[12274,12275,12276,12293,12273,12277],"features":[],"class_list":{"0":"post-55212","1":"page","2":"type-page","3":"status-publish","4":"has-post-thumbnail","6":"category-software-assistenza-domiciliare-categoria","7":"tag-assistenza-domiciliare","8":"tag-piattaforma-assistenza-domiciliare","9":"tag-programma-assistenza-domiciliare","10":"tag-rosemark","11":"tag-software-assistenza-domiciliare","12":"tag-soluzione-assistenza-domiciliare"},"wppr_data":{"cwp_meta_box_check":"No"},"acf":[],"yoast_head":"<!-- This site is optimized with the Yoast SEO plugin v27.4 - https:\/\/yoast.com\/product\/yoast-seo-wordpress\/ -->\n<title>Rosemark: recensione software assistenza domiciliare - Accurate Reviews<\/title>\n<meta name=\"description\" content=\"Rosemark: recensione software di gestione dell&#039;assistenza domiciliare basato su cloud che consente alle aziende di organizzare i clienti.\" \/>\n<meta name=\"robots\" content=\"index, follow, max-snippet:-1, max-image-preview:large, max-video-preview:-1\" \/>\n<link rel=\"canonical\" href=\"https:\/\/www.accuratereviews.com\/it\/software-assistenza-domiciliare\/rosemark-recensione\/\" \/>\n<meta property=\"og:locale\" content=\"it_IT\" \/>\n<meta property=\"og:type\" content=\"article\" \/>\n<meta property=\"og:title\" content=\"Rosemark: recensione software assistenza domiciliare - Accurate Reviews\" \/>\n<meta property=\"og:description\" content=\"Rosemark: recensione software di gestione dell&#039;assistenza domiciliare basato su cloud che consente alle aziende di organizzare i clienti.\" \/>\n<meta property=\"og:url\" content=\"https:\/\/www.accuratereviews.com\/it\/software-assistenza-domiciliare\/rosemark-recensione\/\" \/>\n<meta property=\"og:site_name\" content=\"Accurate Reviews\" \/>\n<meta property=\"og:image\" content=\"https:\/\/www.accuratereviews.com\/wp-content\/uploads\/2022\/03\/Rosemark.png\" \/>\n\t<meta property=\"og:image:width\" content=\"512\" \/>\n\t<meta property=\"og:image:height\" content=\"250\" \/>\n\t<meta property=\"og:image:type\" content=\"image\/png\" \/>\n<meta name=\"twitter:card\" content=\"summary_large_image\" \/>\n<meta name=\"twitter:label1\" content=\"Tempo di lettura stimato\" \/>\n\t<meta name=\"twitter:data1\" content=\"4 minuti\" \/>\n<script type=\"application\/ld+json\" class=\"yoast-schema-graph\">{\"@context\":\"https:\\\/\\\/schema.org\",\"@graph\":[{\"@type\":\"WebPage\",\"@id\":\"https:\\\/\\\/www.accuratereviews.com\\\/it\\\/software-assistenza-domiciliare\\\/rosemark-recensione\\\/\",\"url\":\"https:\\\/\\\/www.accuratereviews.com\\\/it\\\/software-assistenza-domiciliare\\\/rosemark-recensione\\\/\",\"name\":\"Rosemark: recensione software assistenza domiciliare - Accurate Reviews\",\"isPartOf\":{\"@id\":\"https:\\\/\\\/www.accuratereviews.com\\\/it\\\/#website\"},\"primaryImageOfPage\":{\"@id\":\"https:\\\/\\\/www.accuratereviews.com\\\/it\\\/software-assistenza-domiciliare\\\/rosemark-recensione\\\/#primaryimage\"},\"image\":{\"@id\":\"https:\\\/\\\/www.accuratereviews.com\\\/it\\\/software-assistenza-domiciliare\\\/rosemark-recensione\\\/#primaryimage\"},\"thumbnailUrl\":\"https:\\\/\\\/www.accuratereviews.com\\\/wp-content\\\/uploads\\\/2022\\\/03\\\/Rosemark.png\",\"datePublished\":\"2022-03-23T12:19:12+00:00\",\"description\":\"Rosemark: recensione software di gestione dell'assistenza domiciliare basato su cloud che consente alle aziende di organizzare i clienti.\",\"breadcrumb\":{\"@id\":\"https:\\\/\\\/www.accuratereviews.com\\\/it\\\/software-assistenza-domiciliare\\\/rosemark-recensione\\\/#breadcrumb\"},\"inLanguage\":\"it-IT\",\"potentialAction\":[{\"@type\":\"ReadAction\",\"target\":[\"https:\\\/\\\/www.accuratereviews.com\\\/it\\\/software-assistenza-domiciliare\\\/rosemark-recensione\\\/\"]}]},{\"@type\":\"ImageObject\",\"inLanguage\":\"it-IT\",\"@id\":\"https:\\\/\\\/www.accuratereviews.com\\\/it\\\/software-assistenza-domiciliare\\\/rosemark-recensione\\\/#primaryimage\",\"url\":\"https:\\\/\\\/www.accuratereviews.com\\\/wp-content\\\/uploads\\\/2022\\\/03\\\/Rosemark.png\",\"contentUrl\":\"https:\\\/\\\/www.accuratereviews.com\\\/wp-content\\\/uploads\\\/2022\\\/03\\\/Rosemark.png\",\"width\":512,\"height\":250},{\"@type\":\"BreadcrumbList\",\"@id\":\"https:\\\/\\\/www.accuratereviews.com\\\/it\\\/software-assistenza-domiciliare\\\/rosemark-recensione\\\/#breadcrumb\",\"itemListElement\":[{\"@type\":\"ListItem\",\"position\":1,\"name\":\"Home\",\"item\":\"https:\\\/\\\/www.accuratereviews.com\\\/it\\\/\"},{\"@type\":\"ListItem\",\"position\":2,\"name\":\"Software assistenza domiciliare\",\"item\":\"https:\\\/\\\/www.accuratereviews.com\\\/it\\\/software-assistenza-domiciliare\\\/\"},{\"@type\":\"ListItem\",\"position\":3,\"name\":\"Rosemark\"}]},{\"@type\":\"WebSite\",\"@id\":\"https:\\\/\\\/www.accuratereviews.com\\\/it\\\/#website\",\"url\":\"https:\\\/\\\/www.accuratereviews.com\\\/it\\\/\",\"name\":\"Accurate Reviews\",\"description\":\"\",\"potentialAction\":[{\"@type\":\"SearchAction\",\"target\":{\"@type\":\"EntryPoint\",\"urlTemplate\":\"https:\\\/\\\/www.accuratereviews.com\\\/it\\\/?s={search_term_string}\"},\"query-input\":{\"@type\":\"PropertyValueSpecification\",\"valueRequired\":true,\"valueName\":\"search_term_string\"}}],\"inLanguage\":\"it-IT\"}]}<\/script>\n<!-- \/ Yoast SEO plugin. -->","yoast_head_json":{"title":"Rosemark: recensione software assistenza domiciliare - Accurate Reviews","description":"Rosemark: recensione software di gestione dell'assistenza domiciliare basato su cloud che consente alle aziende di organizzare i clienti.","robots":{"index":"index","follow":"follow","max-snippet":"max-snippet:-1","max-image-preview":"max-image-preview:large","max-video-preview":"max-video-preview:-1"},"canonical":"https:\/\/www.accuratereviews.com\/it\/software-assistenza-domiciliare\/rosemark-recensione\/","og_locale":"it_IT","og_type":"article","og_title":"Rosemark: recensione software assistenza domiciliare - Accurate Reviews","og_description":"Rosemark: recensione software di gestione dell'assistenza domiciliare basato su cloud che consente alle aziende di organizzare i clienti.","og_url":"https:\/\/www.accuratereviews.com\/it\/software-assistenza-domiciliare\/rosemark-recensione\/","og_site_name":"Accurate Reviews","og_image":[{"width":512,"height":250,"url":"https:\/\/www.accuratereviews.com\/wp-content\/uploads\/2022\/03\/Rosemark.png","type":"image\/png"}],"twitter_card":"summary_large_image","twitter_misc":{"Tempo di lettura stimato":"4 minuti"},"schema":{"@context":"https:\/\/schema.org","@graph":[{"@type":"WebPage","@id":"https:\/\/www.accuratereviews.com\/it\/software-assistenza-domiciliare\/rosemark-recensione\/","url":"https:\/\/www.accuratereviews.com\/it\/software-assistenza-domiciliare\/rosemark-recensione\/","name":"Rosemark: recensione software assistenza domiciliare - Accurate Reviews","isPartOf":{"@id":"https:\/\/www.accuratereviews.com\/it\/#website"},"primaryImageOfPage":{"@id":"https:\/\/www.accuratereviews.com\/it\/software-assistenza-domiciliare\/rosemark-recensione\/#primaryimage"},"image":{"@id":"https:\/\/www.accuratereviews.com\/it\/software-assistenza-domiciliare\/rosemark-recensione\/#primaryimage"},"thumbnailUrl":"https:\/\/www.accuratereviews.com\/wp-content\/uploads\/2022\/03\/Rosemark.png","datePublished":"2022-03-23T12:19:12+00:00","description":"Rosemark: recensione software di gestione dell'assistenza domiciliare basato su cloud che consente alle aziende di organizzare i clienti.","breadcrumb":{"@id":"https:\/\/www.accuratereviews.com\/it\/software-assistenza-domiciliare\/rosemark-recensione\/#breadcrumb"},"inLanguage":"it-IT","potentialAction":[{"@type":"ReadAction","target":["https:\/\/www.accuratereviews.com\/it\/software-assistenza-domiciliare\/rosemark-recensione\/"]}]},{"@type":"ImageObject","inLanguage":"it-IT","@id":"https:\/\/www.accuratereviews.com\/it\/software-assistenza-domiciliare\/rosemark-recensione\/#primaryimage","url":"https:\/\/www.accuratereviews.com\/wp-content\/uploads\/2022\/03\/Rosemark.png","contentUrl":"https:\/\/www.accuratereviews.com\/wp-content\/uploads\/2022\/03\/Rosemark.png","width":512,"height":250},{"@type":"BreadcrumbList","@id":"https:\/\/www.accuratereviews.com\/it\/software-assistenza-domiciliare\/rosemark-recensione\/#breadcrumb","itemListElement":[{"@type":"ListItem","position":1,"name":"Home","item":"https:\/\/www.accuratereviews.com\/it\/"},{"@type":"ListItem","position":2,"name":"Software assistenza domiciliare","item":"https:\/\/www.accuratereviews.com\/it\/software-assistenza-domiciliare\/"},{"@type":"ListItem","position":3,"name":"Rosemark"}]},{"@type":"WebSite","@id":"https:\/\/www.accuratereviews.com\/it\/#website","url":"https:\/\/www.accuratereviews.com\/it\/","name":"Accurate Reviews","description":"","potentialAction":[{"@type":"SearchAction","target":{"@type":"EntryPoint","urlTemplate":"https:\/\/www.accuratereviews.com\/it\/?s={search_term_string}"},"query-input":{"@type":"PropertyValueSpecification","valueRequired":true,"valueName":"search_term_string"}}],"inLanguage":"it-IT"}]}},"_links":{"self":[{"href":"https:\/\/www.accuratereviews.com\/it\/wp-json\/wp\/v2\/pages\/55212","targetHints":{"allow":["GET"]}}],"collection":[{"href":"https:\/\/www.accuratereviews.com\/it\/wp-json\/wp\/v2\/pages"}],"about":[{"href":"https:\/\/www.accuratereviews.com\/it\/wp-json\/wp\/v2\/types\/page"}],"author":[{"embeddable":true,"href":"https:\/\/www.accuratereviews.com\/it\/wp-json\/wp\/v2\/users\/16"}],"replies":[{"embeddable":true,"href":"https:\/\/www.accuratereviews.com\/it\/wp-json\/wp\/v2\/comments?post=55212"}],"version-history":[{"count":11,"href":"https:\/\/www.accuratereviews.com\/it\/wp-json\/wp\/v2\/pages\/55212\/revisions"}],"predecessor-version":[{"id":55236,"href":"https:\/\/www.accuratereviews.com\/it\/wp-json\/wp\/v2\/pages\/55212\/revisions\/55236"}],"up":[{"embeddable":true,"href":"https:\/\/www.accuratereviews.com\/it\/wp-json\/wp\/v2\/pages\/55061"}],"wp:featuredmedia":[{"embeddable":true,"href":"https:\/\/www.accuratereviews.com\/it\/wp-json\/wp\/v2\/media\/55213"}],"wp:attachment":[{"href":"https:\/\/www.accuratereviews.com\/it\/wp-json\/wp\/v2\/media?parent=55212"}],"wp:term":[{"taxonomy":"category","embeddable":true,"href":"https:\/\/www.accuratereviews.com\/it\/wp-json\/wp\/v2\/categories?post=55212"},{"taxonomy":"post_tag","embeddable":true,"href":"https:\/\/www.accuratereviews.com\/it\/wp-json\/wp\/v2\/tags?post=55212"},{"taxonomy":"features","embeddable":true,"href":"https:\/\/www.accuratereviews.com\/it\/wp-json\/wp\/v2\/features?post=55212"}],"curies":[{"name":"wp","href":"https:\/\/api.w.org\/{rel}","templated":true}]}}