{"id":55258,"date":"2022-03-24T11:28:17","date_gmt":"2022-03-24T11:28:17","guid":{"rendered":"https:\/\/www.accuratereviews.com\/?page_id=55258"},"modified":"2022-03-24T11:28:17","modified_gmt":"2022-03-24T11:28:17","slug":"caresmartz360-recensione","status":"publish","type":"page","link":"https:\/\/www.accuratereviews.com\/it\/software-assistenza-domiciliare\/caresmartz360-recensione\/","title":{"rendered":"CareSmartz360"},"content":{"rendered":"<p><strong>CareSmartz360<\/strong> \u00e8 una soluzione basata su <strong>cloud<\/strong> conforme a <strong>HIPAA<\/strong> che gestisce ogni aspetto della tua attivit\u00e0 di <strong>assistenza domiciliare<\/strong> come analisi mediche, EVV, fatturazione automatizzata, pianificazione, reportistica personalizzata, formazione, fidelizzazione degli utenti, risorse umane, telefonia, soluzione per app mobili e molto altro.\u00a0Il modulo di pianificazione offre pi\u00f9 visualizzazioni del calendario, funzionalit\u00e0 di trascinamento della selezione e caregiver suggeriti in base alle esigenze del cliente e alle capacit\u00e0. L&#8217;applicazione di telefonia calcola automaticamente le ore lavorate, tiene traccia del chilometraggio e delle spese e invia avvisi se gli operatori sanitari non si presentano in tempo.\u00a0L&#8217;app mobile include calendari e orari, dettagli su operatori sanitari e clienti, piani di servizio e altre funzionalit\u00e0. L&#8217;accesso ai dati \u00e8 basato sui ruoli e sulle autorizzazioni ed \u00e8 possibile configurare notifiche push personalizzate.<\/p>\n<h2>CARESMARTS360 &#8211; TUTORIAL<\/h2>\n<p>Guardiamo insieme questo breve video sul <strong>software di assistenza domiciliare<\/strong>:<\/p>\n<div id=\"fluid-wrapper-counter-1\" class=\"g1-fluid-wrapper \" style=\"width:686px;\">\n<div style=\"padding-bottom:56.268221574344%;\"><iframe loading=\"lazy\" title=\"CareSmartz360 Home Care Software for Private Duty Home Care Agencies\" width=\"686\" height=\"386\" src=\"https:\/\/www.youtube.com\/embed\/hiVWBw0S0i0?feature=oembed&amp;wmode=transparent&amp;autohide=1&amp;autoplay=0&amp;disablekb=0&amp;fs=1&amp;loop=0&amp;enablejsapi=1&amp;rel=0&amp;controls=2&amp;showinfo=0&amp;wmode=transparent&amp;autohide=2&amp;autoplay=0&amp;disablekb=0&amp;fs=1&amp;loop=0&amp;enablejsapi=1&amp;rel=0&amp;controls=2&amp;showinfo=1\" frameborder=\"0\" allow=\"accelerometer; autoplay; clipboard-write; encrypted-media; gyroscope; picture-in-picture\" allowfullscreen><\/iframe><\/div>\n<\/div>\n<h3>CARESMARTS360 &#8211; CARATTERISTICHE<\/h3>\n<ul>\n<li><strong>Programmazione<\/strong>: un modo semplice, veloce e preciso per visualizzare, gestire e automatizzare le pianificazioni<\/li>\n<li><strong>Fatturazione intelligente<\/strong>: una suite completa di solide soluzioni di fatturazione che offrono un&#8217;elaborazione accurata dei pagamenti in pochi minuti<\/li>\n<li><strong>Reportistica personalizzata<\/strong>: approfondimenti aziendali in tempo reale con dashboard e rapporti sui dati personalizzati<\/li>\n<li><strong>Verifica elettronica della visita<\/strong>: soluzioni di verifica elettronica delle visite conformi per soddisfare i requisiti EVV nel tuo stato<\/li>\n<li><strong>App per badanti<\/strong>: un&#8217;app multilingue per aiutare gli operatori sanitari a rimanere produttivi e semplificare il loro lavoro<\/li>\n<li><strong>Portale clienti e famiglie<\/strong>: un portale clienti e famiglie gratuito, sicuro e dedicato per tenere tutti al corrente<\/li>\n<li><strong>App dell&#8217;agenzia<\/strong>: consenti ai coordinatori di turno e al personale dell&#8217;agenzia di gestire l&#8217;attivit\u00e0 in movimento<\/li>\n<li><strong>Risorse umane<\/strong>: semplifica la gestione del personale e i lunghi processi di reclutamento<\/li>\n<li><strong>Formazione del caregiver<\/strong>: un sistema di gestione dell&#8217;apprendimento che copre oltre 80 corsi ben studiati per operatori sanitari.<\/li>\n<\/ul>\n<h4>LE RECENSIONI DEGLI UTENTI<\/h4>\n<p class=\"font-weight-bold mb-2\"><strong>Mark A.&#8221;Ottimo supporto clienti&#8221;<\/strong><\/p>\n<p><span class=\"font-weight-bold\"><strong>Commenti<\/strong>: <\/span>\u00c8 fantastico nel complesso. Nessun tempo di inattivit\u00e0 o problemi di sicurezza. Ogni volta che avevamo bisogno di supporto, il team era molto reattivo.<\/p>\n<p class=\"font-weight-bold mb-2\"><strong>Pro<\/strong>:\u00a0CareSmartz360+ \u00e8 facile da usare e facile da configurare. Il loro supporto clienti \u00e8 stato eccellente!<\/p>\n<p class=\"font-weight-bold mb-2\"><strong>Contro<\/strong>:\u00a0Inizialmente \u00e8 stato adattato solo al mercato statunitense. Il team di sviluppo di CareSmartz \u00e8 stato molto utile per renderlo accessibile ai fornitori di assistenza domiciliare con sede in Canada.<\/p>\n<p class=\"font-weight-bold mb-2\"><strong>Durga G.&#8221;Proprietario&#8221;<\/strong><\/p>\n<p><span class=\"font-weight-bold\"><strong>Commenti<\/strong>: <\/span>Ottimo \u00a0il mio supporto tecnico. \u00c8 molto competente e paziente. \u00c8 uno dei motivi principali per cui continuiamo con Caresmartz. Nel complesso un buon servizio.<\/p>\n<p class=\"font-weight-bold mb-2\"><strong>Pro<\/strong>:\u00a0Funzionalit\u00e0, facilit\u00e0 d&#8217;uso, supporto tecnico. I problemi vengono risolti in modo tempestivo.<\/p>\n<p class=\"font-weight-bold mb-2\"><strong>Contro<\/strong>:\u00a0Migliore implementazione del piano di assistenza poich\u00e9 ogni caregiver ha un piano di assistenza diverso per lo stesso cliente<\/p>\n<p class=\"font-weight-bold mb-2\"><strong>Scott R.&#8221;CareSmartz360 il modo intelligente per gestire la tua attivit\u00e0 di assistenza domiciliare.&#8221;<\/strong><\/p>\n<p><span class=\"font-weight-bold\"><strong>Commenti<\/strong>: <\/span>La nostra esperienza complessiva \u00e8 stata eccezionale. Il software funziona senza intoppi e quando abbiamo bisogno di aiuto il nostro servizio clienti \u00e8 stato eccellente.<\/p>\n<p class=\"font-weight-bold mb-2\"><strong>Pro<\/strong>:\u00a0Il software viene costantemente aggiornato per soddisfare le esigenze del nostro settore.<\/p>\n<p class=\"font-weight-bold mb-2\"><strong>Contro<\/strong>:\u00a0Non ho antipatie su questo software.<\/p>\n","protected":false},"excerpt":{"rendered":"<p>CareSmartz360 \u00e8 una soluzione basata su cloud conforme a HIPAA che gestisce ogni aspetto della tua attivit\u00e0 di assistenza domiciliare come analisi mediche, EVV, fatturazione automatizzata, pianificazione, reportistica personalizzata, formazione, fidelizzazione degli utenti, risorse umane, telefonia, soluzione per app mobili e molto altro.\u00a0Il modulo di pianificazione offre pi\u00f9 visualizzazioni del calendario, funzionalit\u00e0 di trascinamento della selezione e caregiver suggeriti in base alle esigenze del cliente e alle capacit\u00e0<\/p>\n","protected":false},"author":16,"featured_media":55276,"parent":55061,"menu_order":0,"comment_status":"open","ping_status":"closed","template":"g1_template_page_review_new.php","meta":{"_acf_changed":false,"cwp_meta_box_check":"No","cwp_rev_product_name":"","cwp_rev_product_image":"","wppr_links":[],"cwp_rev_price":"","wppr_options":[],"wppr_pros":[],"wppr_cons":[],"_monsterinsights_skip_tracking":false,"_monsterinsights_sitenote_active":false,"_monsterinsights_sitenote_note":"","_monsterinsights_sitenote_category":0,"footnotes":""},"categories":[12271],"tags":[12274,12303,12275,12276,12273,12277],"features":[],"class_list":{"0":"post-55258","1":"page","2":"type-page","3":"status-publish","4":"has-post-thumbnail","6":"category-software-assistenza-domiciliare-categoria","7":"tag-assistenza-domiciliare","8":"tag-caresmartz360","9":"tag-piattaforma-assistenza-domiciliare","10":"tag-programma-assistenza-domiciliare","11":"tag-software-assistenza-domiciliare","12":"tag-soluzione-assistenza-domiciliare"},"wppr_data":{"cwp_meta_box_check":"No"},"acf":[],"yoast_head":"<!-- This site is optimized with the Yoast SEO plugin v27.4 - https:\/\/yoast.com\/product\/yoast-seo-wordpress\/ -->\n<title>CareSmartz360: recensione software assistenza domiciliare<\/title>\n<meta name=\"description\" content=\"CareSmartz360: recensione soluzione basata su cloud conforme a HIPAA che gestisce ogni aspetto della tua attivit\u00e0 di assistenza domiciliare.\" \/>\n<meta name=\"robots\" content=\"index, follow, max-snippet:-1, max-image-preview:large, max-video-preview:-1\" \/>\n<link rel=\"canonical\" href=\"https:\/\/www.accuratereviews.com\/it\/software-assistenza-domiciliare\/caresmartz360-recensione\/\" \/>\n<meta property=\"og:locale\" content=\"it_IT\" \/>\n<meta property=\"og:type\" content=\"article\" \/>\n<meta property=\"og:title\" content=\"CareSmartz360: recensione software assistenza domiciliare\" \/>\n<meta property=\"og:description\" content=\"CareSmartz360: recensione soluzione basata su cloud conforme a HIPAA che gestisce ogni aspetto della tua attivit\u00e0 di assistenza domiciliare.\" \/>\n<meta property=\"og:url\" content=\"https:\/\/www.accuratereviews.com\/it\/software-assistenza-domiciliare\/caresmartz360-recensione\/\" \/>\n<meta property=\"og:site_name\" content=\"Accurate Reviews\" \/>\n<meta property=\"og:image\" content=\"https:\/\/www.accuratereviews.com\/wp-content\/uploads\/2022\/03\/CareSmartz360.webp\" \/>\n\t<meta property=\"og:image:width\" content=\"270\" \/>\n\t<meta property=\"og:image:height\" content=\"270\" \/>\n\t<meta property=\"og:image:type\" content=\"image\/webp\" \/>\n<meta name=\"twitter:card\" content=\"summary_large_image\" \/>\n<meta name=\"twitter:label1\" content=\"Tempo di lettura stimato\" \/>\n\t<meta name=\"twitter:data1\" content=\"3 minuti\" \/>\n<script type=\"application\/ld+json\" class=\"yoast-schema-graph\">{\"@context\":\"https:\\\/\\\/schema.org\",\"@graph\":[{\"@type\":\"WebPage\",\"@id\":\"https:\\\/\\\/www.accuratereviews.com\\\/it\\\/software-assistenza-domiciliare\\\/caresmartz360-recensione\\\/\",\"url\":\"https:\\\/\\\/www.accuratereviews.com\\\/it\\\/software-assistenza-domiciliare\\\/caresmartz360-recensione\\\/\",\"name\":\"CareSmartz360: recensione software assistenza domiciliare\",\"isPartOf\":{\"@id\":\"https:\\\/\\\/www.accuratereviews.com\\\/it\\\/#website\"},\"primaryImageOfPage\":{\"@id\":\"https:\\\/\\\/www.accuratereviews.com\\\/it\\\/software-assistenza-domiciliare\\\/caresmartz360-recensione\\\/#primaryimage\"},\"image\":{\"@id\":\"https:\\\/\\\/www.accuratereviews.com\\\/it\\\/software-assistenza-domiciliare\\\/caresmartz360-recensione\\\/#primaryimage\"},\"thumbnailUrl\":\"https:\\\/\\\/www.accuratereviews.com\\\/wp-content\\\/uploads\\\/2022\\\/03\\\/CareSmartz360.webp\",\"datePublished\":\"2022-03-24T11:28:17+00:00\",\"description\":\"CareSmartz360: recensione soluzione basata su cloud conforme a HIPAA che gestisce ogni aspetto della tua attivit\u00e0 di assistenza domiciliare.\",\"breadcrumb\":{\"@id\":\"https:\\\/\\\/www.accuratereviews.com\\\/it\\\/software-assistenza-domiciliare\\\/caresmartz360-recensione\\\/#breadcrumb\"},\"inLanguage\":\"it-IT\",\"potentialAction\":[{\"@type\":\"ReadAction\",\"target\":[\"https:\\\/\\\/www.accuratereviews.com\\\/it\\\/software-assistenza-domiciliare\\\/caresmartz360-recensione\\\/\"]}]},{\"@type\":\"ImageObject\",\"inLanguage\":\"it-IT\",\"@id\":\"https:\\\/\\\/www.accuratereviews.com\\\/it\\\/software-assistenza-domiciliare\\\/caresmartz360-recensione\\\/#primaryimage\",\"url\":\"https:\\\/\\\/www.accuratereviews.com\\\/wp-content\\\/uploads\\\/2022\\\/03\\\/CareSmartz360.webp\",\"contentUrl\":\"https:\\\/\\\/www.accuratereviews.com\\\/wp-content\\\/uploads\\\/2022\\\/03\\\/CareSmartz360.webp\",\"width\":270,\"height\":270},{\"@type\":\"BreadcrumbList\",\"@id\":\"https:\\\/\\\/www.accuratereviews.com\\\/it\\\/software-assistenza-domiciliare\\\/caresmartz360-recensione\\\/#breadcrumb\",\"itemListElement\":[{\"@type\":\"ListItem\",\"position\":1,\"name\":\"Home\",\"item\":\"https:\\\/\\\/www.accuratereviews.com\\\/it\\\/\"},{\"@type\":\"ListItem\",\"position\":2,\"name\":\"Software assistenza domiciliare\",\"item\":\"https:\\\/\\\/www.accuratereviews.com\\\/it\\\/software-assistenza-domiciliare\\\/\"},{\"@type\":\"ListItem\",\"position\":3,\"name\":\"CareSmartz360\"}]},{\"@type\":\"WebSite\",\"@id\":\"https:\\\/\\\/www.accuratereviews.com\\\/it\\\/#website\",\"url\":\"https:\\\/\\\/www.accuratereviews.com\\\/it\\\/\",\"name\":\"Accurate Reviews\",\"description\":\"\",\"potentialAction\":[{\"@type\":\"SearchAction\",\"target\":{\"@type\":\"EntryPoint\",\"urlTemplate\":\"https:\\\/\\\/www.accuratereviews.com\\\/it\\\/?s={search_term_string}\"},\"query-input\":{\"@type\":\"PropertyValueSpecification\",\"valueRequired\":true,\"valueName\":\"search_term_string\"}}],\"inLanguage\":\"it-IT\"}]}<\/script>\n<!-- \/ Yoast SEO plugin. -->","yoast_head_json":{"title":"CareSmartz360: recensione software assistenza domiciliare","description":"CareSmartz360: recensione soluzione basata su cloud conforme a HIPAA che gestisce ogni aspetto della tua attivit\u00e0 di assistenza domiciliare.","robots":{"index":"index","follow":"follow","max-snippet":"max-snippet:-1","max-image-preview":"max-image-preview:large","max-video-preview":"max-video-preview:-1"},"canonical":"https:\/\/www.accuratereviews.com\/it\/software-assistenza-domiciliare\/caresmartz360-recensione\/","og_locale":"it_IT","og_type":"article","og_title":"CareSmartz360: recensione software assistenza domiciliare","og_description":"CareSmartz360: recensione soluzione basata su cloud conforme a HIPAA che gestisce ogni aspetto della tua attivit\u00e0 di assistenza domiciliare.","og_url":"https:\/\/www.accuratereviews.com\/it\/software-assistenza-domiciliare\/caresmartz360-recensione\/","og_site_name":"Accurate Reviews","og_image":[{"width":270,"height":270,"url":"https:\/\/www.accuratereviews.com\/wp-content\/uploads\/2022\/03\/CareSmartz360.webp","type":"image\/webp"}],"twitter_card":"summary_large_image","twitter_misc":{"Tempo di lettura stimato":"3 minuti"},"schema":{"@context":"https:\/\/schema.org","@graph":[{"@type":"WebPage","@id":"https:\/\/www.accuratereviews.com\/it\/software-assistenza-domiciliare\/caresmartz360-recensione\/","url":"https:\/\/www.accuratereviews.com\/it\/software-assistenza-domiciliare\/caresmartz360-recensione\/","name":"CareSmartz360: recensione software assistenza domiciliare","isPartOf":{"@id":"https:\/\/www.accuratereviews.com\/it\/#website"},"primaryImageOfPage":{"@id":"https:\/\/www.accuratereviews.com\/it\/software-assistenza-domiciliare\/caresmartz360-recensione\/#primaryimage"},"image":{"@id":"https:\/\/www.accuratereviews.com\/it\/software-assistenza-domiciliare\/caresmartz360-recensione\/#primaryimage"},"thumbnailUrl":"https:\/\/www.accuratereviews.com\/wp-content\/uploads\/2022\/03\/CareSmartz360.webp","datePublished":"2022-03-24T11:28:17+00:00","description":"CareSmartz360: recensione soluzione basata su cloud conforme a HIPAA che gestisce ogni aspetto della tua attivit\u00e0 di assistenza domiciliare.","breadcrumb":{"@id":"https:\/\/www.accuratereviews.com\/it\/software-assistenza-domiciliare\/caresmartz360-recensione\/#breadcrumb"},"inLanguage":"it-IT","potentialAction":[{"@type":"ReadAction","target":["https:\/\/www.accuratereviews.com\/it\/software-assistenza-domiciliare\/caresmartz360-recensione\/"]}]},{"@type":"ImageObject","inLanguage":"it-IT","@id":"https:\/\/www.accuratereviews.com\/it\/software-assistenza-domiciliare\/caresmartz360-recensione\/#primaryimage","url":"https:\/\/www.accuratereviews.com\/wp-content\/uploads\/2022\/03\/CareSmartz360.webp","contentUrl":"https:\/\/www.accuratereviews.com\/wp-content\/uploads\/2022\/03\/CareSmartz360.webp","width":270,"height":270},{"@type":"BreadcrumbList","@id":"https:\/\/www.accuratereviews.com\/it\/software-assistenza-domiciliare\/caresmartz360-recensione\/#breadcrumb","itemListElement":[{"@type":"ListItem","position":1,"name":"Home","item":"https:\/\/www.accuratereviews.com\/it\/"},{"@type":"ListItem","position":2,"name":"Software assistenza domiciliare","item":"https:\/\/www.accuratereviews.com\/it\/software-assistenza-domiciliare\/"},{"@type":"ListItem","position":3,"name":"CareSmartz360"}]},{"@type":"WebSite","@id":"https:\/\/www.accuratereviews.com\/it\/#website","url":"https:\/\/www.accuratereviews.com\/it\/","name":"Accurate Reviews","description":"","potentialAction":[{"@type":"SearchAction","target":{"@type":"EntryPoint","urlTemplate":"https:\/\/www.accuratereviews.com\/it\/?s={search_term_string}"},"query-input":{"@type":"PropertyValueSpecification","valueRequired":true,"valueName":"search_term_string"}}],"inLanguage":"it-IT"}]}},"_links":{"self":[{"href":"https:\/\/www.accuratereviews.com\/it\/wp-json\/wp\/v2\/pages\/55258","targetHints":{"allow":["GET"]}}],"collection":[{"href":"https:\/\/www.accuratereviews.com\/it\/wp-json\/wp\/v2\/pages"}],"about":[{"href":"https:\/\/www.accuratereviews.com\/it\/wp-json\/wp\/v2\/types\/page"}],"author":[{"embeddable":true,"href":"https:\/\/www.accuratereviews.com\/it\/wp-json\/wp\/v2\/users\/16"}],"replies":[{"embeddable":true,"href":"https:\/\/www.accuratereviews.com\/it\/wp-json\/wp\/v2\/comments?post=55258"}],"version-history":[{"count":9,"href":"https:\/\/www.accuratereviews.com\/it\/wp-json\/wp\/v2\/pages\/55258\/revisions"}],"predecessor-version":[{"id":55300,"href":"https:\/\/www.accuratereviews.com\/it\/wp-json\/wp\/v2\/pages\/55258\/revisions\/55300"}],"up":[{"embeddable":true,"href":"https:\/\/www.accuratereviews.com\/it\/wp-json\/wp\/v2\/pages\/55061"}],"wp:featuredmedia":[{"embeddable":true,"href":"https:\/\/www.accuratereviews.com\/it\/wp-json\/wp\/v2\/media\/55276"}],"wp:attachment":[{"href":"https:\/\/www.accuratereviews.com\/it\/wp-json\/wp\/v2\/media?parent=55258"}],"wp:term":[{"taxonomy":"category","embeddable":true,"href":"https:\/\/www.accuratereviews.com\/it\/wp-json\/wp\/v2\/categories?post=55258"},{"taxonomy":"post_tag","embeddable":true,"href":"https:\/\/www.accuratereviews.com\/it\/wp-json\/wp\/v2\/tags?post=55258"},{"taxonomy":"features","embeddable":true,"href":"https:\/\/www.accuratereviews.com\/it\/wp-json\/wp\/v2\/features?post=55258"}],"curies":[{"name":"wp","href":"https:\/\/api.w.org\/{rel}","templated":true}]}}