{"id":55260,"date":"2022-03-24T11:25:41","date_gmt":"2022-03-24T11:25:41","guid":{"rendered":"https:\/\/www.accuratereviews.com\/?page_id=55260"},"modified":"2022-03-24T11:25:41","modified_gmt":"2022-03-24T11:25:41","slug":"continulink-recensione","status":"publish","type":"page","link":"https:\/\/www.accuratereviews.com\/it\/software-assistenza-domiciliare\/continulink-recensione\/","title":{"rendered":"ContinuLink"},"content":{"rendered":"<p><strong>ContinuLink\u00a0<\/strong>\u00e8 una <strong>soluzione di assistenza domiciliare<\/strong> online che aiuta strutture di ricovero, pediatria e centri di servizio privati \u200b\u200ba gestire pi\u00f9 linee di attivit\u00e0. La soluzione viene utilizzata da varie agenzie negli Stati Uniti per semplificare le operazioni cliniche e gestire i processi finanziari. Le funzionalit\u00e0 consentono agli studi medici di pianificare appuntamenti, creare attivit\u00e0, gestire clienti, farmaci e altre liste di controllo attraverso un&#8217;unica interfaccia. I professionisti possono anche generare un grafico consolidato per ogni paziente che fornisce dettagli sulla loro intera storia medica, farmaci e diagnosi. Tutti questi sono accessibili su dispositivi Android e iOS tramite l&#8217;app mobile disponibile per la piattaforma. La soluzione si integra anche con applicazioni di terze parti per gestire le retribuzioni, la fatturazione, la pianificazione e le operazioni cliniche.<\/p>\n<h2>CONTINULINK &#8211; TUTORIAL<\/h2>\n<p>Vediamo con l&#8217;applicazione mobile di questo <strong>software per assistenza domiciliare<\/strong> pu\u00f2 aiutarti a rimanere sempre aggiornato:<\/p>\n<div id=\"fluid-wrapper-counter-1\" class=\"g1-fluid-wrapper \" style=\"width:686px;\">\n<div style=\"padding-bottom:56.268221574344%;\"><iframe loading=\"lazy\" title=\"ContinuLink Clinical Edge | Point of Care System\" width=\"686\" height=\"386\" src=\"https:\/\/www.youtube.com\/embed\/om2MdC0OZIQ?feature=oembed&amp;wmode=transparent&amp;autohide=1&amp;autoplay=0&amp;disablekb=0&amp;fs=1&amp;loop=0&amp;enablejsapi=1&amp;rel=0&amp;controls=2&amp;showinfo=0&amp;wmode=transparent&amp;autohide=2&amp;autoplay=0&amp;disablekb=0&amp;fs=1&amp;loop=0&amp;enablejsapi=1&amp;rel=0&amp;controls=2&amp;showinfo=1\" frameborder=\"0\" allow=\"accelerometer; autoplay; clipboard-write; encrypted-media; gyroscope; picture-in-picture\" allowfullscreen><\/iframe><\/div>\n<\/div>\n<h3>CONTINULINK &#8211; CARATTERISTICHE<\/h3>\n<ul>\n<li>Massimizzare le autorizzazioni di turno<\/li>\n<li>Migliora l&#8217;efficienza del personale<\/li>\n<li>Ridurre i turni dei dipendenti<\/li>\n<li>Migliora l&#8217;esperienza del caregiver<\/li>\n<li>Semplifica il processo di pianificazione<\/li>\n<li>Ridurre al minimo i costi degli straordinari<\/li>\n<li>Minori costi di onboarding<\/li>\n<li>Condividi le informazioni in modo semplice e sicuro<\/li>\n<li>Comunicazione senza interruzioni<\/li>\n<li>Facilitare la collaborazione<\/li>\n<li>Migliora il processo, il flusso di lavoro e la comunicazione<\/li>\n<li>Proteggi l&#8217;integrit\u00e0 e l&#8217;affidabilit\u00e0 dei dati<\/li>\n<li>Completamente basato su cloud<\/li>\n<li>Sicurezza di classe mondiale<\/li>\n<li>Garantire la conformit\u00e0 clinica statale\/federale e gestire facilmente i requisiti<\/li>\n<li>Facilit\u00e0 di auditing clinico<\/li>\n<li>Garantire che i piani di cura individuali siano documentati su ordine del medico<\/li>\n<li>Rispetto del piano di cura<\/li>\n<li>Semplifica strutture e processi di fatturazione complessi con l&#8217;automazione<\/li>\n<li>Garantisci l&#8217;accuratezza della fatturazione ed elimina gli errori costosi<\/li>\n<li>Assistenza domiciliare integrata e EMR domiciliare<\/li>\n<li>Gestione documenti<\/li>\n<li>Monitoraggio della conformit\u00e0 e aderenza<\/li>\n<li>Analisi clinica e benchmarking<\/li>\n<li>Verifica di idoneit\u00e0<\/li>\n<li>Gestione delle relazioni con i clienti (CRM)<\/li>\n<li>HHCAHPS<\/li>\n<li>Verifica elettronica della visita (EVV)<\/li>\n<li>Portale del paziente<\/li>\n<\/ul>\n<h4>LE RECENSIONI DEGLI UTENTI<\/h4>\n<p class=\"font-weight-bold mb-2\"><strong>Joey H.&#8221;ContinuLink&#8221;<\/strong><\/p>\n<p><span class=\"font-weight-bold\"><strong>Commenti<\/strong>: <\/span>Nel complesso siamo stati in grado di ottimizzare molti processi. Sono stato in grado di personalizzare il software per aiutare la conformit\u00e0 con le visite di supervisione, gli avvisi di non copertura\/dimissione e la documentazione.<\/p>\n<p class=\"font-weight-bold mb-2\"><strong>Pro<\/strong>:\u00a0fantastico team di supporto tecnico. sono sempre utili. \u00e8 in grado di spiegare le cose per aiutarmi a capire il prodotto.<\/p>\n<p class=\"font-weight-bold mb-2\"><strong>Contro<\/strong>: Una volta che un programma \u00e8 stato elaborato o una visita persa \u00e8 stata inserita, non \u00e8 possibile modificare la visita.<\/p>\n<p class=\"font-weight-bold mb-2\"><strong>Christopher M.&#8221;La conformit\u00e0 \u00e8 nel DNA&#8221;<\/strong><\/p>\n<p><span class=\"font-weight-bold\"><strong>Commenti<\/strong>: <\/span>Abbiamo apprezzato molto le funzionalit\u00e0 di conformit\u00e0 su cui possiamo fare affidamento.<\/p>\n<p class=\"font-weight-bold mb-2\"><strong>Pro<\/strong>:\u00a0Se utilizzi il sistema come previsto, sarai mantenuto in regola per tutti gli ordini e le autorizzazioni del pagatore.<\/p>\n<p class=\"font-weight-bold mb-2\"><strong>Contro<\/strong>:\u00a0Come con tutti i sistemi, a volte le opzioni possono essere schiaccianti.<\/p>\n<p class=\"font-weight-bold mb-2\"><strong>Eman R.&#8221;Software di fatturazione&#8221;<\/strong><\/p>\n<p><span class=\"font-weight-bold\"><strong>Commenti<\/strong>: <\/span>Uso Continulink dal 2010 e adoro il sistema.\u00a0Se c&#8217;\u00e8 un problema, inserisco un ticket e il mio problema viene risolto quasi lo stesso giorno.<\/p>\n<p class=\"font-weight-bold mb-2\"><strong>Pro<\/strong>:\u00a0Lavoriamo in un unico sistema, programmazione, fatturazione, applicazione di pagamento. Non \u00e8 necessario utilizzare pi\u00f9 sistemi per completare un&#8217;attivit\u00e0 o per effettuare ricerche.<\/p>\n<p class=\"font-weight-bold mb-2\"><strong>Contro<\/strong>:\u00a0Non un problema, ho usato molti software per la fatturazione e Continulink \u00e8 il sistema pi\u00f9 semplice da navigare.<\/p>\n","protected":false},"excerpt":{"rendered":"<p>ContinuLink\u00a0\u00e8 una soluzione di assistenza domiciliare online che aiuta strutture di ricovero, pediatria e centri di servizio privati \u200b\u200ba gestire pi\u00f9 linee di attivit\u00e0. La soluzione viene utilizzata da varie agenzie negli Stati Uniti per semplificare le operazioni cliniche e gestire i processi finanziari. Le funzionalit\u00e0 consentono agli studi medici di pianificare appuntamenti, creare attivit\u00e0, gestire clienti, farmaci e altre liste di controllo attraverso un&#8217;unica interfaccia.<\/p>\n","protected":false},"author":16,"featured_media":55262,"parent":55061,"menu_order":0,"comment_status":"open","ping_status":"closed","template":"g1_template_page_review_new.php","meta":{"_acf_changed":false,"cwp_meta_box_check":"No","cwp_rev_product_name":"","cwp_rev_product_image":"","wppr_links":[],"cwp_rev_price":"","wppr_options":[],"wppr_pros":[],"wppr_cons":[],"_monsterinsights_skip_tracking":false,"_monsterinsights_sitenote_active":false,"_monsterinsights_sitenote_note":"","_monsterinsights_sitenote_category":0,"footnotes":""},"categories":[12271],"tags":[12274,12304,12275,12276,12273,12277],"features":[],"class_list":{"0":"post-55260","1":"page","2":"type-page","3":"status-publish","4":"has-post-thumbnail","6":"category-software-assistenza-domiciliare-categoria","7":"tag-assistenza-domiciliare","8":"tag-continulink","9":"tag-piattaforma-assistenza-domiciliare","10":"tag-programma-assistenza-domiciliare","11":"tag-software-assistenza-domiciliare","12":"tag-soluzione-assistenza-domiciliare","13":"g1_relation_tag-continulink"},"wppr_data":{"cwp_meta_box_check":"No"},"acf":[],"yoast_head":"<!-- This site is optimized with the Yoast SEO plugin v27.4 - https:\/\/yoast.com\/product\/yoast-seo-wordpress\/ -->\n<title>ContinuLink: recensione software assistenza domiciliare Accurate Reviews<\/title>\n<meta name=\"description\" content=\"ContinuLink: recensione soluzione di assistenza domiciliare che aiuta strutture di ricovero, pediatria e centri di servizio privati \u200b\u200ba gestire l&#039;attivit\u00e0.\" \/>\n<meta name=\"robots\" content=\"index, follow, max-snippet:-1, max-image-preview:large, max-video-preview:-1\" \/>\n<link rel=\"canonical\" href=\"https:\/\/www.accuratereviews.com\/it\/software-assistenza-domiciliare\/continulink-recensione\/\" \/>\n<meta property=\"og:locale\" content=\"it_IT\" \/>\n<meta property=\"og:type\" content=\"article\" \/>\n<meta property=\"og:title\" content=\"ContinuLink: recensione software assistenza domiciliare Accurate Reviews\" \/>\n<meta property=\"og:description\" content=\"ContinuLink: recensione soluzione di assistenza domiciliare che aiuta strutture di ricovero, pediatria e centri di servizio privati \u200b\u200ba gestire l&#039;attivit\u00e0.\" \/>\n<meta property=\"og:url\" content=\"https:\/\/www.accuratereviews.com\/it\/software-assistenza-domiciliare\/continulink-recensione\/\" \/>\n<meta property=\"og:site_name\" content=\"Accurate Reviews\" \/>\n<meta property=\"og:image\" content=\"https:\/\/www.accuratereviews.com\/wp-content\/uploads\/2022\/03\/ContinuLink.webp\" \/>\n\t<meta property=\"og:image:width\" content=\"348\" \/>\n\t<meta property=\"og:image:height\" content=\"348\" \/>\n\t<meta property=\"og:image:type\" content=\"image\/webp\" \/>\n<meta name=\"twitter:card\" content=\"summary_large_image\" \/>\n<meta name=\"twitter:label1\" content=\"Tempo di lettura stimato\" \/>\n\t<meta name=\"twitter:data1\" content=\"3 minuti\" \/>\n<script type=\"application\/ld+json\" class=\"yoast-schema-graph\">{\"@context\":\"https:\\\/\\\/schema.org\",\"@graph\":[{\"@type\":\"WebPage\",\"@id\":\"https:\\\/\\\/www.accuratereviews.com\\\/it\\\/software-assistenza-domiciliare\\\/continulink-recensione\\\/\",\"url\":\"https:\\\/\\\/www.accuratereviews.com\\\/it\\\/software-assistenza-domiciliare\\\/continulink-recensione\\\/\",\"name\":\"ContinuLink: recensione software assistenza domiciliare Accurate Reviews\",\"isPartOf\":{\"@id\":\"https:\\\/\\\/www.accuratereviews.com\\\/it\\\/#website\"},\"primaryImageOfPage\":{\"@id\":\"https:\\\/\\\/www.accuratereviews.com\\\/it\\\/software-assistenza-domiciliare\\\/continulink-recensione\\\/#primaryimage\"},\"image\":{\"@id\":\"https:\\\/\\\/www.accuratereviews.com\\\/it\\\/software-assistenza-domiciliare\\\/continulink-recensione\\\/#primaryimage\"},\"thumbnailUrl\":\"https:\\\/\\\/www.accuratereviews.com\\\/wp-content\\\/uploads\\\/2022\\\/03\\\/ContinuLink.webp\",\"datePublished\":\"2022-03-24T11:25:41+00:00\",\"description\":\"ContinuLink: recensione soluzione di assistenza domiciliare che aiuta strutture di ricovero, pediatria e centri di servizio privati \u200b\u200ba gestire l'attivit\u00e0.\",\"breadcrumb\":{\"@id\":\"https:\\\/\\\/www.accuratereviews.com\\\/it\\\/software-assistenza-domiciliare\\\/continulink-recensione\\\/#breadcrumb\"},\"inLanguage\":\"it-IT\",\"potentialAction\":[{\"@type\":\"ReadAction\",\"target\":[\"https:\\\/\\\/www.accuratereviews.com\\\/it\\\/software-assistenza-domiciliare\\\/continulink-recensione\\\/\"]}]},{\"@type\":\"ImageObject\",\"inLanguage\":\"it-IT\",\"@id\":\"https:\\\/\\\/www.accuratereviews.com\\\/it\\\/software-assistenza-domiciliare\\\/continulink-recensione\\\/#primaryimage\",\"url\":\"https:\\\/\\\/www.accuratereviews.com\\\/wp-content\\\/uploads\\\/2022\\\/03\\\/ContinuLink.webp\",\"contentUrl\":\"https:\\\/\\\/www.accuratereviews.com\\\/wp-content\\\/uploads\\\/2022\\\/03\\\/ContinuLink.webp\",\"width\":348,\"height\":348},{\"@type\":\"BreadcrumbList\",\"@id\":\"https:\\\/\\\/www.accuratereviews.com\\\/it\\\/software-assistenza-domiciliare\\\/continulink-recensione\\\/#breadcrumb\",\"itemListElement\":[{\"@type\":\"ListItem\",\"position\":1,\"name\":\"Home\",\"item\":\"https:\\\/\\\/www.accuratereviews.com\\\/it\\\/\"},{\"@type\":\"ListItem\",\"position\":2,\"name\":\"Software assistenza domiciliare\",\"item\":\"https:\\\/\\\/www.accuratereviews.com\\\/it\\\/software-assistenza-domiciliare\\\/\"},{\"@type\":\"ListItem\",\"position\":3,\"name\":\"ContinuLink\"}]},{\"@type\":\"WebSite\",\"@id\":\"https:\\\/\\\/www.accuratereviews.com\\\/it\\\/#website\",\"url\":\"https:\\\/\\\/www.accuratereviews.com\\\/it\\\/\",\"name\":\"Accurate Reviews\",\"description\":\"\",\"potentialAction\":[{\"@type\":\"SearchAction\",\"target\":{\"@type\":\"EntryPoint\",\"urlTemplate\":\"https:\\\/\\\/www.accuratereviews.com\\\/it\\\/?s={search_term_string}\"},\"query-input\":{\"@type\":\"PropertyValueSpecification\",\"valueRequired\":true,\"valueName\":\"search_term_string\"}}],\"inLanguage\":\"it-IT\"}]}<\/script>\n<!-- \/ Yoast SEO plugin. -->","yoast_head_json":{"title":"ContinuLink: recensione software assistenza domiciliare Accurate Reviews","description":"ContinuLink: recensione soluzione di assistenza domiciliare che aiuta strutture di ricovero, pediatria e centri di servizio privati \u200b\u200ba gestire l'attivit\u00e0.","robots":{"index":"index","follow":"follow","max-snippet":"max-snippet:-1","max-image-preview":"max-image-preview:large","max-video-preview":"max-video-preview:-1"},"canonical":"https:\/\/www.accuratereviews.com\/it\/software-assistenza-domiciliare\/continulink-recensione\/","og_locale":"it_IT","og_type":"article","og_title":"ContinuLink: recensione software assistenza domiciliare Accurate Reviews","og_description":"ContinuLink: recensione soluzione di assistenza domiciliare che aiuta strutture di ricovero, pediatria e centri di servizio privati \u200b\u200ba gestire l'attivit\u00e0.","og_url":"https:\/\/www.accuratereviews.com\/it\/software-assistenza-domiciliare\/continulink-recensione\/","og_site_name":"Accurate Reviews","og_image":[{"width":348,"height":348,"url":"https:\/\/www.accuratereviews.com\/wp-content\/uploads\/2022\/03\/ContinuLink.webp","type":"image\/webp"}],"twitter_card":"summary_large_image","twitter_misc":{"Tempo di lettura stimato":"3 minuti"},"schema":{"@context":"https:\/\/schema.org","@graph":[{"@type":"WebPage","@id":"https:\/\/www.accuratereviews.com\/it\/software-assistenza-domiciliare\/continulink-recensione\/","url":"https:\/\/www.accuratereviews.com\/it\/software-assistenza-domiciliare\/continulink-recensione\/","name":"ContinuLink: recensione software assistenza domiciliare Accurate Reviews","isPartOf":{"@id":"https:\/\/www.accuratereviews.com\/it\/#website"},"primaryImageOfPage":{"@id":"https:\/\/www.accuratereviews.com\/it\/software-assistenza-domiciliare\/continulink-recensione\/#primaryimage"},"image":{"@id":"https:\/\/www.accuratereviews.com\/it\/software-assistenza-domiciliare\/continulink-recensione\/#primaryimage"},"thumbnailUrl":"https:\/\/www.accuratereviews.com\/wp-content\/uploads\/2022\/03\/ContinuLink.webp","datePublished":"2022-03-24T11:25:41+00:00","description":"ContinuLink: recensione soluzione di assistenza domiciliare che aiuta strutture di ricovero, pediatria e centri di servizio privati \u200b\u200ba gestire l'attivit\u00e0.","breadcrumb":{"@id":"https:\/\/www.accuratereviews.com\/it\/software-assistenza-domiciliare\/continulink-recensione\/#breadcrumb"},"inLanguage":"it-IT","potentialAction":[{"@type":"ReadAction","target":["https:\/\/www.accuratereviews.com\/it\/software-assistenza-domiciliare\/continulink-recensione\/"]}]},{"@type":"ImageObject","inLanguage":"it-IT","@id":"https:\/\/www.accuratereviews.com\/it\/software-assistenza-domiciliare\/continulink-recensione\/#primaryimage","url":"https:\/\/www.accuratereviews.com\/wp-content\/uploads\/2022\/03\/ContinuLink.webp","contentUrl":"https:\/\/www.accuratereviews.com\/wp-content\/uploads\/2022\/03\/ContinuLink.webp","width":348,"height":348},{"@type":"BreadcrumbList","@id":"https:\/\/www.accuratereviews.com\/it\/software-assistenza-domiciliare\/continulink-recensione\/#breadcrumb","itemListElement":[{"@type":"ListItem","position":1,"name":"Home","item":"https:\/\/www.accuratereviews.com\/it\/"},{"@type":"ListItem","position":2,"name":"Software assistenza domiciliare","item":"https:\/\/www.accuratereviews.com\/it\/software-assistenza-domiciliare\/"},{"@type":"ListItem","position":3,"name":"ContinuLink"}]},{"@type":"WebSite","@id":"https:\/\/www.accuratereviews.com\/it\/#website","url":"https:\/\/www.accuratereviews.com\/it\/","name":"Accurate Reviews","description":"","potentialAction":[{"@type":"SearchAction","target":{"@type":"EntryPoint","urlTemplate":"https:\/\/www.accuratereviews.com\/it\/?s={search_term_string}"},"query-input":{"@type":"PropertyValueSpecification","valueRequired":true,"valueName":"search_term_string"}}],"inLanguage":"it-IT"}]}},"_links":{"self":[{"href":"https:\/\/www.accuratereviews.com\/it\/wp-json\/wp\/v2\/pages\/55260","targetHints":{"allow":["GET"]}}],"collection":[{"href":"https:\/\/www.accuratereviews.com\/it\/wp-json\/wp\/v2\/pages"}],"about":[{"href":"https:\/\/www.accuratereviews.com\/it\/wp-json\/wp\/v2\/types\/page"}],"author":[{"embeddable":true,"href":"https:\/\/www.accuratereviews.com\/it\/wp-json\/wp\/v2\/users\/16"}],"replies":[{"embeddable":true,"href":"https:\/\/www.accuratereviews.com\/it\/wp-json\/wp\/v2\/comments?post=55260"}],"version-history":[{"count":10,"href":"https:\/\/www.accuratereviews.com\/it\/wp-json\/wp\/v2\/pages\/55260\/revisions"}],"predecessor-version":[{"id":55298,"href":"https:\/\/www.accuratereviews.com\/it\/wp-json\/wp\/v2\/pages\/55260\/revisions\/55298"}],"up":[{"embeddable":true,"href":"https:\/\/www.accuratereviews.com\/it\/wp-json\/wp\/v2\/pages\/55061"}],"wp:featuredmedia":[{"embeddable":true,"href":"https:\/\/www.accuratereviews.com\/it\/wp-json\/wp\/v2\/media\/55262"}],"wp:attachment":[{"href":"https:\/\/www.accuratereviews.com\/it\/wp-json\/wp\/v2\/media?parent=55260"}],"wp:term":[{"taxonomy":"category","embeddable":true,"href":"https:\/\/www.accuratereviews.com\/it\/wp-json\/wp\/v2\/categories?post=55260"},{"taxonomy":"post_tag","embeddable":true,"href":"https:\/\/www.accuratereviews.com\/it\/wp-json\/wp\/v2\/tags?post=55260"},{"taxonomy":"features","embeddable":true,"href":"https:\/\/www.accuratereviews.com\/it\/wp-json\/wp\/v2\/features?post=55260"}],"curies":[{"name":"wp","href":"https:\/\/api.w.org\/{rel}","templated":true}]}}