{"id":55311,"date":"2022-03-25T12:03:25","date_gmt":"2022-03-25T12:03:25","guid":{"rendered":"https:\/\/www.accuratereviews.com\/?page_id=55311"},"modified":"2022-03-25T12:04:42","modified_gmt":"2022-03-25T12:04:42","slug":"homecare-homebase-recensione","status":"publish","type":"page","link":"https:\/\/www.accuratereviews.com\/it\/software-assistenza-domiciliare\/homecare-homebase-recensione\/","title":{"rendered":"Homecare Homebase"},"content":{"rendered":"<p class=\"h3 mb-1\"><strong>Homecare Homebase<\/strong> \u00e8 un<strong> software di assistenza domiciliare<\/strong> basato su <strong>cloud<\/strong> che consente di gestire la pianificazione, la fatturazione, la documentazione, il flusso di lavoro automatizzato e la conformit\u00e0 CMS online. Garantisce a tutti gli utenti un rapido accesso ai dati aggiornati. I dati sensibili dei pazienti sono archiviati in modo sicuro nella struttura di hosting del programma. Gli strumenti di pianificazione automatizzati aiutano gli utenti a gestire i programmi dei dipendenti e le visite dei pazienti online. Le funzionalit\u00e0 di pianificazione permettono di abbinare i medici appropriati ai pazienti, in base all&#8217;area geografica, alle preferenze del medico o al tipo di assistenza richiesta. I dottori sul campo possono effettuare il check-in e approvare programmi giornalieri, settimanali o mensili, nonch\u00e9 richiedere modifiche, il tutto dalla stessa piattaforma centralizzata. Le funzionalit\u00e0 di fatturazione e flusso di cassa aiutano a semplificare i pagamenti e i rimborsi, mentre la funzionalit\u00e0 del flusso di lavoro automatizzato aiuta a migliorare la produttivit\u00e0 e la responsabilit\u00e0 degli utenti, con funzionalit\u00e0 come i moduli di riferimento conformi.<\/p>\n<h2>HOMECARE HOMEBASE &#8211; TUTORIAL<\/h2>\n<p>Guardimo insieme l&#8217;efficacia di questo <strong>software per assistenza domiciliare<\/strong>:<\/p>\n<p>&nbsp;<\/p>\n<p><a href=\"https:\/\/hchb.com\/video-hchb-designed-for-you?wvideo=izwuojuek6\"><img loading=\"lazy\" decoding=\"async\" src=\"https:\/\/embedwistia-a.akamaihd.net\/deliveries\/317d6a80ae325f5e8bfb85e51ea96493.jpg?image_play_button_size=2x&amp;image_crop_resized=960x540&amp;image_play_button=1&amp;image_play_button_color=54bbffe0\" width=\"400\" height=\"225\" \/><\/a><\/p>\n<p><a href=\"https:\/\/hchb.com\/video-hchb-designed-for-you?wvideo=izwuojuek6\">Video &#8211; HCHB Designed for You | HCHB<\/a><\/p>\n<h3>HOMECARE HOMEBASE &#8211; CARATTERISTICHE<\/h3>\n<ul>\n<li>Libreria completa di moduli e report personalizzabili<\/li>\n<li>Grafici veloci e senza interruzioni, piani di assistenza intelligenti, IDG super veloce, conformit\u00e0 automatica e altro ancora<\/li>\n<li>Modalit\u00e0 di verifica<\/li>\n<li>Dashboard in blocco firma elettronica e caricamento di documenti<\/li>\n<li>Programmazione<\/li>\n<li>Archiviazione e report dei dettagli delle risorse umane<\/li>\n<li>3 livelli di convalida e conformit\u00e0 dei documenti integrati<\/li>\n<li>Rapporti solidi su attivit\u00e0, produttivit\u00e0 e buste paga<\/li>\n<li>Calcola automaticamente il chilometraggio, le visite, le chiamate e altro<\/li>\n<li>Stato della richiesta in tempo reale<\/li>\n<li>Monitoraggio dei ricorsi integrato<\/li>\n<li>Fatturazione rapida e precisa con tutti i pagatori, inclusi vitto e alloggio<\/li>\n<li>App mobili completamente funzionali per iOS e Android, telefoni e tablet<\/li>\n<\/ul>\n<h4>LE RECENSIONE DEGLI UTENTI<\/h4>\n<p class=\"font-weight-bold mb-2\"><strong>Amy E. &#8220;Eccellente&#8221;<\/strong><\/p>\n<p><strong>Commenti<\/strong>: Adoro questo software ho usato brightree\/Matrixcare anche in un&#8217;altra posizione e HC\/HB \u00e8 mooolto meglio! Facile da navigare. Tutte le tue informazioni sono prontamente disponibili dalla schermata principale. Adattabile dall&#8217;amministratore. Non posso elogiarlo abbastanza!<\/p>\n<p><strong>Pro<\/strong>: Facilit\u00e0 se l&#8217;uso\/facili da usare. Informazioni prontamente disponibili e facili da trovare. Ben organizzato<\/p>\n<p><strong>Contro<\/strong>: Alcuni problemi con glitch, come la mancata sincronizzazione a volte. L&#8217;elenco delle forniture pu\u00f2 creare confusione. Confusione per aggiornare\/cambiare il piano di cura. Difficolt\u00e0 nell&#8217;aggiornamento del piano di assistenza (posso cambiarlo ma non &#8220;si attacca&#8221;) ma probabilmente ho solo bisogno di leggere come farlo correttamente. Molto bene su tutto il resto, questi sono minori.<\/p>\n<p class=\"font-weight-bold mb-2\"><strong>Steven D.&#8221;Revisione del pannello di monitoraggio del lutto&#8221;<\/strong><\/p>\n<p class=\"font-weight-bold mb-2\"><strong>Commenti<\/strong>: Questo software \u00e8 stato essenziale per tenere traccia di quando contattare i familiari e gli altri cari.<\/p>\n<p><strong>Pro<\/strong>: Mi piace che il software tenga traccia di quando inviare lettere e quello per fare telefonate<\/p>\n<p><strong>Contro<\/strong>: Cosa usare la funzione calendario per tracciare le telefonate sarebbe bello se il calendario mostrasse le festivit\u00e0 nazionali e religiose per evitare la programmazione in quei giorni.<\/p>\n<p class=\"font-weight-bold mb-2\"><strong>Sarah F.&#8221;Grafici dell&#8217;ospizio&#8221;<\/strong><\/p>\n<p class=\"font-weight-bold mb-2\"><strong>Commenti<\/strong>: Non ho avuto una formazione minima nel programma, ma ho avuto alcuni cheat sheet che mi hanno davvero aiutato a inciampare.<\/p>\n<p><strong>Pro<\/strong>: Mi piace quanto sia facile navigare e tracciare il programma. Mi piace molto anche l&#8217;impostazione del flusso di lavoro e l&#8217;impostazione dell&#8217;idg.<\/p>\n<p><strong>Contro<\/strong>: \u00c8 difficile vedere un quadro completo della cura con il modo in cui sono impostate le pagine. In un programma diverso sono stato in grado di vedere tutte le note per disciplina.<\/p>\n","protected":false},"excerpt":{"rendered":"<p>Homecare Homebase \u00e8 un software di assistenza domiciliare basato su cloud che consente di gestire la pianificazione, la fatturazione, la documentazione, il flusso di lavoro automatizzato e la conformit\u00e0 CMS online. Garantisce a tutti gli utenti un rapido accesso ai dati aggiornati. I dati sensibili dei pazienti sono archiviati in modo sicuro nella struttura di hosting del programma.<\/p>\n","protected":false},"author":19,"featured_media":55341,"parent":55061,"menu_order":0,"comment_status":"open","ping_status":"closed","template":"g1_template_page_review_new.php","meta":{"_acf_changed":false,"cwp_meta_box_check":"Yes","cwp_rev_product_name":"","cwp_rev_product_image":"","wppr_links":[],"cwp_rev_price":"","wppr_options":[],"wppr_pros":[],"wppr_cons":[],"_monsterinsights_skip_tracking":false,"_monsterinsights_sitenote_active":false,"_monsterinsights_sitenote_note":"","_monsterinsights_sitenote_category":0,"footnotes":""},"categories":[12271],"tags":[12274,12310,12275,12276,12273,12277],"features":[],"class_list":{"0":"post-55311","1":"page","2":"type-page","3":"status-publish","4":"has-post-thumbnail","6":"category-software-assistenza-domiciliare-categoria","7":"tag-assistenza-domiciliare","8":"tag-homecare-homebase","9":"tag-piattaforma-assistenza-domiciliare","10":"tag-programma-assistenza-domiciliare","11":"tag-software-assistenza-domiciliare","12":"tag-soluzione-assistenza-domiciliare"},"wppr_data":{"cwp_meta_box_check":"Yes","cwp_rev_product_name":"","cwp_rev_product_image":"","cwp_image_link":"image","cwp_rev_price":"","wppr_rating":"0.00"},"acf":[],"yoast_head":"<!-- This site is optimized with the Yoast SEO plugin v27.4 - https:\/\/yoast.com\/product\/yoast-seo-wordpress\/ -->\n<title>Homecare Homebase: recensione software assistenza domiciliare<\/title>\n<meta name=\"description\" content=\"Homecare Homebase: recensione software di assistenza domiciliare basato su cloud per gestire pianificazione, fatturazione e documentazione.\" \/>\n<meta name=\"robots\" content=\"index, follow, max-snippet:-1, max-image-preview:large, max-video-preview:-1\" \/>\n<link rel=\"canonical\" href=\"https:\/\/www.accuratereviews.com\/it\/software-assistenza-domiciliare\/homecare-homebase-recensione\/\" \/>\n<meta property=\"og:locale\" content=\"it_IT\" \/>\n<meta property=\"og:type\" content=\"article\" \/>\n<meta property=\"og:title\" content=\"Homecare Homebase: recensione software assistenza domiciliare\" \/>\n<meta property=\"og:description\" content=\"Homecare Homebase: recensione software di assistenza domiciliare basato su cloud per gestire pianificazione, fatturazione e documentazione.\" \/>\n<meta property=\"og:url\" content=\"https:\/\/www.accuratereviews.com\/it\/software-assistenza-domiciliare\/homecare-homebase-recensione\/\" \/>\n<meta property=\"og:site_name\" content=\"Accurate Reviews\" \/>\n<meta property=\"article:modified_time\" content=\"2022-03-25T12:04:42+00:00\" \/>\n<meta property=\"og:image\" content=\"https:\/\/www.accuratereviews.com\/wp-content\/uploads\/2022\/03\/homecare-homebase-logo-case-study.png\" \/>\n\t<meta property=\"og:image:width\" content=\"300\" \/>\n\t<meta property=\"og:image:height\" content=\"300\" \/>\n\t<meta property=\"og:image:type\" content=\"image\/png\" \/>\n<meta name=\"twitter:card\" content=\"summary_large_image\" \/>\n<meta name=\"twitter:label1\" content=\"Tempo di lettura stimato\" \/>\n\t<meta name=\"twitter:data1\" content=\"4 minuti\" \/>\n<script type=\"application\/ld+json\" class=\"yoast-schema-graph\">{\"@context\":\"https:\\\/\\\/schema.org\",\"@graph\":[{\"@type\":\"WebPage\",\"@id\":\"https:\\\/\\\/www.accuratereviews.com\\\/it\\\/software-assistenza-domiciliare\\\/homecare-homebase-recensione\\\/\",\"url\":\"https:\\\/\\\/www.accuratereviews.com\\\/it\\\/software-assistenza-domiciliare\\\/homecare-homebase-recensione\\\/\",\"name\":\"Homecare Homebase: recensione software assistenza domiciliare\",\"isPartOf\":{\"@id\":\"https:\\\/\\\/www.accuratereviews.com\\\/it\\\/#website\"},\"primaryImageOfPage\":{\"@id\":\"https:\\\/\\\/www.accuratereviews.com\\\/it\\\/software-assistenza-domiciliare\\\/homecare-homebase-recensione\\\/#primaryimage\"},\"image\":{\"@id\":\"https:\\\/\\\/www.accuratereviews.com\\\/it\\\/software-assistenza-domiciliare\\\/homecare-homebase-recensione\\\/#primaryimage\"},\"thumbnailUrl\":\"https:\\\/\\\/www.accuratereviews.com\\\/wp-content\\\/uploads\\\/2022\\\/03\\\/homecare-homebase-logo-case-study.png\",\"datePublished\":\"2022-03-25T12:03:25+00:00\",\"dateModified\":\"2022-03-25T12:04:42+00:00\",\"description\":\"Homecare Homebase: recensione software di assistenza domiciliare basato su cloud per gestire pianificazione, fatturazione e documentazione.\",\"breadcrumb\":{\"@id\":\"https:\\\/\\\/www.accuratereviews.com\\\/it\\\/software-assistenza-domiciliare\\\/homecare-homebase-recensione\\\/#breadcrumb\"},\"inLanguage\":\"it-IT\",\"potentialAction\":[{\"@type\":\"ReadAction\",\"target\":[\"https:\\\/\\\/www.accuratereviews.com\\\/it\\\/software-assistenza-domiciliare\\\/homecare-homebase-recensione\\\/\"]}]},{\"@type\":\"ImageObject\",\"inLanguage\":\"it-IT\",\"@id\":\"https:\\\/\\\/www.accuratereviews.com\\\/it\\\/software-assistenza-domiciliare\\\/homecare-homebase-recensione\\\/#primaryimage\",\"url\":\"https:\\\/\\\/www.accuratereviews.com\\\/wp-content\\\/uploads\\\/2022\\\/03\\\/homecare-homebase-logo-case-study.png\",\"contentUrl\":\"https:\\\/\\\/www.accuratereviews.com\\\/wp-content\\\/uploads\\\/2022\\\/03\\\/homecare-homebase-logo-case-study.png\",\"width\":300,\"height\":300},{\"@type\":\"BreadcrumbList\",\"@id\":\"https:\\\/\\\/www.accuratereviews.com\\\/it\\\/software-assistenza-domiciliare\\\/homecare-homebase-recensione\\\/#breadcrumb\",\"itemListElement\":[{\"@type\":\"ListItem\",\"position\":1,\"name\":\"Home\",\"item\":\"https:\\\/\\\/www.accuratereviews.com\\\/it\\\/\"},{\"@type\":\"ListItem\",\"position\":2,\"name\":\"Software assistenza domiciliare\",\"item\":\"https:\\\/\\\/www.accuratereviews.com\\\/it\\\/software-assistenza-domiciliare\\\/\"},{\"@type\":\"ListItem\",\"position\":3,\"name\":\"Homecare Homebase\"}]},{\"@type\":\"WebSite\",\"@id\":\"https:\\\/\\\/www.accuratereviews.com\\\/it\\\/#website\",\"url\":\"https:\\\/\\\/www.accuratereviews.com\\\/it\\\/\",\"name\":\"Accurate Reviews\",\"description\":\"\",\"potentialAction\":[{\"@type\":\"SearchAction\",\"target\":{\"@type\":\"EntryPoint\",\"urlTemplate\":\"https:\\\/\\\/www.accuratereviews.com\\\/it\\\/?s={search_term_string}\"},\"query-input\":{\"@type\":\"PropertyValueSpecification\",\"valueRequired\":true,\"valueName\":\"search_term_string\"}}],\"inLanguage\":\"it-IT\"}]}<\/script>\n<!-- \/ Yoast SEO plugin. -->","yoast_head_json":{"title":"Homecare Homebase: recensione software assistenza domiciliare","description":"Homecare Homebase: recensione software di assistenza domiciliare basato su cloud per gestire pianificazione, fatturazione e documentazione.","robots":{"index":"index","follow":"follow","max-snippet":"max-snippet:-1","max-image-preview":"max-image-preview:large","max-video-preview":"max-video-preview:-1"},"canonical":"https:\/\/www.accuratereviews.com\/it\/software-assistenza-domiciliare\/homecare-homebase-recensione\/","og_locale":"it_IT","og_type":"article","og_title":"Homecare Homebase: recensione software assistenza domiciliare","og_description":"Homecare Homebase: recensione software di assistenza domiciliare basato su cloud per gestire pianificazione, fatturazione e documentazione.","og_url":"https:\/\/www.accuratereviews.com\/it\/software-assistenza-domiciliare\/homecare-homebase-recensione\/","og_site_name":"Accurate Reviews","article_modified_time":"2022-03-25T12:04:42+00:00","og_image":[{"width":300,"height":300,"url":"https:\/\/www.accuratereviews.com\/wp-content\/uploads\/2022\/03\/homecare-homebase-logo-case-study.png","type":"image\/png"}],"twitter_card":"summary_large_image","twitter_misc":{"Tempo di lettura stimato":"4 minuti"},"schema":{"@context":"https:\/\/schema.org","@graph":[{"@type":"WebPage","@id":"https:\/\/www.accuratereviews.com\/it\/software-assistenza-domiciliare\/homecare-homebase-recensione\/","url":"https:\/\/www.accuratereviews.com\/it\/software-assistenza-domiciliare\/homecare-homebase-recensione\/","name":"Homecare Homebase: recensione software assistenza domiciliare","isPartOf":{"@id":"https:\/\/www.accuratereviews.com\/it\/#website"},"primaryImageOfPage":{"@id":"https:\/\/www.accuratereviews.com\/it\/software-assistenza-domiciliare\/homecare-homebase-recensione\/#primaryimage"},"image":{"@id":"https:\/\/www.accuratereviews.com\/it\/software-assistenza-domiciliare\/homecare-homebase-recensione\/#primaryimage"},"thumbnailUrl":"https:\/\/www.accuratereviews.com\/wp-content\/uploads\/2022\/03\/homecare-homebase-logo-case-study.png","datePublished":"2022-03-25T12:03:25+00:00","dateModified":"2022-03-25T12:04:42+00:00","description":"Homecare Homebase: recensione software di assistenza domiciliare basato su cloud per gestire pianificazione, fatturazione e documentazione.","breadcrumb":{"@id":"https:\/\/www.accuratereviews.com\/it\/software-assistenza-domiciliare\/homecare-homebase-recensione\/#breadcrumb"},"inLanguage":"it-IT","potentialAction":[{"@type":"ReadAction","target":["https:\/\/www.accuratereviews.com\/it\/software-assistenza-domiciliare\/homecare-homebase-recensione\/"]}]},{"@type":"ImageObject","inLanguage":"it-IT","@id":"https:\/\/www.accuratereviews.com\/it\/software-assistenza-domiciliare\/homecare-homebase-recensione\/#primaryimage","url":"https:\/\/www.accuratereviews.com\/wp-content\/uploads\/2022\/03\/homecare-homebase-logo-case-study.png","contentUrl":"https:\/\/www.accuratereviews.com\/wp-content\/uploads\/2022\/03\/homecare-homebase-logo-case-study.png","width":300,"height":300},{"@type":"BreadcrumbList","@id":"https:\/\/www.accuratereviews.com\/it\/software-assistenza-domiciliare\/homecare-homebase-recensione\/#breadcrumb","itemListElement":[{"@type":"ListItem","position":1,"name":"Home","item":"https:\/\/www.accuratereviews.com\/it\/"},{"@type":"ListItem","position":2,"name":"Software assistenza domiciliare","item":"https:\/\/www.accuratereviews.com\/it\/software-assistenza-domiciliare\/"},{"@type":"ListItem","position":3,"name":"Homecare Homebase"}]},{"@type":"WebSite","@id":"https:\/\/www.accuratereviews.com\/it\/#website","url":"https:\/\/www.accuratereviews.com\/it\/","name":"Accurate Reviews","description":"","potentialAction":[{"@type":"SearchAction","target":{"@type":"EntryPoint","urlTemplate":"https:\/\/www.accuratereviews.com\/it\/?s={search_term_string}"},"query-input":{"@type":"PropertyValueSpecification","valueRequired":true,"valueName":"search_term_string"}}],"inLanguage":"it-IT"}]}},"_links":{"self":[{"href":"https:\/\/www.accuratereviews.com\/it\/wp-json\/wp\/v2\/pages\/55311","targetHints":{"allow":["GET"]}}],"collection":[{"href":"https:\/\/www.accuratereviews.com\/it\/wp-json\/wp\/v2\/pages"}],"about":[{"href":"https:\/\/www.accuratereviews.com\/it\/wp-json\/wp\/v2\/types\/page"}],"author":[{"embeddable":true,"href":"https:\/\/www.accuratereviews.com\/it\/wp-json\/wp\/v2\/users\/19"}],"replies":[{"embeddable":true,"href":"https:\/\/www.accuratereviews.com\/it\/wp-json\/wp\/v2\/comments?post=55311"}],"version-history":[{"count":10,"href":"https:\/\/www.accuratereviews.com\/it\/wp-json\/wp\/v2\/pages\/55311\/revisions"}],"predecessor-version":[{"id":55360,"href":"https:\/\/www.accuratereviews.com\/it\/wp-json\/wp\/v2\/pages\/55311\/revisions\/55360"}],"up":[{"embeddable":true,"href":"https:\/\/www.accuratereviews.com\/it\/wp-json\/wp\/v2\/pages\/55061"}],"wp:featuredmedia":[{"embeddable":true,"href":"https:\/\/www.accuratereviews.com\/it\/wp-json\/wp\/v2\/media\/55341"}],"wp:attachment":[{"href":"https:\/\/www.accuratereviews.com\/it\/wp-json\/wp\/v2\/media?parent=55311"}],"wp:term":[{"taxonomy":"category","embeddable":true,"href":"https:\/\/www.accuratereviews.com\/it\/wp-json\/wp\/v2\/categories?post=55311"},{"taxonomy":"post_tag","embeddable":true,"href":"https:\/\/www.accuratereviews.com\/it\/wp-json\/wp\/v2\/tags?post=55311"},{"taxonomy":"features","embeddable":true,"href":"https:\/\/www.accuratereviews.com\/it\/wp-json\/wp\/v2\/features?post=55311"}],"curies":[{"name":"wp","href":"https:\/\/api.w.org\/{rel}","templated":true}]}}