{"id":55318,"date":"2022-03-25T12:05:24","date_gmt":"2022-03-25T12:05:24","guid":{"rendered":"https:\/\/www.accuratereviews.com\/?page_id=55318"},"modified":"2022-03-25T12:05:24","modified_gmt":"2022-03-25T12:05:24","slug":"hospice-tools-recensione","status":"publish","type":"page","link":"https:\/\/www.accuratereviews.com\/it\/software-assistenza-domiciliare\/hospice-tools-recensione\/","title":{"rendered":"Hospice Tools"},"content":{"rendered":"<p><strong>Hospice Tools<\/strong> EMR offre gli strumenti professionali di cui i team delle strutture di ricovero hanno bisogno: <strong>pianificazione intelligente dell&#8217;assistenza<\/strong>, grafici intuitivi, conformit\u00e0 automatica, IDG super veloce, eSigning e caricamento di dashboard in blocco, app mobili, moduli e report personalizzabili e molto altro per aiutare i team di questo settore. Dall&#8217;ammissione alla fatturazione al libro paga, la suite <strong>Hospice Tools<\/strong> \u00e8 progettata per aiutare le agenzie a funzionare senza intoppi. I fogli presenze integrati fluiscono automaticamente dal EMR eDocs con convalida automatica della conformit\u00e0, oltre a tenere traccia del chilometraggio, delle visite regolari e di guardia, e altro fornendo al contempo solidi rapporti sull&#8217;attivit\u00e0, sulla produttivit\u00e0 e sulle buste paga.<\/p>\n<h2>HOSPICE TOOLS &#8211; TUTORIAL<\/h2>\n<p>Ecco un video che illustra come pu\u00f2 migliorare il tuo lavoro questo<strong> software per assistenza domiciliare<\/strong>:<\/p>\n<div id=\"fluid-wrapper-counter-1\" class=\"g1-fluid-wrapper \" style=\"width:686px;\">\n<div style=\"padding-bottom:56.268221574344%;\"><iframe loading=\"lazy\" title=\"Hospice Tools Movie: Get To The Top!\" width=\"686\" height=\"386\" src=\"https:\/\/www.youtube.com\/embed\/1zHoCGa-HS4?feature=oembed&amp;wmode=transparent&amp;autohide=1&amp;autoplay=0&amp;disablekb=0&amp;fs=1&amp;loop=0&amp;enablejsapi=1&amp;rel=0&amp;controls=2&amp;showinfo=0&amp;wmode=transparent&amp;autohide=2&amp;autoplay=0&amp;disablekb=0&amp;fs=1&amp;loop=0&amp;enablejsapi=1&amp;rel=0&amp;controls=2&amp;showinfo=1\" frameborder=\"0\" allow=\"accelerometer; autoplay; clipboard-write; encrypted-media; gyroscope; picture-in-picture\" allowfullscreen><\/iframe><\/div>\n<\/div>\n<h3>HOSPICE TOOLS &#8211; CARATTERISTICHE<\/h3>\n<ul>\n<li><strong>Grafici sempre a disposizione<\/strong>: desktop, laptop, tablet o telefono, ovunque tu inserisca le informazioni, queste verranno aggiornate in tempo reale su tutto il sistema<\/li>\n<li><strong>Informazioni in movimento<\/strong>: offri ai tuoi team un accesso facile e veloce alle informazioni di cui hanno bisogno dove e quando vogliono<\/li>\n<li><strong>Sicurezza<\/strong>: proteggi le informazioni sui pazienti con un accesso sicuro alla cartella in tempo reale<\/li>\n<li><strong>Firma elettronica della dashboard<\/strong>: esamina e firma documenti singoli o collettivi con un clic di un pulsante direttamente dall&#8217;app<\/li>\n<li><strong>Scansione e caricamento<\/strong>: scansiona e carica documenti dall&#8217;app direttamente nella sezione giusta della cartella del paziente<\/li>\n<li><strong>Taglia i costi del software<\/strong>: sostituisci pi\u00f9 prodotti software disconnessi con un&#8217;unica soluzione perfetta<\/li>\n<li><strong>Flessibile e personalizzabile<\/strong>: moduli flessibili e una struttura modulare ti consentono di adattare moduli, campi, flussi di lavoro e funzionalit\u00e0 per soddisfare le esigenze della tua agenzia<\/li>\n<li><strong>Conformit\u00e0 automatica<\/strong>: con funzionalit\u00e0 uniche come modalit\u00e0 di verifica, creazione automatica, modalit\u00e0 di volontariato e altro, la soluzione aiuta a proteggere la tua agenzia da frodi, errori, sprechi e audit.<\/li>\n<\/ul>\n<h4>LE RECENSIONI DEGLI UTENTI<\/h4>\n<p class=\"font-weight-bold mb-2\"><strong>Zuzanna S.&#8221;Recensione degli strumenti dell&#8217;ospizio&#8221;<\/strong><\/p>\n<p><span class=\"font-weight-bold\"><strong>Commenti<\/strong>:\u00a0<\/span>Nel complesso, gli strumenti Hospice sono facili e convenienti da usare.<\/p>\n<p class=\"font-weight-bold mb-2\"><strong>Pro<\/strong>: La mia caratteristica preferita di questo software \u00e8 quanto sia facile da usare e non richiede una formazione approfondita in quanto \u00e8 &#8220;semplice&#8221;.<\/p>\n<p class=\"font-weight-bold mb-2\"><strong>Contro<\/strong>: Ritengo che una funzionalit\u00e0 che consente a noi NP di copiare la tabella dei problemi\/diagnosi dal grafico precedente con un clic sarebbe un&#8217;aggiunta fantastica che ci consente di tracciare pi\u00f9 rapidamente i grafici.<\/p>\n<p class=\"font-weight-bold mb-2\"><strong>Karen E.&#8221;Assistente sociale clinico&#8221;<\/strong><\/p>\n<p><span class=\"font-weight-bold\"><strong>Commenti<\/strong>:\u00a0<\/span>Gli strumenti dell&#8217;Hospice sono facili da usare e molto efficienti. Quando vengono apportati aggiornamenti, ci viene ben comunicato e sono disponibili a sedersi e spiegare effettivamente le modifiche, se necessario. Lascia spazio alle narrazioni e le domande poste sono molto specifiche per il bisogno e la disciplina.\u00a0Se per qualche motivo il mio computer si spegne per qualsiasi motivo, salver\u00e0 automaticamente il mio lavoro.<\/p>\n<p class=\"font-weight-bold mb-2\"><strong>Pro<\/strong>: Ho usato molti software nel corso dei miei 25 anni di carriera, ma Hospice Tools \u00e8 stato il sistema pi\u00f9 efficiente, facile da usare e di facile accesso che abbia mai usato.<\/p>\n<p class=\"font-weight-bold mb-2\"><strong>Contro<\/strong>: Ci sono alcune domande specifiche che vorrei aggiungere alle valutazioni. Vorrei anche vedere la correzione automatica come parte di Hospice Tools. Pi\u00f9 volte ho contattato l&#8217;amministrazione di questo software con i miei suggerimenti e ogni volta mi sono sentito ascoltato e apprezzato. Hanno anche apportato alcune modifiche alle richieste degli utenti.<\/p>\n<p class=\"font-weight-bold mb-2\"><strong>Brandon R.&#8221;Eccellente EMR che segue le normative ed \u00e8 personalizzabile&#8221;<\/strong><\/p>\n<p><span class=\"font-weight-bold\"><strong>Commenti<\/strong>:\u00a0<\/span>Ho avuto un&#8217;esperienza complessivamente meravigliosa con Hospice Tools!!<\/p>\n<p class=\"font-weight-bold mb-2\"><strong>Pro<\/strong>: Adoro quanto sia personalizzabile il sistema. Il servizio clienti \u00e8 eccellente e se ho problemi o ho bisogno di cambiare qualcosa, il team tecnico risponde rapidamente e trova un modo per riparare il sistema nel modo in cui chiedo e continuo a seguire le regole e i regolamenti di Medicare.<\/p>\n<p class=\"font-weight-bold mb-2\"><strong>Contro<\/strong>: \u00c8 facile duplicare gli account dei pazienti e i profili delle strutture e non possono essere eliminati facilmente.<\/p>\n","protected":false},"excerpt":{"rendered":"<p>Hospice Tools EMR offre gli strumenti professionali di cui i team delle strutture di ricovero hanno bisogno: pianificazione intelligente dell&#8217;assistenza, grafici intuitivi, conformit\u00e0 automatica, IDG super veloce, eSigning e caricamento di dashboard in blocco, app mobili, moduli e report personalizzabili e molto altro per aiutare i team di questo settore.<\/p>\n","protected":false},"author":19,"featured_media":55319,"parent":55061,"menu_order":0,"comment_status":"open","ping_status":"closed","template":"g1_template_page_review_new.php","meta":{"_acf_changed":false,"cwp_meta_box_check":"Yes","cwp_rev_product_name":"","cwp_rev_product_image":"","wppr_links":[],"cwp_rev_price":"","wppr_options":[],"wppr_pros":[],"wppr_cons":[],"_monsterinsights_skip_tracking":false,"_monsterinsights_sitenote_active":false,"_monsterinsights_sitenote_note":"","_monsterinsights_sitenote_category":0,"footnotes":""},"categories":[12271],"tags":[12274,12309,12275,12276,12273,12277],"features":[],"class_list":{"0":"post-55318","1":"page","2":"type-page","3":"status-publish","4":"has-post-thumbnail","6":"category-software-assistenza-domiciliare-categoria","7":"tag-assistenza-domiciliare","8":"tag-hospice-tools","9":"tag-piattaforma-assistenza-domiciliare","10":"tag-programma-assistenza-domiciliare","11":"tag-software-assistenza-domiciliare","12":"tag-soluzione-assistenza-domiciliare"},"wppr_data":{"cwp_meta_box_check":"Yes","cwp_rev_product_name":"","cwp_rev_product_image":"","cwp_image_link":"image","cwp_rev_price":"","wppr_rating":"0.00"},"acf":[],"yoast_head":"<!-- This site is optimized with the Yoast SEO plugin v27.4 - https:\/\/yoast.com\/product\/yoast-seo-wordpress\/ -->\n<title>Hospice Tools: recensione software assistenza domiciliare<\/title>\n<meta name=\"description\" content=\"Hospice Tools: recensione soluzione che possiede strumenti professionali di cui i team delle strutture di ricovero hanno bisogno.\" \/>\n<meta name=\"robots\" content=\"index, follow, max-snippet:-1, max-image-preview:large, max-video-preview:-1\" \/>\n<link rel=\"canonical\" href=\"https:\/\/www.accuratereviews.com\/it\/software-assistenza-domiciliare\/hospice-tools-recensione\/\" \/>\n<meta property=\"og:locale\" content=\"it_IT\" \/>\n<meta property=\"og:type\" content=\"article\" \/>\n<meta property=\"og:title\" content=\"Hospice Tools: recensione software assistenza domiciliare\" \/>\n<meta property=\"og:description\" content=\"Hospice Tools: recensione soluzione che possiede strumenti professionali di cui i team delle strutture di ricovero hanno bisogno.\" \/>\n<meta property=\"og:url\" content=\"https:\/\/www.accuratereviews.com\/it\/software-assistenza-domiciliare\/hospice-tools-recensione\/\" \/>\n<meta property=\"og:site_name\" content=\"Accurate Reviews\" \/>\n<meta property=\"og:image\" content=\"https:\/\/www.accuratereviews.com\/wp-content\/uploads\/2022\/03\/Hospice-Tools.png\" \/>\n\t<meta property=\"og:image:width\" content=\"1024\" \/>\n\t<meta property=\"og:image:height\" content=\"234\" \/>\n\t<meta property=\"og:image:type\" content=\"image\/png\" \/>\n<meta name=\"twitter:card\" content=\"summary_large_image\" \/>\n<meta name=\"twitter:label1\" content=\"Tempo di lettura stimato\" \/>\n\t<meta name=\"twitter:data1\" content=\"4 minuti\" \/>\n<script type=\"application\/ld+json\" class=\"yoast-schema-graph\">{\"@context\":\"https:\\\/\\\/schema.org\",\"@graph\":[{\"@type\":\"WebPage\",\"@id\":\"https:\\\/\\\/www.accuratereviews.com\\\/it\\\/software-assistenza-domiciliare\\\/hospice-tools-recensione\\\/\",\"url\":\"https:\\\/\\\/www.accuratereviews.com\\\/it\\\/software-assistenza-domiciliare\\\/hospice-tools-recensione\\\/\",\"name\":\"Hospice Tools: recensione software assistenza domiciliare\",\"isPartOf\":{\"@id\":\"https:\\\/\\\/www.accuratereviews.com\\\/it\\\/#website\"},\"primaryImageOfPage\":{\"@id\":\"https:\\\/\\\/www.accuratereviews.com\\\/it\\\/software-assistenza-domiciliare\\\/hospice-tools-recensione\\\/#primaryimage\"},\"image\":{\"@id\":\"https:\\\/\\\/www.accuratereviews.com\\\/it\\\/software-assistenza-domiciliare\\\/hospice-tools-recensione\\\/#primaryimage\"},\"thumbnailUrl\":\"https:\\\/\\\/www.accuratereviews.com\\\/wp-content\\\/uploads\\\/2022\\\/03\\\/Hospice-Tools.png\",\"datePublished\":\"2022-03-25T12:05:24+00:00\",\"description\":\"Hospice Tools: recensione soluzione che possiede strumenti professionali di cui i team delle strutture di ricovero hanno bisogno.\",\"breadcrumb\":{\"@id\":\"https:\\\/\\\/www.accuratereviews.com\\\/it\\\/software-assistenza-domiciliare\\\/hospice-tools-recensione\\\/#breadcrumb\"},\"inLanguage\":\"it-IT\",\"potentialAction\":[{\"@type\":\"ReadAction\",\"target\":[\"https:\\\/\\\/www.accuratereviews.com\\\/it\\\/software-assistenza-domiciliare\\\/hospice-tools-recensione\\\/\"]}]},{\"@type\":\"ImageObject\",\"inLanguage\":\"it-IT\",\"@id\":\"https:\\\/\\\/www.accuratereviews.com\\\/it\\\/software-assistenza-domiciliare\\\/hospice-tools-recensione\\\/#primaryimage\",\"url\":\"https:\\\/\\\/www.accuratereviews.com\\\/wp-content\\\/uploads\\\/2022\\\/03\\\/Hospice-Tools.png\",\"contentUrl\":\"https:\\\/\\\/www.accuratereviews.com\\\/wp-content\\\/uploads\\\/2022\\\/03\\\/Hospice-Tools.png\",\"width\":1024,\"height\":234},{\"@type\":\"BreadcrumbList\",\"@id\":\"https:\\\/\\\/www.accuratereviews.com\\\/it\\\/software-assistenza-domiciliare\\\/hospice-tools-recensione\\\/#breadcrumb\",\"itemListElement\":[{\"@type\":\"ListItem\",\"position\":1,\"name\":\"Home\",\"item\":\"https:\\\/\\\/www.accuratereviews.com\\\/it\\\/\"},{\"@type\":\"ListItem\",\"position\":2,\"name\":\"Software assistenza domiciliare\",\"item\":\"https:\\\/\\\/www.accuratereviews.com\\\/it\\\/software-assistenza-domiciliare\\\/\"},{\"@type\":\"ListItem\",\"position\":3,\"name\":\"Hospice Tools\"}]},{\"@type\":\"WebSite\",\"@id\":\"https:\\\/\\\/www.accuratereviews.com\\\/it\\\/#website\",\"url\":\"https:\\\/\\\/www.accuratereviews.com\\\/it\\\/\",\"name\":\"Accurate Reviews\",\"description\":\"\",\"potentialAction\":[{\"@type\":\"SearchAction\",\"target\":{\"@type\":\"EntryPoint\",\"urlTemplate\":\"https:\\\/\\\/www.accuratereviews.com\\\/it\\\/?s={search_term_string}\"},\"query-input\":{\"@type\":\"PropertyValueSpecification\",\"valueRequired\":true,\"valueName\":\"search_term_string\"}}],\"inLanguage\":\"it-IT\"}]}<\/script>\n<!-- \/ Yoast SEO plugin. -->","yoast_head_json":{"title":"Hospice Tools: recensione software assistenza domiciliare","description":"Hospice Tools: recensione soluzione che possiede strumenti professionali di cui i team delle strutture di ricovero hanno bisogno.","robots":{"index":"index","follow":"follow","max-snippet":"max-snippet:-1","max-image-preview":"max-image-preview:large","max-video-preview":"max-video-preview:-1"},"canonical":"https:\/\/www.accuratereviews.com\/it\/software-assistenza-domiciliare\/hospice-tools-recensione\/","og_locale":"it_IT","og_type":"article","og_title":"Hospice Tools: recensione software assistenza domiciliare","og_description":"Hospice Tools: recensione soluzione che possiede strumenti professionali di cui i team delle strutture di ricovero hanno bisogno.","og_url":"https:\/\/www.accuratereviews.com\/it\/software-assistenza-domiciliare\/hospice-tools-recensione\/","og_site_name":"Accurate Reviews","og_image":[{"width":1024,"height":234,"url":"https:\/\/www.accuratereviews.com\/wp-content\/uploads\/2022\/03\/Hospice-Tools.png","type":"image\/png"}],"twitter_card":"summary_large_image","twitter_misc":{"Tempo di lettura stimato":"4 minuti"},"schema":{"@context":"https:\/\/schema.org","@graph":[{"@type":"WebPage","@id":"https:\/\/www.accuratereviews.com\/it\/software-assistenza-domiciliare\/hospice-tools-recensione\/","url":"https:\/\/www.accuratereviews.com\/it\/software-assistenza-domiciliare\/hospice-tools-recensione\/","name":"Hospice Tools: recensione software assistenza domiciliare","isPartOf":{"@id":"https:\/\/www.accuratereviews.com\/it\/#website"},"primaryImageOfPage":{"@id":"https:\/\/www.accuratereviews.com\/it\/software-assistenza-domiciliare\/hospice-tools-recensione\/#primaryimage"},"image":{"@id":"https:\/\/www.accuratereviews.com\/it\/software-assistenza-domiciliare\/hospice-tools-recensione\/#primaryimage"},"thumbnailUrl":"https:\/\/www.accuratereviews.com\/wp-content\/uploads\/2022\/03\/Hospice-Tools.png","datePublished":"2022-03-25T12:05:24+00:00","description":"Hospice Tools: recensione soluzione che possiede strumenti professionali di cui i team delle strutture di ricovero hanno bisogno.","breadcrumb":{"@id":"https:\/\/www.accuratereviews.com\/it\/software-assistenza-domiciliare\/hospice-tools-recensione\/#breadcrumb"},"inLanguage":"it-IT","potentialAction":[{"@type":"ReadAction","target":["https:\/\/www.accuratereviews.com\/it\/software-assistenza-domiciliare\/hospice-tools-recensione\/"]}]},{"@type":"ImageObject","inLanguage":"it-IT","@id":"https:\/\/www.accuratereviews.com\/it\/software-assistenza-domiciliare\/hospice-tools-recensione\/#primaryimage","url":"https:\/\/www.accuratereviews.com\/wp-content\/uploads\/2022\/03\/Hospice-Tools.png","contentUrl":"https:\/\/www.accuratereviews.com\/wp-content\/uploads\/2022\/03\/Hospice-Tools.png","width":1024,"height":234},{"@type":"BreadcrumbList","@id":"https:\/\/www.accuratereviews.com\/it\/software-assistenza-domiciliare\/hospice-tools-recensione\/#breadcrumb","itemListElement":[{"@type":"ListItem","position":1,"name":"Home","item":"https:\/\/www.accuratereviews.com\/it\/"},{"@type":"ListItem","position":2,"name":"Software assistenza domiciliare","item":"https:\/\/www.accuratereviews.com\/it\/software-assistenza-domiciliare\/"},{"@type":"ListItem","position":3,"name":"Hospice Tools"}]},{"@type":"WebSite","@id":"https:\/\/www.accuratereviews.com\/it\/#website","url":"https:\/\/www.accuratereviews.com\/it\/","name":"Accurate Reviews","description":"","potentialAction":[{"@type":"SearchAction","target":{"@type":"EntryPoint","urlTemplate":"https:\/\/www.accuratereviews.com\/it\/?s={search_term_string}"},"query-input":{"@type":"PropertyValueSpecification","valueRequired":true,"valueName":"search_term_string"}}],"inLanguage":"it-IT"}]}},"_links":{"self":[{"href":"https:\/\/www.accuratereviews.com\/it\/wp-json\/wp\/v2\/pages\/55318","targetHints":{"allow":["GET"]}}],"collection":[{"href":"https:\/\/www.accuratereviews.com\/it\/wp-json\/wp\/v2\/pages"}],"about":[{"href":"https:\/\/www.accuratereviews.com\/it\/wp-json\/wp\/v2\/types\/page"}],"author":[{"embeddable":true,"href":"https:\/\/www.accuratereviews.com\/it\/wp-json\/wp\/v2\/users\/19"}],"replies":[{"embeddable":true,"href":"https:\/\/www.accuratereviews.com\/it\/wp-json\/wp\/v2\/comments?post=55318"}],"version-history":[{"count":11,"href":"https:\/\/www.accuratereviews.com\/it\/wp-json\/wp\/v2\/pages\/55318\/revisions"}],"predecessor-version":[{"id":55362,"href":"https:\/\/www.accuratereviews.com\/it\/wp-json\/wp\/v2\/pages\/55318\/revisions\/55362"}],"up":[{"embeddable":true,"href":"https:\/\/www.accuratereviews.com\/it\/wp-json\/wp\/v2\/pages\/55061"}],"wp:featuredmedia":[{"embeddable":true,"href":"https:\/\/www.accuratereviews.com\/it\/wp-json\/wp\/v2\/media\/55319"}],"wp:attachment":[{"href":"https:\/\/www.accuratereviews.com\/it\/wp-json\/wp\/v2\/media?parent=55318"}],"wp:term":[{"taxonomy":"category","embeddable":true,"href":"https:\/\/www.accuratereviews.com\/it\/wp-json\/wp\/v2\/categories?post=55318"},{"taxonomy":"post_tag","embeddable":true,"href":"https:\/\/www.accuratereviews.com\/it\/wp-json\/wp\/v2\/tags?post=55318"},{"taxonomy":"features","embeddable":true,"href":"https:\/\/www.accuratereviews.com\/it\/wp-json\/wp\/v2\/features?post=55318"}],"curies":[{"name":"wp","href":"https:\/\/api.w.org\/{rel}","templated":true}]}}