{"id":55371,"date":"2022-03-28T11:02:07","date_gmt":"2022-03-28T11:02:07","guid":{"rendered":"https:\/\/www.accuratereviews.com\/?page_id=55371"},"modified":"2022-03-28T17:32:41","modified_gmt":"2022-03-28T17:32:41","slug":"careficient-recensione","status":"publish","type":"page","link":"https:\/\/www.accuratereviews.com\/it\/software-assistenza-domiciliare\/careficient-recensione\/","title":{"rendered":"Careficient"},"content":{"rendered":"<p><strong>Careficient<\/strong> \u00e8 un<strong> software per l&#8217;assistenza domiciliare<\/strong> che si rivolge a chi si occupa di gestire ed erogare i servizi sanitari a domicilio. Si tratta di una soluzione basata sul web che consente di gestire qualsiasi cosa: dall&#8217;accettazione alla programmazione, alla fatturazione, ai report, alle referenze e ad altro ancora.<br \/>\nGrazie a un sistema completo come <strong>Careficient<\/strong>, ridurrete notevolmente gli ostacoli nel vostro flusso di lavoro e massimizzerai l&#8217;efficienza della vostra organizzazione. In questo modo potrete concentrare le vostre risorse unicamente sulla cura dei pazienti.<\/p>\n<h2>CAREFICIENT &#8211; TUTORIAL<\/h2>\n<div id=\"fluid-wrapper-counter-1\" class=\"g1-fluid-wrapper \" style=\"width:686px;\">\n<div style=\"padding-bottom:56.268221574344%;\"><iframe loading=\"lazy\" title=\"Careficient CareVisit overview  video\" width=\"686\" height=\"386\" src=\"https:\/\/www.youtube.com\/embed\/vXje4nE3faY?feature=oembed&amp;wmode=transparent&amp;autohide=1&amp;autoplay=0&amp;disablekb=0&amp;fs=1&amp;loop=0&amp;enablejsapi=1&amp;rel=0&amp;controls=2&amp;showinfo=0&amp;wmode=transparent&amp;autohide=2&amp;autoplay=0&amp;disablekb=0&amp;fs=1&amp;loop=0&amp;enablejsapi=1&amp;rel=0&amp;controls=2&amp;showinfo=1\" frameborder=\"0\" allow=\"accelerometer; autoplay; clipboard-write; encrypted-media; gyroscope; picture-in-picture\" allowfullscreen><\/iframe><\/div>\n<\/div>\n<h3>CAREFICIENT &#8211; CARATTERISTICHE<\/h3>\n<ul>\n<li><strong>Gestione completa del flusso di lavoro<\/strong>: il flusso di lavoro guidato dagli eventi ti porta attraverso tutte le azioni necessarie nel modo pi\u00f9 efficiente possibile. Tutte le questioni di conformit\u00e0 sono soddisfatte e tutta la documentazione richiesta viene compilata<\/li>\n<li><strong>Fatturazione semplificata e A\/R<\/strong>: fatturare in tutti i momenti appropriati e rispettare tutte le scadenze essenziali<\/li>\n<li><strong>Impostazioni personalizzate del cliente<\/strong>: soddisfa i requisiti di tutti i principali clienti e offre una completa personalizzazione per gli altri<\/li>\n<li><strong>Verifica dell&#8217;idoneit\u00e0 integrata<\/strong>: smettete di utilizzare strumenti aggiuntivi. La verifica di Careficient si inserisce perfettamente nel vostro processo di flusso di lavoro<\/li>\n<li><strong>Programmazione integrata di pazienti e personale<\/strong>: identificate rapidamente i membri del personale disponibili con le competenze necessarie per soddisfare il piano di cura del paziente<\/li>\n<li><strong>Presentazione e convalida:<\/strong>\u00a0tutti i moduli necessari sono completamente integrati nel sistema e vengono generati e inviati automaticamente allo stato per voi<\/li>\n<li><strong>Riduzione dei costi di manodopera<\/strong>, dei rifiuti e dei dinieghi delle richieste di rimborso: automatizzate i vostri processi manuali. Un flusso di dati pi\u00f9 pulito significa una fatturazione pi\u00f9 pulita<\/li>\n<li><strong>Supporto per assistenza sanitaria a domicilio, hospice, cure palliative e servizi privati<\/strong>: se avete pi\u00f9 tipi di attivit\u00e0, Careficient le copre tutte.<\/li>\n<\/ul>\n<h4>LE RECENSIONI DEGLI UTENTI<\/h4>\n<p><strong>Shelly L. &#8220;Molto funzionale&#8221;<\/strong><br \/>\nCOMMENTI: avrei voluto trovare questa azienda anni fa.<br \/>\nPRO: questo software \u00e8 cos\u00ec facile da usare. \u00c8 personalizzabile per adattarsi al nostro mix di business e ha tutte le caratteristiche che le grandi societ\u00e0 di software hanno ma ad un prezzo ragionevole. Il supporto \u00e8 fantastico e il team di implementazione \u00e8 incredibile. Anche la conformit\u00e0 in corso \u00e8 incredibile. Per la prima volta da anni sono in grado di tracciare AR e pagamenti senza problemi. I rapporti sono fantastici e la fatturazione \u00e8 FANTASTICA.<br \/>\nCONTRO: ci sono un paio di aree che sono leggermente complicate, ma niente di orribile.<\/p>\n<p><strong>Tami G. &#8220;Careficient AMS \u00e8 facile da usare&#8221;<\/strong><br \/>\nCOMMENTI: usiamo il software per tenere traccia delle informazioni sui pazienti &#8211; visite, orari, ecc. Viene utilizzato anche come sistema di pagamento. Le visite dei medici sono registrate in Careficient. Tuttavia, ADP \u00e8 il software con cui vengono pagati. Quindi il libro paga in Carifiienct deve essere elaborato prima di poter tagliare gli assegni in ADP<br \/>\nPRO: facile da usare, cattura importanti informazioni sui pazienti. L&#8217;azienda \u00e8 super amichevole, e alcuni software sono stati personalizzati per voi.<br \/>\nCONTRO: non funziona con ADP Run. Quindi, il mio intero libro paga finisce per essere fatto due volte &#8211; per centinaia di dipendenti W2 e 1099, questo \u00e8 un sacco di lavoro<\/p>\n<p><strong>Terri E. &#8220;Salute a domicilio&#8221;<\/strong><br \/>\nPRO: ho usato altre aziende, e c&#8217;\u00e8 poco o nessun supporto. Il personale di Careficient \u00e8 prontamente disponibile per aiutare e risolvere i problemi. Il team ci sta aiutando ad aggiungere cose di cui avevamo bisogno nel software.<br \/>\nCONTRO: niente. Tutto \u00e8 stato come hanno promesso.<\/p>\n","protected":false},"excerpt":{"rendered":"<p>Careficient \u00e8 un software per l&#8217;assistenza domiciliare che si rivolge a tutti quegli egli che si occupano di gestire ed erogare i servizi sanitari a domicilio. Si tratta di una soluzione basata sul web che consente di gestire qualsiasi cosa: dall&#8217;accettazione alla programmazione alla fatturazione ai report alle referenze e ad altro ancora.<\/p>\n","protected":false},"author":17,"featured_media":55372,"parent":55061,"menu_order":0,"comment_status":"open","ping_status":"closed","template":"g1_template_page_review_new.php","meta":{"_acf_changed":false,"cwp_meta_box_check":"No","cwp_rev_product_name":"","cwp_rev_product_image":"","wppr_links":[],"cwp_rev_price":"","wppr_options":[],"wppr_pros":[],"wppr_cons":[],"_monsterinsights_skip_tracking":false,"_monsterinsights_sitenote_active":false,"_monsterinsights_sitenote_note":"","_monsterinsights_sitenote_category":0,"footnotes":""},"categories":[12271],"tags":[12274,12275,12276,12273,12277],"features":[],"class_list":{"0":"post-55371","1":"page","2":"type-page","3":"status-publish","4":"has-post-thumbnail","6":"category-software-assistenza-domiciliare-categoria","7":"tag-assistenza-domiciliare","8":"tag-piattaforma-assistenza-domiciliare","9":"tag-programma-assistenza-domiciliare","10":"tag-software-assistenza-domiciliare","11":"tag-soluzione-assistenza-domiciliare"},"wppr_data":{"cwp_meta_box_check":"No"},"acf":[],"yoast_head":"<!-- This site is optimized with the Yoast SEO plugin v27.4 - https:\/\/yoast.com\/product\/yoast-seo-wordpress\/ -->\n<title>Careficient: recensione software assistenza domiciliare - Accurate Reviews<\/title>\n<meta name=\"description\" content=\"Careficient: recensione del software per l&#039;assistenza domiciliare che si rivolge a enti che si occupano di servizi sanitari a domicilio.\" \/>\n<meta name=\"robots\" content=\"index, follow, max-snippet:-1, max-image-preview:large, max-video-preview:-1\" \/>\n<link rel=\"canonical\" href=\"https:\/\/www.accuratereviews.com\/it\/software-assistenza-domiciliare\/careficient-recensione\/\" \/>\n<meta property=\"og:locale\" content=\"it_IT\" \/>\n<meta property=\"og:type\" content=\"article\" \/>\n<meta property=\"og:title\" content=\"Careficient: recensione software assistenza domiciliare - Accurate Reviews\" \/>\n<meta property=\"og:description\" content=\"Careficient: recensione del software per l&#039;assistenza domiciliare che si rivolge a enti che si occupano di servizi sanitari a domicilio.\" \/>\n<meta property=\"og:url\" content=\"https:\/\/www.accuratereviews.com\/it\/software-assistenza-domiciliare\/careficient-recensione\/\" \/>\n<meta property=\"og:site_name\" content=\"Accurate Reviews\" \/>\n<meta property=\"article:modified_time\" content=\"2022-03-28T17:32:41+00:00\" \/>\n<meta property=\"og:image\" content=\"https:\/\/www.accuratereviews.com\/wp-content\/uploads\/2022\/03\/Schermata-2022-03-27-alle-10.51.52.png\" \/>\n\t<meta property=\"og:image:width\" content=\"1062\" \/>\n\t<meta property=\"og:image:height\" content=\"200\" \/>\n\t<meta property=\"og:image:type\" content=\"image\/png\" \/>\n<meta name=\"twitter:card\" content=\"summary_large_image\" \/>\n<meta name=\"twitter:label1\" content=\"Tempo di lettura stimato\" \/>\n\t<meta name=\"twitter:data1\" content=\"3 minuti\" \/>\n<script type=\"application\/ld+json\" class=\"yoast-schema-graph\">{\"@context\":\"https:\\\/\\\/schema.org\",\"@graph\":[{\"@type\":\"WebPage\",\"@id\":\"https:\\\/\\\/www.accuratereviews.com\\\/it\\\/software-assistenza-domiciliare\\\/careficient-recensione\\\/\",\"url\":\"https:\\\/\\\/www.accuratereviews.com\\\/it\\\/software-assistenza-domiciliare\\\/careficient-recensione\\\/\",\"name\":\"Careficient: recensione software assistenza domiciliare - Accurate Reviews\",\"isPartOf\":{\"@id\":\"https:\\\/\\\/www.accuratereviews.com\\\/it\\\/#website\"},\"primaryImageOfPage\":{\"@id\":\"https:\\\/\\\/www.accuratereviews.com\\\/it\\\/software-assistenza-domiciliare\\\/careficient-recensione\\\/#primaryimage\"},\"image\":{\"@id\":\"https:\\\/\\\/www.accuratereviews.com\\\/it\\\/software-assistenza-domiciliare\\\/careficient-recensione\\\/#primaryimage\"},\"thumbnailUrl\":\"https:\\\/\\\/www.accuratereviews.com\\\/wp-content\\\/uploads\\\/2022\\\/03\\\/Schermata-2022-03-27-alle-10.51.52.png\",\"datePublished\":\"2022-03-28T11:02:07+00:00\",\"dateModified\":\"2022-03-28T17:32:41+00:00\",\"description\":\"Careficient: recensione del software per l'assistenza domiciliare che si rivolge a enti che si occupano di servizi sanitari a domicilio.\",\"breadcrumb\":{\"@id\":\"https:\\\/\\\/www.accuratereviews.com\\\/it\\\/software-assistenza-domiciliare\\\/careficient-recensione\\\/#breadcrumb\"},\"inLanguage\":\"it-IT\",\"potentialAction\":[{\"@type\":\"ReadAction\",\"target\":[\"https:\\\/\\\/www.accuratereviews.com\\\/it\\\/software-assistenza-domiciliare\\\/careficient-recensione\\\/\"]}]},{\"@type\":\"ImageObject\",\"inLanguage\":\"it-IT\",\"@id\":\"https:\\\/\\\/www.accuratereviews.com\\\/it\\\/software-assistenza-domiciliare\\\/careficient-recensione\\\/#primaryimage\",\"url\":\"https:\\\/\\\/www.accuratereviews.com\\\/wp-content\\\/uploads\\\/2022\\\/03\\\/Schermata-2022-03-27-alle-10.51.52.png\",\"contentUrl\":\"https:\\\/\\\/www.accuratereviews.com\\\/wp-content\\\/uploads\\\/2022\\\/03\\\/Schermata-2022-03-27-alle-10.51.52.png\",\"width\":1062,\"height\":200},{\"@type\":\"BreadcrumbList\",\"@id\":\"https:\\\/\\\/www.accuratereviews.com\\\/it\\\/software-assistenza-domiciliare\\\/careficient-recensione\\\/#breadcrumb\",\"itemListElement\":[{\"@type\":\"ListItem\",\"position\":1,\"name\":\"Home\",\"item\":\"https:\\\/\\\/www.accuratereviews.com\\\/it\\\/\"},{\"@type\":\"ListItem\",\"position\":2,\"name\":\"Software assistenza domiciliare\",\"item\":\"https:\\\/\\\/www.accuratereviews.com\\\/it\\\/software-assistenza-domiciliare\\\/\"},{\"@type\":\"ListItem\",\"position\":3,\"name\":\"Careficient\"}]},{\"@type\":\"WebSite\",\"@id\":\"https:\\\/\\\/www.accuratereviews.com\\\/it\\\/#website\",\"url\":\"https:\\\/\\\/www.accuratereviews.com\\\/it\\\/\",\"name\":\"Accurate Reviews\",\"description\":\"\",\"potentialAction\":[{\"@type\":\"SearchAction\",\"target\":{\"@type\":\"EntryPoint\",\"urlTemplate\":\"https:\\\/\\\/www.accuratereviews.com\\\/it\\\/?s={search_term_string}\"},\"query-input\":{\"@type\":\"PropertyValueSpecification\",\"valueRequired\":true,\"valueName\":\"search_term_string\"}}],\"inLanguage\":\"it-IT\"}]}<\/script>\n<!-- \/ Yoast SEO plugin. -->","yoast_head_json":{"title":"Careficient: recensione software assistenza domiciliare - Accurate Reviews","description":"Careficient: recensione del software per l'assistenza domiciliare che si rivolge a enti che si occupano di servizi sanitari a domicilio.","robots":{"index":"index","follow":"follow","max-snippet":"max-snippet:-1","max-image-preview":"max-image-preview:large","max-video-preview":"max-video-preview:-1"},"canonical":"https:\/\/www.accuratereviews.com\/it\/software-assistenza-domiciliare\/careficient-recensione\/","og_locale":"it_IT","og_type":"article","og_title":"Careficient: recensione software assistenza domiciliare - Accurate Reviews","og_description":"Careficient: recensione del software per l'assistenza domiciliare che si rivolge a enti che si occupano di servizi sanitari a domicilio.","og_url":"https:\/\/www.accuratereviews.com\/it\/software-assistenza-domiciliare\/careficient-recensione\/","og_site_name":"Accurate Reviews","article_modified_time":"2022-03-28T17:32:41+00:00","og_image":[{"width":1062,"height":200,"url":"https:\/\/www.accuratereviews.com\/wp-content\/uploads\/2022\/03\/Schermata-2022-03-27-alle-10.51.52.png","type":"image\/png"}],"twitter_card":"summary_large_image","twitter_misc":{"Tempo di lettura stimato":"3 minuti"},"schema":{"@context":"https:\/\/schema.org","@graph":[{"@type":"WebPage","@id":"https:\/\/www.accuratereviews.com\/it\/software-assistenza-domiciliare\/careficient-recensione\/","url":"https:\/\/www.accuratereviews.com\/it\/software-assistenza-domiciliare\/careficient-recensione\/","name":"Careficient: recensione software assistenza domiciliare - Accurate Reviews","isPartOf":{"@id":"https:\/\/www.accuratereviews.com\/it\/#website"},"primaryImageOfPage":{"@id":"https:\/\/www.accuratereviews.com\/it\/software-assistenza-domiciliare\/careficient-recensione\/#primaryimage"},"image":{"@id":"https:\/\/www.accuratereviews.com\/it\/software-assistenza-domiciliare\/careficient-recensione\/#primaryimage"},"thumbnailUrl":"https:\/\/www.accuratereviews.com\/wp-content\/uploads\/2022\/03\/Schermata-2022-03-27-alle-10.51.52.png","datePublished":"2022-03-28T11:02:07+00:00","dateModified":"2022-03-28T17:32:41+00:00","description":"Careficient: recensione del software per l'assistenza domiciliare che si rivolge a enti che si occupano di servizi sanitari a domicilio.","breadcrumb":{"@id":"https:\/\/www.accuratereviews.com\/it\/software-assistenza-domiciliare\/careficient-recensione\/#breadcrumb"},"inLanguage":"it-IT","potentialAction":[{"@type":"ReadAction","target":["https:\/\/www.accuratereviews.com\/it\/software-assistenza-domiciliare\/careficient-recensione\/"]}]},{"@type":"ImageObject","inLanguage":"it-IT","@id":"https:\/\/www.accuratereviews.com\/it\/software-assistenza-domiciliare\/careficient-recensione\/#primaryimage","url":"https:\/\/www.accuratereviews.com\/wp-content\/uploads\/2022\/03\/Schermata-2022-03-27-alle-10.51.52.png","contentUrl":"https:\/\/www.accuratereviews.com\/wp-content\/uploads\/2022\/03\/Schermata-2022-03-27-alle-10.51.52.png","width":1062,"height":200},{"@type":"BreadcrumbList","@id":"https:\/\/www.accuratereviews.com\/it\/software-assistenza-domiciliare\/careficient-recensione\/#breadcrumb","itemListElement":[{"@type":"ListItem","position":1,"name":"Home","item":"https:\/\/www.accuratereviews.com\/it\/"},{"@type":"ListItem","position":2,"name":"Software assistenza domiciliare","item":"https:\/\/www.accuratereviews.com\/it\/software-assistenza-domiciliare\/"},{"@type":"ListItem","position":3,"name":"Careficient"}]},{"@type":"WebSite","@id":"https:\/\/www.accuratereviews.com\/it\/#website","url":"https:\/\/www.accuratereviews.com\/it\/","name":"Accurate Reviews","description":"","potentialAction":[{"@type":"SearchAction","target":{"@type":"EntryPoint","urlTemplate":"https:\/\/www.accuratereviews.com\/it\/?s={search_term_string}"},"query-input":{"@type":"PropertyValueSpecification","valueRequired":true,"valueName":"search_term_string"}}],"inLanguage":"it-IT"}]}},"_links":{"self":[{"href":"https:\/\/www.accuratereviews.com\/it\/wp-json\/wp\/v2\/pages\/55371","targetHints":{"allow":["GET"]}}],"collection":[{"href":"https:\/\/www.accuratereviews.com\/it\/wp-json\/wp\/v2\/pages"}],"about":[{"href":"https:\/\/www.accuratereviews.com\/it\/wp-json\/wp\/v2\/types\/page"}],"author":[{"embeddable":true,"href":"https:\/\/www.accuratereviews.com\/it\/wp-json\/wp\/v2\/users\/17"}],"replies":[{"embeddable":true,"href":"https:\/\/www.accuratereviews.com\/it\/wp-json\/wp\/v2\/comments?post=55371"}],"version-history":[{"count":6,"href":"https:\/\/www.accuratereviews.com\/it\/wp-json\/wp\/v2\/pages\/55371\/revisions"}],"predecessor-version":[{"id":55450,"href":"https:\/\/www.accuratereviews.com\/it\/wp-json\/wp\/v2\/pages\/55371\/revisions\/55450"}],"up":[{"embeddable":true,"href":"https:\/\/www.accuratereviews.com\/it\/wp-json\/wp\/v2\/pages\/55061"}],"wp:featuredmedia":[{"embeddable":true,"href":"https:\/\/www.accuratereviews.com\/it\/wp-json\/wp\/v2\/media\/55372"}],"wp:attachment":[{"href":"https:\/\/www.accuratereviews.com\/it\/wp-json\/wp\/v2\/media?parent=55371"}],"wp:term":[{"taxonomy":"category","embeddable":true,"href":"https:\/\/www.accuratereviews.com\/it\/wp-json\/wp\/v2\/categories?post=55371"},{"taxonomy":"post_tag","embeddable":true,"href":"https:\/\/www.accuratereviews.com\/it\/wp-json\/wp\/v2\/tags?post=55371"},{"taxonomy":"features","embeddable":true,"href":"https:\/\/www.accuratereviews.com\/it\/wp-json\/wp\/v2\/features?post=55371"}],"curies":[{"name":"wp","href":"https:\/\/api.w.org\/{rel}","templated":true}]}}