{"id":55392,"date":"2022-03-28T10:56:22","date_gmt":"2022-03-28T10:56:22","guid":{"rendered":"https:\/\/www.accuratereviews.com\/?page_id=55392"},"modified":"2022-03-28T17:32:48","modified_gmt":"2022-03-28T17:32:48","slug":"hummingbird-recensione","status":"publish","type":"page","link":"https:\/\/www.accuratereviews.com\/it\/software-assistenza-domiciliare\/hummingbird-recensione\/","title":{"rendered":"Hummingbird"},"content":{"rendered":"<p class=\"h3 mb-1\"><strong>Hummingbird<\/strong>\u00a0\u00e8 un <strong>software per assistenza domiciliare<\/strong> a malati in fin di vita progettato per ospizi e centri di cure palliative. Offre strumenti avanzati di conformit\u00e0 e integrazioni per una gestione amministrativa pi\u00f9 efficiente e veloce, infatti \u00e8 disponibile sia la versione desktop che la versione mobile, per dispositivi iOS e Android.<br \/>\n<strong>Hummingbird<\/strong>\u00a0\u00e8 un programma intuitivo e facile da usare che ha l&#8217;obiettivo primario di dare maggiore spazio a ci\u00f2 che conta realmente: la qualit\u00e0 della cura del paziente.<\/p>\n<h2 class=\"h3 mb-1\">HUMMINGBIRD &#8211; TUTORIAL<\/h2>\n<div id=\"fluid-wrapper-counter-1\" class=\"g1-fluid-wrapper \" style=\"width:686px;\">\n<div style=\"padding-bottom:56.268221574344%;\"><iframe loading=\"lazy\" title=\"mumms Softwares&#039; Hospice-Specific EMR: Hummingbird in 2022\" width=\"686\" height=\"386\" src=\"https:\/\/www.youtube.com\/embed\/2iD0Lg6aqeM?feature=oembed&amp;wmode=transparent&amp;autohide=1&amp;autoplay=0&amp;disablekb=0&amp;fs=1&amp;loop=0&amp;enablejsapi=1&amp;rel=0&amp;controls=2&amp;showinfo=0&amp;wmode=transparent&amp;autohide=2&amp;autoplay=0&amp;disablekb=0&amp;fs=1&amp;loop=0&amp;enablejsapi=1&amp;rel=0&amp;controls=2&amp;showinfo=1\" frameborder=\"0\" allow=\"accelerometer; autoplay; clipboard-write; encrypted-media; gyroscope; picture-in-picture\" allowfullscreen><\/iframe><\/div>\n<\/div>\n<h3>HOMMINGBIRD &#8211; CARATTERISTICHE<\/h3>\n<ul>\n<li>Gestione dei referenti<\/li>\n<li>Invio e monitoraggio di NOE e richieste di rimborso completamente automatizzati<\/li>\n<li>Facile assunzione\/dimissione<\/li>\n<li>Dashboard interattivi<\/li>\n<li>Scheduler CPF (Care Plan Frequency)<\/li>\n<li>Personalizzazione flessibile<\/li>\n<li>Database integrati (NPI di medici e strutture, tariffe e codici CBSA, piani tariffari dei medici, ICD10 e farmaci)<\/li>\n<li>Aggiornamenti &#8220;hands-off&#8221; veloci e affidabili<\/li>\n<li>Flussi di lavoro intuitivi<\/li>\n<li>Utenti illimitati<\/li>\n<li>Scheduler legato al piano di cura<\/li>\n<li>IDG semplificato<\/li>\n<li>Misure e andamenti del paziente nel tempo<\/li>\n<li>Facile accesso ai dati storici (Manifest)<\/li>\n<li>Cartelle del paziente intuitive<\/li>\n<li>Certificazioni dei medici (DocLink)<\/li>\n<li>Piani di cura interdisciplinari<\/li>\n<li>Allegati nelle cartelle<\/li>\n<li>Strumenti per il lutto.<\/li>\n<\/ul>\n<h4>LE RECENSIONI DEGLI UTENTI<\/h4>\n<p><strong>Jennifer P. &#8220;Buona assistenza clienti&#8221;<\/strong><br \/>\nPRO: amo i rapporti, la facilit\u00e0 d&#8217;uso e le risposte rapide del servizio clienti. Inoltre fanno i nostri moduli su misura per noi!<br \/>\nCONTRO: pu\u00f2 essere buggato a volte. Ma sono bravissimi a risolverli velocemente<\/p>\n<p><strong>Trever A. &#8220;Grande EMR&#8221;<\/strong><br \/>\nCOMMENTI: \u00c8 stata un&#8217;esperienza positiva fino a questo punto. Non vedo l&#8217;ora di tutti i cambiamenti che sono sul tavolo per il futuro.<br \/>\nPRO: la sua facilit\u00e0 d&#8217;uso e di navigazione. Anche facilmente adattabile alle esigenze specifiche della nostra azienda.<br \/>\nCONTRO: utilizza una vecchia versione di firefox e a volte \u00e8 necessario reinstallare pi\u00f9 volte.<\/p>\n<p><strong>Susan G. &#8220;Ottimo prodotto&#8221;<\/strong><br \/>\nPRO: mi piace che \u00e8 legato al sistema Medicare DDE ed \u00e8 in tempo reale. Rende la verifica dei benefici di Medicare e la notifica dei ricoveri a Medicare molto pi\u00f9 facile e veloce. Stanno costantemente aggiornando e mettendo a punto questo prodotto per renderlo pi\u00f9 facile da usare, il che \u00e8 un bonus.<br \/>\nCONTRO: vorrei avere un manuale per navigare nel sistema un po&#8217; pi\u00f9 facilmente. Sono sicuro che ci sono funzioni che potrei utilizzare e di cui non sono a conoscenza.<\/p>\n","protected":false},"excerpt":{"rendered":"<p>Hummingbird\u00a0\u00e8 un software per assistenza domiciliare a malati in fin di vita progettato per ospizi e centri di cure palliative. Offre strumenti avanzati di conformit\u00e0 e integrazioni per una gestione amministrativa pi\u00f9 efficiente e veloce, infatti \u00e8 disponibile sia la versione desktop che la versione mobile, per dispositivi iOS e Android.\u00a0<\/p>\n","protected":false},"author":17,"featured_media":55410,"parent":55061,"menu_order":0,"comment_status":"open","ping_status":"closed","template":"g1_template_page_review_new.php","meta":{"_acf_changed":false,"cwp_meta_box_check":"No","cwp_rev_product_name":"","cwp_rev_product_image":"","wppr_links":[],"cwp_rev_price":"","wppr_options":[],"wppr_pros":[],"wppr_cons":[],"_monsterinsights_skip_tracking":false,"_monsterinsights_sitenote_active":false,"_monsterinsights_sitenote_note":"","_monsterinsights_sitenote_category":0,"footnotes":""},"categories":[12271],"tags":[12274,12275,12276,12273,12277],"features":[],"class_list":{"0":"post-55392","1":"page","2":"type-page","3":"status-publish","4":"has-post-thumbnail","6":"category-software-assistenza-domiciliare-categoria","7":"tag-assistenza-domiciliare","8":"tag-piattaforma-assistenza-domiciliare","9":"tag-programma-assistenza-domiciliare","10":"tag-software-assistenza-domiciliare","11":"tag-soluzione-assistenza-domiciliare"},"wppr_data":{"cwp_meta_box_check":"No"},"acf":[],"yoast_head":"<!-- This site is optimized with the Yoast SEO plugin v27.4 - https:\/\/yoast.com\/product\/yoast-seo-wordpress\/ -->\n<title>Hummingbird: recensione software assistenza domiciliare<\/title>\n<meta name=\"description\" content=\"Hummingbird: recensione del software per assistenza domiciliare a malati in fin di vita progettato per ospizi e centri di cure palliative.\" \/>\n<meta name=\"robots\" content=\"index, follow, max-snippet:-1, max-image-preview:large, max-video-preview:-1\" \/>\n<link rel=\"canonical\" href=\"https:\/\/www.accuratereviews.com\/it\/software-assistenza-domiciliare\/hummingbird-recensione\/\" \/>\n<meta property=\"og:locale\" content=\"it_IT\" \/>\n<meta property=\"og:type\" content=\"article\" \/>\n<meta property=\"og:title\" content=\"Hummingbird: recensione software assistenza domiciliare\" \/>\n<meta property=\"og:description\" content=\"Hummingbird: recensione del software per assistenza domiciliare a malati in fin di vita progettato per ospizi e centri di cure palliative.\" \/>\n<meta property=\"og:url\" content=\"https:\/\/www.accuratereviews.com\/it\/software-assistenza-domiciliare\/hummingbird-recensione\/\" \/>\n<meta property=\"og:site_name\" content=\"Accurate Reviews\" \/>\n<meta property=\"article:modified_time\" content=\"2022-03-28T17:32:48+00:00\" \/>\n<meta property=\"og:image\" content=\"https:\/\/www.accuratereviews.com\/wp-content\/uploads\/2022\/03\/mumms-horizontal-logo-small-1024x265-1.png\" \/>\n\t<meta property=\"og:image:width\" content=\"1024\" \/>\n\t<meta property=\"og:image:height\" content=\"265\" \/>\n\t<meta property=\"og:image:type\" content=\"image\/png\" \/>\n<meta name=\"twitter:card\" content=\"summary_large_image\" \/>\n<meta name=\"twitter:label1\" content=\"Tempo di lettura stimato\" \/>\n\t<meta name=\"twitter:data1\" content=\"2 minuti\" \/>\n<script type=\"application\/ld+json\" class=\"yoast-schema-graph\">{\"@context\":\"https:\\\/\\\/schema.org\",\"@graph\":[{\"@type\":\"WebPage\",\"@id\":\"https:\\\/\\\/www.accuratereviews.com\\\/it\\\/software-assistenza-domiciliare\\\/hummingbird-recensione\\\/\",\"url\":\"https:\\\/\\\/www.accuratereviews.com\\\/it\\\/software-assistenza-domiciliare\\\/hummingbird-recensione\\\/\",\"name\":\"Hummingbird: recensione software assistenza domiciliare\",\"isPartOf\":{\"@id\":\"https:\\\/\\\/www.accuratereviews.com\\\/it\\\/#website\"},\"primaryImageOfPage\":{\"@id\":\"https:\\\/\\\/www.accuratereviews.com\\\/it\\\/software-assistenza-domiciliare\\\/hummingbird-recensione\\\/#primaryimage\"},\"image\":{\"@id\":\"https:\\\/\\\/www.accuratereviews.com\\\/it\\\/software-assistenza-domiciliare\\\/hummingbird-recensione\\\/#primaryimage\"},\"thumbnailUrl\":\"https:\\\/\\\/www.accuratereviews.com\\\/wp-content\\\/uploads\\\/2022\\\/03\\\/mumms-horizontal-logo-small-1024x265-1.png\",\"datePublished\":\"2022-03-28T10:56:22+00:00\",\"dateModified\":\"2022-03-28T17:32:48+00:00\",\"description\":\"Hummingbird: recensione del software per assistenza domiciliare a malati in fin di vita progettato per ospizi e centri di cure palliative.\",\"breadcrumb\":{\"@id\":\"https:\\\/\\\/www.accuratereviews.com\\\/it\\\/software-assistenza-domiciliare\\\/hummingbird-recensione\\\/#breadcrumb\"},\"inLanguage\":\"it-IT\",\"potentialAction\":[{\"@type\":\"ReadAction\",\"target\":[\"https:\\\/\\\/www.accuratereviews.com\\\/it\\\/software-assistenza-domiciliare\\\/hummingbird-recensione\\\/\"]}]},{\"@type\":\"ImageObject\",\"inLanguage\":\"it-IT\",\"@id\":\"https:\\\/\\\/www.accuratereviews.com\\\/it\\\/software-assistenza-domiciliare\\\/hummingbird-recensione\\\/#primaryimage\",\"url\":\"https:\\\/\\\/www.accuratereviews.com\\\/wp-content\\\/uploads\\\/2022\\\/03\\\/mumms-horizontal-logo-small-1024x265-1.png\",\"contentUrl\":\"https:\\\/\\\/www.accuratereviews.com\\\/wp-content\\\/uploads\\\/2022\\\/03\\\/mumms-horizontal-logo-small-1024x265-1.png\",\"width\":1024,\"height\":265},{\"@type\":\"BreadcrumbList\",\"@id\":\"https:\\\/\\\/www.accuratereviews.com\\\/it\\\/software-assistenza-domiciliare\\\/hummingbird-recensione\\\/#breadcrumb\",\"itemListElement\":[{\"@type\":\"ListItem\",\"position\":1,\"name\":\"Home\",\"item\":\"https:\\\/\\\/www.accuratereviews.com\\\/it\\\/\"},{\"@type\":\"ListItem\",\"position\":2,\"name\":\"Software assistenza domiciliare\",\"item\":\"https:\\\/\\\/www.accuratereviews.com\\\/it\\\/software-assistenza-domiciliare\\\/\"},{\"@type\":\"ListItem\",\"position\":3,\"name\":\"Hummingbird\"}]},{\"@type\":\"WebSite\",\"@id\":\"https:\\\/\\\/www.accuratereviews.com\\\/it\\\/#website\",\"url\":\"https:\\\/\\\/www.accuratereviews.com\\\/it\\\/\",\"name\":\"Accurate Reviews\",\"description\":\"\",\"potentialAction\":[{\"@type\":\"SearchAction\",\"target\":{\"@type\":\"EntryPoint\",\"urlTemplate\":\"https:\\\/\\\/www.accuratereviews.com\\\/it\\\/?s={search_term_string}\"},\"query-input\":{\"@type\":\"PropertyValueSpecification\",\"valueRequired\":true,\"valueName\":\"search_term_string\"}}],\"inLanguage\":\"it-IT\"}]}<\/script>\n<!-- \/ Yoast SEO plugin. -->","yoast_head_json":{"title":"Hummingbird: recensione software assistenza domiciliare","description":"Hummingbird: recensione del software per assistenza domiciliare a malati in fin di vita progettato per ospizi e centri di cure palliative.","robots":{"index":"index","follow":"follow","max-snippet":"max-snippet:-1","max-image-preview":"max-image-preview:large","max-video-preview":"max-video-preview:-1"},"canonical":"https:\/\/www.accuratereviews.com\/it\/software-assistenza-domiciliare\/hummingbird-recensione\/","og_locale":"it_IT","og_type":"article","og_title":"Hummingbird: recensione software assistenza domiciliare","og_description":"Hummingbird: recensione del software per assistenza domiciliare a malati in fin di vita progettato per ospizi e centri di cure palliative.","og_url":"https:\/\/www.accuratereviews.com\/it\/software-assistenza-domiciliare\/hummingbird-recensione\/","og_site_name":"Accurate Reviews","article_modified_time":"2022-03-28T17:32:48+00:00","og_image":[{"width":1024,"height":265,"url":"https:\/\/www.accuratereviews.com\/wp-content\/uploads\/2022\/03\/mumms-horizontal-logo-small-1024x265-1.png","type":"image\/png"}],"twitter_card":"summary_large_image","twitter_misc":{"Tempo di lettura stimato":"2 minuti"},"schema":{"@context":"https:\/\/schema.org","@graph":[{"@type":"WebPage","@id":"https:\/\/www.accuratereviews.com\/it\/software-assistenza-domiciliare\/hummingbird-recensione\/","url":"https:\/\/www.accuratereviews.com\/it\/software-assistenza-domiciliare\/hummingbird-recensione\/","name":"Hummingbird: recensione software assistenza domiciliare","isPartOf":{"@id":"https:\/\/www.accuratereviews.com\/it\/#website"},"primaryImageOfPage":{"@id":"https:\/\/www.accuratereviews.com\/it\/software-assistenza-domiciliare\/hummingbird-recensione\/#primaryimage"},"image":{"@id":"https:\/\/www.accuratereviews.com\/it\/software-assistenza-domiciliare\/hummingbird-recensione\/#primaryimage"},"thumbnailUrl":"https:\/\/www.accuratereviews.com\/wp-content\/uploads\/2022\/03\/mumms-horizontal-logo-small-1024x265-1.png","datePublished":"2022-03-28T10:56:22+00:00","dateModified":"2022-03-28T17:32:48+00:00","description":"Hummingbird: recensione del software per assistenza domiciliare a malati in fin di vita progettato per ospizi e centri di cure palliative.","breadcrumb":{"@id":"https:\/\/www.accuratereviews.com\/it\/software-assistenza-domiciliare\/hummingbird-recensione\/#breadcrumb"},"inLanguage":"it-IT","potentialAction":[{"@type":"ReadAction","target":["https:\/\/www.accuratereviews.com\/it\/software-assistenza-domiciliare\/hummingbird-recensione\/"]}]},{"@type":"ImageObject","inLanguage":"it-IT","@id":"https:\/\/www.accuratereviews.com\/it\/software-assistenza-domiciliare\/hummingbird-recensione\/#primaryimage","url":"https:\/\/www.accuratereviews.com\/wp-content\/uploads\/2022\/03\/mumms-horizontal-logo-small-1024x265-1.png","contentUrl":"https:\/\/www.accuratereviews.com\/wp-content\/uploads\/2022\/03\/mumms-horizontal-logo-small-1024x265-1.png","width":1024,"height":265},{"@type":"BreadcrumbList","@id":"https:\/\/www.accuratereviews.com\/it\/software-assistenza-domiciliare\/hummingbird-recensione\/#breadcrumb","itemListElement":[{"@type":"ListItem","position":1,"name":"Home","item":"https:\/\/www.accuratereviews.com\/it\/"},{"@type":"ListItem","position":2,"name":"Software assistenza domiciliare","item":"https:\/\/www.accuratereviews.com\/it\/software-assistenza-domiciliare\/"},{"@type":"ListItem","position":3,"name":"Hummingbird"}]},{"@type":"WebSite","@id":"https:\/\/www.accuratereviews.com\/it\/#website","url":"https:\/\/www.accuratereviews.com\/it\/","name":"Accurate Reviews","description":"","potentialAction":[{"@type":"SearchAction","target":{"@type":"EntryPoint","urlTemplate":"https:\/\/www.accuratereviews.com\/it\/?s={search_term_string}"},"query-input":{"@type":"PropertyValueSpecification","valueRequired":true,"valueName":"search_term_string"}}],"inLanguage":"it-IT"}]}},"_links":{"self":[{"href":"https:\/\/www.accuratereviews.com\/it\/wp-json\/wp\/v2\/pages\/55392","targetHints":{"allow":["GET"]}}],"collection":[{"href":"https:\/\/www.accuratereviews.com\/it\/wp-json\/wp\/v2\/pages"}],"about":[{"href":"https:\/\/www.accuratereviews.com\/it\/wp-json\/wp\/v2\/types\/page"}],"author":[{"embeddable":true,"href":"https:\/\/www.accuratereviews.com\/it\/wp-json\/wp\/v2\/users\/17"}],"replies":[{"embeddable":true,"href":"https:\/\/www.accuratereviews.com\/it\/wp-json\/wp\/v2\/comments?post=55392"}],"version-history":[{"count":4,"href":"https:\/\/www.accuratereviews.com\/it\/wp-json\/wp\/v2\/pages\/55392\/revisions"}],"predecessor-version":[{"id":55451,"href":"https:\/\/www.accuratereviews.com\/it\/wp-json\/wp\/v2\/pages\/55392\/revisions\/55451"}],"up":[{"embeddable":true,"href":"https:\/\/www.accuratereviews.com\/it\/wp-json\/wp\/v2\/pages\/55061"}],"wp:featuredmedia":[{"embeddable":true,"href":"https:\/\/www.accuratereviews.com\/it\/wp-json\/wp\/v2\/media\/55410"}],"wp:attachment":[{"href":"https:\/\/www.accuratereviews.com\/it\/wp-json\/wp\/v2\/media?parent=55392"}],"wp:term":[{"taxonomy":"category","embeddable":true,"href":"https:\/\/www.accuratereviews.com\/it\/wp-json\/wp\/v2\/categories?post=55392"},{"taxonomy":"post_tag","embeddable":true,"href":"https:\/\/www.accuratereviews.com\/it\/wp-json\/wp\/v2\/tags?post=55392"},{"taxonomy":"features","embeddable":true,"href":"https:\/\/www.accuratereviews.com\/it\/wp-json\/wp\/v2\/features?post=55392"}],"curies":[{"name":"wp","href":"https:\/\/api.w.org\/{rel}","templated":true}]}}