{"id":5544,"date":"2016-02-02T16:49:18","date_gmt":"2016-02-02T16:49:18","guid":{"rendered":"http:\/\/www.accuratereviews.com\/it\/migliori-server-smtp-lista\/turbosmtp\/"},"modified":"2018-02-14T11:35:19","modified_gmt":"2018-02-14T11:35:19","slug":"turbosmtp","status":"publish","type":"page","link":"https:\/\/www.accuratereviews.com\/it\/migliori-server-smtp-lista\/turbosmtp\/","title":{"rendered":"TurboSMTP"},"content":{"rendered":"<p><iframe loading=\"lazy\" src=\"https:\/\/www.youtube.com\/embed\/WeGRvML3hH0\" width=\"620\" height=\"375\" frameborder=\"0\" allowfullscreen=\"allowfullscreen\"><\/iframe><\/p>\n<p>Con la crescita del settore dell\u2019email marketing e delle mail di massa, \u00e8 arrivato il momento di regolamentare le cose: ora <strong>\u00e8 davvero cruciale seguire le norme dei server email<\/strong>, o il vostro messaggio finir\u00e0 nella casella spam, o addirittura sar\u00e0 cancellato. Scegliere <strong>un servizio di SMTP affidabile ed economico vi aiuter\u00e0 a raggiungere meglio i vostri clienti<\/strong>.<\/p>\n<p><strong>TurboSMTP<\/strong> \u00e8 un server STMP affidabile e facile da usare che garantisce un IP controllato e aumenta il tasso di consegna del vostro direct email marketing, delle vostre email transazionali, le vostre campagne marketing, e gli invii di mass mail.<\/p>\n<p><a href=\"http:\/\/www.accuratereviews.com\/wp-content\/uploads\/2016\/02\/TurboSMTP-page.png\" rel=\"attachment wp-att-3107\"><img loading=\"lazy\" decoding=\"async\" class=\"alignleft size-full wp-image-3107\" src=\"http:\/\/www.accuratereviews.com\/wp-content\/uploads\/2016\/02\/TurboSMTP-page.png\" alt=\"TurboSMTP\" width=\"908\" height=\"814\" srcset=\"https:\/\/www.accuratereviews.com\/wp-content\/uploads\/2016\/02\/TurboSMTP-page.png 908w, https:\/\/www.accuratereviews.com\/wp-content\/uploads\/2016\/02\/TurboSMTP-page-300x269.png 300w, https:\/\/www.accuratereviews.com\/wp-content\/uploads\/2016\/02\/TurboSMTP-page-768x688.png 768w, https:\/\/www.accuratereviews.com\/wp-content\/uploads\/2016\/02\/TurboSMTP-page-139x125.png 139w, https:\/\/www.accuratereviews.com\/wp-content\/uploads\/2016\/02\/TurboSMTP-page-50x45.png 50w, https:\/\/www.accuratereviews.com\/wp-content\/uploads\/2016\/02\/TurboSMTP-page-636x570.png 636w, https:\/\/www.accuratereviews.com\/wp-content\/uploads\/2016\/02\/TurboSMTP-page-320x287.png 320w, https:\/\/www.accuratereviews.com\/wp-content\/uploads\/2016\/02\/TurboSMTP-page-239x214.png 239w\" sizes=\"auto, (max-width: 908px) 100vw, 908px\" \/><\/a><\/p>\n<h2>Usabilit\u00e0<\/h2>\n<p><strong>TurboSMTP vanta contatti sicuri con i migliori ISP, ed \u00e8 facile da usare<\/strong>: dovete solo registrarvi per usare il servizio, inserire le credenziali del vostro nuovo account all\u2019interno delle impostazioni del vostro server di posta in uscita e sarete pronti a spedire email. Non c\u2019\u00e8 bisogno di installare alcun tipo di software: una volta che sarete registrati, potrete accedere al pannello di controllo, estremamente comprensibile, per trovare tutti gli strumenti di cui avete bisogno.<\/p>\n<h2>Funzionalit\u00e0<\/h2>\n<p><strong>TurboSMTP offre diverse funzioni utili per aiutarvi a evitare qualsiasi problema nella consegna delle email<\/strong>, e vi fornisce un alto tasso di consegna. \u00c8 possibile aggiungere il certificato DKIM al vostro nome dominio per autenticare tutte le email spedite, assicurando al server del destinatario la legittimit\u00e0 delle vostre comunicazioni. Inoltre, <strong>i server di TurboSMTP sono sicuri e inseriti in diverse liste bianche,<\/strong> il che impedisce di essere inseriti in liste nere e aiuta a ridurre il numero di vostri messaggi filtrati: il servizio si concentra sul fare in modo che i server identifichino le vostre email come sicure.<\/p>\n<p>Tenere traccia dell\u2019efficacia dei vostri messaggi \u00e8 importante: <strong>TurboSMTP ha funzioni di reportistica chiare e utili<\/strong>: aperture in tempo reale, statistiche come date e tempo di apertura per ogni click, un sistema per la gestione dello spam e dei bounce, i browser pi\u00f9 usati dai destinatari, eccetera. Scaricare i report di consegna in formato CSV \u00e8 molto facile.<\/p>\n<p><a href=\"http:\/\/www.accuratereviews.com\/wp-content\/uploads\/2016\/02\/TurboSMTP-Stats.png\" rel=\"attachment wp-att-3108\"><img loading=\"lazy\" decoding=\"async\" class=\"alignleft size-full wp-image-3108\" src=\"http:\/\/www.accuratereviews.com\/wp-content\/uploads\/2016\/02\/TurboSMTP-Stats.png\" alt=\"TurboSMTP Stats\" width=\"782\" height=\"429\" srcset=\"https:\/\/www.accuratereviews.com\/wp-content\/uploads\/2016\/02\/TurboSMTP-Stats.png 782w, https:\/\/www.accuratereviews.com\/wp-content\/uploads\/2016\/02\/TurboSMTP-Stats-300x165.png 300w, https:\/\/www.accuratereviews.com\/wp-content\/uploads\/2016\/02\/TurboSMTP-Stats-768x421.png 768w, https:\/\/www.accuratereviews.com\/wp-content\/uploads\/2016\/02\/TurboSMTP-Stats-228x125.png 228w, https:\/\/www.accuratereviews.com\/wp-content\/uploads\/2016\/02\/TurboSMTP-Stats-50x27.png 50w, https:\/\/www.accuratereviews.com\/wp-content\/uploads\/2016\/02\/TurboSMTP-Stats-636x349.png 636w, https:\/\/www.accuratereviews.com\/wp-content\/uploads\/2016\/02\/TurboSMTP-Stats-320x176.png 320w, https:\/\/www.accuratereviews.com\/wp-content\/uploads\/2016\/02\/TurboSMTP-Stats-239x131.png 239w\" sizes=\"auto, (max-width: 782px) 100vw, 782px\" \/><\/a><\/p>\n<p>Dovrete comunque tenere la vostra lista di contatti sotto controllo: con TurboSMTP potrete aggiungere e attivare un link per la cancellazione da aggiugere in calce all\u2019email. Inoltre TurboSMTP vi permette di creare sub-account per comprare email da rivendere al prezzo che desiderate, oppure suddividere gli invii tra i vostri colleghi. Ogni sub-account ha la sua pagina personale e i suoi strumenti di tracciamento.<\/p>\n<h2>Supporto<\/h2>\n<p>TurboSMTP ha un eccellente servizio di supporto tecnico attivo tutti i giorni che potete contattare attraverso ticket, chat dal vivo, telefono e Skype. Il sito del servizio chiarisce ogni dubbio con tutorial e FAQ.<\/p>\n<h2>Prezzo<\/h2>\n<p><strong>I prezzi di TurboSMTP sono davvero unici<\/strong>: offre un\u2019ampia variet\u00e0 di piani per servizi che coprono necessit\u00e0 diverse. Potete scegliere piani mensili (Bronze, Silver, Indium, Gold, Resell, dai 9.95\u20ac ai 199\u20ac al mese), annuali (con un risparmio fino a 398\u20ac) e a consumo (a partire da 15 Euro per 10.000 crediti). Un piano gratuito \u00e8 disponibile e offre 6000 invii al mese, fino a 200 al giorno. Se avete esigenze pi\u00f9 alte potete chiedere un preventivo personalizzato.<\/p>\n<p><strong>TurboSMTP offre un rimborso completo entro un periodo di 15 giorni<\/strong>.<\/p>\n","protected":false},"excerpt":{"rendered":"<p>TurboSMTP \u00e8 un server STMP affidabile e facile da usare che garantisce un IP controllato e aumenta il tasso di consegna del vostro direct email marketing, delle vostre email transazionali, le vostre campagne marketing, e gli invii di mass mail.<\/p>\n","protected":false},"author":16,"featured_media":0,"parent":5530,"menu_order":9,"comment_status":"open","ping_status":"closed","template":"g1_template_page_review_new.php","meta":{"_acf_changed":false,"cwp_meta_box_check":"Yes","cwp_rev_product_name":"","cwp_rev_product_image":"","wppr_links":[],"cwp_rev_price":"","wppr_options":[],"wppr_pros":[],"wppr_cons":[],"_monsterinsights_skip_tracking":false,"_monsterinsights_sitenote_active":false,"_monsterinsights_sitenote_note":"","_monsterinsights_sitenote_category":0,"footnotes":""},"categories":[100],"tags":[],"features":[],"class_list":{"0":"post-5544","1":"page","2":"type-page","3":"status-publish","5":"category-smtp-server-it"},"wppr_data":{"cwp_meta_box_check":"Yes","cwp_rev_product_name":"","cwp_rev_product_image":"","cwp_image_link":"image","cwp_rev_price":"","wppr_rating":"0.00"},"acf":[],"yoast_head":"<!-- This site is optimized with the Yoast SEO plugin v27.4 - https:\/\/yoast.com\/product\/yoast-seo-wordpress\/ -->\n<title>TurboSMTP recensione miglior server SMTP | Accurate Reviews<\/title>\n<meta name=\"description\" content=\"TurboSMTP \u00e8 un server STMP affidabile e facile da usare che garantisce un IP controllato e aumenta il tasso di consegna del vostro direct email marketing.\" \/>\n<meta name=\"robots\" content=\"index, follow, max-snippet:-1, max-image-preview:large, max-video-preview:-1\" \/>\n<link rel=\"canonical\" href=\"https:\/\/www.accuratereviews.com\/it\/migliori-server-smtp-lista\/turbosmtp\/\" \/>\n<meta property=\"og:locale\" content=\"it_IT\" \/>\n<meta property=\"og:type\" content=\"article\" \/>\n<meta property=\"og:title\" content=\"TurboSMTP recensione miglior server SMTP | Accurate Reviews\" \/>\n<meta property=\"og:description\" content=\"TurboSMTP \u00e8 un server STMP affidabile e facile da usare che garantisce un IP controllato e aumenta il tasso di consegna del vostro direct email marketing.\" \/>\n<meta property=\"og:url\" content=\"https:\/\/www.accuratereviews.com\/it\/migliori-server-smtp-lista\/turbosmtp\/\" \/>\n<meta property=\"og:site_name\" content=\"Accurate Reviews\" \/>\n<meta property=\"article:modified_time\" content=\"2018-02-14T11:35:19+00:00\" \/>\n<meta property=\"og:image\" content=\"http:\/\/www.accuratereviews.com\/wp-content\/uploads\/2016\/02\/TurboSMTP-page.png\" \/>\n<meta name=\"twitter:card\" content=\"summary_large_image\" \/>\n<meta name=\"twitter:label1\" content=\"Tempo di lettura stimato\" \/>\n\t<meta name=\"twitter:data1\" content=\"3 minuti\" \/>\n<script type=\"application\/ld+json\" class=\"yoast-schema-graph\">{\"@context\":\"https:\\\/\\\/schema.org\",\"@graph\":[{\"@type\":\"WebPage\",\"@id\":\"https:\\\/\\\/www.accuratereviews.com\\\/it\\\/migliori-server-smtp-lista\\\/turbosmtp\\\/\",\"url\":\"https:\\\/\\\/www.accuratereviews.com\\\/it\\\/migliori-server-smtp-lista\\\/turbosmtp\\\/\",\"name\":\"TurboSMTP recensione miglior server SMTP | Accurate Reviews\",\"isPartOf\":{\"@id\":\"https:\\\/\\\/www.accuratereviews.com\\\/it\\\/#website\"},\"primaryImageOfPage\":{\"@id\":\"https:\\\/\\\/www.accuratereviews.com\\\/it\\\/migliori-server-smtp-lista\\\/turbosmtp\\\/#primaryimage\"},\"image\":{\"@id\":\"https:\\\/\\\/www.accuratereviews.com\\\/it\\\/migliori-server-smtp-lista\\\/turbosmtp\\\/#primaryimage\"},\"thumbnailUrl\":\"http:\\\/\\\/www.accuratereviews.com\\\/wp-content\\\/uploads\\\/2016\\\/02\\\/TurboSMTP-page.png\",\"datePublished\":\"2016-02-02T16:49:18+00:00\",\"dateModified\":\"2018-02-14T11:35:19+00:00\",\"description\":\"TurboSMTP \u00e8 un server STMP affidabile e facile da usare che garantisce un IP controllato e aumenta il tasso di consegna del vostro direct email marketing.\",\"breadcrumb\":{\"@id\":\"https:\\\/\\\/www.accuratereviews.com\\\/it\\\/migliori-server-smtp-lista\\\/turbosmtp\\\/#breadcrumb\"},\"inLanguage\":\"it-IT\",\"potentialAction\":[{\"@type\":\"ReadAction\",\"target\":[\"https:\\\/\\\/www.accuratereviews.com\\\/it\\\/migliori-server-smtp-lista\\\/turbosmtp\\\/\"]}]},{\"@type\":\"ImageObject\",\"inLanguage\":\"it-IT\",\"@id\":\"https:\\\/\\\/www.accuratereviews.com\\\/it\\\/migliori-server-smtp-lista\\\/turbosmtp\\\/#primaryimage\",\"url\":\"http:\\\/\\\/www.accuratereviews.com\\\/wp-content\\\/uploads\\\/2016\\\/02\\\/TurboSMTP-page.png\",\"contentUrl\":\"http:\\\/\\\/www.accuratereviews.com\\\/wp-content\\\/uploads\\\/2016\\\/02\\\/TurboSMTP-page.png\"},{\"@type\":\"BreadcrumbList\",\"@id\":\"https:\\\/\\\/www.accuratereviews.com\\\/it\\\/migliori-server-smtp-lista\\\/turbosmtp\\\/#breadcrumb\",\"itemListElement\":[{\"@type\":\"ListItem\",\"position\":1,\"name\":\"Home\",\"item\":\"https:\\\/\\\/www.accuratereviews.com\\\/it\\\/\"},{\"@type\":\"ListItem\",\"position\":2,\"name\":\"Server SMTP: I migliori\",\"item\":\"https:\\\/\\\/www.accuratereviews.com\\\/it\\\/migliori-server-smtp-lista\\\/\"},{\"@type\":\"ListItem\",\"position\":3,\"name\":\"TurboSMTP\"}]},{\"@type\":\"WebSite\",\"@id\":\"https:\\\/\\\/www.accuratereviews.com\\\/it\\\/#website\",\"url\":\"https:\\\/\\\/www.accuratereviews.com\\\/it\\\/\",\"name\":\"Accurate Reviews\",\"description\":\"\",\"potentialAction\":[{\"@type\":\"SearchAction\",\"target\":{\"@type\":\"EntryPoint\",\"urlTemplate\":\"https:\\\/\\\/www.accuratereviews.com\\\/it\\\/?s={search_term_string}\"},\"query-input\":{\"@type\":\"PropertyValueSpecification\",\"valueRequired\":true,\"valueName\":\"search_term_string\"}}],\"inLanguage\":\"it-IT\"}]}<\/script>\n<!-- \/ Yoast SEO plugin. -->","yoast_head_json":{"title":"TurboSMTP recensione miglior server SMTP | Accurate Reviews","description":"TurboSMTP \u00e8 un server STMP affidabile e facile da usare che garantisce un IP controllato e aumenta il tasso di consegna del vostro direct email marketing.","robots":{"index":"index","follow":"follow","max-snippet":"max-snippet:-1","max-image-preview":"max-image-preview:large","max-video-preview":"max-video-preview:-1"},"canonical":"https:\/\/www.accuratereviews.com\/it\/migliori-server-smtp-lista\/turbosmtp\/","og_locale":"it_IT","og_type":"article","og_title":"TurboSMTP recensione miglior server SMTP | Accurate Reviews","og_description":"TurboSMTP \u00e8 un server STMP affidabile e facile da usare che garantisce un IP controllato e aumenta il tasso di consegna del vostro direct email marketing.","og_url":"https:\/\/www.accuratereviews.com\/it\/migliori-server-smtp-lista\/turbosmtp\/","og_site_name":"Accurate Reviews","article_modified_time":"2018-02-14T11:35:19+00:00","og_image":[{"url":"http:\/\/www.accuratereviews.com\/wp-content\/uploads\/2016\/02\/TurboSMTP-page.png","type":"","width":"","height":""}],"twitter_card":"summary_large_image","twitter_misc":{"Tempo di lettura stimato":"3 minuti"},"schema":{"@context":"https:\/\/schema.org","@graph":[{"@type":"WebPage","@id":"https:\/\/www.accuratereviews.com\/it\/migliori-server-smtp-lista\/turbosmtp\/","url":"https:\/\/www.accuratereviews.com\/it\/migliori-server-smtp-lista\/turbosmtp\/","name":"TurboSMTP recensione miglior server SMTP | Accurate Reviews","isPartOf":{"@id":"https:\/\/www.accuratereviews.com\/it\/#website"},"primaryImageOfPage":{"@id":"https:\/\/www.accuratereviews.com\/it\/migliori-server-smtp-lista\/turbosmtp\/#primaryimage"},"image":{"@id":"https:\/\/www.accuratereviews.com\/it\/migliori-server-smtp-lista\/turbosmtp\/#primaryimage"},"thumbnailUrl":"http:\/\/www.accuratereviews.com\/wp-content\/uploads\/2016\/02\/TurboSMTP-page.png","datePublished":"2016-02-02T16:49:18+00:00","dateModified":"2018-02-14T11:35:19+00:00","description":"TurboSMTP \u00e8 un server STMP affidabile e facile da usare che garantisce un IP controllato e aumenta il tasso di consegna del vostro direct email marketing.","breadcrumb":{"@id":"https:\/\/www.accuratereviews.com\/it\/migliori-server-smtp-lista\/turbosmtp\/#breadcrumb"},"inLanguage":"it-IT","potentialAction":[{"@type":"ReadAction","target":["https:\/\/www.accuratereviews.com\/it\/migliori-server-smtp-lista\/turbosmtp\/"]}]},{"@type":"ImageObject","inLanguage":"it-IT","@id":"https:\/\/www.accuratereviews.com\/it\/migliori-server-smtp-lista\/turbosmtp\/#primaryimage","url":"http:\/\/www.accuratereviews.com\/wp-content\/uploads\/2016\/02\/TurboSMTP-page.png","contentUrl":"http:\/\/www.accuratereviews.com\/wp-content\/uploads\/2016\/02\/TurboSMTP-page.png"},{"@type":"BreadcrumbList","@id":"https:\/\/www.accuratereviews.com\/it\/migliori-server-smtp-lista\/turbosmtp\/#breadcrumb","itemListElement":[{"@type":"ListItem","position":1,"name":"Home","item":"https:\/\/www.accuratereviews.com\/it\/"},{"@type":"ListItem","position":2,"name":"Server SMTP: I migliori","item":"https:\/\/www.accuratereviews.com\/it\/migliori-server-smtp-lista\/"},{"@type":"ListItem","position":3,"name":"TurboSMTP"}]},{"@type":"WebSite","@id":"https:\/\/www.accuratereviews.com\/it\/#website","url":"https:\/\/www.accuratereviews.com\/it\/","name":"Accurate Reviews","description":"","potentialAction":[{"@type":"SearchAction","target":{"@type":"EntryPoint","urlTemplate":"https:\/\/www.accuratereviews.com\/it\/?s={search_term_string}"},"query-input":{"@type":"PropertyValueSpecification","valueRequired":true,"valueName":"search_term_string"}}],"inLanguage":"it-IT"}]}},"_links":{"self":[{"href":"https:\/\/www.accuratereviews.com\/it\/wp-json\/wp\/v2\/pages\/5544","targetHints":{"allow":["GET"]}}],"collection":[{"href":"https:\/\/www.accuratereviews.com\/it\/wp-json\/wp\/v2\/pages"}],"about":[{"href":"https:\/\/www.accuratereviews.com\/it\/wp-json\/wp\/v2\/types\/page"}],"author":[{"embeddable":true,"href":"https:\/\/www.accuratereviews.com\/it\/wp-json\/wp\/v2\/users\/16"}],"replies":[{"embeddable":true,"href":"https:\/\/www.accuratereviews.com\/it\/wp-json\/wp\/v2\/comments?post=5544"}],"version-history":[{"count":10,"href":"https:\/\/www.accuratereviews.com\/it\/wp-json\/wp\/v2\/pages\/5544\/revisions"}],"predecessor-version":[{"id":10340,"href":"https:\/\/www.accuratereviews.com\/it\/wp-json\/wp\/v2\/pages\/5544\/revisions\/10340"}],"up":[{"embeddable":true,"href":"https:\/\/www.accuratereviews.com\/it\/wp-json\/wp\/v2\/pages\/5530"}],"wp:attachment":[{"href":"https:\/\/www.accuratereviews.com\/it\/wp-json\/wp\/v2\/media?parent=5544"}],"wp:term":[{"taxonomy":"category","embeddable":true,"href":"https:\/\/www.accuratereviews.com\/it\/wp-json\/wp\/v2\/categories?post=5544"},{"taxonomy":"post_tag","embeddable":true,"href":"https:\/\/www.accuratereviews.com\/it\/wp-json\/wp\/v2\/tags?post=5544"},{"taxonomy":"features","embeddable":true,"href":"https:\/\/www.accuratereviews.com\/it\/wp-json\/wp\/v2\/features?post=5544"}],"curies":[{"name":"wp","href":"https:\/\/api.w.org\/{rel}","templated":true}]}}