{"id":55452,"date":"2022-03-29T11:10:00","date_gmt":"2022-03-29T11:10:00","guid":{"rendered":"https:\/\/www.accuratereviews.com\/?page_id=55452"},"modified":"2022-03-31T06:18:19","modified_gmt":"2022-03-31T06:18:19","slug":"tynet-ehr-recensione","status":"publish","type":"page","link":"https:\/\/www.accuratereviews.com\/it\/software-assistenza-domiciliare\/tynet-ehr-recensione\/","title":{"rendered":"Tynet EHR"},"content":{"rendered":"<p><strong>Tynet EHR<\/strong> \u00e8 un software per l&#8217;assistenza domiciliare semplice da usare e intuitivo, conforme e pronto per PDGM per una cura eccezionale dell&#8217;utente. Si tratta di una soluzione all-in-one che rende pi\u00f9 facile offrire assistenza a domicilio e che documenta l&#8217;attivit\u00e0 clinica di tutte le discipline fondamentali dell&#8217;IDG\/IDT.<br \/>\nCon questo <strong>programma per l&#8217;assistenza domiciliare<\/strong>, sarai in grado di ottenere una maggiore efficienza sia a livello lavorativo che redditizio, ma soprattutto anche a libello umano poich\u00e9 i tuoi utenti saranno pi\u00f9 sani.<\/p>\n<h2>TYNET EHR &#8211; TUTORIAL<\/h2>\n<div id=\"fluid-wrapper-counter-1\" class=\"g1-fluid-wrapper \" style=\"width:686px;\">\n<div style=\"padding-bottom:56.268221574344%;\"><iframe loading=\"lazy\" title=\"TYNET ONLINE SOFTWARE\" width=\"686\" height=\"386\" src=\"https:\/\/www.youtube.com\/embed\/coi-9kxVLzs?feature=oembed&amp;wmode=transparent&amp;autohide=1&amp;autoplay=0&amp;disablekb=0&amp;fs=1&amp;loop=0&amp;enablejsapi=1&amp;rel=0&amp;controls=2&amp;showinfo=0&amp;wmode=transparent&amp;autohide=2&amp;autoplay=0&amp;disablekb=0&amp;fs=1&amp;loop=0&amp;enablejsapi=1&amp;rel=0&amp;controls=2&amp;showinfo=1\" frameborder=\"0\" allow=\"accelerometer; autoplay; clipboard-write; encrypted-media; gyroscope; picture-in-picture\" allowfullscreen><\/iframe><\/div>\n<\/div>\n<h3>TYNET EHR &#8211; CARATTESTICHE<\/h3>\n<ul>\n<li><strong>Analisi potenti<\/strong>: osserva come il nostro software, le analisi e i servizi si traducono in risultati migliori e costi inferiori<\/li>\n<li><strong>Garanzia di qualit\u00e0<\/strong>: riduci drasticamente il carico di lavoro della garanzia di qualit\u00e0 con una documentazione pi\u00f9 completa velocit\u00e0 di presentazione della fattura<\/li>\n<li><strong>Gestione dei dinieghi<\/strong>: guida a richieste di rimborso pi\u00f9 accurate e protegge da dinieghi e ritiri, mantenendo il vostro reporting pulito e puntuale<\/li>\n<li><strong>Semplificazione della cura<\/strong>: semplifica il coordinamento della cura con l&#8217;accesso sempre e ovunque alle informazioni correnti sul paziente. Concentrati sulla soddisfazione dei clienti<\/li>\n<li><strong>Avvisi<\/strong>: crea rapporti che aumenteranno le entrate. Genera rapporti sulle mancate entrate, sulle visite, sulle ore programmate rispetto a quelle effettive, ecc&#8230;<\/li>\n<li><strong>Gestione degli orari<\/strong>: strumenti intuitivi che elaborano la disponibilit\u00e0 degli assistenti, i requisiti dei clienti e altro ancora per fissare appuntamenti e gestire gli orari. Riempi facilmente i turni visualizzando le posizioni degli assistenti per vedere chi \u00e8 nelle vicinanze del cliente<\/li>\n<li><strong>Comunicazione aziendale<\/strong>: permette la comunicazione con l&#8217;intera azienda, individui o gruppi specifici attraverso molteplici canali di messaggistica<\/li>\n<li><strong>Consegna delle cure e documentazione<\/strong>: con questa soluzione siete in grado di selezionare dati pre-compilati su visite, ore dei dipendenti, avvisi, fatturazione e molto altro<\/li>\n<li><strong>Electronic Visit Verification (EVV)<\/strong>: fornisce accuratezza, responsabilit\u00e0 e conformit\u00e0 attraverso la geo-localizzazione e l&#8217;orologio telefonico in entrata e in uscita. Sapere sempre che l&#8217;assistenza viene fornita.<\/li>\n<li><strong>Reclami elettronici, libro paga e fatturazione<\/strong>: crea reclami elettronici pagati da assicurazioni, Medicaid e Medicare. Create rapidamente richieste di rimborso in batch da tutti i dati delle vostre visite. Ottieni i dati del libro paga e della fatturazione da rapporti automatizzati.<\/li>\n<\/ul>\n<h4>LE RECENSIONI DEGLI UTENTI<\/h4>\n<p><strong>Victorine T. &#8220;TynetUSA \u00e8 il migliore&#8221;<\/strong><br \/>\nCOMMENTI: usiamo TynetUSA per fatturare Medicare ed \u00e8 fantastico.<br \/>\nPRO: TynetUSA \u00e8 facile da usare, il supporto tecnico \u00e8 sempre l\u00ec per assistere quando chiamo.<br \/>\nCONTRO: nessun supporto per il fine settimana. Anche se le altre aziende non hanno anche il supporto per il fine settimana, TynetUSA eccellerebbe se lo avesse.<\/p>\n<p><strong>Martin B. &#8220;Ottimo software con molte funzioni utili&#8221;<\/strong><br \/>\nPRO: prodotto eccellente. Servizio clienti eccellente. Ottimo abbonamento mensile. Azienda locale situata ad Arlington Texas. Supera le nostre aspettative in partenza. Siamo felici con questa azienda!<br \/>\nCONTRO: l&#8217;ho usato per diversi anni. Non ho nulla di cui lamentarmi. Il loro software gestisce bene la mia fatturazione Medicare e Medicaid.<\/p>\n<p><strong>Kingsley A. &#8220;Tynenet Online Software&#8221;<\/strong><br \/>\nPRO: grandi caratteristiche per il prezzo, altamente scalabile per qualsiasi dimensione dell&#8217;agenzia, architettura molto buona. Grande dashboard facile, intuitivo e navigazione potente, tutti pregi in questo meraviglioso prodotto.<br \/>\nCONTRO: niente, mi piace tutto del software. Sono costantemente aggiornati sui cambiamenti<\/p>\n","protected":false},"excerpt":{"rendered":"<p>Tynet EHR \u00e8 un software per l&#8217;assistenza domiciliare semplice da usare e intuitivo, conforme e pronto per PDGM per una cura eccezionale dell&#8217;utente. Si tratta di una soluzione all-in-one che rende pi\u00f9 facile offrire assistenza a domicilio e che documenta l&#8217;attivit\u00e0 clinica di tutte le discipline fondamentali dell&#8217;IDG\/IDT.<\/p>\n","protected":false},"author":17,"featured_media":55458,"parent":55061,"menu_order":0,"comment_status":"open","ping_status":"closed","template":"g1_template_page_review_new.php","meta":{"_acf_changed":false,"cwp_meta_box_check":"No","cwp_rev_product_name":"","cwp_rev_product_image":"","wppr_links":[],"cwp_rev_price":"","wppr_options":[],"wppr_pros":[],"wppr_cons":[],"_monsterinsights_skip_tracking":false,"_monsterinsights_sitenote_active":false,"_monsterinsights_sitenote_note":"","_monsterinsights_sitenote_category":0,"footnotes":""},"categories":[12271],"tags":[12274,12275,12276,12273,12277],"features":[],"class_list":{"0":"post-55452","1":"page","2":"type-page","3":"status-publish","4":"has-post-thumbnail","6":"category-software-assistenza-domiciliare-categoria","7":"tag-assistenza-domiciliare","8":"tag-piattaforma-assistenza-domiciliare","9":"tag-programma-assistenza-domiciliare","10":"tag-software-assistenza-domiciliare","11":"tag-soluzione-assistenza-domiciliare"},"wppr_data":{"cwp_meta_box_check":"No"},"acf":[],"yoast_head":"<!-- This site is optimized with the Yoast SEO plugin v27.4 - https:\/\/yoast.com\/product\/yoast-seo-wordpress\/ -->\n<title>Tynet EHR: recensione software assistenza domiciliare - Accurate Reviews<\/title>\n<meta name=\"description\" content=\"Tynet EHR: recensione del software per l&#039;assistenza domiciliare intuitivo, conforme e pronto per PDGM per una cura eccezionale dell&#039;utente.\" \/>\n<meta name=\"robots\" content=\"index, follow, max-snippet:-1, max-image-preview:large, max-video-preview:-1\" \/>\n<link rel=\"canonical\" href=\"https:\/\/www.accuratereviews.com\/it\/software-assistenza-domiciliare\/tynet-ehr-recensione\/\" \/>\n<meta property=\"og:locale\" content=\"it_IT\" \/>\n<meta property=\"og:type\" content=\"article\" \/>\n<meta property=\"og:title\" content=\"Tynet EHR: recensione software assistenza domiciliare - Accurate Reviews\" \/>\n<meta property=\"og:description\" content=\"Tynet EHR: recensione del software per l&#039;assistenza domiciliare intuitivo, conforme e pronto per PDGM per una cura eccezionale dell&#039;utente.\" \/>\n<meta property=\"og:url\" content=\"https:\/\/www.accuratereviews.com\/it\/software-assistenza-domiciliare\/tynet-ehr-recensione\/\" \/>\n<meta property=\"og:site_name\" content=\"Accurate Reviews\" \/>\n<meta property=\"article:modified_time\" content=\"2022-03-31T06:18:19+00:00\" \/>\n<meta property=\"og:image\" content=\"https:\/\/www.accuratereviews.com\/wp-content\/uploads\/2022\/03\/Schermata-2022-03-28-alle-20.59.08-1.png\" \/>\n\t<meta property=\"og:image:width\" content=\"548\" \/>\n\t<meta property=\"og:image:height\" content=\"200\" \/>\n\t<meta property=\"og:image:type\" content=\"image\/png\" \/>\n<meta name=\"twitter:card\" content=\"summary_large_image\" \/>\n<meta name=\"twitter:label1\" content=\"Tempo di lettura stimato\" \/>\n\t<meta name=\"twitter:data1\" content=\"3 minuti\" \/>\n<script type=\"application\/ld+json\" class=\"yoast-schema-graph\">{\"@context\":\"https:\\\/\\\/schema.org\",\"@graph\":[{\"@type\":\"WebPage\",\"@id\":\"https:\\\/\\\/www.accuratereviews.com\\\/it\\\/software-assistenza-domiciliare\\\/tynet-ehr-recensione\\\/\",\"url\":\"https:\\\/\\\/www.accuratereviews.com\\\/it\\\/software-assistenza-domiciliare\\\/tynet-ehr-recensione\\\/\",\"name\":\"Tynet EHR: recensione software assistenza domiciliare - Accurate Reviews\",\"isPartOf\":{\"@id\":\"https:\\\/\\\/www.accuratereviews.com\\\/it\\\/#website\"},\"primaryImageOfPage\":{\"@id\":\"https:\\\/\\\/www.accuratereviews.com\\\/it\\\/software-assistenza-domiciliare\\\/tynet-ehr-recensione\\\/#primaryimage\"},\"image\":{\"@id\":\"https:\\\/\\\/www.accuratereviews.com\\\/it\\\/software-assistenza-domiciliare\\\/tynet-ehr-recensione\\\/#primaryimage\"},\"thumbnailUrl\":\"https:\\\/\\\/www.accuratereviews.com\\\/wp-content\\\/uploads\\\/2022\\\/03\\\/Schermata-2022-03-28-alle-20.59.08-1.png\",\"datePublished\":\"2022-03-29T11:10:00+00:00\",\"dateModified\":\"2022-03-31T06:18:19+00:00\",\"description\":\"Tynet EHR: recensione del software per l'assistenza domiciliare intuitivo, conforme e pronto per PDGM per una cura eccezionale dell'utente.\",\"breadcrumb\":{\"@id\":\"https:\\\/\\\/www.accuratereviews.com\\\/it\\\/software-assistenza-domiciliare\\\/tynet-ehr-recensione\\\/#breadcrumb\"},\"inLanguage\":\"it-IT\",\"potentialAction\":[{\"@type\":\"ReadAction\",\"target\":[\"https:\\\/\\\/www.accuratereviews.com\\\/it\\\/software-assistenza-domiciliare\\\/tynet-ehr-recensione\\\/\"]}]},{\"@type\":\"ImageObject\",\"inLanguage\":\"it-IT\",\"@id\":\"https:\\\/\\\/www.accuratereviews.com\\\/it\\\/software-assistenza-domiciliare\\\/tynet-ehr-recensione\\\/#primaryimage\",\"url\":\"https:\\\/\\\/www.accuratereviews.com\\\/wp-content\\\/uploads\\\/2022\\\/03\\\/Schermata-2022-03-28-alle-20.59.08-1.png\",\"contentUrl\":\"https:\\\/\\\/www.accuratereviews.com\\\/wp-content\\\/uploads\\\/2022\\\/03\\\/Schermata-2022-03-28-alle-20.59.08-1.png\",\"width\":548,\"height\":200},{\"@type\":\"BreadcrumbList\",\"@id\":\"https:\\\/\\\/www.accuratereviews.com\\\/it\\\/software-assistenza-domiciliare\\\/tynet-ehr-recensione\\\/#breadcrumb\",\"itemListElement\":[{\"@type\":\"ListItem\",\"position\":1,\"name\":\"Home\",\"item\":\"https:\\\/\\\/www.accuratereviews.com\\\/it\\\/\"},{\"@type\":\"ListItem\",\"position\":2,\"name\":\"Software assistenza domiciliare\",\"item\":\"https:\\\/\\\/www.accuratereviews.com\\\/it\\\/software-assistenza-domiciliare\\\/\"},{\"@type\":\"ListItem\",\"position\":3,\"name\":\"Tynet EHR\"}]},{\"@type\":\"WebSite\",\"@id\":\"https:\\\/\\\/www.accuratereviews.com\\\/it\\\/#website\",\"url\":\"https:\\\/\\\/www.accuratereviews.com\\\/it\\\/\",\"name\":\"Accurate Reviews\",\"description\":\"\",\"potentialAction\":[{\"@type\":\"SearchAction\",\"target\":{\"@type\":\"EntryPoint\",\"urlTemplate\":\"https:\\\/\\\/www.accuratereviews.com\\\/it\\\/?s={search_term_string}\"},\"query-input\":{\"@type\":\"PropertyValueSpecification\",\"valueRequired\":true,\"valueName\":\"search_term_string\"}}],\"inLanguage\":\"it-IT\"}]}<\/script>\n<!-- \/ Yoast SEO plugin. -->","yoast_head_json":{"title":"Tynet EHR: recensione software assistenza domiciliare - Accurate Reviews","description":"Tynet EHR: recensione del software per l'assistenza domiciliare intuitivo, conforme e pronto per PDGM per una cura eccezionale dell'utente.","robots":{"index":"index","follow":"follow","max-snippet":"max-snippet:-1","max-image-preview":"max-image-preview:large","max-video-preview":"max-video-preview:-1"},"canonical":"https:\/\/www.accuratereviews.com\/it\/software-assistenza-domiciliare\/tynet-ehr-recensione\/","og_locale":"it_IT","og_type":"article","og_title":"Tynet EHR: recensione software assistenza domiciliare - Accurate Reviews","og_description":"Tynet EHR: recensione del software per l'assistenza domiciliare intuitivo, conforme e pronto per PDGM per una cura eccezionale dell'utente.","og_url":"https:\/\/www.accuratereviews.com\/it\/software-assistenza-domiciliare\/tynet-ehr-recensione\/","og_site_name":"Accurate Reviews","article_modified_time":"2022-03-31T06:18:19+00:00","og_image":[{"width":548,"height":200,"url":"https:\/\/www.accuratereviews.com\/wp-content\/uploads\/2022\/03\/Schermata-2022-03-28-alle-20.59.08-1.png","type":"image\/png"}],"twitter_card":"summary_large_image","twitter_misc":{"Tempo di lettura stimato":"3 minuti"},"schema":{"@context":"https:\/\/schema.org","@graph":[{"@type":"WebPage","@id":"https:\/\/www.accuratereviews.com\/it\/software-assistenza-domiciliare\/tynet-ehr-recensione\/","url":"https:\/\/www.accuratereviews.com\/it\/software-assistenza-domiciliare\/tynet-ehr-recensione\/","name":"Tynet EHR: recensione software assistenza domiciliare - Accurate Reviews","isPartOf":{"@id":"https:\/\/www.accuratereviews.com\/it\/#website"},"primaryImageOfPage":{"@id":"https:\/\/www.accuratereviews.com\/it\/software-assistenza-domiciliare\/tynet-ehr-recensione\/#primaryimage"},"image":{"@id":"https:\/\/www.accuratereviews.com\/it\/software-assistenza-domiciliare\/tynet-ehr-recensione\/#primaryimage"},"thumbnailUrl":"https:\/\/www.accuratereviews.com\/wp-content\/uploads\/2022\/03\/Schermata-2022-03-28-alle-20.59.08-1.png","datePublished":"2022-03-29T11:10:00+00:00","dateModified":"2022-03-31T06:18:19+00:00","description":"Tynet EHR: recensione del software per l'assistenza domiciliare intuitivo, conforme e pronto per PDGM per una cura eccezionale dell'utente.","breadcrumb":{"@id":"https:\/\/www.accuratereviews.com\/it\/software-assistenza-domiciliare\/tynet-ehr-recensione\/#breadcrumb"},"inLanguage":"it-IT","potentialAction":[{"@type":"ReadAction","target":["https:\/\/www.accuratereviews.com\/it\/software-assistenza-domiciliare\/tynet-ehr-recensione\/"]}]},{"@type":"ImageObject","inLanguage":"it-IT","@id":"https:\/\/www.accuratereviews.com\/it\/software-assistenza-domiciliare\/tynet-ehr-recensione\/#primaryimage","url":"https:\/\/www.accuratereviews.com\/wp-content\/uploads\/2022\/03\/Schermata-2022-03-28-alle-20.59.08-1.png","contentUrl":"https:\/\/www.accuratereviews.com\/wp-content\/uploads\/2022\/03\/Schermata-2022-03-28-alle-20.59.08-1.png","width":548,"height":200},{"@type":"BreadcrumbList","@id":"https:\/\/www.accuratereviews.com\/it\/software-assistenza-domiciliare\/tynet-ehr-recensione\/#breadcrumb","itemListElement":[{"@type":"ListItem","position":1,"name":"Home","item":"https:\/\/www.accuratereviews.com\/it\/"},{"@type":"ListItem","position":2,"name":"Software assistenza domiciliare","item":"https:\/\/www.accuratereviews.com\/it\/software-assistenza-domiciliare\/"},{"@type":"ListItem","position":3,"name":"Tynet EHR"}]},{"@type":"WebSite","@id":"https:\/\/www.accuratereviews.com\/it\/#website","url":"https:\/\/www.accuratereviews.com\/it\/","name":"Accurate Reviews","description":"","potentialAction":[{"@type":"SearchAction","target":{"@type":"EntryPoint","urlTemplate":"https:\/\/www.accuratereviews.com\/it\/?s={search_term_string}"},"query-input":{"@type":"PropertyValueSpecification","valueRequired":true,"valueName":"search_term_string"}}],"inLanguage":"it-IT"}]}},"_links":{"self":[{"href":"https:\/\/www.accuratereviews.com\/it\/wp-json\/wp\/v2\/pages\/55452","targetHints":{"allow":["GET"]}}],"collection":[{"href":"https:\/\/www.accuratereviews.com\/it\/wp-json\/wp\/v2\/pages"}],"about":[{"href":"https:\/\/www.accuratereviews.com\/it\/wp-json\/wp\/v2\/types\/page"}],"author":[{"embeddable":true,"href":"https:\/\/www.accuratereviews.com\/it\/wp-json\/wp\/v2\/users\/17"}],"replies":[{"embeddable":true,"href":"https:\/\/www.accuratereviews.com\/it\/wp-json\/wp\/v2\/comments?post=55452"}],"version-history":[{"count":4,"href":"https:\/\/www.accuratereviews.com\/it\/wp-json\/wp\/v2\/pages\/55452\/revisions"}],"predecessor-version":[{"id":55589,"href":"https:\/\/www.accuratereviews.com\/it\/wp-json\/wp\/v2\/pages\/55452\/revisions\/55589"}],"up":[{"embeddable":true,"href":"https:\/\/www.accuratereviews.com\/it\/wp-json\/wp\/v2\/pages\/55061"}],"wp:featuredmedia":[{"embeddable":true,"href":"https:\/\/www.accuratereviews.com\/it\/wp-json\/wp\/v2\/media\/55458"}],"wp:attachment":[{"href":"https:\/\/www.accuratereviews.com\/it\/wp-json\/wp\/v2\/media?parent=55452"}],"wp:term":[{"taxonomy":"category","embeddable":true,"href":"https:\/\/www.accuratereviews.com\/it\/wp-json\/wp\/v2\/categories?post=55452"},{"taxonomy":"post_tag","embeddable":true,"href":"https:\/\/www.accuratereviews.com\/it\/wp-json\/wp\/v2\/tags?post=55452"},{"taxonomy":"features","embeddable":true,"href":"https:\/\/www.accuratereviews.com\/it\/wp-json\/wp\/v2\/features?post=55452"}],"curies":[{"name":"wp","href":"https:\/\/api.w.org\/{rel}","templated":true}]}}