{"id":55467,"date":"2022-03-29T10:43:24","date_gmt":"2022-03-29T10:43:24","guid":{"rendered":"https:\/\/www.accuratereviews.com\/?page_id=55467"},"modified":"2022-03-29T10:43:24","modified_gmt":"2022-03-29T10:43:24","slug":"optima-hospice-recensioni","status":"publish","type":"page","link":"https:\/\/www.accuratereviews.com\/it\/software-assistenza-domiciliare\/optima-hospice-recensioni\/","title":{"rendered":"Optima Hospice"},"content":{"rendered":"<p><strong>Optima Hospice<\/strong> \u00e8 una<strong> soluzione EMR<\/strong> e fatturazione basata su <strong>cloud<\/strong> con funzionalit\u00e0 per la creazione di grafici clinici, fatturazione, gestione dei dati, report CAP e QAPI e altro ancora. La soluzione fornisce un flusso di lavoro specifico per strutture ospedaliere e avvisi basati sulla conformit\u00e0 per garantire che la documentazione sia completa e che le richieste di fatturazione siano accurate. Aiuta gli utenti a gestire la propria organizzazione\u00a0 fornendo un flusso di lavoro che assicura che i dati dei pazienti e le informazioni sul trattamento fluiscano senza interruzioni fino alla fatturazione. La soluzione della cartella clinica elettronica (EMR) fornisce agli utenti gli strumenti per tenere traccia e archiviare la documentazione di tutte le discipline, siano essi infermieri, assistenti o volontari, e garantire che ogni documento sia conforme agli avvisi e al sicuro. La funzione GPS integrata consente agli utenti di vedere istantaneamente dove si trovano i medici sul campo. La messaggistica sicura consente aggiornamenti in tempo reale e gli utenti possono utilizzare praticamente qualsiasi dispositivo per fornire l&#8217;accesso online ai dati vitali dei pazienti.<\/p>\n<h2>OPTIMA HOSPICE &#8211; TUTORIAL<\/h2>\n<p>Guardiamo il video che segue su questo <strong>software per l&#8217;assistenza domiciliare<\/strong>:<\/p>\n<div id=\"fluid-wrapper-counter-1\" class=\"g1-fluid-wrapper \" style=\"width:686px;\">\n<div style=\"padding-bottom:56.268221574344%;\"><iframe loading=\"lazy\" title=\"Net Health | Reuniting Caregivers with Their Calling\" width=\"686\" height=\"386\" src=\"https:\/\/www.youtube.com\/embed\/4SyW7b4whjY?feature=oembed&amp;wmode=transparent&amp;autohide=1&amp;autoplay=0&amp;disablekb=0&amp;fs=1&amp;loop=0&amp;enablejsapi=1&amp;rel=0&amp;controls=2&amp;showinfo=0&amp;wmode=transparent&amp;autohide=2&amp;autoplay=0&amp;disablekb=0&amp;fs=1&amp;loop=0&amp;enablejsapi=1&amp;rel=0&amp;controls=2&amp;showinfo=1\" frameborder=\"0\" allow=\"accelerometer; autoplay; clipboard-write; encrypted-media; gyroscope; picture-in-picture\" allowfullscreen><\/iframe><\/div>\n<\/div>\n<h3>OPTIMA HOSPICE &#8211; CARATTERISTICHE<\/h3>\n<ul>\n<li>Ottimizza la produttivit\u00e0 all&#8217;interno del tuo reparto di terapia. Sia i manager che i medici ottengono una visione in tempo reale delle informazioni essenziali sui pazienti<\/li>\n<li>Flusso di informazioni senza interruzioni dall&#8217;ordine del medico alla fatturazione per garantire cure di qualit\u00e0, documentazione conforme e massima produttivit\u00e0 del terapista<\/li>\n<li>Uno strumento dashboard basato sul web che offre informazioni a colpo d&#8217;occhio sulla salute dei dipendenti su conformit\u00e0, flusso di pazienti, tassi di malattia e infortuni e dati sui costi<\/li>\n<li>Completamente integrato con il sistema HIS\/EMR del tuo ospedale<\/li>\n<li>Migliora la soddisfazione dei dipendenti e la fidelizzazione del personale con una soluzione software creata appositamente per le specialit\u00e0 dei terapisti<\/li>\n<li>Goditi l&#8217;accesso alle informazioni su richiesta. Con la cartella clinica elettronica basata su cloud ottieni le informazioni di cui hai bisogno, quando ne hai bisogno e ovunque ti trovi, inclusi dati rapidi sul ROI<\/li>\n<li>Espandi la tua capacit\u00e0 di cura e impegno ottieni funzionalit\u00e0 di videoconferenza e messaggi di testo sicure che guidano i servizi di telemedicina.<\/li>\n<\/ul>\n<h4>LE RECENSIONI DEGLI UTENTI<\/h4>\n<p class=\"font-weight-bold mb-2\"><strong>Jessica R.&#8221;Facile da usare&#8221;<\/strong><\/p>\n<p class=\"font-weight-bold mb-2\"><strong>Pro<\/strong>: Questo software \u00e8 molto facile da usare da qualsiasi dispositivo. Semplifica la documentazione per tutti i medici risparmiando tempo.<\/p>\n<p><strong>Contro<\/strong>: Non mi piace questo software dall&#8217;ultimo aggiornamento effettuato nell&#8217;aprile del 2019. La nostra azienda ha avuto difficolt\u00e0 a risolvere i problemi in modo tempestivo. Sembra che questo aggiornamento sia stato fatto prima di capire le stranezze.<\/p>\n<p class=\"font-weight-bold mb-2\"><strong>Cathy C.&#8221;Facile da usare&#8221;<\/strong><\/p>\n<p><span class=\"font-weight-bold\"><strong>Commenti<\/strong>:\u00a0<\/span>Documentare \u00e8 facile<\/p>\n<p class=\"font-weight-bold mb-2\"><strong>Pro<\/strong>: La navigazione in tutte le schede \u00e8 facile da usare.<\/p>\n<p class=\"font-weight-bold mb-2\"><strong>Contro<\/strong>: Non puoi aggiornare il piano di cura a meno che tu non sia in una nota infermieristica.<\/p>\n<p class=\"font-weight-bold mb-2\"><strong>Laura P.&#8221;Abbastanza soddisfatto del prodotto&#8221;<\/strong><\/p>\n<p><span class=\"font-weight-bold\"><strong>Commenti<\/strong>:\u00a0<\/span>Dovrebbero essere disponibili moduli di formazione. Alcuni dei processi potrebbero essere semplificati, in particolare le ammissioni e le dimissioni.<\/p>\n<p class=\"font-weight-bold mb-2\"><strong>Pro<\/strong>: Integrazione delle problematiche e della valutazione del piano assistenziale. Il processo IDG \u00e8 utile e facile da seguire per tutti.<\/p>\n<p class=\"font-weight-bold mb-2\"><strong>Contro<\/strong>: La sezione della guida in linea (conoscenza) non \u00e8 affatto utile. Il sistema non pu\u00f2 essere configurato o personalizzato per quanto ci \u00e8 stato fatto credere.<\/p>\n<p>&nbsp;<\/p>\n","protected":false},"excerpt":{"rendered":"<p>Optima Hospice \u00e8 una soluzione EMR e fatturazione basata su cloud con funzionalit\u00e0 per la creazione di grafici clinici, fatturazione, gestione dei dati, report CAP e QAPI e altro ancora. La soluzione fornisce un flusso di lavoro specifico per strutture ospedaliere e avvisi basati sulla conformit\u00e0 per garantire che la documentazione sia completa e che le richieste di fatturazione siano accurate.<\/p>\n","protected":false},"author":19,"featured_media":55477,"parent":55061,"menu_order":0,"comment_status":"open","ping_status":"closed","template":"g1_template_page_review_new.php","meta":{"_acf_changed":false,"cwp_meta_box_check":"No","cwp_rev_product_name":"","cwp_rev_product_image":"","wppr_links":[],"cwp_rev_price":"","wppr_options":[],"wppr_pros":[],"wppr_cons":[],"_monsterinsights_skip_tracking":false,"_monsterinsights_sitenote_active":false,"_monsterinsights_sitenote_note":"","_monsterinsights_sitenote_category":0,"footnotes":""},"categories":[12271],"tags":[12274,12323,12322,12275,12276,12273,12277],"features":[],"class_list":{"0":"post-55467","1":"page","2":"type-page","3":"status-publish","4":"has-post-thumbnail","6":"category-software-assistenza-domiciliare-categoria","7":"tag-assistenza-domiciliare","8":"tag-net-health","9":"tag-optima-hospice","10":"tag-piattaforma-assistenza-domiciliare","11":"tag-programma-assistenza-domiciliare","12":"tag-software-assistenza-domiciliare","13":"tag-soluzione-assistenza-domiciliare"},"wppr_data":{"cwp_meta_box_check":"No"},"acf":[],"yoast_head":"<!-- This site is optimized with the Yoast SEO plugin v27.4 - https:\/\/yoast.com\/product\/yoast-seo-wordpress\/ -->\n<title>Optima Hospice: recensione software assistenza domiciliare<\/title>\n<meta name=\"description\" content=\"Optima Hospice: recensioni soluzione EMR e fatturazione basata su cloud con funzionalit\u00e0 per creazione grafici, fatturazione e gestione dati.\" \/>\n<meta name=\"robots\" content=\"index, follow, max-snippet:-1, max-image-preview:large, max-video-preview:-1\" \/>\n<link rel=\"canonical\" href=\"https:\/\/www.accuratereviews.com\/it\/software-assistenza-domiciliare\/optima-hospice-recensioni\/\" \/>\n<meta property=\"og:locale\" content=\"it_IT\" \/>\n<meta property=\"og:type\" content=\"article\" \/>\n<meta property=\"og:title\" content=\"Optima Hospice: recensione software assistenza domiciliare\" \/>\n<meta property=\"og:description\" content=\"Optima Hospice: recensioni soluzione EMR e fatturazione basata su cloud con funzionalit\u00e0 per creazione grafici, fatturazione e gestione dati.\" \/>\n<meta property=\"og:url\" content=\"https:\/\/www.accuratereviews.com\/it\/software-assistenza-domiciliare\/optima-hospice-recensioni\/\" \/>\n<meta property=\"og:site_name\" content=\"Accurate Reviews\" \/>\n<meta property=\"og:image\" content=\"https:\/\/www.accuratereviews.com\/wp-content\/uploads\/2022\/03\/skg5s0bz6cjmynpmctvx.webp\" \/>\n\t<meta property=\"og:image:width\" content=\"759\" \/>\n\t<meta property=\"og:image:height\" content=\"326\" \/>\n\t<meta property=\"og:image:type\" content=\"image\/webp\" \/>\n<meta name=\"twitter:card\" content=\"summary_large_image\" \/>\n<meta name=\"twitter:label1\" content=\"Tempo di lettura stimato\" \/>\n\t<meta name=\"twitter:data1\" content=\"3 minuti\" \/>\n<script type=\"application\/ld+json\" class=\"yoast-schema-graph\">{\"@context\":\"https:\\\/\\\/schema.org\",\"@graph\":[{\"@type\":\"WebPage\",\"@id\":\"https:\\\/\\\/www.accuratereviews.com\\\/it\\\/software-assistenza-domiciliare\\\/optima-hospice-recensioni\\\/\",\"url\":\"https:\\\/\\\/www.accuratereviews.com\\\/it\\\/software-assistenza-domiciliare\\\/optima-hospice-recensioni\\\/\",\"name\":\"Optima Hospice: recensione software assistenza domiciliare\",\"isPartOf\":{\"@id\":\"https:\\\/\\\/www.accuratereviews.com\\\/it\\\/#website\"},\"primaryImageOfPage\":{\"@id\":\"https:\\\/\\\/www.accuratereviews.com\\\/it\\\/software-assistenza-domiciliare\\\/optima-hospice-recensioni\\\/#primaryimage\"},\"image\":{\"@id\":\"https:\\\/\\\/www.accuratereviews.com\\\/it\\\/software-assistenza-domiciliare\\\/optima-hospice-recensioni\\\/#primaryimage\"},\"thumbnailUrl\":\"https:\\\/\\\/www.accuratereviews.com\\\/wp-content\\\/uploads\\\/2022\\\/03\\\/skg5s0bz6cjmynpmctvx.webp\",\"datePublished\":\"2022-03-29T10:43:24+00:00\",\"description\":\"Optima Hospice: recensioni soluzione EMR e fatturazione basata su cloud con funzionalit\u00e0 per creazione grafici, fatturazione e gestione dati.\",\"breadcrumb\":{\"@id\":\"https:\\\/\\\/www.accuratereviews.com\\\/it\\\/software-assistenza-domiciliare\\\/optima-hospice-recensioni\\\/#breadcrumb\"},\"inLanguage\":\"it-IT\",\"potentialAction\":[{\"@type\":\"ReadAction\",\"target\":[\"https:\\\/\\\/www.accuratereviews.com\\\/it\\\/software-assistenza-domiciliare\\\/optima-hospice-recensioni\\\/\"]}]},{\"@type\":\"ImageObject\",\"inLanguage\":\"it-IT\",\"@id\":\"https:\\\/\\\/www.accuratereviews.com\\\/it\\\/software-assistenza-domiciliare\\\/optima-hospice-recensioni\\\/#primaryimage\",\"url\":\"https:\\\/\\\/www.accuratereviews.com\\\/wp-content\\\/uploads\\\/2022\\\/03\\\/skg5s0bz6cjmynpmctvx.webp\",\"contentUrl\":\"https:\\\/\\\/www.accuratereviews.com\\\/wp-content\\\/uploads\\\/2022\\\/03\\\/skg5s0bz6cjmynpmctvx.webp\",\"width\":759,\"height\":326},{\"@type\":\"BreadcrumbList\",\"@id\":\"https:\\\/\\\/www.accuratereviews.com\\\/it\\\/software-assistenza-domiciliare\\\/optima-hospice-recensioni\\\/#breadcrumb\",\"itemListElement\":[{\"@type\":\"ListItem\",\"position\":1,\"name\":\"Home\",\"item\":\"https:\\\/\\\/www.accuratereviews.com\\\/it\\\/\"},{\"@type\":\"ListItem\",\"position\":2,\"name\":\"Software assistenza domiciliare\",\"item\":\"https:\\\/\\\/www.accuratereviews.com\\\/it\\\/software-assistenza-domiciliare\\\/\"},{\"@type\":\"ListItem\",\"position\":3,\"name\":\"Optima Hospice\"}]},{\"@type\":\"WebSite\",\"@id\":\"https:\\\/\\\/www.accuratereviews.com\\\/it\\\/#website\",\"url\":\"https:\\\/\\\/www.accuratereviews.com\\\/it\\\/\",\"name\":\"Accurate Reviews\",\"description\":\"\",\"potentialAction\":[{\"@type\":\"SearchAction\",\"target\":{\"@type\":\"EntryPoint\",\"urlTemplate\":\"https:\\\/\\\/www.accuratereviews.com\\\/it\\\/?s={search_term_string}\"},\"query-input\":{\"@type\":\"PropertyValueSpecification\",\"valueRequired\":true,\"valueName\":\"search_term_string\"}}],\"inLanguage\":\"it-IT\"}]}<\/script>\n<!-- \/ Yoast SEO plugin. -->","yoast_head_json":{"title":"Optima Hospice: recensione software assistenza domiciliare","description":"Optima Hospice: recensioni soluzione EMR e fatturazione basata su cloud con funzionalit\u00e0 per creazione grafici, fatturazione e gestione dati.","robots":{"index":"index","follow":"follow","max-snippet":"max-snippet:-1","max-image-preview":"max-image-preview:large","max-video-preview":"max-video-preview:-1"},"canonical":"https:\/\/www.accuratereviews.com\/it\/software-assistenza-domiciliare\/optima-hospice-recensioni\/","og_locale":"it_IT","og_type":"article","og_title":"Optima Hospice: recensione software assistenza domiciliare","og_description":"Optima Hospice: recensioni soluzione EMR e fatturazione basata su cloud con funzionalit\u00e0 per creazione grafici, fatturazione e gestione dati.","og_url":"https:\/\/www.accuratereviews.com\/it\/software-assistenza-domiciliare\/optima-hospice-recensioni\/","og_site_name":"Accurate Reviews","og_image":[{"width":759,"height":326,"url":"https:\/\/www.accuratereviews.com\/wp-content\/uploads\/2022\/03\/skg5s0bz6cjmynpmctvx.webp","type":"image\/webp"}],"twitter_card":"summary_large_image","twitter_misc":{"Tempo di lettura stimato":"3 minuti"},"schema":{"@context":"https:\/\/schema.org","@graph":[{"@type":"WebPage","@id":"https:\/\/www.accuratereviews.com\/it\/software-assistenza-domiciliare\/optima-hospice-recensioni\/","url":"https:\/\/www.accuratereviews.com\/it\/software-assistenza-domiciliare\/optima-hospice-recensioni\/","name":"Optima Hospice: recensione software assistenza domiciliare","isPartOf":{"@id":"https:\/\/www.accuratereviews.com\/it\/#website"},"primaryImageOfPage":{"@id":"https:\/\/www.accuratereviews.com\/it\/software-assistenza-domiciliare\/optima-hospice-recensioni\/#primaryimage"},"image":{"@id":"https:\/\/www.accuratereviews.com\/it\/software-assistenza-domiciliare\/optima-hospice-recensioni\/#primaryimage"},"thumbnailUrl":"https:\/\/www.accuratereviews.com\/wp-content\/uploads\/2022\/03\/skg5s0bz6cjmynpmctvx.webp","datePublished":"2022-03-29T10:43:24+00:00","description":"Optima Hospice: recensioni soluzione EMR e fatturazione basata su cloud con funzionalit\u00e0 per creazione grafici, fatturazione e gestione dati.","breadcrumb":{"@id":"https:\/\/www.accuratereviews.com\/it\/software-assistenza-domiciliare\/optima-hospice-recensioni\/#breadcrumb"},"inLanguage":"it-IT","potentialAction":[{"@type":"ReadAction","target":["https:\/\/www.accuratereviews.com\/it\/software-assistenza-domiciliare\/optima-hospice-recensioni\/"]}]},{"@type":"ImageObject","inLanguage":"it-IT","@id":"https:\/\/www.accuratereviews.com\/it\/software-assistenza-domiciliare\/optima-hospice-recensioni\/#primaryimage","url":"https:\/\/www.accuratereviews.com\/wp-content\/uploads\/2022\/03\/skg5s0bz6cjmynpmctvx.webp","contentUrl":"https:\/\/www.accuratereviews.com\/wp-content\/uploads\/2022\/03\/skg5s0bz6cjmynpmctvx.webp","width":759,"height":326},{"@type":"BreadcrumbList","@id":"https:\/\/www.accuratereviews.com\/it\/software-assistenza-domiciliare\/optima-hospice-recensioni\/#breadcrumb","itemListElement":[{"@type":"ListItem","position":1,"name":"Home","item":"https:\/\/www.accuratereviews.com\/it\/"},{"@type":"ListItem","position":2,"name":"Software assistenza domiciliare","item":"https:\/\/www.accuratereviews.com\/it\/software-assistenza-domiciliare\/"},{"@type":"ListItem","position":3,"name":"Optima Hospice"}]},{"@type":"WebSite","@id":"https:\/\/www.accuratereviews.com\/it\/#website","url":"https:\/\/www.accuratereviews.com\/it\/","name":"Accurate Reviews","description":"","potentialAction":[{"@type":"SearchAction","target":{"@type":"EntryPoint","urlTemplate":"https:\/\/www.accuratereviews.com\/it\/?s={search_term_string}"},"query-input":{"@type":"PropertyValueSpecification","valueRequired":true,"valueName":"search_term_string"}}],"inLanguage":"it-IT"}]}},"_links":{"self":[{"href":"https:\/\/www.accuratereviews.com\/it\/wp-json\/wp\/v2\/pages\/55467","targetHints":{"allow":["GET"]}}],"collection":[{"href":"https:\/\/www.accuratereviews.com\/it\/wp-json\/wp\/v2\/pages"}],"about":[{"href":"https:\/\/www.accuratereviews.com\/it\/wp-json\/wp\/v2\/types\/page"}],"author":[{"embeddable":true,"href":"https:\/\/www.accuratereviews.com\/it\/wp-json\/wp\/v2\/users\/19"}],"replies":[{"embeddable":true,"href":"https:\/\/www.accuratereviews.com\/it\/wp-json\/wp\/v2\/comments?post=55467"}],"version-history":[{"count":15,"href":"https:\/\/www.accuratereviews.com\/it\/wp-json\/wp\/v2\/pages\/55467\/revisions"}],"predecessor-version":[{"id":55512,"href":"https:\/\/www.accuratereviews.com\/it\/wp-json\/wp\/v2\/pages\/55467\/revisions\/55512"}],"up":[{"embeddable":true,"href":"https:\/\/www.accuratereviews.com\/it\/wp-json\/wp\/v2\/pages\/55061"}],"wp:featuredmedia":[{"embeddable":true,"href":"https:\/\/www.accuratereviews.com\/it\/wp-json\/wp\/v2\/media\/55477"}],"wp:attachment":[{"href":"https:\/\/www.accuratereviews.com\/it\/wp-json\/wp\/v2\/media?parent=55467"}],"wp:term":[{"taxonomy":"category","embeddable":true,"href":"https:\/\/www.accuratereviews.com\/it\/wp-json\/wp\/v2\/categories?post=55467"},{"taxonomy":"post_tag","embeddable":true,"href":"https:\/\/www.accuratereviews.com\/it\/wp-json\/wp\/v2\/tags?post=55467"},{"taxonomy":"features","embeddable":true,"href":"https:\/\/www.accuratereviews.com\/it\/wp-json\/wp\/v2\/features?post=55467"}],"curies":[{"name":"wp","href":"https:\/\/api.w.org\/{rel}","templated":true}]}}