{"id":55469,"date":"2022-03-29T10:53:52","date_gmt":"2022-03-29T10:53:52","guid":{"rendered":"https:\/\/www.accuratereviews.com\/?page_id=55469"},"modified":"2022-03-29T10:53:52","modified_gmt":"2022-03-29T10:53:52","slug":"caretime-recensione","status":"publish","type":"page","link":"https:\/\/www.accuratereviews.com\/it\/software-assistenza-domiciliare\/caretime-recensione\/","title":{"rendered":"CareTime"},"content":{"rendered":"<p><strong>CareTime<\/strong> \u00e8 una <strong>soluzione di gestione della salute domiciliare<\/strong> basata su <strong>cloud<\/strong> progettata per le organizzazioni per il ricovero e assistenza domiciliare per semplificare il processo di check-in dei pazienti a domicilio. Il software permette agli amministratori di gestire il tempo la pianificazione degli operatori sanitari, documentare le visite in remoto, inviare avvisi tramite sms\/email e condurre processi di fatturazione e buste paga. Da una dashboard centrale, gli utenti possono visualizzare tutti i lavori e creare nuovi profili per i nuovi assistenti per la gestione dei dipendenti. Con la verifica elettronica delle visite (EVV), <strong>CareTime<\/strong> \u00e8 in grado di monitorare in remoto tutte le visite dei pazienti dal check-in al check-out. Gli operatori sanitari possono documentare note, domande e attivit\u00e0 completate per ogni visita all&#8217;interno del sistema. Offre inoltre applicazioni\u00a0 mobili per dispositivi iOS e Android.<\/p>\n<h2>CARETIME &#8211; TUTORIAL<\/h2>\n<p>Guardiamo come funzione l&#8217;app di questo software per assistenza domiciliare:<\/p>\n<div id=\"fluid-wrapper-counter-1\" class=\"g1-fluid-wrapper \" style=\"width:686px;\">\n<div style=\"padding-bottom:56.268221574344%;\"><iframe loading=\"lazy\" title=\"CareTime Home Care Mobile App 2020\" width=\"686\" height=\"386\" src=\"https:\/\/www.youtube.com\/embed\/Hz-SnHxIOYA?feature=oembed&amp;wmode=transparent&amp;autohide=1&amp;autoplay=0&amp;disablekb=0&amp;fs=1&amp;loop=0&amp;enablejsapi=1&amp;rel=0&amp;controls=2&amp;showinfo=0&amp;wmode=transparent&amp;autohide=2&amp;autoplay=0&amp;disablekb=0&amp;fs=1&amp;loop=0&amp;enablejsapi=1&amp;rel=0&amp;controls=2&amp;showinfo=1\" frameborder=\"0\" allow=\"accelerometer; autoplay; clipboard-write; encrypted-media; gyroscope; picture-in-picture\" allowfullscreen><\/iframe><\/div>\n<\/div>\n<h3>CARETIME &#8211; CARATTERISTICHE<\/h3>\n<ul>\n<li><strong>Avvisi<\/strong>: \u00a0check-in e check-out posticipato, turni imminenti, straordinari, esaurimento delle autorizzazioni e scadenza del certificato infermieristico sono tutti avvisi che puoi scegliere di ricevere<\/li>\n<li><strong>Richieste di visite e domande<\/strong>: gli operatori sanitari possono documentare note e attivit\u00e0 completate durante una visita. Le agenzie possono richiedere domande specifiche prima del completamento di una visita<\/li>\n<li><strong>Rapporti<\/strong>: utilizza i rapporti per confrontare le visite effettive rispetto a quelle programmate, mancate presentazioni, retribuzione degli straordinari, visite sottoutilizzate e cos\u00ec via<\/li>\n<li><strong>Traccia le autorizzazioni per l&#8217;assistenza medica<\/strong>: puoi monitorare le cure ed essere avvisato quando le autorizzazioni stanno per esaurirsi<\/li>\n<li><strong>Gestisci i supporti e certificazioni<\/strong>: aggiungi e gestisci rapidamente gli operatori sanitari con il sistema di gestione dei dipendenti. Aggiungi, disattiva o licenzia dipendenti, conserva record, gestisci certificazioni e scadenze, tutto con un semplice clic<\/li>\n<li><strong>Creare zone per una chiara gestione dell&#8217;assistenza<\/strong>: \u00e8 possibile creare zone per aree geografiche, filiali, contribuenti o tipi di assistenza. Le zone ti aiutano a organizzare la tua azienda quando si tratta di turni, fatturazione, buste paga e reporting<\/li>\n<\/ul>\n<h4>LE RECENSIONI DEGLI UTENTI<\/h4>\n<p class=\"font-weight-bold mb-2\"><strong>Vincent I.&#8221;Salute domestica&#8221;<\/strong><\/p>\n<p><span class=\"font-weight-bold\"><strong>Commenti<\/strong>:\u00a0<\/span>Il tempo di cura \u00e8 stato molto utile ogni volta che ho domande o dubbi sul sistema, lo consiglierei a tutto ci\u00f2 che \u00e8 nel mio lavoro<\/p>\n<p class=\"font-weight-bold mb-2\"><strong>Pro<\/strong>: Amo tutto di questo sistema, fa ci\u00f2 che \u00e8 necessario ai dipendenti per operare a proprio agio nel timbrare in entrata e in uscita dirigendo cosa fare quando necessario, fornendomi tutte le informazioni necessarie per acquisirmi per gestire la mia attivit\u00e0 \u00e8 il miglior sistema che conosco e lo consiglio a tutte le persone che posso che fanno il mio lavoro, lo adoro.<\/p>\n<p class=\"font-weight-bold mb-2\"><strong>Contro<\/strong>: Tutto ci\u00f2 che mi piace non riesco a pensare a niente che non mi piace<\/p>\n<p class=\"font-weight-bold mb-2\"><strong>Jakina J.&#8221;Molto adatto al computer&#8221;<\/strong><\/p>\n<p><span class=\"font-weight-bold\"><strong>Commenti<\/strong>:\u00a0<\/span>Buono per mantenere il piano di assistenza dei clienti e i documenti dei dipendenti facili da trovare quando sono richiesti i documenti.<\/p>\n<p class=\"font-weight-bold mb-2\"><strong>Pro<\/strong>: Il prodotto facile da usare semplice da usare. In grado di accedere al portale in modo tempestivo.<\/p>\n<p class=\"font-weight-bold mb-2\"><strong>Contro<\/strong>: Fai fatica a caricare file sul portale. Non \u00e8 possibile inserire l&#8217;assistenza clienti per una facile documentazione.<\/p>\n<p class=\"font-weight-bold mb-2\"><strong>Amy S.&#8221;Facile da usare&#8221;<\/strong><\/p>\n<p class=\"font-weight-bold mb-2\"><strong>Aspetti positivi<\/strong>: La sua facilit\u00e0 d&#8217;uso nella pianificazione e nella gestione del piano di assistenza rende questo software ideale per le aziende di assistenza domiciliare.<\/p>\n<p class=\"font-weight-bold mb-2\">\u00a0<strong>Contro<\/strong>: L&#8217;impossibilit\u00e0 di utilizzarlo tramite un&#8217;app limita davvero la possibilit\u00e0 di apportare le modifiche necessarie 24 ore su 24, 7 giorni su 7.<\/p>\n","protected":false},"excerpt":{"rendered":"<p>CareTime \u00e8 una soluzione di gestione della salute domiciliare basata su cloud progettata per le organizzazioni per il ricovero e assistenza domiciliare per semplificare il processo di check-in dei pazienti a domicilio. Il software permette agli amministratori di gestire il tempo la pianificazione degli operatori sanitari, documentare le visite in remoto, inviare avvisi tramite sms\/email e condurre processi di fatturazione e buste paga. Il gestore di pianificazione<\/p>\n","protected":false},"author":19,"featured_media":55484,"parent":55061,"menu_order":0,"comment_status":"open","ping_status":"closed","template":"g1_template_page_review_new.php","meta":{"_acf_changed":false,"cwp_meta_box_check":"Yes","cwp_rev_product_name":"","cwp_rev_product_image":"","wppr_links":[],"cwp_rev_price":"","wppr_options":[],"wppr_pros":[],"wppr_cons":[],"_monsterinsights_skip_tracking":false,"_monsterinsights_sitenote_active":false,"_monsterinsights_sitenote_note":"","_monsterinsights_sitenote_category":0,"footnotes":""},"categories":[12271],"tags":[12274,12321,12275,12276,12273,12277],"features":[],"class_list":{"0":"post-55469","1":"page","2":"type-page","3":"status-publish","4":"has-post-thumbnail","6":"category-software-assistenza-domiciliare-categoria","7":"tag-assistenza-domiciliare","8":"tag-caretime","9":"tag-piattaforma-assistenza-domiciliare","10":"tag-programma-assistenza-domiciliare","11":"tag-software-assistenza-domiciliare","12":"tag-soluzione-assistenza-domiciliare"},"wppr_data":{"cwp_meta_box_check":"Yes","cwp_rev_product_name":"","cwp_rev_product_image":"","cwp_image_link":"image","cwp_rev_price":"","wppr_rating":"0.00"},"acf":[],"yoast_head":"<!-- This site is optimized with the Yoast SEO plugin v27.4 - https:\/\/yoast.com\/product\/yoast-seo-wordpress\/ -->\n<title>CareTime: recensione software assistenza domiciliare - Accurate Reviews<\/title>\n<meta name=\"description\" content=\"CareTime: recensione soluzione di gestione della salute domiciliare progettata per organizzazioni per il ricovero e assistenza.\" \/>\n<meta name=\"robots\" content=\"index, follow, max-snippet:-1, max-image-preview:large, max-video-preview:-1\" \/>\n<link rel=\"canonical\" href=\"https:\/\/www.accuratereviews.com\/it\/software-assistenza-domiciliare\/caretime-recensione\/\" \/>\n<meta property=\"og:locale\" content=\"it_IT\" \/>\n<meta property=\"og:type\" content=\"article\" \/>\n<meta property=\"og:title\" content=\"CareTime: recensione software assistenza domiciliare - Accurate Reviews\" \/>\n<meta property=\"og:description\" content=\"CareTime: recensione soluzione di gestione della salute domiciliare progettata per organizzazioni per il ricovero e assistenza.\" \/>\n<meta property=\"og:url\" content=\"https:\/\/www.accuratereviews.com\/it\/software-assistenza-domiciliare\/caretime-recensione\/\" \/>\n<meta property=\"og:site_name\" content=\"Accurate Reviews\" \/>\n<meta property=\"og:image\" content=\"https:\/\/www.accuratereviews.com\/wp-content\/uploads\/2022\/03\/CareTime.webp\" \/>\n\t<meta property=\"og:image:width\" content=\"418\" \/>\n\t<meta property=\"og:image:height\" content=\"418\" \/>\n\t<meta property=\"og:image:type\" content=\"image\/webp\" \/>\n<meta name=\"twitter:card\" content=\"summary_large_image\" \/>\n<meta name=\"twitter:label1\" content=\"Tempo di lettura stimato\" \/>\n\t<meta name=\"twitter:data1\" content=\"3 minuti\" \/>\n<script type=\"application\/ld+json\" class=\"yoast-schema-graph\">{\"@context\":\"https:\\\/\\\/schema.org\",\"@graph\":[{\"@type\":\"WebPage\",\"@id\":\"https:\\\/\\\/www.accuratereviews.com\\\/it\\\/software-assistenza-domiciliare\\\/caretime-recensione\\\/\",\"url\":\"https:\\\/\\\/www.accuratereviews.com\\\/it\\\/software-assistenza-domiciliare\\\/caretime-recensione\\\/\",\"name\":\"CareTime: recensione software assistenza domiciliare - Accurate Reviews\",\"isPartOf\":{\"@id\":\"https:\\\/\\\/www.accuratereviews.com\\\/it\\\/#website\"},\"primaryImageOfPage\":{\"@id\":\"https:\\\/\\\/www.accuratereviews.com\\\/it\\\/software-assistenza-domiciliare\\\/caretime-recensione\\\/#primaryimage\"},\"image\":{\"@id\":\"https:\\\/\\\/www.accuratereviews.com\\\/it\\\/software-assistenza-domiciliare\\\/caretime-recensione\\\/#primaryimage\"},\"thumbnailUrl\":\"https:\\\/\\\/www.accuratereviews.com\\\/wp-content\\\/uploads\\\/2022\\\/03\\\/CareTime.webp\",\"datePublished\":\"2022-03-29T10:53:52+00:00\",\"description\":\"CareTime: recensione soluzione di gestione della salute domiciliare progettata per organizzazioni per il ricovero e assistenza.\",\"breadcrumb\":{\"@id\":\"https:\\\/\\\/www.accuratereviews.com\\\/it\\\/software-assistenza-domiciliare\\\/caretime-recensione\\\/#breadcrumb\"},\"inLanguage\":\"it-IT\",\"potentialAction\":[{\"@type\":\"ReadAction\",\"target\":[\"https:\\\/\\\/www.accuratereviews.com\\\/it\\\/software-assistenza-domiciliare\\\/caretime-recensione\\\/\"]}]},{\"@type\":\"ImageObject\",\"inLanguage\":\"it-IT\",\"@id\":\"https:\\\/\\\/www.accuratereviews.com\\\/it\\\/software-assistenza-domiciliare\\\/caretime-recensione\\\/#primaryimage\",\"url\":\"https:\\\/\\\/www.accuratereviews.com\\\/wp-content\\\/uploads\\\/2022\\\/03\\\/CareTime.webp\",\"contentUrl\":\"https:\\\/\\\/www.accuratereviews.com\\\/wp-content\\\/uploads\\\/2022\\\/03\\\/CareTime.webp\",\"width\":418,\"height\":418},{\"@type\":\"BreadcrumbList\",\"@id\":\"https:\\\/\\\/www.accuratereviews.com\\\/it\\\/software-assistenza-domiciliare\\\/caretime-recensione\\\/#breadcrumb\",\"itemListElement\":[{\"@type\":\"ListItem\",\"position\":1,\"name\":\"Home\",\"item\":\"https:\\\/\\\/www.accuratereviews.com\\\/it\\\/\"},{\"@type\":\"ListItem\",\"position\":2,\"name\":\"Software assistenza domiciliare\",\"item\":\"https:\\\/\\\/www.accuratereviews.com\\\/it\\\/software-assistenza-domiciliare\\\/\"},{\"@type\":\"ListItem\",\"position\":3,\"name\":\"CareTime\"}]},{\"@type\":\"WebSite\",\"@id\":\"https:\\\/\\\/www.accuratereviews.com\\\/it\\\/#website\",\"url\":\"https:\\\/\\\/www.accuratereviews.com\\\/it\\\/\",\"name\":\"Accurate Reviews\",\"description\":\"\",\"potentialAction\":[{\"@type\":\"SearchAction\",\"target\":{\"@type\":\"EntryPoint\",\"urlTemplate\":\"https:\\\/\\\/www.accuratereviews.com\\\/it\\\/?s={search_term_string}\"},\"query-input\":{\"@type\":\"PropertyValueSpecification\",\"valueRequired\":true,\"valueName\":\"search_term_string\"}}],\"inLanguage\":\"it-IT\"}]}<\/script>\n<!-- \/ Yoast SEO plugin. -->","yoast_head_json":{"title":"CareTime: recensione software assistenza domiciliare - Accurate Reviews","description":"CareTime: recensione soluzione di gestione della salute domiciliare progettata per organizzazioni per il ricovero e assistenza.","robots":{"index":"index","follow":"follow","max-snippet":"max-snippet:-1","max-image-preview":"max-image-preview:large","max-video-preview":"max-video-preview:-1"},"canonical":"https:\/\/www.accuratereviews.com\/it\/software-assistenza-domiciliare\/caretime-recensione\/","og_locale":"it_IT","og_type":"article","og_title":"CareTime: recensione software assistenza domiciliare - Accurate Reviews","og_description":"CareTime: recensione soluzione di gestione della salute domiciliare progettata per organizzazioni per il ricovero e assistenza.","og_url":"https:\/\/www.accuratereviews.com\/it\/software-assistenza-domiciliare\/caretime-recensione\/","og_site_name":"Accurate Reviews","og_image":[{"width":418,"height":418,"url":"https:\/\/www.accuratereviews.com\/wp-content\/uploads\/2022\/03\/CareTime.webp","type":"image\/webp"}],"twitter_card":"summary_large_image","twitter_misc":{"Tempo di lettura stimato":"3 minuti"},"schema":{"@context":"https:\/\/schema.org","@graph":[{"@type":"WebPage","@id":"https:\/\/www.accuratereviews.com\/it\/software-assistenza-domiciliare\/caretime-recensione\/","url":"https:\/\/www.accuratereviews.com\/it\/software-assistenza-domiciliare\/caretime-recensione\/","name":"CareTime: recensione software assistenza domiciliare - Accurate Reviews","isPartOf":{"@id":"https:\/\/www.accuratereviews.com\/it\/#website"},"primaryImageOfPage":{"@id":"https:\/\/www.accuratereviews.com\/it\/software-assistenza-domiciliare\/caretime-recensione\/#primaryimage"},"image":{"@id":"https:\/\/www.accuratereviews.com\/it\/software-assistenza-domiciliare\/caretime-recensione\/#primaryimage"},"thumbnailUrl":"https:\/\/www.accuratereviews.com\/wp-content\/uploads\/2022\/03\/CareTime.webp","datePublished":"2022-03-29T10:53:52+00:00","description":"CareTime: recensione soluzione di gestione della salute domiciliare progettata per organizzazioni per il ricovero e assistenza.","breadcrumb":{"@id":"https:\/\/www.accuratereviews.com\/it\/software-assistenza-domiciliare\/caretime-recensione\/#breadcrumb"},"inLanguage":"it-IT","potentialAction":[{"@type":"ReadAction","target":["https:\/\/www.accuratereviews.com\/it\/software-assistenza-domiciliare\/caretime-recensione\/"]}]},{"@type":"ImageObject","inLanguage":"it-IT","@id":"https:\/\/www.accuratereviews.com\/it\/software-assistenza-domiciliare\/caretime-recensione\/#primaryimage","url":"https:\/\/www.accuratereviews.com\/wp-content\/uploads\/2022\/03\/CareTime.webp","contentUrl":"https:\/\/www.accuratereviews.com\/wp-content\/uploads\/2022\/03\/CareTime.webp","width":418,"height":418},{"@type":"BreadcrumbList","@id":"https:\/\/www.accuratereviews.com\/it\/software-assistenza-domiciliare\/caretime-recensione\/#breadcrumb","itemListElement":[{"@type":"ListItem","position":1,"name":"Home","item":"https:\/\/www.accuratereviews.com\/it\/"},{"@type":"ListItem","position":2,"name":"Software assistenza domiciliare","item":"https:\/\/www.accuratereviews.com\/it\/software-assistenza-domiciliare\/"},{"@type":"ListItem","position":3,"name":"CareTime"}]},{"@type":"WebSite","@id":"https:\/\/www.accuratereviews.com\/it\/#website","url":"https:\/\/www.accuratereviews.com\/it\/","name":"Accurate Reviews","description":"","potentialAction":[{"@type":"SearchAction","target":{"@type":"EntryPoint","urlTemplate":"https:\/\/www.accuratereviews.com\/it\/?s={search_term_string}"},"query-input":{"@type":"PropertyValueSpecification","valueRequired":true,"valueName":"search_term_string"}}],"inLanguage":"it-IT"}]}},"_links":{"self":[{"href":"https:\/\/www.accuratereviews.com\/it\/wp-json\/wp\/v2\/pages\/55469","targetHints":{"allow":["GET"]}}],"collection":[{"href":"https:\/\/www.accuratereviews.com\/it\/wp-json\/wp\/v2\/pages"}],"about":[{"href":"https:\/\/www.accuratereviews.com\/it\/wp-json\/wp\/v2\/types\/page"}],"author":[{"embeddable":true,"href":"https:\/\/www.accuratereviews.com\/it\/wp-json\/wp\/v2\/users\/19"}],"replies":[{"embeddable":true,"href":"https:\/\/www.accuratereviews.com\/it\/wp-json\/wp\/v2\/comments?post=55469"}],"version-history":[{"count":16,"href":"https:\/\/www.accuratereviews.com\/it\/wp-json\/wp\/v2\/pages\/55469\/revisions"}],"predecessor-version":[{"id":55514,"href":"https:\/\/www.accuratereviews.com\/it\/wp-json\/wp\/v2\/pages\/55469\/revisions\/55514"}],"up":[{"embeddable":true,"href":"https:\/\/www.accuratereviews.com\/it\/wp-json\/wp\/v2\/pages\/55061"}],"wp:featuredmedia":[{"embeddable":true,"href":"https:\/\/www.accuratereviews.com\/it\/wp-json\/wp\/v2\/media\/55484"}],"wp:attachment":[{"href":"https:\/\/www.accuratereviews.com\/it\/wp-json\/wp\/v2\/media?parent=55469"}],"wp:term":[{"taxonomy":"category","embeddable":true,"href":"https:\/\/www.accuratereviews.com\/it\/wp-json\/wp\/v2\/categories?post=55469"},{"taxonomy":"post_tag","embeddable":true,"href":"https:\/\/www.accuratereviews.com\/it\/wp-json\/wp\/v2\/tags?post=55469"},{"taxonomy":"features","embeddable":true,"href":"https:\/\/www.accuratereviews.com\/it\/wp-json\/wp\/v2\/features?post=55469"}],"curies":[{"name":"wp","href":"https:\/\/api.w.org\/{rel}","templated":true}]}}