{"id":55517,"date":"2022-03-30T11:02:58","date_gmt":"2022-03-30T11:02:58","guid":{"rendered":"https:\/\/www.accuratereviews.com\/?page_id=55517"},"modified":"2022-03-30T11:02:58","modified_gmt":"2022-03-30T11:02:58","slug":"carecenta-recensione","status":"publish","type":"page","link":"https:\/\/www.accuratereviews.com\/it\/software-assistenza-domiciliare\/carecenta-recensione\/","title":{"rendered":"Carecenta"},"content":{"rendered":"<p><strong>Carecenta<\/strong> \u00e8 un <strong>software di gestione aziendale<\/strong> per servizi <strong>di assistenza domiciliare <\/strong>che offre agli utenti funzionalit\u00e0 di pianificazione, fatturazione, gestione delle presenze, risorse umane, buste paga e conformit\u00e0. Il software compila automaticamente i record di conformit\u00e0 in base alle normative specifiche di ogni stato, inclusi i controlli sull&#8217;immigrazione e sui precedenti dei dipendenti. Il monitoraggio automatico della conformit\u00e0 consente la notifica avanzata dei dipendenti non conformi tramite email e sms. Livelli multipli di sicurezza e gestione dei ruoli offrono agli utenti il \u200b\u200bcontrollo su chi pu\u00f2 accedere a quali dati e Carecenta include anche tecnologie di prevenzione delle frodi.<\/p>\n<h2>CARECENTA &#8211; TUTORIAL<\/h2>\n<p>Il video mette in risalto la facilit\u00e0 d&#8217;uso di questo <strong>software per assistenza domiciliare<\/strong>:<\/p>\n<div id=\"fluid-wrapper-counter-1\" class=\"g1-fluid-wrapper \" style=\"width:686px;\">\n<div style=\"padding-bottom:56.268221574344%;\"><iframe loading=\"lazy\" title=\"Carecenta Home Care Management Software Testimonial\" width=\"686\" height=\"386\" src=\"https:\/\/www.youtube.com\/embed\/PX1IcF0kqDI?feature=oembed&amp;wmode=transparent&amp;autohide=1&amp;autoplay=0&amp;disablekb=0&amp;fs=1&amp;loop=0&amp;enablejsapi=1&amp;rel=0&amp;controls=2&amp;showinfo=0&amp;wmode=transparent&amp;autohide=2&amp;autoplay=0&amp;disablekb=0&amp;fs=1&amp;loop=0&amp;enablejsapi=1&amp;rel=0&amp;controls=2&amp;showinfo=1\" frameborder=\"0\" allow=\"accelerometer; autoplay; clipboard-write; encrypted-media; gyroscope; picture-in-picture\" allowfullscreen><\/iframe><\/div>\n<\/div>\n<h3>CARECENTA &#8211; CARATTERISTICHE<\/h3>\n<ul>\n<li>Dashboard e checkpoint personalizzati in base al ruolo<\/li>\n<li>Fatturazione elettronica per tutte le compagnie assicurative, MCO, MLTC, CHAR e Medicaid<\/li>\n<li>Integrazione con tutti gli aggregatori statali inclusi Sandata, HHA Exchange, Tellus, Optum, Carebridge e altri<\/li>\n<li>Compatibilit\u00e0 multipiattaforma<\/li>\n<li>Integrazione dei fornitori di buste paga<\/li>\n<li>App mobile e basata sul web<\/li>\n<li>Onboarding facile da cambiare<\/li>\n<li>Formazione iniziale e continua<\/li>\n<li>Guide utente complete per amministratori, pianificatori, risorse umane e fatturazione<\/li>\n<li>Assistenza infermieristica qualificata e non qualificata<\/li>\n<li>Tecnologie per la prevenzione delle frodi<\/li>\n<li>Pi\u00f9 livelli di sicurezza con delega<\/li>\n<li>Conformit\u00e0 HIPAA<\/li>\n<li>Portale del paziente<\/li>\n<li>Programmazione visiva con Smart Coordination<\/li>\n<li>Monitoraggio della pianificazione dei casi in tempo reale<\/li>\n<li>Scaricamento automatico dei casi e modifiche allo stato della pianificazione<\/li>\n<li>Opzioni di appuntamento facili da compilare<\/li>\n<li>Messaggistica in ufficio sicura<\/li>\n<li>Gestione su chiamata<\/li>\n<li>Sms privati<\/li>\n<li>Verifica elettronica delle presenze<\/li>\n<li>Visualizzazione della pianificazione in tempo reale<\/li>\n<li>Elaborazione automatizzata del foglio presenze cartaceo<\/li>\n<li>Telefonia multilingue per timbratura presenze in entrata e in uscita<\/li>\n<li>GPS e monitoraggio delle visite esterne<\/li>\n<li>Gestione dei referral<\/li>\n<li>Autorizzazione e notifiche<\/li>\n<li>Controlli integrati dei precedenti e dell&#8217;immigrazione<\/li>\n<li>Canale DOH integrato<\/li>\n<li>Gestione del tempo e delle presenze dei dipendenti<\/li>\n<li>Payroll in pochi minuti con audit automatizzato<\/li>\n<li>Comunicazione sicura email e sms<\/li>\n<li>Stampa unione per la corrispondenza dei dipendenti<\/li>\n<li>Automazione della gestione del DOL<\/li>\n<li>Monitoraggio e reportistica automatizzati della conformit\u00e0<\/li>\n<\/ul>\n<h4>LE RECENSIONI DEGLI UTENTI<\/h4>\n<p class=\"font-weight-bold mb-2\"><strong>Jeff C. &#8220;Supporto carente&#8221;<\/strong><\/p>\n<p class=\"font-weight-bold mb-2\"><strong>Commenti<\/strong>: Sembrerebbe che Carecenta collaborerebbe con le API con altri centri di compensazione o fornitori di software per avere un approccio olistico alla gestione di un&#8217;attivit\u00e0 sanitaria. Come funzione principale per un&#8217;azienda, ha dei difetti. Una volta effettuata la vendita, sei da solo.<\/p>\n<p><strong>Pro<\/strong>: Il software \u00e8 ottimo per l&#8217;uso mobile con gli operatori sanitari in quanto \u00e8 basato sul Web non un&#8217;app. Gli aggiornamenti del telefono non influiranno sul suo funzionamento.<\/p>\n<p><strong>Contro<\/strong>: Il supporto si trascina con &#8220;lo faremo sapere agli sviluppatori back-end&#8221; Gli errori nel software non verranno corretti a meno che non sia nella loro agenda su cui lavorare. Abbiamo aspettato pi\u00f9 di 6 mesi sui problemi. Il software NON creer\u00e0 un file Quick Books se questo \u00e8 importante per te non acquistarlo. In secondo luogo, se si modifica la fattura per qualsiasi fornitore in modo che corrisponda all&#8217;importo pagato, non \u00e8 possibile eseguire pi\u00f9 di UN elemento pubblicitario.<\/p>\n<p class=\"font-weight-bold mb-2\"><strong>Shaheer A.&#8221;Software intuitivo ed \u00e8 molto facile da usare.&#8221;<\/strong><\/p>\n<p class=\"font-weight-bold mb-2\"><strong>Pro: <\/strong>\u00c8 un software facile da usare ed \u00e8 molto facile da usare.<\/p>\n<p><strong>Contro<\/strong>: A volte il software rallenta e richiede tempo per il caricamento.<\/p>\n<p><strong>Johon D:&#8221;Software di fatturazione e pianificazione dell&#8217;assistenza domiciliare economico&#8221;<\/strong><\/p>\n<p><strong>Commenti<\/strong>: Neutro<\/p>\n<p><strong>Pro<\/strong>: Software di fatturazione e pianificazione hha relativamente poco costoso. Ha funzionalit\u00e0 e personalizzazione limitate.<\/p>\n<p><strong>Contro<\/strong>: Servizio clienti e personalizzazione. Inoltre, le opzioni delle note devono essere migliorate. Non c&#8217;erano app per la partecipazione all&#8217;HHA come HHAEXCHANGE.<\/p>\n","protected":false},"excerpt":{"rendered":"<p>Carecenta \u00e8 un software di gestione aziendale per servizi di assistenza domiciliare che offre agli utenti funzionalit\u00e0 di pianificazione, fatturazione, gestione delle presenze, risorse umane, buste paga e conformit\u00e0. Il software compila automaticamente i record di conformit\u00e0 in base alle normative specifiche di ogni stato, inclusi i controlli sull&#8217;immigrazione e sui precedenti dei dipendenti.<\/p>\n","protected":false},"author":19,"featured_media":55519,"parent":55061,"menu_order":0,"comment_status":"open","ping_status":"closed","template":"g1_template_page_review_new.php","meta":{"_acf_changed":false,"cwp_meta_box_check":"Yes","cwp_rev_product_name":"","cwp_rev_product_image":"","wppr_links":[],"cwp_rev_price":"","wppr_options":[],"wppr_pros":[],"wppr_cons":[],"_monsterinsights_skip_tracking":false,"_monsterinsights_sitenote_active":false,"_monsterinsights_sitenote_note":"","_monsterinsights_sitenote_category":0,"footnotes":""},"categories":[12271],"tags":[12274,12325,12275,12276,12273,12277],"features":[],"class_list":{"0":"post-55517","1":"page","2":"type-page","3":"status-publish","4":"has-post-thumbnail","6":"category-software-assistenza-domiciliare-categoria","7":"tag-assistenza-domiciliare","8":"tag-carecenta","9":"tag-piattaforma-assistenza-domiciliare","10":"tag-programma-assistenza-domiciliare","11":"tag-software-assistenza-domiciliare","12":"tag-soluzione-assistenza-domiciliare"},"wppr_data":{"cwp_meta_box_check":"Yes","cwp_rev_product_name":"","cwp_rev_product_image":"","cwp_image_link":"image","cwp_rev_price":"","wppr_rating":"0.00"},"acf":[],"yoast_head":"<!-- This site is optimized with the Yoast SEO plugin v27.4 - https:\/\/yoast.com\/product\/yoast-seo-wordpress\/ -->\n<title>Carecenta: recensione software assistenza domiciliare - Accurate Reviews<\/title>\n<meta name=\"description\" content=\"Carecenta: recensione software di assistenza domiciliare che consente la verifica della presenza dei dipendenti tramite il tracciamento GPS.\" \/>\n<meta name=\"robots\" content=\"index, follow, max-snippet:-1, max-image-preview:large, max-video-preview:-1\" \/>\n<link rel=\"canonical\" href=\"https:\/\/www.accuratereviews.com\/it\/software-assistenza-domiciliare\/carecenta-recensione\/\" \/>\n<meta property=\"og:locale\" content=\"it_IT\" \/>\n<meta property=\"og:type\" content=\"article\" \/>\n<meta property=\"og:title\" content=\"Carecenta: recensione software assistenza domiciliare - Accurate Reviews\" \/>\n<meta property=\"og:description\" content=\"Carecenta: recensione software di assistenza domiciliare che consente la verifica della presenza dei dipendenti tramite il tracciamento GPS.\" \/>\n<meta property=\"og:url\" content=\"https:\/\/www.accuratereviews.com\/it\/software-assistenza-domiciliare\/carecenta-recensione\/\" \/>\n<meta property=\"og:site_name\" content=\"Accurate Reviews\" \/>\n<meta property=\"og:image\" content=\"https:\/\/www.accuratereviews.com\/wp-content\/uploads\/2022\/03\/Carecenta.webp\" \/>\n\t<meta property=\"og:image:width\" content=\"256\" \/>\n\t<meta property=\"og:image:height\" content=\"256\" \/>\n\t<meta property=\"og:image:type\" content=\"image\/webp\" \/>\n<meta name=\"twitter:card\" content=\"summary_large_image\" \/>\n<meta name=\"twitter:label1\" content=\"Tempo di lettura stimato\" \/>\n\t<meta name=\"twitter:data1\" content=\"4 minuti\" \/>\n<script type=\"application\/ld+json\" class=\"yoast-schema-graph\">{\"@context\":\"https:\\\/\\\/schema.org\",\"@graph\":[{\"@type\":\"WebPage\",\"@id\":\"https:\\\/\\\/www.accuratereviews.com\\\/it\\\/software-assistenza-domiciliare\\\/carecenta-recensione\\\/\",\"url\":\"https:\\\/\\\/www.accuratereviews.com\\\/it\\\/software-assistenza-domiciliare\\\/carecenta-recensione\\\/\",\"name\":\"Carecenta: recensione software assistenza domiciliare - Accurate Reviews\",\"isPartOf\":{\"@id\":\"https:\\\/\\\/www.accuratereviews.com\\\/it\\\/#website\"},\"primaryImageOfPage\":{\"@id\":\"https:\\\/\\\/www.accuratereviews.com\\\/it\\\/software-assistenza-domiciliare\\\/carecenta-recensione\\\/#primaryimage\"},\"image\":{\"@id\":\"https:\\\/\\\/www.accuratereviews.com\\\/it\\\/software-assistenza-domiciliare\\\/carecenta-recensione\\\/#primaryimage\"},\"thumbnailUrl\":\"https:\\\/\\\/www.accuratereviews.com\\\/wp-content\\\/uploads\\\/2022\\\/03\\\/Carecenta.webp\",\"datePublished\":\"2022-03-30T11:02:58+00:00\",\"description\":\"Carecenta: recensione software di assistenza domiciliare che consente la verifica della presenza dei dipendenti tramite il tracciamento GPS.\",\"breadcrumb\":{\"@id\":\"https:\\\/\\\/www.accuratereviews.com\\\/it\\\/software-assistenza-domiciliare\\\/carecenta-recensione\\\/#breadcrumb\"},\"inLanguage\":\"it-IT\",\"potentialAction\":[{\"@type\":\"ReadAction\",\"target\":[\"https:\\\/\\\/www.accuratereviews.com\\\/it\\\/software-assistenza-domiciliare\\\/carecenta-recensione\\\/\"]}]},{\"@type\":\"ImageObject\",\"inLanguage\":\"it-IT\",\"@id\":\"https:\\\/\\\/www.accuratereviews.com\\\/it\\\/software-assistenza-domiciliare\\\/carecenta-recensione\\\/#primaryimage\",\"url\":\"https:\\\/\\\/www.accuratereviews.com\\\/wp-content\\\/uploads\\\/2022\\\/03\\\/Carecenta.webp\",\"contentUrl\":\"https:\\\/\\\/www.accuratereviews.com\\\/wp-content\\\/uploads\\\/2022\\\/03\\\/Carecenta.webp\",\"width\":256,\"height\":256},{\"@type\":\"BreadcrumbList\",\"@id\":\"https:\\\/\\\/www.accuratereviews.com\\\/it\\\/software-assistenza-domiciliare\\\/carecenta-recensione\\\/#breadcrumb\",\"itemListElement\":[{\"@type\":\"ListItem\",\"position\":1,\"name\":\"Home\",\"item\":\"https:\\\/\\\/www.accuratereviews.com\\\/it\\\/\"},{\"@type\":\"ListItem\",\"position\":2,\"name\":\"Software assistenza domiciliare\",\"item\":\"https:\\\/\\\/www.accuratereviews.com\\\/it\\\/software-assistenza-domiciliare\\\/\"},{\"@type\":\"ListItem\",\"position\":3,\"name\":\"Carecenta\"}]},{\"@type\":\"WebSite\",\"@id\":\"https:\\\/\\\/www.accuratereviews.com\\\/it\\\/#website\",\"url\":\"https:\\\/\\\/www.accuratereviews.com\\\/it\\\/\",\"name\":\"Accurate Reviews\",\"description\":\"\",\"potentialAction\":[{\"@type\":\"SearchAction\",\"target\":{\"@type\":\"EntryPoint\",\"urlTemplate\":\"https:\\\/\\\/www.accuratereviews.com\\\/it\\\/?s={search_term_string}\"},\"query-input\":{\"@type\":\"PropertyValueSpecification\",\"valueRequired\":true,\"valueName\":\"search_term_string\"}}],\"inLanguage\":\"it-IT\"}]}<\/script>\n<!-- \/ Yoast SEO plugin. -->","yoast_head_json":{"title":"Carecenta: recensione software assistenza domiciliare - Accurate Reviews","description":"Carecenta: recensione software di assistenza domiciliare che consente la verifica della presenza dei dipendenti tramite il tracciamento GPS.","robots":{"index":"index","follow":"follow","max-snippet":"max-snippet:-1","max-image-preview":"max-image-preview:large","max-video-preview":"max-video-preview:-1"},"canonical":"https:\/\/www.accuratereviews.com\/it\/software-assistenza-domiciliare\/carecenta-recensione\/","og_locale":"it_IT","og_type":"article","og_title":"Carecenta: recensione software assistenza domiciliare - Accurate Reviews","og_description":"Carecenta: recensione software di assistenza domiciliare che consente la verifica della presenza dei dipendenti tramite il tracciamento GPS.","og_url":"https:\/\/www.accuratereviews.com\/it\/software-assistenza-domiciliare\/carecenta-recensione\/","og_site_name":"Accurate Reviews","og_image":[{"width":256,"height":256,"url":"https:\/\/www.accuratereviews.com\/wp-content\/uploads\/2022\/03\/Carecenta.webp","type":"image\/webp"}],"twitter_card":"summary_large_image","twitter_misc":{"Tempo di lettura stimato":"4 minuti"},"schema":{"@context":"https:\/\/schema.org","@graph":[{"@type":"WebPage","@id":"https:\/\/www.accuratereviews.com\/it\/software-assistenza-domiciliare\/carecenta-recensione\/","url":"https:\/\/www.accuratereviews.com\/it\/software-assistenza-domiciliare\/carecenta-recensione\/","name":"Carecenta: recensione software assistenza domiciliare - Accurate Reviews","isPartOf":{"@id":"https:\/\/www.accuratereviews.com\/it\/#website"},"primaryImageOfPage":{"@id":"https:\/\/www.accuratereviews.com\/it\/software-assistenza-domiciliare\/carecenta-recensione\/#primaryimage"},"image":{"@id":"https:\/\/www.accuratereviews.com\/it\/software-assistenza-domiciliare\/carecenta-recensione\/#primaryimage"},"thumbnailUrl":"https:\/\/www.accuratereviews.com\/wp-content\/uploads\/2022\/03\/Carecenta.webp","datePublished":"2022-03-30T11:02:58+00:00","description":"Carecenta: recensione software di assistenza domiciliare che consente la verifica della presenza dei dipendenti tramite il tracciamento GPS.","breadcrumb":{"@id":"https:\/\/www.accuratereviews.com\/it\/software-assistenza-domiciliare\/carecenta-recensione\/#breadcrumb"},"inLanguage":"it-IT","potentialAction":[{"@type":"ReadAction","target":["https:\/\/www.accuratereviews.com\/it\/software-assistenza-domiciliare\/carecenta-recensione\/"]}]},{"@type":"ImageObject","inLanguage":"it-IT","@id":"https:\/\/www.accuratereviews.com\/it\/software-assistenza-domiciliare\/carecenta-recensione\/#primaryimage","url":"https:\/\/www.accuratereviews.com\/wp-content\/uploads\/2022\/03\/Carecenta.webp","contentUrl":"https:\/\/www.accuratereviews.com\/wp-content\/uploads\/2022\/03\/Carecenta.webp","width":256,"height":256},{"@type":"BreadcrumbList","@id":"https:\/\/www.accuratereviews.com\/it\/software-assistenza-domiciliare\/carecenta-recensione\/#breadcrumb","itemListElement":[{"@type":"ListItem","position":1,"name":"Home","item":"https:\/\/www.accuratereviews.com\/it\/"},{"@type":"ListItem","position":2,"name":"Software assistenza domiciliare","item":"https:\/\/www.accuratereviews.com\/it\/software-assistenza-domiciliare\/"},{"@type":"ListItem","position":3,"name":"Carecenta"}]},{"@type":"WebSite","@id":"https:\/\/www.accuratereviews.com\/it\/#website","url":"https:\/\/www.accuratereviews.com\/it\/","name":"Accurate Reviews","description":"","potentialAction":[{"@type":"SearchAction","target":{"@type":"EntryPoint","urlTemplate":"https:\/\/www.accuratereviews.com\/it\/?s={search_term_string}"},"query-input":{"@type":"PropertyValueSpecification","valueRequired":true,"valueName":"search_term_string"}}],"inLanguage":"it-IT"}]}},"_links":{"self":[{"href":"https:\/\/www.accuratereviews.com\/it\/wp-json\/wp\/v2\/pages\/55517","targetHints":{"allow":["GET"]}}],"collection":[{"href":"https:\/\/www.accuratereviews.com\/it\/wp-json\/wp\/v2\/pages"}],"about":[{"href":"https:\/\/www.accuratereviews.com\/it\/wp-json\/wp\/v2\/types\/page"}],"author":[{"embeddable":true,"href":"https:\/\/www.accuratereviews.com\/it\/wp-json\/wp\/v2\/users\/19"}],"replies":[{"embeddable":true,"href":"https:\/\/www.accuratereviews.com\/it\/wp-json\/wp\/v2\/comments?post=55517"}],"version-history":[{"count":9,"href":"https:\/\/www.accuratereviews.com\/it\/wp-json\/wp\/v2\/pages\/55517\/revisions"}],"predecessor-version":[{"id":55556,"href":"https:\/\/www.accuratereviews.com\/it\/wp-json\/wp\/v2\/pages\/55517\/revisions\/55556"}],"up":[{"embeddable":true,"href":"https:\/\/www.accuratereviews.com\/it\/wp-json\/wp\/v2\/pages\/55061"}],"wp:featuredmedia":[{"embeddable":true,"href":"https:\/\/www.accuratereviews.com\/it\/wp-json\/wp\/v2\/media\/55519"}],"wp:attachment":[{"href":"https:\/\/www.accuratereviews.com\/it\/wp-json\/wp\/v2\/media?parent=55517"}],"wp:term":[{"taxonomy":"category","embeddable":true,"href":"https:\/\/www.accuratereviews.com\/it\/wp-json\/wp\/v2\/categories?post=55517"},{"taxonomy":"post_tag","embeddable":true,"href":"https:\/\/www.accuratereviews.com\/it\/wp-json\/wp\/v2\/tags?post=55517"},{"taxonomy":"features","embeddable":true,"href":"https:\/\/www.accuratereviews.com\/it\/wp-json\/wp\/v2\/features?post=55517"}],"curies":[{"name":"wp","href":"https:\/\/api.w.org\/{rel}","templated":true}]}}