{"id":55525,"date":"2022-03-30T11:01:44","date_gmt":"2022-03-30T11:01:44","guid":{"rendered":"https:\/\/www.accuratereviews.com\/?page_id=55525"},"modified":"2022-03-30T11:01:44","modified_gmt":"2022-03-30T11:01:44","slug":"kantime-recensione","status":"publish","type":"page","link":"https:\/\/www.accuratereviews.com\/it\/software-assistenza-domiciliare\/kantime-recensione\/","title":{"rendered":"KanTime"},"content":{"rendered":"<p><strong>KanTime<\/strong> \u00e8 un <strong>software di assistenza domiciliare<\/strong> con sede nella Silicon Valley che aiuta le agenzie a migliorare la conformit\u00e0 clinica, aumentare l&#8217;efficienza operativa e raggiungere il successo finanziario. Il programma funziona perfettamente su qualsiasi dispositivo point of care sia esso iOS, Android o basato su Windows, sia online che offline. Inoltre, <strong>KanTime<\/strong> offre solidi strumenti di business intelligence che consentono al management di livello superiore di approfondire vari KPI clinici, finanziari e operativi e agire di conseguenza. In pi\u00f9 la soluzione offre un solido strumento di business intelligence che consente al management di livello superiore di approfondire i KPI che influiscono sulle prestazioni della propria agenzia.<\/p>\n<h2>KANTIME &#8211; TUTORIAL<\/h2>\n<p>Ecco un tutorial in cui illustra le funzioni di questo software per assistenza domiciliare:<\/p>\n<div id=\"fluid-wrapper-counter-1\" class=\"g1-fluid-wrapper \" style=\"width:686px;\">\n<div style=\"padding-bottom:56.268221574344%;\"><iframe loading=\"lazy\" title=\"Ready or Not: RCD is Coming!\" width=\"515\" height=\"386\" src=\"https:\/\/www.youtube.com\/embed\/CXIna9dZkcY?feature=oembed&amp;wmode=transparent&amp;autohide=1&amp;autoplay=0&amp;disablekb=0&amp;fs=1&amp;loop=0&amp;enablejsapi=1&amp;rel=0&amp;controls=2&amp;showinfo=0&amp;wmode=transparent&amp;autohide=2&amp;autoplay=0&amp;disablekb=0&amp;fs=1&amp;loop=0&amp;enablejsapi=1&amp;rel=0&amp;controls=2&amp;showinfo=1\" frameborder=\"0\" allow=\"accelerometer; autoplay; clipboard-write; encrypted-media; gyroscope; picture-in-picture\" allowfullscreen><\/iframe><\/div>\n<\/div>\n<h3>KANTIME &#8211; CRATTERISTICHE<\/h3>\n<ul>\n<li><strong>Sistema sicuro basato sul web<\/strong>: usa il tuo laptop, desktop, tablet o smartphone per accedere in modo sicuro al tuo software sanitario domiciliare. Funziona in sicurezza su tutti i dispositivi iOS, Android e Windows<\/li>\n<li><strong>Gestione clinica completa<\/strong>: la funzione di controllo attivo tiene traccia della tua documentazione in tempo reale, offrendoti una visibilit\u00e0 completa sui tuoi dati assicurando che siano sicuri e aggiornati<\/li>\n<li><strong>Motore di pianificazione avanzato<\/strong>: trova il dipendente giusto per il lavoro giusto al posto giusto. La ricerca di operatori sanitari mette in corrispondenza i lavoratori in base alle esigenze del paziente<\/li>\n<li><strong>Conformit\u00e0 automatizzata<\/strong>: ogni utente riceve i propri compiti sulla propria dashboard basata sui ruoli, mantenendo il flusso di lavoro accurato e aggiornato<\/li>\n<li><strong>Gestione delle risorse umane<\/strong>: personalizza il modulo HR in base alle tue esigenze. Gli avvisi rendono facile e veloce il monitoraggio delle scadenze e dei rinnovi delle licenze<\/li>\n<li><strong>Soluzioni complete di fatturazione elettronica<\/strong>: fattura elettronica, pubblica, traccia e gestisci tutto ci\u00f2 che riguarda i tuoi reclami in un unico posto.<\/li>\n<\/ul>\n<h4>LE RECENSIONI DEGLI UTENTI<\/h4>\n<p class=\"font-weight-bold mb-2\"><strong>Lorna B.: Nel complesso un buon prodotto, se solo l&#8217;assistenza clienti fosse migliore&#8230;&#8221;<\/strong><\/p>\n<p class=\"font-weight-bold mb-2\"><strong>Commenti<\/strong>: Ancora una volta, ottimo prodotto ma l&#8217;assistenza clienti \u00e8 orribile. Quando chiamiamo, la nostra conoscenza del prodotto va ben oltre la prima linea del team di supporto. Quindi dobbiamo continuare a salire di livello per trovare finalmente qualcuno che abbia le conoscenze e le capacit\u00e0 di risoluzione dei problemi di cui abbiamo bisogno. Questa \u00e8 in particolare la situazione con problemi che coinvolgono la fatturazione e la gestione del ciclo delle entrate. Il servizio clienti scadente \u00e8 l&#8217;unico motivo per cui esiterei a raccomandare questo software.<\/p>\n<p><strong>Pro<\/strong>: La conformit\u00e0 e la funzionalit\u00e0 sono eccellenti. Mi piace molto il concetto dei &#8220;widget&#8221;. La funzionalit\u00e0 di pianificazione funziona bene.<\/p>\n<p><strong>Contro<\/strong>: L&#8217;onboarding e la configurazione sono stati molto difficili. Mi rendo conto che ci\u00f2 potrebbe essere dovuto al nostro tempismo poich\u00e9 \u00e8 passato un mese prima dell&#8217;implementazione del PDGM, quindi nessuno era disponibile ad aiutarci. Ci \u00e8 voluto pi\u00f9 di un anno per ottenere la configurazione corretta e abbiamo ricevuto pochissimo supporto durante questo processo.<\/p>\n<p class=\"font-weight-bold mb-2\"><strong>Kisha B.: &#8220;Kantime, il tuo tempo, il mio tempo, in qualsiasi momento, in tempo!&#8221;<\/strong><\/p>\n<p class=\"font-weight-bold mb-2\"><strong>Commenti<\/strong>: nel complesso il kantime ha reso un po&#8217; pi\u00f9 facile il mio momento difficile, quindi \u00e8 apprezzato.<\/p>\n<p><strong>Pro<\/strong>: Bene, immagino la facilit\u00e0 d&#8217;uso, perch\u00e9 era un requisito, quindi essere facile da navigare e completare il mio lavoro era un vantaggio.<\/p>\n<p><strong>Contro<\/strong>: la creazione di grafici e la pianificazione pu\u00f2 essere aggravante. Sicuramente sul processo di lavoro burocratico. Quindi Kantime non era il mio momento preferito.<\/p>\n<p class=\"font-weight-bold mb-2\"><strong>Greg S.&#8221;Kantime \u00e8 puntuale!&#8221;<\/strong><\/p>\n<p class=\"font-weight-bold mb-2\"><strong>Commenti: <\/strong>Kantime \u00e8 nel complesso un prodotto di buona qualit\u00e0 per la pianificazione e la fatturazione e l&#8217;esperienza complessiva \u00e8 stata positiva.<\/p>\n<p><strong>Pro<\/strong>: Il software \u00e8 molto facile da usare per le funzioni di pianificazione e fatturazione.<\/p>\n<p><strong>Contro<\/strong>: Hai bisogno di ulteriore supporto di back office soprattutto dopo l&#8217;orario di lavoro.<\/p>\n","protected":false},"excerpt":{"rendered":"<p>KanTime \u00e8 un software di assistenza domiciliare con sede nella Silicon Valley che aiuta le agenzie a migliorare la conformit\u00e0 clinica, aumentare l&#8217;efficienza operativa e raggiungere il successo finanziario. Il programma funziona perfettamente su qualsiasi dispositivo point of care sia esso iOS, Android o basato su Windows, sia online che offline.<\/p>\n","protected":false},"author":19,"featured_media":55531,"parent":55061,"menu_order":0,"comment_status":"open","ping_status":"closed","template":"g1_template_page_review_new.php","meta":{"_acf_changed":false,"cwp_meta_box_check":"Yes","cwp_rev_product_name":"","cwp_rev_product_image":"","wppr_links":[],"cwp_rev_price":"","wppr_options":[],"wppr_pros":[],"wppr_cons":[],"_monsterinsights_skip_tracking":false,"_monsterinsights_sitenote_active":false,"_monsterinsights_sitenote_note":"","_monsterinsights_sitenote_category":0,"footnotes":""},"categories":[12271],"tags":[12274,12324,12275,12276,12273,12277],"features":[],"class_list":{"0":"post-55525","1":"page","2":"type-page","3":"status-publish","4":"has-post-thumbnail","6":"category-software-assistenza-domiciliare-categoria","7":"tag-assistenza-domiciliare","8":"tag-kantime","9":"tag-piattaforma-assistenza-domiciliare","10":"tag-programma-assistenza-domiciliare","11":"tag-software-assistenza-domiciliare","12":"tag-soluzione-assistenza-domiciliare"},"wppr_data":{"cwp_meta_box_check":"Yes","cwp_rev_product_name":"","cwp_rev_product_image":"","cwp_image_link":"image","cwp_rev_price":"","wppr_rating":"0.00"},"acf":[],"yoast_head":"<!-- This site is optimized with the Yoast SEO plugin v27.4 - https:\/\/yoast.com\/product\/yoast-seo-wordpress\/ -->\n<title>KanTime: recensione software assistenza domiciliare - Accurate Reviews<\/title>\n<meta name=\"description\" content=\"KanTime: recensione software di assistenza domiciliare con sede nella Silicon Valley che aiuta le agenzie a migliorare la conformit\u00e0 clinica,\" \/>\n<meta name=\"robots\" content=\"index, follow, max-snippet:-1, max-image-preview:large, max-video-preview:-1\" \/>\n<link rel=\"canonical\" href=\"https:\/\/www.accuratereviews.com\/it\/software-assistenza-domiciliare\/kantime-recensione\/\" \/>\n<meta property=\"og:locale\" content=\"it_IT\" \/>\n<meta property=\"og:type\" content=\"article\" \/>\n<meta property=\"og:title\" content=\"KanTime: recensione software assistenza domiciliare - Accurate Reviews\" \/>\n<meta property=\"og:description\" content=\"KanTime: recensione software di assistenza domiciliare con sede nella Silicon Valley che aiuta le agenzie a migliorare la conformit\u00e0 clinica,\" \/>\n<meta property=\"og:url\" content=\"https:\/\/www.accuratereviews.com\/it\/software-assistenza-domiciliare\/kantime-recensione\/\" \/>\n<meta property=\"og:site_name\" content=\"Accurate Reviews\" \/>\n<meta property=\"og:image\" content=\"https:\/\/www.accuratereviews.com\/wp-content\/uploads\/2022\/03\/Kantime-Logo.png\" \/>\n\t<meta property=\"og:image:width\" content=\"810\" \/>\n\t<meta property=\"og:image:height\" content=\"450\" \/>\n\t<meta property=\"og:image:type\" content=\"image\/png\" \/>\n<meta name=\"twitter:card\" content=\"summary_large_image\" \/>\n<meta name=\"twitter:label1\" content=\"Tempo di lettura stimato\" \/>\n\t<meta name=\"twitter:data1\" content=\"4 minuti\" \/>\n<script type=\"application\/ld+json\" class=\"yoast-schema-graph\">{\"@context\":\"https:\\\/\\\/schema.org\",\"@graph\":[{\"@type\":\"WebPage\",\"@id\":\"https:\\\/\\\/www.accuratereviews.com\\\/it\\\/software-assistenza-domiciliare\\\/kantime-recensione\\\/\",\"url\":\"https:\\\/\\\/www.accuratereviews.com\\\/it\\\/software-assistenza-domiciliare\\\/kantime-recensione\\\/\",\"name\":\"KanTime: recensione software assistenza domiciliare - Accurate Reviews\",\"isPartOf\":{\"@id\":\"https:\\\/\\\/www.accuratereviews.com\\\/it\\\/#website\"},\"primaryImageOfPage\":{\"@id\":\"https:\\\/\\\/www.accuratereviews.com\\\/it\\\/software-assistenza-domiciliare\\\/kantime-recensione\\\/#primaryimage\"},\"image\":{\"@id\":\"https:\\\/\\\/www.accuratereviews.com\\\/it\\\/software-assistenza-domiciliare\\\/kantime-recensione\\\/#primaryimage\"},\"thumbnailUrl\":\"https:\\\/\\\/www.accuratereviews.com\\\/wp-content\\\/uploads\\\/2022\\\/03\\\/Kantime-Logo.png\",\"datePublished\":\"2022-03-30T11:01:44+00:00\",\"description\":\"KanTime: recensione software di assistenza domiciliare con sede nella Silicon Valley che aiuta le agenzie a migliorare la conformit\u00e0 clinica,\",\"breadcrumb\":{\"@id\":\"https:\\\/\\\/www.accuratereviews.com\\\/it\\\/software-assistenza-domiciliare\\\/kantime-recensione\\\/#breadcrumb\"},\"inLanguage\":\"it-IT\",\"potentialAction\":[{\"@type\":\"ReadAction\",\"target\":[\"https:\\\/\\\/www.accuratereviews.com\\\/it\\\/software-assistenza-domiciliare\\\/kantime-recensione\\\/\"]}]},{\"@type\":\"ImageObject\",\"inLanguage\":\"it-IT\",\"@id\":\"https:\\\/\\\/www.accuratereviews.com\\\/it\\\/software-assistenza-domiciliare\\\/kantime-recensione\\\/#primaryimage\",\"url\":\"https:\\\/\\\/www.accuratereviews.com\\\/wp-content\\\/uploads\\\/2022\\\/03\\\/Kantime-Logo.png\",\"contentUrl\":\"https:\\\/\\\/www.accuratereviews.com\\\/wp-content\\\/uploads\\\/2022\\\/03\\\/Kantime-Logo.png\",\"width\":810,\"height\":450},{\"@type\":\"BreadcrumbList\",\"@id\":\"https:\\\/\\\/www.accuratereviews.com\\\/it\\\/software-assistenza-domiciliare\\\/kantime-recensione\\\/#breadcrumb\",\"itemListElement\":[{\"@type\":\"ListItem\",\"position\":1,\"name\":\"Home\",\"item\":\"https:\\\/\\\/www.accuratereviews.com\\\/it\\\/\"},{\"@type\":\"ListItem\",\"position\":2,\"name\":\"Software assistenza domiciliare\",\"item\":\"https:\\\/\\\/www.accuratereviews.com\\\/it\\\/software-assistenza-domiciliare\\\/\"},{\"@type\":\"ListItem\",\"position\":3,\"name\":\"KanTime\"}]},{\"@type\":\"WebSite\",\"@id\":\"https:\\\/\\\/www.accuratereviews.com\\\/it\\\/#website\",\"url\":\"https:\\\/\\\/www.accuratereviews.com\\\/it\\\/\",\"name\":\"Accurate Reviews\",\"description\":\"\",\"potentialAction\":[{\"@type\":\"SearchAction\",\"target\":{\"@type\":\"EntryPoint\",\"urlTemplate\":\"https:\\\/\\\/www.accuratereviews.com\\\/it\\\/?s={search_term_string}\"},\"query-input\":{\"@type\":\"PropertyValueSpecification\",\"valueRequired\":true,\"valueName\":\"search_term_string\"}}],\"inLanguage\":\"it-IT\"}]}<\/script>\n<!-- \/ Yoast SEO plugin. -->","yoast_head_json":{"title":"KanTime: recensione software assistenza domiciliare - Accurate Reviews","description":"KanTime: recensione software di assistenza domiciliare con sede nella Silicon Valley che aiuta le agenzie a migliorare la conformit\u00e0 clinica,","robots":{"index":"index","follow":"follow","max-snippet":"max-snippet:-1","max-image-preview":"max-image-preview:large","max-video-preview":"max-video-preview:-1"},"canonical":"https:\/\/www.accuratereviews.com\/it\/software-assistenza-domiciliare\/kantime-recensione\/","og_locale":"it_IT","og_type":"article","og_title":"KanTime: recensione software assistenza domiciliare - Accurate Reviews","og_description":"KanTime: recensione software di assistenza domiciliare con sede nella Silicon Valley che aiuta le agenzie a migliorare la conformit\u00e0 clinica,","og_url":"https:\/\/www.accuratereviews.com\/it\/software-assistenza-domiciliare\/kantime-recensione\/","og_site_name":"Accurate Reviews","og_image":[{"width":810,"height":450,"url":"https:\/\/www.accuratereviews.com\/wp-content\/uploads\/2022\/03\/Kantime-Logo.png","type":"image\/png"}],"twitter_card":"summary_large_image","twitter_misc":{"Tempo di lettura stimato":"4 minuti"},"schema":{"@context":"https:\/\/schema.org","@graph":[{"@type":"WebPage","@id":"https:\/\/www.accuratereviews.com\/it\/software-assistenza-domiciliare\/kantime-recensione\/","url":"https:\/\/www.accuratereviews.com\/it\/software-assistenza-domiciliare\/kantime-recensione\/","name":"KanTime: recensione software assistenza domiciliare - Accurate Reviews","isPartOf":{"@id":"https:\/\/www.accuratereviews.com\/it\/#website"},"primaryImageOfPage":{"@id":"https:\/\/www.accuratereviews.com\/it\/software-assistenza-domiciliare\/kantime-recensione\/#primaryimage"},"image":{"@id":"https:\/\/www.accuratereviews.com\/it\/software-assistenza-domiciliare\/kantime-recensione\/#primaryimage"},"thumbnailUrl":"https:\/\/www.accuratereviews.com\/wp-content\/uploads\/2022\/03\/Kantime-Logo.png","datePublished":"2022-03-30T11:01:44+00:00","description":"KanTime: recensione software di assistenza domiciliare con sede nella Silicon Valley che aiuta le agenzie a migliorare la conformit\u00e0 clinica,","breadcrumb":{"@id":"https:\/\/www.accuratereviews.com\/it\/software-assistenza-domiciliare\/kantime-recensione\/#breadcrumb"},"inLanguage":"it-IT","potentialAction":[{"@type":"ReadAction","target":["https:\/\/www.accuratereviews.com\/it\/software-assistenza-domiciliare\/kantime-recensione\/"]}]},{"@type":"ImageObject","inLanguage":"it-IT","@id":"https:\/\/www.accuratereviews.com\/it\/software-assistenza-domiciliare\/kantime-recensione\/#primaryimage","url":"https:\/\/www.accuratereviews.com\/wp-content\/uploads\/2022\/03\/Kantime-Logo.png","contentUrl":"https:\/\/www.accuratereviews.com\/wp-content\/uploads\/2022\/03\/Kantime-Logo.png","width":810,"height":450},{"@type":"BreadcrumbList","@id":"https:\/\/www.accuratereviews.com\/it\/software-assistenza-domiciliare\/kantime-recensione\/#breadcrumb","itemListElement":[{"@type":"ListItem","position":1,"name":"Home","item":"https:\/\/www.accuratereviews.com\/it\/"},{"@type":"ListItem","position":2,"name":"Software assistenza domiciliare","item":"https:\/\/www.accuratereviews.com\/it\/software-assistenza-domiciliare\/"},{"@type":"ListItem","position":3,"name":"KanTime"}]},{"@type":"WebSite","@id":"https:\/\/www.accuratereviews.com\/it\/#website","url":"https:\/\/www.accuratereviews.com\/it\/","name":"Accurate Reviews","description":"","potentialAction":[{"@type":"SearchAction","target":{"@type":"EntryPoint","urlTemplate":"https:\/\/www.accuratereviews.com\/it\/?s={search_term_string}"},"query-input":{"@type":"PropertyValueSpecification","valueRequired":true,"valueName":"search_term_string"}}],"inLanguage":"it-IT"}]}},"_links":{"self":[{"href":"https:\/\/www.accuratereviews.com\/it\/wp-json\/wp\/v2\/pages\/55525","targetHints":{"allow":["GET"]}}],"collection":[{"href":"https:\/\/www.accuratereviews.com\/it\/wp-json\/wp\/v2\/pages"}],"about":[{"href":"https:\/\/www.accuratereviews.com\/it\/wp-json\/wp\/v2\/types\/page"}],"author":[{"embeddable":true,"href":"https:\/\/www.accuratereviews.com\/it\/wp-json\/wp\/v2\/users\/19"}],"replies":[{"embeddable":true,"href":"https:\/\/www.accuratereviews.com\/it\/wp-json\/wp\/v2\/comments?post=55525"}],"version-history":[{"count":14,"href":"https:\/\/www.accuratereviews.com\/it\/wp-json\/wp\/v2\/pages\/55525\/revisions"}],"predecessor-version":[{"id":55555,"href":"https:\/\/www.accuratereviews.com\/it\/wp-json\/wp\/v2\/pages\/55525\/revisions\/55555"}],"up":[{"embeddable":true,"href":"https:\/\/www.accuratereviews.com\/it\/wp-json\/wp\/v2\/pages\/55061"}],"wp:featuredmedia":[{"embeddable":true,"href":"https:\/\/www.accuratereviews.com\/it\/wp-json\/wp\/v2\/media\/55531"}],"wp:attachment":[{"href":"https:\/\/www.accuratereviews.com\/it\/wp-json\/wp\/v2\/media?parent=55525"}],"wp:term":[{"taxonomy":"category","embeddable":true,"href":"https:\/\/www.accuratereviews.com\/it\/wp-json\/wp\/v2\/categories?post=55525"},{"taxonomy":"post_tag","embeddable":true,"href":"https:\/\/www.accuratereviews.com\/it\/wp-json\/wp\/v2\/tags?post=55525"},{"taxonomy":"features","embeddable":true,"href":"https:\/\/www.accuratereviews.com\/it\/wp-json\/wp\/v2\/features?post=55525"}],"curies":[{"name":"wp","href":"https:\/\/api.w.org\/{rel}","templated":true}]}}