{"id":55568,"date":"2022-03-31T12:00:43","date_gmt":"2022-03-31T12:00:43","guid":{"rendered":"https:\/\/www.accuratereviews.com\/?page_id=55568"},"modified":"2022-03-31T12:00:43","modified_gmt":"2022-03-31T12:00:43","slug":"doc-recensione","status":"publish","type":"page","link":"https:\/\/www.accuratereviews.com\/it\/software-assistenza-domiciliare\/doc-recensione\/","title":{"rendered":"NDoc"},"content":{"rendered":"<p><strong>NDoc<\/strong> \u00e8 un <strong>software EMR<\/strong> (s<span class=\"Y2IQFc\" lang=\"it\">oftware per cartelle cliniche elettroniche) prodotto da Thornberry con il fine di migliorare la qualit\u00e0 clinica delle cure, le prestazioni finanziarie e il controllo operativo. Si rivolge principalmente a cliniche private e a centri di cure palliative e ti permette di ridurre i tempi e ottimizzare tutti i processi: dall&#8217;assunzione dei pazienti alla creazione delle cartelle cliniche a molto altro ancora.<br \/>\nProgettato pensando ai flussi di lavoro dell&#8217;<strong>assistenza domiciliare<\/strong>, la navigazione e l&#8217;organizzazione dei dati di <strong>NDoc<\/strong> facili da seguire, migliora la cura del paziente e la fidelizzazione dei dipendenti.<\/span><\/p>\n<h2>NDOC &#8211; TUTORIAL<\/h2>\n<div id=\"fluid-wrapper-counter-1\" class=\"g1-fluid-wrapper \" style=\"width:686px;\">\n<div style=\"padding-bottom:56.268221574344%;\"><iframe loading=\"lazy\" title=\"5 Thornberry Intake Oct 9 202013073b2 autosave  Scheduling\" width=\"686\" height=\"386\" src=\"https:\/\/www.youtube.com\/embed\/C3YQjjfYs50?feature=oembed&amp;wmode=transparent&amp;autohide=1&amp;autoplay=0&amp;disablekb=0&amp;fs=1&amp;loop=0&amp;enablejsapi=1&amp;rel=0&amp;controls=2&amp;showinfo=0&amp;wmode=transparent&amp;autohide=2&amp;autoplay=0&amp;disablekb=0&amp;fs=1&amp;loop=0&amp;enablejsapi=1&amp;rel=0&amp;controls=2&amp;showinfo=1\" frameborder=\"0\" allow=\"accelerometer; autoplay; clipboard-write; encrypted-media; gyroscope; picture-in-picture\" allowfullscreen><\/iframe><\/div>\n<\/div>\n<h3>NDOC &#8211; CARATTERISTICHE<\/h3>\n<ul>\n<li>Accesso istantaneo &#8220;ovunque&#8221; all&#8217;intera cartella clinica consente una vera assistenza interdisciplinare<\/li>\n<li>Accesso con un solo clic ai documenti \u00e8 disponibile in tutte le sedi, compresi i dispositivi sul campo<\/li>\n<li>I cicli di fatturazione automatizzati generano le richieste di rimborso in modo rapido ed efficiente<\/li>\n<li>La fatturazione PPS viene generata automaticamente una volta che tutti i criteri &#8220;pronti per la fatturazione&#8221; sono stati soddisfatti, compresi i criteri personalizzati per la vostra agenzia<\/li>\n<li>La documentazione dell&#8217;assistenza al paziente \u00e8 semplificata utilizzando una guida codificata a colori che \u00e8 sia mirata che conforme<\/li>\n<li>Il controllo della qualit\u00e0 \u00e8 garantito da messaggi in tempo reale per il miglioramento, la stabilizzazione o il declino del paziente<\/li>\n<li>Pianifica a livello centrale, sul campo o una combinazione di entrambi. Le corrispondenze esatte basate sui tuoi criteri personalizzati portano a una gestione efficiente delle risorse.<\/li>\n<li>Combina performance, OASIS, fatturazione e attivit\u00e0 del personale per una visione globale del business<\/li>\n<li>Utilizza le tendenze, i dati point-in-time e le previsioni per prendere decisioni consapevoli sulle tue operazioni aziendali<\/li>\n<li>Prevedi e visualizza le tendenze finanziarie e statistiche<\/li>\n<li>Trasforma la tua agenzia consentendo transizioni di cura pi\u00f9 fluide<\/li>\n<li>Semplifica il processo di assunzione come mai prima d&#8217;ora &#8211; popola automaticamente il tuo referente paziente con il profilo dei farmaci della vostra fonte di riferimento, risparmiando tempo e garantendo la sicurezza del paziente<\/li>\n<li>Riduci lo stress amministrativo mentre assicurate che i pazienti ricevano le cure corrette ovunque si trovino.<\/li>\n<\/ul>\n<h4>LE RECENSIONI DEGLI UTENTI<\/h4>\n<p><strong>Todd S. &#8220;Azienda pi\u00f9 piccola che fornisce un ottimo servizio&#8221;<\/strong><br \/>\nPRO: il software \u00e8 in commercio da un po&#8217; ed \u00e8 stato aggiornato per essere accessibile via web. La caratteristica migliore \u00e8 la gente di Thornberry. Il servizio \u00e8 sempre stato reattivo e professionale. Non possono fare tutti i cambiamenti che vogliamo, ma hanno fatto di tutto per cambiare ci\u00f2 che possono su nostra richiesta.<br \/>\nCONTRO: ci sono ancora alcune aree che richiedono troppi click per essere raggiunte o alcune aree in cui gli stessi dati non vengono riportati, ma questo \u00e8 un problema minore di quello che sembrava essere. La manutenzione di alcune tabelle richiede che le modifiche siano fatte una alla volta invece di fare modifiche in blocco\/caricamento.<\/p>\n<p><strong>Bob W. &#8220;I miei pensieri&#8221;<\/strong><br \/>\nPRO: parlando dal lato IT di un&#8217;azienda sanitaria a domicilio, la mia parte preferita di NDoc \u00e8 la capacit\u00e0 di contattare qualcuno in Thornberry in modo tempestivo. Il tempo di risposta per qualsiasi domanda o preoccupazione \u00e8 sempre entro lo stesso giorno. Se non sono in grado di rispondere alla domanda o alla preoccupazione lo stesso giorno, almeno mi contattano per farmi sapere cosa stanno facendo per risolvere il problema e quando posso aspettarmi una risposta.<br \/>\nCONTRO: una cosa che mi piacerebbe vedere con NDoc \u00e8 quella di poter caricare documenti modificabili da usare con ogni paziente. Questo limiterebbe l&#8217;uso della carta e poi la scansione della carta nella libreria all&#8217;interno di NDoc<\/p>\n<p><strong>Nicole D. &#8220;Siamo molto soddisfatti del sistema NDoc di Thornberry&#8221;.<\/strong><br \/>\nPRO: ci piace che questa azienda sia specializzata in un prodotto su misura per l&#8217;assistenza domiciliare. Offre interfacce che funzionano con altri EMR. Sono aggiornati sulle normative e amano il feedback per aiutarli ad aggiornare il loro prodotto. Gli aggiornamenti sono fatti spesso in modo che possiate essere sicuri che state seguendo i regolamenti pi\u00f9 recenti.<br \/>\nCONTRO: il piano tariffario che mi piace meno. Come cresce il vostro business o censimento, si finisce per pagare di pi\u00f9 per il loro servizio. Non \u00e8 una tariffa fissa come alcuni altri EMR.<\/p>\n","protected":false},"excerpt":{"rendered":"<p>NDoc \u00e8 un software EMR (software per cartelle cliniche elettroniche) prodotto da Thornberry con il fine di migliorare la qualit\u00e0 clinica delle cure, le prestazioni finanziarie e il controllo operativo. Si rivolge principalmente a cliniche private e a centri di cure palliative e ti permette di ridurre i tempi e ottimizzare tutti i processi: dall&#8217;assunzione dei pazienti alla creazione delle cartelle cliniche a molto altro ancora.<\/p>\n","protected":false},"author":17,"featured_media":55580,"parent":55061,"menu_order":0,"comment_status":"open","ping_status":"closed","template":"g1_template_page_review_new.php","meta":{"_acf_changed":false,"cwp_meta_box_check":"No","cwp_rev_product_name":"","cwp_rev_product_image":"","wppr_links":[],"cwp_rev_price":"","wppr_options":[],"wppr_pros":[],"wppr_cons":[],"_monsterinsights_skip_tracking":false,"_monsterinsights_sitenote_active":false,"_monsterinsights_sitenote_note":"","_monsterinsights_sitenote_category":0,"footnotes":""},"categories":[12271],"tags":[12274,12275,12276,12273,12277],"features":[],"class_list":{"0":"post-55568","1":"page","2":"type-page","3":"status-publish","4":"has-post-thumbnail","6":"category-software-assistenza-domiciliare-categoria","7":"tag-assistenza-domiciliare","8":"tag-piattaforma-assistenza-domiciliare","9":"tag-programma-assistenza-domiciliare","10":"tag-software-assistenza-domiciliare","11":"tag-soluzione-assistenza-domiciliare"},"wppr_data":{"cwp_meta_box_check":"No"},"acf":[],"yoast_head":"<!-- This site is optimized with the Yoast SEO plugin v27.4 - https:\/\/yoast.com\/product\/yoast-seo-wordpress\/ -->\n<title>NDoc: software assistenza domiciliare - Accurate Reviews<\/title>\n<meta name=\"description\" content=\"NDoc: recensione del software EMR che migliora la qualit\u00e0 clinica delle cure, dell&#039;assistenza domiciliare e delle prestazioni finanziarie.\" \/>\n<meta name=\"robots\" content=\"index, follow, max-snippet:-1, max-image-preview:large, max-video-preview:-1\" \/>\n<link rel=\"canonical\" href=\"https:\/\/www.accuratereviews.com\/it\/software-assistenza-domiciliare\/doc-recensione\/\" \/>\n<meta property=\"og:locale\" content=\"it_IT\" \/>\n<meta property=\"og:type\" content=\"article\" \/>\n<meta property=\"og:title\" content=\"NDoc: software assistenza domiciliare - Accurate Reviews\" \/>\n<meta property=\"og:description\" content=\"NDoc: recensione del software EMR che migliora la qualit\u00e0 clinica delle cure, dell&#039;assistenza domiciliare e delle prestazioni finanziarie.\" \/>\n<meta property=\"og:url\" content=\"https:\/\/www.accuratereviews.com\/it\/software-assistenza-domiciliare\/doc-recensione\/\" \/>\n<meta property=\"og:site_name\" content=\"Accurate Reviews\" \/>\n<meta property=\"og:image\" content=\"https:\/\/www.accuratereviews.com\/wp-content\/uploads\/2022\/03\/Unknown-6.png\" \/>\n\t<meta property=\"og:image:width\" content=\"357\" \/>\n\t<meta property=\"og:image:height\" content=\"200\" \/>\n\t<meta property=\"og:image:type\" content=\"image\/png\" \/>\n<meta name=\"twitter:card\" content=\"summary_large_image\" \/>\n<meta name=\"twitter:label1\" content=\"Tempo di lettura stimato\" \/>\n\t<meta name=\"twitter:data1\" content=\"4 minuti\" \/>\n<script type=\"application\/ld+json\" class=\"yoast-schema-graph\">{\"@context\":\"https:\\\/\\\/schema.org\",\"@graph\":[{\"@type\":\"WebPage\",\"@id\":\"https:\\\/\\\/www.accuratereviews.com\\\/it\\\/software-assistenza-domiciliare\\\/doc-recensione\\\/\",\"url\":\"https:\\\/\\\/www.accuratereviews.com\\\/it\\\/software-assistenza-domiciliare\\\/doc-recensione\\\/\",\"name\":\"NDoc: software assistenza domiciliare - Accurate Reviews\",\"isPartOf\":{\"@id\":\"https:\\\/\\\/www.accuratereviews.com\\\/it\\\/#website\"},\"primaryImageOfPage\":{\"@id\":\"https:\\\/\\\/www.accuratereviews.com\\\/it\\\/software-assistenza-domiciliare\\\/doc-recensione\\\/#primaryimage\"},\"image\":{\"@id\":\"https:\\\/\\\/www.accuratereviews.com\\\/it\\\/software-assistenza-domiciliare\\\/doc-recensione\\\/#primaryimage\"},\"thumbnailUrl\":\"https:\\\/\\\/www.accuratereviews.com\\\/wp-content\\\/uploads\\\/2022\\\/03\\\/Unknown-6.png\",\"datePublished\":\"2022-03-31T12:00:43+00:00\",\"description\":\"NDoc: recensione del software EMR che migliora la qualit\u00e0 clinica delle cure, dell'assistenza domiciliare e delle prestazioni finanziarie.\",\"breadcrumb\":{\"@id\":\"https:\\\/\\\/www.accuratereviews.com\\\/it\\\/software-assistenza-domiciliare\\\/doc-recensione\\\/#breadcrumb\"},\"inLanguage\":\"it-IT\",\"potentialAction\":[{\"@type\":\"ReadAction\",\"target\":[\"https:\\\/\\\/www.accuratereviews.com\\\/it\\\/software-assistenza-domiciliare\\\/doc-recensione\\\/\"]}]},{\"@type\":\"ImageObject\",\"inLanguage\":\"it-IT\",\"@id\":\"https:\\\/\\\/www.accuratereviews.com\\\/it\\\/software-assistenza-domiciliare\\\/doc-recensione\\\/#primaryimage\",\"url\":\"https:\\\/\\\/www.accuratereviews.com\\\/wp-content\\\/uploads\\\/2022\\\/03\\\/Unknown-6.png\",\"contentUrl\":\"https:\\\/\\\/www.accuratereviews.com\\\/wp-content\\\/uploads\\\/2022\\\/03\\\/Unknown-6.png\",\"width\":357,\"height\":200},{\"@type\":\"BreadcrumbList\",\"@id\":\"https:\\\/\\\/www.accuratereviews.com\\\/it\\\/software-assistenza-domiciliare\\\/doc-recensione\\\/#breadcrumb\",\"itemListElement\":[{\"@type\":\"ListItem\",\"position\":1,\"name\":\"Home\",\"item\":\"https:\\\/\\\/www.accuratereviews.com\\\/it\\\/\"},{\"@type\":\"ListItem\",\"position\":2,\"name\":\"Software assistenza domiciliare\",\"item\":\"https:\\\/\\\/www.accuratereviews.com\\\/it\\\/software-assistenza-domiciliare\\\/\"},{\"@type\":\"ListItem\",\"position\":3,\"name\":\"NDoc\"}]},{\"@type\":\"WebSite\",\"@id\":\"https:\\\/\\\/www.accuratereviews.com\\\/it\\\/#website\",\"url\":\"https:\\\/\\\/www.accuratereviews.com\\\/it\\\/\",\"name\":\"Accurate Reviews\",\"description\":\"\",\"potentialAction\":[{\"@type\":\"SearchAction\",\"target\":{\"@type\":\"EntryPoint\",\"urlTemplate\":\"https:\\\/\\\/www.accuratereviews.com\\\/it\\\/?s={search_term_string}\"},\"query-input\":{\"@type\":\"PropertyValueSpecification\",\"valueRequired\":true,\"valueName\":\"search_term_string\"}}],\"inLanguage\":\"it-IT\"}]}<\/script>\n<!-- \/ Yoast SEO plugin. -->","yoast_head_json":{"title":"NDoc: software assistenza domiciliare - Accurate Reviews","description":"NDoc: recensione del software EMR che migliora la qualit\u00e0 clinica delle cure, dell'assistenza domiciliare e delle prestazioni finanziarie.","robots":{"index":"index","follow":"follow","max-snippet":"max-snippet:-1","max-image-preview":"max-image-preview:large","max-video-preview":"max-video-preview:-1"},"canonical":"https:\/\/www.accuratereviews.com\/it\/software-assistenza-domiciliare\/doc-recensione\/","og_locale":"it_IT","og_type":"article","og_title":"NDoc: software assistenza domiciliare - Accurate Reviews","og_description":"NDoc: recensione del software EMR che migliora la qualit\u00e0 clinica delle cure, dell'assistenza domiciliare e delle prestazioni finanziarie.","og_url":"https:\/\/www.accuratereviews.com\/it\/software-assistenza-domiciliare\/doc-recensione\/","og_site_name":"Accurate Reviews","og_image":[{"width":357,"height":200,"url":"https:\/\/www.accuratereviews.com\/wp-content\/uploads\/2022\/03\/Unknown-6.png","type":"image\/png"}],"twitter_card":"summary_large_image","twitter_misc":{"Tempo di lettura stimato":"4 minuti"},"schema":{"@context":"https:\/\/schema.org","@graph":[{"@type":"WebPage","@id":"https:\/\/www.accuratereviews.com\/it\/software-assistenza-domiciliare\/doc-recensione\/","url":"https:\/\/www.accuratereviews.com\/it\/software-assistenza-domiciliare\/doc-recensione\/","name":"NDoc: software assistenza domiciliare - Accurate Reviews","isPartOf":{"@id":"https:\/\/www.accuratereviews.com\/it\/#website"},"primaryImageOfPage":{"@id":"https:\/\/www.accuratereviews.com\/it\/software-assistenza-domiciliare\/doc-recensione\/#primaryimage"},"image":{"@id":"https:\/\/www.accuratereviews.com\/it\/software-assistenza-domiciliare\/doc-recensione\/#primaryimage"},"thumbnailUrl":"https:\/\/www.accuratereviews.com\/wp-content\/uploads\/2022\/03\/Unknown-6.png","datePublished":"2022-03-31T12:00:43+00:00","description":"NDoc: recensione del software EMR che migliora la qualit\u00e0 clinica delle cure, dell'assistenza domiciliare e delle prestazioni finanziarie.","breadcrumb":{"@id":"https:\/\/www.accuratereviews.com\/it\/software-assistenza-domiciliare\/doc-recensione\/#breadcrumb"},"inLanguage":"it-IT","potentialAction":[{"@type":"ReadAction","target":["https:\/\/www.accuratereviews.com\/it\/software-assistenza-domiciliare\/doc-recensione\/"]}]},{"@type":"ImageObject","inLanguage":"it-IT","@id":"https:\/\/www.accuratereviews.com\/it\/software-assistenza-domiciliare\/doc-recensione\/#primaryimage","url":"https:\/\/www.accuratereviews.com\/wp-content\/uploads\/2022\/03\/Unknown-6.png","contentUrl":"https:\/\/www.accuratereviews.com\/wp-content\/uploads\/2022\/03\/Unknown-6.png","width":357,"height":200},{"@type":"BreadcrumbList","@id":"https:\/\/www.accuratereviews.com\/it\/software-assistenza-domiciliare\/doc-recensione\/#breadcrumb","itemListElement":[{"@type":"ListItem","position":1,"name":"Home","item":"https:\/\/www.accuratereviews.com\/it\/"},{"@type":"ListItem","position":2,"name":"Software assistenza domiciliare","item":"https:\/\/www.accuratereviews.com\/it\/software-assistenza-domiciliare\/"},{"@type":"ListItem","position":3,"name":"NDoc"}]},{"@type":"WebSite","@id":"https:\/\/www.accuratereviews.com\/it\/#website","url":"https:\/\/www.accuratereviews.com\/it\/","name":"Accurate Reviews","description":"","potentialAction":[{"@type":"SearchAction","target":{"@type":"EntryPoint","urlTemplate":"https:\/\/www.accuratereviews.com\/it\/?s={search_term_string}"},"query-input":{"@type":"PropertyValueSpecification","valueRequired":true,"valueName":"search_term_string"}}],"inLanguage":"it-IT"}]}},"_links":{"self":[{"href":"https:\/\/www.accuratereviews.com\/it\/wp-json\/wp\/v2\/pages\/55568","targetHints":{"allow":["GET"]}}],"collection":[{"href":"https:\/\/www.accuratereviews.com\/it\/wp-json\/wp\/v2\/pages"}],"about":[{"href":"https:\/\/www.accuratereviews.com\/it\/wp-json\/wp\/v2\/types\/page"}],"author":[{"embeddable":true,"href":"https:\/\/www.accuratereviews.com\/it\/wp-json\/wp\/v2\/users\/17"}],"replies":[{"embeddable":true,"href":"https:\/\/www.accuratereviews.com\/it\/wp-json\/wp\/v2\/comments?post=55568"}],"version-history":[{"count":5,"href":"https:\/\/www.accuratereviews.com\/it\/wp-json\/wp\/v2\/pages\/55568\/revisions"}],"predecessor-version":[{"id":55622,"href":"https:\/\/www.accuratereviews.com\/it\/wp-json\/wp\/v2\/pages\/55568\/revisions\/55622"}],"up":[{"embeddable":true,"href":"https:\/\/www.accuratereviews.com\/it\/wp-json\/wp\/v2\/pages\/55061"}],"wp:featuredmedia":[{"embeddable":true,"href":"https:\/\/www.accuratereviews.com\/it\/wp-json\/wp\/v2\/media\/55580"}],"wp:attachment":[{"href":"https:\/\/www.accuratereviews.com\/it\/wp-json\/wp\/v2\/media?parent=55568"}],"wp:term":[{"taxonomy":"category","embeddable":true,"href":"https:\/\/www.accuratereviews.com\/it\/wp-json\/wp\/v2\/categories?post=55568"},{"taxonomy":"post_tag","embeddable":true,"href":"https:\/\/www.accuratereviews.com\/it\/wp-json\/wp\/v2\/tags?post=55568"},{"taxonomy":"features","embeddable":true,"href":"https:\/\/www.accuratereviews.com\/it\/wp-json\/wp\/v2\/features?post=55568"}],"curies":[{"name":"wp","href":"https:\/\/api.w.org\/{rel}","templated":true}]}}