{"id":5558,"date":"2016-02-19T14:41:18","date_gmt":"2016-02-19T14:41:18","guid":{"rendered":"http:\/\/www.accuratereviews.com\/it\/email-marketing-software-user-guide\/"},"modified":"2017-04-14T13:11:25","modified_gmt":"2017-04-14T13:11:25","slug":"newsletter-migliori-software-guida","status":"publish","type":"page","link":"https:\/\/www.accuratereviews.com\/it\/newsletter-migliori-software-guida\/","title":{"rendered":"Newsletter: i migliori software"},"content":{"rendered":"<p><a href=\"http:\/\/www.accuratereviews.com\/wp-content\/uploads\/2015\/05\/keyboard-70506_1920.jpg\" rel=\"attachment wp-att-2592\"><img loading=\"lazy\" decoding=\"async\" class=\"alignleft size-full wp-image-2592\" src=\"http:\/\/www.accuratereviews.com\/wp-content\/uploads\/2015\/05\/keyboard-70506_1920.jpg\" alt=\"Email Marketing Software\" width=\"1920\" height=\"1280\" srcset=\"https:\/\/www.accuratereviews.com\/wp-content\/uploads\/2015\/05\/keyboard-70506_1920.jpg 1920w, https:\/\/www.accuratereviews.com\/wp-content\/uploads\/2015\/05\/keyboard-70506_1920-300x200.jpg 300w, https:\/\/www.accuratereviews.com\/wp-content\/uploads\/2015\/05\/keyboard-70506_1920-768x512.jpg 768w, https:\/\/www.accuratereviews.com\/wp-content\/uploads\/2015\/05\/keyboard-70506_1920-1024x683.jpg 1024w, https:\/\/www.accuratereviews.com\/wp-content\/uploads\/2015\/05\/keyboard-70506_1920-188x125.jpg 188w, https:\/\/www.accuratereviews.com\/wp-content\/uploads\/2015\/05\/keyboard-70506_1920-50x33.jpg 50w, https:\/\/www.accuratereviews.com\/wp-content\/uploads\/2015\/05\/keyboard-70506_1920-968x645.jpg 968w, https:\/\/www.accuratereviews.com\/wp-content\/uploads\/2015\/05\/keyboard-70506_1920-636x424.jpg 636w, https:\/\/www.accuratereviews.com\/wp-content\/uploads\/2015\/05\/keyboard-70506_1920-320x213.jpg 320w, https:\/\/www.accuratereviews.com\/wp-content\/uploads\/2015\/05\/keyboard-70506_1920-239x159.jpg 239w\" sizes=\"auto, (max-width: 1920px) 100vw, 1920px\" \/><\/a><\/p>\n<p><strong>Grazie all&#8217;email marketing \u00e8 possibile far conoscere il proprio business ad un pubblico pi\u00f9 ampio, che siano clienti, potenziali clienti o amici<\/strong>: con il giusto software tutto il processo diventer\u00e0 semplice e rapido. Stabilire una comunicazione \u00e8 fondamentale per far crescere il proprio database clienti, aggiornarli sulle ultime novit\u00e0 e monitorandone il grado di interesse.<\/p>\n<p>Se <strong>lavorate in team<\/strong> e pi\u00f9 persone si occupano delle campagne \u00e8 meglio scegliere <strong>un servizio di email marketing online<\/strong>: non richiede installazione ed \u00e8 accessibile da qualsiasi browser &#8211; anche in mobilit\u00e0.\u00a0I <strong>software di email marketing possono lavorare a braccetto con un servizio SMTP esterno<\/strong>: cos\u00ec facendo avremo la certezza che le nostre newsletter arrivino ai destinatari senza intoppi e, a seconda del servizio scelto, sapremo anche se vengono aperte o meno. Potete consultare <a href=\"https:\/\/www.accuratereviews.com\/it\/migliori-server-smtp-lista\/\" target=\"_blank\">il nostro elenco di SMTP<\/a> recensiti per scegliere il migliore per le vostre esigenze.<\/p>\n<p>Con un software di email marketing \u00e8 semplice creare la <strong>migliore campagna<\/strong> e avere il massimo ritorno in termini di investimenti. Possiamo infatti verificare l\u2019interesse dei clienti grazie a strumenti avanzati di reportistica, cos\u00ec da aiutarci a rendere la nostra offerta pi\u00f9 accattivante.<\/p>\n<p>Qual \u00e8 la soluzione pi\u00f9 adeguata? Ce ne sono molte disponibili: <strong>la maggior parte offre un buon parco di funzionalit\u00e0 e strumenti<\/strong>, opzioni di supporto, soluzioni di acquisto e buoni livelli di facilit\u00e0 d\u2019utilizzo. Ognuna di queste soluzioni pu\u00f2 contribuire a creare la migliore strategia di email marketing.<\/p>\n<p>Grazie all\u2019abbondanza di varianti disponibili, possiamo scegliere il software pi\u00f9 adatto alle esigenze del singolo business. \u00c8 importante capire che <strong>tipo di email vogliamo inviare, il numero di contatti a cui ci rivolgiamo e fare una stima di quelli nuovi che andremo a raggiungere<\/strong>.<\/p>\n<p>La maggior parte dei software di email marketing offre pi\u00f9 o meno gli stessi strumenti base: la possibilit\u00e0 di importare i contatti, creare una lista, costruire il design della newsletter tremite template pronti o editor e consultare report sulle prestazioni della campagna. Di norma sono tool alla portata anche di utenti meno esperti.<\/p>\n<p>Ci\u00f2 che dovreste cercare nel software per l\u2019email marketing ideale rientra in questo elenco di feature:<\/p>\n<ul>\n<li><strong>funzionalit\u00e0 di statistiche e report sull\u2019andamento della campagna<\/strong> (la maggior parte tramite integrazione di Google Analytics) che vi informino su click, cancellazioni dalla newsletter, bounce, numero di email non aperte e via dicendo.<\/li>\n<li>La possibilit\u00e0 di <strong>importare dati<\/strong> che permettano di caricare contatti almeno da file .CVS o Excel.<\/li>\n<li>Uno strumento per <strong>la gestione dei contatti<\/strong> che consenta di aggiungere, unire, segmentare, eliminare ed esportare nuove liste o alcuni precisi campi di informazioni.<\/li>\n<li>Strumenti per la gestione della campagna che permettono di creare campagne trigger, effettuare l<strong>\u2019A\/B testing sulle varianti, utilizzare alias e autoresponder<\/strong> e pianificare l\u2019invio per una specifica data e ora.<\/li>\n<li><strong>Un editor per creare il design della newsletter<\/strong> con l\u2019utilizzo di template gi\u00e0 pronti da personalizzare, oppure con possibilit\u00e0 di creare tutta la struttura da zero, per poi inserire testo, immagini, sondaggi, link ai social media e via dicendo.<\/li>\n<li><strong>Una galleria di template<\/strong> gi\u00e0 pronti pensati per ogni possibile categoria di email marketing.<\/li>\n<li>Un tool per <strong>il controllo della qualit\u00e0 delle email<\/strong> che consente di inviare campagne test, provare l\u2019antispam direttamente sul messaggio, creare liste di contatti autorizzate ed eliminare eventuali duplicati.<\/li>\n<li>Materiale per guidare gli utenti al primo approccio o aiutare anche i pi\u00f9 esperti a risolvere problemi: <strong>FAQ, video tutorial<\/strong>, forum, blog e glossari.<\/li>\n<li>La presenza di <strong>app per il mobile<\/strong>.<\/li>\n<li><strong>L\u2019integrazione<\/strong> con applicazioni di terze parti.<\/li>\n<li><strong>Un servizio clienti<\/strong> che fornisca assistenza a telefono, via email e live chat per risposte immediate.<\/li>\n<\/ul>\n<p>Ci sono, naturalmente, alcuni <strong>software per email marketing raccomandati per l&#8217;uso professionale avanzato<\/strong> &#8211; ad esempio, nel caso in cui si debbano gestire campagne di email marketing per grandi marchi e nomi importanti, che si rivelerebbero troppo complessi per un marketer principiante. <strong>Questo genere di soluzioni \u00e8 utile a chi cerca statistiche avanzate sull\u2019andamento delle campagne e pi\u00f9 funzionalit\u00e0 per il design della newsletter<\/strong>, cos\u00ec da poter creare strategie di comunicazione pi\u00f9 sofisticate.<\/p>\n<p><strong>Il mondo dei software per l\u2019email marketing \u00e8 grande<\/strong> e offre numerose interessanti soluzioni adattabili a ogni tipo di esigenza. Tenendo sempre a mente di scegliere una soluzione che offra buona usabilit\u00e0 e buona deliverability, date un\u2019occhiata alla lista delle nostre recensioni per trovare ci\u00f2 che fa per voi.<\/p>\n","protected":false},"excerpt":{"rendered":"<p>Grazie all&#8217;email marketing \u00e8 possibile far conoscere il proprio business ad un pubblico pi\u00f9 ampio, che siano clienti, potenziali clienti o amici: con il giusto software tutto il processo diventer\u00e0 semplice e rapido. Stabilire una comunicazione \u00e8 fondamentale per far crescere il proprio database clienti, aggiornarli sulle ultime novit\u00e0 e monitorandone il grado di interesse. [&hellip;]<\/p>\n","protected":false},"author":16,"featured_media":0,"parent":0,"menu_order":87,"comment_status":"closed","ping_status":"closed","template":"g1_template_page_category_userguide.php","meta":{"_acf_changed":false,"cwp_meta_box_check":"No","cwp_rev_product_name":"","cwp_rev_product_image":"","wppr_links":[],"cwp_rev_price":"","wppr_options":[],"wppr_pros":[],"wppr_cons":[],"_monsterinsights_skip_tracking":false,"_monsterinsights_sitenote_active":false,"_monsterinsights_sitenote_note":"","_monsterinsights_sitenote_category":0,"footnotes":""},"categories":[108],"tags":[],"features":[],"class_list":{"0":"post-5558","1":"page","2":"type-page","3":"status-publish","5":"category-newsletter"},"wppr_data":{"cwp_meta_box_check":"No","cwp_rev_product_name":"","cwp_rev_product_image":"","cwp_image_link":"image","cwp_rev_price":""},"acf":[],"yoast_head":"<!-- This site is optimized with the Yoast SEO plugin v27.4 - https:\/\/yoast.com\/product\/yoast-seo-wordpress\/ -->\n<title>Migliori software per newsletter del 2017 | Accurate Reviews<\/title>\n<meta name=\"description\" content=\"Vi guidiamo all&#039;acquisto della soluzione giusta per i vostri bisogni: questa guida ai software per newsletter contiene le informazioni che cercate.\" \/>\n<meta name=\"robots\" content=\"index, follow, max-snippet:-1, max-image-preview:large, max-video-preview:-1\" \/>\n<link rel=\"canonical\" href=\"https:\/\/www.accuratereviews.com\/it\/newsletter-migliori-software-guida\/\" \/>\n<meta property=\"og:locale\" content=\"it_IT\" \/>\n<meta property=\"og:type\" content=\"article\" \/>\n<meta property=\"og:title\" content=\"Migliori software per newsletter del 2017 | Accurate Reviews\" \/>\n<meta property=\"og:description\" content=\"Vi guidiamo all&#039;acquisto della soluzione giusta per i vostri bisogni: questa guida ai software per newsletter contiene le informazioni che cercate.\" \/>\n<meta property=\"og:url\" content=\"https:\/\/www.accuratereviews.com\/it\/newsletter-migliori-software-guida\/\" \/>\n<meta property=\"og:site_name\" content=\"Accurate Reviews\" \/>\n<meta property=\"article:modified_time\" content=\"2017-04-14T13:11:25+00:00\" \/>\n<meta property=\"og:image\" content=\"http:\/\/www.accuratereviews.com\/wp-content\/uploads\/2015\/05\/keyboard-70506_1920.jpg\" \/>\n<meta name=\"twitter:card\" content=\"summary_large_image\" \/>\n<meta name=\"twitter:label1\" content=\"Tempo di lettura stimato\" \/>\n\t<meta name=\"twitter:data1\" content=\"4 minuti\" \/>\n<script type=\"application\/ld+json\" class=\"yoast-schema-graph\">{\"@context\":\"https:\\\/\\\/schema.org\",\"@graph\":[{\"@type\":\"WebPage\",\"@id\":\"https:\\\/\\\/www.accuratereviews.com\\\/it\\\/newsletter-migliori-software-guida\\\/\",\"url\":\"https:\\\/\\\/www.accuratereviews.com\\\/it\\\/newsletter-migliori-software-guida\\\/\",\"name\":\"Migliori software per newsletter del 2017 | Accurate Reviews\",\"isPartOf\":{\"@id\":\"https:\\\/\\\/www.accuratereviews.com\\\/it\\\/#website\"},\"primaryImageOfPage\":{\"@id\":\"https:\\\/\\\/www.accuratereviews.com\\\/it\\\/newsletter-migliori-software-guida\\\/#primaryimage\"},\"image\":{\"@id\":\"https:\\\/\\\/www.accuratereviews.com\\\/it\\\/newsletter-migliori-software-guida\\\/#primaryimage\"},\"thumbnailUrl\":\"http:\\\/\\\/www.accuratereviews.com\\\/wp-content\\\/uploads\\\/2015\\\/05\\\/keyboard-70506_1920.jpg\",\"datePublished\":\"2016-02-19T14:41:18+00:00\",\"dateModified\":\"2017-04-14T13:11:25+00:00\",\"description\":\"Vi guidiamo all'acquisto della soluzione giusta per i vostri bisogni: questa guida ai software per newsletter contiene le informazioni che cercate.\",\"breadcrumb\":{\"@id\":\"https:\\\/\\\/www.accuratereviews.com\\\/it\\\/newsletter-migliori-software-guida\\\/#breadcrumb\"},\"inLanguage\":\"it-IT\",\"potentialAction\":[{\"@type\":\"ReadAction\",\"target\":[\"https:\\\/\\\/www.accuratereviews.com\\\/it\\\/newsletter-migliori-software-guida\\\/\"]}]},{\"@type\":\"ImageObject\",\"inLanguage\":\"it-IT\",\"@id\":\"https:\\\/\\\/www.accuratereviews.com\\\/it\\\/newsletter-migliori-software-guida\\\/#primaryimage\",\"url\":\"http:\\\/\\\/www.accuratereviews.com\\\/wp-content\\\/uploads\\\/2015\\\/05\\\/keyboard-70506_1920.jpg\",\"contentUrl\":\"http:\\\/\\\/www.accuratereviews.com\\\/wp-content\\\/uploads\\\/2015\\\/05\\\/keyboard-70506_1920.jpg\"},{\"@type\":\"BreadcrumbList\",\"@id\":\"https:\\\/\\\/www.accuratereviews.com\\\/it\\\/newsletter-migliori-software-guida\\\/#breadcrumb\",\"itemListElement\":[{\"@type\":\"ListItem\",\"position\":1,\"name\":\"Home\",\"item\":\"https:\\\/\\\/www.accuratereviews.com\\\/it\\\/\"},{\"@type\":\"ListItem\",\"position\":2,\"name\":\"Newsletter: i migliori software\"}]},{\"@type\":\"WebSite\",\"@id\":\"https:\\\/\\\/www.accuratereviews.com\\\/it\\\/#website\",\"url\":\"https:\\\/\\\/www.accuratereviews.com\\\/it\\\/\",\"name\":\"Accurate Reviews\",\"description\":\"\",\"potentialAction\":[{\"@type\":\"SearchAction\",\"target\":{\"@type\":\"EntryPoint\",\"urlTemplate\":\"https:\\\/\\\/www.accuratereviews.com\\\/it\\\/?s={search_term_string}\"},\"query-input\":{\"@type\":\"PropertyValueSpecification\",\"valueRequired\":true,\"valueName\":\"search_term_string\"}}],\"inLanguage\":\"it-IT\"}]}<\/script>\n<!-- \/ Yoast SEO plugin. -->","yoast_head_json":{"title":"Migliori software per newsletter del 2017 | Accurate Reviews","description":"Vi guidiamo all'acquisto della soluzione giusta per i vostri bisogni: questa guida ai software per newsletter contiene le informazioni che cercate.","robots":{"index":"index","follow":"follow","max-snippet":"max-snippet:-1","max-image-preview":"max-image-preview:large","max-video-preview":"max-video-preview:-1"},"canonical":"https:\/\/www.accuratereviews.com\/it\/newsletter-migliori-software-guida\/","og_locale":"it_IT","og_type":"article","og_title":"Migliori software per newsletter del 2017 | Accurate Reviews","og_description":"Vi guidiamo all'acquisto della soluzione giusta per i vostri bisogni: questa guida ai software per newsletter contiene le informazioni che cercate.","og_url":"https:\/\/www.accuratereviews.com\/it\/newsletter-migliori-software-guida\/","og_site_name":"Accurate Reviews","article_modified_time":"2017-04-14T13:11:25+00:00","og_image":[{"url":"http:\/\/www.accuratereviews.com\/wp-content\/uploads\/2015\/05\/keyboard-70506_1920.jpg","type":"","width":"","height":""}],"twitter_card":"summary_large_image","twitter_misc":{"Tempo di lettura stimato":"4 minuti"},"schema":{"@context":"https:\/\/schema.org","@graph":[{"@type":"WebPage","@id":"https:\/\/www.accuratereviews.com\/it\/newsletter-migliori-software-guida\/","url":"https:\/\/www.accuratereviews.com\/it\/newsletter-migliori-software-guida\/","name":"Migliori software per newsletter del 2017 | Accurate Reviews","isPartOf":{"@id":"https:\/\/www.accuratereviews.com\/it\/#website"},"primaryImageOfPage":{"@id":"https:\/\/www.accuratereviews.com\/it\/newsletter-migliori-software-guida\/#primaryimage"},"image":{"@id":"https:\/\/www.accuratereviews.com\/it\/newsletter-migliori-software-guida\/#primaryimage"},"thumbnailUrl":"http:\/\/www.accuratereviews.com\/wp-content\/uploads\/2015\/05\/keyboard-70506_1920.jpg","datePublished":"2016-02-19T14:41:18+00:00","dateModified":"2017-04-14T13:11:25+00:00","description":"Vi guidiamo all'acquisto della soluzione giusta per i vostri bisogni: questa guida ai software per newsletter contiene le informazioni che cercate.","breadcrumb":{"@id":"https:\/\/www.accuratereviews.com\/it\/newsletter-migliori-software-guida\/#breadcrumb"},"inLanguage":"it-IT","potentialAction":[{"@type":"ReadAction","target":["https:\/\/www.accuratereviews.com\/it\/newsletter-migliori-software-guida\/"]}]},{"@type":"ImageObject","inLanguage":"it-IT","@id":"https:\/\/www.accuratereviews.com\/it\/newsletter-migliori-software-guida\/#primaryimage","url":"http:\/\/www.accuratereviews.com\/wp-content\/uploads\/2015\/05\/keyboard-70506_1920.jpg","contentUrl":"http:\/\/www.accuratereviews.com\/wp-content\/uploads\/2015\/05\/keyboard-70506_1920.jpg"},{"@type":"BreadcrumbList","@id":"https:\/\/www.accuratereviews.com\/it\/newsletter-migliori-software-guida\/#breadcrumb","itemListElement":[{"@type":"ListItem","position":1,"name":"Home","item":"https:\/\/www.accuratereviews.com\/it\/"},{"@type":"ListItem","position":2,"name":"Newsletter: i migliori software"}]},{"@type":"WebSite","@id":"https:\/\/www.accuratereviews.com\/it\/#website","url":"https:\/\/www.accuratereviews.com\/it\/","name":"Accurate Reviews","description":"","potentialAction":[{"@type":"SearchAction","target":{"@type":"EntryPoint","urlTemplate":"https:\/\/www.accuratereviews.com\/it\/?s={search_term_string}"},"query-input":{"@type":"PropertyValueSpecification","valueRequired":true,"valueName":"search_term_string"}}],"inLanguage":"it-IT"}]}},"_links":{"self":[{"href":"https:\/\/www.accuratereviews.com\/it\/wp-json\/wp\/v2\/pages\/5558","targetHints":{"allow":["GET"]}}],"collection":[{"href":"https:\/\/www.accuratereviews.com\/it\/wp-json\/wp\/v2\/pages"}],"about":[{"href":"https:\/\/www.accuratereviews.com\/it\/wp-json\/wp\/v2\/types\/page"}],"author":[{"embeddable":true,"href":"https:\/\/www.accuratereviews.com\/it\/wp-json\/wp\/v2\/users\/16"}],"replies":[{"embeddable":true,"href":"https:\/\/www.accuratereviews.com\/it\/wp-json\/wp\/v2\/comments?post=5558"}],"version-history":[{"count":7,"href":"https:\/\/www.accuratereviews.com\/it\/wp-json\/wp\/v2\/pages\/5558\/revisions"}],"predecessor-version":[{"id":7700,"href":"https:\/\/www.accuratereviews.com\/it\/wp-json\/wp\/v2\/pages\/5558\/revisions\/7700"}],"wp:attachment":[{"href":"https:\/\/www.accuratereviews.com\/it\/wp-json\/wp\/v2\/media?parent=5558"}],"wp:term":[{"taxonomy":"category","embeddable":true,"href":"https:\/\/www.accuratereviews.com\/it\/wp-json\/wp\/v2\/categories?post=5558"},{"taxonomy":"post_tag","embeddable":true,"href":"https:\/\/www.accuratereviews.com\/it\/wp-json\/wp\/v2\/tags?post=5558"},{"taxonomy":"features","embeddable":true,"href":"https:\/\/www.accuratereviews.com\/it\/wp-json\/wp\/v2\/features?post=5558"}],"curies":[{"name":"wp","href":"https:\/\/api.w.org\/{rel}","templated":true}]}}