{"id":55593,"date":"2022-03-31T12:02:29","date_gmt":"2022-03-31T12:02:29","guid":{"rendered":"https:\/\/www.accuratereviews.com\/?page_id=55593"},"modified":"2022-03-31T12:02:29","modified_gmt":"2022-03-31T12:02:29","slug":"generations-homecare-system-recensione","status":"publish","type":"page","link":"https:\/\/www.accuratereviews.com\/it\/software-assistenza-domiciliare\/generations-homecare-system-recensione\/","title":{"rendered":"Generations Homecare System"},"content":{"rendered":"<p><strong>Generations Homecare System<\/strong> \u00e8 una soluzione basata su <strong>cloud<\/strong> progettata per aiutare le agenzie private di assistenza ad automatizzare i processi relativi a fatturazione, buste paga, pianificazione, verifica elettronica delle visite e altro ancora. Le caratteristiche principali del<strong> sistema di assistenza domiciliare<\/strong> includono la gestione del piano di assistenza e del cliente, la pianificazione, la verifica delle visite, la comunicazione sul campo, la gestione delle buste paga, l&#8217;acquisizione di firme elettroniche e il reporting del tempo\/attivit\u00e0. I dati vengono esportati direttamente in QuickBooks o centri di compensazione esistenti, il che consente agli utenti di tenere traccia degli orari di servizio approvati, ferie pagate, straordinari e altro, al fine di semplificare i processi di fatturazione. Viene fornito con una funzionalit\u00e0 di calendario, che consente ai team di assistenza di visualizzare i turni confermati in tempo reale e di aggiornare i programmi in base alle esigenze individuali.<\/p>\n<h2>GENERATIONS HOMECARE SYSTEM &#8211; TUTORIAL<\/h2>\n<p>Ecco come registrare le vaccinazioni in questo<strong> software di assistenza domiciliare<\/strong>:<\/p>\n<div id=\"fluid-wrapper-counter-1\" class=\"g1-fluid-wrapper \" style=\"width:686px;\">\n<div style=\"padding-bottom:56.268221574344%;\"><iframe loading=\"lazy\" title=\"Vaccination Management Tools in Generations Homecare System\" width=\"686\" height=\"386\" src=\"https:\/\/www.youtube.com\/embed\/B1LWUW-Dqnk?feature=oembed&amp;wmode=transparent&amp;autohide=1&amp;autoplay=0&amp;disablekb=0&amp;fs=1&amp;loop=0&amp;enablejsapi=1&amp;rel=0&amp;controls=2&amp;showinfo=0&amp;wmode=transparent&amp;autohide=2&amp;autoplay=0&amp;disablekb=0&amp;fs=1&amp;loop=0&amp;enablejsapi=1&amp;rel=0&amp;controls=2&amp;showinfo=1\" frameborder=\"0\" allow=\"accelerometer; autoplay; clipboard-write; encrypted-media; gyroscope; picture-in-picture\" allowfullscreen><\/iframe><\/div>\n<\/div>\n<h3>GENERATIONS HOMECARE SYSTEM &#8211; CARATTERISTICHE<\/h3>\n<ul>\n<li><strong>Gestione clienti e caregiver<\/strong>: protegge tutte le informazioni su clienti e operatori sanitari in un unico posto. Inoltre, le domande di assistenza online e i moduli di richiesta dei clienti si sincronizzano automaticamente tra il tuo sito web e la soluzione<\/li>\n<li><strong>Verifica elettronica della visita (EVV)<\/strong>:\u00a0 gli operatori sanitari possono accedere ai turni con il GPS o un telefono verificato. Garantisce la qualit\u00e0 dell&#8217;assistenza attraverso la verifica della visita in tempo reale<\/li>\n<li><strong>Basato sul web<\/strong>: i tuoi dati sono sempre sottoposti a backup, al sicuro e accessibili<\/li>\n<li><strong>Reportistica completa<\/strong>: offre molti report integrati per i report delle operazioni essenziali, come uno scrittore di report personalizzato completo<\/li>\n<li><strong>Fatturazione accurata<\/strong>: tieni traccia di straordinari, ferie pagate, orari di servizio approvati e altro ancora. Esporta direttamente i dati in QuickBooks o in un centro di smistamento di tua scelta<\/li>\n<li><strong>Payroll accurato<\/strong>: elimina la necessit\u00e0 di fogli di lavoro cartacei e garantisce tariffe e orari di pagamento corretti. Inoltre, il sistema consente l&#8217;esportazione diretta dei dati sulle buste paga a QuickBooks o a un fornitore di servizi di buste paga<\/li>\n<li><strong>Programmazione semplificata del caregiver<\/strong>: visualizza i turni confermati del caregiver online in tempo reale, aggiorna facilmente tutti i programmi, tieni traccia degli orari di servizio e altro ancora. Include una variet\u00e0 di opzioni di calendario facili da usare<\/li>\n<li><strong>Integrit\u00e0 dei dati<\/strong>: proteggiamo i tuoi dati in un data center fuori sede, all&#8217;avanguardia, conforme a SSAE-16, con molte funzioni di failover e backup.<\/li>\n<\/ul>\n<h4>LE RECENSIONI DEGLI UTENTI<\/h4>\n<p class=\"font-weight-bold mb-2\"><strong>Kisha B.&#8221;Grafico in movimento!&#8221;<\/strong><\/p>\n<p><span class=\"font-weight-bold\"><strong>Commenti<\/strong>:\u00a0<\/span>Nel complesso, ho trovato questo software pi\u00f9 conveniente e meno dispendioso in termini di tempo rispetto ad altri che ho usato in precedenza, quindi pollice in alto da parte mia.<\/p>\n<p class=\"font-weight-bold mb-2\"><strong>Pro<\/strong>: Questo software \u00e8 facile da usare! Tracciare grafici e tenerne traccia pu\u00f2 essere difficile, quindi avere un software facile da usare fa la differenza.<\/p>\n<p class=\"font-weight-bold mb-2\"><strong>Contro<\/strong>: Ora, anche se questo software era facile da usare, poteva comunque utilizzare alcuni aggiornamenti. Rendere le cose pi\u00f9 semplici, al punto e facili da fare rapidamente.<\/p>\n<p class=\"font-weight-bold mb-2\"><strong>Chris G.&#8221;Non riesco a immaginare di cambiare questa piattaforma&#8221;<\/strong><\/p>\n<p><span class=\"font-weight-bold\"><strong>Commenti<\/strong>:\u00a0<\/span>Utilizziamo Generations per tutti gli aspetti della nostra programmazione e lo utilizziamo per coordinare le ore lavorate con le ore pagate e fatturate attraverso la sua connessione con Quickbooks. Il loro staff \u00e8 sempre stato fantastico nel risolvere eventuali problemi tecnici e sono stati pochissimi.<\/p>\n<p class=\"font-weight-bold mb-2\"><strong>Pro<\/strong>: Ora amiamo la versione basata su Internet, ma la semplicit\u00e0 e l&#8217;efficacia sono sempre state ci\u00f2 che amiamo di pi\u00f9.<\/p>\n<p class=\"font-weight-bold mb-2\"><strong>Contro<\/strong>: La piattaforma mobile \u00e8 un po&#8217; noiosa rispetto alla piattaforma desktop. Ci vuole molto di pi\u00f9 per ottenere informazioni generali rispetto a quelle specifiche di quel giorno o di un determinato cliente o membro del personale<\/p>\n<p class=\"font-weight-bold mb-2\"><strong>Trishell M.&#8221;Timer&#8221;<\/strong><\/p>\n<p><span class=\"font-weight-bold\"><strong>Commenti<\/strong>:\u00a0<\/span>\u00c8 fantastico, a parte l&#8217;accesso e la disconnessione costantemente tra le attivit\u00e0. L&#8217;orario di lavoro registrato deve essere esteso.<\/p>\n<p class=\"font-weight-bold mb-2\"><strong>Pro<\/strong>: \u00c8 facile da navigare e si spiega da s\u00e9.<\/p>\n<p class=\"font-weight-bold mb-2\"><strong>Contro<\/strong>: Il tempo scade in meno di 10 minuti, quindi devi continuare ad accedere tutto il tempo. Caricamento lento.<\/p>\n","protected":false},"excerpt":{"rendered":"<p>Generations Homecare System \u00e8 una soluzione basata su cloud progettata per aiutare le agenzie private di assistenza ad automatizzare i processi relativi a fatturazione, buste paga, pianificazione, verifica elettronica delle visite e altro ancora. Le caratteristiche principali del sistema di assistenza domiciliare includono la gestione del piano di assistenza e del cliente, la pianificazione, la verifica delle visite, la comunicazione sul campo, la gestione delle buste paga, l&#8217;acquisizione di firme elettroniche e il reporting del tempo\/attivit\u00e0.<\/p>\n","protected":false},"author":19,"featured_media":55594,"parent":55061,"menu_order":0,"comment_status":"open","ping_status":"closed","template":"g1_template_page_review_new.php","meta":{"_acf_changed":false,"cwp_meta_box_check":"Yes","cwp_rev_product_name":"","cwp_rev_product_image":"","wppr_links":[],"cwp_rev_price":"","wppr_options":[],"wppr_pros":[],"wppr_cons":[],"_monsterinsights_skip_tracking":false,"_monsterinsights_sitenote_active":false,"_monsterinsights_sitenote_note":"","_monsterinsights_sitenote_category":0,"footnotes":""},"categories":[12271],"tags":[12274,12333,12275,12276,12273,12277],"features":[],"class_list":{"0":"post-55593","1":"page","2":"type-page","3":"status-publish","4":"has-post-thumbnail","6":"category-software-assistenza-domiciliare-categoria","7":"tag-assistenza-domiciliare","8":"tag-generations-homecare-system","9":"tag-piattaforma-assistenza-domiciliare","10":"tag-programma-assistenza-domiciliare","11":"tag-software-assistenza-domiciliare","12":"tag-soluzione-assistenza-domiciliare"},"wppr_data":{"cwp_meta_box_check":"Yes","cwp_rev_product_name":"","cwp_rev_product_image":"","cwp_image_link":"image","cwp_rev_price":"","wppr_rating":"0.00"},"acf":[],"yoast_head":"<!-- This site is optimized with the Yoast SEO plugin v27.4 - https:\/\/yoast.com\/product\/yoast-seo-wordpress\/ -->\n<title>Generations Homecare System: recensione per assistenza domiciliare<\/title>\n<meta name=\"description\" content=\"Generations Homecare System: recensione soluzione basata su cloud progettata per aiutare le agenzie private di assistenza\" \/>\n<meta name=\"robots\" content=\"index, follow, max-snippet:-1, max-image-preview:large, max-video-preview:-1\" \/>\n<link rel=\"canonical\" href=\"https:\/\/www.accuratereviews.com\/it\/software-assistenza-domiciliare\/generations-homecare-system-recensione\/\" \/>\n<meta property=\"og:locale\" content=\"it_IT\" \/>\n<meta property=\"og:type\" content=\"article\" \/>\n<meta property=\"og:title\" content=\"Generations Homecare System: recensione per assistenza domiciliare\" \/>\n<meta property=\"og:description\" content=\"Generations Homecare System: recensione soluzione basata su cloud progettata per aiutare le agenzie private di assistenza\" \/>\n<meta property=\"og:url\" content=\"https:\/\/www.accuratereviews.com\/it\/software-assistenza-domiciliare\/generations-homecare-system-recensione\/\" \/>\n<meta property=\"og:site_name\" content=\"Accurate Reviews\" \/>\n<meta property=\"og:image\" content=\"https:\/\/www.accuratereviews.com\/wp-content\/uploads\/2022\/03\/1610397809085.jpg\" \/>\n\t<meta property=\"og:image:width\" content=\"200\" \/>\n\t<meta property=\"og:image:height\" content=\"200\" \/>\n\t<meta property=\"og:image:type\" content=\"image\/jpeg\" \/>\n<meta name=\"twitter:card\" content=\"summary_large_image\" \/>\n<meta name=\"twitter:label1\" content=\"Tempo di lettura stimato\" \/>\n\t<meta name=\"twitter:data1\" content=\"4 minuti\" \/>\n<script type=\"application\/ld+json\" class=\"yoast-schema-graph\">{\"@context\":\"https:\\\/\\\/schema.org\",\"@graph\":[{\"@type\":\"WebPage\",\"@id\":\"https:\\\/\\\/www.accuratereviews.com\\\/it\\\/software-assistenza-domiciliare\\\/generations-homecare-system-recensione\\\/\",\"url\":\"https:\\\/\\\/www.accuratereviews.com\\\/it\\\/software-assistenza-domiciliare\\\/generations-homecare-system-recensione\\\/\",\"name\":\"Generations Homecare System: recensione per assistenza domiciliare\",\"isPartOf\":{\"@id\":\"https:\\\/\\\/www.accuratereviews.com\\\/it\\\/#website\"},\"primaryImageOfPage\":{\"@id\":\"https:\\\/\\\/www.accuratereviews.com\\\/it\\\/software-assistenza-domiciliare\\\/generations-homecare-system-recensione\\\/#primaryimage\"},\"image\":{\"@id\":\"https:\\\/\\\/www.accuratereviews.com\\\/it\\\/software-assistenza-domiciliare\\\/generations-homecare-system-recensione\\\/#primaryimage\"},\"thumbnailUrl\":\"https:\\\/\\\/www.accuratereviews.com\\\/wp-content\\\/uploads\\\/2022\\\/03\\\/1610397809085.jpg\",\"datePublished\":\"2022-03-31T12:02:29+00:00\",\"description\":\"Generations Homecare System: recensione soluzione basata su cloud progettata per aiutare le agenzie private di assistenza\",\"breadcrumb\":{\"@id\":\"https:\\\/\\\/www.accuratereviews.com\\\/it\\\/software-assistenza-domiciliare\\\/generations-homecare-system-recensione\\\/#breadcrumb\"},\"inLanguage\":\"it-IT\",\"potentialAction\":[{\"@type\":\"ReadAction\",\"target\":[\"https:\\\/\\\/www.accuratereviews.com\\\/it\\\/software-assistenza-domiciliare\\\/generations-homecare-system-recensione\\\/\"]}]},{\"@type\":\"ImageObject\",\"inLanguage\":\"it-IT\",\"@id\":\"https:\\\/\\\/www.accuratereviews.com\\\/it\\\/software-assistenza-domiciliare\\\/generations-homecare-system-recensione\\\/#primaryimage\",\"url\":\"https:\\\/\\\/www.accuratereviews.com\\\/wp-content\\\/uploads\\\/2022\\\/03\\\/1610397809085.jpg\",\"contentUrl\":\"https:\\\/\\\/www.accuratereviews.com\\\/wp-content\\\/uploads\\\/2022\\\/03\\\/1610397809085.jpg\",\"width\":200,\"height\":200},{\"@type\":\"BreadcrumbList\",\"@id\":\"https:\\\/\\\/www.accuratereviews.com\\\/it\\\/software-assistenza-domiciliare\\\/generations-homecare-system-recensione\\\/#breadcrumb\",\"itemListElement\":[{\"@type\":\"ListItem\",\"position\":1,\"name\":\"Home\",\"item\":\"https:\\\/\\\/www.accuratereviews.com\\\/it\\\/\"},{\"@type\":\"ListItem\",\"position\":2,\"name\":\"Software assistenza domiciliare\",\"item\":\"https:\\\/\\\/www.accuratereviews.com\\\/it\\\/software-assistenza-domiciliare\\\/\"},{\"@type\":\"ListItem\",\"position\":3,\"name\":\"Generations Homecare System\"}]},{\"@type\":\"WebSite\",\"@id\":\"https:\\\/\\\/www.accuratereviews.com\\\/it\\\/#website\",\"url\":\"https:\\\/\\\/www.accuratereviews.com\\\/it\\\/\",\"name\":\"Accurate Reviews\",\"description\":\"\",\"potentialAction\":[{\"@type\":\"SearchAction\",\"target\":{\"@type\":\"EntryPoint\",\"urlTemplate\":\"https:\\\/\\\/www.accuratereviews.com\\\/it\\\/?s={search_term_string}\"},\"query-input\":{\"@type\":\"PropertyValueSpecification\",\"valueRequired\":true,\"valueName\":\"search_term_string\"}}],\"inLanguage\":\"it-IT\"}]}<\/script>\n<!-- \/ Yoast SEO plugin. -->","yoast_head_json":{"title":"Generations Homecare System: recensione per assistenza domiciliare","description":"Generations Homecare System: recensione soluzione basata su cloud progettata per aiutare le agenzie private di assistenza","robots":{"index":"index","follow":"follow","max-snippet":"max-snippet:-1","max-image-preview":"max-image-preview:large","max-video-preview":"max-video-preview:-1"},"canonical":"https:\/\/www.accuratereviews.com\/it\/software-assistenza-domiciliare\/generations-homecare-system-recensione\/","og_locale":"it_IT","og_type":"article","og_title":"Generations Homecare System: recensione per assistenza domiciliare","og_description":"Generations Homecare System: recensione soluzione basata su cloud progettata per aiutare le agenzie private di assistenza","og_url":"https:\/\/www.accuratereviews.com\/it\/software-assistenza-domiciliare\/generations-homecare-system-recensione\/","og_site_name":"Accurate Reviews","og_image":[{"width":200,"height":200,"url":"https:\/\/www.accuratereviews.com\/wp-content\/uploads\/2022\/03\/1610397809085.jpg","type":"image\/jpeg"}],"twitter_card":"summary_large_image","twitter_misc":{"Tempo di lettura stimato":"4 minuti"},"schema":{"@context":"https:\/\/schema.org","@graph":[{"@type":"WebPage","@id":"https:\/\/www.accuratereviews.com\/it\/software-assistenza-domiciliare\/generations-homecare-system-recensione\/","url":"https:\/\/www.accuratereviews.com\/it\/software-assistenza-domiciliare\/generations-homecare-system-recensione\/","name":"Generations Homecare System: recensione per assistenza domiciliare","isPartOf":{"@id":"https:\/\/www.accuratereviews.com\/it\/#website"},"primaryImageOfPage":{"@id":"https:\/\/www.accuratereviews.com\/it\/software-assistenza-domiciliare\/generations-homecare-system-recensione\/#primaryimage"},"image":{"@id":"https:\/\/www.accuratereviews.com\/it\/software-assistenza-domiciliare\/generations-homecare-system-recensione\/#primaryimage"},"thumbnailUrl":"https:\/\/www.accuratereviews.com\/wp-content\/uploads\/2022\/03\/1610397809085.jpg","datePublished":"2022-03-31T12:02:29+00:00","description":"Generations Homecare System: recensione soluzione basata su cloud progettata per aiutare le agenzie private di assistenza","breadcrumb":{"@id":"https:\/\/www.accuratereviews.com\/it\/software-assistenza-domiciliare\/generations-homecare-system-recensione\/#breadcrumb"},"inLanguage":"it-IT","potentialAction":[{"@type":"ReadAction","target":["https:\/\/www.accuratereviews.com\/it\/software-assistenza-domiciliare\/generations-homecare-system-recensione\/"]}]},{"@type":"ImageObject","inLanguage":"it-IT","@id":"https:\/\/www.accuratereviews.com\/it\/software-assistenza-domiciliare\/generations-homecare-system-recensione\/#primaryimage","url":"https:\/\/www.accuratereviews.com\/wp-content\/uploads\/2022\/03\/1610397809085.jpg","contentUrl":"https:\/\/www.accuratereviews.com\/wp-content\/uploads\/2022\/03\/1610397809085.jpg","width":200,"height":200},{"@type":"BreadcrumbList","@id":"https:\/\/www.accuratereviews.com\/it\/software-assistenza-domiciliare\/generations-homecare-system-recensione\/#breadcrumb","itemListElement":[{"@type":"ListItem","position":1,"name":"Home","item":"https:\/\/www.accuratereviews.com\/it\/"},{"@type":"ListItem","position":2,"name":"Software assistenza domiciliare","item":"https:\/\/www.accuratereviews.com\/it\/software-assistenza-domiciliare\/"},{"@type":"ListItem","position":3,"name":"Generations Homecare System"}]},{"@type":"WebSite","@id":"https:\/\/www.accuratereviews.com\/it\/#website","url":"https:\/\/www.accuratereviews.com\/it\/","name":"Accurate Reviews","description":"","potentialAction":[{"@type":"SearchAction","target":{"@type":"EntryPoint","urlTemplate":"https:\/\/www.accuratereviews.com\/it\/?s={search_term_string}"},"query-input":{"@type":"PropertyValueSpecification","valueRequired":true,"valueName":"search_term_string"}}],"inLanguage":"it-IT"}]}},"_links":{"self":[{"href":"https:\/\/www.accuratereviews.com\/it\/wp-json\/wp\/v2\/pages\/55593","targetHints":{"allow":["GET"]}}],"collection":[{"href":"https:\/\/www.accuratereviews.com\/it\/wp-json\/wp\/v2\/pages"}],"about":[{"href":"https:\/\/www.accuratereviews.com\/it\/wp-json\/wp\/v2\/types\/page"}],"author":[{"embeddable":true,"href":"https:\/\/www.accuratereviews.com\/it\/wp-json\/wp\/v2\/users\/19"}],"replies":[{"embeddable":true,"href":"https:\/\/www.accuratereviews.com\/it\/wp-json\/wp\/v2\/comments?post=55593"}],"version-history":[{"count":11,"href":"https:\/\/www.accuratereviews.com\/it\/wp-json\/wp\/v2\/pages\/55593\/revisions"}],"predecessor-version":[{"id":55624,"href":"https:\/\/www.accuratereviews.com\/it\/wp-json\/wp\/v2\/pages\/55593\/revisions\/55624"}],"up":[{"embeddable":true,"href":"https:\/\/www.accuratereviews.com\/it\/wp-json\/wp\/v2\/pages\/55061"}],"wp:featuredmedia":[{"embeddable":true,"href":"https:\/\/www.accuratereviews.com\/it\/wp-json\/wp\/v2\/media\/55594"}],"wp:attachment":[{"href":"https:\/\/www.accuratereviews.com\/it\/wp-json\/wp\/v2\/media?parent=55593"}],"wp:term":[{"taxonomy":"category","embeddable":true,"href":"https:\/\/www.accuratereviews.com\/it\/wp-json\/wp\/v2\/categories?post=55593"},{"taxonomy":"post_tag","embeddable":true,"href":"https:\/\/www.accuratereviews.com\/it\/wp-json\/wp\/v2\/tags?post=55593"},{"taxonomy":"features","embeddable":true,"href":"https:\/\/www.accuratereviews.com\/it\/wp-json\/wp\/v2\/features?post=55593"}],"curies":[{"name":"wp","href":"https:\/\/api.w.org\/{rel}","templated":true}]}}