{"id":5564,"date":"2016-01-12T10:28:08","date_gmt":"2016-01-12T10:28:08","guid":{"rendered":"http:\/\/www.accuratereviews.com\/it\/newsletter-migliori-software-lista\/sendblaster\/"},"modified":"2017-04-18T14:24:59","modified_gmt":"2017-04-18T14:24:59","slug":"sendblaster","status":"publish","type":"page","link":"https:\/\/www.accuratereviews.com\/it\/newsletter-migliori-software-lista\/sendblaster\/","title":{"rendered":"SendBlaster"},"content":{"rendered":"<p><iframe loading=\"lazy\" src=\"https:\/\/www.youtube.com\/embed\/Xva8npJjaiI\" width=\"560\" height=\"315\" frameborder=\"0\" allowfullscreen=\"allowfullscreen\"><\/iframe><\/p>\n<p><strong>Se avete necessit\u00e0 di gestire mailing list e spedire newsletter di massa, SendBlaster potrebbe essere la soluzione giusta per il vostro business<\/strong>. SendBlaster \u00e8 in effetti il miglior software per la spedizione di email di massa e <strong>il software per l\u2019email marketing di massa migliore rispetto ai concorrenti<\/strong>. Chi pensi che il software per l\u2019email di massa sia un vicolo cieco, farebbe meglio a cambiare idea: la pessima reputazione generata da pubblicit\u00e0 non richieste e inviate a un gran numero di persone ha obbligato i marketer che usano l\u2019email a cambiare punto di vista. Sin dal web 1.0, l\u2019unica maniera valida e legale per poter spedire email di massa \u00e8 spedirle soltanto a clienti che vi hanno autorizzati attraverso email di conferma.<\/p>\n<p>Tutto quello che vi serve \u00e8 includere un link di cancellazione per permettere agli utenti di cancellarsi dalla vostra lista di indirizzi. <strong>SendBlaster vi aiuter\u00e0, semplificando tutto il processo di email marketing<\/strong>, permettendovi di comunicare con i vostri clienti spedendo email di massa, personalizzate.<\/p>\n<p><img loading=\"lazy\" decoding=\"async\" src=\"http:\/\/www.accuratereviews.com\/wp-content\/uploads\/2016\/01\/sendblaster-4-features-1.jpg\" alt=\"sendblaster 4\" width=\"1390\" height=\"911\" class=\"alignnone size-full wp-image-8978\" srcset=\"https:\/\/www.accuratereviews.com\/wp-content\/uploads\/2016\/01\/sendblaster-4-features-1.jpg 1390w, https:\/\/www.accuratereviews.com\/wp-content\/uploads\/2016\/01\/sendblaster-4-features-1-300x197.jpg 300w, https:\/\/www.accuratereviews.com\/wp-content\/uploads\/2016\/01\/sendblaster-4-features-1-768x503.jpg 768w, https:\/\/www.accuratereviews.com\/wp-content\/uploads\/2016\/01\/sendblaster-4-features-1-1024x671.jpg 1024w, https:\/\/www.accuratereviews.com\/wp-content\/uploads\/2016\/01\/sendblaster-4-features-1-191x125.jpg 191w, https:\/\/www.accuratereviews.com\/wp-content\/uploads\/2016\/01\/sendblaster-4-features-1-50x33.jpg 50w, https:\/\/www.accuratereviews.com\/wp-content\/uploads\/2016\/01\/sendblaster-4-features-1-968x634.jpg 968w, https:\/\/www.accuratereviews.com\/wp-content\/uploads\/2016\/01\/sendblaster-4-features-1-636x417.jpg 636w, https:\/\/www.accuratereviews.com\/wp-content\/uploads\/2016\/01\/sendblaster-4-features-1-320x210.jpg 320w, https:\/\/www.accuratereviews.com\/wp-content\/uploads\/2016\/01\/sendblaster-4-features-1-239x157.jpg 239w\" sizes=\"auto, (max-width: 1390px) 100vw, 1390px\" \/><\/p>\n<h2>Funzionalit\u00e0<\/h2>\n<p>Questo software per l\u2019email di massa sfoggia <strong>un\u2019interfaccia semplice da usare<\/strong>, grazie a un pannello di controllo chiaro, che indica immediatamente le scorciatoie per i comandi pi\u00f9 usati. Aprendo il software potrete notare dei suggerimenti veloci per gli utenti di primo pelo, e la lista di funzionalit\u00e0: \u201ccomponi un nuovo messaggio\u201d, \u201cspedisci il tuo messaggio subito\/pi\u00f9 tardi\u201d, \u201canalizza la tua campagna\u201d, \u201ctrova duplicati\u201d, \u201cimporta\/esporta\u201d, \u201cfiltra i tuoi contatti\u201d, \u201cdefinisci una blacklist\u201d, \u201cpersonalizza il tuo database\u201d, \u201cproteggi i tuoi dati\u201d, \u201cpersonalizza SendBlaster\u201d, \u201cutilizza i plug-in\u201d.<\/p>\n<p><strong>Per preparare la vostra campagna di email marketing bastano pochi minuti<\/strong>: tutto quello che vi serve \u00e8 importare i vostri contatti da Outlook, Access, Excel o un file CSV. La cosa migliore \u00e8 organizzare i contatti in diverse liste suddivise per tipo di audience: SendBlaster permette di raggruppare in maniera rapida e immediata clienti, contatti e lead in gruppi distinti grazie a filtri personalizzabili. Il sistema per filtrare i dati \u00e8 molto avanzato e vi permette di spedire email a un sottogruppo di contatti definito sulla base del contenuto di uno o pi\u00f9 filtri. Non vi servir\u00e0 una sintassi complessa per gestire il database, ma solo una soluzione drag &amp; drop.<\/p>\n<p><img loading=\"lazy\" decoding=\"async\" src=\"http:\/\/www.accuratereviews.com\/wp-content\/uploads\/2016\/01\/sendblaster-4-features-2.jpg\" alt=\"sendblaster 4\" width=\"1390\" height=\"911\" class=\"alignnone size-full wp-image-8979\" srcset=\"https:\/\/www.accuratereviews.com\/wp-content\/uploads\/2016\/01\/sendblaster-4-features-2.jpg 1390w, https:\/\/www.accuratereviews.com\/wp-content\/uploads\/2016\/01\/sendblaster-4-features-2-300x197.jpg 300w, https:\/\/www.accuratereviews.com\/wp-content\/uploads\/2016\/01\/sendblaster-4-features-2-768x503.jpg 768w, https:\/\/www.accuratereviews.com\/wp-content\/uploads\/2016\/01\/sendblaster-4-features-2-1024x671.jpg 1024w, https:\/\/www.accuratereviews.com\/wp-content\/uploads\/2016\/01\/sendblaster-4-features-2-191x125.jpg 191w, https:\/\/www.accuratereviews.com\/wp-content\/uploads\/2016\/01\/sendblaster-4-features-2-50x33.jpg 50w, https:\/\/www.accuratereviews.com\/wp-content\/uploads\/2016\/01\/sendblaster-4-features-2-968x634.jpg 968w, https:\/\/www.accuratereviews.com\/wp-content\/uploads\/2016\/01\/sendblaster-4-features-2-636x417.jpg 636w, https:\/\/www.accuratereviews.com\/wp-content\/uploads\/2016\/01\/sendblaster-4-features-2-320x210.jpg 320w, https:\/\/www.accuratereviews.com\/wp-content\/uploads\/2016\/01\/sendblaster-4-features-2-239x157.jpg 239w\" sizes=\"auto, (max-width: 1390px) 100vw, 1390px\" \/><\/p>\n<p>Una volta organizzata la lista, potrete preparare la vostra email o newsletter, scegliendo da <strong>100 template dall\u2019aspetto professionale che Sendblaster offre gratuitamente<\/strong>. \u00c8 possibile creare da zero i template, oppure scrivere mass mail e newsletter di solo testo grazie al potente editor visuale WYSIWYG. Ridimensionare o tagliare le immagini, trascinare gli elementi, cambiare il colore del testo, inserire i link per la cancellazione e i link ai profili social: <strong>spedire email accattivanti per rendere efficace la vostra comunicazione \u00e8 cos\u00ec semplice che anche chi non \u00e8 famigliare con la tecnologia riuscir\u00e0 a farlo<\/strong>.<\/p>\n<p><strong>La personalizzazione delle email \u00e8 fondamentale<\/strong>: usando SendBlaster \u00e8 facile aggiungere il nome di ogni destinatario nell\u2019oggetto e nel testo dell\u2019email grazie a 15 campi completamente personalizzabili con le informazioni dei clienti. Non conoscete il nome dei vostri contatti? <strong>Il sistema di tag di Sendblaster vi aiuter\u00e0<\/strong>.<\/p>\n<p>Per controllare l\u2019efficacia della vostra campagna di email marketing avrete bisogno di un ottimo strumento di reportistica: <strong>SendBlaster integra Google Analytics e TrackReports<\/strong>, aggiornandovi di continuo sulle azioni dei vostri clienti (il tasso d\u2019apertura delle email, il tasso di click, l\u2019acquisto di prodotti, l\u2019iscrizione a newsletter e altro ancora). I controlli per lo spam di questo software sono molto buoni.<\/p>\n<p><img loading=\"lazy\" decoding=\"async\" src=\"http:\/\/www.accuratereviews.com\/wp-content\/uploads\/2016\/01\/sendblaster-4-features-4.jpg\" alt=\"sendblaster 4\" width=\"1390\" height=\"911\" class=\"alignnone size-full wp-image-8982\" srcset=\"https:\/\/www.accuratereviews.com\/wp-content\/uploads\/2016\/01\/sendblaster-4-features-4.jpg 1390w, https:\/\/www.accuratereviews.com\/wp-content\/uploads\/2016\/01\/sendblaster-4-features-4-300x197.jpg 300w, https:\/\/www.accuratereviews.com\/wp-content\/uploads\/2016\/01\/sendblaster-4-features-4-768x503.jpg 768w, https:\/\/www.accuratereviews.com\/wp-content\/uploads\/2016\/01\/sendblaster-4-features-4-1024x671.jpg 1024w, https:\/\/www.accuratereviews.com\/wp-content\/uploads\/2016\/01\/sendblaster-4-features-4-191x125.jpg 191w, https:\/\/www.accuratereviews.com\/wp-content\/uploads\/2016\/01\/sendblaster-4-features-4-50x33.jpg 50w, https:\/\/www.accuratereviews.com\/wp-content\/uploads\/2016\/01\/sendblaster-4-features-4-968x634.jpg 968w, https:\/\/www.accuratereviews.com\/wp-content\/uploads\/2016\/01\/sendblaster-4-features-4-636x417.jpg 636w, https:\/\/www.accuratereviews.com\/wp-content\/uploads\/2016\/01\/sendblaster-4-features-4-320x210.jpg 320w, https:\/\/www.accuratereviews.com\/wp-content\/uploads\/2016\/01\/sendblaster-4-features-4-239x157.jpg 239w\" sizes=\"auto, (max-width: 1390px) 100vw, 1390px\" \/><\/p>\n<h2>SendBlaster 4 e tutte le nuove funzionalit\u00e0<\/h2>\n<p><strong>SendBlaster 4 \u00e8 la nuova major release<\/strong> lanciata da poco e ricca di nuove funzionalit\u00e0. \u00c8 stata inserita l&#8217;<strong>opzione HTML Editor Mode<\/strong>, che permette ai pi\u00f9 esperti di <strong>aprire i documenti solo in modalit\u00e0 sorgente<\/strong> senza alterare il codice HTML originario. L&#8217;editor visuale, in questo caso, servir\u00e0 solo da anteprima.<\/p>\n<p>Per tutti coloro che hanno bisogno di <strong>template responsive gi\u00e0 pronti all&#8217;uso<\/strong>, la nuova versione di SendBlaster ne <strong>include 60 nuovi di zecca<\/strong> che possono essere modificati quanto desiderate. <\/p>\n<p>Vi scoccia esportare le immagini e modificarle con software di terze parti? Ora non dovete pi\u00f9 farlo grazie alle nuove <strong>funzionalit\u00e0 integrate nell&#8217;editor visuale che permettono l&#8217;editing diretto delle immagini<\/strong>, con possibilit\u00e0 di applicare filtri ed effetti in tempo reale. <\/p>\n<p>Il <strong>nuovo motore HTML<\/strong> rende <strong>SendBlaster 4 pi\u00f9 rapido<\/strong> non solo nella generazione di codice ordinato e pulito, ma anche nel rendering: otterrete codice pi\u00f9 in linea con gli standard aggiornati. <\/p>\n<p>Parlando di integrazioni, <strong>SendBlaster 4 lavora fianco a fianco con <a href=\"https:\/\/www.accuratereviews.com\/it\/newsletter-template-migliori-lista\/mailstyler\/\" target=\"_blank\">MailStyler<\/a><\/strong>, un editor per la creazione di template che noi abbiamo gi\u00e0 <a href=\"https:\/\/www.accuratereviews.com\/it\/newsletter-template-migliori-lista\/mailstyler\/\" target=\"_blank\">testato e recensito per voi<\/a>. MailStyler permette di ottenere template compatibili con tutti i client di posta, responsive e dal design assolutamente professionale in pochi semplici click. Sempre in termini di integrazione, citiamo anche quella con JotForm, piattaforma per la creazione di form integrabili: <strong>potete importare in SendBlaster tutti i nostri form per le iscrizioni e le cancellazioni<\/strong> usando solo le vostre credenziali JotForm. <\/p>\n<p>Per le vostre necessit\u00e0 di marketing avanzato, <strong>SendBlaster 4 include ora la possibilit\u00e0 di aggiungere la funzione calendario alle vostre email<\/strong>: potete ricordare ai vostri clienti un evento e una promozione inviando l&#8217;allegato iCalendar alle vostre newsletter. \u00c8 ora possibile anche <strong>segmentare le liste<\/strong>: dopo averle create, possiamo dare vita anche a sotto-segmenti che ci permettono di fare invii ancora pi\u00f9 mirati. Le funzioni di <strong>disiscrizione incrociata e di follow up<\/strong> ci permettono di tenere pulite e aggiornate le nostre liste in modo automatico. <\/p>\n<p><img loading=\"lazy\" decoding=\"async\" src=\"http:\/\/www.accuratereviews.com\/wp-content\/uploads\/2016\/01\/sendblaster-4-features-5.jpg\" alt=\"sendblaster 4\" width=\"1390\" height=\"911\" class=\"alignnone size-full wp-image-8980\" srcset=\"https:\/\/www.accuratereviews.com\/wp-content\/uploads\/2016\/01\/sendblaster-4-features-5.jpg 1390w, https:\/\/www.accuratereviews.com\/wp-content\/uploads\/2016\/01\/sendblaster-4-features-5-300x197.jpg 300w, https:\/\/www.accuratereviews.com\/wp-content\/uploads\/2016\/01\/sendblaster-4-features-5-768x503.jpg 768w, https:\/\/www.accuratereviews.com\/wp-content\/uploads\/2016\/01\/sendblaster-4-features-5-1024x671.jpg 1024w, https:\/\/www.accuratereviews.com\/wp-content\/uploads\/2016\/01\/sendblaster-4-features-5-191x125.jpg 191w, https:\/\/www.accuratereviews.com\/wp-content\/uploads\/2016\/01\/sendblaster-4-features-5-50x33.jpg 50w, https:\/\/www.accuratereviews.com\/wp-content\/uploads\/2016\/01\/sendblaster-4-features-5-968x634.jpg 968w, https:\/\/www.accuratereviews.com\/wp-content\/uploads\/2016\/01\/sendblaster-4-features-5-636x417.jpg 636w, https:\/\/www.accuratereviews.com\/wp-content\/uploads\/2016\/01\/sendblaster-4-features-5-320x210.jpg 320w, https:\/\/www.accuratereviews.com\/wp-content\/uploads\/2016\/01\/sendblaster-4-features-5-239x157.jpg 239w\" sizes=\"auto, (max-width: 1390px) 100vw, 1390px\" \/><\/p>\n<p>SendBlaster 4, inoltre, <strong>supporta fino a 100 connessioni migliorando la velocit\u00e0 degli invii<\/strong> sia che vi serviate di server locale o SMTP in remoto. <\/p>\n<h2>Supporto<\/h2>\n<p>Il sito di SendBlaster offre <strong>tutorial e articoli che vi aiuteranno a cominciare le vostre campagne di email marketing<\/strong>, organizzare la lista dei contatti e le opzioni di spedizioni. Potreste anche trovare consigli per evitare lo spam. Se avete bisogno di video e guide passo passo, le troverete nel pannello di controllo. Il supporto tecnico \u00e8 efficiente, veloce e disponibile via chat, Skype, telefono e un sistema di ticket.<\/p>\n<h2>Prezzo<\/h2>\n<p>SendBlaster gira sul vostro PC e non richiede un pagamento ricorrente per ogni email spedita. <strong>Potete usare anche la versione gratuita;<\/strong> ha tutte le funzioni ma limita la spedizione a 100 email al giorno. <strong>Comprare la licenza per la versione Pro di SendBlaster vi permette di spedire tutte le email che volete<\/strong>. La licenza Pro include anche il supporto gratuito.<\/p>\n","protected":false},"excerpt":{"rendered":"<p>Se avete necessit\u00e0 di gestire mailing list e spedire newsletter di massa, SendBlaster potrebbe essere la soluzione giusta per il vostro business. SendBlaster \u00e8 in effetti il miglior software per la spedizione di email di massa.<\/p>\n","protected":false},"author":16,"featured_media":0,"parent":5555,"menu_order":1,"comment_status":"open","ping_status":"closed","template":"g1_template_page_review_new.php","meta":{"_acf_changed":false,"cwp_meta_box_check":"Yes","cwp_rev_product_name":"","cwp_rev_product_image":"","wppr_links":[],"cwp_rev_price":"","wppr_options":[],"wppr_pros":[],"wppr_cons":[],"_monsterinsights_skip_tracking":false,"_monsterinsights_sitenote_active":false,"_monsterinsights_sitenote_note":"","_monsterinsights_sitenote_category":0,"footnotes":""},"categories":[101,108],"tags":[],"features":[],"class_list":{"0":"post-5564","1":"page","2":"type-page","3":"status-publish","5":"category-email-marketing-software-it","6":"category-newsletter"},"wppr_data":{"cwp_meta_box_check":"Yes","cwp_rev_product_name":"","cwp_rev_product_image":"","cwp_image_link":"image","cwp_rev_price":"","wppr_rating":"0.00"},"acf":[],"yoast_head":"<!-- This site is optimized with the Yoast SEO plugin v27.4 - https:\/\/yoast.com\/product\/yoast-seo-wordpress\/ -->\n<title>SendBlaster recensione miglior software per newsletter | Accurate Reviews<\/title>\n<meta name=\"description\" content=\"SendBlaster \u00e8 sicuramente tra i migliori software per la spedizione di email di massa, e il software per l\u2019email marketing di massa migliore del settore.\" \/>\n<meta name=\"robots\" content=\"index, follow, max-snippet:-1, max-image-preview:large, max-video-preview:-1\" \/>\n<link rel=\"canonical\" href=\"https:\/\/www.accuratereviews.com\/it\/newsletter-migliori-software-lista\/sendblaster\/\" \/>\n<meta property=\"og:locale\" content=\"it_IT\" \/>\n<meta property=\"og:type\" content=\"article\" \/>\n<meta property=\"og:title\" content=\"SendBlaster recensione miglior software per newsletter | Accurate Reviews\" \/>\n<meta property=\"og:description\" content=\"SendBlaster \u00e8 sicuramente tra i migliori software per la spedizione di email di massa, e il software per l\u2019email marketing di massa migliore del settore.\" \/>\n<meta property=\"og:url\" content=\"https:\/\/www.accuratereviews.com\/it\/newsletter-migliori-software-lista\/sendblaster\/\" \/>\n<meta property=\"og:site_name\" content=\"Accurate Reviews\" \/>\n<meta property=\"article:modified_time\" content=\"2017-04-18T14:24:59+00:00\" \/>\n<meta property=\"og:image\" content=\"http:\/\/www.accuratereviews.com\/wp-content\/uploads\/2016\/01\/sendblaster-4-features-1.jpg\" \/>\n<meta name=\"twitter:card\" content=\"summary_large_image\" \/>\n<meta name=\"twitter:label1\" content=\"Tempo di lettura stimato\" \/>\n\t<meta name=\"twitter:data1\" content=\"5 minuti\" \/>\n<script type=\"application\/ld+json\" class=\"yoast-schema-graph\">{\"@context\":\"https:\\\/\\\/schema.org\",\"@graph\":[{\"@type\":\"WebPage\",\"@id\":\"https:\\\/\\\/www.accuratereviews.com\\\/it\\\/newsletter-migliori-software-lista\\\/sendblaster\\\/\",\"url\":\"https:\\\/\\\/www.accuratereviews.com\\\/it\\\/newsletter-migliori-software-lista\\\/sendblaster\\\/\",\"name\":\"SendBlaster recensione miglior software per newsletter | Accurate Reviews\",\"isPartOf\":{\"@id\":\"https:\\\/\\\/www.accuratereviews.com\\\/it\\\/#website\"},\"primaryImageOfPage\":{\"@id\":\"https:\\\/\\\/www.accuratereviews.com\\\/it\\\/newsletter-migliori-software-lista\\\/sendblaster\\\/#primaryimage\"},\"image\":{\"@id\":\"https:\\\/\\\/www.accuratereviews.com\\\/it\\\/newsletter-migliori-software-lista\\\/sendblaster\\\/#primaryimage\"},\"thumbnailUrl\":\"http:\\\/\\\/www.accuratereviews.com\\\/wp-content\\\/uploads\\\/2016\\\/01\\\/sendblaster-4-features-1.jpg\",\"datePublished\":\"2016-01-12T10:28:08+00:00\",\"dateModified\":\"2017-04-18T14:24:59+00:00\",\"description\":\"SendBlaster \u00e8 sicuramente tra i migliori software per la spedizione di email di massa, e il software per l\u2019email marketing di massa migliore del settore.\",\"breadcrumb\":{\"@id\":\"https:\\\/\\\/www.accuratereviews.com\\\/it\\\/newsletter-migliori-software-lista\\\/sendblaster\\\/#breadcrumb\"},\"inLanguage\":\"it-IT\",\"potentialAction\":[{\"@type\":\"ReadAction\",\"target\":[\"https:\\\/\\\/www.accuratereviews.com\\\/it\\\/newsletter-migliori-software-lista\\\/sendblaster\\\/\"]}]},{\"@type\":\"ImageObject\",\"inLanguage\":\"it-IT\",\"@id\":\"https:\\\/\\\/www.accuratereviews.com\\\/it\\\/newsletter-migliori-software-lista\\\/sendblaster\\\/#primaryimage\",\"url\":\"http:\\\/\\\/www.accuratereviews.com\\\/wp-content\\\/uploads\\\/2016\\\/01\\\/sendblaster-4-features-1.jpg\",\"contentUrl\":\"http:\\\/\\\/www.accuratereviews.com\\\/wp-content\\\/uploads\\\/2016\\\/01\\\/sendblaster-4-features-1.jpg\"},{\"@type\":\"BreadcrumbList\",\"@id\":\"https:\\\/\\\/www.accuratereviews.com\\\/it\\\/newsletter-migliori-software-lista\\\/sendblaster\\\/#breadcrumb\",\"itemListElement\":[{\"@type\":\"ListItem\",\"position\":1,\"name\":\"Home\",\"item\":\"https:\\\/\\\/www.accuratereviews.com\\\/it\\\/\"},{\"@type\":\"ListItem\",\"position\":2,\"name\":\"Newsletter: i migliori software\",\"item\":\"https:\\\/\\\/www.accuratereviews.com\\\/it\\\/newsletter-migliori-software-lista\\\/\"},{\"@type\":\"ListItem\",\"position\":3,\"name\":\"SendBlaster\"}]},{\"@type\":\"WebSite\",\"@id\":\"https:\\\/\\\/www.accuratereviews.com\\\/it\\\/#website\",\"url\":\"https:\\\/\\\/www.accuratereviews.com\\\/it\\\/\",\"name\":\"Accurate Reviews\",\"description\":\"\",\"potentialAction\":[{\"@type\":\"SearchAction\",\"target\":{\"@type\":\"EntryPoint\",\"urlTemplate\":\"https:\\\/\\\/www.accuratereviews.com\\\/it\\\/?s={search_term_string}\"},\"query-input\":{\"@type\":\"PropertyValueSpecification\",\"valueRequired\":true,\"valueName\":\"search_term_string\"}}],\"inLanguage\":\"it-IT\"}]}<\/script>\n<!-- \/ Yoast SEO plugin. -->","yoast_head_json":{"title":"SendBlaster recensione miglior software per newsletter | Accurate Reviews","description":"SendBlaster \u00e8 sicuramente tra i migliori software per la spedizione di email di massa, e il software per l\u2019email marketing di massa migliore del settore.","robots":{"index":"index","follow":"follow","max-snippet":"max-snippet:-1","max-image-preview":"max-image-preview:large","max-video-preview":"max-video-preview:-1"},"canonical":"https:\/\/www.accuratereviews.com\/it\/newsletter-migliori-software-lista\/sendblaster\/","og_locale":"it_IT","og_type":"article","og_title":"SendBlaster recensione miglior software per newsletter | Accurate Reviews","og_description":"SendBlaster \u00e8 sicuramente tra i migliori software per la spedizione di email di massa, e il software per l\u2019email marketing di massa migliore del settore.","og_url":"https:\/\/www.accuratereviews.com\/it\/newsletter-migliori-software-lista\/sendblaster\/","og_site_name":"Accurate Reviews","article_modified_time":"2017-04-18T14:24:59+00:00","og_image":[{"url":"http:\/\/www.accuratereviews.com\/wp-content\/uploads\/2016\/01\/sendblaster-4-features-1.jpg","type":"","width":"","height":""}],"twitter_card":"summary_large_image","twitter_misc":{"Tempo di lettura stimato":"5 minuti"},"schema":{"@context":"https:\/\/schema.org","@graph":[{"@type":"WebPage","@id":"https:\/\/www.accuratereviews.com\/it\/newsletter-migliori-software-lista\/sendblaster\/","url":"https:\/\/www.accuratereviews.com\/it\/newsletter-migliori-software-lista\/sendblaster\/","name":"SendBlaster recensione miglior software per newsletter | Accurate Reviews","isPartOf":{"@id":"https:\/\/www.accuratereviews.com\/it\/#website"},"primaryImageOfPage":{"@id":"https:\/\/www.accuratereviews.com\/it\/newsletter-migliori-software-lista\/sendblaster\/#primaryimage"},"image":{"@id":"https:\/\/www.accuratereviews.com\/it\/newsletter-migliori-software-lista\/sendblaster\/#primaryimage"},"thumbnailUrl":"http:\/\/www.accuratereviews.com\/wp-content\/uploads\/2016\/01\/sendblaster-4-features-1.jpg","datePublished":"2016-01-12T10:28:08+00:00","dateModified":"2017-04-18T14:24:59+00:00","description":"SendBlaster \u00e8 sicuramente tra i migliori software per la spedizione di email di massa, e il software per l\u2019email marketing di massa migliore del settore.","breadcrumb":{"@id":"https:\/\/www.accuratereviews.com\/it\/newsletter-migliori-software-lista\/sendblaster\/#breadcrumb"},"inLanguage":"it-IT","potentialAction":[{"@type":"ReadAction","target":["https:\/\/www.accuratereviews.com\/it\/newsletter-migliori-software-lista\/sendblaster\/"]}]},{"@type":"ImageObject","inLanguage":"it-IT","@id":"https:\/\/www.accuratereviews.com\/it\/newsletter-migliori-software-lista\/sendblaster\/#primaryimage","url":"http:\/\/www.accuratereviews.com\/wp-content\/uploads\/2016\/01\/sendblaster-4-features-1.jpg","contentUrl":"http:\/\/www.accuratereviews.com\/wp-content\/uploads\/2016\/01\/sendblaster-4-features-1.jpg"},{"@type":"BreadcrumbList","@id":"https:\/\/www.accuratereviews.com\/it\/newsletter-migliori-software-lista\/sendblaster\/#breadcrumb","itemListElement":[{"@type":"ListItem","position":1,"name":"Home","item":"https:\/\/www.accuratereviews.com\/it\/"},{"@type":"ListItem","position":2,"name":"Newsletter: i migliori software","item":"https:\/\/www.accuratereviews.com\/it\/newsletter-migliori-software-lista\/"},{"@type":"ListItem","position":3,"name":"SendBlaster"}]},{"@type":"WebSite","@id":"https:\/\/www.accuratereviews.com\/it\/#website","url":"https:\/\/www.accuratereviews.com\/it\/","name":"Accurate Reviews","description":"","potentialAction":[{"@type":"SearchAction","target":{"@type":"EntryPoint","urlTemplate":"https:\/\/www.accuratereviews.com\/it\/?s={search_term_string}"},"query-input":{"@type":"PropertyValueSpecification","valueRequired":true,"valueName":"search_term_string"}}],"inLanguage":"it-IT"}]}},"_links":{"self":[{"href":"https:\/\/www.accuratereviews.com\/it\/wp-json\/wp\/v2\/pages\/5564","targetHints":{"allow":["GET"]}}],"collection":[{"href":"https:\/\/www.accuratereviews.com\/it\/wp-json\/wp\/v2\/pages"}],"about":[{"href":"https:\/\/www.accuratereviews.com\/it\/wp-json\/wp\/v2\/types\/page"}],"author":[{"embeddable":true,"href":"https:\/\/www.accuratereviews.com\/it\/wp-json\/wp\/v2\/users\/16"}],"replies":[{"embeddable":true,"href":"https:\/\/www.accuratereviews.com\/it\/wp-json\/wp\/v2\/comments?post=5564"}],"version-history":[{"count":11,"href":"https:\/\/www.accuratereviews.com\/it\/wp-json\/wp\/v2\/pages\/5564\/revisions"}],"predecessor-version":[{"id":8999,"href":"https:\/\/www.accuratereviews.com\/it\/wp-json\/wp\/v2\/pages\/5564\/revisions\/8999"}],"up":[{"embeddable":true,"href":"https:\/\/www.accuratereviews.com\/it\/wp-json\/wp\/v2\/pages\/5555"}],"wp:attachment":[{"href":"https:\/\/www.accuratereviews.com\/it\/wp-json\/wp\/v2\/media?parent=5564"}],"wp:term":[{"taxonomy":"category","embeddable":true,"href":"https:\/\/www.accuratereviews.com\/it\/wp-json\/wp\/v2\/categories?post=5564"},{"taxonomy":"post_tag","embeddable":true,"href":"https:\/\/www.accuratereviews.com\/it\/wp-json\/wp\/v2\/tags?post=5564"},{"taxonomy":"features","embeddable":true,"href":"https:\/\/www.accuratereviews.com\/it\/wp-json\/wp\/v2\/features?post=5564"}],"curies":[{"name":"wp","href":"https:\/\/api.w.org\/{rel}","templated":true}]}}