{"id":55694,"date":"2022-04-04T11:20:03","date_gmt":"2022-04-04T11:20:03","guid":{"rendered":"https:\/\/www.accuratereviews.com\/?page_id=55694"},"modified":"2022-04-04T11:20:03","modified_gmt":"2022-04-04T11:20:03","slug":"smartcare-recensione","status":"publish","type":"page","link":"https:\/\/www.accuratereviews.com\/it\/software-assistenza-domiciliare\/smartcare-recensione\/","title":{"rendered":"SMARTcare"},"content":{"rendered":"<p><strong>SMARTcare<\/strong> \u00e8 un <strong>software per l&#8217;assistenza all&#8217;infanzia<\/strong> che permette di semplificare e automatizzare la gestione dei centri per l&#8217;infanzia, dell&#8217;asilo nido, della scuola materna e di altri programmi. Si tratta di una piattaforma flessibile, configurabile e intuitiva che consente di inviare pagamenti e gestire la fatturazione in modo semplice, registrare le presenze, conservare le informazioni mediche, annotare i compleanni, gli eventi positivi e quelli negativi, e molto altro ancora.<br \/>\nGrazie a<strong> SMARTcare<\/strong> protrai soddisfare tutte le esigenze del tuo centro per l&#8217;infanzia e potrai fornire ai genitori un&#8217;app interamente dedicata a loro, creando cos\u00ec una comunicazione diretta e in tempo reale che li far\u00e0 sentire pi\u00f9 vicini ai loro figli.<\/p>\n<h2>SMARTCARE &#8211; TUTORIAL<\/h2>\n<div id=\"fluid-wrapper-counter-1\" class=\"g1-fluid-wrapper \" style=\"width:686px;\">\n<div style=\"padding-bottom:56.268221574344%;\"><iframe loading=\"lazy\" title=\"CCM to Smartcare Transition\" width=\"686\" height=\"386\" src=\"https:\/\/www.youtube.com\/embed\/0z5AfLlNYOI?feature=oembed&amp;wmode=transparent&amp;autohide=1&amp;autoplay=0&amp;disablekb=0&amp;fs=1&amp;loop=0&amp;enablejsapi=1&amp;rel=0&amp;controls=2&amp;showinfo=0&amp;wmode=transparent&amp;autohide=2&amp;autoplay=0&amp;disablekb=0&amp;fs=1&amp;loop=0&amp;enablejsapi=1&amp;rel=0&amp;controls=2&amp;showinfo=1\" frameborder=\"0\" allow=\"accelerometer; autoplay; clipboard-write; encrypted-media; gyroscope; picture-in-picture\" allowfullscreen><\/iframe><\/div>\n<\/div>\n<h3>SMARTCARE &#8211; CARATTERISTICHE<\/h3>\n<ul>\n<li><strong>Registri dei bambini e delle famiglie<\/strong>: gestisce tutti i registri dei bambini e delle famiglie in un unico luogo e vi pu\u00f2 accedere da qualsiasi computer o dispositivo mobile, ovunque<\/li>\n<li><strong>Gestione dei lead<\/strong>: vi permette di gestire i lead &#8211; genitori che sono interessati a visitare uno o pi\u00f9 dei vostri centri &#8211; da una posizione centrale, o di permettere alle singole sedi di gestire i lead. I flussi di lavoro ti permettono di automatizzare i compiti<\/li>\n<li><strong>Programmazione<\/strong>: gestisci gli orari degli insegnanti e dei bambini. Usa queste informazioni per vedere dove hai delle aperture, per assicurarti di essere in regola con i rapporti ma non in eccesso di personale, e per mantenere il team organizzato<\/li>\n<li><strong>Dashboard<\/strong>: \u00e8 semplice e intuitivo, rende la gestione dell&#8217;assistenza all&#8217;infanzia un gioco da ragazzi, almeno dal punto di vista commerciale<\/li>\n<li><strong>Applicazione genitori<\/strong>: aggiornamenti, presenze e fatturazione in un&#8217;app, proprio come dovrebbe essere<\/li>\n<li><strong>Risorse pi\u00f9 recenti<\/strong>: gli specialisti dell&#8217;assistenza all&#8217;infanzia esaminano sempre i dati e le ricerche pi\u00f9 recenti per fornirvi spunti sulle migliori pratiche per la vostra attivit\u00e0 di educatore precoce<\/li>\n<li><strong>Soluzioni in tempo reale<\/strong>: vedere come le soluzioni stanno plasmando i centri di cura nelle attivit\u00e0 quotidiane. Come software cloud, si ottiene l&#8217;accesso immediato alle informazioni necessarie, sempre e ovunque<\/li>\n<li><strong>Opzioni di prezzo<\/strong>: vi meritate una struttura di prezzo semplice che vi dia esattamente ci\u00f2 di cui avete bisogno senza complicati add-on, ed \u00e8 quello che vi daremo<\/li>\n<li><strong>Supporto aziendale<\/strong>: unirsi alla rete Smartcare significa ottenere un prezioso partner commerciale con anni di esperienza nel mondo del software per l&#8217;infanzia.<\/li>\n<\/ul>\n<h4>LE RECENSIONI DEGLI UTENTI<\/h4>\n<p><strong>Christine S. &#8220;Gli assistenti amano la funzione mobile&#8221;<\/strong><br \/>\nCPMMENTI: i nostri assistenti e infermieri amano le funzioni elettroniche. Elimina la carta e i viaggi in ufficio.<br \/>\nPRO: software molto inclusivo. Da on boarding, programmazione, EVV, fatturazione, e molto altro ancora. La nostra azienda di assistenza domiciliare \u00e8 quasi senza carta!<br \/>\nCONTRO: inabilit\u00e0 per i RN di fare valutazioni offline e trasmettere in seguito.<\/p>\n<p><strong>Mark W. &#8220;Smartcare&#8221;<\/strong><br \/>\nCOMMENTI: fantastico. Smartcare e il suo team mi hanno aiutato a impostare il mio primo cliente VA, abbiamo fatturato il marted\u00ec e siamo stati pagati il venerd\u00ec successivo. 10 giorni per essere pagati dal VA inaudito. Grande processo, grande prodotto.<br \/>\nPRO: facilit\u00e0 d&#8217;uso sia per l&#8217;amministrazione che per il campo. Programmazione, buste paga, fatturazione e imbarco sono tutti un sogno.<br \/>\nCONTRO: potrebbe essere meglio nella configurazione del cliente con i compiti, l&#8217;app multilingue aiuterebbe<\/p>\n<p><strong>Steve T. &#8220;Utente di lunga data&#8221;<\/strong><br \/>\nPRO: SMARTcare \u00e8 personalizzato per il settore dell&#8217;assistenza domiciliare. \u00c8 molto facile formare nuovi utenti su come utilizzare il sistema.<br \/>\nCONTRO: anni fa, c&#8217;erano pochi rapporti di gestione disponibili, tuttavia, continuano ad aggiungere nuovi rapporti e sono sempre alla ricerca di utenti per il loro input su quali nuovi rapporti sono necessari. Grande miglioramento!<\/p>\n","protected":false},"excerpt":{"rendered":"<p>SMARTcare \u00e8 un software per l&#8217;assistenza all&#8217;infanzia che permette di semplificare e automatizzare la gestione dei centri per l&#8217;infanzia, dell&#8217;asilo nido, della scuola materna e di altri programmi. Si tratta di una piattaforma flessibile, configurabile e intuitiva che consente di inviare pagamenti e gestire la fatturazione in modo semplice, registrare le presenze, conservare le informazioni mediche, annotare i compleanni, gli eventi positivi e quelli negativi, e molto altro ancora.<\/p>\n","protected":false},"author":17,"featured_media":55695,"parent":55061,"menu_order":0,"comment_status":"open","ping_status":"closed","template":"g1_template_page_review_new.php","meta":{"_acf_changed":false,"cwp_meta_box_check":"No","cwp_rev_product_name":"","cwp_rev_product_image":"","wppr_links":[],"cwp_rev_price":"","wppr_options":[],"wppr_pros":[],"wppr_cons":[],"_monsterinsights_skip_tracking":false,"_monsterinsights_sitenote_active":false,"_monsterinsights_sitenote_note":"","_monsterinsights_sitenote_category":0,"footnotes":""},"categories":[12271],"tags":[12274,12275,12276,12273,12277],"features":[],"class_list":{"0":"post-55694","1":"page","2":"type-page","3":"status-publish","4":"has-post-thumbnail","6":"category-software-assistenza-domiciliare-categoria","7":"tag-assistenza-domiciliare","8":"tag-piattaforma-assistenza-domiciliare","9":"tag-programma-assistenza-domiciliare","10":"tag-software-assistenza-domiciliare","11":"tag-soluzione-assistenza-domiciliare"},"wppr_data":{"cwp_meta_box_check":"No"},"acf":[],"yoast_head":"<!-- This site is optimized with the Yoast SEO plugin v27.4 - https:\/\/yoast.com\/product\/yoast-seo-wordpress\/ -->\n<title>SMARTcare: recensione programma assistenza domiciliare<\/title>\n<meta name=\"description\" content=\"SMARTcare: recensione del software per l&#039;assistenza all&#039;infanzia che si rivolge a centri per l&#039;infanzia, asili nido, scuole materne e altri.\" \/>\n<meta name=\"robots\" content=\"index, follow, max-snippet:-1, max-image-preview:large, max-video-preview:-1\" \/>\n<link rel=\"canonical\" href=\"https:\/\/www.accuratereviews.com\/it\/software-assistenza-domiciliare\/smartcare-recensione\/\" \/>\n<meta property=\"og:locale\" content=\"it_IT\" \/>\n<meta property=\"og:type\" content=\"article\" \/>\n<meta property=\"og:title\" content=\"SMARTcare: recensione programma assistenza domiciliare\" \/>\n<meta property=\"og:description\" content=\"SMARTcare: recensione del software per l&#039;assistenza all&#039;infanzia che si rivolge a centri per l&#039;infanzia, asili nido, scuole materne e altri.\" \/>\n<meta property=\"og:url\" content=\"https:\/\/www.accuratereviews.com\/it\/software-assistenza-domiciliare\/smartcare-recensione\/\" \/>\n<meta property=\"og:site_name\" content=\"Accurate Reviews\" \/>\n<meta property=\"og:image\" content=\"https:\/\/www.accuratereviews.com\/wp-content\/uploads\/2022\/04\/Smartcare_Logo.jpg\" \/>\n\t<meta property=\"og:image:width\" content=\"1206\" \/>\n\t<meta property=\"og:image:height\" content=\"634\" \/>\n\t<meta property=\"og:image:type\" content=\"image\/jpeg\" \/>\n<meta name=\"twitter:card\" content=\"summary_large_image\" \/>\n<meta name=\"twitter:label1\" content=\"Tempo di lettura stimato\" \/>\n\t<meta name=\"twitter:data1\" content=\"4 minuti\" \/>\n<script type=\"application\/ld+json\" class=\"yoast-schema-graph\">{\"@context\":\"https:\\\/\\\/schema.org\",\"@graph\":[{\"@type\":\"WebPage\",\"@id\":\"https:\\\/\\\/www.accuratereviews.com\\\/it\\\/software-assistenza-domiciliare\\\/smartcare-recensione\\\/\",\"url\":\"https:\\\/\\\/www.accuratereviews.com\\\/it\\\/software-assistenza-domiciliare\\\/smartcare-recensione\\\/\",\"name\":\"SMARTcare: recensione programma assistenza domiciliare\",\"isPartOf\":{\"@id\":\"https:\\\/\\\/www.accuratereviews.com\\\/it\\\/#website\"},\"primaryImageOfPage\":{\"@id\":\"https:\\\/\\\/www.accuratereviews.com\\\/it\\\/software-assistenza-domiciliare\\\/smartcare-recensione\\\/#primaryimage\"},\"image\":{\"@id\":\"https:\\\/\\\/www.accuratereviews.com\\\/it\\\/software-assistenza-domiciliare\\\/smartcare-recensione\\\/#primaryimage\"},\"thumbnailUrl\":\"https:\\\/\\\/www.accuratereviews.com\\\/wp-content\\\/uploads\\\/2022\\\/04\\\/Smartcare_Logo.jpg\",\"datePublished\":\"2022-04-04T11:20:03+00:00\",\"description\":\"SMARTcare: recensione del software per l'assistenza all'infanzia che si rivolge a centri per l'infanzia, asili nido, scuole materne e altri.\",\"breadcrumb\":{\"@id\":\"https:\\\/\\\/www.accuratereviews.com\\\/it\\\/software-assistenza-domiciliare\\\/smartcare-recensione\\\/#breadcrumb\"},\"inLanguage\":\"it-IT\",\"potentialAction\":[{\"@type\":\"ReadAction\",\"target\":[\"https:\\\/\\\/www.accuratereviews.com\\\/it\\\/software-assistenza-domiciliare\\\/smartcare-recensione\\\/\"]}]},{\"@type\":\"ImageObject\",\"inLanguage\":\"it-IT\",\"@id\":\"https:\\\/\\\/www.accuratereviews.com\\\/it\\\/software-assistenza-domiciliare\\\/smartcare-recensione\\\/#primaryimage\",\"url\":\"https:\\\/\\\/www.accuratereviews.com\\\/wp-content\\\/uploads\\\/2022\\\/04\\\/Smartcare_Logo.jpg\",\"contentUrl\":\"https:\\\/\\\/www.accuratereviews.com\\\/wp-content\\\/uploads\\\/2022\\\/04\\\/Smartcare_Logo.jpg\",\"width\":1206,\"height\":634,\"caption\":\"Smartcare Logo (PRNewsfoto\\\/Smartcare)\"},{\"@type\":\"BreadcrumbList\",\"@id\":\"https:\\\/\\\/www.accuratereviews.com\\\/it\\\/software-assistenza-domiciliare\\\/smartcare-recensione\\\/#breadcrumb\",\"itemListElement\":[{\"@type\":\"ListItem\",\"position\":1,\"name\":\"Home\",\"item\":\"https:\\\/\\\/www.accuratereviews.com\\\/it\\\/\"},{\"@type\":\"ListItem\",\"position\":2,\"name\":\"Software assistenza domiciliare\",\"item\":\"https:\\\/\\\/www.accuratereviews.com\\\/it\\\/software-assistenza-domiciliare\\\/\"},{\"@type\":\"ListItem\",\"position\":3,\"name\":\"SMARTcare\"}]},{\"@type\":\"WebSite\",\"@id\":\"https:\\\/\\\/www.accuratereviews.com\\\/it\\\/#website\",\"url\":\"https:\\\/\\\/www.accuratereviews.com\\\/it\\\/\",\"name\":\"Accurate Reviews\",\"description\":\"\",\"potentialAction\":[{\"@type\":\"SearchAction\",\"target\":{\"@type\":\"EntryPoint\",\"urlTemplate\":\"https:\\\/\\\/www.accuratereviews.com\\\/it\\\/?s={search_term_string}\"},\"query-input\":{\"@type\":\"PropertyValueSpecification\",\"valueRequired\":true,\"valueName\":\"search_term_string\"}}],\"inLanguage\":\"it-IT\"}]}<\/script>\n<!-- \/ Yoast SEO plugin. -->","yoast_head_json":{"title":"SMARTcare: recensione programma assistenza domiciliare","description":"SMARTcare: recensione del software per l'assistenza all'infanzia che si rivolge a centri per l'infanzia, asili nido, scuole materne e altri.","robots":{"index":"index","follow":"follow","max-snippet":"max-snippet:-1","max-image-preview":"max-image-preview:large","max-video-preview":"max-video-preview:-1"},"canonical":"https:\/\/www.accuratereviews.com\/it\/software-assistenza-domiciliare\/smartcare-recensione\/","og_locale":"it_IT","og_type":"article","og_title":"SMARTcare: recensione programma assistenza domiciliare","og_description":"SMARTcare: recensione del software per l'assistenza all'infanzia che si rivolge a centri per l'infanzia, asili nido, scuole materne e altri.","og_url":"https:\/\/www.accuratereviews.com\/it\/software-assistenza-domiciliare\/smartcare-recensione\/","og_site_name":"Accurate Reviews","og_image":[{"width":1206,"height":634,"url":"https:\/\/www.accuratereviews.com\/wp-content\/uploads\/2022\/04\/Smartcare_Logo.jpg","type":"image\/jpeg"}],"twitter_card":"summary_large_image","twitter_misc":{"Tempo di lettura stimato":"4 minuti"},"schema":{"@context":"https:\/\/schema.org","@graph":[{"@type":"WebPage","@id":"https:\/\/www.accuratereviews.com\/it\/software-assistenza-domiciliare\/smartcare-recensione\/","url":"https:\/\/www.accuratereviews.com\/it\/software-assistenza-domiciliare\/smartcare-recensione\/","name":"SMARTcare: recensione programma assistenza domiciliare","isPartOf":{"@id":"https:\/\/www.accuratereviews.com\/it\/#website"},"primaryImageOfPage":{"@id":"https:\/\/www.accuratereviews.com\/it\/software-assistenza-domiciliare\/smartcare-recensione\/#primaryimage"},"image":{"@id":"https:\/\/www.accuratereviews.com\/it\/software-assistenza-domiciliare\/smartcare-recensione\/#primaryimage"},"thumbnailUrl":"https:\/\/www.accuratereviews.com\/wp-content\/uploads\/2022\/04\/Smartcare_Logo.jpg","datePublished":"2022-04-04T11:20:03+00:00","description":"SMARTcare: recensione del software per l'assistenza all'infanzia che si rivolge a centri per l'infanzia, asili nido, scuole materne e altri.","breadcrumb":{"@id":"https:\/\/www.accuratereviews.com\/it\/software-assistenza-domiciliare\/smartcare-recensione\/#breadcrumb"},"inLanguage":"it-IT","potentialAction":[{"@type":"ReadAction","target":["https:\/\/www.accuratereviews.com\/it\/software-assistenza-domiciliare\/smartcare-recensione\/"]}]},{"@type":"ImageObject","inLanguage":"it-IT","@id":"https:\/\/www.accuratereviews.com\/it\/software-assistenza-domiciliare\/smartcare-recensione\/#primaryimage","url":"https:\/\/www.accuratereviews.com\/wp-content\/uploads\/2022\/04\/Smartcare_Logo.jpg","contentUrl":"https:\/\/www.accuratereviews.com\/wp-content\/uploads\/2022\/04\/Smartcare_Logo.jpg","width":1206,"height":634,"caption":"Smartcare Logo (PRNewsfoto\/Smartcare)"},{"@type":"BreadcrumbList","@id":"https:\/\/www.accuratereviews.com\/it\/software-assistenza-domiciliare\/smartcare-recensione\/#breadcrumb","itemListElement":[{"@type":"ListItem","position":1,"name":"Home","item":"https:\/\/www.accuratereviews.com\/it\/"},{"@type":"ListItem","position":2,"name":"Software assistenza domiciliare","item":"https:\/\/www.accuratereviews.com\/it\/software-assistenza-domiciliare\/"},{"@type":"ListItem","position":3,"name":"SMARTcare"}]},{"@type":"WebSite","@id":"https:\/\/www.accuratereviews.com\/it\/#website","url":"https:\/\/www.accuratereviews.com\/it\/","name":"Accurate Reviews","description":"","potentialAction":[{"@type":"SearchAction","target":{"@type":"EntryPoint","urlTemplate":"https:\/\/www.accuratereviews.com\/it\/?s={search_term_string}"},"query-input":{"@type":"PropertyValueSpecification","valueRequired":true,"valueName":"search_term_string"}}],"inLanguage":"it-IT"}]}},"_links":{"self":[{"href":"https:\/\/www.accuratereviews.com\/it\/wp-json\/wp\/v2\/pages\/55694","targetHints":{"allow":["GET"]}}],"collection":[{"href":"https:\/\/www.accuratereviews.com\/it\/wp-json\/wp\/v2\/pages"}],"about":[{"href":"https:\/\/www.accuratereviews.com\/it\/wp-json\/wp\/v2\/types\/page"}],"author":[{"embeddable":true,"href":"https:\/\/www.accuratereviews.com\/it\/wp-json\/wp\/v2\/users\/17"}],"replies":[{"embeddable":true,"href":"https:\/\/www.accuratereviews.com\/it\/wp-json\/wp\/v2\/comments?post=55694"}],"version-history":[{"count":3,"href":"https:\/\/www.accuratereviews.com\/it\/wp-json\/wp\/v2\/pages\/55694\/revisions"}],"predecessor-version":[{"id":55703,"href":"https:\/\/www.accuratereviews.com\/it\/wp-json\/wp\/v2\/pages\/55694\/revisions\/55703"}],"up":[{"embeddable":true,"href":"https:\/\/www.accuratereviews.com\/it\/wp-json\/wp\/v2\/pages\/55061"}],"wp:featuredmedia":[{"embeddable":true,"href":"https:\/\/www.accuratereviews.com\/it\/wp-json\/wp\/v2\/media\/55695"}],"wp:attachment":[{"href":"https:\/\/www.accuratereviews.com\/it\/wp-json\/wp\/v2\/media?parent=55694"}],"wp:term":[{"taxonomy":"category","embeddable":true,"href":"https:\/\/www.accuratereviews.com\/it\/wp-json\/wp\/v2\/categories?post=55694"},{"taxonomy":"post_tag","embeddable":true,"href":"https:\/\/www.accuratereviews.com\/it\/wp-json\/wp\/v2\/tags?post=55694"},{"taxonomy":"features","embeddable":true,"href":"https:\/\/www.accuratereviews.com\/it\/wp-json\/wp\/v2\/features?post=55694"}],"curies":[{"name":"wp","href":"https:\/\/api.w.org\/{rel}","templated":true}]}}