{"id":55709,"date":"2022-04-04T11:07:23","date_gmt":"2022-04-04T11:07:23","guid":{"rendered":"https:\/\/www.accuratereviews.com\/?page_id=55709"},"modified":"2022-04-04T11:07:23","modified_gmt":"2022-04-04T11:07:23","slug":"appointmate-recensione","status":"publish","type":"page","link":"https:\/\/www.accuratereviews.com\/it\/software-assistenza-domiciliare\/appointmate-recensione\/","title":{"rendered":"AppointMate"},"content":{"rendered":"<p><strong>AppointMate<\/strong> \u00e8 un <strong>software di pianificazione medica<\/strong> progettato per aiutare le aziende a pianificare le attivit\u00e0 dei dipendenti e visualizzare gli appuntamenti per l<strong>&#8216;assistenza domiciliare<\/strong>. La piattaforma consente ai gestori di soddisfare automaticamente le esigenze dei clienti con la posizione, le competenze e la disponibilit\u00e0 degli operatori sanitari. Gli amministratori possono ricevere promemoria sugli appuntamenti imminenti e scaduti su un&#8217;interfaccia unificata. <strong>AppointMate<\/strong> consente ai team di elaborare le buste paga, gestire la fatturazione e i crediti contabili. I supervisori possono anche verificare le visite tramite GPS e timbrature in entrata e in uscita utilizzando dispositivi mobili. Gli operatori possono anche tenere traccia dell&#8217;orario di lavoro e ottenere informazioni dettagliate sui dati di conversione delle recensioni su una dashboard centralizzata.<\/p>\n<h2>APPOINTMATE &#8211; TUTORIAL<\/h2>\n<p>Guardiamo il video dimostrativo su questo software di assistenza domiciliare:<\/p>\n<div id=\"fluid-wrapper-counter-1\" class=\"g1-fluid-wrapper \" style=\"width:686px;\">\n<div style=\"padding-bottom:56.268221574344%;\"><iframe loading=\"lazy\" title=\"AppointMate Demo Video\" width=\"686\" height=\"386\" src=\"https:\/\/www.youtube.com\/embed\/1O6ztIwMaM0?feature=oembed&amp;wmode=transparent&amp;autohide=1&amp;autoplay=0&amp;disablekb=0&amp;fs=1&amp;loop=0&amp;enablejsapi=1&amp;rel=0&amp;controls=2&amp;showinfo=0&amp;wmode=transparent&amp;autohide=2&amp;autoplay=0&amp;disablekb=0&amp;fs=1&amp;loop=0&amp;enablejsapi=1&amp;rel=0&amp;controls=2&amp;showinfo=1\" frameborder=\"0\" allow=\"accelerometer; autoplay; clipboard-write; encrypted-media; gyroscope; picture-in-picture\" allowfullscreen><\/iframe><\/div>\n<\/div>\n<h3>APPOINTMATE &#8211; CARATTERISTICHE<\/h3>\n<ul>\n<li>Fornisce una chiara panoramica di tutti gli appuntamenti per l&#8217;assistenza domiciliare su un&#8217;unica schermata<\/li>\n<li>Abbina le esigenze dei clienti in servizio privato con le capacit\u00e0, la disponibilit\u00e0 e le posizioni degli operatori sanitari<\/li>\n<li>Pianifica le attivit\u00e0 dei dipendenti in base ai protocolli dell&#8217;organizzazione<\/li>\n<li>Previene i conflitti<\/li>\n<li>Invia e riceve promemoria di appuntamenti per dipendenti e clienti e notifiche sugli appuntamenti scaduti<\/li>\n<li>Offre una variet\u00e0 di opzioni per tenere traccia delle regole sugli straordinari per l&#8217;assistenza domiciliare non medica<\/li>\n<li>Si integra con software finanziari, come QuickBooks e MAS 90<\/li>\n<li>Fornisce un&#8217;unica soluzione per una facile fatturazione delle buste paga e della contabilit\u00e0 clienti<\/li>\n<li>Visualizza i saldi e applica i pagamenti in un&#8217;unica schermata<\/li>\n<li>Convalida le chiamate degli operatori sanitari dalle case dei clienti tramite l&#8217;ID chiamante<\/li>\n<li>Fornisce un facile accesso ai numeri di telefono di operatori sanitari e clienti<\/li>\n<li>Consente ai dipendenti dell&#8217;assistenza domiciliare di entrare e uscire tramite dispositivo mobile o telefono<\/li>\n<li>Include la verifica elettronica della visita GPS<\/li>\n<li>Consente l&#8217;immissione di attivit\u00e0 dell&#8217;opzione mobile<\/li>\n<li>Rende disponibili le opzioni di telefonia, portale e mobile per monitorare la conformit\u00e0 del piano di assistenza<\/li>\n<li>Mostra le ore e le entrate per cliente in tempo reale tramite dashboard<\/li>\n<li>Fornisce oltre 175 report standard, che vanno da quelli finanziari, al caregiver, alle risorse umane<\/li>\n<li>Esamina i dati di conversione<\/li>\n<\/ul>\n<h4>LE RECENSIONI DEGLI UTENTIE<\/h4>\n<p class=\"font-weight-bold mb-2\"><strong>Doris dee A.&#8221;Ottimo software per la programmazione&#8221;<\/strong><\/p>\n<p><span class=\"font-weight-bold\"><strong>Commenti<\/strong>:\u00a0<\/span>Appointmate rende l&#8217;audit un compito facile. I report possono essere personalizzati in modo che solo i dati richiesti siano i dati condivisi. Appointmate aiuta anche a ridurre al minimo le frodi grazie alla sua indicazione di data e ora su TUTTO!<\/p>\n<p class=\"font-weight-bold mb-2\"><strong>Pro<\/strong>: Funzionalit\u00e0. Ogni schermo ha accesso ad altri schermi in modo da non dover rimbalzare, rendendolo un softwear esperto. Possibilit\u00e0 di modificare, aggiornare e correggere. In grado di caricare documenti cartacei di supporto senza carta e in grado di accedere da qualsiasi posizione.<\/p>\n<p class=\"font-weight-bold mb-2\"><strong>Contro<\/strong>: Una volta che sono diventato esperto nell&#8217;uso del Softwear, non ho pi\u00f9 avuto problemi.<\/p>\n<p class=\"font-weight-bold mb-2\"><strong>Gina T.&#8221;Ottimo programma&#8221;<\/strong><\/p>\n<p class=\"font-weight-bold mb-2\"><strong>Pro<\/strong>: Ho adorato questo programma una volta che ho imparato a navigarlo Ha offerto un sacco di funzioni e rapporti<\/p>\n<p class=\"font-weight-bold mb-2\"><strong>Contro<\/strong>: \u00c8 stato difficile da imparare quando ho iniziato a lavorare nel mio vecchio lavoro. Questa \u00e8 stata la parte pi\u00f9 difficile dell&#8217;apprendimento di quel lavoro.<\/p>\n<p class=\"font-weight-bold mb-2\"><strong>Dina M.&#8221;Buon programma&#8221;<\/strong><\/p>\n<p><span class=\"font-weight-bold\"><strong>Commenti<\/strong>:\u00a0<\/span>alcune cose non sono facili da usare per i dcws quando entrano e escono. Non tutti gli elementi che devo vedere non sono nell&#8217;app mobile per quando sono in servizio o eseguo rapporti a casa.<\/p>\n<p class=\"font-weight-bold mb-2\"><strong>Pro<\/strong>: la facilit\u00e0 di visualizzare le informazioni sui clienti. rapporti.<\/p>\n<p class=\"font-weight-bold mb-2\"><strong>Contro<\/strong>: Lenta velocit\u00e0 di caricamento. Molto lento per passare da un profilo all&#8217;altro<\/p>\n","protected":false},"excerpt":{"rendered":"<p>AppointMate \u00e8 un software di pianificazione medica progettato per aiutare le aziende a pianificare le attivit\u00e0 dei dipendenti e visualizzare gli appuntamenti per l&#8217;assistenza domiciliare. La piattaforma consente ai gestori di soddisfare automaticamente le esigenze dei clienti con la posizione, le competenze e la disponibilit\u00e0 degli operatori sanitari.<\/p>\n","protected":false},"author":19,"featured_media":55710,"parent":55061,"menu_order":0,"comment_status":"open","ping_status":"closed","template":"g1_template_page_review_new.php","meta":{"_acf_changed":false,"cwp_meta_box_check":"Yes","cwp_rev_product_name":"","cwp_rev_product_image":"","wppr_links":[],"cwp_rev_price":"","wppr_options":[],"wppr_pros":[],"wppr_cons":[],"_monsterinsights_skip_tracking":false,"_monsterinsights_sitenote_active":false,"_monsterinsights_sitenote_note":"","_monsterinsights_sitenote_category":0,"footnotes":""},"categories":[12271],"tags":[12348,12274,12275,12276,12273,12277],"features":[],"class_list":{"0":"post-55709","1":"page","2":"type-page","3":"status-publish","4":"has-post-thumbnail","6":"category-software-assistenza-domiciliare-categoria","7":"tag-appointmate","8":"tag-assistenza-domiciliare","9":"tag-piattaforma-assistenza-domiciliare","10":"tag-programma-assistenza-domiciliare","11":"tag-software-assistenza-domiciliare","12":"tag-soluzione-assistenza-domiciliare"},"wppr_data":{"cwp_meta_box_check":"Yes","cwp_rev_product_name":"","cwp_rev_product_image":"","cwp_image_link":"image","cwp_rev_price":"","wppr_rating":"0.00"},"acf":[],"yoast_head":"<!-- This site is optimized with the Yoast SEO plugin v27.4 - https:\/\/yoast.com\/product\/yoast-seo-wordpress\/ -->\n<title>AppointMate: recensione software assistenza domiciliare<\/title>\n<meta name=\"description\" content=\"AppointMate: recensione software di assistenza medica progettato per aiutare le aziende a pianificare le attivit\u00e0 dei dipendenti.\" \/>\n<meta name=\"robots\" content=\"index, follow, max-snippet:-1, max-image-preview:large, max-video-preview:-1\" \/>\n<link rel=\"canonical\" href=\"https:\/\/www.accuratereviews.com\/it\/software-assistenza-domiciliare\/appointmate-recensione\/\" \/>\n<meta property=\"og:locale\" content=\"it_IT\" \/>\n<meta property=\"og:type\" content=\"article\" \/>\n<meta property=\"og:title\" content=\"AppointMate: recensione software assistenza domiciliare\" \/>\n<meta property=\"og:description\" content=\"AppointMate: recensione software di assistenza medica progettato per aiutare le aziende a pianificare le attivit\u00e0 dei dipendenti.\" \/>\n<meta property=\"og:url\" content=\"https:\/\/www.accuratereviews.com\/it\/software-assistenza-domiciliare\/appointmate-recensione\/\" \/>\n<meta property=\"og:site_name\" content=\"Accurate Reviews\" \/>\n<meta property=\"og:image\" content=\"https:\/\/www.accuratereviews.com\/wp-content\/uploads\/2022\/04\/2306.jpg\" \/>\n\t<meta property=\"og:image:width\" content=\"200\" \/>\n\t<meta property=\"og:image:height\" content=\"200\" \/>\n\t<meta property=\"og:image:type\" content=\"image\/jpeg\" \/>\n<meta name=\"twitter:card\" content=\"summary_large_image\" \/>\n<meta name=\"twitter:label1\" content=\"Tempo di lettura stimato\" \/>\n\t<meta name=\"twitter:data1\" content=\"4 minuti\" \/>\n<script type=\"application\/ld+json\" class=\"yoast-schema-graph\">{\"@context\":\"https:\\\/\\\/schema.org\",\"@graph\":[{\"@type\":\"WebPage\",\"@id\":\"https:\\\/\\\/www.accuratereviews.com\\\/it\\\/software-assistenza-domiciliare\\\/appointmate-recensione\\\/\",\"url\":\"https:\\\/\\\/www.accuratereviews.com\\\/it\\\/software-assistenza-domiciliare\\\/appointmate-recensione\\\/\",\"name\":\"AppointMate: recensione software assistenza domiciliare\",\"isPartOf\":{\"@id\":\"https:\\\/\\\/www.accuratereviews.com\\\/it\\\/#website\"},\"primaryImageOfPage\":{\"@id\":\"https:\\\/\\\/www.accuratereviews.com\\\/it\\\/software-assistenza-domiciliare\\\/appointmate-recensione\\\/#primaryimage\"},\"image\":{\"@id\":\"https:\\\/\\\/www.accuratereviews.com\\\/it\\\/software-assistenza-domiciliare\\\/appointmate-recensione\\\/#primaryimage\"},\"thumbnailUrl\":\"https:\\\/\\\/www.accuratereviews.com\\\/wp-content\\\/uploads\\\/2022\\\/04\\\/2306.jpg\",\"datePublished\":\"2022-04-04T11:07:23+00:00\",\"description\":\"AppointMate: recensione software di assistenza medica progettato per aiutare le aziende a pianificare le attivit\u00e0 dei dipendenti.\",\"breadcrumb\":{\"@id\":\"https:\\\/\\\/www.accuratereviews.com\\\/it\\\/software-assistenza-domiciliare\\\/appointmate-recensione\\\/#breadcrumb\"},\"inLanguage\":\"it-IT\",\"potentialAction\":[{\"@type\":\"ReadAction\",\"target\":[\"https:\\\/\\\/www.accuratereviews.com\\\/it\\\/software-assistenza-domiciliare\\\/appointmate-recensione\\\/\"]}]},{\"@type\":\"ImageObject\",\"inLanguage\":\"it-IT\",\"@id\":\"https:\\\/\\\/www.accuratereviews.com\\\/it\\\/software-assistenza-domiciliare\\\/appointmate-recensione\\\/#primaryimage\",\"url\":\"https:\\\/\\\/www.accuratereviews.com\\\/wp-content\\\/uploads\\\/2022\\\/04\\\/2306.jpg\",\"contentUrl\":\"https:\\\/\\\/www.accuratereviews.com\\\/wp-content\\\/uploads\\\/2022\\\/04\\\/2306.jpg\",\"width\":200,\"height\":200},{\"@type\":\"BreadcrumbList\",\"@id\":\"https:\\\/\\\/www.accuratereviews.com\\\/it\\\/software-assistenza-domiciliare\\\/appointmate-recensione\\\/#breadcrumb\",\"itemListElement\":[{\"@type\":\"ListItem\",\"position\":1,\"name\":\"Home\",\"item\":\"https:\\\/\\\/www.accuratereviews.com\\\/it\\\/\"},{\"@type\":\"ListItem\",\"position\":2,\"name\":\"Software assistenza domiciliare\",\"item\":\"https:\\\/\\\/www.accuratereviews.com\\\/it\\\/software-assistenza-domiciliare\\\/\"},{\"@type\":\"ListItem\",\"position\":3,\"name\":\"AppointMate\"}]},{\"@type\":\"WebSite\",\"@id\":\"https:\\\/\\\/www.accuratereviews.com\\\/it\\\/#website\",\"url\":\"https:\\\/\\\/www.accuratereviews.com\\\/it\\\/\",\"name\":\"Accurate Reviews\",\"description\":\"\",\"potentialAction\":[{\"@type\":\"SearchAction\",\"target\":{\"@type\":\"EntryPoint\",\"urlTemplate\":\"https:\\\/\\\/www.accuratereviews.com\\\/it\\\/?s={search_term_string}\"},\"query-input\":{\"@type\":\"PropertyValueSpecification\",\"valueRequired\":true,\"valueName\":\"search_term_string\"}}],\"inLanguage\":\"it-IT\"}]}<\/script>\n<!-- \/ Yoast SEO plugin. -->","yoast_head_json":{"title":"AppointMate: recensione software assistenza domiciliare","description":"AppointMate: recensione software di assistenza medica progettato per aiutare le aziende a pianificare le attivit\u00e0 dei dipendenti.","robots":{"index":"index","follow":"follow","max-snippet":"max-snippet:-1","max-image-preview":"max-image-preview:large","max-video-preview":"max-video-preview:-1"},"canonical":"https:\/\/www.accuratereviews.com\/it\/software-assistenza-domiciliare\/appointmate-recensione\/","og_locale":"it_IT","og_type":"article","og_title":"AppointMate: recensione software assistenza domiciliare","og_description":"AppointMate: recensione software di assistenza medica progettato per aiutare le aziende a pianificare le attivit\u00e0 dei dipendenti.","og_url":"https:\/\/www.accuratereviews.com\/it\/software-assistenza-domiciliare\/appointmate-recensione\/","og_site_name":"Accurate Reviews","og_image":[{"width":200,"height":200,"url":"https:\/\/www.accuratereviews.com\/wp-content\/uploads\/2022\/04\/2306.jpg","type":"image\/jpeg"}],"twitter_card":"summary_large_image","twitter_misc":{"Tempo di lettura stimato":"4 minuti"},"schema":{"@context":"https:\/\/schema.org","@graph":[{"@type":"WebPage","@id":"https:\/\/www.accuratereviews.com\/it\/software-assistenza-domiciliare\/appointmate-recensione\/","url":"https:\/\/www.accuratereviews.com\/it\/software-assistenza-domiciliare\/appointmate-recensione\/","name":"AppointMate: recensione software assistenza domiciliare","isPartOf":{"@id":"https:\/\/www.accuratereviews.com\/it\/#website"},"primaryImageOfPage":{"@id":"https:\/\/www.accuratereviews.com\/it\/software-assistenza-domiciliare\/appointmate-recensione\/#primaryimage"},"image":{"@id":"https:\/\/www.accuratereviews.com\/it\/software-assistenza-domiciliare\/appointmate-recensione\/#primaryimage"},"thumbnailUrl":"https:\/\/www.accuratereviews.com\/wp-content\/uploads\/2022\/04\/2306.jpg","datePublished":"2022-04-04T11:07:23+00:00","description":"AppointMate: recensione software di assistenza medica progettato per aiutare le aziende a pianificare le attivit\u00e0 dei dipendenti.","breadcrumb":{"@id":"https:\/\/www.accuratereviews.com\/it\/software-assistenza-domiciliare\/appointmate-recensione\/#breadcrumb"},"inLanguage":"it-IT","potentialAction":[{"@type":"ReadAction","target":["https:\/\/www.accuratereviews.com\/it\/software-assistenza-domiciliare\/appointmate-recensione\/"]}]},{"@type":"ImageObject","inLanguage":"it-IT","@id":"https:\/\/www.accuratereviews.com\/it\/software-assistenza-domiciliare\/appointmate-recensione\/#primaryimage","url":"https:\/\/www.accuratereviews.com\/wp-content\/uploads\/2022\/04\/2306.jpg","contentUrl":"https:\/\/www.accuratereviews.com\/wp-content\/uploads\/2022\/04\/2306.jpg","width":200,"height":200},{"@type":"BreadcrumbList","@id":"https:\/\/www.accuratereviews.com\/it\/software-assistenza-domiciliare\/appointmate-recensione\/#breadcrumb","itemListElement":[{"@type":"ListItem","position":1,"name":"Home","item":"https:\/\/www.accuratereviews.com\/it\/"},{"@type":"ListItem","position":2,"name":"Software assistenza domiciliare","item":"https:\/\/www.accuratereviews.com\/it\/software-assistenza-domiciliare\/"},{"@type":"ListItem","position":3,"name":"AppointMate"}]},{"@type":"WebSite","@id":"https:\/\/www.accuratereviews.com\/it\/#website","url":"https:\/\/www.accuratereviews.com\/it\/","name":"Accurate Reviews","description":"","potentialAction":[{"@type":"SearchAction","target":{"@type":"EntryPoint","urlTemplate":"https:\/\/www.accuratereviews.com\/it\/?s={search_term_string}"},"query-input":{"@type":"PropertyValueSpecification","valueRequired":true,"valueName":"search_term_string"}}],"inLanguage":"it-IT"}]}},"_links":{"self":[{"href":"https:\/\/www.accuratereviews.com\/it\/wp-json\/wp\/v2\/pages\/55709","targetHints":{"allow":["GET"]}}],"collection":[{"href":"https:\/\/www.accuratereviews.com\/it\/wp-json\/wp\/v2\/pages"}],"about":[{"href":"https:\/\/www.accuratereviews.com\/it\/wp-json\/wp\/v2\/types\/page"}],"author":[{"embeddable":true,"href":"https:\/\/www.accuratereviews.com\/it\/wp-json\/wp\/v2\/users\/19"}],"replies":[{"embeddable":true,"href":"https:\/\/www.accuratereviews.com\/it\/wp-json\/wp\/v2\/comments?post=55709"}],"version-history":[{"count":13,"href":"https:\/\/www.accuratereviews.com\/it\/wp-json\/wp\/v2\/pages\/55709\/revisions"}],"predecessor-version":[{"id":55742,"href":"https:\/\/www.accuratereviews.com\/it\/wp-json\/wp\/v2\/pages\/55709\/revisions\/55742"}],"up":[{"embeddable":true,"href":"https:\/\/www.accuratereviews.com\/it\/wp-json\/wp\/v2\/pages\/55061"}],"wp:featuredmedia":[{"embeddable":true,"href":"https:\/\/www.accuratereviews.com\/it\/wp-json\/wp\/v2\/media\/55710"}],"wp:attachment":[{"href":"https:\/\/www.accuratereviews.com\/it\/wp-json\/wp\/v2\/media?parent=55709"}],"wp:term":[{"taxonomy":"category","embeddable":true,"href":"https:\/\/www.accuratereviews.com\/it\/wp-json\/wp\/v2\/categories?post=55709"},{"taxonomy":"post_tag","embeddable":true,"href":"https:\/\/www.accuratereviews.com\/it\/wp-json\/wp\/v2\/tags?post=55709"},{"taxonomy":"features","embeddable":true,"href":"https:\/\/www.accuratereviews.com\/it\/wp-json\/wp\/v2\/features?post=55709"}],"curies":[{"name":"wp","href":"https:\/\/api.w.org\/{rel}","templated":true}]}}