{"id":5574,"date":"2016-05-31T08:25:12","date_gmt":"2016-05-31T08:25:12","guid":{"rendered":"http:\/\/www.accuratereviews.com\/it\/best-newsletter-templates-2\/"},"modified":"2017-01-31T15:58:04","modified_gmt":"2017-01-31T15:58:04","slug":"newsletter-template-migliori-guida","status":"publish","type":"page","link":"https:\/\/www.accuratereviews.com\/it\/newsletter-template-migliori-guida\/","title":{"rendered":"Newsletter template: i migliori"},"content":{"rendered":"<p><a href=\"http:\/\/www.accuratereviews.com\/wp-content\/uploads\/2016\/05\/Schermata-2016-06-09-alle-16.46.32.png\"><img loading=\"lazy\" decoding=\"async\" class=\"aligncenter size-large wp-image-4774\" src=\"http:\/\/www.accuratereviews.com\/wp-content\/uploads\/2016\/05\/Schermata-2016-06-09-alle-16.46.32-1024x855.png\" alt=\"Newsletter template\" width=\"686\" height=\"573\" srcset=\"https:\/\/www.accuratereviews.com\/wp-content\/uploads\/2016\/05\/Schermata-2016-06-09-alle-16.46.32-1024x855.png 1024w, https:\/\/www.accuratereviews.com\/wp-content\/uploads\/2016\/05\/Schermata-2016-06-09-alle-16.46.32-300x250.png 300w, https:\/\/www.accuratereviews.com\/wp-content\/uploads\/2016\/05\/Schermata-2016-06-09-alle-16.46.32-768x641.png 768w, https:\/\/www.accuratereviews.com\/wp-content\/uploads\/2016\/05\/Schermata-2016-06-09-alle-16.46.32-150x125.png 150w, https:\/\/www.accuratereviews.com\/wp-content\/uploads\/2016\/05\/Schermata-2016-06-09-alle-16.46.32-50x42.png 50w, https:\/\/www.accuratereviews.com\/wp-content\/uploads\/2016\/05\/Schermata-2016-06-09-alle-16.46.32-968x808.png 968w, https:\/\/www.accuratereviews.com\/wp-content\/uploads\/2016\/05\/Schermata-2016-06-09-alle-16.46.32-636x531.png 636w, https:\/\/www.accuratereviews.com\/wp-content\/uploads\/2016\/05\/Schermata-2016-06-09-alle-16.46.32-320x267.png 320w, https:\/\/www.accuratereviews.com\/wp-content\/uploads\/2016\/05\/Schermata-2016-06-09-alle-16.46.32-239x199.png 239w, https:\/\/www.accuratereviews.com\/wp-content\/uploads\/2016\/05\/Schermata-2016-06-09-alle-16.46.32.png 1198w\" sizes=\"auto, (max-width: 686px) 100vw, 686px\" \/><\/a><\/p>\n<p><a href=\"http:\/\/www.accuratereviews.com\/wp-content\/uploads\/2016\/05\/Schermata-2016-06-09-alle-16.46.32.png\"><img loading=\"lazy\" decoding=\"async\" class=\"aligncenter size-large wp-image-4774\" src=\"http:\/\/www.accuratereviews.com\/wp-content\/uploads\/2016\/05\/Schermata-2016-06-09-alle-16.46.32-1024x855.png\" alt=\"Newsletter template\" width=\"686\" height=\"573\" srcset=\"https:\/\/www.accuratereviews.com\/wp-content\/uploads\/2016\/05\/Schermata-2016-06-09-alle-16.46.32-1024x855.png 1024w, https:\/\/www.accuratereviews.com\/wp-content\/uploads\/2016\/05\/Schermata-2016-06-09-alle-16.46.32-300x250.png 300w, https:\/\/www.accuratereviews.com\/wp-content\/uploads\/2016\/05\/Schermata-2016-06-09-alle-16.46.32-768x641.png 768w, https:\/\/www.accuratereviews.com\/wp-content\/uploads\/2016\/05\/Schermata-2016-06-09-alle-16.46.32-150x125.png 150w, https:\/\/www.accuratereviews.com\/wp-content\/uploads\/2016\/05\/Schermata-2016-06-09-alle-16.46.32-50x42.png 50w, https:\/\/www.accuratereviews.com\/wp-content\/uploads\/2016\/05\/Schermata-2016-06-09-alle-16.46.32-968x808.png 968w, https:\/\/www.accuratereviews.com\/wp-content\/uploads\/2016\/05\/Schermata-2016-06-09-alle-16.46.32-636x531.png 636w, https:\/\/www.accuratereviews.com\/wp-content\/uploads\/2016\/05\/Schermata-2016-06-09-alle-16.46.32-320x267.png 320w, https:\/\/www.accuratereviews.com\/wp-content\/uploads\/2016\/05\/Schermata-2016-06-09-alle-16.46.32-239x199.png 239w, https:\/\/www.accuratereviews.com\/wp-content\/uploads\/2016\/05\/Schermata-2016-06-09-alle-16.46.32.png 1198w\" sizes=\"auto, (max-width: 686px) 100vw, 686px\" \/><\/a><\/p>\n<p>Il template scelto per la newsletter \u00e8 uno dei particolari pi\u00f9 importanti da curare per ottenere un\u2019efficace campagna di marketing. Per essere chiari, un template per newsletter \u00e8 \u201cil contenitore\u201d, o ancor meglio la cornice, in cui si inserisce il testo. Questa cornice non \u00e8 altro che un layout da personalizzare e riutilizzare anche in un secondo tempo per inviare mail dall\u2019aspetto accattivante.<\/p>\n<p>Attualmente la maggior parte dei servizi per l\u2019email marketing offre un editor per creare campagne a partire da un template adatto, ma gli utenti esperti potrebbero aver bisogno di soluzioni pi\u00f9 complete. Se siete tra questi e cercate uno strumento avanzato per la creazione di template per newsletter potete scere tra software (come MailStyler o Foundation For Emails) e servizi online (come Email on Acid e Bee).<\/p>\n<p>I servizi online sono pi\u00f9 versatili perch\u00e9 non richiedono installazione, quanto piuttosto il pagamento di un abbonamento mensile o annuale. I software sono invece molto pi\u00f9 avanzati a livello di possibilit\u00e0 di personalizzazione, pi\u00f9 ricchi di tool e richiedono un unico pagamento. Qualsiasi sia la vostra scelta, l\u2019editor deve essere responsivo. Tra i servizi online possiamo troviare sia editor drag-and-drop che del tipo WYSIWYG. I What-You-See-Is-What-You-Get possono sembrare generalmente un po\u2019 sorpassati, ma sono semplici e vengono spesso utilizzati dalle piattaforme di email marketing. Il principio alla base di questo genere di editor \u00e8 che ogni modifica apportata al design del prodotto finito sar\u00e0 esattamente come la vediamo al momento. Gli editor drag-and-drop, generalmente, assicurano un\u2019alta qualit\u00e0 del design, un output responsivo e sono i pi\u00f9 indicati per gli utenti alle prime armi. Entrambe le tipologie di builder sono caratterizzate da strumenti peculiari:<\/p>\n<ul>\n<li>un editor per le immagini compreso nella piattaforma che permetta di migliorare e modificare le immagini;<\/li>\n<li>un\u2019anteprima che mostri come sar\u00e0 la nostra newsletter su vari dispositivi;<\/li>\n<li>una libreria di template che possiamo utilizzare come base da cui partire per creare il nostro personalizzato.<\/li>\n<\/ul>\n<p>Date un\u2019occhiata alle nostre recensioni: troverete valide soluzioni per la creazione di template perfetti per le vostre newsletter.<\/p>\n","protected":false},"excerpt":{"rendered":"<p>Sending newsletter is the best way to pursue a relationship with your customers, but the email marketing landscape is full of pitfalls. If you want to prevent your email from being deleted before being read, you have to take care of all the details of your message.<\/p>\n","protected":false},"author":16,"featured_media":0,"parent":0,"menu_order":18,"comment_status":"closed","ping_status":"closed","template":"g1_template_page_category_userguide.php","meta":{"_acf_changed":false,"cwp_meta_box_check":"No","cwp_rev_product_name":"","cwp_rev_product_image":"","wppr_links":[],"cwp_rev_price":"","wppr_options":[],"wppr_pros":[],"wppr_cons":[],"_monsterinsights_skip_tracking":false,"_monsterinsights_sitenote_active":false,"_monsterinsights_sitenote_note":"","_monsterinsights_sitenote_category":0,"footnotes":""},"categories":[103],"tags":[],"features":[],"class_list":{"0":"post-5574","1":"page","2":"type-page","3":"status-publish","5":"category-best-newsletter-templates-it"},"wppr_data":{"cwp_meta_box_check":"No"},"acf":[],"yoast_head":"<!-- This site is optimized with the Yoast SEO plugin v27.4 - https:\/\/yoast.com\/product\/yoast-seo-wordpress\/ -->\n<title>I migliori template per newsletter | Accurate Reviews<\/title>\n<meta name=\"description\" content=\"I nostri esperti vi guidano all&#039;acquisto della soluzione per i vostri bisogni: questa guida ai template per newsletter contiene le informazioni che cercate.\" \/>\n<meta name=\"robots\" content=\"index, follow, max-snippet:-1, max-image-preview:large, max-video-preview:-1\" \/>\n<link rel=\"canonical\" href=\"https:\/\/www.accuratereviews.com\/it\/newsletter-template-migliori-guida\/\" \/>\n<meta property=\"og:locale\" content=\"it_IT\" \/>\n<meta property=\"og:type\" content=\"article\" \/>\n<meta property=\"og:title\" content=\"I migliori template per newsletter | Accurate Reviews\" \/>\n<meta property=\"og:description\" content=\"I nostri esperti vi guidano all&#039;acquisto della soluzione per i vostri bisogni: questa guida ai template per newsletter contiene le informazioni che cercate.\" \/>\n<meta property=\"og:url\" content=\"https:\/\/www.accuratereviews.com\/it\/newsletter-template-migliori-guida\/\" \/>\n<meta property=\"og:site_name\" content=\"Accurate Reviews\" \/>\n<meta property=\"article:modified_time\" content=\"2017-01-31T15:58:04+00:00\" \/>\n<meta property=\"og:image\" content=\"http:\/\/www.accuratereviews.com\/wp-content\/uploads\/2016\/05\/Schermata-2016-06-09-alle-16.46.32-1024x855.png\" \/>\n<meta name=\"twitter:card\" content=\"summary_large_image\" \/>\n<meta name=\"twitter:label1\" content=\"Tempo di lettura stimato\" \/>\n\t<meta name=\"twitter:data1\" content=\"2 minuti\" \/>\n<script type=\"application\/ld+json\" class=\"yoast-schema-graph\">{\"@context\":\"https:\\\/\\\/schema.org\",\"@graph\":[{\"@type\":\"WebPage\",\"@id\":\"https:\\\/\\\/www.accuratereviews.com\\\/it\\\/newsletter-template-migliori-guida\\\/\",\"url\":\"https:\\\/\\\/www.accuratereviews.com\\\/it\\\/newsletter-template-migliori-guida\\\/\",\"name\":\"I migliori template per newsletter | Accurate Reviews\",\"isPartOf\":{\"@id\":\"https:\\\/\\\/www.accuratereviews.com\\\/it\\\/#website\"},\"primaryImageOfPage\":{\"@id\":\"https:\\\/\\\/www.accuratereviews.com\\\/it\\\/newsletter-template-migliori-guida\\\/#primaryimage\"},\"image\":{\"@id\":\"https:\\\/\\\/www.accuratereviews.com\\\/it\\\/newsletter-template-migliori-guida\\\/#primaryimage\"},\"thumbnailUrl\":\"http:\\\/\\\/www.accuratereviews.com\\\/wp-content\\\/uploads\\\/2016\\\/05\\\/Schermata-2016-06-09-alle-16.46.32-1024x855.png\",\"datePublished\":\"2016-05-31T08:25:12+00:00\",\"dateModified\":\"2017-01-31T15:58:04+00:00\",\"description\":\"I nostri esperti vi guidano all'acquisto della soluzione per i vostri bisogni: questa guida ai template per newsletter contiene le informazioni che cercate.\",\"breadcrumb\":{\"@id\":\"https:\\\/\\\/www.accuratereviews.com\\\/it\\\/newsletter-template-migliori-guida\\\/#breadcrumb\"},\"inLanguage\":\"it-IT\",\"potentialAction\":[{\"@type\":\"ReadAction\",\"target\":[\"https:\\\/\\\/www.accuratereviews.com\\\/it\\\/newsletter-template-migliori-guida\\\/\"]}]},{\"@type\":\"ImageObject\",\"inLanguage\":\"it-IT\",\"@id\":\"https:\\\/\\\/www.accuratereviews.com\\\/it\\\/newsletter-template-migliori-guida\\\/#primaryimage\",\"url\":\"http:\\\/\\\/www.accuratereviews.com\\\/wp-content\\\/uploads\\\/2016\\\/05\\\/Schermata-2016-06-09-alle-16.46.32-1024x855.png\",\"contentUrl\":\"http:\\\/\\\/www.accuratereviews.com\\\/wp-content\\\/uploads\\\/2016\\\/05\\\/Schermata-2016-06-09-alle-16.46.32-1024x855.png\"},{\"@type\":\"BreadcrumbList\",\"@id\":\"https:\\\/\\\/www.accuratereviews.com\\\/it\\\/newsletter-template-migliori-guida\\\/#breadcrumb\",\"itemListElement\":[{\"@type\":\"ListItem\",\"position\":1,\"name\":\"Home\",\"item\":\"https:\\\/\\\/www.accuratereviews.com\\\/it\\\/\"},{\"@type\":\"ListItem\",\"position\":2,\"name\":\"Newsletter template: i migliori\"}]},{\"@type\":\"WebSite\",\"@id\":\"https:\\\/\\\/www.accuratereviews.com\\\/it\\\/#website\",\"url\":\"https:\\\/\\\/www.accuratereviews.com\\\/it\\\/\",\"name\":\"Accurate Reviews\",\"description\":\"\",\"potentialAction\":[{\"@type\":\"SearchAction\",\"target\":{\"@type\":\"EntryPoint\",\"urlTemplate\":\"https:\\\/\\\/www.accuratereviews.com\\\/it\\\/?s={search_term_string}\"},\"query-input\":{\"@type\":\"PropertyValueSpecification\",\"valueRequired\":true,\"valueName\":\"search_term_string\"}}],\"inLanguage\":\"it-IT\"}]}<\/script>\n<!-- \/ Yoast SEO plugin. -->","yoast_head_json":{"title":"I migliori template per newsletter | Accurate Reviews","description":"I nostri esperti vi guidano all'acquisto della soluzione per i vostri bisogni: questa guida ai template per newsletter contiene le informazioni che cercate.","robots":{"index":"index","follow":"follow","max-snippet":"max-snippet:-1","max-image-preview":"max-image-preview:large","max-video-preview":"max-video-preview:-1"},"canonical":"https:\/\/www.accuratereviews.com\/it\/newsletter-template-migliori-guida\/","og_locale":"it_IT","og_type":"article","og_title":"I migliori template per newsletter | Accurate Reviews","og_description":"I nostri esperti vi guidano all'acquisto della soluzione per i vostri bisogni: questa guida ai template per newsletter contiene le informazioni che cercate.","og_url":"https:\/\/www.accuratereviews.com\/it\/newsletter-template-migliori-guida\/","og_site_name":"Accurate Reviews","article_modified_time":"2017-01-31T15:58:04+00:00","og_image":[{"url":"http:\/\/www.accuratereviews.com\/wp-content\/uploads\/2016\/05\/Schermata-2016-06-09-alle-16.46.32-1024x855.png","type":"","width":"","height":""}],"twitter_card":"summary_large_image","twitter_misc":{"Tempo di lettura stimato":"2 minuti"},"schema":{"@context":"https:\/\/schema.org","@graph":[{"@type":"WebPage","@id":"https:\/\/www.accuratereviews.com\/it\/newsletter-template-migliori-guida\/","url":"https:\/\/www.accuratereviews.com\/it\/newsletter-template-migliori-guida\/","name":"I migliori template per newsletter | Accurate Reviews","isPartOf":{"@id":"https:\/\/www.accuratereviews.com\/it\/#website"},"primaryImageOfPage":{"@id":"https:\/\/www.accuratereviews.com\/it\/newsletter-template-migliori-guida\/#primaryimage"},"image":{"@id":"https:\/\/www.accuratereviews.com\/it\/newsletter-template-migliori-guida\/#primaryimage"},"thumbnailUrl":"http:\/\/www.accuratereviews.com\/wp-content\/uploads\/2016\/05\/Schermata-2016-06-09-alle-16.46.32-1024x855.png","datePublished":"2016-05-31T08:25:12+00:00","dateModified":"2017-01-31T15:58:04+00:00","description":"I nostri esperti vi guidano all'acquisto della soluzione per i vostri bisogni: questa guida ai template per newsletter contiene le informazioni che cercate.","breadcrumb":{"@id":"https:\/\/www.accuratereviews.com\/it\/newsletter-template-migliori-guida\/#breadcrumb"},"inLanguage":"it-IT","potentialAction":[{"@type":"ReadAction","target":["https:\/\/www.accuratereviews.com\/it\/newsletter-template-migliori-guida\/"]}]},{"@type":"ImageObject","inLanguage":"it-IT","@id":"https:\/\/www.accuratereviews.com\/it\/newsletter-template-migliori-guida\/#primaryimage","url":"http:\/\/www.accuratereviews.com\/wp-content\/uploads\/2016\/05\/Schermata-2016-06-09-alle-16.46.32-1024x855.png","contentUrl":"http:\/\/www.accuratereviews.com\/wp-content\/uploads\/2016\/05\/Schermata-2016-06-09-alle-16.46.32-1024x855.png"},{"@type":"BreadcrumbList","@id":"https:\/\/www.accuratereviews.com\/it\/newsletter-template-migliori-guida\/#breadcrumb","itemListElement":[{"@type":"ListItem","position":1,"name":"Home","item":"https:\/\/www.accuratereviews.com\/it\/"},{"@type":"ListItem","position":2,"name":"Newsletter template: i migliori"}]},{"@type":"WebSite","@id":"https:\/\/www.accuratereviews.com\/it\/#website","url":"https:\/\/www.accuratereviews.com\/it\/","name":"Accurate Reviews","description":"","potentialAction":[{"@type":"SearchAction","target":{"@type":"EntryPoint","urlTemplate":"https:\/\/www.accuratereviews.com\/it\/?s={search_term_string}"},"query-input":{"@type":"PropertyValueSpecification","valueRequired":true,"valueName":"search_term_string"}}],"inLanguage":"it-IT"}]}},"_links":{"self":[{"href":"https:\/\/www.accuratereviews.com\/it\/wp-json\/wp\/v2\/pages\/5574","targetHints":{"allow":["GET"]}}],"collection":[{"href":"https:\/\/www.accuratereviews.com\/it\/wp-json\/wp\/v2\/pages"}],"about":[{"href":"https:\/\/www.accuratereviews.com\/it\/wp-json\/wp\/v2\/types\/page"}],"author":[{"embeddable":true,"href":"https:\/\/www.accuratereviews.com\/it\/wp-json\/wp\/v2\/users\/16"}],"replies":[{"embeddable":true,"href":"https:\/\/www.accuratereviews.com\/it\/wp-json\/wp\/v2\/comments?post=5574"}],"version-history":[{"count":5,"href":"https:\/\/www.accuratereviews.com\/it\/wp-json\/wp\/v2\/pages\/5574\/revisions"}],"predecessor-version":[{"id":5756,"href":"https:\/\/www.accuratereviews.com\/it\/wp-json\/wp\/v2\/pages\/5574\/revisions\/5756"}],"wp:attachment":[{"href":"https:\/\/www.accuratereviews.com\/it\/wp-json\/wp\/v2\/media?parent=5574"}],"wp:term":[{"taxonomy":"category","embeddable":true,"href":"https:\/\/www.accuratereviews.com\/it\/wp-json\/wp\/v2\/categories?post=5574"},{"taxonomy":"post_tag","embeddable":true,"href":"https:\/\/www.accuratereviews.com\/it\/wp-json\/wp\/v2\/tags?post=5574"},{"taxonomy":"features","embeddable":true,"href":"https:\/\/www.accuratereviews.com\/it\/wp-json\/wp\/v2\/features?post=5574"}],"curies":[{"name":"wp","href":"https:\/\/api.w.org\/{rel}","templated":true}]}}