{"id":55771,"date":"2022-04-05T12:01:33","date_gmt":"2022-04-05T12:01:33","guid":{"rendered":"https:\/\/www.accuratereviews.com\/?page_id=55771"},"modified":"2022-04-05T12:01:33","modified_gmt":"2022-04-05T12:01:33","slug":"radekal-recensione","status":"publish","type":"page","link":"https:\/\/www.accuratereviews.com\/it\/software-assistenza-domiciliare\/radekal-recensione\/","title":{"rendered":"Radekal"},"content":{"rendered":"<p><strong>Radekal<\/strong> \u00e8 una <strong>soluzione di cartella clinica elettronica (EHR\/EMR)<\/strong> creata per semplificare il processo di registrazione degli esami del paziente e generare automaticamente note di anamnesi e esame fisico (H&amp;P). Il sistema \u00e8 progettato per ridurre il tempo necessario ai medici per eseguire e documentare gli esami dei pazienti, semplificando il processo di immissione dei dati. Gli swipe possono essere utilizzati per contrassegnare pi\u00f9 campi nella revisione del sistema (ROS) o nell&#8217;esame fisico (PE) come positivi o negativi, quindi gli utenti devono documentare manualmente eventuali segni anormali. I diagrammi anatomici drill-down consentono agli utenti di mostrare la posizione di eventuali sintomi o dolore radiante. Le procedure, le diagnosi e le prescrizioni in studio possono essere aggiunte al termine dell&#8217;esame e gli utenti possono impostare una &#8220;lista calda&#8221; nella scheda Rx per un rapido accesso ai farmaci comunemente prescritti con informazioni precompilate su forza, dosaggio, frequenza, intervallo e durata del trattamento.<\/p>\n<p><a href=\"https:\/\/www.accuratereviews.com\/wp-content\/uploads\/2022\/04\/Schermata-2022-04-05-alle-09.51.34.png\"><img loading=\"lazy\" decoding=\"async\" class=\"alignnone size-full wp-image-55790\" src=\"https:\/\/www.accuratereviews.com\/wp-content\/uploads\/2022\/04\/Schermata-2022-04-05-alle-09.51.34.png\" alt=\"\" width=\"1028\" height=\"1158\" srcset=\"https:\/\/www.accuratereviews.com\/wp-content\/uploads\/2022\/04\/Schermata-2022-04-05-alle-09.51.34.png 1028w, https:\/\/www.accuratereviews.com\/wp-content\/uploads\/2022\/04\/Schermata-2022-04-05-alle-09.51.34-266x300.png 266w, https:\/\/www.accuratereviews.com\/wp-content\/uploads\/2022\/04\/Schermata-2022-04-05-alle-09.51.34-909x1024.png 909w, https:\/\/www.accuratereviews.com\/wp-content\/uploads\/2022\/04\/Schermata-2022-04-05-alle-09.51.34-768x865.png 768w, https:\/\/www.accuratereviews.com\/wp-content\/uploads\/2022\/04\/Schermata-2022-04-05-alle-09.51.34-111x125.png 111w, https:\/\/www.accuratereviews.com\/wp-content\/uploads\/2022\/04\/Schermata-2022-04-05-alle-09.51.34-44x50.png 44w, https:\/\/www.accuratereviews.com\/wp-content\/uploads\/2022\/04\/Schermata-2022-04-05-alle-09.51.34-968x1090.png 968w, https:\/\/www.accuratereviews.com\/wp-content\/uploads\/2022\/04\/Schermata-2022-04-05-alle-09.51.34-636x716.png 636w, https:\/\/www.accuratereviews.com\/wp-content\/uploads\/2022\/04\/Schermata-2022-04-05-alle-09.51.34-320x360.png 320w, https:\/\/www.accuratereviews.com\/wp-content\/uploads\/2022\/04\/Schermata-2022-04-05-alle-09.51.34-239x269.png 239w\" sizes=\"auto, (max-width: 1028px) 100vw, 1028px\" \/><\/a><\/p>\n<h2>RADEKAL &#8211; CARATTERISTICHE<\/h2>\n<ul>\n<li>Completa la documentazione dell&#8217;esame fisico con un solo tocco per un positivo pertinente, doppio tocco per un negativo pertinente, scorrere verso l&#8217;alto per contrassegnare tutte le parti dell&#8217;esame fisico come positive, scorrere verso il basso per contrassegnare tutte le parti della revisione dei sistemi (ROS) negative e diagrammi anatomici interattivi per identificare le aree interessate<\/li>\n<li>Le annotazioni possono essere aggiunte durante l&#8217;esame o sulla nota finale e gli utenti possono dettare le annotazioni se utilizzano un tablet<\/li>\n<li>Vengono generate automaticamente annotazioni complete sull&#8217;anamnesi e sull&#8217;esame fisico (H&amp;P), comprese tutte le informazioni sui dettagli del paziente, i principali reclami, la storia della malattia attuale, la revisione dei sistemi (ROS), la storia passata, medica, familiare e sociale (PMFSHx), i farmaci attivi , allergie, esame fisico e segni vitali, valutazione (diagnosi), ordini di laboratorio, prescrizioni, codici di valutazione e gestione (E&amp;M) e tempo di consulenza<\/li>\n<li>Le annotazioni e le prescrizioni dell&#8217;anamnesi e dell&#8217;esame fisico possono essere firmate elettronicamente e gli utenti vengono automaticamente avvisati prima della firma se la sezione relativa al processo decisionale medico (MDM) non \u00e8 stata completata<\/li>\n<li>\u00c8 possibile impostare una &#8220;lista calda&#8221; per offrire agli utenti un facile accesso ai farmaci comunemente prescritti con informazioni precompilate su forza, dosaggio, frequenza, intervallo e durata del trattamento.<\/li>\n<\/ul>\n<h3>LE RECENSIONI DEGLI UTENTI<\/h3>\n<p class=\"font-weight-bold mb-2\"><strong>Tom B.&#8221;Fatturazione per lavoro&#8221;<\/strong><\/p>\n<p><span class=\"font-weight-bold\"><strong>Commenti<\/strong>: <\/span>Uso questo prodotto da oltre 5 anni e non mi ha mai deluso. Non \u00e8 gratuito o economico, ma fa il lavoro bene e velocemente la prima volta. Ho scoperto che il costo GRATUITO mi costa denaro e CHEAP \u00e8 economico per un motivo.<\/p>\n<p class=\"font-weight-bold mb-2\"><strong>Pro<\/strong>:\u00a0Facile da imparare e da usare e funziona sempre. Il supporto \u00e8 raramente necessario ma \u00e8 l\u00ec quando ne ho bisogno. Molto conveniente per quello che ottieni!<\/p>\n<p class=\"font-weight-bold mb-2\"><strong>Contro<\/strong>:\u00a0Non \u00e8 elegante ma funziona ogni volta.<\/p>\n<p class=\"font-weight-bold mb-2\"><strong>Lexy L.&#8221;I nostri clienti adorano la facilit\u00e0 d&#8217;uso di Radekal EHR, dicono tutti che li rende pi\u00f9 produttivi&#8221;<\/strong><\/p>\n<p><span class=\"font-weight-bold\"><strong>Commenti<\/strong>: <\/span>chiama i miei clienti sono molto incuriositi e innamorati del semplice sistema che fa risparmiare tempo e denaro<\/p>\n<p class=\"font-weight-bold mb-2\"><strong>Pro<\/strong>:\u00a0Facile da imparare e Il supporto \u00e8 molto utile. Il manuale di formazione di una pagina \u00e8 stato un tocco brillante, stavo manovrando attraverso il sistema pi\u00f9 facilmente del mio nuovo iPhone lol.<\/p>\n<p class=\"font-weight-bold mb-2\"><strong>Contro<\/strong>:\u00a0Non \u00e8 economico. I nostri clienti affermano anche di essere riluttanti a cambiare per paura dei costi, ma una volta installato fa risparmiare tempo e si ripaga da solo pi\u00f9 e pi\u00f9 volte.<\/p>\n<p class=\"font-weight-bold mb-2\"><strong>Jonathan S.&#8221;Buoni risultati fuori dagli schemi!&#8221;<\/strong><\/p>\n<p class=\"font-weight-bold mb-2\"><strong>Pro<\/strong>:\u00a0La facilit\u00e0 di scrivere note \u00e8 il vincitore per questo venditore! Semplicemente toccando e selezionando i parametri in CC, HPI e i risultati dell&#8217;esame fisico, Radekal crea una nota distinta (mai la stessa) in pochi secondi! Molto facile da usare, aggiornato e mantenuto attivamente dagli sviluppatori. Hanno lavorato su questo sistema per molti anni e mostra come supera la velocit\u00e0 e l&#8217;usabilit\u00e0 di molti prodotti minori attualmente sul mercato.<\/p>\n<p class=\"font-weight-bold mb-2\"><strong>Contro<\/strong>:\u00a0Devo ancora imbattermi in qualcosa che sporga come un pollice dolorante.<\/p>\n","protected":false},"excerpt":{"rendered":"<p>Radekal \u00e8 una soluzione di cartella clinica elettronica (EHR\/EMR) creato per semplificare il processo di registrazione degli esami del paziente e generare automaticamente note di anamnesi e esame fisico (H&#038;P). Il sistema\u00a0\u00e8 progettato per ridurre il tempo necessario ai medici per eseguire e documentare gli esami dei pazienti, semplificando il processo di immissione dei dati.<\/p>\n","protected":false},"author":16,"featured_media":55777,"parent":55061,"menu_order":0,"comment_status":"open","ping_status":"closed","template":"g1_template_page_review_new.php","meta":{"_acf_changed":false,"cwp_meta_box_check":"No","cwp_rev_product_name":"","cwp_rev_product_image":"","wppr_links":[],"cwp_rev_price":"","wppr_options":[],"wppr_pros":[],"wppr_cons":[],"_monsterinsights_skip_tracking":false,"_monsterinsights_sitenote_active":false,"_monsterinsights_sitenote_note":"","_monsterinsights_sitenote_category":0,"footnotes":""},"categories":[12271],"tags":[12274,12291,12275,12276,12353,12273,6198],"features":[],"class_list":{"0":"post-55771","1":"page","2":"type-page","3":"status-publish","4":"has-post-thumbnail","6":"category-software-assistenza-domiciliare-categoria","7":"tag-assistenza-domiciliare","8":"tag-cartelle-cliniche","9":"tag-piattaforma-assistenza-domiciliare","10":"tag-programma-assistenza-domiciliare","11":"tag-radekal","12":"tag-software-assistenza-domiciliare","13":"tag-soluzioni-per-cartelle-cliniche-elettroniche-emr"},"wppr_data":{"cwp_meta_box_check":"No"},"acf":[],"yoast_head":"<!-- This site is optimized with the Yoast SEO plugin v27.4 - https:\/\/yoast.com\/product\/yoast-seo-wordpress\/ -->\n<title>Radekal: recensione software assistenza domiciliare - Accurate Reviews<\/title>\n<meta name=\"description\" content=\"Radekal: recensione soluzione di cartella clinica elettronica (EHR\/EMR) creato per semplificare il processo di registrazione degli esami del paziente.\" \/>\n<meta name=\"robots\" content=\"index, follow, max-snippet:-1, max-image-preview:large, max-video-preview:-1\" \/>\n<link rel=\"canonical\" href=\"https:\/\/www.accuratereviews.com\/it\/software-assistenza-domiciliare\/radekal-recensione\/\" \/>\n<meta property=\"og:locale\" content=\"it_IT\" \/>\n<meta property=\"og:type\" content=\"article\" \/>\n<meta property=\"og:title\" content=\"Radekal: recensione software assistenza domiciliare - Accurate Reviews\" \/>\n<meta property=\"og:description\" content=\"Radekal: recensione soluzione di cartella clinica elettronica (EHR\/EMR) creato per semplificare il processo di registrazione degli esami del paziente.\" \/>\n<meta property=\"og:url\" content=\"https:\/\/www.accuratereviews.com\/it\/software-assistenza-domiciliare\/radekal-recensione\/\" \/>\n<meta property=\"og:site_name\" content=\"Accurate Reviews\" \/>\n<meta property=\"og:image\" content=\"https:\/\/www.accuratereviews.com\/wp-content\/uploads\/2022\/04\/Radekal.webp\" \/>\n\t<meta property=\"og:image:width\" content=\"1246\" \/>\n\t<meta property=\"og:image:height\" content=\"1074\" \/>\n\t<meta property=\"og:image:type\" content=\"image\/webp\" \/>\n<meta name=\"twitter:card\" content=\"summary_large_image\" \/>\n<meta name=\"twitter:label1\" content=\"Tempo di lettura stimato\" \/>\n\t<meta name=\"twitter:data1\" content=\"4 minuti\" \/>\n<script type=\"application\/ld+json\" class=\"yoast-schema-graph\">{\"@context\":\"https:\\\/\\\/schema.org\",\"@graph\":[{\"@type\":\"WebPage\",\"@id\":\"https:\\\/\\\/www.accuratereviews.com\\\/it\\\/software-assistenza-domiciliare\\\/radekal-recensione\\\/\",\"url\":\"https:\\\/\\\/www.accuratereviews.com\\\/it\\\/software-assistenza-domiciliare\\\/radekal-recensione\\\/\",\"name\":\"Radekal: recensione software assistenza domiciliare - Accurate Reviews\",\"isPartOf\":{\"@id\":\"https:\\\/\\\/www.accuratereviews.com\\\/it\\\/#website\"},\"primaryImageOfPage\":{\"@id\":\"https:\\\/\\\/www.accuratereviews.com\\\/it\\\/software-assistenza-domiciliare\\\/radekal-recensione\\\/#primaryimage\"},\"image\":{\"@id\":\"https:\\\/\\\/www.accuratereviews.com\\\/it\\\/software-assistenza-domiciliare\\\/radekal-recensione\\\/#primaryimage\"},\"thumbnailUrl\":\"https:\\\/\\\/www.accuratereviews.com\\\/wp-content\\\/uploads\\\/2022\\\/04\\\/Radekal.webp\",\"datePublished\":\"2022-04-05T12:01:33+00:00\",\"description\":\"Radekal: recensione soluzione di cartella clinica elettronica (EHR\\\/EMR) creato per semplificare il processo di registrazione degli esami del paziente.\",\"breadcrumb\":{\"@id\":\"https:\\\/\\\/www.accuratereviews.com\\\/it\\\/software-assistenza-domiciliare\\\/radekal-recensione\\\/#breadcrumb\"},\"inLanguage\":\"it-IT\",\"potentialAction\":[{\"@type\":\"ReadAction\",\"target\":[\"https:\\\/\\\/www.accuratereviews.com\\\/it\\\/software-assistenza-domiciliare\\\/radekal-recensione\\\/\"]}]},{\"@type\":\"ImageObject\",\"inLanguage\":\"it-IT\",\"@id\":\"https:\\\/\\\/www.accuratereviews.com\\\/it\\\/software-assistenza-domiciliare\\\/radekal-recensione\\\/#primaryimage\",\"url\":\"https:\\\/\\\/www.accuratereviews.com\\\/wp-content\\\/uploads\\\/2022\\\/04\\\/Radekal.webp\",\"contentUrl\":\"https:\\\/\\\/www.accuratereviews.com\\\/wp-content\\\/uploads\\\/2022\\\/04\\\/Radekal.webp\",\"width\":1246,\"height\":1074},{\"@type\":\"BreadcrumbList\",\"@id\":\"https:\\\/\\\/www.accuratereviews.com\\\/it\\\/software-assistenza-domiciliare\\\/radekal-recensione\\\/#breadcrumb\",\"itemListElement\":[{\"@type\":\"ListItem\",\"position\":1,\"name\":\"Home\",\"item\":\"https:\\\/\\\/www.accuratereviews.com\\\/it\\\/\"},{\"@type\":\"ListItem\",\"position\":2,\"name\":\"Software assistenza domiciliare\",\"item\":\"https:\\\/\\\/www.accuratereviews.com\\\/it\\\/software-assistenza-domiciliare\\\/\"},{\"@type\":\"ListItem\",\"position\":3,\"name\":\"Radekal\"}]},{\"@type\":\"WebSite\",\"@id\":\"https:\\\/\\\/www.accuratereviews.com\\\/it\\\/#website\",\"url\":\"https:\\\/\\\/www.accuratereviews.com\\\/it\\\/\",\"name\":\"Accurate Reviews\",\"description\":\"\",\"potentialAction\":[{\"@type\":\"SearchAction\",\"target\":{\"@type\":\"EntryPoint\",\"urlTemplate\":\"https:\\\/\\\/www.accuratereviews.com\\\/it\\\/?s={search_term_string}\"},\"query-input\":{\"@type\":\"PropertyValueSpecification\",\"valueRequired\":true,\"valueName\":\"search_term_string\"}}],\"inLanguage\":\"it-IT\"}]}<\/script>\n<!-- \/ Yoast SEO plugin. -->","yoast_head_json":{"title":"Radekal: recensione software assistenza domiciliare - Accurate Reviews","description":"Radekal: recensione soluzione di cartella clinica elettronica (EHR\/EMR) creato per semplificare il processo di registrazione degli esami del paziente.","robots":{"index":"index","follow":"follow","max-snippet":"max-snippet:-1","max-image-preview":"max-image-preview:large","max-video-preview":"max-video-preview:-1"},"canonical":"https:\/\/www.accuratereviews.com\/it\/software-assistenza-domiciliare\/radekal-recensione\/","og_locale":"it_IT","og_type":"article","og_title":"Radekal: recensione software assistenza domiciliare - Accurate Reviews","og_description":"Radekal: recensione soluzione di cartella clinica elettronica (EHR\/EMR) creato per semplificare il processo di registrazione degli esami del paziente.","og_url":"https:\/\/www.accuratereviews.com\/it\/software-assistenza-domiciliare\/radekal-recensione\/","og_site_name":"Accurate Reviews","og_image":[{"width":1246,"height":1074,"url":"https:\/\/www.accuratereviews.com\/wp-content\/uploads\/2022\/04\/Radekal.webp","type":"image\/webp"}],"twitter_card":"summary_large_image","twitter_misc":{"Tempo di lettura stimato":"4 minuti"},"schema":{"@context":"https:\/\/schema.org","@graph":[{"@type":"WebPage","@id":"https:\/\/www.accuratereviews.com\/it\/software-assistenza-domiciliare\/radekal-recensione\/","url":"https:\/\/www.accuratereviews.com\/it\/software-assistenza-domiciliare\/radekal-recensione\/","name":"Radekal: recensione software assistenza domiciliare - Accurate Reviews","isPartOf":{"@id":"https:\/\/www.accuratereviews.com\/it\/#website"},"primaryImageOfPage":{"@id":"https:\/\/www.accuratereviews.com\/it\/software-assistenza-domiciliare\/radekal-recensione\/#primaryimage"},"image":{"@id":"https:\/\/www.accuratereviews.com\/it\/software-assistenza-domiciliare\/radekal-recensione\/#primaryimage"},"thumbnailUrl":"https:\/\/www.accuratereviews.com\/wp-content\/uploads\/2022\/04\/Radekal.webp","datePublished":"2022-04-05T12:01:33+00:00","description":"Radekal: recensione soluzione di cartella clinica elettronica (EHR\/EMR) creato per semplificare il processo di registrazione degli esami del paziente.","breadcrumb":{"@id":"https:\/\/www.accuratereviews.com\/it\/software-assistenza-domiciliare\/radekal-recensione\/#breadcrumb"},"inLanguage":"it-IT","potentialAction":[{"@type":"ReadAction","target":["https:\/\/www.accuratereviews.com\/it\/software-assistenza-domiciliare\/radekal-recensione\/"]}]},{"@type":"ImageObject","inLanguage":"it-IT","@id":"https:\/\/www.accuratereviews.com\/it\/software-assistenza-domiciliare\/radekal-recensione\/#primaryimage","url":"https:\/\/www.accuratereviews.com\/wp-content\/uploads\/2022\/04\/Radekal.webp","contentUrl":"https:\/\/www.accuratereviews.com\/wp-content\/uploads\/2022\/04\/Radekal.webp","width":1246,"height":1074},{"@type":"BreadcrumbList","@id":"https:\/\/www.accuratereviews.com\/it\/software-assistenza-domiciliare\/radekal-recensione\/#breadcrumb","itemListElement":[{"@type":"ListItem","position":1,"name":"Home","item":"https:\/\/www.accuratereviews.com\/it\/"},{"@type":"ListItem","position":2,"name":"Software assistenza domiciliare","item":"https:\/\/www.accuratereviews.com\/it\/software-assistenza-domiciliare\/"},{"@type":"ListItem","position":3,"name":"Radekal"}]},{"@type":"WebSite","@id":"https:\/\/www.accuratereviews.com\/it\/#website","url":"https:\/\/www.accuratereviews.com\/it\/","name":"Accurate Reviews","description":"","potentialAction":[{"@type":"SearchAction","target":{"@type":"EntryPoint","urlTemplate":"https:\/\/www.accuratereviews.com\/it\/?s={search_term_string}"},"query-input":{"@type":"PropertyValueSpecification","valueRequired":true,"valueName":"search_term_string"}}],"inLanguage":"it-IT"}]}},"_links":{"self":[{"href":"https:\/\/www.accuratereviews.com\/it\/wp-json\/wp\/v2\/pages\/55771","targetHints":{"allow":["GET"]}}],"collection":[{"href":"https:\/\/www.accuratereviews.com\/it\/wp-json\/wp\/v2\/pages"}],"about":[{"href":"https:\/\/www.accuratereviews.com\/it\/wp-json\/wp\/v2\/types\/page"}],"author":[{"embeddable":true,"href":"https:\/\/www.accuratereviews.com\/it\/wp-json\/wp\/v2\/users\/16"}],"replies":[{"embeddable":true,"href":"https:\/\/www.accuratereviews.com\/it\/wp-json\/wp\/v2\/comments?post=55771"}],"version-history":[{"count":8,"href":"https:\/\/www.accuratereviews.com\/it\/wp-json\/wp\/v2\/pages\/55771\/revisions"}],"predecessor-version":[{"id":55810,"href":"https:\/\/www.accuratereviews.com\/it\/wp-json\/wp\/v2\/pages\/55771\/revisions\/55810"}],"up":[{"embeddable":true,"href":"https:\/\/www.accuratereviews.com\/it\/wp-json\/wp\/v2\/pages\/55061"}],"wp:featuredmedia":[{"embeddable":true,"href":"https:\/\/www.accuratereviews.com\/it\/wp-json\/wp\/v2\/media\/55777"}],"wp:attachment":[{"href":"https:\/\/www.accuratereviews.com\/it\/wp-json\/wp\/v2\/media?parent=55771"}],"wp:term":[{"taxonomy":"category","embeddable":true,"href":"https:\/\/www.accuratereviews.com\/it\/wp-json\/wp\/v2\/categories?post=55771"},{"taxonomy":"post_tag","embeddable":true,"href":"https:\/\/www.accuratereviews.com\/it\/wp-json\/wp\/v2\/tags?post=55771"},{"taxonomy":"features","embeddable":true,"href":"https:\/\/www.accuratereviews.com\/it\/wp-json\/wp\/v2\/features?post=55771"}],"curies":[{"name":"wp","href":"https:\/\/api.w.org\/{rel}","templated":true}]}}