{"id":55845,"date":"2022-04-07T10:23:04","date_gmt":"2022-04-07T10:23:04","guid":{"rendered":"https:\/\/www.accuratereviews.com\/?page_id=55845"},"modified":"2022-04-08T05:35:37","modified_gmt":"2022-04-08T05:35:37","slug":"towbook-recensione","status":"publish","type":"page","link":"https:\/\/www.accuratereviews.com\/it\/software-assistenza-stradale\/towbook-recensione\/","title":{"rendered":"Towbook"},"content":{"rendered":"<p><strong>Towbook<\/strong> \u00e8 un <strong>software di assistenza stradale<\/strong> basato sul web con app iOS e Android native, che offre funzionalit\u00e0 di spedizione, sequestro, fatturazione e contabilit\u00e0. Il programma pu\u00f2 essere utilizzato da aziende al servizio di privati, carrozzerie, club automobilistici, dipartimenti di polizia e altro ancora.\u00a0Il sistema di smistamento consente agli utenti di aggiungere chiamate e assegnarle agli autisti, con aggiornamenti in tempo reale che mostrano a tutti gli utenti le ultime chiamate e spedizioni. \u00c8 possibile aggiungere foto e file ai record di spedizione, \u00e8 possibile inserire pi\u00f9 veicoli, camion e autisti a un&#8217;unica spedizione e creare fatture personalizzate e inviarle ai clienti tramite email visto che possiede una\u00a0integrazione con Quickbooks. Quando i veicoli vengono sequestrati, <strong>Towbook<\/strong> calcola automaticamente le tariffe di deposito e ricorda agli utenti quando sono dovuti avvisi e lettere di sequestro richiesti dallo stato, con la possibilit\u00e0 di stampare automaticamente gli avvisi.<\/p>\n<h2>TOWBOOK &#8211; TUTORIAL<\/h2>\n<p>Guardiamo come utilizzare l&#8217;applicazione per iPhone di questo <strong>software per assistenza stradale<\/strong>:<\/p>\n<div id=\"fluid-wrapper-counter-1\" class=\"g1-fluid-wrapper \" style=\"width:686px;\">\n<div style=\"padding-bottom:56.268221574344%;\"><iframe loading=\"lazy\" title=\"Towbook - iPhone Mobile Application - Training Video\" width=\"686\" height=\"386\" src=\"https:\/\/www.youtube.com\/embed\/f7sp2HBPYG4?feature=oembed&amp;wmode=transparent&amp;autohide=1&amp;autoplay=0&amp;disablekb=0&amp;fs=1&amp;loop=0&amp;enablejsapi=1&amp;rel=0&amp;controls=2&amp;showinfo=0&amp;wmode=transparent&amp;autohide=2&amp;autoplay=0&amp;disablekb=0&amp;fs=1&amp;loop=0&amp;enablejsapi=1&amp;rel=0&amp;controls=2&amp;showinfo=1\" frameborder=\"0\" allow=\"accelerometer; autoplay; clipboard-write; encrypted-media; gyroscope; picture-in-picture\" allowfullscreen><\/iframe><\/div>\n<\/div>\n<h3>TOWBOOK &#8211; CARATTERISTICHE<\/h3>\n<ul>\n<li><strong>Design intuitivo<\/strong>: software intuitivo e diretto. Tu e il tuo personale risparmierete innumerevoli ore di formazione con l&#8217;interfaccia elegante e intuitiva.<\/li>\n<li><strong>Invio digitale ed elaborazione email<\/strong>: con l&#8217;invio digitale e l&#8217;elaborazione email sarai in grado di ricevere chiamate da tanti club automobilistici.<\/li>\n<li><strong>Capacit\u00e0 di localizzazione GPS<\/strong>: visualizza la posizione dei tuoi conducenti in qualsiasi momento utilizzando l&#8217;applicazione mobile o integrando il tuo sistema con uno dei fornitori GPS partner<\/li>\n<li><strong>Gestisci l&#8217;inventario dei veicoli<\/strong>: registra e gestisci senza sforzo i tuoi veicoli sequestrati\/immagazzinati utilizzando Sequestro Manager<\/li>\n<li><strong>Compatibilit\u00e0 Android\/iPhone<\/strong>: con le applicazioni per dispositivi Android e iPhone, i conducenti sono in grado di accettare le chiamate inviate loro direttamente dall&#8217;app mobile<\/li>\n<li><strong>Ispezioni dell&#8217;attrezzatura\/Check-in del conducente<\/strong>: i tuoi conducenti possono effettuare il check-in per indicare che sono in orario e anche completare i rapporti di ispezione delle apparecchiature che vengono automaticamente inviati ai gestori per la revisione<\/li>\n<li><strong>Riduci al minimo le richieste di risarcimento danni<\/strong>: i corrieri sono in grado di aggiornare il loro stato, allegare foto geocodificate a una chiamata, aggiornare la posizione della chiamata utilizzando le loro coordinate GPS, raccogliere le firme dei clienti, indicare il metodo di pagamento, creare un rapporto sui danni del veicolo, inviare una ricevuta via email\/sms e molto altro<\/li>\n<li><strong>Importazione di pagamento<\/strong>: attiva l&#8217;importazione dei pagamenti per semplificarti la vita<\/li>\n<li><strong>Flusso di lavoro di contabilit\u00e0 avanzato<\/strong>: la soluzione ha un flusso di lavoro di contabilit\u00e0 intuitivo che ti consentir\u00e0 di gestire quali fatture sono state fatte, quali sono state pagate o non pagate. Puoi persino generare estratti conto in massa per ogni account. Avrai quindi la possibilit\u00e0 di inviarli via email o per posta ai tuoi clienti<\/li>\n<li><strong>Integrazione QuickBooks:<\/strong> \u00a0riduci il tuo lavoro in partita doppia collegando il programma alla tua applicazione QuickBooks desktop o online<\/li>\n<li><strong>Analizza il volume del conducente\/camion<\/strong>: scopri quali dei tuoi camion e conducenti sono i pi\u00f9 produttivi per la tua attivit\u00e0 e quali generano maggiori entrate.<\/li>\n<\/ul>\n<h4>LE RECENSIONI DEGLI UTENTI<\/h4>\n<p><strong>Johon D.: &#8220;Il miglior software di traino del settore&#8221;<\/strong><\/p>\n<p class=\"font-weight-bold mb-2\"><strong>Pro<\/strong>:\u00a0Towbook \u00e8 estremamente facile da usare e ha cambiato in meglio il nostro modo di fare affari. Questo software ci consente di tenere facilmente traccia di ci\u00f2 che stanno facendo i nostri autisti e di pianificare come utilizzare in modo pi\u00f9 efficiente la nostra flotta per portare le persone al sicuro fuori dai pericoli o verso la loro destinazione. Il confronto visivo con il sito di social media pi\u00f9 utilizzato rende Towbook molto facile da usare e non intimidatorio. Il supporto software (tramite chat online, telefono ed e-mail) \u00e8 facilmente e rapidamente raggiungibile 24 ore su 24, 7 giorni su 7 e generalmente una risposta \u00e8 utile con soluzioni di problem solving.<\/p>\n<p class=\"font-weight-bold mb-2\"><strong>Contro<\/strong>:\u00a0Quando c&#8217;\u00e8 un&#8217;interruzione, paralizza davvero le nostre operazioni. Per fortuna le interruzioni non durano molto a lungo e il supporto \u00e8 generalmente molto trasparente sulla durata prevista.<\/p>\n<p><strong>Mike M.&#8221;Facilit\u00e0 d&#8217;uso&#8221;<\/strong><\/p>\n<p><span class=\"font-weight-bold\"><strong>Commenti<\/strong>: <\/span>Grande! Lo adoro e lo consiglierei a tutti!<\/p>\n<p class=\"font-weight-bold mb-2\"><strong>Pro<\/strong>:\u00a0Towbook \u00e8 ottimo sia per la grande azienda di rimorchio che per l&#8217;azienda di rimorchio mom &amp; pop. Grande o Piccola soddisfa le esigenze di tutti.<\/p>\n<p class=\"font-weight-bold mb-2\"><strong>Contro<\/strong>:\u00a0Quando \u00e8 il momento di un aggiornamento, influisce sul nostro utilizzo. Dobbiamo accedere all&#8217;app pi\u00f9 volte per farlo funzionare.<\/p>\n<p class=\"font-weight-bold mb-2\"><strong>Lee B.&#8221;C&#8217;\u00e8 la perfezione?&#8221;<\/strong><\/p>\n<p><span class=\"font-weight-bold\"><strong>Commenti<\/strong>: <\/span>Proprio quando penso che Towbook non potrebbe implementare nulla di nuovo che possa aiutare. BAM!! Eccola&#8230;&#8221;La prossima cosa sar\u00e0 migliore!&#8221; Dovrebbe essere il motto di Towbooks.<\/p>\n<p class=\"font-weight-bold mb-2\"><strong>Pro<\/strong>:\u00a0Cosa non va Devo ancora trovare un problema. Il servizio clienti fa tutto il possibile per aiutarti lungo la strada. Sono a portata di clic ed \u00e8 sempre come parlare con un amico. Collaborano con il servizio clienti SUPERB insieme a un software INCREDIBILE che semplifica davvero l&#8217;intera nostra attivit\u00e0. Con una pistola puntata alla testa sarei sfidato a trovare una caduta.<\/p>\n<p class=\"font-weight-bold mb-2\"><strong>Contro<\/strong>:\u00a0NIENTE. Non c&#8217;\u00e8 assolutamente NULLA che non piace.<\/p>\n","protected":false},"excerpt":{"rendered":"<p>Towbook \u00e8 un software di assistenza stradale basato sul web con app iOS e Android native, che offre funzionalit\u00e0 di spedizione, sequestro, fatturazione e contabilit\u00e0. Il programma pu\u00f2 essere utilizzato da aziende al servizio di privati, carrozzerie, club automobilistici, dipartimenti di polizia e altro ancora.\u00a0Il sistema di smistamento consente agli utenti di aggiungere chiamate e assegnarle agli autisti, con aggiornamenti in tempo reale che mostrano a tutti gli utenti le ultime chiamate e spedizioni.<\/p>\n","protected":false},"author":16,"featured_media":55846,"parent":55865,"menu_order":0,"comment_status":"open","ping_status":"closed","template":"g1_template_page_review_new.php","meta":{"_acf_changed":false,"cwp_meta_box_check":"No","cwp_rev_product_name":"","cwp_rev_product_image":"","wppr_links":[],"cwp_rev_price":"","wppr_options":[],"wppr_pros":[],"wppr_cons":[],"_monsterinsights_skip_tracking":false,"_monsterinsights_sitenote_active":false,"_monsterinsights_sitenote_note":"","_monsterinsights_sitenote_category":0,"footnotes":""},"categories":[12363],"tags":[12366,12373,12372,12371,12370,12392],"features":[],"class_list":{"0":"post-55845","1":"page","2":"type-page","3":"status-publish","4":"has-post-thumbnail","6":"category-software-assistenza-stradale-cat","7":"tag-assistenza-stradale","8":"tag-piattaforma-assistenza-stradale","9":"tag-programma-assistenza-stradale","10":"tag-software-assistenza-stradale","11":"tag-soluzione-assistenza-stradale","12":"tag-towbook"},"wppr_data":{"cwp_meta_box_check":"No"},"acf":[],"yoast_head":"<!-- This site is optimized with the Yoast SEO plugin v27.4 - https:\/\/yoast.com\/product\/yoast-seo-wordpress\/ -->\n<title>Towbook: recensione software assistenza stradale - Accurate Reviews<\/title>\n<meta name=\"description\" content=\"Towbook: recensione software di assistenza stradale basato sul web con app iOS e Android che offre funzionalit\u00e0 di spedizione, sequestro e fatturazione.\" \/>\n<meta name=\"robots\" content=\"index, follow, max-snippet:-1, max-image-preview:large, max-video-preview:-1\" \/>\n<link rel=\"canonical\" href=\"https:\/\/www.accuratereviews.com\/it\/software-assistenza-stradale\/towbook-recensione\/\" \/>\n<meta property=\"og:locale\" content=\"it_IT\" \/>\n<meta property=\"og:type\" content=\"article\" \/>\n<meta property=\"og:title\" content=\"Towbook: recensione software assistenza stradale - Accurate Reviews\" \/>\n<meta property=\"og:description\" content=\"Towbook: recensione software di assistenza stradale basato sul web con app iOS e Android che offre funzionalit\u00e0 di spedizione, sequestro e fatturazione.\" \/>\n<meta property=\"og:url\" content=\"https:\/\/www.accuratereviews.com\/it\/software-assistenza-stradale\/towbook-recensione\/\" \/>\n<meta property=\"og:site_name\" content=\"Accurate Reviews\" \/>\n<meta property=\"article:modified_time\" content=\"2022-04-08T05:35:37+00:00\" \/>\n<meta property=\"og:image\" content=\"https:\/\/www.accuratereviews.com\/wp-content\/uploads\/2022\/04\/Towbook.png\" \/>\n\t<meta property=\"og:image:width\" content=\"225\" \/>\n\t<meta property=\"og:image:height\" content=\"225\" \/>\n\t<meta property=\"og:image:type\" content=\"image\/png\" \/>\n<meta name=\"twitter:card\" content=\"summary_large_image\" \/>\n<meta name=\"twitter:label1\" content=\"Tempo di lettura stimato\" \/>\n\t<meta name=\"twitter:data1\" content=\"5 minuti\" \/>\n<script type=\"application\/ld+json\" class=\"yoast-schema-graph\">{\"@context\":\"https:\\\/\\\/schema.org\",\"@graph\":[{\"@type\":\"WebPage\",\"@id\":\"https:\\\/\\\/www.accuratereviews.com\\\/it\\\/software-assistenza-stradale\\\/towbook-recensione\\\/\",\"url\":\"https:\\\/\\\/www.accuratereviews.com\\\/it\\\/software-assistenza-stradale\\\/towbook-recensione\\\/\",\"name\":\"Towbook: recensione software assistenza stradale - Accurate Reviews\",\"isPartOf\":{\"@id\":\"https:\\\/\\\/www.accuratereviews.com\\\/it\\\/#website\"},\"primaryImageOfPage\":{\"@id\":\"https:\\\/\\\/www.accuratereviews.com\\\/it\\\/software-assistenza-stradale\\\/towbook-recensione\\\/#primaryimage\"},\"image\":{\"@id\":\"https:\\\/\\\/www.accuratereviews.com\\\/it\\\/software-assistenza-stradale\\\/towbook-recensione\\\/#primaryimage\"},\"thumbnailUrl\":\"https:\\\/\\\/www.accuratereviews.com\\\/wp-content\\\/uploads\\\/2022\\\/04\\\/Towbook.png\",\"datePublished\":\"2022-04-07T10:23:04+00:00\",\"dateModified\":\"2022-04-08T05:35:37+00:00\",\"description\":\"Towbook: recensione software di assistenza stradale basato sul web con app iOS e Android che offre funzionalit\u00e0 di spedizione, sequestro e fatturazione.\",\"breadcrumb\":{\"@id\":\"https:\\\/\\\/www.accuratereviews.com\\\/it\\\/software-assistenza-stradale\\\/towbook-recensione\\\/#breadcrumb\"},\"inLanguage\":\"it-IT\",\"potentialAction\":[{\"@type\":\"ReadAction\",\"target\":[\"https:\\\/\\\/www.accuratereviews.com\\\/it\\\/software-assistenza-stradale\\\/towbook-recensione\\\/\"]}]},{\"@type\":\"ImageObject\",\"inLanguage\":\"it-IT\",\"@id\":\"https:\\\/\\\/www.accuratereviews.com\\\/it\\\/software-assistenza-stradale\\\/towbook-recensione\\\/#primaryimage\",\"url\":\"https:\\\/\\\/www.accuratereviews.com\\\/wp-content\\\/uploads\\\/2022\\\/04\\\/Towbook.png\",\"contentUrl\":\"https:\\\/\\\/www.accuratereviews.com\\\/wp-content\\\/uploads\\\/2022\\\/04\\\/Towbook.png\",\"width\":225,\"height\":225},{\"@type\":\"BreadcrumbList\",\"@id\":\"https:\\\/\\\/www.accuratereviews.com\\\/it\\\/software-assistenza-stradale\\\/towbook-recensione\\\/#breadcrumb\",\"itemListElement\":[{\"@type\":\"ListItem\",\"position\":1,\"name\":\"Home\",\"item\":\"https:\\\/\\\/www.accuratereviews.com\\\/it\\\/\"},{\"@type\":\"ListItem\",\"position\":2,\"name\":\"Software per assistenza stradale\",\"item\":\"https:\\\/\\\/www.accuratereviews.com\\\/it\\\/software-assistenza-stradale\\\/\"},{\"@type\":\"ListItem\",\"position\":3,\"name\":\"Towbook\"}]},{\"@type\":\"WebSite\",\"@id\":\"https:\\\/\\\/www.accuratereviews.com\\\/it\\\/#website\",\"url\":\"https:\\\/\\\/www.accuratereviews.com\\\/it\\\/\",\"name\":\"Accurate Reviews\",\"description\":\"\",\"potentialAction\":[{\"@type\":\"SearchAction\",\"target\":{\"@type\":\"EntryPoint\",\"urlTemplate\":\"https:\\\/\\\/www.accuratereviews.com\\\/it\\\/?s={search_term_string}\"},\"query-input\":{\"@type\":\"PropertyValueSpecification\",\"valueRequired\":true,\"valueName\":\"search_term_string\"}}],\"inLanguage\":\"it-IT\"}]}<\/script>\n<!-- \/ Yoast SEO plugin. -->","yoast_head_json":{"title":"Towbook: recensione software assistenza stradale - Accurate Reviews","description":"Towbook: recensione software di assistenza stradale basato sul web con app iOS e Android che offre funzionalit\u00e0 di spedizione, sequestro e fatturazione.","robots":{"index":"index","follow":"follow","max-snippet":"max-snippet:-1","max-image-preview":"max-image-preview:large","max-video-preview":"max-video-preview:-1"},"canonical":"https:\/\/www.accuratereviews.com\/it\/software-assistenza-stradale\/towbook-recensione\/","og_locale":"it_IT","og_type":"article","og_title":"Towbook: recensione software assistenza stradale - Accurate Reviews","og_description":"Towbook: recensione software di assistenza stradale basato sul web con app iOS e Android che offre funzionalit\u00e0 di spedizione, sequestro e fatturazione.","og_url":"https:\/\/www.accuratereviews.com\/it\/software-assistenza-stradale\/towbook-recensione\/","og_site_name":"Accurate Reviews","article_modified_time":"2022-04-08T05:35:37+00:00","og_image":[{"width":225,"height":225,"url":"https:\/\/www.accuratereviews.com\/wp-content\/uploads\/2022\/04\/Towbook.png","type":"image\/png"}],"twitter_card":"summary_large_image","twitter_misc":{"Tempo di lettura stimato":"5 minuti"},"schema":{"@context":"https:\/\/schema.org","@graph":[{"@type":"WebPage","@id":"https:\/\/www.accuratereviews.com\/it\/software-assistenza-stradale\/towbook-recensione\/","url":"https:\/\/www.accuratereviews.com\/it\/software-assistenza-stradale\/towbook-recensione\/","name":"Towbook: recensione software assistenza stradale - Accurate Reviews","isPartOf":{"@id":"https:\/\/www.accuratereviews.com\/it\/#website"},"primaryImageOfPage":{"@id":"https:\/\/www.accuratereviews.com\/it\/software-assistenza-stradale\/towbook-recensione\/#primaryimage"},"image":{"@id":"https:\/\/www.accuratereviews.com\/it\/software-assistenza-stradale\/towbook-recensione\/#primaryimage"},"thumbnailUrl":"https:\/\/www.accuratereviews.com\/wp-content\/uploads\/2022\/04\/Towbook.png","datePublished":"2022-04-07T10:23:04+00:00","dateModified":"2022-04-08T05:35:37+00:00","description":"Towbook: recensione software di assistenza stradale basato sul web con app iOS e Android che offre funzionalit\u00e0 di spedizione, sequestro e fatturazione.","breadcrumb":{"@id":"https:\/\/www.accuratereviews.com\/it\/software-assistenza-stradale\/towbook-recensione\/#breadcrumb"},"inLanguage":"it-IT","potentialAction":[{"@type":"ReadAction","target":["https:\/\/www.accuratereviews.com\/it\/software-assistenza-stradale\/towbook-recensione\/"]}]},{"@type":"ImageObject","inLanguage":"it-IT","@id":"https:\/\/www.accuratereviews.com\/it\/software-assistenza-stradale\/towbook-recensione\/#primaryimage","url":"https:\/\/www.accuratereviews.com\/wp-content\/uploads\/2022\/04\/Towbook.png","contentUrl":"https:\/\/www.accuratereviews.com\/wp-content\/uploads\/2022\/04\/Towbook.png","width":225,"height":225},{"@type":"BreadcrumbList","@id":"https:\/\/www.accuratereviews.com\/it\/software-assistenza-stradale\/towbook-recensione\/#breadcrumb","itemListElement":[{"@type":"ListItem","position":1,"name":"Home","item":"https:\/\/www.accuratereviews.com\/it\/"},{"@type":"ListItem","position":2,"name":"Software per assistenza stradale","item":"https:\/\/www.accuratereviews.com\/it\/software-assistenza-stradale\/"},{"@type":"ListItem","position":3,"name":"Towbook"}]},{"@type":"WebSite","@id":"https:\/\/www.accuratereviews.com\/it\/#website","url":"https:\/\/www.accuratereviews.com\/it\/","name":"Accurate Reviews","description":"","potentialAction":[{"@type":"SearchAction","target":{"@type":"EntryPoint","urlTemplate":"https:\/\/www.accuratereviews.com\/it\/?s={search_term_string}"},"query-input":{"@type":"PropertyValueSpecification","valueRequired":true,"valueName":"search_term_string"}}],"inLanguage":"it-IT"}]}},"_links":{"self":[{"href":"https:\/\/www.accuratereviews.com\/it\/wp-json\/wp\/v2\/pages\/55845","targetHints":{"allow":["GET"]}}],"collection":[{"href":"https:\/\/www.accuratereviews.com\/it\/wp-json\/wp\/v2\/pages"}],"about":[{"href":"https:\/\/www.accuratereviews.com\/it\/wp-json\/wp\/v2\/types\/page"}],"author":[{"embeddable":true,"href":"https:\/\/www.accuratereviews.com\/it\/wp-json\/wp\/v2\/users\/16"}],"replies":[{"embeddable":true,"href":"https:\/\/www.accuratereviews.com\/it\/wp-json\/wp\/v2\/comments?post=55845"}],"version-history":[{"count":13,"href":"https:\/\/www.accuratereviews.com\/it\/wp-json\/wp\/v2\/pages\/55845\/revisions"}],"predecessor-version":[{"id":55944,"href":"https:\/\/www.accuratereviews.com\/it\/wp-json\/wp\/v2\/pages\/55845\/revisions\/55944"}],"up":[{"embeddable":true,"href":"https:\/\/www.accuratereviews.com\/it\/wp-json\/wp\/v2\/pages\/55865"}],"wp:featuredmedia":[{"embeddable":true,"href":"https:\/\/www.accuratereviews.com\/it\/wp-json\/wp\/v2\/media\/55846"}],"wp:attachment":[{"href":"https:\/\/www.accuratereviews.com\/it\/wp-json\/wp\/v2\/media?parent=55845"}],"wp:term":[{"taxonomy":"category","embeddable":true,"href":"https:\/\/www.accuratereviews.com\/it\/wp-json\/wp\/v2\/categories?post=55845"},{"taxonomy":"post_tag","embeddable":true,"href":"https:\/\/www.accuratereviews.com\/it\/wp-json\/wp\/v2\/tags?post=55845"},{"taxonomy":"features","embeddable":true,"href":"https:\/\/www.accuratereviews.com\/it\/wp-json\/wp\/v2\/features?post=55845"}],"curies":[{"name":"wp","href":"https:\/\/api.w.org\/{rel}","templated":true}]}}