{"id":5590,"date":"2016-06-03T13:32:07","date_gmt":"2016-06-03T13:32:07","guid":{"rendered":"http:\/\/www.accuratereviews.com\/it\/newsletter-template-migliori-lista\/mailstyler\/"},"modified":"2018-02-22T02:36:02","modified_gmt":"2018-02-22T02:36:02","slug":"mailstyler","status":"publish","type":"page","link":"https:\/\/www.accuratereviews.com\/it\/newsletter-template-migliori-lista\/mailstyler\/","title":{"rendered":"MailStyler"},"content":{"rendered":"<p><img loading=\"lazy\" decoding=\"async\" class=\"alignnone size-full wp-image-9799\" src=\"http:\/\/www.accuratereviews.com\/wp-content\/uploads\/2016\/06\/mailstyler-2.jpeg.jpg\" alt=\"mailstyler 2\" width=\"1393\" height=\"906\" srcset=\"https:\/\/www.accuratereviews.com\/wp-content\/uploads\/2016\/06\/mailstyler-2.jpeg.jpg 1393w, https:\/\/www.accuratereviews.com\/wp-content\/uploads\/2016\/06\/mailstyler-2.jpeg-300x195.jpg 300w, https:\/\/www.accuratereviews.com\/wp-content\/uploads\/2016\/06\/mailstyler-2.jpeg-768x500.jpg 768w, https:\/\/www.accuratereviews.com\/wp-content\/uploads\/2016\/06\/mailstyler-2.jpeg-1024x666.jpg 1024w, https:\/\/www.accuratereviews.com\/wp-content\/uploads\/2016\/06\/mailstyler-2.jpeg-192x125.jpg 192w, https:\/\/www.accuratereviews.com\/wp-content\/uploads\/2016\/06\/mailstyler-2.jpeg-50x33.jpg 50w, https:\/\/www.accuratereviews.com\/wp-content\/uploads\/2016\/06\/mailstyler-2.jpeg-968x630.jpg 968w, https:\/\/www.accuratereviews.com\/wp-content\/uploads\/2016\/06\/mailstyler-2.jpeg-636x414.jpg 636w, https:\/\/www.accuratereviews.com\/wp-content\/uploads\/2016\/06\/mailstyler-2.jpeg-320x208.jpg 320w, https:\/\/www.accuratereviews.com\/wp-content\/uploads\/2016\/06\/mailstyler-2.jpeg-239x155.jpg 239w\" sizes=\"auto, (max-width: 1393px) 100vw, 1393px\" \/><\/p>\n<p>MailStyer era gi\u00e0 il nostro software di riferimento per la creazione di template: a fine maggior 2017 \u00e8 uscita la versione 2 e il nostro giudizio \u00e8 stato confermato. <strong>MailStyler 2 migliora un prodotto gi\u00e0 buono, e introduce molte piacevoli novit\u00e0<\/strong>, come il ridimensionamento libero di tutti i blocchi, le trasparenze, l\u2019integrazione con diversi sistemi di cloud storage.<\/p>\n<h2>Usabilit\u00e0 e velocit\u00e0<\/h2>\n<p><strong>Per scaricare MailStyler basta un veloce download di circa 100MB<\/strong>, alla fine del quale potrete costruire i vostri template. Ovviamente potete usare MailStyler per le vostre email personali, ma dobbiamo ammettere che \u00e8 un po\u2019 troppo potente per un compito cos\u00ec semplice. <strong>MailStyler ha un\u2019interfaccia utente semplice<\/strong>, con un colore dominante molto scuro che \u00e8 molto piacevole. Mostra i men\u00f9 di navigazione con i classici \u201cnuovo\u201d, \u201capri\u201d, e le impostazioni del software. Un\u2019anteprima del vostro desin occupa buona parte della finestra principale; ai suoi lati, c\u2019\u00e8 una lista dei blocchi che si possono trascinare all\u2019interno del vostro layout, e gli stili adeguati per quei blocchi.<br \/>\nUna volta installato MailStyler sul vostro PC, noterete come <strong>intaccher\u00e0 pochissimo le risorse le vostro computer<\/strong>.<\/p>\n<h2>Prime impressioni<\/h2>\n<p><strong>MailStyler afferma di generare template completamente funzionanti su qualsiasi client email, e abbiamo verificato che \u00e8 davvero cos\u00ec<\/strong>. Con il suo sistema professionale per costruire le email potete creare un template che sia efficace e leggibile su ogni dispositivo. Potete trascinare nella posizione giusta tutti i blocchi che volete (blocchi responsive e ridimensionabili in tempo reale), aggiungere immagini dalla collezione libera da diritti inclusa nel software, aggiungere il vostro contenuto, il tutto con pochi click. Gli sviluppatori di MailStyler hanno investito molto sulla semplicit\u00e0 d\u2019uso del software, e abbiamo trovato MailStyler molto semplice e diretto. Anche per le funzioni un po\u2019 pi\u00f9 complesse, come esportare un template e la gestione delle immagini (sul cloud privato del software? o includerle nel template?) ci sono spiegazioni molto dettagliate.<\/p>\n<p><img loading=\"lazy\" decoding=\"async\" class=\"alignnone size-full wp-image-9800\" src=\"http:\/\/www.accuratereviews.com\/wp-content\/uploads\/2016\/06\/mailstyler-2-2.jpeg.jpg\" alt=\"mailstyler 2\" width=\"1393\" height=\"906\" srcset=\"https:\/\/www.accuratereviews.com\/wp-content\/uploads\/2016\/06\/mailstyler-2-2.jpeg.jpg 1393w, https:\/\/www.accuratereviews.com\/wp-content\/uploads\/2016\/06\/mailstyler-2-2.jpeg-300x195.jpg 300w, https:\/\/www.accuratereviews.com\/wp-content\/uploads\/2016\/06\/mailstyler-2-2.jpeg-768x500.jpg 768w, https:\/\/www.accuratereviews.com\/wp-content\/uploads\/2016\/06\/mailstyler-2-2.jpeg-1024x666.jpg 1024w, https:\/\/www.accuratereviews.com\/wp-content\/uploads\/2016\/06\/mailstyler-2-2.jpeg-192x125.jpg 192w, https:\/\/www.accuratereviews.com\/wp-content\/uploads\/2016\/06\/mailstyler-2-2.jpeg-50x33.jpg 50w, https:\/\/www.accuratereviews.com\/wp-content\/uploads\/2016\/06\/mailstyler-2-2.jpeg-968x630.jpg 968w, https:\/\/www.accuratereviews.com\/wp-content\/uploads\/2016\/06\/mailstyler-2-2.jpeg-636x414.jpg 636w, https:\/\/www.accuratereviews.com\/wp-content\/uploads\/2016\/06\/mailstyler-2-2.jpeg-320x208.jpg 320w, https:\/\/www.accuratereviews.com\/wp-content\/uploads\/2016\/06\/mailstyler-2-2.jpeg-239x155.jpg 239w\" sizes=\"auto, (max-width: 1393px) 100vw, 1393px\" \/><\/p>\n<p>Ovviamente, <strong>i vostri template potranno essere importati in tutte le piattaforme di email marketing pi\u00f9 importanti, come MailChimp, SendBlaster<\/strong>, e cos\u00ec via. <strong>MailStyler 2 aggiunge diverse cose interessanti<\/strong>: potrete inserire immagini, icone ed elementi nei blocchi. \u00c8 anche piuttosto facile unire o dividere celle diverse, regolare dimensioni e posizioni, e copiare gli stili di una cella o di un blocco per incollarli su altre celle o blocchi. Se ne avete bisogno, potrete selezionare del testo e aggiungere uno stile predefinito, o aggiungere del testo sopra alle immagini per creare banner dinamici.<\/p>\n<p><strong>Potrete creare facilmente degli splendidi template giocando con le trasparenze delle foto e dei testi<\/strong>. Ora potete esportare i template in pdf e ottimizzare i file png durante l&#8217;esporto. La nuova gestione avanzata delle icone social \u00e8 ottima.<\/p>\n<h2>Supporto<\/h2>\n<p><strong>MailStyler si vanta di un ottimo supporto<\/strong>, con un sistema di ticket che risponde velocemente ai messaggi degli utenti e li guida alla soluzione di ogni problema incontrato. Hanno anche una guida online molto snella e valida, ma c\u2019\u00e8 da dire che non c\u2019\u00e8 granch\u00e9 da spiegare riguardo il programma, vista la sua semplicit\u00e0.<\/p>\n<h2>Prezzo<\/h2>\n<p>Se siete una di quelle persone che fa la tara tra prezzo e numero di funzionalit\u00e0, forse penserete che MailStyler \u00e8 troppo costoso. Al contrario, <strong>pensiamo che sia eccellente a fare quello che deve fare<\/strong> &#8211; creare meravigliosi template in maniera semplice &#8211; <strong>e che il suo prezzo rifletta questa caratteristica<\/strong>. C\u2019\u00e8 una versione demo gratuita che vi permette di testare tutte le funzioni della versione pro con esportazioni di prova. <strong>MailStyler 2 Basic<\/strong> non prevede lo spazio su cloud per le vostre immagini e offre una collezione limitata di immagini libere da diritti; la sua licenza, in pi\u00f9, \u00e8 utilizzabile su un solo computer, e garantisce il supporto clienti per 1 anno. Per il doppio del prezzo potete comprare <strong>MailStyler 2 Pro<\/strong>, con il quale non c\u2019\u00e8 limite allo spazio su cloud, tutte le immagini sono libere da diritti e una stessa licenza pu\u00f2 essere attivata su 5 computer, oltre a offrirvi supporto Premium.<\/p>\n","protected":false},"excerpt":{"rendered":"<p>MailStyler \u00e8 sicuramente uno dei migliori software per la realizzazione di template per newsletter che possiate trovare. \u00c8 fornito di un editor drag and drop semplice e chiaro, e sostiene di essere compatibile praticamente con tutti i client email. E nei nostri test abbiamo verificato quest\u2019affermazione.<\/p>\n","protected":false},"author":16,"featured_media":0,"parent":5570,"menu_order":2,"comment_status":"open","ping_status":"closed","template":"g1_template_page_review_new.php","meta":{"_acf_changed":false,"cwp_meta_box_check":"Yes","cwp_rev_product_name":"","cwp_rev_product_image":"","wppr_links":[],"cwp_rev_price":"","wppr_options":[],"wppr_pros":[],"wppr_cons":[],"_monsterinsights_skip_tracking":false,"_monsterinsights_sitenote_active":false,"_monsterinsights_sitenote_note":"","_monsterinsights_sitenote_category":0,"footnotes":""},"categories":[103],"tags":[],"features":[],"class_list":{"0":"post-5590","1":"page","2":"type-page","3":"status-publish","5":"category-best-newsletter-templates-it"},"wppr_data":{"cwp_meta_box_check":"Yes","cwp_rev_product_name":"","cwp_rev_product_image":"","cwp_image_link":"image","cwp_rev_price":"","wppr_rating":"0.00"},"acf":[],"yoast_head":"<!-- This site is optimized with the Yoast SEO plugin v27.4 - https:\/\/yoast.com\/product\/yoast-seo-wordpress\/ -->\n<title>MailStyler 2 recensione miglior template builder | Accurate Reviews<\/title>\n<meta name=\"description\" content=\"MailStyler 2 migliora un prodotto che era gi\u00e0 buono e introduce funzionalit\u00e0 in grado di essere usate da utenti comuni e professionisti.\" \/>\n<meta name=\"robots\" content=\"index, follow, max-snippet:-1, max-image-preview:large, max-video-preview:-1\" \/>\n<link rel=\"canonical\" href=\"https:\/\/www.accuratereviews.com\/it\/newsletter-template-migliori-lista\/mailstyler\/\" \/>\n<meta property=\"og:locale\" content=\"it_IT\" \/>\n<meta property=\"og:type\" content=\"article\" \/>\n<meta property=\"og:title\" content=\"MailStyler 2 recensione miglior template builder | Accurate Reviews\" \/>\n<meta property=\"og:description\" content=\"MailStyler 2 migliora un prodotto che era gi\u00e0 buono e introduce funzionalit\u00e0 in grado di essere usate da utenti comuni e professionisti.\" \/>\n<meta property=\"og:url\" content=\"https:\/\/www.accuratereviews.com\/it\/newsletter-template-migliori-lista\/mailstyler\/\" \/>\n<meta property=\"og:site_name\" content=\"Accurate Reviews\" \/>\n<meta property=\"article:modified_time\" content=\"2018-02-22T02:36:02+00:00\" \/>\n<meta property=\"og:image\" content=\"http:\/\/www.accuratereviews.com\/wp-content\/uploads\/2016\/06\/mailstyler-2.jpeg.jpg\" \/>\n<meta name=\"twitter:card\" content=\"summary_large_image\" \/>\n<meta name=\"twitter:label1\" content=\"Tempo di lettura stimato\" \/>\n\t<meta name=\"twitter:data1\" content=\"3 minuti\" \/>\n<script type=\"application\/ld+json\" class=\"yoast-schema-graph\">{\"@context\":\"https:\\\/\\\/schema.org\",\"@graph\":[{\"@type\":\"WebPage\",\"@id\":\"https:\\\/\\\/www.accuratereviews.com\\\/it\\\/newsletter-template-migliori-lista\\\/mailstyler\\\/\",\"url\":\"https:\\\/\\\/www.accuratereviews.com\\\/it\\\/newsletter-template-migliori-lista\\\/mailstyler\\\/\",\"name\":\"MailStyler 2 recensione miglior template builder | Accurate Reviews\",\"isPartOf\":{\"@id\":\"https:\\\/\\\/www.accuratereviews.com\\\/it\\\/#website\"},\"primaryImageOfPage\":{\"@id\":\"https:\\\/\\\/www.accuratereviews.com\\\/it\\\/newsletter-template-migliori-lista\\\/mailstyler\\\/#primaryimage\"},\"image\":{\"@id\":\"https:\\\/\\\/www.accuratereviews.com\\\/it\\\/newsletter-template-migliori-lista\\\/mailstyler\\\/#primaryimage\"},\"thumbnailUrl\":\"http:\\\/\\\/www.accuratereviews.com\\\/wp-content\\\/uploads\\\/2016\\\/06\\\/mailstyler-2.jpeg.jpg\",\"datePublished\":\"2016-06-03T13:32:07+00:00\",\"dateModified\":\"2018-02-22T02:36:02+00:00\",\"description\":\"MailStyler 2 migliora un prodotto che era gi\u00e0 buono e introduce funzionalit\u00e0 in grado di essere usate da utenti comuni e professionisti.\",\"breadcrumb\":{\"@id\":\"https:\\\/\\\/www.accuratereviews.com\\\/it\\\/newsletter-template-migliori-lista\\\/mailstyler\\\/#breadcrumb\"},\"inLanguage\":\"it-IT\",\"potentialAction\":[{\"@type\":\"ReadAction\",\"target\":[\"https:\\\/\\\/www.accuratereviews.com\\\/it\\\/newsletter-template-migliori-lista\\\/mailstyler\\\/\"]}]},{\"@type\":\"ImageObject\",\"inLanguage\":\"it-IT\",\"@id\":\"https:\\\/\\\/www.accuratereviews.com\\\/it\\\/newsletter-template-migliori-lista\\\/mailstyler\\\/#primaryimage\",\"url\":\"http:\\\/\\\/www.accuratereviews.com\\\/wp-content\\\/uploads\\\/2016\\\/06\\\/mailstyler-2.jpeg.jpg\",\"contentUrl\":\"http:\\\/\\\/www.accuratereviews.com\\\/wp-content\\\/uploads\\\/2016\\\/06\\\/mailstyler-2.jpeg.jpg\"},{\"@type\":\"BreadcrumbList\",\"@id\":\"https:\\\/\\\/www.accuratereviews.com\\\/it\\\/newsletter-template-migliori-lista\\\/mailstyler\\\/#breadcrumb\",\"itemListElement\":[{\"@type\":\"ListItem\",\"position\":1,\"name\":\"Home\",\"item\":\"https:\\\/\\\/www.accuratereviews.com\\\/it\\\/\"},{\"@type\":\"ListItem\",\"position\":2,\"name\":\"Newsletter Template: i migliori\",\"item\":\"https:\\\/\\\/www.accuratereviews.com\\\/it\\\/newsletter-template-migliori-lista\\\/\"},{\"@type\":\"ListItem\",\"position\":3,\"name\":\"MailStyler\"}]},{\"@type\":\"WebSite\",\"@id\":\"https:\\\/\\\/www.accuratereviews.com\\\/it\\\/#website\",\"url\":\"https:\\\/\\\/www.accuratereviews.com\\\/it\\\/\",\"name\":\"Accurate Reviews\",\"description\":\"\",\"potentialAction\":[{\"@type\":\"SearchAction\",\"target\":{\"@type\":\"EntryPoint\",\"urlTemplate\":\"https:\\\/\\\/www.accuratereviews.com\\\/it\\\/?s={search_term_string}\"},\"query-input\":{\"@type\":\"PropertyValueSpecification\",\"valueRequired\":true,\"valueName\":\"search_term_string\"}}],\"inLanguage\":\"it-IT\"}]}<\/script>\n<!-- \/ Yoast SEO plugin. -->","yoast_head_json":{"title":"MailStyler 2 recensione miglior template builder | Accurate Reviews","description":"MailStyler 2 migliora un prodotto che era gi\u00e0 buono e introduce funzionalit\u00e0 in grado di essere usate da utenti comuni e professionisti.","robots":{"index":"index","follow":"follow","max-snippet":"max-snippet:-1","max-image-preview":"max-image-preview:large","max-video-preview":"max-video-preview:-1"},"canonical":"https:\/\/www.accuratereviews.com\/it\/newsletter-template-migliori-lista\/mailstyler\/","og_locale":"it_IT","og_type":"article","og_title":"MailStyler 2 recensione miglior template builder | Accurate Reviews","og_description":"MailStyler 2 migliora un prodotto che era gi\u00e0 buono e introduce funzionalit\u00e0 in grado di essere usate da utenti comuni e professionisti.","og_url":"https:\/\/www.accuratereviews.com\/it\/newsletter-template-migliori-lista\/mailstyler\/","og_site_name":"Accurate Reviews","article_modified_time":"2018-02-22T02:36:02+00:00","og_image":[{"url":"http:\/\/www.accuratereviews.com\/wp-content\/uploads\/2016\/06\/mailstyler-2.jpeg.jpg","type":"","width":"","height":""}],"twitter_card":"summary_large_image","twitter_misc":{"Tempo di lettura stimato":"3 minuti"},"schema":{"@context":"https:\/\/schema.org","@graph":[{"@type":"WebPage","@id":"https:\/\/www.accuratereviews.com\/it\/newsletter-template-migliori-lista\/mailstyler\/","url":"https:\/\/www.accuratereviews.com\/it\/newsletter-template-migliori-lista\/mailstyler\/","name":"MailStyler 2 recensione miglior template builder | Accurate Reviews","isPartOf":{"@id":"https:\/\/www.accuratereviews.com\/it\/#website"},"primaryImageOfPage":{"@id":"https:\/\/www.accuratereviews.com\/it\/newsletter-template-migliori-lista\/mailstyler\/#primaryimage"},"image":{"@id":"https:\/\/www.accuratereviews.com\/it\/newsletter-template-migliori-lista\/mailstyler\/#primaryimage"},"thumbnailUrl":"http:\/\/www.accuratereviews.com\/wp-content\/uploads\/2016\/06\/mailstyler-2.jpeg.jpg","datePublished":"2016-06-03T13:32:07+00:00","dateModified":"2018-02-22T02:36:02+00:00","description":"MailStyler 2 migliora un prodotto che era gi\u00e0 buono e introduce funzionalit\u00e0 in grado di essere usate da utenti comuni e professionisti.","breadcrumb":{"@id":"https:\/\/www.accuratereviews.com\/it\/newsletter-template-migliori-lista\/mailstyler\/#breadcrumb"},"inLanguage":"it-IT","potentialAction":[{"@type":"ReadAction","target":["https:\/\/www.accuratereviews.com\/it\/newsletter-template-migliori-lista\/mailstyler\/"]}]},{"@type":"ImageObject","inLanguage":"it-IT","@id":"https:\/\/www.accuratereviews.com\/it\/newsletter-template-migliori-lista\/mailstyler\/#primaryimage","url":"http:\/\/www.accuratereviews.com\/wp-content\/uploads\/2016\/06\/mailstyler-2.jpeg.jpg","contentUrl":"http:\/\/www.accuratereviews.com\/wp-content\/uploads\/2016\/06\/mailstyler-2.jpeg.jpg"},{"@type":"BreadcrumbList","@id":"https:\/\/www.accuratereviews.com\/it\/newsletter-template-migliori-lista\/mailstyler\/#breadcrumb","itemListElement":[{"@type":"ListItem","position":1,"name":"Home","item":"https:\/\/www.accuratereviews.com\/it\/"},{"@type":"ListItem","position":2,"name":"Newsletter Template: i migliori","item":"https:\/\/www.accuratereviews.com\/it\/newsletter-template-migliori-lista\/"},{"@type":"ListItem","position":3,"name":"MailStyler"}]},{"@type":"WebSite","@id":"https:\/\/www.accuratereviews.com\/it\/#website","url":"https:\/\/www.accuratereviews.com\/it\/","name":"Accurate Reviews","description":"","potentialAction":[{"@type":"SearchAction","target":{"@type":"EntryPoint","urlTemplate":"https:\/\/www.accuratereviews.com\/it\/?s={search_term_string}"},"query-input":{"@type":"PropertyValueSpecification","valueRequired":true,"valueName":"search_term_string"}}],"inLanguage":"it-IT"}]}},"_links":{"self":[{"href":"https:\/\/www.accuratereviews.com\/it\/wp-json\/wp\/v2\/pages\/5590","targetHints":{"allow":["GET"]}}],"collection":[{"href":"https:\/\/www.accuratereviews.com\/it\/wp-json\/wp\/v2\/pages"}],"about":[{"href":"https:\/\/www.accuratereviews.com\/it\/wp-json\/wp\/v2\/types\/page"}],"author":[{"embeddable":true,"href":"https:\/\/www.accuratereviews.com\/it\/wp-json\/wp\/v2\/users\/16"}],"replies":[{"embeddable":true,"href":"https:\/\/www.accuratereviews.com\/it\/wp-json\/wp\/v2\/comments?post=5590"}],"version-history":[{"count":13,"href":"https:\/\/www.accuratereviews.com\/it\/wp-json\/wp\/v2\/pages\/5590\/revisions"}],"predecessor-version":[{"id":10359,"href":"https:\/\/www.accuratereviews.com\/it\/wp-json\/wp\/v2\/pages\/5590\/revisions\/10359"}],"up":[{"embeddable":true,"href":"https:\/\/www.accuratereviews.com\/it\/wp-json\/wp\/v2\/pages\/5570"}],"wp:attachment":[{"href":"https:\/\/www.accuratereviews.com\/it\/wp-json\/wp\/v2\/media?parent=5590"}],"wp:term":[{"taxonomy":"category","embeddable":true,"href":"https:\/\/www.accuratereviews.com\/it\/wp-json\/wp\/v2\/categories?post=5590"},{"taxonomy":"post_tag","embeddable":true,"href":"https:\/\/www.accuratereviews.com\/it\/wp-json\/wp\/v2\/tags?post=5590"},{"taxonomy":"features","embeddable":true,"href":"https:\/\/www.accuratereviews.com\/it\/wp-json\/wp\/v2\/features?post=5590"}],"curies":[{"name":"wp","href":"https:\/\/api.w.org\/{rel}","templated":true}]}}