{"id":55993,"date":"2022-04-08T10:46:05","date_gmt":"2022-04-08T10:46:05","guid":{"rendered":"https:\/\/www.accuratereviews.com\/?page_id=55993"},"modified":"2022-04-08T10:46:05","modified_gmt":"2022-04-08T10:46:05","slug":"samsara-recensione","status":"publish","type":"page","link":"https:\/\/www.accuratereviews.com\/it\/software-assistenza-stradale\/samsara-recensione\/","title":{"rendered":"Samsara"},"content":{"rendered":"<p><strong>Samsara<\/strong> \u00e8 una<strong> piattaforma di gestione operazioni della flotta<\/strong> progettata per aiutare vari settori tra cui trasporti, logistica e costruzioni, con lo scopo di semplificare le operazioni della flotta con funzionalit\u00e0 come il monitoraggio con GPS, la conformit\u00e0 ELD, l&#8217;instradamento e la spedizione, i documenti, i rapporti e gli avvisi e altro ancora. Il monitoraggio GPS in tempo reale mostra dove si trovano i veicoli in tempo reale, aiutando gli utenti a condividere ETA accurati con i clienti. Gli strumenti di reporting consentono agli utenti di pianificare percorsi pi\u00f9 efficienti, mentre le dash cam integrate, i punteggi di sicurezza del conducente e gli avvisi automatici per eccesso di velocit\u00e0 aiutano gli utenti a proteggere la propria attivit\u00e0 e le proprie risorse. Il rilevamento della guida distratta, il caricamento automatico degli incidenti e gli strumenti di coaching vocale in cabina servono a migliorare la sicurezza della flotta, mentre la messaggistica bidirezionale aiuta gli utenti a semplificare la comunicazione.<\/p>\n<h2>SAMSARA &#8211; TUTORIAL<\/h2>\n<p>Guardiamo come, in caso di incidente, questo software per assistenza stradale pu\u00f2 aiutare a vedere la dinamica dell&#8217;incidente:<\/p>\n<div id=\"fluid-wrapper-counter-1\" class=\"g1-fluid-wrapper \" style=\"width:686px;\">\n<div style=\"padding-bottom:56.268221574344%;\"><iframe loading=\"lazy\" title=\"How to exonerate your drivers\" width=\"686\" height=\"386\" src=\"https:\/\/www.youtube.com\/embed\/D6c1XI5wzdY?feature=oembed&amp;wmode=transparent&amp;autohide=1&amp;autoplay=0&amp;disablekb=0&amp;fs=1&amp;loop=0&amp;enablejsapi=1&amp;rel=0&amp;controls=2&amp;showinfo=0&amp;wmode=transparent&amp;autohide=2&amp;autoplay=0&amp;disablekb=0&amp;fs=1&amp;loop=0&amp;enablejsapi=1&amp;rel=0&amp;controls=2&amp;showinfo=1\" frameborder=\"0\" allow=\"accelerometer; autoplay; clipboard-write; encrypted-media; gyroscope; picture-in-picture\" allowfullscreen><\/iframe><\/div>\n<\/div>\n<h3>SAMSARA &#8211; CARATTERISTICHE<\/h3>\n<ul>\n<li><strong>Programma di sicurezza ai<\/strong>: tecnologia video basata sull&#8217;intelligenza artificiale per proteggere il tuo team.<\/li>\n<li><strong>Visibilit\u00e0 in tempo reale<\/strong>: ottieni visibilit\u00e0 su strutture, flotte e servizi per i clienti finali<\/li>\n<li><strong>Flussi di lavoro e rendicontazione<\/strong>: semplifica i flussi di lavoro e prendi decisioni basate sui dati<\/li>\n<li><strong>Ecostistema<\/strong>: gestisci la tua attivit\u00e0 con un&#8217;unica piattaforma integrata<\/li>\n<li><strong>Sicurezza<\/strong>: proteggi la tua squadra con telecamere e coaching abilitati all&#8217;intelligenza artificiale<\/li>\n<li><strong>Monitoraggio delle apparecchiature<\/strong>: tieni traccia e gestisci attrezzature, rimorchi e altre risorse<\/li>\n<li><strong>Conformit\u00e0<\/strong>: semplifica la conformit\u00e0 normativa ed evita le violazioni<\/li>\n<li><strong>Manutenzione<\/strong>: massimizzare i tempi di attivit\u00e0 e ridurre al minimo i costi di manutenzione<\/li>\n<li><strong>Relazione<\/strong>: trasforma i dati in tempo reale in informazioni e report utilizzabili<\/li>\n<li><strong>Dati e integrazioni<\/strong>: connetti i dati tra app e sistemi chiave<\/li>\n<li><strong>Sostenibilit\u00e0<\/strong>: migliora la sostenibilit\u00e0 e riduci il tuo impatto ambientale<\/li>\n<li><strong>Efficenza<\/strong>: riduci i costi e aumenta la produttivit\u00e0 della tua azienda<\/li>\n<\/ul>\n<h4>LE RECENSIONE DEGLI UTENTI<\/h4>\n<p class=\"font-weight-bold mb-2\"><strong>Gurninder R.&#8221;Un affidabile registro elettronico&#8221;<\/strong><\/p>\n<p class=\"font-weight-bold mb-2\"><strong>Pro<\/strong>:\u00a0\u00c8 il miglior registro elettronico automatico con molte funzionalit\u00e0 come il monitoraggio in tempo reale, la gestione ifta, la notifica di velocit\u00e0 eccessiva, le dash cam, le notifiche di violazione.<\/p>\n<p class=\"font-weight-bold mb-2\"><strong>Contro<\/strong>: \u00a0Il prezzo pu\u00f2 essere considerato l&#8217;unico neo.<\/p>\n<p class=\"font-weight-bold mb-2\"><strong>Harry M.&#8221;Diario elettronico prezioso con molte funzioni&#8221;<\/strong><\/p>\n<p class=\"font-weight-bold mb-2\"><strong>Pro<\/strong>:\u00a0Diario di bordo elettronico con molte caratteristiche come segue, &#8211; Monitoraggio in tempo reale disponibile &#8211; Disponibile app per Android e IOS &#8211; \u00c8 possibile monitorare il livello di carburante e DEF del veicolo &#8211; Puoi controllare la manutenzione del veicolo sull&#8217;app, come qualsiasi guasto al motore o altro &#8211; I rapporti IFTA sono disponibili &#8211; Riceverai qualsiasi notifica di eventi difficili sull&#8217;e-mail &#8211; Disponibile anche il monitoraggio del trailer &#8211; Funzionalit\u00e0 Dash Cam disponibile<\/p>\n<p class=\"font-weight-bold mb-2\"><strong>Contro<\/strong>:\u00a0Il suo prezzo \u00e8 alto rispetto ad altri, ma ha molte funzionalit\u00e0.<\/p>\n<p class=\"font-weight-bold mb-2\"><strong>Mihail S.&#8221;Utente Samsara&#8221;<\/strong><\/p>\n<p><span class=\"font-weight-bold\"><strong>Commenti<\/strong>: <\/span>Il servizio clienti \u00e8 molto scadente. Mi ci vuole un&#8217;eternit\u00e0 per risolvere un problema semplice. Nel caso in cui l&#8217;app smetta di funzionare o qualcosa sia andato storto e il conducente ottenga una violazione a causa del servizio clienti dell&#8217;app che si rifiuta di correggere o rimuovere tale violazione. Attenzione al contratto. Agganciano i clienti al contratto di servizio, nel caso in cui se annulli prima del termine chiederanno di restituire il dispositivo pi\u00f9 pagheranno il resto del termine rimasto.<\/p>\n<p class=\"font-weight-bold mb-2\"><strong>Pro<\/strong>:\u00a0Manager dashboard \u00e8 davvero ben sviluppato e facile da usare. Il GPS \u00e8 preciso e la fotocamera funziona alla grande e veloce.<\/p>\n<p class=\"font-weight-bold mb-2\"><strong>Contro<\/strong>:\u00a0L&#8217;app del driver \u00e8 difficile da usare ed \u00e8 lenta. Momento difficile per modificare i log. Problemi di attraversamento del confine. Non avvisa il conducente nel caso in cui il conducente dimentichi di eseguire DVIR.<\/p>\n","protected":false},"excerpt":{"rendered":"<p>Samsara \u00e8 una piattaforma di gestione delle operazioni della flotta progettata per aiutare vari settori, tra cui trasporti, logistica e costruzioni, a semplificare le operazioni della flotta con funzionalit\u00e0 come il monitoraggio con GPS, la conformit\u00e0 ELD, l&#8217;instradamento e la spedizione, i documenti, i rapporti e gli avvisi e altro ancora.<\/p>\n","protected":false},"author":19,"featured_media":55994,"parent":55865,"menu_order":0,"comment_status":"open","ping_status":"closed","template":"g1_template_page_review_new.php","meta":{"_acf_changed":false,"cwp_meta_box_check":"No","cwp_rev_product_name":"","cwp_rev_product_image":"","wppr_links":[],"cwp_rev_price":"","wppr_options":[],"wppr_pros":[],"wppr_cons":[],"_monsterinsights_skip_tracking":false,"_monsterinsights_sitenote_active":false,"_monsterinsights_sitenote_note":"","_monsterinsights_sitenote_category":0,"footnotes":""},"categories":[12363],"tags":[12366,12373,12372,12403,12371,12370],"features":[],"class_list":{"0":"post-55993","1":"page","2":"type-page","3":"status-publish","4":"has-post-thumbnail","6":"category-software-assistenza-stradale-cat","7":"tag-assistenza-stradale","8":"tag-piattaforma-assistenza-stradale","9":"tag-programma-assistenza-stradale","10":"tag-samsara","11":"tag-software-assistenza-stradale","12":"tag-soluzione-assistenza-stradale"},"wppr_data":{"cwp_meta_box_check":"No"},"acf":[],"yoast_head":"<!-- This site is optimized with the Yoast SEO plugin v27.4 - https:\/\/yoast.com\/product\/yoast-seo-wordpress\/ -->\n<title>Samsara: recensione software assistenza stradale - Accurate Reviews<\/title>\n<meta name=\"description\" content=\"Samsara: recensione software di gestione delle operazioni della flotta progettata per aiutare vari settori come trasporti, logistica e costruzioni.\" \/>\n<meta name=\"robots\" content=\"index, follow, max-snippet:-1, max-image-preview:large, max-video-preview:-1\" \/>\n<link rel=\"canonical\" href=\"https:\/\/www.accuratereviews.com\/it\/software-assistenza-stradale\/samsara-recensione\/\" \/>\n<meta property=\"og:locale\" content=\"it_IT\" \/>\n<meta property=\"og:type\" content=\"article\" \/>\n<meta property=\"og:title\" content=\"Samsara: recensione software assistenza stradale - Accurate Reviews\" \/>\n<meta property=\"og:description\" content=\"Samsara: recensione software di gestione delle operazioni della flotta progettata per aiutare vari settori come trasporti, logistica e costruzioni.\" \/>\n<meta property=\"og:url\" content=\"https:\/\/www.accuratereviews.com\/it\/software-assistenza-stradale\/samsara-recensione\/\" \/>\n<meta property=\"og:site_name\" content=\"Accurate Reviews\" \/>\n<meta property=\"og:image\" content=\"https:\/\/www.accuratereviews.com\/wp-content\/uploads\/2022\/04\/Samsara.png\" \/>\n\t<meta property=\"og:image:width\" content=\"600\" \/>\n\t<meta property=\"og:image:height\" content=\"400\" \/>\n\t<meta property=\"og:image:type\" content=\"image\/png\" \/>\n<meta name=\"twitter:card\" content=\"summary_large_image\" \/>\n<meta name=\"twitter:label1\" content=\"Tempo di lettura stimato\" \/>\n\t<meta name=\"twitter:data1\" content=\"4 minuti\" \/>\n<script type=\"application\/ld+json\" class=\"yoast-schema-graph\">{\"@context\":\"https:\\\/\\\/schema.org\",\"@graph\":[{\"@type\":\"WebPage\",\"@id\":\"https:\\\/\\\/www.accuratereviews.com\\\/it\\\/software-assistenza-stradale\\\/samsara-recensione\\\/\",\"url\":\"https:\\\/\\\/www.accuratereviews.com\\\/it\\\/software-assistenza-stradale\\\/samsara-recensione\\\/\",\"name\":\"Samsara: recensione software assistenza stradale - Accurate Reviews\",\"isPartOf\":{\"@id\":\"https:\\\/\\\/www.accuratereviews.com\\\/it\\\/#website\"},\"primaryImageOfPage\":{\"@id\":\"https:\\\/\\\/www.accuratereviews.com\\\/it\\\/software-assistenza-stradale\\\/samsara-recensione\\\/#primaryimage\"},\"image\":{\"@id\":\"https:\\\/\\\/www.accuratereviews.com\\\/it\\\/software-assistenza-stradale\\\/samsara-recensione\\\/#primaryimage\"},\"thumbnailUrl\":\"https:\\\/\\\/www.accuratereviews.com\\\/wp-content\\\/uploads\\\/2022\\\/04\\\/Samsara.png\",\"datePublished\":\"2022-04-08T10:46:05+00:00\",\"description\":\"Samsara: recensione software di gestione delle operazioni della flotta progettata per aiutare vari settori come trasporti, logistica e costruzioni.\",\"breadcrumb\":{\"@id\":\"https:\\\/\\\/www.accuratereviews.com\\\/it\\\/software-assistenza-stradale\\\/samsara-recensione\\\/#breadcrumb\"},\"inLanguage\":\"it-IT\",\"potentialAction\":[{\"@type\":\"ReadAction\",\"target\":[\"https:\\\/\\\/www.accuratereviews.com\\\/it\\\/software-assistenza-stradale\\\/samsara-recensione\\\/\"]}]},{\"@type\":\"ImageObject\",\"inLanguage\":\"it-IT\",\"@id\":\"https:\\\/\\\/www.accuratereviews.com\\\/it\\\/software-assistenza-stradale\\\/samsara-recensione\\\/#primaryimage\",\"url\":\"https:\\\/\\\/www.accuratereviews.com\\\/wp-content\\\/uploads\\\/2022\\\/04\\\/Samsara.png\",\"contentUrl\":\"https:\\\/\\\/www.accuratereviews.com\\\/wp-content\\\/uploads\\\/2022\\\/04\\\/Samsara.png\",\"width\":600,\"height\":400},{\"@type\":\"BreadcrumbList\",\"@id\":\"https:\\\/\\\/www.accuratereviews.com\\\/it\\\/software-assistenza-stradale\\\/samsara-recensione\\\/#breadcrumb\",\"itemListElement\":[{\"@type\":\"ListItem\",\"position\":1,\"name\":\"Home\",\"item\":\"https:\\\/\\\/www.accuratereviews.com\\\/it\\\/\"},{\"@type\":\"ListItem\",\"position\":2,\"name\":\"Software per assistenza stradale\",\"item\":\"https:\\\/\\\/www.accuratereviews.com\\\/it\\\/software-assistenza-stradale\\\/\"},{\"@type\":\"ListItem\",\"position\":3,\"name\":\"Samsara\"}]},{\"@type\":\"WebSite\",\"@id\":\"https:\\\/\\\/www.accuratereviews.com\\\/it\\\/#website\",\"url\":\"https:\\\/\\\/www.accuratereviews.com\\\/it\\\/\",\"name\":\"Accurate Reviews\",\"description\":\"\",\"potentialAction\":[{\"@type\":\"SearchAction\",\"target\":{\"@type\":\"EntryPoint\",\"urlTemplate\":\"https:\\\/\\\/www.accuratereviews.com\\\/it\\\/?s={search_term_string}\"},\"query-input\":{\"@type\":\"PropertyValueSpecification\",\"valueRequired\":true,\"valueName\":\"search_term_string\"}}],\"inLanguage\":\"it-IT\"}]}<\/script>\n<!-- \/ Yoast SEO plugin. -->","yoast_head_json":{"title":"Samsara: recensione software assistenza stradale - Accurate Reviews","description":"Samsara: recensione software di gestione delle operazioni della flotta progettata per aiutare vari settori come trasporti, logistica e costruzioni.","robots":{"index":"index","follow":"follow","max-snippet":"max-snippet:-1","max-image-preview":"max-image-preview:large","max-video-preview":"max-video-preview:-1"},"canonical":"https:\/\/www.accuratereviews.com\/it\/software-assistenza-stradale\/samsara-recensione\/","og_locale":"it_IT","og_type":"article","og_title":"Samsara: recensione software assistenza stradale - Accurate Reviews","og_description":"Samsara: recensione software di gestione delle operazioni della flotta progettata per aiutare vari settori come trasporti, logistica e costruzioni.","og_url":"https:\/\/www.accuratereviews.com\/it\/software-assistenza-stradale\/samsara-recensione\/","og_site_name":"Accurate Reviews","og_image":[{"width":600,"height":400,"url":"https:\/\/www.accuratereviews.com\/wp-content\/uploads\/2022\/04\/Samsara.png","type":"image\/png"}],"twitter_card":"summary_large_image","twitter_misc":{"Tempo di lettura stimato":"4 minuti"},"schema":{"@context":"https:\/\/schema.org","@graph":[{"@type":"WebPage","@id":"https:\/\/www.accuratereviews.com\/it\/software-assistenza-stradale\/samsara-recensione\/","url":"https:\/\/www.accuratereviews.com\/it\/software-assistenza-stradale\/samsara-recensione\/","name":"Samsara: recensione software assistenza stradale - Accurate Reviews","isPartOf":{"@id":"https:\/\/www.accuratereviews.com\/it\/#website"},"primaryImageOfPage":{"@id":"https:\/\/www.accuratereviews.com\/it\/software-assistenza-stradale\/samsara-recensione\/#primaryimage"},"image":{"@id":"https:\/\/www.accuratereviews.com\/it\/software-assistenza-stradale\/samsara-recensione\/#primaryimage"},"thumbnailUrl":"https:\/\/www.accuratereviews.com\/wp-content\/uploads\/2022\/04\/Samsara.png","datePublished":"2022-04-08T10:46:05+00:00","description":"Samsara: recensione software di gestione delle operazioni della flotta progettata per aiutare vari settori come trasporti, logistica e costruzioni.","breadcrumb":{"@id":"https:\/\/www.accuratereviews.com\/it\/software-assistenza-stradale\/samsara-recensione\/#breadcrumb"},"inLanguage":"it-IT","potentialAction":[{"@type":"ReadAction","target":["https:\/\/www.accuratereviews.com\/it\/software-assistenza-stradale\/samsara-recensione\/"]}]},{"@type":"ImageObject","inLanguage":"it-IT","@id":"https:\/\/www.accuratereviews.com\/it\/software-assistenza-stradale\/samsara-recensione\/#primaryimage","url":"https:\/\/www.accuratereviews.com\/wp-content\/uploads\/2022\/04\/Samsara.png","contentUrl":"https:\/\/www.accuratereviews.com\/wp-content\/uploads\/2022\/04\/Samsara.png","width":600,"height":400},{"@type":"BreadcrumbList","@id":"https:\/\/www.accuratereviews.com\/it\/software-assistenza-stradale\/samsara-recensione\/#breadcrumb","itemListElement":[{"@type":"ListItem","position":1,"name":"Home","item":"https:\/\/www.accuratereviews.com\/it\/"},{"@type":"ListItem","position":2,"name":"Software per assistenza stradale","item":"https:\/\/www.accuratereviews.com\/it\/software-assistenza-stradale\/"},{"@type":"ListItem","position":3,"name":"Samsara"}]},{"@type":"WebSite","@id":"https:\/\/www.accuratereviews.com\/it\/#website","url":"https:\/\/www.accuratereviews.com\/it\/","name":"Accurate Reviews","description":"","potentialAction":[{"@type":"SearchAction","target":{"@type":"EntryPoint","urlTemplate":"https:\/\/www.accuratereviews.com\/it\/?s={search_term_string}"},"query-input":{"@type":"PropertyValueSpecification","valueRequired":true,"valueName":"search_term_string"}}],"inLanguage":"it-IT"}]}},"_links":{"self":[{"href":"https:\/\/www.accuratereviews.com\/it\/wp-json\/wp\/v2\/pages\/55993","targetHints":{"allow":["GET"]}}],"collection":[{"href":"https:\/\/www.accuratereviews.com\/it\/wp-json\/wp\/v2\/pages"}],"about":[{"href":"https:\/\/www.accuratereviews.com\/it\/wp-json\/wp\/v2\/types\/page"}],"author":[{"embeddable":true,"href":"https:\/\/www.accuratereviews.com\/it\/wp-json\/wp\/v2\/users\/19"}],"replies":[{"embeddable":true,"href":"https:\/\/www.accuratereviews.com\/it\/wp-json\/wp\/v2\/comments?post=55993"}],"version-history":[{"count":9,"href":"https:\/\/www.accuratereviews.com\/it\/wp-json\/wp\/v2\/pages\/55993\/revisions"}],"predecessor-version":[{"id":56026,"href":"https:\/\/www.accuratereviews.com\/it\/wp-json\/wp\/v2\/pages\/55993\/revisions\/56026"}],"up":[{"embeddable":true,"href":"https:\/\/www.accuratereviews.com\/it\/wp-json\/wp\/v2\/pages\/55865"}],"wp:featuredmedia":[{"embeddable":true,"href":"https:\/\/www.accuratereviews.com\/it\/wp-json\/wp\/v2\/media\/55994"}],"wp:attachment":[{"href":"https:\/\/www.accuratereviews.com\/it\/wp-json\/wp\/v2\/media?parent=55993"}],"wp:term":[{"taxonomy":"category","embeddable":true,"href":"https:\/\/www.accuratereviews.com\/it\/wp-json\/wp\/v2\/categories?post=55993"},{"taxonomy":"post_tag","embeddable":true,"href":"https:\/\/www.accuratereviews.com\/it\/wp-json\/wp\/v2\/tags?post=55993"},{"taxonomy":"features","embeddable":true,"href":"https:\/\/www.accuratereviews.com\/it\/wp-json\/wp\/v2\/features?post=55993"}],"curies":[{"name":"wp","href":"https:\/\/api.w.org\/{rel}","templated":true}]}}