{"id":56000,"date":"2022-04-08T10:41:02","date_gmt":"2022-04-08T10:41:02","guid":{"rendered":"https:\/\/www.accuratereviews.com\/?page_id=56000"},"modified":"2022-04-08T10:41:02","modified_gmt":"2022-04-08T10:41:02","slug":"gps-insight-recensione","status":"publish","type":"page","link":"https:\/\/www.accuratereviews.com\/it\/software-assistenza-stradale\/gps-insight-recensione\/","title":{"rendered":"GPS Insight"},"content":{"rendered":"<p><strong>GPS Insight<\/strong> \u00e8 un <strong>software di localizzazione GPS<\/strong>\u00a0per aziende commerciali o governative basate su flotte, grandi o piccole. \u00c8 una soluzione basata su <strong>cloud<\/strong> con una dashboard intuitiva e personalizzabile che consente di sapere dove si trovano i veicoli in ogni momento. Con questo programma, gli amministratori possono identificare abitudini di guida non sicure, ottimizzare i percorsi e creare rapporti sulle attivit\u00e0 per monitorare la produttivit\u00e0 dei dipendenti. Inoltre gli utenti possono programmare 12 diversi avvisi tra cui eccesso di velocit\u00e0, arrivi in \u200b\u200britardo, utilizzo non autorizzato e promemoria di servizio tramite sms, email o Garmin. Gli utenti possono determinare quale veicolo \u00e8 pi\u00f9 vicino al prossimo lavoro e inviare notifiche ai conducenti in tempo reale, rendendo i lavoratori pi\u00f9 efficienti e aiutando in termini di costi di carburante e manodopera. In pi\u00f9 gli autisti possono fornire una prova del completamento del lavoro e utilizzare informazioni sulla posizione per avvisare le autorit\u00e0 in caso di emergenza.<\/p>\n<h2>GPS INSIGHT &#8211; TUTORIAL<\/h2>\n<p>Vediamo insieme la tecnologia avanzata di questo <strong>software per assistenza stradale<\/strong>:<\/p>\n<div id=\"fluid-wrapper-counter-1\" class=\"g1-fluid-wrapper \" style=\"width:686px;\">\n<div style=\"padding-bottom:56.268221574344%;\"><iframe loading=\"lazy\" title=\"(New) Driveri Smart Camera\" width=\"686\" height=\"386\" src=\"https:\/\/www.youtube.com\/embed\/cDS2Upbx_Aw?feature=oembed&amp;wmode=transparent&amp;autohide=1&amp;autoplay=0&amp;disablekb=0&amp;fs=1&amp;loop=0&amp;enablejsapi=1&amp;rel=0&amp;controls=2&amp;showinfo=0&amp;wmode=transparent&amp;autohide=2&amp;autoplay=0&amp;disablekb=0&amp;fs=1&amp;loop=0&amp;enablejsapi=1&amp;rel=0&amp;controls=2&amp;showinfo=1\" frameborder=\"0\" allow=\"accelerometer; autoplay; clipboard-write; encrypted-media; gyroscope; picture-in-picture\" allowfullscreen><\/iframe><\/div>\n<\/div>\n<h3>GPS INSIGHT &#8211; CARATTERISTICHE<\/h3>\n<ul>\n<li>Guarda con la massima precisione dove si trovano i tuoi veicoli in tempo reale, spedisci in modo intelligente e ottimizza la tua flotta<\/li>\n<li>Monitora e guida il comportamento degli autisti per aumentare la sicurezza della flotta, mitigare i rischi e ridurre i costi associati a incidenti gravi<\/li>\n<li>Aumenta i tempi di attivit\u00e0 e riduci i costi con la diagnostica del veicolo in tempo reale, la pianificazione della manutenzione preventiva e le informazioni dettagliate sull&#8217;utilizzo della flotta<\/li>\n<li>Controlla l&#8217;utilizzo e la posizione su asset alimentati e non<\/li>\n<li>Semplifica la manutenzione per ridurre i tempi di fermo dei rimorchi<\/li>\n<li>Comprendere runtime, posizione in tempo reale e metriche di utilizzo avanzate<\/li>\n<li>Identifica facilmente le esigenze di manutenzione delle apparecchiature nell&#8217;intera azienda in tempo reale<\/li>\n<li>Ricevi avvisi istantanei su movimenti e violazioni della soglia<\/li>\n<li>Visualizza tutte le posizioni del rimorchio a colpo d&#8217;occhio<\/li>\n<li>Proteggi i vettori e le tue risorse con Driver ID con tecnologia Bluetooth, panico remoto e comunicazione con il conducente con la semplice pressione di un pulsante<\/li>\n<li>Accedi rapidamente ai tuoi clienti e alla loro cronologia e rendilo facilmente accessibile al personale dell&#8217;ufficio e ai dipendenti<\/li>\n<li>Ottieni visibilit\u00e0 in tempo reale sui lavori e sulla disponibilit\u00e0 dei membri del team, sullo stato del lavoro e sul carico di lavoro del gruppo con un calendario digitale semplificato<\/li>\n<li>Riduci il tempo che i tuoi team sul campo trascorrono guidando da un lavoro all&#8217;altro con la pianificazione basata su mappa che ti consente di assegnare rapidamente e senza problemi i lavori in base alla posizione e all&#8217;ora<\/li>\n<li>Fornisci ai tuoi tecnici ordini di lavoro elettronici completi e rapidi che includono cronologia del servizio clienti, risorse installate, campi personalizzati ed elenchi di controllo e la possibilit\u00e0 di caricare foto, schizzi e firme<\/li>\n<li>Consenti ai tecnici sul campo di fatturare ai clienti durante il lavoro o di creare fatture ricorrenti che vengono generate automaticamente per i clienti abituali<\/li>\n<li>Riduci i tempi di consegna dei pagamenti con l&#8217;elaborazione dei pagamenti in loco e archivia in modo sicuro le informazioni sui clienti per i pagamenti ricorrenti<\/li>\n<li>Ottieni informazioni chiave con report pronti all&#8217;uso o personalizza i dati con un generatore di report intuitivo<\/li>\n<li>Tieni traccia della provenienza dei tuoi clienti e concentrati sui canali che generano il ROI maggiore<\/li>\n<li>Riduci le discrepanze contabili e l&#8217;immissione di dati con la migliore sincronizzazione bidirezionale con QuickBooks Online<\/li>\n<li>Offri ai tuoi team sul campo la possibilit\u00e0 di creare preventivi e mostrare i prodotti in movimento e offri al personale dell&#8217;ufficio ci\u00f2 di cui ha bisogno per trasformare i preventivi in \u200b\u200bclienti soddisfatti.<\/li>\n<\/ul>\n<h4>LE RECENSIONI DEGLI UTENTI<\/h4>\n<p class=\"font-weight-bold mb-2\"><strong>Kendra A.&#8221;Utente quotidiano&#8221;<\/strong><\/p>\n<p><span class=\"font-weight-bold\"><strong>Commenti<\/strong>: <\/span>Sono un Service Coordinator\/Dispatcher per una grande azienda di servizi di carrelli elevatori. Ho clienti che necessitano di un servizio immediato e, utilizzando lo strumento GPS, posso vedere quale tecnico ho pi\u00f9 vicino al cliente ed essere in grado di fornire un orario di arrivo realistico.<\/p>\n<p class=\"font-weight-bold mb-2\"><strong>Pro<\/strong>:\u00a0La facilit\u00e0 d&#8217;uso. Lo apro quando entro in ufficio e rimane aperto tutto il giorno. Posso inviare un tecnico in base a chi \u00e8 pi\u00f9 vicino, che \u00e8 la mia caratteristica preferita di GPS Insight<\/p>\n<p class=\"font-weight-bold mb-2\"><strong>Contro<\/strong>:\u00a0Quando si esegue un rapporto basato sui giorni, \u00e8 difficile selezionare i giorni specifici desiderati senza che venga evidenziato un intervallo. Potrebbe essere un problema dell&#8217;utente. Mi piacerebbe vedere una funzione di &#8220;traffico&#8221; integrata in tempo reale in modo da poter reindirizzare quando necessario.<\/p>\n<p class=\"font-weight-bold mb-2\"><strong>Spencer R.&#8221;Lo uso per la mia flotta, aiuto a installare le unit\u00e0 ed eseguo il monitoraggio dal software.&#8221;<\/strong><\/p>\n<p><span class=\"font-weight-bold\"><strong>Commenti<\/strong>: <\/span>Adoro il software, non c&#8217;\u00e8 stato un momento in cui ne sono rimasto deluso. Uso il software da circa 5 anni e penso che sia un ottimo programma e che pi\u00f9 persone dovrebbero usarlo.<\/p>\n<p class=\"font-weight-bold mb-2\"><strong>Pro<\/strong>:\u00a0Mi piace usarlo. \u00c8 facile abituarsi una volta che hai capito dove si trova tutto. Non ho ancora imparato tutto su di esso, ma ogni giorno imparo nuove cose sul software che aiuta con la nostra flotta nel monitoraggio.<\/p>\n<p class=\"font-weight-bold mb-2\"><strong>Edward V.&#8221;Un&#8217;esperienza flessibile affidabile.&#8221;<\/strong><\/p>\n<p><span class=\"font-weight-bold\"><strong>Commenti<\/strong>: <\/span>Avvisi in tempo reale, monitoraggio e dati storici affidabili<\/p>\n<p class=\"font-weight-bold mb-2\"><strong>Pro<\/strong>:\u00a0Buona visibilit\u00e0 e tracciabilit\u00e0 della flotta. Personalizzazione molto flessibile con way point, avvisi via SMS\/e-mail, ecc. Utilizza la mappatura storica per le indagini sugli incidenti, la verifica della consegna degli ordini, ecc.<\/p>\n<p class=\"font-weight-bold mb-2\"><strong>Contro<\/strong>:\u00a0La disinstallazione e la reinstallazione delle unit\u00e0 quando abbiamo aggiornato i camion \u00e8 stata un po&#8217; laboriosa, ma \u00e8 un processo di una volta\/7 anni, quindi non \u00e8 cos\u00ec male.<\/p>\n","protected":false},"excerpt":{"rendered":"<p>GPS Insight \u00e8 un software di localizzazione GPS\u00a0per aziende commerciali o governative basate su flotte, grandi o piccole. \u00c8 una soluzione basata su cloud con una dashboard intuitiva e personalizzabile che consente di sapere dove si trovano i veicoli in ogni momento.\u00a0Con questo programma, gli amministratori possono identificare abitudini di guida non sicure, ottimizzare i percorsi e creare rapporti sulle attivit\u00e0 per monitorare la produttivit\u00e0 dei dipendenti.<\/p>\n","protected":false},"author":19,"featured_media":56003,"parent":55865,"menu_order":0,"comment_status":"open","ping_status":"closed","template":"g1_template_page_review_new.php","meta":{"_acf_changed":false,"cwp_meta_box_check":"Yes","cwp_rev_product_name":"","cwp_rev_product_image":"","wppr_links":[],"cwp_rev_price":"","wppr_options":[],"wppr_pros":[],"wppr_cons":[],"_monsterinsights_skip_tracking":false,"_monsterinsights_sitenote_active":false,"_monsterinsights_sitenote_note":"","_monsterinsights_sitenote_category":0,"footnotes":""},"categories":[12363],"tags":[12366,12402,12373,12372,12371,12370],"features":[],"class_list":{"0":"post-56000","1":"page","2":"type-page","3":"status-publish","4":"has-post-thumbnail","6":"category-software-assistenza-stradale-cat","7":"tag-assistenza-stradale","8":"tag-gps-insight","9":"tag-piattaforma-assistenza-stradale","10":"tag-programma-assistenza-stradale","11":"tag-software-assistenza-stradale","12":"tag-soluzione-assistenza-stradale"},"wppr_data":{"cwp_meta_box_check":"Yes","cwp_rev_product_name":"","cwp_rev_product_image":"","cwp_image_link":"image","cwp_rev_price":"","wppr_rating":"0.00"},"acf":[],"yoast_head":"<!-- This site is optimized with the Yoast SEO plugin v27.4 - https:\/\/yoast.com\/product\/yoast-seo-wordpress\/ -->\n<title>GPS Insight: recensione software assistenza stradale - Accurate Reviews<\/title>\n<meta name=\"description\" content=\"GPS Insight: recensione software di localizzazione GPS\u00a0per aziende commerciali o governative basate su flotte, grandi o piccole.\" \/>\n<meta name=\"robots\" content=\"index, follow, max-snippet:-1, max-image-preview:large, max-video-preview:-1\" \/>\n<link rel=\"canonical\" href=\"https:\/\/www.accuratereviews.com\/it\/software-assistenza-stradale\/gps-insight-recensione\/\" \/>\n<meta property=\"og:locale\" content=\"it_IT\" \/>\n<meta property=\"og:type\" content=\"article\" \/>\n<meta property=\"og:title\" content=\"GPS Insight: recensione software assistenza stradale - Accurate Reviews\" \/>\n<meta property=\"og:description\" content=\"GPS Insight: recensione software di localizzazione GPS\u00a0per aziende commerciali o governative basate su flotte, grandi o piccole.\" \/>\n<meta property=\"og:url\" content=\"https:\/\/www.accuratereviews.com\/it\/software-assistenza-stradale\/gps-insight-recensione\/\" \/>\n<meta property=\"og:site_name\" content=\"Accurate Reviews\" \/>\n<meta property=\"og:image\" content=\"https:\/\/www.accuratereviews.com\/wp-content\/uploads\/2022\/04\/GPS-Insight.jpeg\" \/>\n\t<meta property=\"og:image:width\" content=\"500\" \/>\n\t<meta property=\"og:image:height\" content=\"313\" \/>\n\t<meta property=\"og:image:type\" content=\"image\/jpeg\" \/>\n<meta name=\"twitter:card\" content=\"summary_large_image\" \/>\n<meta name=\"twitter:label1\" content=\"Tempo di lettura stimato\" \/>\n\t<meta name=\"twitter:data1\" content=\"5 minuti\" \/>\n<script type=\"application\/ld+json\" class=\"yoast-schema-graph\">{\"@context\":\"https:\\\/\\\/schema.org\",\"@graph\":[{\"@type\":\"WebPage\",\"@id\":\"https:\\\/\\\/www.accuratereviews.com\\\/it\\\/software-assistenza-stradale\\\/gps-insight-recensione\\\/\",\"url\":\"https:\\\/\\\/www.accuratereviews.com\\\/it\\\/software-assistenza-stradale\\\/gps-insight-recensione\\\/\",\"name\":\"GPS Insight: recensione software assistenza stradale - Accurate Reviews\",\"isPartOf\":{\"@id\":\"https:\\\/\\\/www.accuratereviews.com\\\/it\\\/#website\"},\"primaryImageOfPage\":{\"@id\":\"https:\\\/\\\/www.accuratereviews.com\\\/it\\\/software-assistenza-stradale\\\/gps-insight-recensione\\\/#primaryimage\"},\"image\":{\"@id\":\"https:\\\/\\\/www.accuratereviews.com\\\/it\\\/software-assistenza-stradale\\\/gps-insight-recensione\\\/#primaryimage\"},\"thumbnailUrl\":\"https:\\\/\\\/www.accuratereviews.com\\\/wp-content\\\/uploads\\\/2022\\\/04\\\/GPS-Insight.jpeg\",\"datePublished\":\"2022-04-08T10:41:02+00:00\",\"description\":\"GPS Insight: recensione software di localizzazione GPS\u00a0per aziende commerciali o governative basate su flotte, grandi o piccole.\",\"breadcrumb\":{\"@id\":\"https:\\\/\\\/www.accuratereviews.com\\\/it\\\/software-assistenza-stradale\\\/gps-insight-recensione\\\/#breadcrumb\"},\"inLanguage\":\"it-IT\",\"potentialAction\":[{\"@type\":\"ReadAction\",\"target\":[\"https:\\\/\\\/www.accuratereviews.com\\\/it\\\/software-assistenza-stradale\\\/gps-insight-recensione\\\/\"]}]},{\"@type\":\"ImageObject\",\"inLanguage\":\"it-IT\",\"@id\":\"https:\\\/\\\/www.accuratereviews.com\\\/it\\\/software-assistenza-stradale\\\/gps-insight-recensione\\\/#primaryimage\",\"url\":\"https:\\\/\\\/www.accuratereviews.com\\\/wp-content\\\/uploads\\\/2022\\\/04\\\/GPS-Insight.jpeg\",\"contentUrl\":\"https:\\\/\\\/www.accuratereviews.com\\\/wp-content\\\/uploads\\\/2022\\\/04\\\/GPS-Insight.jpeg\",\"width\":500,\"height\":313},{\"@type\":\"BreadcrumbList\",\"@id\":\"https:\\\/\\\/www.accuratereviews.com\\\/it\\\/software-assistenza-stradale\\\/gps-insight-recensione\\\/#breadcrumb\",\"itemListElement\":[{\"@type\":\"ListItem\",\"position\":1,\"name\":\"Home\",\"item\":\"https:\\\/\\\/www.accuratereviews.com\\\/it\\\/\"},{\"@type\":\"ListItem\",\"position\":2,\"name\":\"Software per assistenza stradale\",\"item\":\"https:\\\/\\\/www.accuratereviews.com\\\/it\\\/software-assistenza-stradale\\\/\"},{\"@type\":\"ListItem\",\"position\":3,\"name\":\"GPS Insight\"}]},{\"@type\":\"WebSite\",\"@id\":\"https:\\\/\\\/www.accuratereviews.com\\\/it\\\/#website\",\"url\":\"https:\\\/\\\/www.accuratereviews.com\\\/it\\\/\",\"name\":\"Accurate Reviews\",\"description\":\"\",\"potentialAction\":[{\"@type\":\"SearchAction\",\"target\":{\"@type\":\"EntryPoint\",\"urlTemplate\":\"https:\\\/\\\/www.accuratereviews.com\\\/it\\\/?s={search_term_string}\"},\"query-input\":{\"@type\":\"PropertyValueSpecification\",\"valueRequired\":true,\"valueName\":\"search_term_string\"}}],\"inLanguage\":\"it-IT\"}]}<\/script>\n<!-- \/ Yoast SEO plugin. -->","yoast_head_json":{"title":"GPS Insight: recensione software assistenza stradale - Accurate Reviews","description":"GPS Insight: recensione software di localizzazione GPS\u00a0per aziende commerciali o governative basate su flotte, grandi o piccole.","robots":{"index":"index","follow":"follow","max-snippet":"max-snippet:-1","max-image-preview":"max-image-preview:large","max-video-preview":"max-video-preview:-1"},"canonical":"https:\/\/www.accuratereviews.com\/it\/software-assistenza-stradale\/gps-insight-recensione\/","og_locale":"it_IT","og_type":"article","og_title":"GPS Insight: recensione software assistenza stradale - Accurate Reviews","og_description":"GPS Insight: recensione software di localizzazione GPS\u00a0per aziende commerciali o governative basate su flotte, grandi o piccole.","og_url":"https:\/\/www.accuratereviews.com\/it\/software-assistenza-stradale\/gps-insight-recensione\/","og_site_name":"Accurate Reviews","og_image":[{"width":500,"height":313,"url":"https:\/\/www.accuratereviews.com\/wp-content\/uploads\/2022\/04\/GPS-Insight.jpeg","type":"image\/jpeg"}],"twitter_card":"summary_large_image","twitter_misc":{"Tempo di lettura stimato":"5 minuti"},"schema":{"@context":"https:\/\/schema.org","@graph":[{"@type":"WebPage","@id":"https:\/\/www.accuratereviews.com\/it\/software-assistenza-stradale\/gps-insight-recensione\/","url":"https:\/\/www.accuratereviews.com\/it\/software-assistenza-stradale\/gps-insight-recensione\/","name":"GPS Insight: recensione software assistenza stradale - Accurate Reviews","isPartOf":{"@id":"https:\/\/www.accuratereviews.com\/it\/#website"},"primaryImageOfPage":{"@id":"https:\/\/www.accuratereviews.com\/it\/software-assistenza-stradale\/gps-insight-recensione\/#primaryimage"},"image":{"@id":"https:\/\/www.accuratereviews.com\/it\/software-assistenza-stradale\/gps-insight-recensione\/#primaryimage"},"thumbnailUrl":"https:\/\/www.accuratereviews.com\/wp-content\/uploads\/2022\/04\/GPS-Insight.jpeg","datePublished":"2022-04-08T10:41:02+00:00","description":"GPS Insight: recensione software di localizzazione GPS\u00a0per aziende commerciali o governative basate su flotte, grandi o piccole.","breadcrumb":{"@id":"https:\/\/www.accuratereviews.com\/it\/software-assistenza-stradale\/gps-insight-recensione\/#breadcrumb"},"inLanguage":"it-IT","potentialAction":[{"@type":"ReadAction","target":["https:\/\/www.accuratereviews.com\/it\/software-assistenza-stradale\/gps-insight-recensione\/"]}]},{"@type":"ImageObject","inLanguage":"it-IT","@id":"https:\/\/www.accuratereviews.com\/it\/software-assistenza-stradale\/gps-insight-recensione\/#primaryimage","url":"https:\/\/www.accuratereviews.com\/wp-content\/uploads\/2022\/04\/GPS-Insight.jpeg","contentUrl":"https:\/\/www.accuratereviews.com\/wp-content\/uploads\/2022\/04\/GPS-Insight.jpeg","width":500,"height":313},{"@type":"BreadcrumbList","@id":"https:\/\/www.accuratereviews.com\/it\/software-assistenza-stradale\/gps-insight-recensione\/#breadcrumb","itemListElement":[{"@type":"ListItem","position":1,"name":"Home","item":"https:\/\/www.accuratereviews.com\/it\/"},{"@type":"ListItem","position":2,"name":"Software per assistenza stradale","item":"https:\/\/www.accuratereviews.com\/it\/software-assistenza-stradale\/"},{"@type":"ListItem","position":3,"name":"GPS Insight"}]},{"@type":"WebSite","@id":"https:\/\/www.accuratereviews.com\/it\/#website","url":"https:\/\/www.accuratereviews.com\/it\/","name":"Accurate Reviews","description":"","potentialAction":[{"@type":"SearchAction","target":{"@type":"EntryPoint","urlTemplate":"https:\/\/www.accuratereviews.com\/it\/?s={search_term_string}"},"query-input":{"@type":"PropertyValueSpecification","valueRequired":true,"valueName":"search_term_string"}}],"inLanguage":"it-IT"}]}},"_links":{"self":[{"href":"https:\/\/www.accuratereviews.com\/it\/wp-json\/wp\/v2\/pages\/56000","targetHints":{"allow":["GET"]}}],"collection":[{"href":"https:\/\/www.accuratereviews.com\/it\/wp-json\/wp\/v2\/pages"}],"about":[{"href":"https:\/\/www.accuratereviews.com\/it\/wp-json\/wp\/v2\/types\/page"}],"author":[{"embeddable":true,"href":"https:\/\/www.accuratereviews.com\/it\/wp-json\/wp\/v2\/users\/19"}],"replies":[{"embeddable":true,"href":"https:\/\/www.accuratereviews.com\/it\/wp-json\/wp\/v2\/comments?post=56000"}],"version-history":[{"count":13,"href":"https:\/\/www.accuratereviews.com\/it\/wp-json\/wp\/v2\/pages\/56000\/revisions"}],"predecessor-version":[{"id":56024,"href":"https:\/\/www.accuratereviews.com\/it\/wp-json\/wp\/v2\/pages\/56000\/revisions\/56024"}],"up":[{"embeddable":true,"href":"https:\/\/www.accuratereviews.com\/it\/wp-json\/wp\/v2\/pages\/55865"}],"wp:featuredmedia":[{"embeddable":true,"href":"https:\/\/www.accuratereviews.com\/it\/wp-json\/wp\/v2\/media\/56003"}],"wp:attachment":[{"href":"https:\/\/www.accuratereviews.com\/it\/wp-json\/wp\/v2\/media?parent=56000"}],"wp:term":[{"taxonomy":"category","embeddable":true,"href":"https:\/\/www.accuratereviews.com\/it\/wp-json\/wp\/v2\/categories?post=56000"},{"taxonomy":"post_tag","embeddable":true,"href":"https:\/\/www.accuratereviews.com\/it\/wp-json\/wp\/v2\/tags?post=56000"},{"taxonomy":"features","embeddable":true,"href":"https:\/\/www.accuratereviews.com\/it\/wp-json\/wp\/v2\/features?post=56000"}],"curies":[{"name":"wp","href":"https:\/\/api.w.org\/{rel}","templated":true}]}}