{"id":56037,"date":"2022-04-11T10:13:49","date_gmt":"2022-04-11T10:13:49","guid":{"rendered":"https:\/\/www.accuratereviews.com\/?page_id=56037"},"modified":"2022-04-11T10:13:49","modified_gmt":"2022-04-11T10:13:49","slug":"autosist-recensione","status":"publish","type":"page","link":"https:\/\/www.accuratereviews.com\/it\/software-assistenza-stradale\/autosist-recensione\/","title":{"rendered":"AUTOsist"},"content":{"rendered":"<p><strong>AUTOsist<\/strong> \u00e8 un<strong> software di monitoraggio<\/strong> e manutenzione della flotta che offre alle societ\u00e0 una piattaforma unica e centralizzata da cui tracciare e gestire i record di carburante e manutenzione. Il programma\u00a0fornisce agli utenti un portale centrale basato sul web per la gestione efficace dei rapporti della flotta. Fornendo un servizio basato su <strong>cloud<\/strong>, garantisce un accesso rapido e flessibile a tutti i dati, consentendo agli utenti di gestire comodamente le informazioni in qualsiasi momento da qualsiasi dispositivo abilitato a Internet. Dal portale web di <strong>AUTOsist<\/strong>, gli amministratori possono controllare il consumo di carburante e manutenzione, nonch\u00e9 allegare ricevute e spendere accuratamente il budget della flotta.\u00a0Supporta note personalizzate e allegati di immagini, garantendo cos\u00ec agli utenti l&#8217;accesso immediato a informazioni complete per ciascun veicolo. Per migliorare la produttivit\u00e0, <strong>AUTOsist<\/strong> utilizza notifiche automatiche che servono a ricordare agli utenti quando i veicoli devono effettuare il prossimo tagliando.<\/p>\n<h2>AUTOSIST &#8211; TUTORIAL<\/h2>\n<p>Questo video mostra come il <strong>programma di assistenza stradale<\/strong> ti aiuta a gestire gli ordini di lavoro per la tua flotta:<\/p>\n<div id=\"fluid-wrapper-counter-1\" class=\"g1-fluid-wrapper \" style=\"width:686px;\">\n<div style=\"padding-bottom:56.268221574344%;\"><iframe loading=\"lazy\" title=\"How To Create Work Orders with AUTOsist&#039;s Fleet Maintenance &amp; Management Software\" width=\"686\" height=\"386\" src=\"https:\/\/www.youtube.com\/embed\/Ad9ZDKDhZ8w?feature=oembed&amp;wmode=transparent&amp;autohide=1&amp;autoplay=0&amp;disablekb=0&amp;fs=1&amp;loop=0&amp;enablejsapi=1&amp;rel=0&amp;controls=2&amp;showinfo=0&amp;wmode=transparent&amp;autohide=2&amp;autoplay=0&amp;disablekb=0&amp;fs=1&amp;loop=0&amp;enablejsapi=1&amp;rel=0&amp;controls=2&amp;showinfo=1\" frameborder=\"0\" allow=\"accelerometer; autoplay; clipboard-write; encrypted-media; gyroscope; picture-in-picture\" allowfullscreen><\/iframe><\/div>\n<\/div>\n<h3>AUTOSIST &#8211; CARATTERISTICHE<\/h3>\n<ul>\n<li>Monitora la manutenzione completata con la ricevuta e il caricamento dei documenti<\/li>\n<li>Crea liste di controllo personalizzate con notifiche per gli articoli contrassegnati come non funzionanti correttamente<\/li>\n<li>Ricevi notifiche push e promemoria via email per data e\/o contachilometri<\/li>\n<li>Controlla i rifornimenti e i costi del carburante<\/li>\n<li>Tieni traccia delle parti e mantieni i conteggi dell&#8217;inventario. Ricevi avvisi quando le scorte si stanno esaurendo<\/li>\n<li>Assegna gli utenti a veicoli\/risorse specifici con il controllo delle autorizzazioni<\/li>\n<li>Tieni traccia di miglia o ore per le tue unit\u00e0. Differenzia facilmente il business per il personale<\/li>\n<li>Gestisci documenti vari come registrazione, assicurazione, garanzia e altro ancora<\/li>\n<li>Vedi la spesa mensile\/annuale per manutenzione, assistenza e altro<\/li>\n<li>Inserisci i contachilometri di inizio e fine per tenere traccia di miglia\/chilometri\/ore di viaggio<\/li>\n<li>Traccia la registrazione, l&#8217;assicurazione e altro ancora<\/li>\n<li>Inserisci note personalizzate come numeri di parte, rapporti sugli incidenti e altro<\/li>\n<li>Accedi al tuo account e gestire i propri record dal computer desktop o da qualsiasi dispositivo connesso a internet<\/li>\n<li>Carica file PDF direttamente dal tuo dispositivo mobile o sul portale web<\/li>\n<li>Aggiungi e visualizza tutti i tuoi record senza connessione a internet. I tuoi record si sincronizzeranno automaticamente quando sei connesso a una rete.<\/li>\n<li>Traccia i tuoi record in base a litri, chilometri e ore<\/li>\n<li>Trova facilmente i record effettuando una ricerca con parole chiave (come l&#8217;ultimo cambio dell&#8217;olio). Ordina per data, chilometraggio, costo o nome del negozio<\/li>\n<li>Invia per email record, documenti e file specifici a te stesso o a chiunque tu voglia.<\/li>\n<\/ul>\n<h4>LE RECENSIONE DEGLI UTENTI<\/h4>\n<p class=\"font-weight-bold mb-2\"><strong>Pat H.&#8221;Cliente soddisfatto&#8221;<\/strong><\/p>\n<p class=\"font-weight-bold mb-2\"><strong>Pro<\/strong>:\u00a0AUTOsist \u00e8 stato facile da configurare, navigare e gestire, ovviamente, poich\u00e9 \u00e8 buono solo quanto le informazioni fornite. Mi piace che possa essere utilizzato con qualsiasi dispositivo mobile. Sono un meccanico, non un segretario o un mago del computer, quindi ho liberato molto tempo.<\/p>\n<p class=\"font-weight-bold mb-2\"><strong>Contro<\/strong>:\u00a0Vorrei poter stampare da AUTOsist invece di aprire Excel, perdo quello che voglio stampare, diciamo non perso ma non presentato o disponibile.<\/p>\n<p class=\"font-weight-bold mb-2\"><strong>Ryan V.&#8221;AUTOsist \u00e8 un&#8217;ottima soluzione per la gestione della flotta&#8221;<\/strong><\/p>\n<p><span class=\"font-weight-bold\"><strong>Commenti<\/strong>: <\/span>AUTOsist \u00e8 un&#8217;ottima soluzione non solo per avere i record di manutenzione in formato digitale, ma anche per avere promemoria e ispezioni come parte dello stesso sistema \u00e8 molto utile. Inoltre, il team di AUTOsist \u00e8 stato molto utile quando abbiamo bisogno di personalizzare qualcosa per soddisfare le nostre esigenze.<\/p>\n<p class=\"font-weight-bold mb-2\"><strong>Pro<\/strong>:\u00a0Avevamo bisogno di una soluzione per portare la registrazione del nostro negozio fuori dall&#8217;et\u00e0 della pietra con file cartacei e AUTOsist all&#8217;altezza del conto.<\/p>\n<p class=\"font-weight-bold mb-2\"><strong>Contro<\/strong>:\u00a0Ottenere i nostri file cartacei caricati nel sistema \u00e8 abbastanza semplice, ma la quantit\u00e0 di record che avevamo in numerosi schedari richiedeva molto tempo. Non \u00e8 necessariamente colpa del software, \u00e8 stata solo una seccatura iniziale caricare tutto nel nuovo sistema.<\/p>\n<p class=\"font-weight-bold mb-2\"><strong>Steve K.&#8221;Recensione&#8221;<\/strong><\/p>\n<p><span class=\"font-weight-bold\"><strong>Commenti<\/strong>: <\/span>Mi piace l&#8217;online cos\u00ec come l&#8217;app. Torna sempre utile. Abbastanza facile da usare!<\/p>\n<p class=\"font-weight-bold mb-2\"><strong>Pro<\/strong>:\u00a0Ha molti posti in cui archiviare informazioni davvero utili.<\/p>\n<p class=\"font-weight-bold mb-2\"><strong>Contro<\/strong>:\u00a0Sarebbe bello vedere alcuni modelli diversi per le ispezioni. Tracciamo tutti i nostri rimorchi l\u00ec dentro, quindi non ho bisogno di controllare il motore e gli oli su un rimorchio, ad esempio. Invece di doverne creare uno ogni volta che aggiungiamo un nuovo veicolo o rimorchio o attrezzatura.<\/p>\n","protected":false},"excerpt":{"rendered":"<p>AUTOsist \u00e8 un software di monitoraggio e manutenzione della flotta che offre alle societ\u00e0 una piattaforma unica e centralizzata da cui tracciare e gestire i record di carburante e manutenzione. Il programma\u00a0fornisce agli utenti un portale centrale basato sul web per la gestione efficace dei rapporti della flotta. Fornendo un servizio basato su cloud, garantisce un accesso rapido e flessibile a tutti i dati, consentendo agli utenti di gestire comodamente le informazioni in qualsiasi momento da qualsiasi dispositivo abilitato a Internet.<\/p>\n","protected":false},"author":19,"featured_media":56038,"parent":55865,"menu_order":0,"comment_status":"open","ping_status":"closed","template":"g1_template_page_review_new.php","meta":{"_acf_changed":false,"cwp_meta_box_check":"Yes","cwp_rev_product_name":"","cwp_rev_product_image":"","wppr_links":[],"cwp_rev_price":"","wppr_options":[],"wppr_pros":[],"wppr_cons":[],"_monsterinsights_skip_tracking":false,"_monsterinsights_sitenote_active":false,"_monsterinsights_sitenote_note":"","_monsterinsights_sitenote_category":0,"footnotes":""},"categories":[12363],"tags":[12366,12410,12373,12372,12371,12370],"features":[],"class_list":{"0":"post-56037","1":"page","2":"type-page","3":"status-publish","4":"has-post-thumbnail","6":"category-software-assistenza-stradale-cat","7":"tag-assistenza-stradale","8":"tag-autosist","9":"tag-piattaforma-assistenza-stradale","10":"tag-programma-assistenza-stradale","11":"tag-software-assistenza-stradale","12":"tag-soluzione-assistenza-stradale"},"wppr_data":{"cwp_meta_box_check":"Yes","cwp_rev_product_name":"","cwp_rev_product_image":"","cwp_image_link":"image","cwp_rev_price":"","wppr_rating":"0.00"},"acf":[],"yoast_head":"<!-- This site is optimized with the Yoast SEO plugin v27.4 - https:\/\/yoast.com\/product\/yoast-seo-wordpress\/ -->\n<title>AUTOsist: recensione software assistenza stradale - Accurate Reviews<\/title>\n<meta name=\"description\" content=\"AUTOsist: recensione software di monitoraggio e manutenzione della flotta che offre alle societ\u00e0 una piattaforma unica e centralizzata.\" \/>\n<meta name=\"robots\" content=\"index, follow, max-snippet:-1, max-image-preview:large, max-video-preview:-1\" \/>\n<link rel=\"canonical\" href=\"https:\/\/www.accuratereviews.com\/it\/software-assistenza-stradale\/autosist-recensione\/\" \/>\n<meta property=\"og:locale\" content=\"it_IT\" \/>\n<meta property=\"og:type\" content=\"article\" \/>\n<meta property=\"og:title\" content=\"AUTOsist: recensione software assistenza stradale - Accurate Reviews\" \/>\n<meta property=\"og:description\" content=\"AUTOsist: recensione software di monitoraggio e manutenzione della flotta che offre alle societ\u00e0 una piattaforma unica e centralizzata.\" \/>\n<meta property=\"og:url\" content=\"https:\/\/www.accuratereviews.com\/it\/software-assistenza-stradale\/autosist-recensione\/\" \/>\n<meta property=\"og:site_name\" content=\"Accurate Reviews\" \/>\n<meta property=\"og:image\" content=\"https:\/\/www.accuratereviews.com\/wp-content\/uploads\/2022\/04\/AUTOsist.png\" \/>\n\t<meta property=\"og:image:width\" content=\"1200\" \/>\n\t<meta property=\"og:image:height\" content=\"630\" \/>\n\t<meta property=\"og:image:type\" content=\"image\/png\" \/>\n<meta name=\"twitter:card\" content=\"summary_large_image\" \/>\n<meta name=\"twitter:label1\" content=\"Tempo di lettura stimato\" \/>\n\t<meta name=\"twitter:data1\" content=\"4 minuti\" \/>\n<script type=\"application\/ld+json\" class=\"yoast-schema-graph\">{\"@context\":\"https:\\\/\\\/schema.org\",\"@graph\":[{\"@type\":\"WebPage\",\"@id\":\"https:\\\/\\\/www.accuratereviews.com\\\/it\\\/software-assistenza-stradale\\\/autosist-recensione\\\/\",\"url\":\"https:\\\/\\\/www.accuratereviews.com\\\/it\\\/software-assistenza-stradale\\\/autosist-recensione\\\/\",\"name\":\"AUTOsist: recensione software assistenza stradale - Accurate Reviews\",\"isPartOf\":{\"@id\":\"https:\\\/\\\/www.accuratereviews.com\\\/it\\\/#website\"},\"primaryImageOfPage\":{\"@id\":\"https:\\\/\\\/www.accuratereviews.com\\\/it\\\/software-assistenza-stradale\\\/autosist-recensione\\\/#primaryimage\"},\"image\":{\"@id\":\"https:\\\/\\\/www.accuratereviews.com\\\/it\\\/software-assistenza-stradale\\\/autosist-recensione\\\/#primaryimage\"},\"thumbnailUrl\":\"https:\\\/\\\/www.accuratereviews.com\\\/wp-content\\\/uploads\\\/2022\\\/04\\\/AUTOsist.png\",\"datePublished\":\"2022-04-11T10:13:49+00:00\",\"description\":\"AUTOsist: recensione software di monitoraggio e manutenzione della flotta che offre alle societ\u00e0 una piattaforma unica e centralizzata.\",\"breadcrumb\":{\"@id\":\"https:\\\/\\\/www.accuratereviews.com\\\/it\\\/software-assistenza-stradale\\\/autosist-recensione\\\/#breadcrumb\"},\"inLanguage\":\"it-IT\",\"potentialAction\":[{\"@type\":\"ReadAction\",\"target\":[\"https:\\\/\\\/www.accuratereviews.com\\\/it\\\/software-assistenza-stradale\\\/autosist-recensione\\\/\"]}]},{\"@type\":\"ImageObject\",\"inLanguage\":\"it-IT\",\"@id\":\"https:\\\/\\\/www.accuratereviews.com\\\/it\\\/software-assistenza-stradale\\\/autosist-recensione\\\/#primaryimage\",\"url\":\"https:\\\/\\\/www.accuratereviews.com\\\/wp-content\\\/uploads\\\/2022\\\/04\\\/AUTOsist.png\",\"contentUrl\":\"https:\\\/\\\/www.accuratereviews.com\\\/wp-content\\\/uploads\\\/2022\\\/04\\\/AUTOsist.png\",\"width\":1200,\"height\":630},{\"@type\":\"BreadcrumbList\",\"@id\":\"https:\\\/\\\/www.accuratereviews.com\\\/it\\\/software-assistenza-stradale\\\/autosist-recensione\\\/#breadcrumb\",\"itemListElement\":[{\"@type\":\"ListItem\",\"position\":1,\"name\":\"Home\",\"item\":\"https:\\\/\\\/www.accuratereviews.com\\\/it\\\/\"},{\"@type\":\"ListItem\",\"position\":2,\"name\":\"Software per assistenza stradale\",\"item\":\"https:\\\/\\\/www.accuratereviews.com\\\/it\\\/software-assistenza-stradale\\\/\"},{\"@type\":\"ListItem\",\"position\":3,\"name\":\"AUTOsist\"}]},{\"@type\":\"WebSite\",\"@id\":\"https:\\\/\\\/www.accuratereviews.com\\\/it\\\/#website\",\"url\":\"https:\\\/\\\/www.accuratereviews.com\\\/it\\\/\",\"name\":\"Accurate Reviews\",\"description\":\"\",\"potentialAction\":[{\"@type\":\"SearchAction\",\"target\":{\"@type\":\"EntryPoint\",\"urlTemplate\":\"https:\\\/\\\/www.accuratereviews.com\\\/it\\\/?s={search_term_string}\"},\"query-input\":{\"@type\":\"PropertyValueSpecification\",\"valueRequired\":true,\"valueName\":\"search_term_string\"}}],\"inLanguage\":\"it-IT\"}]}<\/script>\n<!-- \/ Yoast SEO plugin. -->","yoast_head_json":{"title":"AUTOsist: recensione software assistenza stradale - Accurate Reviews","description":"AUTOsist: recensione software di monitoraggio e manutenzione della flotta che offre alle societ\u00e0 una piattaforma unica e centralizzata.","robots":{"index":"index","follow":"follow","max-snippet":"max-snippet:-1","max-image-preview":"max-image-preview:large","max-video-preview":"max-video-preview:-1"},"canonical":"https:\/\/www.accuratereviews.com\/it\/software-assistenza-stradale\/autosist-recensione\/","og_locale":"it_IT","og_type":"article","og_title":"AUTOsist: recensione software assistenza stradale - Accurate Reviews","og_description":"AUTOsist: recensione software di monitoraggio e manutenzione della flotta che offre alle societ\u00e0 una piattaforma unica e centralizzata.","og_url":"https:\/\/www.accuratereviews.com\/it\/software-assistenza-stradale\/autosist-recensione\/","og_site_name":"Accurate Reviews","og_image":[{"width":1200,"height":630,"url":"https:\/\/www.accuratereviews.com\/wp-content\/uploads\/2022\/04\/AUTOsist.png","type":"image\/png"}],"twitter_card":"summary_large_image","twitter_misc":{"Tempo di lettura stimato":"4 minuti"},"schema":{"@context":"https:\/\/schema.org","@graph":[{"@type":"WebPage","@id":"https:\/\/www.accuratereviews.com\/it\/software-assistenza-stradale\/autosist-recensione\/","url":"https:\/\/www.accuratereviews.com\/it\/software-assistenza-stradale\/autosist-recensione\/","name":"AUTOsist: recensione software assistenza stradale - Accurate Reviews","isPartOf":{"@id":"https:\/\/www.accuratereviews.com\/it\/#website"},"primaryImageOfPage":{"@id":"https:\/\/www.accuratereviews.com\/it\/software-assistenza-stradale\/autosist-recensione\/#primaryimage"},"image":{"@id":"https:\/\/www.accuratereviews.com\/it\/software-assistenza-stradale\/autosist-recensione\/#primaryimage"},"thumbnailUrl":"https:\/\/www.accuratereviews.com\/wp-content\/uploads\/2022\/04\/AUTOsist.png","datePublished":"2022-04-11T10:13:49+00:00","description":"AUTOsist: recensione software di monitoraggio e manutenzione della flotta che offre alle societ\u00e0 una piattaforma unica e centralizzata.","breadcrumb":{"@id":"https:\/\/www.accuratereviews.com\/it\/software-assistenza-stradale\/autosist-recensione\/#breadcrumb"},"inLanguage":"it-IT","potentialAction":[{"@type":"ReadAction","target":["https:\/\/www.accuratereviews.com\/it\/software-assistenza-stradale\/autosist-recensione\/"]}]},{"@type":"ImageObject","inLanguage":"it-IT","@id":"https:\/\/www.accuratereviews.com\/it\/software-assistenza-stradale\/autosist-recensione\/#primaryimage","url":"https:\/\/www.accuratereviews.com\/wp-content\/uploads\/2022\/04\/AUTOsist.png","contentUrl":"https:\/\/www.accuratereviews.com\/wp-content\/uploads\/2022\/04\/AUTOsist.png","width":1200,"height":630},{"@type":"BreadcrumbList","@id":"https:\/\/www.accuratereviews.com\/it\/software-assistenza-stradale\/autosist-recensione\/#breadcrumb","itemListElement":[{"@type":"ListItem","position":1,"name":"Home","item":"https:\/\/www.accuratereviews.com\/it\/"},{"@type":"ListItem","position":2,"name":"Software per assistenza stradale","item":"https:\/\/www.accuratereviews.com\/it\/software-assistenza-stradale\/"},{"@type":"ListItem","position":3,"name":"AUTOsist"}]},{"@type":"WebSite","@id":"https:\/\/www.accuratereviews.com\/it\/#website","url":"https:\/\/www.accuratereviews.com\/it\/","name":"Accurate Reviews","description":"","potentialAction":[{"@type":"SearchAction","target":{"@type":"EntryPoint","urlTemplate":"https:\/\/www.accuratereviews.com\/it\/?s={search_term_string}"},"query-input":{"@type":"PropertyValueSpecification","valueRequired":true,"valueName":"search_term_string"}}],"inLanguage":"it-IT"}]}},"_links":{"self":[{"href":"https:\/\/www.accuratereviews.com\/it\/wp-json\/wp\/v2\/pages\/56037","targetHints":{"allow":["GET"]}}],"collection":[{"href":"https:\/\/www.accuratereviews.com\/it\/wp-json\/wp\/v2\/pages"}],"about":[{"href":"https:\/\/www.accuratereviews.com\/it\/wp-json\/wp\/v2\/types\/page"}],"author":[{"embeddable":true,"href":"https:\/\/www.accuratereviews.com\/it\/wp-json\/wp\/v2\/users\/19"}],"replies":[{"embeddable":true,"href":"https:\/\/www.accuratereviews.com\/it\/wp-json\/wp\/v2\/comments?post=56037"}],"version-history":[{"count":12,"href":"https:\/\/www.accuratereviews.com\/it\/wp-json\/wp\/v2\/pages\/56037\/revisions"}],"predecessor-version":[{"id":56085,"href":"https:\/\/www.accuratereviews.com\/it\/wp-json\/wp\/v2\/pages\/56037\/revisions\/56085"}],"up":[{"embeddable":true,"href":"https:\/\/www.accuratereviews.com\/it\/wp-json\/wp\/v2\/pages\/55865"}],"wp:featuredmedia":[{"embeddable":true,"href":"https:\/\/www.accuratereviews.com\/it\/wp-json\/wp\/v2\/media\/56038"}],"wp:attachment":[{"href":"https:\/\/www.accuratereviews.com\/it\/wp-json\/wp\/v2\/media?parent=56037"}],"wp:term":[{"taxonomy":"category","embeddable":true,"href":"https:\/\/www.accuratereviews.com\/it\/wp-json\/wp\/v2\/categories?post=56037"},{"taxonomy":"post_tag","embeddable":true,"href":"https:\/\/www.accuratereviews.com\/it\/wp-json\/wp\/v2\/tags?post=56037"},{"taxonomy":"features","embeddable":true,"href":"https:\/\/www.accuratereviews.com\/it\/wp-json\/wp\/v2\/features?post=56037"}],"curies":[{"name":"wp","href":"https:\/\/api.w.org\/{rel}","templated":true}]}}