{"id":56056,"date":"2022-04-11T09:38:32","date_gmt":"2022-04-11T09:38:32","guid":{"rendered":"https:\/\/www.accuratereviews.com\/?page_id=56056"},"modified":"2022-04-14T06:23:07","modified_gmt":"2022-04-14T06:23:07","slug":"webfleet-recensione","status":"publish","type":"page","link":"https:\/\/www.accuratereviews.com\/it\/software-assistenza-stradale\/webfleet-recensione\/","title":{"rendered":"Webfleet"},"content":{"rendered":"<p><strong>Webfleet<\/strong> \u00e8 un <strong>software di gestione delle flotte aziendali<\/strong> che ti permette di connetterti in qualsiasi momento con il tuo team di conducenti, verificare la posizione e le prestazioni dei veicoli, avere informazioni in tempo reale sul traffico e molto altro. Tutto questo accessibile da qualsiasi dispositivo, anche mobile. Ti baster\u00e0 accedere alla dashboard per avere una panoramica generale dei KPI e avere aggiornamenti su tutto il parco veicoli.<br \/>\nGrazie alla riduzione dei costi di rimorchio, con <strong>Webfleet<\/strong> potrai anche gestire e ottimizzare l&#8217;assistenza stradale tramite notifiche immediate su eventuali veicoli in panne.<\/p>\n<h2>WEBFLEET &#8211; TUTORIAL<\/h2>\n<div id=\"fluid-wrapper-counter-1\" class=\"g1-fluid-wrapper \" style=\"width:686px;\">\n<div style=\"padding-bottom:56.268221574344%;\"><iframe loading=\"lazy\" title=\"WEBFLEET Demo\" width=\"686\" height=\"386\" src=\"https:\/\/www.youtube.com\/embed\/686Yt8Ye5sY?feature=oembed&amp;wmode=transparent&amp;autohide=1&amp;autoplay=0&amp;disablekb=0&amp;fs=1&amp;loop=0&amp;enablejsapi=1&amp;rel=0&amp;controls=2&amp;showinfo=0&amp;wmode=transparent&amp;autohide=2&amp;autoplay=0&amp;disablekb=0&amp;fs=1&amp;loop=0&amp;enablejsapi=1&amp;rel=0&amp;controls=2&amp;showinfo=1\" frameborder=\"0\" allow=\"accelerometer; autoplay; clipboard-write; encrypted-media; gyroscope; picture-in-picture\" allowfullscreen><\/iframe><\/div>\n<\/div>\n<h3>WEBFLEET &#8211; CARATTERISTICHE<\/h3>\n<ul>\n<li><strong>Interfaccia utente all&#8217;avanguardia<\/strong>: interfaccia utente semplice, intuitiva e chiara con operazioni pi\u00f9 veloci in pochi clic<\/li>\n<li><strong>Pianificazione percorsi semplificata<\/strong>: configura fattori come la posizione\/orario di partenza e di arrivo e il tipo di veicolo. Scegli se tenere conto delle condizioni attuali del traffico durante la pianificazione del percorso e utilizza la funzione di trascinamento per aggiungere con facilit\u00e0 altri punti di passaggio al percorso<\/li>\n<li><strong>Visualizzazione della mappa in tempo reale<\/strong>: tieni traccia dei tuoi veicoli in ogni momento e visualizza mappe stradali dettagliate e informazioni sul traffico e raggruppa i veicoli per rendere la mappa pi\u00f9 chiara<\/li>\n<li><strong>Dashboard<\/strong>: configura la dashboard in base alle tue esigenze, scegli tra 27 diversi KPI econfronta i KPI di veicoli, conducenti o gruppi diversi<\/li>\n<li><strong>Massima sicurezza<\/strong>: certificazione ISO 27001 e accesso protetto SSL<\/li>\n<\/ul>\n<h4>LE RECENSIONI DEGLI UTENTI<\/h4>\n<p><strong>Roselie T. &#8220;Io e il mio team siamo molto soddisfatti dei servizi Webfleet&#8221;<\/strong><br \/>\nPRO: molto professionale, i prezzi sono molto ragionevoli e se hai bisogno di assistenza con il sistema con cui stai lavorando c&#8217;\u00e8 sempre qualcuno pronto a darti una mano.<br \/>\nCONTRO: se si acquista il sistema di localizzazione GPS c&#8217;\u00e8 solo 1 anno di garanzia, dovrebbe essere pi\u00f9 lungo il periodo di garanzia<\/p>\n<p><strong>Courtney T. &#8220;Buona esperienza&#8221;<\/strong><br \/>\nPRO: \u00e8 molto facile da usare per i miei autisti non esperti di tecnologia. Le indicazioni sono in genere abbastanza accurate.<br \/>\nCONTRO: l&#8217;unica cosa che cambierei \u00e8 il modo in cui aggiornano. Portare i 6 o 7 che usiamo e aggiornarli 1 per 1 sul mio computer pu\u00f2 essere impegnativo.<\/p>\n<p><strong>Samantha A. &#8220;pregi e difetti del sistema&#8221;<\/strong><br \/>\nPRO: la facilit\u00e0 di visualizzare i veicoli, la capacit\u00e0 di tracciare la velocit\u00e0 e la posizione dei conducenti \u00e8 grande<br \/>\nCONTRO: la nuova versione, non usando flash, non \u00e8 facile.<\/p>\n","protected":false},"excerpt":{"rendered":"<p>Webfleet \u00e8 un software di gestione delle flotte aziendali che ti permette di connetterti in qualsiasi momento con il tuo team di conducenti, verificare la posizione e le prestazioni dei veicoli, avere informazioni in tempo reale sul traffico e molto altro. Tutto questo accessibile da qualsiasi dispositivo, anche mobile.<\/p>\n","protected":false},"author":17,"featured_media":56067,"parent":55865,"menu_order":0,"comment_status":"open","ping_status":"closed","template":"g1_template_page_review_new.php","meta":{"_acf_changed":false,"cwp_meta_box_check":"No","cwp_rev_product_name":"","cwp_rev_product_image":"","wppr_links":[],"cwp_rev_price":"","wppr_options":[],"wppr_pros":[],"wppr_cons":[],"_monsterinsights_skip_tracking":false,"_monsterinsights_sitenote_active":false,"_monsterinsights_sitenote_note":"","_monsterinsights_sitenote_category":0,"footnotes":""},"categories":[12271],"tags":[12366,12373,12372,12371,12367],"features":[],"class_list":{"0":"post-56056","1":"page","2":"type-page","3":"status-publish","4":"has-post-thumbnail","6":"category-software-assistenza-domiciliare-categoria","7":"tag-assistenza-stradale","8":"tag-piattaforma-assistenza-stradale","9":"tag-programma-assistenza-stradale","10":"tag-software-assistenza-stradale","11":"tag-soluzione-per-assistenza-stradale"},"wppr_data":{"cwp_meta_box_check":"No"},"acf":[],"yoast_head":"<!-- This site is optimized with the Yoast SEO plugin v27.4 - https:\/\/yoast.com\/product\/yoast-seo-wordpress\/ -->\n<title>Webfleet: recensione software assistenza stradale - Accurate Reviews<\/title>\n<meta name=\"description\" content=\"Webfleet: recensione del software di gestione delle flotte aziendali e per l&#039;assistenza stradale. Scopri di pi\u00f9.\" \/>\n<meta name=\"robots\" content=\"index, follow, max-snippet:-1, max-image-preview:large, max-video-preview:-1\" \/>\n<link rel=\"canonical\" href=\"https:\/\/www.accuratereviews.com\/it\/software-assistenza-stradale\/webfleet-recensione\/\" \/>\n<meta property=\"og:locale\" content=\"it_IT\" \/>\n<meta property=\"og:type\" content=\"article\" \/>\n<meta property=\"og:title\" content=\"Webfleet: recensione software assistenza stradale - Accurate Reviews\" \/>\n<meta property=\"og:description\" content=\"Webfleet: recensione del software di gestione delle flotte aziendali e per l&#039;assistenza stradale. Scopri di pi\u00f9.\" \/>\n<meta property=\"og:url\" content=\"https:\/\/www.accuratereviews.com\/it\/software-assistenza-stradale\/webfleet-recensione\/\" \/>\n<meta property=\"og:site_name\" content=\"Accurate Reviews\" \/>\n<meta property=\"article:modified_time\" content=\"2022-04-14T06:23:07+00:00\" \/>\n<meta property=\"og:image\" content=\"https:\/\/www.accuratereviews.com\/wp-content\/uploads\/2022\/04\/Unknown-1.png\" \/>\n\t<meta property=\"og:image:width\" content=\"225\" \/>\n\t<meta property=\"og:image:height\" content=\"225\" \/>\n\t<meta property=\"og:image:type\" content=\"image\/png\" \/>\n<meta name=\"twitter:card\" content=\"summary_large_image\" \/>\n<meta name=\"twitter:label1\" content=\"Tempo di lettura stimato\" \/>\n\t<meta name=\"twitter:data1\" content=\"3 minuti\" \/>\n<script type=\"application\/ld+json\" class=\"yoast-schema-graph\">{\"@context\":\"https:\\\/\\\/schema.org\",\"@graph\":[{\"@type\":\"WebPage\",\"@id\":\"https:\\\/\\\/www.accuratereviews.com\\\/it\\\/software-assistenza-stradale\\\/webfleet-recensione\\\/\",\"url\":\"https:\\\/\\\/www.accuratereviews.com\\\/it\\\/software-assistenza-stradale\\\/webfleet-recensione\\\/\",\"name\":\"Webfleet: recensione software assistenza stradale - Accurate Reviews\",\"isPartOf\":{\"@id\":\"https:\\\/\\\/www.accuratereviews.com\\\/it\\\/#website\"},\"primaryImageOfPage\":{\"@id\":\"https:\\\/\\\/www.accuratereviews.com\\\/it\\\/software-assistenza-stradale\\\/webfleet-recensione\\\/#primaryimage\"},\"image\":{\"@id\":\"https:\\\/\\\/www.accuratereviews.com\\\/it\\\/software-assistenza-stradale\\\/webfleet-recensione\\\/#primaryimage\"},\"thumbnailUrl\":\"https:\\\/\\\/www.accuratereviews.com\\\/wp-content\\\/uploads\\\/2022\\\/04\\\/Unknown-1.png\",\"datePublished\":\"2022-04-11T09:38:32+00:00\",\"dateModified\":\"2022-04-14T06:23:07+00:00\",\"description\":\"Webfleet: recensione del software di gestione delle flotte aziendali e per l'assistenza stradale. Scopri di pi\u00f9.\",\"breadcrumb\":{\"@id\":\"https:\\\/\\\/www.accuratereviews.com\\\/it\\\/software-assistenza-stradale\\\/webfleet-recensione\\\/#breadcrumb\"},\"inLanguage\":\"it-IT\",\"potentialAction\":[{\"@type\":\"ReadAction\",\"target\":[\"https:\\\/\\\/www.accuratereviews.com\\\/it\\\/software-assistenza-stradale\\\/webfleet-recensione\\\/\"]}]},{\"@type\":\"ImageObject\",\"inLanguage\":\"it-IT\",\"@id\":\"https:\\\/\\\/www.accuratereviews.com\\\/it\\\/software-assistenza-stradale\\\/webfleet-recensione\\\/#primaryimage\",\"url\":\"https:\\\/\\\/www.accuratereviews.com\\\/wp-content\\\/uploads\\\/2022\\\/04\\\/Unknown-1.png\",\"contentUrl\":\"https:\\\/\\\/www.accuratereviews.com\\\/wp-content\\\/uploads\\\/2022\\\/04\\\/Unknown-1.png\",\"width\":225,\"height\":225},{\"@type\":\"BreadcrumbList\",\"@id\":\"https:\\\/\\\/www.accuratereviews.com\\\/it\\\/software-assistenza-stradale\\\/webfleet-recensione\\\/#breadcrumb\",\"itemListElement\":[{\"@type\":\"ListItem\",\"position\":1,\"name\":\"Home\",\"item\":\"https:\\\/\\\/www.accuratereviews.com\\\/it\\\/\"},{\"@type\":\"ListItem\",\"position\":2,\"name\":\"Software per assistenza stradale\",\"item\":\"https:\\\/\\\/www.accuratereviews.com\\\/it\\\/software-assistenza-stradale\\\/\"},{\"@type\":\"ListItem\",\"position\":3,\"name\":\"Webfleet\"}]},{\"@type\":\"WebSite\",\"@id\":\"https:\\\/\\\/www.accuratereviews.com\\\/it\\\/#website\",\"url\":\"https:\\\/\\\/www.accuratereviews.com\\\/it\\\/\",\"name\":\"Accurate Reviews\",\"description\":\"\",\"potentialAction\":[{\"@type\":\"SearchAction\",\"target\":{\"@type\":\"EntryPoint\",\"urlTemplate\":\"https:\\\/\\\/www.accuratereviews.com\\\/it\\\/?s={search_term_string}\"},\"query-input\":{\"@type\":\"PropertyValueSpecification\",\"valueRequired\":true,\"valueName\":\"search_term_string\"}}],\"inLanguage\":\"it-IT\"}]}<\/script>\n<!-- \/ Yoast SEO plugin. -->","yoast_head_json":{"title":"Webfleet: recensione software assistenza stradale - Accurate Reviews","description":"Webfleet: recensione del software di gestione delle flotte aziendali e per l'assistenza stradale. Scopri di pi\u00f9.","robots":{"index":"index","follow":"follow","max-snippet":"max-snippet:-1","max-image-preview":"max-image-preview:large","max-video-preview":"max-video-preview:-1"},"canonical":"https:\/\/www.accuratereviews.com\/it\/software-assistenza-stradale\/webfleet-recensione\/","og_locale":"it_IT","og_type":"article","og_title":"Webfleet: recensione software assistenza stradale - Accurate Reviews","og_description":"Webfleet: recensione del software di gestione delle flotte aziendali e per l'assistenza stradale. Scopri di pi\u00f9.","og_url":"https:\/\/www.accuratereviews.com\/it\/software-assistenza-stradale\/webfleet-recensione\/","og_site_name":"Accurate Reviews","article_modified_time":"2022-04-14T06:23:07+00:00","og_image":[{"width":225,"height":225,"url":"https:\/\/www.accuratereviews.com\/wp-content\/uploads\/2022\/04\/Unknown-1.png","type":"image\/png"}],"twitter_card":"summary_large_image","twitter_misc":{"Tempo di lettura stimato":"3 minuti"},"schema":{"@context":"https:\/\/schema.org","@graph":[{"@type":"WebPage","@id":"https:\/\/www.accuratereviews.com\/it\/software-assistenza-stradale\/webfleet-recensione\/","url":"https:\/\/www.accuratereviews.com\/it\/software-assistenza-stradale\/webfleet-recensione\/","name":"Webfleet: recensione software assistenza stradale - Accurate Reviews","isPartOf":{"@id":"https:\/\/www.accuratereviews.com\/it\/#website"},"primaryImageOfPage":{"@id":"https:\/\/www.accuratereviews.com\/it\/software-assistenza-stradale\/webfleet-recensione\/#primaryimage"},"image":{"@id":"https:\/\/www.accuratereviews.com\/it\/software-assistenza-stradale\/webfleet-recensione\/#primaryimage"},"thumbnailUrl":"https:\/\/www.accuratereviews.com\/wp-content\/uploads\/2022\/04\/Unknown-1.png","datePublished":"2022-04-11T09:38:32+00:00","dateModified":"2022-04-14T06:23:07+00:00","description":"Webfleet: recensione del software di gestione delle flotte aziendali e per l'assistenza stradale. Scopri di pi\u00f9.","breadcrumb":{"@id":"https:\/\/www.accuratereviews.com\/it\/software-assistenza-stradale\/webfleet-recensione\/#breadcrumb"},"inLanguage":"it-IT","potentialAction":[{"@type":"ReadAction","target":["https:\/\/www.accuratereviews.com\/it\/software-assistenza-stradale\/webfleet-recensione\/"]}]},{"@type":"ImageObject","inLanguage":"it-IT","@id":"https:\/\/www.accuratereviews.com\/it\/software-assistenza-stradale\/webfleet-recensione\/#primaryimage","url":"https:\/\/www.accuratereviews.com\/wp-content\/uploads\/2022\/04\/Unknown-1.png","contentUrl":"https:\/\/www.accuratereviews.com\/wp-content\/uploads\/2022\/04\/Unknown-1.png","width":225,"height":225},{"@type":"BreadcrumbList","@id":"https:\/\/www.accuratereviews.com\/it\/software-assistenza-stradale\/webfleet-recensione\/#breadcrumb","itemListElement":[{"@type":"ListItem","position":1,"name":"Home","item":"https:\/\/www.accuratereviews.com\/it\/"},{"@type":"ListItem","position":2,"name":"Software per assistenza stradale","item":"https:\/\/www.accuratereviews.com\/it\/software-assistenza-stradale\/"},{"@type":"ListItem","position":3,"name":"Webfleet"}]},{"@type":"WebSite","@id":"https:\/\/www.accuratereviews.com\/it\/#website","url":"https:\/\/www.accuratereviews.com\/it\/","name":"Accurate Reviews","description":"","potentialAction":[{"@type":"SearchAction","target":{"@type":"EntryPoint","urlTemplate":"https:\/\/www.accuratereviews.com\/it\/?s={search_term_string}"},"query-input":{"@type":"PropertyValueSpecification","valueRequired":true,"valueName":"search_term_string"}}],"inLanguage":"it-IT"}]}},"_links":{"self":[{"href":"https:\/\/www.accuratereviews.com\/it\/wp-json\/wp\/v2\/pages\/56056","targetHints":{"allow":["GET"]}}],"collection":[{"href":"https:\/\/www.accuratereviews.com\/it\/wp-json\/wp\/v2\/pages"}],"about":[{"href":"https:\/\/www.accuratereviews.com\/it\/wp-json\/wp\/v2\/types\/page"}],"author":[{"embeddable":true,"href":"https:\/\/www.accuratereviews.com\/it\/wp-json\/wp\/v2\/users\/17"}],"replies":[{"embeddable":true,"href":"https:\/\/www.accuratereviews.com\/it\/wp-json\/wp\/v2\/comments?post=56056"}],"version-history":[{"count":4,"href":"https:\/\/www.accuratereviews.com\/it\/wp-json\/wp\/v2\/pages\/56056\/revisions"}],"predecessor-version":[{"id":56217,"href":"https:\/\/www.accuratereviews.com\/it\/wp-json\/wp\/v2\/pages\/56056\/revisions\/56217"}],"up":[{"embeddable":true,"href":"https:\/\/www.accuratereviews.com\/it\/wp-json\/wp\/v2\/pages\/55865"}],"wp:featuredmedia":[{"embeddable":true,"href":"https:\/\/www.accuratereviews.com\/it\/wp-json\/wp\/v2\/media\/56067"}],"wp:attachment":[{"href":"https:\/\/www.accuratereviews.com\/it\/wp-json\/wp\/v2\/media?parent=56056"}],"wp:term":[{"taxonomy":"category","embeddable":true,"href":"https:\/\/www.accuratereviews.com\/it\/wp-json\/wp\/v2\/categories?post=56056"},{"taxonomy":"post_tag","embeddable":true,"href":"https:\/\/www.accuratereviews.com\/it\/wp-json\/wp\/v2\/tags?post=56056"},{"taxonomy":"features","embeddable":true,"href":"https:\/\/www.accuratereviews.com\/it\/wp-json\/wp\/v2\/features?post=56056"}],"curies":[{"name":"wp","href":"https:\/\/api.w.org\/{rel}","templated":true}]}}