{"id":5609,"date":"2016-04-08T09:27:34","date_gmt":"2016-04-08T09:27:34","guid":{"rendered":"http:\/\/www.accuratereviews.com\/it\/etichette-migliori-software-lista\/labeljoy\/"},"modified":"2026-02-05T10:52:12","modified_gmt":"2026-02-05T10:52:12","slug":"labeljoy","status":"publish","type":"page","link":"https:\/\/www.accuratereviews.com\/it\/etichette-migliori-software-lista\/labeljoy\/","title":{"rendered":"Labeljoy"},"content":{"rendered":"<p>Labeljoy \u00e8 un software specializzato per creare e stampare etichette, buste, tesserini, biglietti da visita, custodie per CD, lettere e qualsiasi cosa abbia bisogno di essere replicata &#8211; in parte o completamente &#8211; e stampata. Inoltre, permette di creare codici a barre e codici QR, testi, immagini, clipart e altri elementi grafici utilizzando effetti avanzati di dissolvenza, trasparenze e rotazione. Labeljoy permette anche di importare i dati che vi interessano da fonti esterne, caricandoli da Excel, Access, file di testo o da sistemi di database professionali come MySQL, Oracle, server SQL, o da elenchi contatti di terze parti. Nei prossimi paragrafi approfondiremo le caratteristiche di Labeljoy.<\/p>\n<p><iframe loading=\"lazy\" src=\"https:\/\/www.youtube.com\/embed\/Bpwtet6dYCY\" width=\"620\" height=\"330\" frameborder=\"0\" allowfullscreen=\"allowfullscreen\"><\/iframe><\/p>\n<h2>Usabilit\u00e0<\/h2>\n<p>Il file eseguibile del programma si chiama Labeljoy5.exe. L\u2019installer del software include sei file ed pesa, solitamente, circa 71.81KB. LabeljoyUpdate.exe \u00e8 la componente dell\u2019aggiornamento automatico del software, studiato per scaricare e installare i nuovi aggiornamenti.<\/p>\n<p>Una volta aperto Labeljoy si vedr\u00e0 una finestra che permette di scegliere se creare un nuovo progetto, caricarne uno esistente, caricare un file di esempio (come un indirizzo, un tesserino, un codice a barre, un biglietto da visita, eccetera), aprire un link a una fonte di dati, registrare il software o accedere al men\u00f9 di aiuto. Se si sceglie \u2018nuovo progetto\u2019, si possono determinare il tipo e la dimensione del template, insieme. Di default, nel nuovo foglio di etichette \u00e8 inserito un campo di testo e un codice a barre, come esempio. Siete liberi di modificarli a piacere.<\/p>\n<p>Sulla barra superiore dell\u2019interfaccia di Labeljoy potete trovare tutte le funzioni generali: creare un nuovo progetto, aprirne uno esistente, salvare, stampare, scorrere le pagine, le funzioni di annulla-ripristina, e poi la serie di strumenti per il layout, per nascondere o bloccare elementi, per lo zoom, e i men\u00f9 di opzioni e aiuto.<\/p>\n<p><a href=\"https:\/\/www.accuratereviews.com\/wp-content\/uploads\/2019\/10\/labeljoy-barcode-software-main-screenshot.png\"><img loading=\"lazy\" decoding=\"async\" class=\"aligncenter wp-image-18740 size-full\" src=\"https:\/\/www.accuratereviews.com\/wp-content\/uploads\/2019\/10\/labeljoy-barcode-software-main-screenshot.png\" alt=\"\" width=\"1487\" height=\"1001\" srcset=\"https:\/\/www.accuratereviews.com\/wp-content\/uploads\/2019\/10\/labeljoy-barcode-software-main-screenshot.png 1487w, https:\/\/www.accuratereviews.com\/wp-content\/uploads\/2019\/10\/labeljoy-barcode-software-main-screenshot-300x202.png 300w, https:\/\/www.accuratereviews.com\/wp-content\/uploads\/2019\/10\/labeljoy-barcode-software-main-screenshot-768x517.png 768w, https:\/\/www.accuratereviews.com\/wp-content\/uploads\/2019\/10\/labeljoy-barcode-software-main-screenshot-1024x689.png 1024w, https:\/\/www.accuratereviews.com\/wp-content\/uploads\/2019\/10\/labeljoy-barcode-software-main-screenshot-186x125.png 186w, https:\/\/www.accuratereviews.com\/wp-content\/uploads\/2019\/10\/labeljoy-barcode-software-main-screenshot-50x34.png 50w, https:\/\/www.accuratereviews.com\/wp-content\/uploads\/2019\/10\/labeljoy-barcode-software-main-screenshot-968x652.png 968w, https:\/\/www.accuratereviews.com\/wp-content\/uploads\/2019\/10\/labeljoy-barcode-software-main-screenshot-636x428.png 636w, https:\/\/www.accuratereviews.com\/wp-content\/uploads\/2019\/10\/labeljoy-barcode-software-main-screenshot-320x215.png 320w, https:\/\/www.accuratereviews.com\/wp-content\/uploads\/2019\/10\/labeljoy-barcode-software-main-screenshot-239x161.png 239w\" sizes=\"auto, (max-width: 1487px) 100vw, 1487px\" \/><\/a><\/p>\n<p>Sulla barra laterale sinistra avete a disposizione tutti gli strumenti per modificare il testo, i codici a barre, immagini e altri elementi della pagina. L\u2019interfaccia \u00e8 WYSIWYG (What you see is what you get, quello che vedi \u00e8 quello che otterrai alla fine), la pi\u00f9 semplice che possiate trovate: il che significa che lo schermo del computer mostrer\u00e0 la carta, e gli elementi dell\u2019etichetta, esattamente come saranno stampati, e tutte le funzionalit\u00e0 saranno facili da identificare.<\/p>\n<p>Potrete personalizzare l\u2019orientamento delle etichette, testo incluso, e modificare il font e la sua grandezza, cambiare il colore del riempimento o del riquadro, del testo o del codice a barre. Potete anche aggiustare la larghezza del codice a barre e aggiungere abbondanze. \u00c8 molto facile gestire elementi di pagina, contatori, numeri di etichette e di pagina. Come unit\u00e0 di misura \u00e8 possibile scegliere tra centimetri e pollici. Sono a disposizione anche dissolvenze avanzate, trasparenze ed effetti di rotazione.<\/p>\n<p>Dal momento che le modifiche vengono mostrare in tempo reale, il vostro spazio di lavoro diventa una rappresentazione del risultato finale, senza la necessit\u00e0 di visualizzare continuamente un\u2019anteprima attraverso differenti men\u00f9. Una volta che avrete finito, potrete salvare il progetto in uno dei differenti formati d\u2019immagine pi\u00f9 diffuso, oppure stamparlo su un foglio di carta.<\/p>\n<p><a href=\"https:\/\/www.accuratereviews.com\/wp-content\/uploads\/2019\/10\/labeljoy-label-software-barcodes-screenshot.png\"><img loading=\"lazy\" decoding=\"async\" class=\"aligncenter wp-image-18745 size-full\" src=\"https:\/\/www.accuratereviews.com\/wp-content\/uploads\/2019\/10\/labeljoy-label-software-barcodes-screenshot.png\" alt=\"\" width=\"1487\" height=\"1001\" srcset=\"https:\/\/www.accuratereviews.com\/wp-content\/uploads\/2019\/10\/labeljoy-label-software-barcodes-screenshot.png 1487w, https:\/\/www.accuratereviews.com\/wp-content\/uploads\/2019\/10\/labeljoy-label-software-barcodes-screenshot-300x202.png 300w, https:\/\/www.accuratereviews.com\/wp-content\/uploads\/2019\/10\/labeljoy-label-software-barcodes-screenshot-768x517.png 768w, https:\/\/www.accuratereviews.com\/wp-content\/uploads\/2019\/10\/labeljoy-label-software-barcodes-screenshot-1024x689.png 1024w, https:\/\/www.accuratereviews.com\/wp-content\/uploads\/2019\/10\/labeljoy-label-software-barcodes-screenshot-186x125.png 186w, https:\/\/www.accuratereviews.com\/wp-content\/uploads\/2019\/10\/labeljoy-label-software-barcodes-screenshot-50x34.png 50w, https:\/\/www.accuratereviews.com\/wp-content\/uploads\/2019\/10\/labeljoy-label-software-barcodes-screenshot-968x652.png 968w, https:\/\/www.accuratereviews.com\/wp-content\/uploads\/2019\/10\/labeljoy-label-software-barcodes-screenshot-636x428.png 636w, https:\/\/www.accuratereviews.com\/wp-content\/uploads\/2019\/10\/labeljoy-label-software-barcodes-screenshot-320x215.png 320w, https:\/\/www.accuratereviews.com\/wp-content\/uploads\/2019\/10\/labeljoy-label-software-barcodes-screenshot-239x161.png 239w\" sizes=\"auto, (max-width: 1487px) 100vw, 1487px\" \/><\/a><\/p>\n<h2>Funzionalit\u00e0<\/h2>\n<p>Potete importare file da Access, Excel, SQL Server, Oracle, MySQL, Lotus notes, Dbase, Txt, Csv, la rubrica contatti di Windows, Outlook, Sendblaster, wk1\u20132\u20133.<br \/>\nCon Labeljoy si possono usare gli standard pi\u00f9 importanti per i codici a barre: Ean 13, Ean 8, Ean 128, ITF 14, UPC, Code 39, Code 93, GS1\u2013128, Code 39 Extended, Interleaved 2 of 5, Industrial 2 of 5, Codabar, Datamatrix, codice a barre Postnet, codice Planet, 2D Barcode Data Matrix. I formati supportati sono pdf, jpg, png, tiff, gif, bmp. Le etichette possono essere stampati su una stampante laser, a getto d\u2019inchiostro o a nastro, su fogli di etichette di formato A4, A5, A6, o qualsiasi altro formato.<\/p>\n<p>Labeljoy \u00e8 anche disponibile in tante lingue diverse: bulgaro, danese, tedesco, inglese, spagnolo, francese, greco, italiano, ungherese, olandese, norvegese, polacco, portoghese, romeno, russo, finlandese, svedese e turco.<\/p>\n<h2>Supporto<\/h2>\n<p>Sono disponibili tutorial video, men\u00f9 d\u2019aiuto, e supporto via email. Non \u00e8 disponibile il supporto telefonico.<\/p>\n<h2>Prezzo<\/h2>\n<p>Labeljoy offre tre prezzi diversi: Basic (199 \u20ac), Full (329 \u20ac), Server (1.599 \u20ac). Labeljoy \u00e8 uno shareware. Potete usare il software per valutarlo, in modalit\u00e0 di prova. State attenti che fin quando rimane in modalit\u00e0 di prova, l\u2019applicazione aggiunge una filigrana digitale su tutte le etichette che create.<\/p>\n","protected":false},"excerpt":{"rendered":"<p>Labeljoy \u00e8 un software specializzato per creare e stampare etichette, buste, tesserini, biglietti da visita, custodie per CD, lettere e qualsiasi cosa abbia bisogno di essere replicata &#8211; in parte o completamente &#8211; e stampata. Inoltre, permette di creare codici a barre e codici QR&#8230;<\/p>\n","protected":false},"author":16,"featured_media":0,"parent":5597,"menu_order":7,"comment_status":"open","ping_status":"closed","template":"g1_template_page_review_new.php","meta":{"_acf_changed":false,"cwp_meta_box_check":"Yes","cwp_rev_product_name":"","cwp_rev_product_image":"","wppr_links":[],"cwp_rev_price":"","wppr_options":[{"name":"Usability","value":"0"},{"name":"Speed","value":"0"},{"name":"Features","value":"0"},{"name":"Support","value":"0"},{"name":"Pricing","value":"0"}],"wppr_pros":["","","","",""],"wppr_cons":["","","","",""],"_monsterinsights_skip_tracking":false,"_monsterinsights_sitenote_active":false,"_monsterinsights_sitenote_note":"","_monsterinsights_sitenote_category":0,"footnotes":""},"categories":[105],"tags":[],"features":[],"class_list":{"0":"post-5609","1":"page","2":"type-page","3":"status-publish","5":"category-software-per-etichette"},"wppr_data":{"cwp_meta_box_check":"Yes","cwp_rev_product_name":"","_wppr_review_template":"default","cwp_rev_product_image":"","cwp_image_link":"image","wppr_links":[],"cwp_rev_price":"","wppr_pros":["","","","",""],"wppr_cons":["","","","",""],"wppr_rating":"0.00","wppr_options":{"1":{"name":"Usability","value":"0"},"2":{"name":"Speed","value":"0"},"3":{"name":"Features","value":"0"},"4":{"name":"Support","value":"0"},"5":{"name":"Pricing","value":"0"}},"wppr_review_type":"Product","wppr_review_custom_fields":{"additionalProperty":"","additionalType":"","aggregateRating":"","alternateName":"","audience":"","award":"","awards":"","brand":"","color":"","depth":"","description":"","disambiguatingDescription":"","gtin12":"","gtin13":"","gtin14":"","gtin8":"","height":"","identifier":"","image":"","isAccessoryOrSparePartFor":"","isConsumableFor":"","isRelatedTo":"","isSimilarTo":"","itemCondition":"","logo":"","mainEntityOfPage":"","manufacturer":"","material":"","model":"","mpn":"","name":"","offers":"","potentialAction":"","productID":"","productionDate":"","purchaseDate":"","releaseDate":"","review":"","reviews":"","sameAs":"","sku":"","slogan":"","subjectOf":"","url":"","weight":"","width":""}},"acf":[],"yoast_head":"<!-- This site is optimized with the Yoast SEO plugin v27.4 - https:\/\/yoast.com\/product\/yoast-seo-wordpress\/ -->\n<title>Labeljoy recensione miglior software per etichette | Accurate Reviews<\/title>\n<meta name=\"description\" content=\"Labeljoy \u00e8 il software per creare e stampare etichette, buste, tesserini, biglietti da visita, custodie: qualsiasi cosa abbia bisogno di essere stampata.\" \/>\n<meta name=\"robots\" content=\"index, follow, max-snippet:-1, max-image-preview:large, max-video-preview:-1\" \/>\n<link rel=\"canonical\" href=\"https:\/\/www.accuratereviews.com\/it\/etichette-migliori-software-lista\/labeljoy\/\" \/>\n<meta property=\"og:locale\" content=\"it_IT\" \/>\n<meta property=\"og:type\" content=\"article\" \/>\n<meta property=\"og:title\" content=\"Labeljoy recensione miglior software per etichette | Accurate Reviews\" \/>\n<meta property=\"og:description\" content=\"Labeljoy \u00e8 il software per creare e stampare etichette, buste, tesserini, biglietti da visita, custodie: qualsiasi cosa abbia bisogno di essere stampata.\" \/>\n<meta property=\"og:url\" content=\"https:\/\/www.accuratereviews.com\/it\/etichette-migliori-software-lista\/labeljoy\/\" \/>\n<meta property=\"og:site_name\" content=\"Accurate Reviews\" \/>\n<meta property=\"article:modified_time\" content=\"2026-02-05T10:52:12+00:00\" \/>\n<meta property=\"og:image\" content=\"https:\/\/www.accuratereviews.com\/wp-content\/uploads\/2019\/10\/labeljoy-barcode-software-main-screenshot.png\" \/>\n\t<meta property=\"og:image:width\" content=\"1487\" \/>\n\t<meta property=\"og:image:height\" content=\"1001\" \/>\n\t<meta property=\"og:image:type\" content=\"image\/png\" \/>\n<meta name=\"twitter:card\" content=\"summary_large_image\" \/>\n<meta name=\"twitter:label1\" content=\"Tempo di lettura stimato\" \/>\n\t<meta name=\"twitter:data1\" content=\"6 minuti\" \/>\n<script type=\"application\/ld+json\" class=\"yoast-schema-graph\">{\"@context\":\"https:\\\/\\\/schema.org\",\"@graph\":[{\"@type\":\"WebPage\",\"@id\":\"https:\\\/\\\/www.accuratereviews.com\\\/it\\\/etichette-migliori-software-lista\\\/labeljoy\\\/\",\"url\":\"https:\\\/\\\/www.accuratereviews.com\\\/it\\\/etichette-migliori-software-lista\\\/labeljoy\\\/\",\"name\":\"Labeljoy recensione miglior software per etichette | Accurate Reviews\",\"isPartOf\":{\"@id\":\"https:\\\/\\\/www.accuratereviews.com\\\/it\\\/#website\"},\"primaryImageOfPage\":{\"@id\":\"https:\\\/\\\/www.accuratereviews.com\\\/it\\\/etichette-migliori-software-lista\\\/labeljoy\\\/#primaryimage\"},\"image\":{\"@id\":\"https:\\\/\\\/www.accuratereviews.com\\\/it\\\/etichette-migliori-software-lista\\\/labeljoy\\\/#primaryimage\"},\"thumbnailUrl\":\"https:\\\/\\\/www.accuratereviews.com\\\/wp-content\\\/uploads\\\/2019\\\/10\\\/labeljoy-barcode-software-main-screenshot.png\",\"datePublished\":\"2016-04-08T09:27:34+00:00\",\"dateModified\":\"2026-02-05T10:52:12+00:00\",\"description\":\"Labeljoy \u00e8 il software per creare e stampare etichette, buste, tesserini, biglietti da visita, custodie: qualsiasi cosa abbia bisogno di essere stampata.\",\"breadcrumb\":{\"@id\":\"https:\\\/\\\/www.accuratereviews.com\\\/it\\\/etichette-migliori-software-lista\\\/labeljoy\\\/#breadcrumb\"},\"inLanguage\":\"it-IT\",\"potentialAction\":[{\"@type\":\"ReadAction\",\"target\":[\"https:\\\/\\\/www.accuratereviews.com\\\/it\\\/etichette-migliori-software-lista\\\/labeljoy\\\/\"]}]},{\"@type\":\"ImageObject\",\"inLanguage\":\"it-IT\",\"@id\":\"https:\\\/\\\/www.accuratereviews.com\\\/it\\\/etichette-migliori-software-lista\\\/labeljoy\\\/#primaryimage\",\"url\":\"https:\\\/\\\/www.accuratereviews.com\\\/wp-content\\\/uploads\\\/2019\\\/10\\\/labeljoy-barcode-software-main-screenshot.png\",\"contentUrl\":\"https:\\\/\\\/www.accuratereviews.com\\\/wp-content\\\/uploads\\\/2019\\\/10\\\/labeljoy-barcode-software-main-screenshot.png\"},{\"@type\":\"BreadcrumbList\",\"@id\":\"https:\\\/\\\/www.accuratereviews.com\\\/it\\\/etichette-migliori-software-lista\\\/labeljoy\\\/#breadcrumb\",\"itemListElement\":[{\"@type\":\"ListItem\",\"position\":1,\"name\":\"Home\",\"item\":\"https:\\\/\\\/www.accuratereviews.com\\\/it\\\/\"},{\"@type\":\"ListItem\",\"position\":2,\"name\":\"Etichette: i software migliori\",\"item\":\"https:\\\/\\\/www.accuratereviews.com\\\/it\\\/etichette-migliori-software-lista\\\/\"},{\"@type\":\"ListItem\",\"position\":3,\"name\":\"Labeljoy\"}]},{\"@type\":\"WebSite\",\"@id\":\"https:\\\/\\\/www.accuratereviews.com\\\/it\\\/#website\",\"url\":\"https:\\\/\\\/www.accuratereviews.com\\\/it\\\/\",\"name\":\"Accurate Reviews\",\"description\":\"\",\"potentialAction\":[{\"@type\":\"SearchAction\",\"target\":{\"@type\":\"EntryPoint\",\"urlTemplate\":\"https:\\\/\\\/www.accuratereviews.com\\\/it\\\/?s={search_term_string}\"},\"query-input\":{\"@type\":\"PropertyValueSpecification\",\"valueRequired\":true,\"valueName\":\"search_term_string\"}}],\"inLanguage\":\"it-IT\"}]}<\/script>\n<!-- \/ Yoast SEO plugin. -->","yoast_head_json":{"title":"Labeljoy recensione miglior software per etichette | Accurate Reviews","description":"Labeljoy \u00e8 il software per creare e stampare etichette, buste, tesserini, biglietti da visita, custodie: qualsiasi cosa abbia bisogno di essere stampata.","robots":{"index":"index","follow":"follow","max-snippet":"max-snippet:-1","max-image-preview":"max-image-preview:large","max-video-preview":"max-video-preview:-1"},"canonical":"https:\/\/www.accuratereviews.com\/it\/etichette-migliori-software-lista\/labeljoy\/","og_locale":"it_IT","og_type":"article","og_title":"Labeljoy recensione miglior software per etichette | Accurate Reviews","og_description":"Labeljoy \u00e8 il software per creare e stampare etichette, buste, tesserini, biglietti da visita, custodie: qualsiasi cosa abbia bisogno di essere stampata.","og_url":"https:\/\/www.accuratereviews.com\/it\/etichette-migliori-software-lista\/labeljoy\/","og_site_name":"Accurate Reviews","article_modified_time":"2026-02-05T10:52:12+00:00","og_image":[{"width":1487,"height":1001,"url":"https:\/\/www.accuratereviews.com\/wp-content\/uploads\/2019\/10\/labeljoy-barcode-software-main-screenshot.png","type":"image\/png"}],"twitter_card":"summary_large_image","twitter_misc":{"Tempo di lettura stimato":"6 minuti"},"schema":{"@context":"https:\/\/schema.org","@graph":[{"@type":"WebPage","@id":"https:\/\/www.accuratereviews.com\/it\/etichette-migliori-software-lista\/labeljoy\/","url":"https:\/\/www.accuratereviews.com\/it\/etichette-migliori-software-lista\/labeljoy\/","name":"Labeljoy recensione miglior software per etichette | Accurate Reviews","isPartOf":{"@id":"https:\/\/www.accuratereviews.com\/it\/#website"},"primaryImageOfPage":{"@id":"https:\/\/www.accuratereviews.com\/it\/etichette-migliori-software-lista\/labeljoy\/#primaryimage"},"image":{"@id":"https:\/\/www.accuratereviews.com\/it\/etichette-migliori-software-lista\/labeljoy\/#primaryimage"},"thumbnailUrl":"https:\/\/www.accuratereviews.com\/wp-content\/uploads\/2019\/10\/labeljoy-barcode-software-main-screenshot.png","datePublished":"2016-04-08T09:27:34+00:00","dateModified":"2026-02-05T10:52:12+00:00","description":"Labeljoy \u00e8 il software per creare e stampare etichette, buste, tesserini, biglietti da visita, custodie: qualsiasi cosa abbia bisogno di essere stampata.","breadcrumb":{"@id":"https:\/\/www.accuratereviews.com\/it\/etichette-migliori-software-lista\/labeljoy\/#breadcrumb"},"inLanguage":"it-IT","potentialAction":[{"@type":"ReadAction","target":["https:\/\/www.accuratereviews.com\/it\/etichette-migliori-software-lista\/labeljoy\/"]}]},{"@type":"ImageObject","inLanguage":"it-IT","@id":"https:\/\/www.accuratereviews.com\/it\/etichette-migliori-software-lista\/labeljoy\/#primaryimage","url":"https:\/\/www.accuratereviews.com\/wp-content\/uploads\/2019\/10\/labeljoy-barcode-software-main-screenshot.png","contentUrl":"https:\/\/www.accuratereviews.com\/wp-content\/uploads\/2019\/10\/labeljoy-barcode-software-main-screenshot.png"},{"@type":"BreadcrumbList","@id":"https:\/\/www.accuratereviews.com\/it\/etichette-migliori-software-lista\/labeljoy\/#breadcrumb","itemListElement":[{"@type":"ListItem","position":1,"name":"Home","item":"https:\/\/www.accuratereviews.com\/it\/"},{"@type":"ListItem","position":2,"name":"Etichette: i software migliori","item":"https:\/\/www.accuratereviews.com\/it\/etichette-migliori-software-lista\/"},{"@type":"ListItem","position":3,"name":"Labeljoy"}]},{"@type":"WebSite","@id":"https:\/\/www.accuratereviews.com\/it\/#website","url":"https:\/\/www.accuratereviews.com\/it\/","name":"Accurate Reviews","description":"","potentialAction":[{"@type":"SearchAction","target":{"@type":"EntryPoint","urlTemplate":"https:\/\/www.accuratereviews.com\/it\/?s={search_term_string}"},"query-input":{"@type":"PropertyValueSpecification","valueRequired":true,"valueName":"search_term_string"}}],"inLanguage":"it-IT"}]}},"_links":{"self":[{"href":"https:\/\/www.accuratereviews.com\/it\/wp-json\/wp\/v2\/pages\/5609","targetHints":{"allow":["GET"]}}],"collection":[{"href":"https:\/\/www.accuratereviews.com\/it\/wp-json\/wp\/v2\/pages"}],"about":[{"href":"https:\/\/www.accuratereviews.com\/it\/wp-json\/wp\/v2\/types\/page"}],"author":[{"embeddable":true,"href":"https:\/\/www.accuratereviews.com\/it\/wp-json\/wp\/v2\/users\/16"}],"replies":[{"embeddable":true,"href":"https:\/\/www.accuratereviews.com\/it\/wp-json\/wp\/v2\/comments?post=5609"}],"version-history":[{"count":20,"href":"https:\/\/www.accuratereviews.com\/it\/wp-json\/wp\/v2\/pages\/5609\/revisions"}],"predecessor-version":[{"id":106649,"href":"https:\/\/www.accuratereviews.com\/it\/wp-json\/wp\/v2\/pages\/5609\/revisions\/106649"}],"up":[{"embeddable":true,"href":"https:\/\/www.accuratereviews.com\/it\/wp-json\/wp\/v2\/pages\/5597"}],"wp:attachment":[{"href":"https:\/\/www.accuratereviews.com\/it\/wp-json\/wp\/v2\/media?parent=5609"}],"wp:term":[{"taxonomy":"category","embeddable":true,"href":"https:\/\/www.accuratereviews.com\/it\/wp-json\/wp\/v2\/categories?post=5609"},{"taxonomy":"post_tag","embeddable":true,"href":"https:\/\/www.accuratereviews.com\/it\/wp-json\/wp\/v2\/tags?post=5609"},{"taxonomy":"features","embeddable":true,"href":"https:\/\/www.accuratereviews.com\/it\/wp-json\/wp\/v2\/features?post=5609"}],"curies":[{"name":"wp","href":"https:\/\/api.w.org\/{rel}","templated":true}]}}