{"id":56100,"date":"2022-04-12T10:25:48","date_gmt":"2022-04-12T10:25:48","guid":{"rendered":"https:\/\/www.accuratereviews.com\/?page_id=56100"},"modified":"2022-04-12T10:25:48","modified_gmt":"2022-04-12T10:25:48","slug":"omadi-recensione","status":"publish","type":"page","link":"https:\/\/www.accuratereviews.com\/it\/software-assistenza-stradale\/omadi-recensione\/","title":{"rendered":"Omadi"},"content":{"rendered":"<p><strong>Omadi<\/strong> \u00e8 una <strong>soluzione basata su cloud<\/strong> per le aziende del <strong>settore del traino<\/strong>\u00a0che copre spedizione, gestione di flotte e cantieri, fatturazione, organizzazione delle relazioni con i clienti (CRM) e altro ancora. L&#8217;obiettivo finale \u00e8 aiutare le imprese a gestire l&#8217;intera azienda da un unico sistema.\u00a0Il software include un&#8217;interfaccia drag-and-drop che pu\u00f2 essere configurata per adattarsi alle procedure e ai processi aziendali. I veicoli possono essere tracciati in tempo reale grazie all&#8217;integrazione con i sistemi GPS telematici. Gli strumenti di gestione della flotta consentono agli utenti di monitorare conducenti, velocit\u00e0, carburante, sicurezza, spese, manutenzione e cicli di vita dei veicoli. I servizi, tra cui la rotazione dei pneumatici e il cambio dell&#8217;olio, possono essere prenotati direttamente nella soluzione.\u00a0L&#8217;app mobile nativa di Omadi per dispositivi iOS e Android funziona online o offline e offre moduli personalizzati, avvisi di invio, gestione di foto e video, acquisizione di firme elettroniche e altro ancora.<\/p>\n<h2>OMADI &#8211; TUTORIAL<\/h2>\n<p>Guardiamo insieme l&#8217;applicazione mobile di questa <strong>soluzione di assistenza stradale<\/strong>:<\/p>\n<div id=\"fluid-wrapper-counter-1\" class=\"g1-fluid-wrapper \" style=\"width:686px;\">\n<div style=\"padding-bottom:56.268221574344%;\"><iframe loading=\"lazy\" title=\"Omadi Mobile Management: a modern tool for a modern world  | Omadi.com\" width=\"686\" height=\"386\" src=\"https:\/\/www.youtube.com\/embed\/KnOYTLjGPyc?feature=oembed&amp;wmode=transparent&amp;autohide=1&amp;autoplay=0&amp;disablekb=0&amp;fs=1&amp;loop=0&amp;enablejsapi=1&amp;rel=0&amp;controls=2&amp;showinfo=0&amp;wmode=transparent&amp;autohide=2&amp;autoplay=0&amp;disablekb=0&amp;fs=1&amp;loop=0&amp;enablejsapi=1&amp;rel=0&amp;controls=2&amp;showinfo=1\" frameborder=\"0\" allow=\"accelerometer; autoplay; clipboard-write; encrypted-media; gyroscope; picture-in-picture\" allowfullscreen><\/iframe><\/div>\n<\/div>\n<h3>OMADI &#8211; CARATTERISTICHE<\/h3>\n<ul>\n<li><strong>Veloce<\/strong>: progettato per gli utenti che necessitano della migliore esperienza con l&#8217;app. Ogni aspetto dell&#8217;app \u00e8 stato creato pensando alla velocit\u00e0<\/li>\n<li><strong>Semplice<\/strong>: offre la migliore esperienza utente sul mercato, con il driver al centro della riprogettazione. L&#8217;app \u00e8 semplice ed estremamente intuitiva<\/li>\n<li><strong>Stabile<\/strong>: la stabilit\u00e0 \u00e8 stata la massima priorit\u00e0 nella creazione. D\u00ec addio a lunghi tempi di caricamento, arresti anomali e errori di sincronizzazione e saluta un&#8217;app che funziona tanto quanto te<\/li>\n<li><strong>Reportistica estes<\/strong>a: i report personalizzati aiutano le aziende a prendere decisioni di business intelligenti. Oltre ai report standard, \u00e8 possibile creare report personalizzati per misurare ci\u00f2 che conta di pi\u00f9 per la tua azienda<\/li>\n<li><strong>Gestisci fatturazione e buste paga:<\/strong> semplifica la creazione, l&#8217;accesso e l&#8217;invio di fatture personalizzabili con un semplice clic. Le fatture possono essere stampate o inviate via email ai clienti. Tirare i report non \u00e8 mai stato cos\u00ec facile per calcolare rapidamente le buste paga per i dipendenti a ore e con incarico, risparmiando ore di tempo<\/li>\n<li><strong>Invio digitale e app per driver:<\/strong> il semplice trascinamento della selezione della spedizione digitale e la nuova app per i conducenti del software fanno risparmiare alle aziende tempo e denaro.<\/li>\n<\/ul>\n<h4>LE RECENSIONI DEGLI UTENTI<\/h4>\n<p class=\"font-weight-bold mb-2\"><strong>Eric K.&#8221;Lo adoro. Consiglio!!!!&#8221;<\/strong><\/p>\n<p><span class=\"font-weight-bold\"><strong>Commenti<\/strong>: <\/span>Rende la spedizione molto pi\u00f9 facile e veloce, gli autisti portano a termine il lavoro in modo pi\u00f9 rapido e sicuro. Semplifica la vita nel trattare con i clienti.<\/p>\n<p class=\"font-weight-bold mb-2\"><strong>Pro<\/strong>:\u00a0Fornisce tutte le informazioni in un unico posto<\/p>\n<p class=\"font-weight-bold mb-2\"><strong>Contro<\/strong>:\u00a0Quando internet va gi\u00f9 non c&#8217;\u00e8 Omadi.<\/p>\n<p class=\"font-weight-bold mb-2\"><strong>Dianna L.&#8221;Eccellente, perfetto, sorprendente&#8221;<\/strong><\/p>\n<p><span class=\"font-weight-bold\"><strong>Commenti<\/strong>: <\/span>Il sistema Omadi consente alle aziende di lavorare in modo intelligente e non duro. \u00c8 semplice da usare. Chiunque pu\u00f2 usare Omadi.<\/p>\n<p class=\"font-weight-bold mb-2\"><strong>Pro<\/strong>:\u00a0Questo software ha risolto cos\u00ec tanti problemi per la nostra azienda che \u00e8 difficile quantificarli. Le funzionalit\u00e0 di reporting in tempo reale e la trasparenza che Omadi offre ai nostri rappresentanti sul campo, all&#8217;amministrazione e ai nostri clienti, consentono alla nostra azienda di lavorare in modo pi\u00f9 efficiente e di concentrarsi sulla fornitura di un servizio eccezionale.<\/p>\n<p class=\"font-weight-bold mb-2\"><strong>Steve W.&#8221;Eccezionale&#8221;<\/strong><\/p>\n<p><span class=\"font-weight-bold\"><strong>Commenti<\/strong>: <\/span>Quando abbiamo iniziato, pensavamo tutti che sarebbe stato troppo difficile. Abbiamo sbagliato. Niente pi\u00f9 biglietti bagnati sotto la pioggia. Il riempimento automatico dopo aver inserito le informazioni sui tag richiede molto meno tempo. Tutto viene spedito pi\u00f9 velocemente. Ottimo, \u00e8 tutto omadi, pu\u00f2 essere.<\/p>\n<p class=\"font-weight-bold mb-2\"><strong>Pro<\/strong>:\u00a0Non tenere il passo con i biglietti e tenere separati i soldi.<\/p>\n<p class=\"font-weight-bold mb-2\"><strong>Contro<\/strong>:\u00a0Niente che non mi piace di questo.<\/p>\n","protected":false},"excerpt":{"rendered":"<p>Omadi \u00e8 una soluzione basata su cloud per le aziende del settore del traino, che copre spedizione, gestione di flotte e cantieri, fatturazione, organizzazione delle relazioni con i clienti (CRM) e altro ancora. L&#8217;obiettivo finale \u00e8 aiutare le imprese a gestire l&#8217;intera azienda da un unico sistema.\u00a0Il software include un&#8217;interfaccia drag-and-drop che pu\u00f2 essere configurata per adattarsi alle procedure e ai processi aziendali.<\/p>\n","protected":false},"author":19,"featured_media":56107,"parent":55865,"menu_order":0,"comment_status":"open","ping_status":"closed","template":"g1_template_page_review_new.php","meta":{"_acf_changed":false,"cwp_meta_box_check":"Yes","cwp_rev_product_name":"","cwp_rev_product_image":"","wppr_links":[],"cwp_rev_price":"","wppr_options":[],"wppr_pros":[],"wppr_cons":[],"_monsterinsights_skip_tracking":false,"_monsterinsights_sitenote_active":false,"_monsterinsights_sitenote_note":"","_monsterinsights_sitenote_category":0,"footnotes":""},"categories":[12363],"tags":[12366,12417,12373,12372,12371,12370],"features":[],"class_list":{"0":"post-56100","1":"page","2":"type-page","3":"status-publish","4":"has-post-thumbnail","6":"category-software-assistenza-stradale-cat","7":"tag-assistenza-stradale","8":"tag-omadi","9":"tag-piattaforma-assistenza-stradale","10":"tag-programma-assistenza-stradale","11":"tag-software-assistenza-stradale","12":"tag-soluzione-assistenza-stradale"},"wppr_data":{"cwp_meta_box_check":"Yes","cwp_rev_product_name":"","cwp_rev_product_image":"","cwp_image_link":"image","cwp_rev_price":"","wppr_rating":"0.00"},"acf":[],"yoast_head":"<!-- This site is optimized with the Yoast SEO plugin v27.4 - https:\/\/yoast.com\/product\/yoast-seo-wordpress\/ -->\n<title>Omadi: recensione software assistenza stradale - Accurate Reviews<\/title>\n<meta name=\"description\" content=\"Omadi: recensione soluzione basata su cloud per le aziende del settore del traino, che copre spedizione, gestione di flotte e cantieri.\" \/>\n<meta name=\"robots\" content=\"index, follow, max-snippet:-1, max-image-preview:large, max-video-preview:-1\" \/>\n<link rel=\"canonical\" href=\"https:\/\/www.accuratereviews.com\/it\/software-assistenza-stradale\/omadi-recensione\/\" \/>\n<meta property=\"og:locale\" content=\"it_IT\" \/>\n<meta property=\"og:type\" content=\"article\" \/>\n<meta property=\"og:title\" content=\"Omadi: recensione software assistenza stradale - Accurate Reviews\" \/>\n<meta property=\"og:description\" content=\"Omadi: recensione soluzione basata su cloud per le aziende del settore del traino, che copre spedizione, gestione di flotte e cantieri.\" \/>\n<meta property=\"og:url\" content=\"https:\/\/www.accuratereviews.com\/it\/software-assistenza-stradale\/omadi-recensione\/\" \/>\n<meta property=\"og:site_name\" content=\"Accurate Reviews\" \/>\n<meta property=\"og:image\" content=\"https:\/\/www.accuratereviews.com\/wp-content\/uploads\/2022\/04\/Schermata-2022-04-12-alle-09.04.28.png\" \/>\n\t<meta property=\"og:image:width\" content=\"786\" \/>\n\t<meta property=\"og:image:height\" content=\"280\" \/>\n\t<meta property=\"og:image:type\" content=\"image\/png\" \/>\n<meta name=\"twitter:card\" content=\"summary_large_image\" \/>\n<meta name=\"twitter:label1\" content=\"Tempo di lettura stimato\" \/>\n\t<meta name=\"twitter:data1\" content=\"4 minuti\" \/>\n<script type=\"application\/ld+json\" class=\"yoast-schema-graph\">{\"@context\":\"https:\\\/\\\/schema.org\",\"@graph\":[{\"@type\":\"WebPage\",\"@id\":\"https:\\\/\\\/www.accuratereviews.com\\\/it\\\/software-assistenza-stradale\\\/omadi-recensione\\\/\",\"url\":\"https:\\\/\\\/www.accuratereviews.com\\\/it\\\/software-assistenza-stradale\\\/omadi-recensione\\\/\",\"name\":\"Omadi: recensione software assistenza stradale - Accurate Reviews\",\"isPartOf\":{\"@id\":\"https:\\\/\\\/www.accuratereviews.com\\\/it\\\/#website\"},\"primaryImageOfPage\":{\"@id\":\"https:\\\/\\\/www.accuratereviews.com\\\/it\\\/software-assistenza-stradale\\\/omadi-recensione\\\/#primaryimage\"},\"image\":{\"@id\":\"https:\\\/\\\/www.accuratereviews.com\\\/it\\\/software-assistenza-stradale\\\/omadi-recensione\\\/#primaryimage\"},\"thumbnailUrl\":\"https:\\\/\\\/www.accuratereviews.com\\\/wp-content\\\/uploads\\\/2022\\\/04\\\/Schermata-2022-04-12-alle-09.04.28.png\",\"datePublished\":\"2022-04-12T10:25:48+00:00\",\"description\":\"Omadi: recensione soluzione basata su cloud per le aziende del settore del traino, che copre spedizione, gestione di flotte e cantieri.\",\"breadcrumb\":{\"@id\":\"https:\\\/\\\/www.accuratereviews.com\\\/it\\\/software-assistenza-stradale\\\/omadi-recensione\\\/#breadcrumb\"},\"inLanguage\":\"it-IT\",\"potentialAction\":[{\"@type\":\"ReadAction\",\"target\":[\"https:\\\/\\\/www.accuratereviews.com\\\/it\\\/software-assistenza-stradale\\\/omadi-recensione\\\/\"]}]},{\"@type\":\"ImageObject\",\"inLanguage\":\"it-IT\",\"@id\":\"https:\\\/\\\/www.accuratereviews.com\\\/it\\\/software-assistenza-stradale\\\/omadi-recensione\\\/#primaryimage\",\"url\":\"https:\\\/\\\/www.accuratereviews.com\\\/wp-content\\\/uploads\\\/2022\\\/04\\\/Schermata-2022-04-12-alle-09.04.28.png\",\"contentUrl\":\"https:\\\/\\\/www.accuratereviews.com\\\/wp-content\\\/uploads\\\/2022\\\/04\\\/Schermata-2022-04-12-alle-09.04.28.png\",\"width\":786,\"height\":280},{\"@type\":\"BreadcrumbList\",\"@id\":\"https:\\\/\\\/www.accuratereviews.com\\\/it\\\/software-assistenza-stradale\\\/omadi-recensione\\\/#breadcrumb\",\"itemListElement\":[{\"@type\":\"ListItem\",\"position\":1,\"name\":\"Home\",\"item\":\"https:\\\/\\\/www.accuratereviews.com\\\/it\\\/\"},{\"@type\":\"ListItem\",\"position\":2,\"name\":\"Software per assistenza stradale\",\"item\":\"https:\\\/\\\/www.accuratereviews.com\\\/it\\\/software-assistenza-stradale\\\/\"},{\"@type\":\"ListItem\",\"position\":3,\"name\":\"Omadi\"}]},{\"@type\":\"WebSite\",\"@id\":\"https:\\\/\\\/www.accuratereviews.com\\\/it\\\/#website\",\"url\":\"https:\\\/\\\/www.accuratereviews.com\\\/it\\\/\",\"name\":\"Accurate Reviews\",\"description\":\"\",\"potentialAction\":[{\"@type\":\"SearchAction\",\"target\":{\"@type\":\"EntryPoint\",\"urlTemplate\":\"https:\\\/\\\/www.accuratereviews.com\\\/it\\\/?s={search_term_string}\"},\"query-input\":{\"@type\":\"PropertyValueSpecification\",\"valueRequired\":true,\"valueName\":\"search_term_string\"}}],\"inLanguage\":\"it-IT\"}]}<\/script>\n<!-- \/ Yoast SEO plugin. -->","yoast_head_json":{"title":"Omadi: recensione software assistenza stradale - Accurate Reviews","description":"Omadi: recensione soluzione basata su cloud per le aziende del settore del traino, che copre spedizione, gestione di flotte e cantieri.","robots":{"index":"index","follow":"follow","max-snippet":"max-snippet:-1","max-image-preview":"max-image-preview:large","max-video-preview":"max-video-preview:-1"},"canonical":"https:\/\/www.accuratereviews.com\/it\/software-assistenza-stradale\/omadi-recensione\/","og_locale":"it_IT","og_type":"article","og_title":"Omadi: recensione software assistenza stradale - Accurate Reviews","og_description":"Omadi: recensione soluzione basata su cloud per le aziende del settore del traino, che copre spedizione, gestione di flotte e cantieri.","og_url":"https:\/\/www.accuratereviews.com\/it\/software-assistenza-stradale\/omadi-recensione\/","og_site_name":"Accurate Reviews","og_image":[{"width":786,"height":280,"url":"https:\/\/www.accuratereviews.com\/wp-content\/uploads\/2022\/04\/Schermata-2022-04-12-alle-09.04.28.png","type":"image\/png"}],"twitter_card":"summary_large_image","twitter_misc":{"Tempo di lettura stimato":"4 minuti"},"schema":{"@context":"https:\/\/schema.org","@graph":[{"@type":"WebPage","@id":"https:\/\/www.accuratereviews.com\/it\/software-assistenza-stradale\/omadi-recensione\/","url":"https:\/\/www.accuratereviews.com\/it\/software-assistenza-stradale\/omadi-recensione\/","name":"Omadi: recensione software assistenza stradale - Accurate Reviews","isPartOf":{"@id":"https:\/\/www.accuratereviews.com\/it\/#website"},"primaryImageOfPage":{"@id":"https:\/\/www.accuratereviews.com\/it\/software-assistenza-stradale\/omadi-recensione\/#primaryimage"},"image":{"@id":"https:\/\/www.accuratereviews.com\/it\/software-assistenza-stradale\/omadi-recensione\/#primaryimage"},"thumbnailUrl":"https:\/\/www.accuratereviews.com\/wp-content\/uploads\/2022\/04\/Schermata-2022-04-12-alle-09.04.28.png","datePublished":"2022-04-12T10:25:48+00:00","description":"Omadi: recensione soluzione basata su cloud per le aziende del settore del traino, che copre spedizione, gestione di flotte e cantieri.","breadcrumb":{"@id":"https:\/\/www.accuratereviews.com\/it\/software-assistenza-stradale\/omadi-recensione\/#breadcrumb"},"inLanguage":"it-IT","potentialAction":[{"@type":"ReadAction","target":["https:\/\/www.accuratereviews.com\/it\/software-assistenza-stradale\/omadi-recensione\/"]}]},{"@type":"ImageObject","inLanguage":"it-IT","@id":"https:\/\/www.accuratereviews.com\/it\/software-assistenza-stradale\/omadi-recensione\/#primaryimage","url":"https:\/\/www.accuratereviews.com\/wp-content\/uploads\/2022\/04\/Schermata-2022-04-12-alle-09.04.28.png","contentUrl":"https:\/\/www.accuratereviews.com\/wp-content\/uploads\/2022\/04\/Schermata-2022-04-12-alle-09.04.28.png","width":786,"height":280},{"@type":"BreadcrumbList","@id":"https:\/\/www.accuratereviews.com\/it\/software-assistenza-stradale\/omadi-recensione\/#breadcrumb","itemListElement":[{"@type":"ListItem","position":1,"name":"Home","item":"https:\/\/www.accuratereviews.com\/it\/"},{"@type":"ListItem","position":2,"name":"Software per assistenza stradale","item":"https:\/\/www.accuratereviews.com\/it\/software-assistenza-stradale\/"},{"@type":"ListItem","position":3,"name":"Omadi"}]},{"@type":"WebSite","@id":"https:\/\/www.accuratereviews.com\/it\/#website","url":"https:\/\/www.accuratereviews.com\/it\/","name":"Accurate Reviews","description":"","potentialAction":[{"@type":"SearchAction","target":{"@type":"EntryPoint","urlTemplate":"https:\/\/www.accuratereviews.com\/it\/?s={search_term_string}"},"query-input":{"@type":"PropertyValueSpecification","valueRequired":true,"valueName":"search_term_string"}}],"inLanguage":"it-IT"}]}},"_links":{"self":[{"href":"https:\/\/www.accuratereviews.com\/it\/wp-json\/wp\/v2\/pages\/56100","targetHints":{"allow":["GET"]}}],"collection":[{"href":"https:\/\/www.accuratereviews.com\/it\/wp-json\/wp\/v2\/pages"}],"about":[{"href":"https:\/\/www.accuratereviews.com\/it\/wp-json\/wp\/v2\/types\/page"}],"author":[{"embeddable":true,"href":"https:\/\/www.accuratereviews.com\/it\/wp-json\/wp\/v2\/users\/19"}],"replies":[{"embeddable":true,"href":"https:\/\/www.accuratereviews.com\/it\/wp-json\/wp\/v2\/comments?post=56100"}],"version-history":[{"count":15,"href":"https:\/\/www.accuratereviews.com\/it\/wp-json\/wp\/v2\/pages\/56100\/revisions"}],"predecessor-version":[{"id":56173,"href":"https:\/\/www.accuratereviews.com\/it\/wp-json\/wp\/v2\/pages\/56100\/revisions\/56173"}],"up":[{"embeddable":true,"href":"https:\/\/www.accuratereviews.com\/it\/wp-json\/wp\/v2\/pages\/55865"}],"wp:featuredmedia":[{"embeddable":true,"href":"https:\/\/www.accuratereviews.com\/it\/wp-json\/wp\/v2\/media\/56107"}],"wp:attachment":[{"href":"https:\/\/www.accuratereviews.com\/it\/wp-json\/wp\/v2\/media?parent=56100"}],"wp:term":[{"taxonomy":"category","embeddable":true,"href":"https:\/\/www.accuratereviews.com\/it\/wp-json\/wp\/v2\/categories?post=56100"},{"taxonomy":"post_tag","embeddable":true,"href":"https:\/\/www.accuratereviews.com\/it\/wp-json\/wp\/v2\/tags?post=56100"},{"taxonomy":"features","embeddable":true,"href":"https:\/\/www.accuratereviews.com\/it\/wp-json\/wp\/v2\/features?post=56100"}],"curies":[{"name":"wp","href":"https:\/\/api.w.org\/{rel}","templated":true}]}}