{"id":56166,"date":"2022-04-13T09:54:21","date_gmt":"2022-04-13T09:54:21","guid":{"rendered":"https:\/\/www.accuratereviews.com\/?page_id=56166"},"modified":"2022-04-13T09:54:21","modified_gmt":"2022-04-13T09:54:21","slug":"dossier-recensione","status":"publish","type":"page","link":"https:\/\/www.accuratereviews.com\/it\/software-assistenza-stradale\/dossier-recensione\/","title":{"rendered":"Dossier Fleet Maintenance"},"content":{"rendered":"<p><strong>Dossier<\/strong> \u00e8 un <strong>software di gestione e monitoraggio della flotta<\/strong> per le aziende di trasporti. La soluzione offre una panoramica completa della flotta, inclusi conducenti, attrezzature e altre risorse. Il software \u00e8 scalabile per adattarsi a flotte e apparecchiature di tutti i tipi e dimensioni. Il programma fornisce un dashboard delle attivit\u00e0 che consente di avere informazioni in tempo reale su lavori in sospeso, ordini di riparazione, disponibilit\u00e0 dei conducenti e stato di consegna in tempo reale. Le funzioni di pianificazione e manutenzione predittive aiutano a massimizzare la produttivit\u00e0 della flotta e il ROI monitorando ed eseguendo programmi di manutenzione. Con il software <strong>Dossier<\/strong>, gli amministratori possono gestire e registrare le informazioni personali dei loro conducenti e membri del personale in un&#8217;unica posizione centrale, tracciare la posizione GPS, rispettare le normative DOT e OSHA e generazione di vari rapporti commerciali.<\/p>\n<h2>DOSSIER &#8211; TUTORIAL<\/h2>\n<p>Guardiamo le testimonianze su questo<strong> software di assistenza stradale<\/strong>:<\/p>\n<div id=\"fluid-wrapper-counter-1\" class=\"g1-fluid-wrapper \" style=\"width:686px;\">\n<div style=\"padding-bottom:56.268221574344%;\"><iframe loading=\"lazy\" title=\"Dossier Fleet Maintenance Software\" width=\"686\" height=\"386\" src=\"https:\/\/www.youtube.com\/embed\/1tei2zYk4BM?start=3&#038;feature=oembed&amp;wmode=transparent&amp;autohide=1&amp;autoplay=0&amp;disablekb=0&amp;fs=1&amp;loop=0&amp;enablejsapi=1&amp;rel=0&amp;controls=2&amp;showinfo=0&amp;wmode=transparent&amp;autohide=2&amp;autoplay=0&amp;disablekb=0&amp;fs=1&amp;loop=0&amp;enablejsapi=1&amp;rel=0&amp;controls=2&amp;showinfo=1\" frameborder=\"0\" allow=\"accelerometer; autoplay; clipboard-write; encrypted-media; gyroscope; picture-in-picture\" allowfullscreen><\/iframe><\/div>\n<\/div>\n<h3>DOSSIER FLEET MAINTENANCE &#8211; CARATTERISTICHE<\/h3>\n<ul>\n<li>Aiuta le unit\u00e0 aziendali a controllare ogni aspetto del processo di gestione dell&#8217;inventario, inclusi la registrazione, il monitoraggio, la determinazione dei costi e il riordino automatico delle parti<\/li>\n<li>Offre una dashboard in tempo reale per monitorare il consumo di carburante e i relativi costi per determinare le tendenze di efficienza e identificare le flotte con una scarsa efficienza del carburante<\/li>\n<li>Registra e monitora ogni interazione con i propri fornitori, inclusa la cronologia degli acquisti, le spese dei fornitori, i dettagli di pagamento e altro ancora<\/li>\n<li>Supporta codici VMRS a 9 cifre per la generazione e la scansione di ordini di riparazione, preventivi e documenti simili per approvazioni di documenti pi\u00f9 rapide con immissione manuale minima di dati<\/li>\n<li>Invia notifiche personalizzate al proprio personale e ai conducenti della flotta quando \u00e8 necessaria la manutenzione della flotta o quando viene assegnato un nuovo ordine di lavoro.<\/li>\n<\/ul>\n<h4>LE RECENSIONI DEGLI UTENTI<\/h4>\n<p class=\"font-weight-bold mb-2\"><strong>Marko S.&#8221;Efficace manutenzione della flotta&#8221;<\/strong><\/p>\n<p><span class=\"font-weight-bold\"><strong>Commenti<\/strong>: <\/span>Semplice ed efficace. Dopo pochi mesi di utilizzo si sono verificati solo alcuni piccoli problemi.<\/p>\n<p><strong>Pro<\/strong>:\u00a0Ottimo per monitorare le riparazioni\/manutenzioni di un&#8217;intera flotta di camion. Molto funzionale.<\/p>\n<p class=\"font-weight-bold mb-2\"><strong>Contro<\/strong>:\u00a0Alcune delle funzionalit\u00e0 pi\u00f9 avanzate possono essere difficili da comprendere. Inoltre, a seconda di come \u00e8 configurata la rete aziendale, potresti riscontrare problemi durante il primo tentativo di accesso remoto.<\/p>\n<p class=\"font-weight-bold mb-2\"><strong>Tiffany O.&#8221;Semplice gestione del servizio di flotta!&#8221;<\/strong><\/p>\n<p><span class=\"font-weight-bold\"><strong>Commenti<\/strong>: <\/span>Utilizziamo Dossier per gestire le riparazioni della nostra flotta e la manutenzione preventiva.<\/p>\n<p class=\"font-weight-bold mb-2\"><strong>Pro<\/strong>:\u00a0Il supporto dei dossier \u00e8 eccellente. Siamo in grado di tenere traccia di tutti i nostri ordini di manutenzione e riparazione preventiva facilmente utilizzando Dossier. Mi piace che ci dia anche un modo per tenere traccia di tutti i diversi numeri importanti per ciascuna unit\u00e0 e ci consenta di inserire note per tenere traccia delle riparazioni passate. Trovo anche molto vantaggiosa la possibilit\u00e0 di fare in modo che i dossier creino rapporti giornalieri.<\/p>\n<p class=\"font-weight-bold mb-2\"><strong>Contro<\/strong>:\u00a0A volte trovo difficile capire come modificare le autorizzazioni di cui dispongono i miei dipendenti e a volte non hanno accesso per apportare modifiche quando necessario a causa di ci\u00f2.<\/p>\n<p class=\"font-weight-bold mb-2\"><strong>Andrea F.&#8221;Il miglior programma per il monitoraggio delle informazioni su attrezzature pesanti&#8221;<\/strong><\/p>\n<p class=\"font-weight-bold mb-2\"><strong>Pro<\/strong>:\u00a0Adoro il modo in cui questo sistema tiene traccia delle ispezioni e delle riparazioni su attrezzature pesanti e camion. Di facile utilizzo<\/p>\n<p class=\"font-weight-bold mb-2\"><strong>Contro<\/strong>:\u00a0Non ci sono davvero contro in questo programma, ma se dovessi cambiare qualcosa al riguardo forse rendere i rapporti pi\u00f9 facili da usare<\/p>\n<p>&nbsp;<\/p>\n","protected":false},"excerpt":{"rendered":"<p>Dossier \u00e8 un software di gestione e monitoraggio della flotta per le aziende del settore dei trasporti. La soluzione offre una panoramica completa della flotta, inclusi conducenti, attrezzature e altre risorse. Il software \u00e8 scalabile per adattarsi a flotte e apparecchiature di tutti i tipi e dimensioni. Il programma fornisce un dashboard delle attivit\u00e0 che consente di avere informazioni in tempo reale su lavori in sospeso, ordini di riparazione, disponibilit\u00e0 dei conducenti e stato di consegna in tempo reale.<\/p>\n","protected":false},"author":19,"featured_media":56167,"parent":55865,"menu_order":0,"comment_status":"open","ping_status":"closed","template":"g1_template_page_review_new.php","meta":{"_acf_changed":false,"cwp_meta_box_check":"Yes","cwp_rev_product_name":"","cwp_rev_product_image":"","wppr_links":[],"cwp_rev_price":"","wppr_options":[],"wppr_pros":[],"wppr_cons":[],"_monsterinsights_skip_tracking":false,"_monsterinsights_sitenote_active":false,"_monsterinsights_sitenote_note":"","_monsterinsights_sitenote_category":0,"footnotes":""},"categories":[12363],"tags":[12366,12425,12373,12372,12371,12370],"features":[],"class_list":{"0":"post-56166","1":"page","2":"type-page","3":"status-publish","4":"has-post-thumbnail","6":"category-software-assistenza-stradale-cat","7":"tag-assistenza-stradale","8":"tag-dossier-fleet-maintenance","9":"tag-piattaforma-assistenza-stradale","10":"tag-programma-assistenza-stradale","11":"tag-software-assistenza-stradale","12":"tag-soluzione-assistenza-stradale"},"wppr_data":{"cwp_meta_box_check":"Yes","cwp_rev_product_name":"","cwp_rev_product_image":"","cwp_image_link":"image","cwp_rev_price":"","wppr_rating":"0.00"},"acf":[],"yoast_head":"<!-- This site is optimized with the Yoast SEO plugin v27.4 - https:\/\/yoast.com\/product\/yoast-seo-wordpress\/ -->\n<title>Dossier: recensione software assistenza stradale - Accurate Reviews<\/title>\n<meta name=\"description\" content=\"Dossier: recensione software di gestione e monitoraggio della flotta per le aziende del settore dei trasporti.\" \/>\n<meta name=\"robots\" content=\"index, follow, max-snippet:-1, max-image-preview:large, max-video-preview:-1\" \/>\n<link rel=\"canonical\" href=\"https:\/\/www.accuratereviews.com\/it\/software-assistenza-stradale\/dossier-recensione\/\" \/>\n<meta property=\"og:locale\" content=\"it_IT\" \/>\n<meta property=\"og:type\" content=\"article\" \/>\n<meta property=\"og:title\" content=\"Dossier: recensione software assistenza stradale - Accurate Reviews\" \/>\n<meta property=\"og:description\" content=\"Dossier: recensione software di gestione e monitoraggio della flotta per le aziende del settore dei trasporti.\" \/>\n<meta property=\"og:url\" content=\"https:\/\/www.accuratereviews.com\/it\/software-assistenza-stradale\/dossier-recensione\/\" \/>\n<meta property=\"og:site_name\" content=\"Accurate Reviews\" \/>\n<meta property=\"og:image\" content=\"https:\/\/www.accuratereviews.com\/wp-content\/uploads\/2022\/04\/Dossier-Fleet-Maintenance.webp\" \/>\n\t<meta property=\"og:image:width\" content=\"256\" \/>\n\t<meta property=\"og:image:height\" content=\"256\" \/>\n\t<meta property=\"og:image:type\" content=\"image\/webp\" \/>\n<meta name=\"twitter:card\" content=\"summary_large_image\" \/>\n<meta name=\"twitter:label1\" content=\"Tempo di lettura stimato\" \/>\n\t<meta name=\"twitter:data1\" content=\"3 minuti\" \/>\n<script type=\"application\/ld+json\" class=\"yoast-schema-graph\">{\"@context\":\"https:\\\/\\\/schema.org\",\"@graph\":[{\"@type\":\"WebPage\",\"@id\":\"https:\\\/\\\/www.accuratereviews.com\\\/it\\\/software-assistenza-stradale\\\/dossier-recensione\\\/\",\"url\":\"https:\\\/\\\/www.accuratereviews.com\\\/it\\\/software-assistenza-stradale\\\/dossier-recensione\\\/\",\"name\":\"Dossier: recensione software assistenza stradale - Accurate Reviews\",\"isPartOf\":{\"@id\":\"https:\\\/\\\/www.accuratereviews.com\\\/it\\\/#website\"},\"primaryImageOfPage\":{\"@id\":\"https:\\\/\\\/www.accuratereviews.com\\\/it\\\/software-assistenza-stradale\\\/dossier-recensione\\\/#primaryimage\"},\"image\":{\"@id\":\"https:\\\/\\\/www.accuratereviews.com\\\/it\\\/software-assistenza-stradale\\\/dossier-recensione\\\/#primaryimage\"},\"thumbnailUrl\":\"https:\\\/\\\/www.accuratereviews.com\\\/wp-content\\\/uploads\\\/2022\\\/04\\\/Dossier-Fleet-Maintenance.webp\",\"datePublished\":\"2022-04-13T09:54:21+00:00\",\"description\":\"Dossier: recensione software di gestione e monitoraggio della flotta per le aziende del settore dei trasporti.\",\"breadcrumb\":{\"@id\":\"https:\\\/\\\/www.accuratereviews.com\\\/it\\\/software-assistenza-stradale\\\/dossier-recensione\\\/#breadcrumb\"},\"inLanguage\":\"it-IT\",\"potentialAction\":[{\"@type\":\"ReadAction\",\"target\":[\"https:\\\/\\\/www.accuratereviews.com\\\/it\\\/software-assistenza-stradale\\\/dossier-recensione\\\/\"]}]},{\"@type\":\"ImageObject\",\"inLanguage\":\"it-IT\",\"@id\":\"https:\\\/\\\/www.accuratereviews.com\\\/it\\\/software-assistenza-stradale\\\/dossier-recensione\\\/#primaryimage\",\"url\":\"https:\\\/\\\/www.accuratereviews.com\\\/wp-content\\\/uploads\\\/2022\\\/04\\\/Dossier-Fleet-Maintenance.webp\",\"contentUrl\":\"https:\\\/\\\/www.accuratereviews.com\\\/wp-content\\\/uploads\\\/2022\\\/04\\\/Dossier-Fleet-Maintenance.webp\",\"width\":256,\"height\":256},{\"@type\":\"BreadcrumbList\",\"@id\":\"https:\\\/\\\/www.accuratereviews.com\\\/it\\\/software-assistenza-stradale\\\/dossier-recensione\\\/#breadcrumb\",\"itemListElement\":[{\"@type\":\"ListItem\",\"position\":1,\"name\":\"Home\",\"item\":\"https:\\\/\\\/www.accuratereviews.com\\\/it\\\/\"},{\"@type\":\"ListItem\",\"position\":2,\"name\":\"Software per assistenza stradale\",\"item\":\"https:\\\/\\\/www.accuratereviews.com\\\/it\\\/software-assistenza-stradale\\\/\"},{\"@type\":\"ListItem\",\"position\":3,\"name\":\"Dossier Fleet Maintenance\"}]},{\"@type\":\"WebSite\",\"@id\":\"https:\\\/\\\/www.accuratereviews.com\\\/it\\\/#website\",\"url\":\"https:\\\/\\\/www.accuratereviews.com\\\/it\\\/\",\"name\":\"Accurate Reviews\",\"description\":\"\",\"potentialAction\":[{\"@type\":\"SearchAction\",\"target\":{\"@type\":\"EntryPoint\",\"urlTemplate\":\"https:\\\/\\\/www.accuratereviews.com\\\/it\\\/?s={search_term_string}\"},\"query-input\":{\"@type\":\"PropertyValueSpecification\",\"valueRequired\":true,\"valueName\":\"search_term_string\"}}],\"inLanguage\":\"it-IT\"}]}<\/script>\n<!-- \/ Yoast SEO plugin. -->","yoast_head_json":{"title":"Dossier: recensione software assistenza stradale - Accurate Reviews","description":"Dossier: recensione software di gestione e monitoraggio della flotta per le aziende del settore dei trasporti.","robots":{"index":"index","follow":"follow","max-snippet":"max-snippet:-1","max-image-preview":"max-image-preview:large","max-video-preview":"max-video-preview:-1"},"canonical":"https:\/\/www.accuratereviews.com\/it\/software-assistenza-stradale\/dossier-recensione\/","og_locale":"it_IT","og_type":"article","og_title":"Dossier: recensione software assistenza stradale - Accurate Reviews","og_description":"Dossier: recensione software di gestione e monitoraggio della flotta per le aziende del settore dei trasporti.","og_url":"https:\/\/www.accuratereviews.com\/it\/software-assistenza-stradale\/dossier-recensione\/","og_site_name":"Accurate Reviews","og_image":[{"width":256,"height":256,"url":"https:\/\/www.accuratereviews.com\/wp-content\/uploads\/2022\/04\/Dossier-Fleet-Maintenance.webp","type":"image\/webp"}],"twitter_card":"summary_large_image","twitter_misc":{"Tempo di lettura stimato":"3 minuti"},"schema":{"@context":"https:\/\/schema.org","@graph":[{"@type":"WebPage","@id":"https:\/\/www.accuratereviews.com\/it\/software-assistenza-stradale\/dossier-recensione\/","url":"https:\/\/www.accuratereviews.com\/it\/software-assistenza-stradale\/dossier-recensione\/","name":"Dossier: recensione software assistenza stradale - Accurate Reviews","isPartOf":{"@id":"https:\/\/www.accuratereviews.com\/it\/#website"},"primaryImageOfPage":{"@id":"https:\/\/www.accuratereviews.com\/it\/software-assistenza-stradale\/dossier-recensione\/#primaryimage"},"image":{"@id":"https:\/\/www.accuratereviews.com\/it\/software-assistenza-stradale\/dossier-recensione\/#primaryimage"},"thumbnailUrl":"https:\/\/www.accuratereviews.com\/wp-content\/uploads\/2022\/04\/Dossier-Fleet-Maintenance.webp","datePublished":"2022-04-13T09:54:21+00:00","description":"Dossier: recensione software di gestione e monitoraggio della flotta per le aziende del settore dei trasporti.","breadcrumb":{"@id":"https:\/\/www.accuratereviews.com\/it\/software-assistenza-stradale\/dossier-recensione\/#breadcrumb"},"inLanguage":"it-IT","potentialAction":[{"@type":"ReadAction","target":["https:\/\/www.accuratereviews.com\/it\/software-assistenza-stradale\/dossier-recensione\/"]}]},{"@type":"ImageObject","inLanguage":"it-IT","@id":"https:\/\/www.accuratereviews.com\/it\/software-assistenza-stradale\/dossier-recensione\/#primaryimage","url":"https:\/\/www.accuratereviews.com\/wp-content\/uploads\/2022\/04\/Dossier-Fleet-Maintenance.webp","contentUrl":"https:\/\/www.accuratereviews.com\/wp-content\/uploads\/2022\/04\/Dossier-Fleet-Maintenance.webp","width":256,"height":256},{"@type":"BreadcrumbList","@id":"https:\/\/www.accuratereviews.com\/it\/software-assistenza-stradale\/dossier-recensione\/#breadcrumb","itemListElement":[{"@type":"ListItem","position":1,"name":"Home","item":"https:\/\/www.accuratereviews.com\/it\/"},{"@type":"ListItem","position":2,"name":"Software per assistenza stradale","item":"https:\/\/www.accuratereviews.com\/it\/software-assistenza-stradale\/"},{"@type":"ListItem","position":3,"name":"Dossier Fleet Maintenance"}]},{"@type":"WebSite","@id":"https:\/\/www.accuratereviews.com\/it\/#website","url":"https:\/\/www.accuratereviews.com\/it\/","name":"Accurate Reviews","description":"","potentialAction":[{"@type":"SearchAction","target":{"@type":"EntryPoint","urlTemplate":"https:\/\/www.accuratereviews.com\/it\/?s={search_term_string}"},"query-input":{"@type":"PropertyValueSpecification","valueRequired":true,"valueName":"search_term_string"}}],"inLanguage":"it-IT"}]}},"_links":{"self":[{"href":"https:\/\/www.accuratereviews.com\/it\/wp-json\/wp\/v2\/pages\/56166","targetHints":{"allow":["GET"]}}],"collection":[{"href":"https:\/\/www.accuratereviews.com\/it\/wp-json\/wp\/v2\/pages"}],"about":[{"href":"https:\/\/www.accuratereviews.com\/it\/wp-json\/wp\/v2\/types\/page"}],"author":[{"embeddable":true,"href":"https:\/\/www.accuratereviews.com\/it\/wp-json\/wp\/v2\/users\/19"}],"replies":[{"embeddable":true,"href":"https:\/\/www.accuratereviews.com\/it\/wp-json\/wp\/v2\/comments?post=56166"}],"version-history":[{"count":5,"href":"https:\/\/www.accuratereviews.com\/it\/wp-json\/wp\/v2\/pages\/56166\/revisions"}],"predecessor-version":[{"id":56208,"href":"https:\/\/www.accuratereviews.com\/it\/wp-json\/wp\/v2\/pages\/56166\/revisions\/56208"}],"up":[{"embeddable":true,"href":"https:\/\/www.accuratereviews.com\/it\/wp-json\/wp\/v2\/pages\/55865"}],"wp:featuredmedia":[{"embeddable":true,"href":"https:\/\/www.accuratereviews.com\/it\/wp-json\/wp\/v2\/media\/56167"}],"wp:attachment":[{"href":"https:\/\/www.accuratereviews.com\/it\/wp-json\/wp\/v2\/media?parent=56166"}],"wp:term":[{"taxonomy":"category","embeddable":true,"href":"https:\/\/www.accuratereviews.com\/it\/wp-json\/wp\/v2\/categories?post=56166"},{"taxonomy":"post_tag","embeddable":true,"href":"https:\/\/www.accuratereviews.com\/it\/wp-json\/wp\/v2\/tags?post=56166"},{"taxonomy":"features","embeddable":true,"href":"https:\/\/www.accuratereviews.com\/it\/wp-json\/wp\/v2\/features?post=56166"}],"curies":[{"name":"wp","href":"https:\/\/api.w.org\/{rel}","templated":true}]}}