{"id":56175,"date":"2022-04-13T09:56:51","date_gmt":"2022-04-13T09:56:51","guid":{"rendered":"https:\/\/www.accuratereviews.com\/?page_id=56175"},"modified":"2022-04-13T09:56:51","modified_gmt":"2022-04-13T09:56:51","slug":"husky-intelligence-recensione","status":"publish","type":"page","link":"https:\/\/www.accuratereviews.com\/it\/software-assistenza-stradale\/husky-intelligence-recensione\/","title":{"rendered":"Husky Intelligence"},"content":{"rendered":"<p><b>Husky Intelligence <\/b>\u00e8 un sistema basato su <strong>cloud<\/strong> per le <strong>societ\u00e0 di assistenza sul campo<\/strong> che dispone di strumenti per aiutare gli utenti a navigare nel processo di vendita, effettuare ordini di lavoro, inviare chiamate e fatture. Offre anche un modulo per la creazione di report personalizzati. Lo strumento di pianificazione e invio offre funzionalit\u00e0 di trascinamento della selezione e invio in tempo reale. Gli utenti sul campo possono visualizzare i lavori della giornata, aggiornare gli ordini per la fatturazione e altro ancora. Gli strumenti GPS offrono al personale dell&#8217;ufficio la possibilit\u00e0 di rintracciare chi \u00e8 sul campo e dove. Il programma fornisce uno strumento di reporting delle vendite personalizzabile chiamato Closer. All&#8217;interno di questo modulo, gli utenti possono accedere a un riepilogo dei progetti di vendita, a dati sulla performance per mese, trimestre e anno e a una ripartizione dello stato dei lead per settimana.<\/p>\n<h2>HUSKY INTELLIGENCE &#8211; TUTORIAL<\/h2>\n<p>Guardiamo insieme questo tutorial sulle principali funzioni di questo<strong> software per assistenza stradale<\/strong>:<\/p>\n<div id=\"fluid-wrapper-counter-1\" class=\"g1-fluid-wrapper \" style=\"width:686px;\">\n<div style=\"padding-bottom:56.268221574344%;\"><iframe loading=\"lazy\" title=\"Husky Intelligence - Overview\" width=\"515\" height=\"386\" src=\"https:\/\/www.youtube.com\/embed\/JbITk3SYQvw?feature=oembed&amp;wmode=transparent&amp;autohide=1&amp;autoplay=0&amp;disablekb=0&amp;fs=1&amp;loop=0&amp;enablejsapi=1&amp;rel=0&amp;controls=2&amp;showinfo=0&amp;wmode=transparent&amp;autohide=2&amp;autoplay=0&amp;disablekb=0&amp;fs=1&amp;loop=0&amp;enablejsapi=1&amp;rel=0&amp;controls=2&amp;showinfo=1\" frameborder=\"0\" allow=\"accelerometer; autoplay; clipboard-write; encrypted-media; gyroscope; picture-in-picture\" allowfullscreen><\/iframe><\/div>\n<\/div>\n<h3>HUSKY INTELLIGENCE\u00a0<span style=\"font-size: 16px;\">&#8211; CARATTERISTICHE<\/span><\/h3>\n<ul>\n<li><strong>Ordini di lavoro semplici e basati su moduli<\/strong>: inserisci facilmente le informazioni sui clienti e i nuovi ordini di lavoro generati automaticamente<\/li>\n<li><strong>Semplificazione degli ordini di follow-up dei clienti:<\/strong> il personale di vendita pu\u00f2 accedere a qualsiasi record del cliente, monitorare gli obiettivi, seguire i clienti e chiudere nuove attivit\u00e0 utilizzando le potenti funzioni di gestione delle relazioni con i clienti<\/li>\n<li><strong>Invio in tempo reale<\/strong>: invia nuovi ordini di lavoro e dettagli sul lavoro al personale sul campo che utilizza qualsiasi dispositivo mobile abilitato a internet<\/li>\n<li><strong>Pianificazione drag-and-drop<\/strong>: aggiungi o aggiorna automaticamente nuove informazioni utilizzando una semplice interfaccia di pianificazione drag-and-drop<\/li>\n<li><strong>Report in tempo reale:<\/strong> tieni traccia di tutte le informazioni sul lavoro e sulla pianificazione. Ottieni una visione di alto livello sulle tue attivit\u00e0 commerciali per il giorno, la settimana o qualsiasi altro intervallo di tempo come mai prima d&#8217;ora<\/li>\n<li><strong>Invia e ricevi aggiornamenti sul lavoro in tempo reale:<\/strong> riduci le chiamate dall&#8217;ufficio al campo utilizzando NetDispatcher<\/li>\n<li><strong>Elimina le scartoffie<\/strong>: il personale di vendita e di servizio pu\u00f2 prendere le firme direttamente sul proprio dispositivo mobile, visualizzare l&#8217;intera cronologia del cliente insieme ai lavori precedenti e ai documenti allegati e molto altro ancora<\/li>\n<li><strong>Automatizza il monitoraggio del tempo<\/strong>: mantieni tutti sul campo responsabili con le soluzioni di monitoraggio automatico del tempo. Invia le informazioni su spese, ricevute e buste paga direttamente in uno dei 65 programmi di contabilit\u00e0 tra cui Sage, QuickBooks e molti altri.<\/li>\n<\/ul>\n<h4>LE RECENSIONI DEGLI UTENTI<\/h4>\n<p class=\"font-weight-bold mb-2\"><strong>Yousuf B.&#8221;Limousine trasporto online&#8221;<\/strong><\/p>\n<p><span class=\"font-weight-bold\"><strong>Commenti<\/strong>: <\/span>L&#8217;esperienza con uber come il servizio di trasporto pick &amp; drop utilizza questo software per clienti e autisti<\/p>\n<p class=\"font-weight-bold mb-2\"><strong>Pro<\/strong>:\u00a0Richiesta di viaggio del cliente<\/p>\n<p class=\"font-weight-bold mb-2\"><strong>Contro<\/strong>:\u00a0Scegli e rilascia<\/p>\n<p class=\"font-weight-bold mb-2\"><strong>Brad O.&#8221;Mai incontrato un&#8217;azienda di software pi\u00f9 flessibile&#8221;<\/strong><\/p>\n<p class=\"font-weight-bold mb-2\"><span class=\"font-weight-bold\"><strong>Commenti<\/strong>: <\/span>La maggior parte dei fornitori di software desidera che tu ti allinei a quelle che ritengono siano le migliori pratiche. Netdispatcher \u00e8 costruito per allinearsi a qualunque sia il tuo processo\/esigenza. La loro soluzione pu\u00f2 adattarsi a ci\u00f2 che ti serve, raccogliere le informazioni che devi raccogliere e archiviare le cose che vuoi vedere. Pu\u00f2 essere allineato ai tuoi processi. Questo \u00e8 un grosso problema in qualsiasi prodotto software&#8230;.<\/p>\n<p class=\"font-weight-bold mb-2\"><strong>Richard W.&#8221;Velocit\u00e0&#8221;<\/strong><\/p>\n<p><span class=\"font-weight-bold\"><strong>Commenti<\/strong>: <\/span>Il sistema \u00e8 difficile da imparare all&#8217;inizio, ma una volta che ci si abitua diventa pi\u00f9 facile. Spero che la velocit\u00e0 aumenti perch\u00e9 met\u00e0 del mio tempo \u00e8 in attesa che le cose si carichino.<\/p>\n","protected":false},"excerpt":{"rendered":"<p>Husky Intelligence \u00a0\u00e8 un sistema basato su cloud per le societ\u00e0 di assistenza sul campo\u00a0che dispone di strumenti per aiutare gli utenti a navigare nel processo di vendita, effettuare ordini di lavoro, inviare chiamate e fatturare il lavoro. Offre anche un modulo per la creazione di report personalizzati.\u00a0Lo strumento di pianificazione e invio offre funzionalit\u00e0 di trascinamento della selezione e invio in tempo reale. Gli utenti sul campo possono visualizzare i lavori della giornata, aggiornare gli ordini per la fatturazione e altro ancora.<\/p>\n","protected":false},"author":19,"featured_media":56178,"parent":55865,"menu_order":0,"comment_status":"open","ping_status":"closed","template":"g1_template_page_review_new.php","meta":{"_acf_changed":false,"cwp_meta_box_check":"Yes","cwp_rev_product_name":"","cwp_rev_product_image":"","wppr_links":[],"cwp_rev_price":"","wppr_options":[],"wppr_pros":[],"wppr_cons":[],"_monsterinsights_skip_tracking":false,"_monsterinsights_sitenote_active":false,"_monsterinsights_sitenote_note":"","_monsterinsights_sitenote_category":0,"footnotes":""},"categories":[12363],"tags":[12366,12424,12373,12372,12371,12370],"features":[],"class_list":{"0":"post-56175","1":"page","2":"type-page","3":"status-publish","4":"has-post-thumbnail","6":"category-software-assistenza-stradale-cat","7":"tag-assistenza-stradale","8":"tag-husky-intelligence","9":"tag-piattaforma-assistenza-stradale","10":"tag-programma-assistenza-stradale","11":"tag-software-assistenza-stradale","12":"tag-soluzione-assistenza-stradale"},"wppr_data":{"cwp_meta_box_check":"Yes","cwp_rev_product_name":"","cwp_rev_product_image":"","cwp_image_link":"image","cwp_rev_price":"","wppr_rating":"0.00"},"acf":[],"yoast_head":"<!-- This site is optimized with the Yoast SEO plugin v27.4 - https:\/\/yoast.com\/product\/yoast-seo-wordpress\/ -->\n<title>Husky Intelligence: recensione software assistenza stradale<\/title>\n<meta name=\"description\" content=\"Husky Intelligence: recensione sistema basato su cloud per le societ\u00e0 di assistenza sul campo\u00a0che dispone di strumenti per aiutare gli utenti\" \/>\n<meta name=\"robots\" content=\"index, follow, max-snippet:-1, max-image-preview:large, max-video-preview:-1\" \/>\n<link rel=\"canonical\" href=\"https:\/\/www.accuratereviews.com\/it\/software-assistenza-stradale\/husky-intelligence-recensione\/\" \/>\n<meta property=\"og:locale\" content=\"it_IT\" \/>\n<meta property=\"og:type\" content=\"article\" \/>\n<meta property=\"og:title\" content=\"Husky Intelligence: recensione software assistenza stradale\" \/>\n<meta property=\"og:description\" content=\"Husky Intelligence: recensione sistema basato su cloud per le societ\u00e0 di assistenza sul campo\u00a0che dispone di strumenti per aiutare gli utenti\" \/>\n<meta property=\"og:url\" content=\"https:\/\/www.accuratereviews.com\/it\/software-assistenza-stradale\/husky-intelligence-recensione\/\" \/>\n<meta property=\"og:site_name\" content=\"Accurate Reviews\" \/>\n<meta property=\"og:image\" content=\"https:\/\/www.accuratereviews.com\/wp-content\/uploads\/2022\/04\/husky-intelligence.png\" \/>\n\t<meta property=\"og:image:width\" content=\"600\" \/>\n\t<meta property=\"og:image:height\" content=\"315\" \/>\n\t<meta property=\"og:image:type\" content=\"image\/png\" \/>\n<meta name=\"twitter:card\" content=\"summary_large_image\" \/>\n<meta name=\"twitter:label1\" content=\"Tempo di lettura stimato\" \/>\n\t<meta name=\"twitter:data1\" content=\"3 minuti\" \/>\n<script type=\"application\/ld+json\" class=\"yoast-schema-graph\">{\"@context\":\"https:\\\/\\\/schema.org\",\"@graph\":[{\"@type\":\"WebPage\",\"@id\":\"https:\\\/\\\/www.accuratereviews.com\\\/it\\\/software-assistenza-stradale\\\/husky-intelligence-recensione\\\/\",\"url\":\"https:\\\/\\\/www.accuratereviews.com\\\/it\\\/software-assistenza-stradale\\\/husky-intelligence-recensione\\\/\",\"name\":\"Husky Intelligence: recensione software assistenza stradale\",\"isPartOf\":{\"@id\":\"https:\\\/\\\/www.accuratereviews.com\\\/it\\\/#website\"},\"primaryImageOfPage\":{\"@id\":\"https:\\\/\\\/www.accuratereviews.com\\\/it\\\/software-assistenza-stradale\\\/husky-intelligence-recensione\\\/#primaryimage\"},\"image\":{\"@id\":\"https:\\\/\\\/www.accuratereviews.com\\\/it\\\/software-assistenza-stradale\\\/husky-intelligence-recensione\\\/#primaryimage\"},\"thumbnailUrl\":\"https:\\\/\\\/www.accuratereviews.com\\\/wp-content\\\/uploads\\\/2022\\\/04\\\/husky-intelligence.png\",\"datePublished\":\"2022-04-13T09:56:51+00:00\",\"description\":\"Husky Intelligence: recensione sistema basato su cloud per le societ\u00e0 di assistenza sul campo\u00a0che dispone di strumenti per aiutare gli utenti\",\"breadcrumb\":{\"@id\":\"https:\\\/\\\/www.accuratereviews.com\\\/it\\\/software-assistenza-stradale\\\/husky-intelligence-recensione\\\/#breadcrumb\"},\"inLanguage\":\"it-IT\",\"potentialAction\":[{\"@type\":\"ReadAction\",\"target\":[\"https:\\\/\\\/www.accuratereviews.com\\\/it\\\/software-assistenza-stradale\\\/husky-intelligence-recensione\\\/\"]}]},{\"@type\":\"ImageObject\",\"inLanguage\":\"it-IT\",\"@id\":\"https:\\\/\\\/www.accuratereviews.com\\\/it\\\/software-assistenza-stradale\\\/husky-intelligence-recensione\\\/#primaryimage\",\"url\":\"https:\\\/\\\/www.accuratereviews.com\\\/wp-content\\\/uploads\\\/2022\\\/04\\\/husky-intelligence.png\",\"contentUrl\":\"https:\\\/\\\/www.accuratereviews.com\\\/wp-content\\\/uploads\\\/2022\\\/04\\\/husky-intelligence.png\",\"width\":600,\"height\":315},{\"@type\":\"BreadcrumbList\",\"@id\":\"https:\\\/\\\/www.accuratereviews.com\\\/it\\\/software-assistenza-stradale\\\/husky-intelligence-recensione\\\/#breadcrumb\",\"itemListElement\":[{\"@type\":\"ListItem\",\"position\":1,\"name\":\"Home\",\"item\":\"https:\\\/\\\/www.accuratereviews.com\\\/it\\\/\"},{\"@type\":\"ListItem\",\"position\":2,\"name\":\"Software per assistenza stradale\",\"item\":\"https:\\\/\\\/www.accuratereviews.com\\\/it\\\/software-assistenza-stradale\\\/\"},{\"@type\":\"ListItem\",\"position\":3,\"name\":\"Husky Intelligence\"}]},{\"@type\":\"WebSite\",\"@id\":\"https:\\\/\\\/www.accuratereviews.com\\\/it\\\/#website\",\"url\":\"https:\\\/\\\/www.accuratereviews.com\\\/it\\\/\",\"name\":\"Accurate Reviews\",\"description\":\"\",\"potentialAction\":[{\"@type\":\"SearchAction\",\"target\":{\"@type\":\"EntryPoint\",\"urlTemplate\":\"https:\\\/\\\/www.accuratereviews.com\\\/it\\\/?s={search_term_string}\"},\"query-input\":{\"@type\":\"PropertyValueSpecification\",\"valueRequired\":true,\"valueName\":\"search_term_string\"}}],\"inLanguage\":\"it-IT\"}]}<\/script>\n<!-- \/ Yoast SEO plugin. -->","yoast_head_json":{"title":"Husky Intelligence: recensione software assistenza stradale","description":"Husky Intelligence: recensione sistema basato su cloud per le societ\u00e0 di assistenza sul campo\u00a0che dispone di strumenti per aiutare gli utenti","robots":{"index":"index","follow":"follow","max-snippet":"max-snippet:-1","max-image-preview":"max-image-preview:large","max-video-preview":"max-video-preview:-1"},"canonical":"https:\/\/www.accuratereviews.com\/it\/software-assistenza-stradale\/husky-intelligence-recensione\/","og_locale":"it_IT","og_type":"article","og_title":"Husky Intelligence: recensione software assistenza stradale","og_description":"Husky Intelligence: recensione sistema basato su cloud per le societ\u00e0 di assistenza sul campo\u00a0che dispone di strumenti per aiutare gli utenti","og_url":"https:\/\/www.accuratereviews.com\/it\/software-assistenza-stradale\/husky-intelligence-recensione\/","og_site_name":"Accurate Reviews","og_image":[{"width":600,"height":315,"url":"https:\/\/www.accuratereviews.com\/wp-content\/uploads\/2022\/04\/husky-intelligence.png","type":"image\/png"}],"twitter_card":"summary_large_image","twitter_misc":{"Tempo di lettura stimato":"3 minuti"},"schema":{"@context":"https:\/\/schema.org","@graph":[{"@type":"WebPage","@id":"https:\/\/www.accuratereviews.com\/it\/software-assistenza-stradale\/husky-intelligence-recensione\/","url":"https:\/\/www.accuratereviews.com\/it\/software-assistenza-stradale\/husky-intelligence-recensione\/","name":"Husky Intelligence: recensione software assistenza stradale","isPartOf":{"@id":"https:\/\/www.accuratereviews.com\/it\/#website"},"primaryImageOfPage":{"@id":"https:\/\/www.accuratereviews.com\/it\/software-assistenza-stradale\/husky-intelligence-recensione\/#primaryimage"},"image":{"@id":"https:\/\/www.accuratereviews.com\/it\/software-assistenza-stradale\/husky-intelligence-recensione\/#primaryimage"},"thumbnailUrl":"https:\/\/www.accuratereviews.com\/wp-content\/uploads\/2022\/04\/husky-intelligence.png","datePublished":"2022-04-13T09:56:51+00:00","description":"Husky Intelligence: recensione sistema basato su cloud per le societ\u00e0 di assistenza sul campo\u00a0che dispone di strumenti per aiutare gli utenti","breadcrumb":{"@id":"https:\/\/www.accuratereviews.com\/it\/software-assistenza-stradale\/husky-intelligence-recensione\/#breadcrumb"},"inLanguage":"it-IT","potentialAction":[{"@type":"ReadAction","target":["https:\/\/www.accuratereviews.com\/it\/software-assistenza-stradale\/husky-intelligence-recensione\/"]}]},{"@type":"ImageObject","inLanguage":"it-IT","@id":"https:\/\/www.accuratereviews.com\/it\/software-assistenza-stradale\/husky-intelligence-recensione\/#primaryimage","url":"https:\/\/www.accuratereviews.com\/wp-content\/uploads\/2022\/04\/husky-intelligence.png","contentUrl":"https:\/\/www.accuratereviews.com\/wp-content\/uploads\/2022\/04\/husky-intelligence.png","width":600,"height":315},{"@type":"BreadcrumbList","@id":"https:\/\/www.accuratereviews.com\/it\/software-assistenza-stradale\/husky-intelligence-recensione\/#breadcrumb","itemListElement":[{"@type":"ListItem","position":1,"name":"Home","item":"https:\/\/www.accuratereviews.com\/it\/"},{"@type":"ListItem","position":2,"name":"Software per assistenza stradale","item":"https:\/\/www.accuratereviews.com\/it\/software-assistenza-stradale\/"},{"@type":"ListItem","position":3,"name":"Husky Intelligence"}]},{"@type":"WebSite","@id":"https:\/\/www.accuratereviews.com\/it\/#website","url":"https:\/\/www.accuratereviews.com\/it\/","name":"Accurate Reviews","description":"","potentialAction":[{"@type":"SearchAction","target":{"@type":"EntryPoint","urlTemplate":"https:\/\/www.accuratereviews.com\/it\/?s={search_term_string}"},"query-input":{"@type":"PropertyValueSpecification","valueRequired":true,"valueName":"search_term_string"}}],"inLanguage":"it-IT"}]}},"_links":{"self":[{"href":"https:\/\/www.accuratereviews.com\/it\/wp-json\/wp\/v2\/pages\/56175","targetHints":{"allow":["GET"]}}],"collection":[{"href":"https:\/\/www.accuratereviews.com\/it\/wp-json\/wp\/v2\/pages"}],"about":[{"href":"https:\/\/www.accuratereviews.com\/it\/wp-json\/wp\/v2\/types\/page"}],"author":[{"embeddable":true,"href":"https:\/\/www.accuratereviews.com\/it\/wp-json\/wp\/v2\/users\/19"}],"replies":[{"embeddable":true,"href":"https:\/\/www.accuratereviews.com\/it\/wp-json\/wp\/v2\/comments?post=56175"}],"version-history":[{"count":12,"href":"https:\/\/www.accuratereviews.com\/it\/wp-json\/wp\/v2\/pages\/56175\/revisions"}],"predecessor-version":[{"id":56210,"href":"https:\/\/www.accuratereviews.com\/it\/wp-json\/wp\/v2\/pages\/56175\/revisions\/56210"}],"up":[{"embeddable":true,"href":"https:\/\/www.accuratereviews.com\/it\/wp-json\/wp\/v2\/pages\/55865"}],"wp:featuredmedia":[{"embeddable":true,"href":"https:\/\/www.accuratereviews.com\/it\/wp-json\/wp\/v2\/media\/56178"}],"wp:attachment":[{"href":"https:\/\/www.accuratereviews.com\/it\/wp-json\/wp\/v2\/media?parent=56175"}],"wp:term":[{"taxonomy":"category","embeddable":true,"href":"https:\/\/www.accuratereviews.com\/it\/wp-json\/wp\/v2\/categories?post=56175"},{"taxonomy":"post_tag","embeddable":true,"href":"https:\/\/www.accuratereviews.com\/it\/wp-json\/wp\/v2\/tags?post=56175"},{"taxonomy":"features","embeddable":true,"href":"https:\/\/www.accuratereviews.com\/it\/wp-json\/wp\/v2\/features?post=56175"}],"curies":[{"name":"wp","href":"https:\/\/api.w.org\/{rel}","templated":true}]}}