{"id":56187,"date":"2022-04-13T09:59:03","date_gmt":"2022-04-13T09:59:03","guid":{"rendered":"https:\/\/www.accuratereviews.com\/?page_id=56187"},"modified":"2022-04-13T09:59:03","modified_gmt":"2022-04-13T09:59:03","slug":"dispatch-anywhere-recensione","status":"publish","type":"page","link":"https:\/\/www.accuratereviews.com\/it\/software-assistenza-stradale\/dispatch-anywhere-recensione\/","title":{"rendered":"Dispatch Anywhere"},"content":{"rendered":"<p><strong>Dispatch Anywhere<\/strong> \u00e8 un <strong>software per l&#8217;assistenza stradale<\/strong> che ti aiuta nella gestione del rimorchio, progettato per creare efficienza e aumentare la redditivit\u00e0. Si rivolge principalmente ad autisti, manager e per i dispatchers che gestiscono le spedizioni, rendendole pi\u00f9 veloci, tracciando i beni, assegnando il lavoro al motor club e molto altro ancora.<br \/>\nCon l&#8217;obiettivo di andare incontro alle esigenze di tutti, <strong>Dispatch Anywhere<\/strong> offre un team di supporto professionale, disponibile 24 ore su 24, 7 giorni su 7. Inoltre offre numerosi strumenti che miglioreranno il vostro lavoro permettendovi di prendere decisioni migliori e raggiungere gli obiettivi prefissati.<\/p>\n<h2>DISPATCH ANYWHERE &#8211; TUTORIAL<\/h2>\n<div id=\"fluid-wrapper-counter-1\" class=\"g1-fluid-wrapper \" style=\"width:686px;\">\n<div style=\"padding-bottom:56.268221574344%;\"><iframe loading=\"lazy\" title=\"DA Driver Video\" width=\"686\" height=\"386\" src=\"https:\/\/www.youtube.com\/embed\/9QdSwD8IBQs?feature=oembed&amp;wmode=transparent&amp;autohide=1&amp;autoplay=0&amp;disablekb=0&amp;fs=1&amp;loop=0&amp;enablejsapi=1&amp;rel=0&amp;controls=2&amp;showinfo=0&amp;wmode=transparent&amp;autohide=2&amp;autoplay=0&amp;disablekb=0&amp;fs=1&amp;loop=0&amp;enablejsapi=1&amp;rel=0&amp;controls=2&amp;showinfo=1\" frameborder=\"0\" allow=\"accelerometer; autoplay; clipboard-write; encrypted-media; gyroscope; picture-in-picture\" allowfullscreen><\/iframe><\/div>\n<\/div>\n<h3>DISPATCH ANYWHERE &#8211; CARATTERISTICHE<\/h3>\n<ul>\n<li><strong>Dispatch Anywhere per gli autisti<\/strong>: gli autisti possono rimanere concentrati con un&#8217;app progettata su misura per loro. Niente avvisi inutili<\/li>\n<li><strong>Biglietti senza carta<\/strong>: rimani efficiente sul campo e ottieni la conferma del cliente sul lavoro svolto<\/li>\n<li><strong>Aggiornamenti di stato<\/strong>: aggiorna senza soluzione di continuit\u00e0 la spedizione mentre i lavori procedono dall&#8217;inizio alla fine<\/li>\n<li><strong>Messaggi di lavoro<\/strong>: autisti e spedizionieri possono ora inviarsi reciprocamente importanti informazioni di lavoro in tempo reale<\/li>\n<li><strong>Ispezione dei danni al veicolo<\/strong>: cattura le condizioni esistenti del veicolo del tuo cliente prima del traino<\/li>\n<li><strong>Integrazione Towspec<\/strong>: sapere che gli autisti hanno le corrette specifiche del veicolo sul campo per evitare inutili richieste di risarcimento danni<\/li>\n<li><strong>Reporting<\/strong>: misura l&#8217;attivit\u00e0 giornaliera e a lungo termine per tutti i dipendenti. Usa le metriche e le analisi per prendere decisioni intelligenti. Oltre 250 rapporti disponibili<\/li>\n<li><strong>Fatturazione automatica<\/strong>: invia automaticamente fatture ed estratti conto ai clienti e non perdere mai pi\u00f9 un ciclo di fatturazione<\/li>\n<li><strong>Commissioni<\/strong>: calcola le commissioni degli autisti e visualizza lo storico delle loro prestazioni e le tendenze.<\/li>\n<li><strong>Sequestri e pegni<\/strong>: visualizza rapidamente i totali maturati e i dettagli delle chiamate sull&#8217;inventario esistente. Invia automaticamente i veicoli a TowLien.com per l&#8217;elaborazione<\/li>\n<li><strong>Quickbooks<\/strong>: contabilit\u00e0 specifica del settore o sincronizzazione con QuickBooks<\/li>\n<li><strong>Fatturazione del club automobilistico con un solo clic<\/strong>: riduci le scartoffie con il nostro facile sistema di fatturazione automatica.<\/li>\n<\/ul>\n<h4>LE RECENSIONI DEGLI UTENTI<\/h4>\n<p><strong>Dewayne G. &#8220;Il miglior dipendente che ho&#8221;<\/strong><br \/>\nCOMMENTI: DA\/Beacon ha reso la mia attivit\u00e0 molto pi\u00f9 efficiente con meno costi.<br \/>\nPRO: ci sono cos\u00ec tanti pro! Mi piace tutto della facilit\u00e0 di inserimento, utilizzo, monitoraggio, contabilit\u00e0, reporting e la comunicazione tra il mio dispatch e gli autisti!<br \/>\nCONTRO: come direbbero tutti, &#8220;costa soldi&#8221;! Mi ricordo quante persone ho impiegato per fare il lavoro che Beacon fa con un semplice click. Contabilit\u00e0, reportistica, rendicontazione degli stipendi. Eliminato un sacco di funzioni manuali<\/p>\n<p><strong>Steve G. &#8220;Grande prodotto&#8221;<\/strong><br \/>\nPRO: ha un sacco di funzioni. Puoi usarlo ovunque<br \/>\nCONTRO: a volte lento per gli aggiornamenti alle nostre richieste.<\/p>\n<p><strong>Amanda H. &#8220;La spedizione resa facile!<\/strong><br \/>\nPRO: mi piace quanto sia facile integrarlo con Quickbooks. Per la spedizione, \u00e8 molto auto esplicativo. Sono in grado di inviare e stornare i pagamenti, impostare i conti per riempire automaticamente le informazioni del conto o le informazioni di consegna, gestire gli appuntamenti programmati e decidere a chi spedire in base al GPS in tempo reale!<br \/>\nCONTRO: \u00c8 MOLTO LENTO! Pu\u00f2 ritardare abbastanza spesso, soprattutto se si iniziano a memorizzare troppe opzioni.<\/p>\n","protected":false},"excerpt":{"rendered":"<p>Dispatch Anywhere \u00e8 un software per l&#8217;assistenza stradale che ti aiuta nella gestione del rimorchio, progettato per creare efficienza e aumentare la redditivit\u00e0. Si rivolge principalmente ad autisti, manager e per i dispatchers che gestiscono le spedizioni, rendendole pi\u00f9 veloci, tracciando i beni, assegnando il lavoro al motor club e molto altro ancora.<\/p>\n","protected":false},"author":17,"featured_media":56188,"parent":55865,"menu_order":0,"comment_status":"open","ping_status":"closed","template":"g1_template_page_review_new.php","meta":{"_acf_changed":false,"cwp_meta_box_check":"No","cwp_rev_product_name":"","cwp_rev_product_image":"","wppr_links":[],"cwp_rev_price":"","wppr_options":[],"wppr_pros":[],"wppr_cons":[],"_monsterinsights_skip_tracking":false,"_monsterinsights_sitenote_active":false,"_monsterinsights_sitenote_note":"","_monsterinsights_sitenote_category":0,"footnotes":""},"categories":[12363],"tags":[12366,12368,12365,12407,12367],"features":[],"class_list":{"0":"post-56187","1":"page","2":"type-page","3":"status-publish","4":"has-post-thumbnail","6":"category-software-assistenza-stradale-cat","7":"tag-assistenza-stradale","8":"tag-programma-per-assistenza-stradale","9":"tag-software-per-assistenza-stradale","10":"tag-soluzione-di-assistenza-stradale","11":"tag-soluzione-per-assistenza-stradale"},"wppr_data":{"cwp_meta_box_check":"No"},"acf":[],"yoast_head":"<!-- This site is optimized with the Yoast SEO plugin v27.4 - https:\/\/yoast.com\/product\/yoast-seo-wordpress\/ -->\n<title>Dispatch Anywhere: recensione software assistenza stradale<\/title>\n<meta name=\"description\" content=\"Dispatch Anywhere: recensione del software per l&#039;assistenza stradale che ti aiuta nella gestione del rimorchio.\" \/>\n<meta name=\"robots\" content=\"index, follow, max-snippet:-1, max-image-preview:large, max-video-preview:-1\" \/>\n<link rel=\"canonical\" href=\"https:\/\/www.accuratereviews.com\/it\/software-assistenza-stradale\/dispatch-anywhere-recensione\/\" \/>\n<meta property=\"og:locale\" content=\"it_IT\" \/>\n<meta property=\"og:type\" content=\"article\" \/>\n<meta property=\"og:title\" content=\"Dispatch Anywhere: recensione software assistenza stradale\" \/>\n<meta property=\"og:description\" content=\"Dispatch Anywhere: recensione del software per l&#039;assistenza stradale che ti aiuta nella gestione del rimorchio.\" \/>\n<meta property=\"og:url\" content=\"https:\/\/www.accuratereviews.com\/it\/software-assistenza-stradale\/dispatch-anywhere-recensione\/\" \/>\n<meta property=\"og:site_name\" content=\"Accurate Reviews\" \/>\n<meta property=\"og:image\" content=\"https:\/\/www.accuratereviews.com\/wp-content\/uploads\/2022\/04\/dispatch_anywhere_logo_large_494e4a43d5.png\" \/>\n\t<meta property=\"og:image:width\" content=\"550\" \/>\n\t<meta property=\"og:image:height\" content=\"400\" \/>\n\t<meta property=\"og:image:type\" content=\"image\/png\" \/>\n<meta name=\"twitter:card\" content=\"summary_large_image\" \/>\n<meta name=\"twitter:label1\" content=\"Tempo di lettura stimato\" \/>\n\t<meta name=\"twitter:data1\" content=\"3 minuti\" \/>\n<script type=\"application\/ld+json\" class=\"yoast-schema-graph\">{\"@context\":\"https:\\\/\\\/schema.org\",\"@graph\":[{\"@type\":\"WebPage\",\"@id\":\"https:\\\/\\\/www.accuratereviews.com\\\/it\\\/software-assistenza-stradale\\\/dispatch-anywhere-recensione\\\/\",\"url\":\"https:\\\/\\\/www.accuratereviews.com\\\/it\\\/software-assistenza-stradale\\\/dispatch-anywhere-recensione\\\/\",\"name\":\"Dispatch Anywhere: recensione software assistenza stradale\",\"isPartOf\":{\"@id\":\"https:\\\/\\\/www.accuratereviews.com\\\/it\\\/#website\"},\"primaryImageOfPage\":{\"@id\":\"https:\\\/\\\/www.accuratereviews.com\\\/it\\\/software-assistenza-stradale\\\/dispatch-anywhere-recensione\\\/#primaryimage\"},\"image\":{\"@id\":\"https:\\\/\\\/www.accuratereviews.com\\\/it\\\/software-assistenza-stradale\\\/dispatch-anywhere-recensione\\\/#primaryimage\"},\"thumbnailUrl\":\"https:\\\/\\\/www.accuratereviews.com\\\/wp-content\\\/uploads\\\/2022\\\/04\\\/dispatch_anywhere_logo_large_494e4a43d5.png\",\"datePublished\":\"2022-04-13T09:59:03+00:00\",\"description\":\"Dispatch Anywhere: recensione del software per l'assistenza stradale che ti aiuta nella gestione del rimorchio.\",\"breadcrumb\":{\"@id\":\"https:\\\/\\\/www.accuratereviews.com\\\/it\\\/software-assistenza-stradale\\\/dispatch-anywhere-recensione\\\/#breadcrumb\"},\"inLanguage\":\"it-IT\",\"potentialAction\":[{\"@type\":\"ReadAction\",\"target\":[\"https:\\\/\\\/www.accuratereviews.com\\\/it\\\/software-assistenza-stradale\\\/dispatch-anywhere-recensione\\\/\"]}]},{\"@type\":\"ImageObject\",\"inLanguage\":\"it-IT\",\"@id\":\"https:\\\/\\\/www.accuratereviews.com\\\/it\\\/software-assistenza-stradale\\\/dispatch-anywhere-recensione\\\/#primaryimage\",\"url\":\"https:\\\/\\\/www.accuratereviews.com\\\/wp-content\\\/uploads\\\/2022\\\/04\\\/dispatch_anywhere_logo_large_494e4a43d5.png\",\"contentUrl\":\"https:\\\/\\\/www.accuratereviews.com\\\/wp-content\\\/uploads\\\/2022\\\/04\\\/dispatch_anywhere_logo_large_494e4a43d5.png\",\"width\":550,\"height\":400},{\"@type\":\"BreadcrumbList\",\"@id\":\"https:\\\/\\\/www.accuratereviews.com\\\/it\\\/software-assistenza-stradale\\\/dispatch-anywhere-recensione\\\/#breadcrumb\",\"itemListElement\":[{\"@type\":\"ListItem\",\"position\":1,\"name\":\"Home\",\"item\":\"https:\\\/\\\/www.accuratereviews.com\\\/it\\\/\"},{\"@type\":\"ListItem\",\"position\":2,\"name\":\"Software per assistenza stradale\",\"item\":\"https:\\\/\\\/www.accuratereviews.com\\\/it\\\/software-assistenza-stradale\\\/\"},{\"@type\":\"ListItem\",\"position\":3,\"name\":\"Dispatch Anywhere\"}]},{\"@type\":\"WebSite\",\"@id\":\"https:\\\/\\\/www.accuratereviews.com\\\/it\\\/#website\",\"url\":\"https:\\\/\\\/www.accuratereviews.com\\\/it\\\/\",\"name\":\"Accurate Reviews\",\"description\":\"\",\"potentialAction\":[{\"@type\":\"SearchAction\",\"target\":{\"@type\":\"EntryPoint\",\"urlTemplate\":\"https:\\\/\\\/www.accuratereviews.com\\\/it\\\/?s={search_term_string}\"},\"query-input\":{\"@type\":\"PropertyValueSpecification\",\"valueRequired\":true,\"valueName\":\"search_term_string\"}}],\"inLanguage\":\"it-IT\"}]}<\/script>\n<!-- \/ Yoast SEO plugin. -->","yoast_head_json":{"title":"Dispatch Anywhere: recensione software assistenza stradale","description":"Dispatch Anywhere: recensione del software per l'assistenza stradale che ti aiuta nella gestione del rimorchio.","robots":{"index":"index","follow":"follow","max-snippet":"max-snippet:-1","max-image-preview":"max-image-preview:large","max-video-preview":"max-video-preview:-1"},"canonical":"https:\/\/www.accuratereviews.com\/it\/software-assistenza-stradale\/dispatch-anywhere-recensione\/","og_locale":"it_IT","og_type":"article","og_title":"Dispatch Anywhere: recensione software assistenza stradale","og_description":"Dispatch Anywhere: recensione del software per l'assistenza stradale che ti aiuta nella gestione del rimorchio.","og_url":"https:\/\/www.accuratereviews.com\/it\/software-assistenza-stradale\/dispatch-anywhere-recensione\/","og_site_name":"Accurate Reviews","og_image":[{"width":550,"height":400,"url":"https:\/\/www.accuratereviews.com\/wp-content\/uploads\/2022\/04\/dispatch_anywhere_logo_large_494e4a43d5.png","type":"image\/png"}],"twitter_card":"summary_large_image","twitter_misc":{"Tempo di lettura stimato":"3 minuti"},"schema":{"@context":"https:\/\/schema.org","@graph":[{"@type":"WebPage","@id":"https:\/\/www.accuratereviews.com\/it\/software-assistenza-stradale\/dispatch-anywhere-recensione\/","url":"https:\/\/www.accuratereviews.com\/it\/software-assistenza-stradale\/dispatch-anywhere-recensione\/","name":"Dispatch Anywhere: recensione software assistenza stradale","isPartOf":{"@id":"https:\/\/www.accuratereviews.com\/it\/#website"},"primaryImageOfPage":{"@id":"https:\/\/www.accuratereviews.com\/it\/software-assistenza-stradale\/dispatch-anywhere-recensione\/#primaryimage"},"image":{"@id":"https:\/\/www.accuratereviews.com\/it\/software-assistenza-stradale\/dispatch-anywhere-recensione\/#primaryimage"},"thumbnailUrl":"https:\/\/www.accuratereviews.com\/wp-content\/uploads\/2022\/04\/dispatch_anywhere_logo_large_494e4a43d5.png","datePublished":"2022-04-13T09:59:03+00:00","description":"Dispatch Anywhere: recensione del software per l'assistenza stradale che ti aiuta nella gestione del rimorchio.","breadcrumb":{"@id":"https:\/\/www.accuratereviews.com\/it\/software-assistenza-stradale\/dispatch-anywhere-recensione\/#breadcrumb"},"inLanguage":"it-IT","potentialAction":[{"@type":"ReadAction","target":["https:\/\/www.accuratereviews.com\/it\/software-assistenza-stradale\/dispatch-anywhere-recensione\/"]}]},{"@type":"ImageObject","inLanguage":"it-IT","@id":"https:\/\/www.accuratereviews.com\/it\/software-assistenza-stradale\/dispatch-anywhere-recensione\/#primaryimage","url":"https:\/\/www.accuratereviews.com\/wp-content\/uploads\/2022\/04\/dispatch_anywhere_logo_large_494e4a43d5.png","contentUrl":"https:\/\/www.accuratereviews.com\/wp-content\/uploads\/2022\/04\/dispatch_anywhere_logo_large_494e4a43d5.png","width":550,"height":400},{"@type":"BreadcrumbList","@id":"https:\/\/www.accuratereviews.com\/it\/software-assistenza-stradale\/dispatch-anywhere-recensione\/#breadcrumb","itemListElement":[{"@type":"ListItem","position":1,"name":"Home","item":"https:\/\/www.accuratereviews.com\/it\/"},{"@type":"ListItem","position":2,"name":"Software per assistenza stradale","item":"https:\/\/www.accuratereviews.com\/it\/software-assistenza-stradale\/"},{"@type":"ListItem","position":3,"name":"Dispatch Anywhere"}]},{"@type":"WebSite","@id":"https:\/\/www.accuratereviews.com\/it\/#website","url":"https:\/\/www.accuratereviews.com\/it\/","name":"Accurate Reviews","description":"","potentialAction":[{"@type":"SearchAction","target":{"@type":"EntryPoint","urlTemplate":"https:\/\/www.accuratereviews.com\/it\/?s={search_term_string}"},"query-input":{"@type":"PropertyValueSpecification","valueRequired":true,"valueName":"search_term_string"}}],"inLanguage":"it-IT"}]}},"_links":{"self":[{"href":"https:\/\/www.accuratereviews.com\/it\/wp-json\/wp\/v2\/pages\/56187","targetHints":{"allow":["GET"]}}],"collection":[{"href":"https:\/\/www.accuratereviews.com\/it\/wp-json\/wp\/v2\/pages"}],"about":[{"href":"https:\/\/www.accuratereviews.com\/it\/wp-json\/wp\/v2\/types\/page"}],"author":[{"embeddable":true,"href":"https:\/\/www.accuratereviews.com\/it\/wp-json\/wp\/v2\/users\/17"}],"replies":[{"embeddable":true,"href":"https:\/\/www.accuratereviews.com\/it\/wp-json\/wp\/v2\/comments?post=56187"}],"version-history":[{"count":5,"href":"https:\/\/www.accuratereviews.com\/it\/wp-json\/wp\/v2\/pages\/56187\/revisions"}],"predecessor-version":[{"id":56212,"href":"https:\/\/www.accuratereviews.com\/it\/wp-json\/wp\/v2\/pages\/56187\/revisions\/56212"}],"up":[{"embeddable":true,"href":"https:\/\/www.accuratereviews.com\/it\/wp-json\/wp\/v2\/pages\/55865"}],"wp:featuredmedia":[{"embeddable":true,"href":"https:\/\/www.accuratereviews.com\/it\/wp-json\/wp\/v2\/media\/56188"}],"wp:attachment":[{"href":"https:\/\/www.accuratereviews.com\/it\/wp-json\/wp\/v2\/media?parent=56187"}],"wp:term":[{"taxonomy":"category","embeddable":true,"href":"https:\/\/www.accuratereviews.com\/it\/wp-json\/wp\/v2\/categories?post=56187"},{"taxonomy":"post_tag","embeddable":true,"href":"https:\/\/www.accuratereviews.com\/it\/wp-json\/wp\/v2\/tags?post=56187"},{"taxonomy":"features","embeddable":true,"href":"https:\/\/www.accuratereviews.com\/it\/wp-json\/wp\/v2\/features?post=56187"}],"curies":[{"name":"wp","href":"https:\/\/api.w.org\/{rel}","templated":true}]}}