{"id":56227,"date":"2022-04-14T13:48:40","date_gmt":"2022-04-14T13:48:40","guid":{"rendered":"https:\/\/www.accuratereviews.com\/?page_id=56227"},"modified":"2022-04-14T13:48:40","modified_gmt":"2022-04-14T13:48:40","slug":"high-point-gps-recensione","status":"publish","type":"page","link":"https:\/\/www.accuratereviews.com\/it\/software-assistenza-stradale\/high-point-gps-recensione\/","title":{"rendered":"High Point GPS"},"content":{"rendered":"<p><strong>High Point GPS<\/strong> \u00e8 una <strong>piattaforma di gestione della flotta<\/strong> e di <strong>localizzazione GPS<\/strong> che consente agli operatori di visualizzare la posizione dei loro veicoli in tempo reale e di interagire con i conducenti utilizzando strumenti di comunicazione bidirezionale. L&#8217;applicazione consente alle aziende di inviare informazioni sul percorso ai conducenti sui propri dispositivi Garmin (un dispositivo specializzato nella tecnologia GPS) o sui propri dispositivi mobili. Gli operatori della flotta possono fare clic sul percorso per conoscere lo stato esatto dei veicoli e visualizzarne la direzione di movimento e la velocit\u00e0. Possono anche accedere alla cronologia delle posizioni, alle violazioni di velocit\u00e0, allo stato generale dell&#8217;attivit\u00e0 e al grafico della velocit\u00e0. <strong>High Point GPS<\/strong> consente agli utenti di monitorare il comportamento del conducente e gestire i profili del conducente per tenere traccia delle loro prestazioni su vari parametri.<\/p>\n<h2>HIGH POINT GPS &#8211; TUTORIAL<\/h2>\n<p>Guardiamo insieme come utilizzare questo <strong>programma di assistenza stradale<\/strong>:<\/p>\n<div id=\"fluid-wrapper-counter-1\" class=\"g1-fluid-wrapper \" style=\"width:686px;\">\n<div style=\"padding-bottom:56.268221574344%;\"><iframe loading=\"lazy\" title=\"High Point GPS Advanced Fleet Management GPS Tracking Intro\" width=\"686\" height=\"386\" src=\"https:\/\/www.youtube.com\/embed\/JLnVdqCD21g?feature=oembed&amp;wmode=transparent&amp;autohide=1&amp;autoplay=0&amp;disablekb=0&amp;fs=1&amp;loop=0&amp;enablejsapi=1&amp;rel=0&amp;controls=2&amp;showinfo=0&amp;wmode=transparent&amp;autohide=2&amp;autoplay=0&amp;disablekb=0&amp;fs=1&amp;loop=0&amp;enablejsapi=1&amp;rel=0&amp;controls=2&amp;showinfo=1\" frameborder=\"0\" allow=\"accelerometer; autoplay; clipboard-write; encrypted-media; gyroscope; picture-in-picture\" allowfullscreen><\/iframe><\/div>\n<\/div>\n<h3>HIGH POINT GPS &#8211; CARATTERISTICHE<\/h3>\n<ul>\n<li><strong>Reportistica avanzata<\/strong>: crea, esegui e fornisci le informazioni che desideri, quando e in che modo vuoi. Inizia con i rapporti standard e rendili pi\u00f9 significativi personalizzandoli in base alle esigenze della tua flotta<\/li>\n<li><strong>Gestione del comportamento dei conducenti<\/strong>: influenza il comportamento di guida sicura con il feedback del conducente e gli strumenti di coaching a bordo del veicolo. I conducenti che condividono i veicoli sono ancora identificati individualmente con la tecnologia Driver ID NFC di High Point GPS<\/li>\n<li><strong>Reporting affidabile dei dati del motore<\/strong>: il programma raccoglie e risponde alle informazioni di stato comuni nel tuo veicolo. Ci\u00f2 include il regime del motore, le luci, la cintura di sicurezza, il contachilometri, le ore del motore, le emissioni, il numero di identificazione del veicolo (VIN) e la tensione della batteria del veicolo<\/li>\n<li><strong>Localizzazione GPS del veicolo<\/strong>: visualizza la posizione del veicolo quasi in tempo reale e completa la cronologia di viaggio. Gli algoritmi brevettati forniscono informazioni accurate e dettagliate. Ricevi aggiornamenti rapidi e precisi con Active Tracking e gestisci la privacy del conducente con la modalit\u00e0 Privacy.<\/li>\n<li><strong>Salute e manutenzione del motore<\/strong>: ricevi avvisi di potenziali problemi critici di salute del motore e assegna facilmente la priorit\u00e0 alle riparazioni per i tuoi veicoli. Concentrati sulla manutenzione proattiva del veicolo rilevando i problemi in anticipo e impostando promemoria di manutenzione del veicolo.<\/li>\n<li><strong>Integrazione dei dati aperti<\/strong>: il SDK ti consente di integrare le informazioni sul veicolo e sulla posizione nelle operazioni della tua azienda.<\/li>\n<li><strong>Mappatura personalizzata<\/strong>: progetta le tue mappe rilevanti per l&#8217;azienda che vengono automaticamente combinate con le informazioni sul veicolo dell&#8217;applicazione. La flessibilit\u00e0 nelle visualizzazioni della mappa, nelle legende e nelle forme e dimensioni delle zone consente un&#8217;ulteriore personalizzazione.<\/li>\n<\/ul>\n<h4>LE RECENSIONI DEGLI UTENTI<\/h4>\n<p class=\"font-weight-bold mb-2\"><strong>Barry F.&#8221;Software davvero eccezionale&#8221;<\/strong><\/p>\n<p><span class=\"font-weight-bold\"><strong>Commenti<\/strong>: <\/span>Utilizziamo il software da molto tempo, non abbiamo avuto problemi e siamo molto soddisfatti del servizio fornito.<\/p>\n<p class=\"font-weight-bold mb-2\"><strong>Shlomo W.&#8221;Ottima soluzione per il monitoraggio e la manutenzione della flotta&#8221;<\/strong><\/p>\n<p><span class=\"font-weight-bold\"><strong>Commenti<\/strong>: <\/span>Ottima soluzione per il tracciamento e l&#8217;invio GPS, lo utilizza da molto tempo ed \u00e8 molto buono.<\/p>\n<p class=\"font-weight-bold mb-2\"><strong>Joseph M.&#8221;Tracciamento facile&#8221;<\/strong><\/p>\n<p><span class=\"font-weight-bold\"><strong>Commenti<\/strong>: <\/span>Il localizzatore GPS High Point \u00e8 un programma che registra la posizione del tuo veicolo. La linea di fondo \u00e8 che se hai un&#8217;azienda che ha pi\u00f9 di pochi veicoli, questo \u00e8 un ottimo programma per tenere traccia dei tuoi veicoli e assicurarsi che le cose siano nei tempi previsti.<\/p>\n<p class=\"font-weight-bold mb-2\"><strong>Pro<\/strong>:\u00a0Il servizio clienti \u00e8 molto disponibile e ti guider\u00e0 in caso di domande.<\/p>\n<p class=\"font-weight-bold mb-2\"><strong>Contro<\/strong>:\u00a0Finora non vedo niente di sbagliato.<\/p>\n","protected":false},"excerpt":{"rendered":"<p>High Point GPS \u00e8 una piattaforma di gestione della flotta e di localizzazione GPS che consente agli operatori di visualizzare la posizione dei loro veicoli in tempo reale e di interagire con i conducenti utilizzando strumenti di comunicazione bidirezionale. L&#8217;applicazione consente alle aziende di inviare informazioni sul percorso ai conducenti sui propri dispositivi Garmin (un dispositivo specializzato nella tecnologia GPS) o sui propri dispositivi mobili.<\/p>\n","protected":false},"author":19,"featured_media":56229,"parent":55865,"menu_order":0,"comment_status":"open","ping_status":"closed","template":"g1_template_page_review_new.php","meta":{"_acf_changed":false,"cwp_meta_box_check":"Yes","cwp_rev_product_name":"","cwp_rev_product_image":"","wppr_links":[],"cwp_rev_price":"","wppr_options":[],"wppr_pros":[],"wppr_cons":[],"_monsterinsights_skip_tracking":false,"_monsterinsights_sitenote_active":false,"_monsterinsights_sitenote_note":"","_monsterinsights_sitenote_category":0,"footnotes":""},"categories":[12363],"tags":[12366,12426,12373,12372,12371,12370],"features":[],"class_list":{"0":"post-56227","1":"page","2":"type-page","3":"status-publish","4":"has-post-thumbnail","6":"category-software-assistenza-stradale-cat","7":"tag-assistenza-stradale","8":"tag-high-point-gps","9":"tag-piattaforma-assistenza-stradale","10":"tag-programma-assistenza-stradale","11":"tag-software-assistenza-stradale","12":"tag-soluzione-assistenza-stradale"},"wppr_data":{"cwp_meta_box_check":"Yes","cwp_rev_product_name":"","cwp_rev_product_image":"","cwp_image_link":"image","cwp_rev_price":"","wppr_rating":"0.00"},"acf":[],"yoast_head":"<!-- This site is optimized with the Yoast SEO plugin v27.4 - https:\/\/yoast.com\/product\/yoast-seo-wordpress\/ -->\n<title>High Point GPS: recensione software assistenza stradale<\/title>\n<meta name=\"description\" content=\"High Point GPS: recensione software di gestione della flotta che consente agli operatori di visualizzare la posizione dei loro veicoli.\" \/>\n<meta name=\"robots\" content=\"index, follow, max-snippet:-1, max-image-preview:large, max-video-preview:-1\" \/>\n<link rel=\"canonical\" href=\"https:\/\/www.accuratereviews.com\/it\/software-assistenza-stradale\/high-point-gps-recensione\/\" \/>\n<meta property=\"og:locale\" content=\"it_IT\" \/>\n<meta property=\"og:type\" content=\"article\" \/>\n<meta property=\"og:title\" content=\"High Point GPS: recensione software assistenza stradale\" \/>\n<meta property=\"og:description\" content=\"High Point GPS: recensione software di gestione della flotta che consente agli operatori di visualizzare la posizione dei loro veicoli.\" \/>\n<meta property=\"og:url\" content=\"https:\/\/www.accuratereviews.com\/it\/software-assistenza-stradale\/high-point-gps-recensione\/\" \/>\n<meta property=\"og:site_name\" content=\"Accurate Reviews\" \/>\n<meta property=\"og:image\" content=\"https:\/\/www.accuratereviews.com\/wp-content\/uploads\/2022\/04\/High-Point-GPS.jpeg\" \/>\n\t<meta property=\"og:image:width\" content=\"600\" \/>\n\t<meta property=\"og:image:height\" content=\"315\" \/>\n\t<meta property=\"og:image:type\" content=\"image\/jpeg\" \/>\n<meta name=\"twitter:card\" content=\"summary_large_image\" \/>\n<meta name=\"twitter:label1\" content=\"Tempo di lettura stimato\" \/>\n\t<meta name=\"twitter:data1\" content=\"3 minuti\" \/>\n<script type=\"application\/ld+json\" class=\"yoast-schema-graph\">{\"@context\":\"https:\\\/\\\/schema.org\",\"@graph\":[{\"@type\":\"WebPage\",\"@id\":\"https:\\\/\\\/www.accuratereviews.com\\\/it\\\/software-assistenza-stradale\\\/high-point-gps-recensione\\\/\",\"url\":\"https:\\\/\\\/www.accuratereviews.com\\\/it\\\/software-assistenza-stradale\\\/high-point-gps-recensione\\\/\",\"name\":\"High Point GPS: recensione software assistenza stradale\",\"isPartOf\":{\"@id\":\"https:\\\/\\\/www.accuratereviews.com\\\/it\\\/#website\"},\"primaryImageOfPage\":{\"@id\":\"https:\\\/\\\/www.accuratereviews.com\\\/it\\\/software-assistenza-stradale\\\/high-point-gps-recensione\\\/#primaryimage\"},\"image\":{\"@id\":\"https:\\\/\\\/www.accuratereviews.com\\\/it\\\/software-assistenza-stradale\\\/high-point-gps-recensione\\\/#primaryimage\"},\"thumbnailUrl\":\"https:\\\/\\\/www.accuratereviews.com\\\/wp-content\\\/uploads\\\/2022\\\/04\\\/High-Point-GPS.jpeg\",\"datePublished\":\"2022-04-14T13:48:40+00:00\",\"description\":\"High Point GPS: recensione software di gestione della flotta che consente agli operatori di visualizzare la posizione dei loro veicoli.\",\"breadcrumb\":{\"@id\":\"https:\\\/\\\/www.accuratereviews.com\\\/it\\\/software-assistenza-stradale\\\/high-point-gps-recensione\\\/#breadcrumb\"},\"inLanguage\":\"it-IT\",\"potentialAction\":[{\"@type\":\"ReadAction\",\"target\":[\"https:\\\/\\\/www.accuratereviews.com\\\/it\\\/software-assistenza-stradale\\\/high-point-gps-recensione\\\/\"]}]},{\"@type\":\"ImageObject\",\"inLanguage\":\"it-IT\",\"@id\":\"https:\\\/\\\/www.accuratereviews.com\\\/it\\\/software-assistenza-stradale\\\/high-point-gps-recensione\\\/#primaryimage\",\"url\":\"https:\\\/\\\/www.accuratereviews.com\\\/wp-content\\\/uploads\\\/2022\\\/04\\\/High-Point-GPS.jpeg\",\"contentUrl\":\"https:\\\/\\\/www.accuratereviews.com\\\/wp-content\\\/uploads\\\/2022\\\/04\\\/High-Point-GPS.jpeg\",\"width\":600,\"height\":315},{\"@type\":\"BreadcrumbList\",\"@id\":\"https:\\\/\\\/www.accuratereviews.com\\\/it\\\/software-assistenza-stradale\\\/high-point-gps-recensione\\\/#breadcrumb\",\"itemListElement\":[{\"@type\":\"ListItem\",\"position\":1,\"name\":\"Home\",\"item\":\"https:\\\/\\\/www.accuratereviews.com\\\/it\\\/\"},{\"@type\":\"ListItem\",\"position\":2,\"name\":\"Software per assistenza stradale\",\"item\":\"https:\\\/\\\/www.accuratereviews.com\\\/it\\\/software-assistenza-stradale\\\/\"},{\"@type\":\"ListItem\",\"position\":3,\"name\":\"High Point GPS\"}]},{\"@type\":\"WebSite\",\"@id\":\"https:\\\/\\\/www.accuratereviews.com\\\/it\\\/#website\",\"url\":\"https:\\\/\\\/www.accuratereviews.com\\\/it\\\/\",\"name\":\"Accurate Reviews\",\"description\":\"\",\"potentialAction\":[{\"@type\":\"SearchAction\",\"target\":{\"@type\":\"EntryPoint\",\"urlTemplate\":\"https:\\\/\\\/www.accuratereviews.com\\\/it\\\/?s={search_term_string}\"},\"query-input\":{\"@type\":\"PropertyValueSpecification\",\"valueRequired\":true,\"valueName\":\"search_term_string\"}}],\"inLanguage\":\"it-IT\"}]}<\/script>\n<!-- \/ Yoast SEO plugin. -->","yoast_head_json":{"title":"High Point GPS: recensione software assistenza stradale","description":"High Point GPS: recensione software di gestione della flotta che consente agli operatori di visualizzare la posizione dei loro veicoli.","robots":{"index":"index","follow":"follow","max-snippet":"max-snippet:-1","max-image-preview":"max-image-preview:large","max-video-preview":"max-video-preview:-1"},"canonical":"https:\/\/www.accuratereviews.com\/it\/software-assistenza-stradale\/high-point-gps-recensione\/","og_locale":"it_IT","og_type":"article","og_title":"High Point GPS: recensione software assistenza stradale","og_description":"High Point GPS: recensione software di gestione della flotta che consente agli operatori di visualizzare la posizione dei loro veicoli.","og_url":"https:\/\/www.accuratereviews.com\/it\/software-assistenza-stradale\/high-point-gps-recensione\/","og_site_name":"Accurate Reviews","og_image":[{"width":600,"height":315,"url":"https:\/\/www.accuratereviews.com\/wp-content\/uploads\/2022\/04\/High-Point-GPS.jpeg","type":"image\/jpeg"}],"twitter_card":"summary_large_image","twitter_misc":{"Tempo di lettura stimato":"3 minuti"},"schema":{"@context":"https:\/\/schema.org","@graph":[{"@type":"WebPage","@id":"https:\/\/www.accuratereviews.com\/it\/software-assistenza-stradale\/high-point-gps-recensione\/","url":"https:\/\/www.accuratereviews.com\/it\/software-assistenza-stradale\/high-point-gps-recensione\/","name":"High Point GPS: recensione software assistenza stradale","isPartOf":{"@id":"https:\/\/www.accuratereviews.com\/it\/#website"},"primaryImageOfPage":{"@id":"https:\/\/www.accuratereviews.com\/it\/software-assistenza-stradale\/high-point-gps-recensione\/#primaryimage"},"image":{"@id":"https:\/\/www.accuratereviews.com\/it\/software-assistenza-stradale\/high-point-gps-recensione\/#primaryimage"},"thumbnailUrl":"https:\/\/www.accuratereviews.com\/wp-content\/uploads\/2022\/04\/High-Point-GPS.jpeg","datePublished":"2022-04-14T13:48:40+00:00","description":"High Point GPS: recensione software di gestione della flotta che consente agli operatori di visualizzare la posizione dei loro veicoli.","breadcrumb":{"@id":"https:\/\/www.accuratereviews.com\/it\/software-assistenza-stradale\/high-point-gps-recensione\/#breadcrumb"},"inLanguage":"it-IT","potentialAction":[{"@type":"ReadAction","target":["https:\/\/www.accuratereviews.com\/it\/software-assistenza-stradale\/high-point-gps-recensione\/"]}]},{"@type":"ImageObject","inLanguage":"it-IT","@id":"https:\/\/www.accuratereviews.com\/it\/software-assistenza-stradale\/high-point-gps-recensione\/#primaryimage","url":"https:\/\/www.accuratereviews.com\/wp-content\/uploads\/2022\/04\/High-Point-GPS.jpeg","contentUrl":"https:\/\/www.accuratereviews.com\/wp-content\/uploads\/2022\/04\/High-Point-GPS.jpeg","width":600,"height":315},{"@type":"BreadcrumbList","@id":"https:\/\/www.accuratereviews.com\/it\/software-assistenza-stradale\/high-point-gps-recensione\/#breadcrumb","itemListElement":[{"@type":"ListItem","position":1,"name":"Home","item":"https:\/\/www.accuratereviews.com\/it\/"},{"@type":"ListItem","position":2,"name":"Software per assistenza stradale","item":"https:\/\/www.accuratereviews.com\/it\/software-assistenza-stradale\/"},{"@type":"ListItem","position":3,"name":"High Point GPS"}]},{"@type":"WebSite","@id":"https:\/\/www.accuratereviews.com\/it\/#website","url":"https:\/\/www.accuratereviews.com\/it\/","name":"Accurate Reviews","description":"","potentialAction":[{"@type":"SearchAction","target":{"@type":"EntryPoint","urlTemplate":"https:\/\/www.accuratereviews.com\/it\/?s={search_term_string}"},"query-input":{"@type":"PropertyValueSpecification","valueRequired":true,"valueName":"search_term_string"}}],"inLanguage":"it-IT"}]}},"_links":{"self":[{"href":"https:\/\/www.accuratereviews.com\/it\/wp-json\/wp\/v2\/pages\/56227","targetHints":{"allow":["GET"]}}],"collection":[{"href":"https:\/\/www.accuratereviews.com\/it\/wp-json\/wp\/v2\/pages"}],"about":[{"href":"https:\/\/www.accuratereviews.com\/it\/wp-json\/wp\/v2\/types\/page"}],"author":[{"embeddable":true,"href":"https:\/\/www.accuratereviews.com\/it\/wp-json\/wp\/v2\/users\/19"}],"replies":[{"embeddable":true,"href":"https:\/\/www.accuratereviews.com\/it\/wp-json\/wp\/v2\/comments?post=56227"}],"version-history":[{"count":14,"href":"https:\/\/www.accuratereviews.com\/it\/wp-json\/wp\/v2\/pages\/56227\/revisions"}],"predecessor-version":[{"id":56269,"href":"https:\/\/www.accuratereviews.com\/it\/wp-json\/wp\/v2\/pages\/56227\/revisions\/56269"}],"up":[{"embeddable":true,"href":"https:\/\/www.accuratereviews.com\/it\/wp-json\/wp\/v2\/pages\/55865"}],"wp:featuredmedia":[{"embeddable":true,"href":"https:\/\/www.accuratereviews.com\/it\/wp-json\/wp\/v2\/media\/56229"}],"wp:attachment":[{"href":"https:\/\/www.accuratereviews.com\/it\/wp-json\/wp\/v2\/media?parent=56227"}],"wp:term":[{"taxonomy":"category","embeddable":true,"href":"https:\/\/www.accuratereviews.com\/it\/wp-json\/wp\/v2\/categories?post=56227"},{"taxonomy":"post_tag","embeddable":true,"href":"https:\/\/www.accuratereviews.com\/it\/wp-json\/wp\/v2\/tags?post=56227"},{"taxonomy":"features","embeddable":true,"href":"https:\/\/www.accuratereviews.com\/it\/wp-json\/wp\/v2\/features?post=56227"}],"curies":[{"name":"wp","href":"https:\/\/api.w.org\/{rel}","templated":true}]}}