{"id":5624,"date":"2015-05-27T08:32:47","date_gmt":"2015-05-27T08:32:47","guid":{"rendered":"http:\/\/www.accuratereviews.com\/it\/emailchef\/"},"modified":"2022-11-08T10:02:14","modified_gmt":"2022-11-08T10:02:14","slug":"emailchef","status":"publish","type":"page","link":"https:\/\/www.accuratereviews.com\/it\/newsletter-migliori-software-lista\/emailchef\/","title":{"rendered":"eMailChef"},"content":{"rendered":"<p><a href=\"https:\/\/www.accuratereviews.com\/wp-content\/uploads\/2019\/06\/emailchef-editor-ITA.png\" rel=\"attachment wp-att-26\"><img loading=\"lazy\" decoding=\"async\" class=\"alignnone wp-image-15948 size-full\" src=\"https:\/\/www.accuratereviews.com\/wp-content\/uploads\/2019\/06\/emailchef-editor-ITA.png\" alt=\"eMailChef editor a blocchi\" width=\"1354\" height=\"627\" srcset=\"https:\/\/www.accuratereviews.com\/wp-content\/uploads\/2019\/06\/emailchef-editor-ITA.png 1354w, https:\/\/www.accuratereviews.com\/wp-content\/uploads\/2019\/06\/emailchef-editor-ITA-300x139.png 300w, https:\/\/www.accuratereviews.com\/wp-content\/uploads\/2019\/06\/emailchef-editor-ITA-768x356.png 768w, https:\/\/www.accuratereviews.com\/wp-content\/uploads\/2019\/06\/emailchef-editor-ITA-1024x474.png 1024w, https:\/\/www.accuratereviews.com\/wp-content\/uploads\/2019\/06\/emailchef-editor-ITA-260x120.png 260w, https:\/\/www.accuratereviews.com\/wp-content\/uploads\/2019\/06\/emailchef-editor-ITA-50x23.png 50w, https:\/\/www.accuratereviews.com\/wp-content\/uploads\/2019\/06\/emailchef-editor-ITA-968x448.png 968w, https:\/\/www.accuratereviews.com\/wp-content\/uploads\/2019\/06\/emailchef-editor-ITA-636x295.png 636w, https:\/\/www.accuratereviews.com\/wp-content\/uploads\/2019\/06\/emailchef-editor-ITA-320x148.png 320w, https:\/\/www.accuratereviews.com\/wp-content\/uploads\/2019\/06\/emailchef-editor-ITA-239x111.png 239w\" sizes=\"auto, (max-width: 1354px) 100vw, 1354px\" \/><\/a><\/p>\n<p><strong>Quello dell\u2019email marketing \u00e8 un campo piuttosto affollato<\/strong>, dominato da alcuni prodotti che per anni hanno stabilito un alto livello di aspettativa riguardo le funzionalit\u00e0 che possiamo aspettarci da questi servizi. Chi arriva ora in questo campo ha due opzioni: <strong>costruire il tipico MVP<\/strong> (minimum viable product, prodotto con le caratteristiche basilari per funzionare) e aggiungere funzionalit\u00e0 nel tempo, puntando a un prodotto di base che interessi agli utenti che, per motivi diversi, non vogliono o non possono usare i servizi che gi\u00e0 esistono; <strong>oppure entrare in gara cercando di eguagliare da subito le caratteristiche di chi c\u2019\u00e8 gi\u00e0<\/strong>.<\/p>\n<p>Sin dall\u2019inizio <strong>eMailChef ha optato per una via di mezzo<\/strong>: offrire tutte le caratteristiche che ti aspetteresti da un servizio di email marketing professionale, includendo anche alcune funzioni di nicchia. Si tratta di una mossa estremamente intelligente, che tiene conto delle esigenze degli utenti pi\u00f9 esperti e di quelli alle prime armi.<\/p>\n<h4>Usabilit\u00e0<\/h4>\n<p><strong>eMailChef ci ha colpiti per la semplicit\u00e0 d\u2019uso e il suo design, fin dall\u2019inizio<\/strong>. Con pochi passaggi, molto semplici, aiuta l\u2019utente a impostare un account. Gli sviluppatori hanno seguito l\u2019esempio del Material design di Google, ed \u00e8 un\u2019ottima scelta: <strong>l\u2019aspetto di eMailChef \u00e8 unico in mezzo agli altri servizi di email marketing<\/strong>, con colori nitidi e un\u2019interfaccia squadrata, nella quale \u00e8 impossibile perdersi durante la fase di impostazione.<\/p>\n<p>Dalla dashboard si pu\u00f2 accedere a tutto ci\u00f2 che \u00e8 necessario, dalle liste alle campagne ai report alla gestione dell\u2019account; tutte le sezioni della dashboard possono essere riordinate, o anche cancellate, secondo i vostri gusti: non c\u2019\u00e8 una visualizzazione imposta. Se non avete ancora affrontato certe parti delle vostre campagne, <strong>eMailChef vi guider\u00e0 prontamente attraverso ogni procedura<\/strong> con un testo intelligente.<\/p>\n<p><img decoding=\"async\" class=\"size-full wp-image-345\" src=\"https:\/\/www.accuratereviews.com\/wp-content\/uploads\/2018\/06\/Emailchef-Screenshot_2.png\" alt=\"Food-themed copy is usual in eMailChef.\" \/><\/p>\n<h4>Caratteristiche<\/h4>\n<p>eMailChef somiglia a un tipico servizio di email marketing: vi offre la possibilit\u00e0 di <strong>organizzare liste di spedizione, inviare campagne email, creare i vostri template per le newsletter o moduli di registrazione<\/strong>, programmare email automatizzate che vengano spedite soltanto se si verificano particolari condizioni o azioni.<\/p>\n<p>In poche mosse gli utenti esperti possono sbizzarrirsi a <strong>programmare automazioni per le proprie comunicazioni<\/strong>, scegliendo se inviarle a segmenti specifici o liste intere. La segmentazione delle liste \u00e8 incredibilmente semplice da utilizzare, inoltre la <strong>reportistica avanzata<\/strong> \u00e8 decisiva per migliorare l\u2019efficacia delle tue campagne, grazie a dati precisi sull\u2019open rate, il click-through rate (CTR), disiscrizioni e altri parametri rilevanti.<\/p>\n<p>\u00c8 importante sottolineare che <strong>eMailChef insiste molto sulla legittimit\u00e0 delle vostre comunicazioni<\/strong>, e da parte nostra apprezziamo molto tutte le precauzioni cui hanno pensato perch\u00e9 <strong>ogni utente sia rispettoso del CAN-SPAM Act e del GDPR<\/strong>: nonostante abbiano soltanto implementato delle leggi americane ed europee, lo hanno fatto in maniera attiva e puntuale, e ci ha positivamente colpiti.<\/p>\n<p>Da segnalare anche un numero crescente di <strong>integrazioni con i principali CMS<\/strong>, quali Magento, PrestaShop e Woocommerce.<\/p>\n<p><img decoding=\"async\" class=\"size-full wp-image-349\" src=\"https:\/\/www.accuratereviews.com\/wp-content\/uploads\/2018\/06\/Emailchef-Screenshot_5.png\" \/><\/p>\n<h4>Supporto<\/h4>\n<p>eMailChef prevede un<strong> supporto completo in italiano<\/strong> e in molte altre lingue e, attraverso la documentazione sul sito, una lista di domande frequenti (FAQ) piuttosto complete e un sistema di ticket di supporto. In aggiunta a tutto questo ci sono guide e consigli per la pi\u00f9 corretta creazione delle newsletter, e sulla dashboard \u00e8 presente un\u2019area notifiche, nella quale vengono visualizzati gli aggiornamenti sul servizio.<\/p>\n<p><img decoding=\"async\" class=\"size-full wp-image-349\" src=\"https:\/\/www.accuratereviews.com\/wp-content\/uploads\/2018\/06\/Emailchef-Screenshot_4.png\" \/><\/p>\n<h4>Prezzo<\/h4>\n<p><strong>eMailChef riesce a farsi notare anche per il prezzo<\/strong>, avendo stabilito il costo pi\u00f9 basso per l\u2019account base, rispetto ad altri servizi. Potete testare tutte le funzionalit\u00e0 della piattaforma utilizzando un account demo. I prezzi partono da 10\u20ac e aumentano fino a 440\u20ac al mese per avere pi\u00f9 di un milione di email da spedire ogni mese. <strong>Ogni piano ha un nome relativo al cibo<\/strong>: ad esempio il piano da 10\u20ac\/mese \u00e8 la \u201ccolazione\u201d, e cos\u00ec via fino al pi\u00f9 costoso, \u201cgala dinner\u201d. <strong>C\u2019\u00e8 anche un\u2019opzione \u201c\u00e0 la carte\u201d<\/strong>. Scegliendo un piano annuale avete la possibilit\u00e0 di risparmiare.<\/p>\n<p>Per coloro che non hanno l\u2019esigenza di inviare le proprie newsletter immediatamente \u00e8 stato introdotto di recente il nuovo piano <strong>\u201cAll you can eat\u201d<\/strong>: il piano non prevede alcun limite al numero di contatti e consente di inviare email ogni mese email illimitate ad una velocit\u00e0 standard di 1000 email all\u2019ora.<\/p>\n","protected":false},"excerpt":{"rendered":"<p>Quello dell\u2019email marketing \u00e8 un campo piuttosto affollato, dominato da alcuni prodotti che per anni hanno stabilito un alto livello d\u2019aspettativa riguardo le funzionalit\u00e0 che possiamo aspettarci da questi servizi. Chi arriva ora in questo campo ha due opzioni&#8230;<\/p>\n","protected":false},"author":16,"featured_media":15935,"parent":5555,"menu_order":15,"comment_status":"open","ping_status":"closed","template":"g1_template_page_review_new.php","meta":{"_acf_changed":false,"cwp_meta_box_check":"Yes","cwp_rev_product_name":"MailChef","cwp_rev_product_image":"http:\/\/www.accuratereviews.com\/wp-content\/uploads\/2015\/05\/logo-mailchef.png","wppr_links":[],"cwp_rev_price":"","wppr_options":[{"name":"Usabilit\u00e0","value":"0"},{"name":"Velocit\u00e0","value":"0"},{"name":"Funzioni","value":"0"},{"name":"Supporto","value":"0"},{"name":"Prezzo","value":"0"}],"wppr_pros":["","","","",""],"wppr_cons":["","","","",""],"_monsterinsights_skip_tracking":false,"_monsterinsights_sitenote_active":false,"_monsterinsights_sitenote_note":"","_monsterinsights_sitenote_category":0,"footnotes":""},"categories":[106,108],"tags":[],"features":[],"class_list":{"0":"post-5624","1":"page","2":"type-page","3":"status-publish","4":"has-post-thumbnail","6":"category-email-marketing-it","7":"category-newsletter"},"wppr_data":{"cwp_meta_box_check":"Yes","cwp_rev_product_name":"MailChef","_wppr_review_template":"default","cwp_rev_product_image":"http:\/\/www.accuratereviews.com\/wp-content\/uploads\/2015\/05\/logo-mailchef.png","cwp_image_link":"image","wppr_links":[],"cwp_rev_price":"","wppr_pros":["","","","",""],"wppr_cons":["","","","",""],"wppr_rating":"0.00","wppr_options":{"1":{"name":"Usabilit\u00e0","value":"0"},"2":{"name":"Velocit\u00e0","value":"0"},"3":{"name":"Funzioni","value":"0"},"4":{"name":"Supporto","value":"0"},"5":{"name":"Prezzo","value":"0"}},"wppr_review_type":"Product","wppr_review_custom_fields":{"additionalProperty":"","additionalType":"","aggregateRating":"","alternateName":"","audience":"","award":"","awards":"","brand":"","color":"","depth":"","description":"","disambiguatingDescription":"","gtin12":"","gtin13":"","gtin14":"","gtin8":"","height":"","identifier":"","image":"","isAccessoryOrSparePartFor":"","isConsumableFor":"","isRelatedTo":"","isSimilarTo":"","itemCondition":"","logo":"","mainEntityOfPage":"","manufacturer":"","material":"","model":"","mpn":"","name":"","offers":"","potentialAction":"","productID":"","productionDate":"","purchaseDate":"","releaseDate":"","review":"","reviews":"","sameAs":"","sku":"","slogan":"","subjectOf":"","url":"","weight":"","width":""}},"acf":[],"yoast_head":"<!-- This site is optimized with the Yoast SEO plugin v27.4 - https:\/\/yoast.com\/product\/yoast-seo-wordpress\/ -->\n<title>eMailChef recensione miglior software per newsletter | Accurate Reviews<\/title>\n<meta name=\"description\" content=\"eMailChef colpisce per la semplicit\u00e0 d\u2019uso e il suo design, fin dall\u2019inizio. Offre la possibilit\u00e0 di spedire campagne di email marketing, e molto altro.\" \/>\n<meta name=\"robots\" content=\"index, follow, max-snippet:-1, max-image-preview:large, max-video-preview:-1\" \/>\n<link rel=\"canonical\" href=\"https:\/\/www.accuratereviews.com\/it\/newsletter-migliori-software-lista\/emailchef\/\" \/>\n<meta property=\"og:locale\" content=\"it_IT\" \/>\n<meta property=\"og:type\" content=\"article\" \/>\n<meta property=\"og:title\" content=\"eMailChef recensione miglior software per newsletter | Accurate Reviews\" \/>\n<meta property=\"og:description\" content=\"eMailChef colpisce per la semplicit\u00e0 d\u2019uso e il suo design, fin dall\u2019inizio. Offre la possibilit\u00e0 di spedire campagne di email marketing, e molto altro.\" \/>\n<meta property=\"og:url\" content=\"https:\/\/www.accuratereviews.com\/it\/newsletter-migliori-software-lista\/emailchef\/\" \/>\n<meta property=\"og:site_name\" content=\"Accurate Reviews\" \/>\n<meta property=\"article:modified_time\" content=\"2022-11-08T10:02:14+00:00\" \/>\n<meta property=\"og:image\" content=\"https:\/\/www.accuratereviews.com\/wp-content\/uploads\/2019\/06\/emailchef-screenshot-ENG.png\" \/>\n\t<meta property=\"og:image:width\" content=\"1353\" \/>\n\t<meta property=\"og:image:height\" content=\"624\" \/>\n\t<meta property=\"og:image:type\" content=\"image\/png\" \/>\n<meta name=\"twitter:card\" content=\"summary_large_image\" \/>\n<meta name=\"twitter:label1\" content=\"Tempo di lettura stimato\" \/>\n\t<meta name=\"twitter:data1\" content=\"5 minuti\" \/>\n<script type=\"application\/ld+json\" class=\"yoast-schema-graph\">{\"@context\":\"https:\\\/\\\/schema.org\",\"@graph\":[{\"@type\":\"WebPage\",\"@id\":\"https:\\\/\\\/www.accuratereviews.com\\\/it\\\/newsletter-migliori-software-lista\\\/emailchef\\\/\",\"url\":\"https:\\\/\\\/www.accuratereviews.com\\\/it\\\/newsletter-migliori-software-lista\\\/emailchef\\\/\",\"name\":\"eMailChef recensione miglior software per newsletter | Accurate Reviews\",\"isPartOf\":{\"@id\":\"https:\\\/\\\/www.accuratereviews.com\\\/it\\\/#website\"},\"primaryImageOfPage\":{\"@id\":\"https:\\\/\\\/www.accuratereviews.com\\\/it\\\/newsletter-migliori-software-lista\\\/emailchef\\\/#primaryimage\"},\"image\":{\"@id\":\"https:\\\/\\\/www.accuratereviews.com\\\/it\\\/newsletter-migliori-software-lista\\\/emailchef\\\/#primaryimage\"},\"thumbnailUrl\":\"https:\\\/\\\/www.accuratereviews.com\\\/wp-content\\\/uploads\\\/2019\\\/06\\\/emailchef-screenshot-ENG.png\",\"datePublished\":\"2015-05-27T08:32:47+00:00\",\"dateModified\":\"2022-11-08T10:02:14+00:00\",\"description\":\"eMailChef colpisce per la semplicit\u00e0 d\u2019uso e il suo design, fin dall\u2019inizio. Offre la possibilit\u00e0 di spedire campagne di email marketing, e molto altro.\",\"breadcrumb\":{\"@id\":\"https:\\\/\\\/www.accuratereviews.com\\\/it\\\/newsletter-migliori-software-lista\\\/emailchef\\\/#breadcrumb\"},\"inLanguage\":\"it-IT\",\"potentialAction\":[{\"@type\":\"ReadAction\",\"target\":[\"https:\\\/\\\/www.accuratereviews.com\\\/it\\\/newsletter-migliori-software-lista\\\/emailchef\\\/\"]}]},{\"@type\":\"ImageObject\",\"inLanguage\":\"it-IT\",\"@id\":\"https:\\\/\\\/www.accuratereviews.com\\\/it\\\/newsletter-migliori-software-lista\\\/emailchef\\\/#primaryimage\",\"url\":\"https:\\\/\\\/www.accuratereviews.com\\\/wp-content\\\/uploads\\\/2019\\\/06\\\/emailchef-screenshot-ENG.png\",\"contentUrl\":\"https:\\\/\\\/www.accuratereviews.com\\\/wp-content\\\/uploads\\\/2019\\\/06\\\/emailchef-screenshot-ENG.png\",\"width\":1353,\"height\":624,\"caption\":\"eMailChef drag and drop editor\"},{\"@type\":\"BreadcrumbList\",\"@id\":\"https:\\\/\\\/www.accuratereviews.com\\\/it\\\/newsletter-migliori-software-lista\\\/emailchef\\\/#breadcrumb\",\"itemListElement\":[{\"@type\":\"ListItem\",\"position\":1,\"name\":\"Home\",\"item\":\"https:\\\/\\\/www.accuratereviews.com\\\/it\\\/\"},{\"@type\":\"ListItem\",\"position\":2,\"name\":\"Newsletter: i migliori software\",\"item\":\"https:\\\/\\\/www.accuratereviews.com\\\/it\\\/newsletter-migliori-software-lista\\\/\"},{\"@type\":\"ListItem\",\"position\":3,\"name\":\"eMailChef\"}]},{\"@type\":\"WebSite\",\"@id\":\"https:\\\/\\\/www.accuratereviews.com\\\/it\\\/#website\",\"url\":\"https:\\\/\\\/www.accuratereviews.com\\\/it\\\/\",\"name\":\"Accurate Reviews\",\"description\":\"\",\"potentialAction\":[{\"@type\":\"SearchAction\",\"target\":{\"@type\":\"EntryPoint\",\"urlTemplate\":\"https:\\\/\\\/www.accuratereviews.com\\\/it\\\/?s={search_term_string}\"},\"query-input\":{\"@type\":\"PropertyValueSpecification\",\"valueRequired\":true,\"valueName\":\"search_term_string\"}}],\"inLanguage\":\"it-IT\"}]}<\/script>\n<!-- \/ Yoast SEO plugin. -->","yoast_head_json":{"title":"eMailChef recensione miglior software per newsletter | Accurate Reviews","description":"eMailChef colpisce per la semplicit\u00e0 d\u2019uso e il suo design, fin dall\u2019inizio. Offre la possibilit\u00e0 di spedire campagne di email marketing, e molto altro.","robots":{"index":"index","follow":"follow","max-snippet":"max-snippet:-1","max-image-preview":"max-image-preview:large","max-video-preview":"max-video-preview:-1"},"canonical":"https:\/\/www.accuratereviews.com\/it\/newsletter-migliori-software-lista\/emailchef\/","og_locale":"it_IT","og_type":"article","og_title":"eMailChef recensione miglior software per newsletter | Accurate Reviews","og_description":"eMailChef colpisce per la semplicit\u00e0 d\u2019uso e il suo design, fin dall\u2019inizio. Offre la possibilit\u00e0 di spedire campagne di email marketing, e molto altro.","og_url":"https:\/\/www.accuratereviews.com\/it\/newsletter-migliori-software-lista\/emailchef\/","og_site_name":"Accurate Reviews","article_modified_time":"2022-11-08T10:02:14+00:00","og_image":[{"width":1353,"height":624,"url":"https:\/\/www.accuratereviews.com\/wp-content\/uploads\/2019\/06\/emailchef-screenshot-ENG.png","type":"image\/png"}],"twitter_card":"summary_large_image","twitter_misc":{"Tempo di lettura stimato":"5 minuti"},"schema":{"@context":"https:\/\/schema.org","@graph":[{"@type":"WebPage","@id":"https:\/\/www.accuratereviews.com\/it\/newsletter-migliori-software-lista\/emailchef\/","url":"https:\/\/www.accuratereviews.com\/it\/newsletter-migliori-software-lista\/emailchef\/","name":"eMailChef recensione miglior software per newsletter | Accurate Reviews","isPartOf":{"@id":"https:\/\/www.accuratereviews.com\/it\/#website"},"primaryImageOfPage":{"@id":"https:\/\/www.accuratereviews.com\/it\/newsletter-migliori-software-lista\/emailchef\/#primaryimage"},"image":{"@id":"https:\/\/www.accuratereviews.com\/it\/newsletter-migliori-software-lista\/emailchef\/#primaryimage"},"thumbnailUrl":"https:\/\/www.accuratereviews.com\/wp-content\/uploads\/2019\/06\/emailchef-screenshot-ENG.png","datePublished":"2015-05-27T08:32:47+00:00","dateModified":"2022-11-08T10:02:14+00:00","description":"eMailChef colpisce per la semplicit\u00e0 d\u2019uso e il suo design, fin dall\u2019inizio. Offre la possibilit\u00e0 di spedire campagne di email marketing, e molto altro.","breadcrumb":{"@id":"https:\/\/www.accuratereviews.com\/it\/newsletter-migliori-software-lista\/emailchef\/#breadcrumb"},"inLanguage":"it-IT","potentialAction":[{"@type":"ReadAction","target":["https:\/\/www.accuratereviews.com\/it\/newsletter-migliori-software-lista\/emailchef\/"]}]},{"@type":"ImageObject","inLanguage":"it-IT","@id":"https:\/\/www.accuratereviews.com\/it\/newsletter-migliori-software-lista\/emailchef\/#primaryimage","url":"https:\/\/www.accuratereviews.com\/wp-content\/uploads\/2019\/06\/emailchef-screenshot-ENG.png","contentUrl":"https:\/\/www.accuratereviews.com\/wp-content\/uploads\/2019\/06\/emailchef-screenshot-ENG.png","width":1353,"height":624,"caption":"eMailChef drag and drop editor"},{"@type":"BreadcrumbList","@id":"https:\/\/www.accuratereviews.com\/it\/newsletter-migliori-software-lista\/emailchef\/#breadcrumb","itemListElement":[{"@type":"ListItem","position":1,"name":"Home","item":"https:\/\/www.accuratereviews.com\/it\/"},{"@type":"ListItem","position":2,"name":"Newsletter: i migliori software","item":"https:\/\/www.accuratereviews.com\/it\/newsletter-migliori-software-lista\/"},{"@type":"ListItem","position":3,"name":"eMailChef"}]},{"@type":"WebSite","@id":"https:\/\/www.accuratereviews.com\/it\/#website","url":"https:\/\/www.accuratereviews.com\/it\/","name":"Accurate Reviews","description":"","potentialAction":[{"@type":"SearchAction","target":{"@type":"EntryPoint","urlTemplate":"https:\/\/www.accuratereviews.com\/it\/?s={search_term_string}"},"query-input":{"@type":"PropertyValueSpecification","valueRequired":true,"valueName":"search_term_string"}}],"inLanguage":"it-IT"}]}},"_links":{"self":[{"href":"https:\/\/www.accuratereviews.com\/it\/wp-json\/wp\/v2\/pages\/5624","targetHints":{"allow":["GET"]}}],"collection":[{"href":"https:\/\/www.accuratereviews.com\/it\/wp-json\/wp\/v2\/pages"}],"about":[{"href":"https:\/\/www.accuratereviews.com\/it\/wp-json\/wp\/v2\/types\/page"}],"author":[{"embeddable":true,"href":"https:\/\/www.accuratereviews.com\/it\/wp-json\/wp\/v2\/users\/16"}],"replies":[{"embeddable":true,"href":"https:\/\/www.accuratereviews.com\/it\/wp-json\/wp\/v2\/comments?post=5624"}],"version-history":[{"count":29,"href":"https:\/\/www.accuratereviews.com\/it\/wp-json\/wp\/v2\/pages\/5624\/revisions"}],"predecessor-version":[{"id":63636,"href":"https:\/\/www.accuratereviews.com\/it\/wp-json\/wp\/v2\/pages\/5624\/revisions\/63636"}],"up":[{"embeddable":true,"href":"https:\/\/www.accuratereviews.com\/it\/wp-json\/wp\/v2\/pages\/5555"}],"wp:featuredmedia":[{"embeddable":true,"href":"https:\/\/www.accuratereviews.com\/it\/wp-json\/wp\/v2\/media\/15935"}],"wp:attachment":[{"href":"https:\/\/www.accuratereviews.com\/it\/wp-json\/wp\/v2\/media?parent=5624"}],"wp:term":[{"taxonomy":"category","embeddable":true,"href":"https:\/\/www.accuratereviews.com\/it\/wp-json\/wp\/v2\/categories?post=5624"},{"taxonomy":"post_tag","embeddable":true,"href":"https:\/\/www.accuratereviews.com\/it\/wp-json\/wp\/v2\/tags?post=5624"},{"taxonomy":"features","embeddable":true,"href":"https:\/\/www.accuratereviews.com\/it\/wp-json\/wp\/v2\/features?post=5624"}],"curies":[{"name":"wp","href":"https:\/\/api.w.org\/{rel}","templated":true}]}}