{"id":56253,"date":"2022-04-14T14:06:17","date_gmt":"2022-04-14T14:06:17","guid":{"rendered":"https:\/\/www.accuratereviews.com\/?page_id=56253"},"modified":"2022-04-14T14:06:17","modified_gmt":"2022-04-14T14:06:17","slug":"tops-recensione","status":"publish","type":"page","link":"https:\/\/www.accuratereviews.com\/it\/software-assistenza-stradale\/tops-recensione\/","title":{"rendered":"TOPS"},"content":{"rendered":"<p><strong>TOPS<\/strong> \u00e8 un <strong>software per l&#8217;assistenza stradale<\/strong> e per la gestione dei rimorchi che ti permette di ottimizzare numerose operazioni, anche quelle pi\u00f9 complesse. Grazie a questo sistema operativo potrai ottenere una visione a 360\u00b0 del tuo business con report dettagliati, funzioni avanzate per la gestione dell&#8217;inventario, dei biglietti, degli autisti, dell&#8217;elaborazione dei pegni e molto altro ancora.<br \/>\nCon <strong>TOPS<\/strong> ogni azienda crea un piano personalizzato con caratteristiche personalizzabili e regolabili mensilmente, andando incontro alle esigenze di tutti.<a href=\"https:\/\/www.accuratereviews.com\/wp-content\/uploads\/2022\/04\/Schermata-2022-04-14-alle-14.12.14.png\"><img loading=\"lazy\" decoding=\"async\" class=\"aligncenter wp-image-56254 size-full\" src=\"https:\/\/www.accuratereviews.com\/wp-content\/uploads\/2022\/04\/Schermata-2022-04-14-alle-14.12.14.png\" alt=\"\" width=\"1002\" height=\"530\" srcset=\"https:\/\/www.accuratereviews.com\/wp-content\/uploads\/2022\/04\/Schermata-2022-04-14-alle-14.12.14.png 1002w, https:\/\/www.accuratereviews.com\/wp-content\/uploads\/2022\/04\/Schermata-2022-04-14-alle-14.12.14-300x159.png 300w, https:\/\/www.accuratereviews.com\/wp-content\/uploads\/2022\/04\/Schermata-2022-04-14-alle-14.12.14-768x406.png 768w, https:\/\/www.accuratereviews.com\/wp-content\/uploads\/2022\/04\/Schermata-2022-04-14-alle-14.12.14-236x125.png 236w, https:\/\/www.accuratereviews.com\/wp-content\/uploads\/2022\/04\/Schermata-2022-04-14-alle-14.12.14-50x26.png 50w, https:\/\/www.accuratereviews.com\/wp-content\/uploads\/2022\/04\/Schermata-2022-04-14-alle-14.12.14-968x512.png 968w, https:\/\/www.accuratereviews.com\/wp-content\/uploads\/2022\/04\/Schermata-2022-04-14-alle-14.12.14-636x336.png 636w, https:\/\/www.accuratereviews.com\/wp-content\/uploads\/2022\/04\/Schermata-2022-04-14-alle-14.12.14-320x169.png 320w, https:\/\/www.accuratereviews.com\/wp-content\/uploads\/2022\/04\/Schermata-2022-04-14-alle-14.12.14-239x126.png 239w\" sizes=\"auto, (max-width: 1002px) 100vw, 1002px\" \/><\/a><\/p>\n<h3>TOPS &#8211; CARATTERISTICHE<\/h3>\n<ul>\n<li>Campi personalizzabili dall&#8217;utente per mantenere le tue esigenze organizzative<\/li>\n<li>Campi automatizzati e capacit\u00e0 di codifica breve per una maggiore accuratezza<\/li>\n<li>Interfaccia e filtri personalizzabili per dare priorit\u00e0 ai tuoi aspetti aziendali preferiti<\/li>\n<li>Tracciamento GPS dettagliato e assegnazione di autisti e camion in un unico registro delle chiamate<\/li>\n<li>Dati in tempo reale e aggiornamenti della spedizione<\/li>\n<li>Registri delle chiamate dettagliati e permanenti con capacit\u00e0 migliorate<\/li>\n<li>Tariffazione sistematica all&#8217;interno di ogni chiamata per migliorare l&#8217;efficienza<\/li>\n<li>Possibilit\u00e0 di aggiungere automaticamente i prezzi in base ai dettagli della chiamata<\/li>\n<li>Gestione delle assegnazioni dei biglietti con aggiornamenti automatici dello stato dell&#8217;autista e convalida<\/li>\n<li>Capacit\u00e0 di verifica per garantire che i biglietti siano gestiti e assegnati<\/li>\n<li>Check-in, deposito e check-out dell&#8217;offerente semplificati al momento dell&#8217;asta con tariffazione automatica dell&#8217;asta<\/li>\n<li>Possibilit\u00e0 di gestire i complicati calcoli statali per le eccedenze e le rimesse<\/li>\n<li>Campi personalizzabili dall&#8217;utente per adattarsi alle vostre esigenze operative e attivit\u00e0<\/li>\n<li>Accesso ai dati dei clienti, dei dipendenti, dei camion e degli autisti con facilit\u00e0 attraverso informazioni e registri di chiamata robusti.<\/li>\n<\/ul>\n<h4>LE RECENSIONI DEGLI UTENTI<\/h4>\n<p><strong>Mike P. &#8220;Software eccellente, persone fantastiche&#8221;<\/strong><br \/>\nPRO: amiamo il fatto che possiamo gestire il 90% della nostra attivit\u00e0 utilizzando questo software. Asta, vincoli, recensioni, traini, fatturazione, mappatura, gps, telecamere&#8230; ci avete pensato voi.<br \/>\nCONTRO: onestamente nessun contro, credo che abbiano pensato quasi a tutto<\/p>\n<p><strong>Lori D. &#8220;Ottimo software nel complesso!<\/strong><br \/>\nCOMMENTI: Tops TowXchange \u00e8 un ottimo prodotto. \u00c8 facile da usare e molto affidabile. \u00c8 possibile inserire le chiamate e spedirle con facilit\u00e0. Anche la determinazione dei prezzi nel sistema \u00e8 molto semplice. Comunica bene con il nostro sistema di contabilit\u00e0 QuickBooks. Abbiamo provato un altro sistema di spedizione Omadi, che era terribile in confronto. Non passerei mai pi\u00f9 ad un altro sistema di spedizione. Consiglio vivamente questo software.<br \/>\nPRO: facilit\u00e0 d&#8217;uso e affidabilit\u00e0.<br \/>\nCONTRO: nella casella a discesa per il tipo di veicolo, vorrei vedere aggiunte un paio di opzioni.<\/p>\n<p><strong>Ed A. &#8220;Quick Silver&#8221;<\/strong><br \/>\nCOMMENTI: uso Towxchange da circa 10+ anni e sono molto soddisfatto del prodotto. Proprio oggi stavo parlando con un altro proprietario di una societ\u00e0 di rimorchio della mia esperienza positiva con Towxchange, quindi \u00e8 ovvio che sono un cliente felice!<\/p>\n","protected":false},"excerpt":{"rendered":"<p>TOPS \u00e8 un software per l&#8217;assistenza stradale e per la gestione dei rimorchi che ti permette di ottimizzare numerose operazioni, anche quelle pi\u00f9 complesse. Grazie a questo sistema operativo potrai ottenere una visione a 360\u00b0 del tuo business con report dettagliati, funzioni avanzate per la gestione dell&#8217;inventario, dei biglietti, degli autisti, dell&#8217;elaborazione dei pegni e molto altro ancora.<\/p>\n","protected":false},"author":17,"featured_media":56259,"parent":55865,"menu_order":0,"comment_status":"open","ping_status":"closed","template":"g1_template_page_review_new.php","meta":{"_acf_changed":false,"cwp_meta_box_check":"No","cwp_rev_product_name":"","cwp_rev_product_image":"","wppr_links":[],"cwp_rev_price":"","wppr_options":[],"wppr_pros":[],"wppr_cons":[],"_monsterinsights_skip_tracking":false,"_monsterinsights_sitenote_active":false,"_monsterinsights_sitenote_note":"","_monsterinsights_sitenote_category":0,"footnotes":""},"categories":[12363],"tags":[12366,12429,12373,12369,12430,12408,12407],"features":[],"class_list":{"0":"post-56253","1":"page","2":"type-page","3":"status-publish","4":"has-post-thumbnail","6":"category-software-assistenza-stradale-cat","7":"tag-assistenza-stradale","8":"tag-gestione-rimorchi","9":"tag-piattaforma-assistenza-stradale","10":"tag-piattaforma-per-assistenza-stradale","11":"tag-rimorchio","12":"tag-software-di-assistenza-stradale","13":"tag-soluzione-di-assistenza-stradale"},"wppr_data":{"cwp_meta_box_check":"No"},"acf":[],"yoast_head":"<!-- This site is optimized with the Yoast SEO plugin v27.4 - https:\/\/yoast.com\/product\/yoast-seo-wordpress\/ -->\n<title>TOPS: recensione software assistenza stradale - Accurate Reviews<\/title>\n<meta name=\"description\" content=\"TOPS: recensione del software per l&#039;assistenza stradale e per la gestione dei rimorchi che ti permette di ottimizzare numerose operazioni.\" \/>\n<meta name=\"robots\" content=\"index, follow, max-snippet:-1, max-image-preview:large, max-video-preview:-1\" \/>\n<link rel=\"canonical\" href=\"https:\/\/www.accuratereviews.com\/it\/software-assistenza-stradale\/tops-recensione\/\" \/>\n<meta property=\"og:locale\" content=\"it_IT\" \/>\n<meta property=\"og:type\" content=\"article\" \/>\n<meta property=\"og:title\" content=\"TOPS: recensione software assistenza stradale - Accurate Reviews\" \/>\n<meta property=\"og:description\" content=\"TOPS: recensione del software per l&#039;assistenza stradale e per la gestione dei rimorchi che ti permette di ottimizzare numerose operazioni.\" \/>\n<meta property=\"og:url\" content=\"https:\/\/www.accuratereviews.com\/it\/software-assistenza-stradale\/tops-recensione\/\" \/>\n<meta property=\"og:site_name\" content=\"Accurate Reviews\" \/>\n<meta property=\"og:image\" content=\"https:\/\/www.accuratereviews.com\/wp-content\/uploads\/2022\/04\/Unknown-2.png\" \/>\n\t<meta property=\"og:image:width\" content=\"1211\" \/>\n\t<meta property=\"og:image:height\" content=\"200\" \/>\n\t<meta property=\"og:image:type\" content=\"image\/png\" \/>\n<meta name=\"twitter:card\" content=\"summary_large_image\" \/>\n<meta name=\"twitter:label1\" content=\"Tempo di lettura stimato\" \/>\n\t<meta name=\"twitter:data1\" content=\"3 minuti\" \/>\n<script type=\"application\/ld+json\" class=\"yoast-schema-graph\">{\"@context\":\"https:\\\/\\\/schema.org\",\"@graph\":[{\"@type\":\"WebPage\",\"@id\":\"https:\\\/\\\/www.accuratereviews.com\\\/it\\\/software-assistenza-stradale\\\/tops-recensione\\\/\",\"url\":\"https:\\\/\\\/www.accuratereviews.com\\\/it\\\/software-assistenza-stradale\\\/tops-recensione\\\/\",\"name\":\"TOPS: recensione software assistenza stradale - Accurate Reviews\",\"isPartOf\":{\"@id\":\"https:\\\/\\\/www.accuratereviews.com\\\/it\\\/#website\"},\"primaryImageOfPage\":{\"@id\":\"https:\\\/\\\/www.accuratereviews.com\\\/it\\\/software-assistenza-stradale\\\/tops-recensione\\\/#primaryimage\"},\"image\":{\"@id\":\"https:\\\/\\\/www.accuratereviews.com\\\/it\\\/software-assistenza-stradale\\\/tops-recensione\\\/#primaryimage\"},\"thumbnailUrl\":\"https:\\\/\\\/www.accuratereviews.com\\\/wp-content\\\/uploads\\\/2022\\\/04\\\/Unknown-2.png\",\"datePublished\":\"2022-04-14T14:06:17+00:00\",\"description\":\"TOPS: recensione del software per l'assistenza stradale e per la gestione dei rimorchi che ti permette di ottimizzare numerose operazioni.\",\"breadcrumb\":{\"@id\":\"https:\\\/\\\/www.accuratereviews.com\\\/it\\\/software-assistenza-stradale\\\/tops-recensione\\\/#breadcrumb\"},\"inLanguage\":\"it-IT\",\"potentialAction\":[{\"@type\":\"ReadAction\",\"target\":[\"https:\\\/\\\/www.accuratereviews.com\\\/it\\\/software-assistenza-stradale\\\/tops-recensione\\\/\"]}]},{\"@type\":\"ImageObject\",\"inLanguage\":\"it-IT\",\"@id\":\"https:\\\/\\\/www.accuratereviews.com\\\/it\\\/software-assistenza-stradale\\\/tops-recensione\\\/#primaryimage\",\"url\":\"https:\\\/\\\/www.accuratereviews.com\\\/wp-content\\\/uploads\\\/2022\\\/04\\\/Unknown-2.png\",\"contentUrl\":\"https:\\\/\\\/www.accuratereviews.com\\\/wp-content\\\/uploads\\\/2022\\\/04\\\/Unknown-2.png\",\"width\":1211,\"height\":200},{\"@type\":\"BreadcrumbList\",\"@id\":\"https:\\\/\\\/www.accuratereviews.com\\\/it\\\/software-assistenza-stradale\\\/tops-recensione\\\/#breadcrumb\",\"itemListElement\":[{\"@type\":\"ListItem\",\"position\":1,\"name\":\"Home\",\"item\":\"https:\\\/\\\/www.accuratereviews.com\\\/it\\\/\"},{\"@type\":\"ListItem\",\"position\":2,\"name\":\"Software per assistenza stradale\",\"item\":\"https:\\\/\\\/www.accuratereviews.com\\\/it\\\/software-assistenza-stradale\\\/\"},{\"@type\":\"ListItem\",\"position\":3,\"name\":\"TOPS\"}]},{\"@type\":\"WebSite\",\"@id\":\"https:\\\/\\\/www.accuratereviews.com\\\/it\\\/#website\",\"url\":\"https:\\\/\\\/www.accuratereviews.com\\\/it\\\/\",\"name\":\"Accurate Reviews\",\"description\":\"\",\"potentialAction\":[{\"@type\":\"SearchAction\",\"target\":{\"@type\":\"EntryPoint\",\"urlTemplate\":\"https:\\\/\\\/www.accuratereviews.com\\\/it\\\/?s={search_term_string}\"},\"query-input\":{\"@type\":\"PropertyValueSpecification\",\"valueRequired\":true,\"valueName\":\"search_term_string\"}}],\"inLanguage\":\"it-IT\"}]}<\/script>\n<!-- \/ Yoast SEO plugin. -->","yoast_head_json":{"title":"TOPS: recensione software assistenza stradale - Accurate Reviews","description":"TOPS: recensione del software per l'assistenza stradale e per la gestione dei rimorchi che ti permette di ottimizzare numerose operazioni.","robots":{"index":"index","follow":"follow","max-snippet":"max-snippet:-1","max-image-preview":"max-image-preview:large","max-video-preview":"max-video-preview:-1"},"canonical":"https:\/\/www.accuratereviews.com\/it\/software-assistenza-stradale\/tops-recensione\/","og_locale":"it_IT","og_type":"article","og_title":"TOPS: recensione software assistenza stradale - Accurate Reviews","og_description":"TOPS: recensione del software per l'assistenza stradale e per la gestione dei rimorchi che ti permette di ottimizzare numerose operazioni.","og_url":"https:\/\/www.accuratereviews.com\/it\/software-assistenza-stradale\/tops-recensione\/","og_site_name":"Accurate Reviews","og_image":[{"width":1211,"height":200,"url":"https:\/\/www.accuratereviews.com\/wp-content\/uploads\/2022\/04\/Unknown-2.png","type":"image\/png"}],"twitter_card":"summary_large_image","twitter_misc":{"Tempo di lettura stimato":"3 minuti"},"schema":{"@context":"https:\/\/schema.org","@graph":[{"@type":"WebPage","@id":"https:\/\/www.accuratereviews.com\/it\/software-assistenza-stradale\/tops-recensione\/","url":"https:\/\/www.accuratereviews.com\/it\/software-assistenza-stradale\/tops-recensione\/","name":"TOPS: recensione software assistenza stradale - Accurate Reviews","isPartOf":{"@id":"https:\/\/www.accuratereviews.com\/it\/#website"},"primaryImageOfPage":{"@id":"https:\/\/www.accuratereviews.com\/it\/software-assistenza-stradale\/tops-recensione\/#primaryimage"},"image":{"@id":"https:\/\/www.accuratereviews.com\/it\/software-assistenza-stradale\/tops-recensione\/#primaryimage"},"thumbnailUrl":"https:\/\/www.accuratereviews.com\/wp-content\/uploads\/2022\/04\/Unknown-2.png","datePublished":"2022-04-14T14:06:17+00:00","description":"TOPS: recensione del software per l'assistenza stradale e per la gestione dei rimorchi che ti permette di ottimizzare numerose operazioni.","breadcrumb":{"@id":"https:\/\/www.accuratereviews.com\/it\/software-assistenza-stradale\/tops-recensione\/#breadcrumb"},"inLanguage":"it-IT","potentialAction":[{"@type":"ReadAction","target":["https:\/\/www.accuratereviews.com\/it\/software-assistenza-stradale\/tops-recensione\/"]}]},{"@type":"ImageObject","inLanguage":"it-IT","@id":"https:\/\/www.accuratereviews.com\/it\/software-assistenza-stradale\/tops-recensione\/#primaryimage","url":"https:\/\/www.accuratereviews.com\/wp-content\/uploads\/2022\/04\/Unknown-2.png","contentUrl":"https:\/\/www.accuratereviews.com\/wp-content\/uploads\/2022\/04\/Unknown-2.png","width":1211,"height":200},{"@type":"BreadcrumbList","@id":"https:\/\/www.accuratereviews.com\/it\/software-assistenza-stradale\/tops-recensione\/#breadcrumb","itemListElement":[{"@type":"ListItem","position":1,"name":"Home","item":"https:\/\/www.accuratereviews.com\/it\/"},{"@type":"ListItem","position":2,"name":"Software per assistenza stradale","item":"https:\/\/www.accuratereviews.com\/it\/software-assistenza-stradale\/"},{"@type":"ListItem","position":3,"name":"TOPS"}]},{"@type":"WebSite","@id":"https:\/\/www.accuratereviews.com\/it\/#website","url":"https:\/\/www.accuratereviews.com\/it\/","name":"Accurate Reviews","description":"","potentialAction":[{"@type":"SearchAction","target":{"@type":"EntryPoint","urlTemplate":"https:\/\/www.accuratereviews.com\/it\/?s={search_term_string}"},"query-input":{"@type":"PropertyValueSpecification","valueRequired":true,"valueName":"search_term_string"}}],"inLanguage":"it-IT"}]}},"_links":{"self":[{"href":"https:\/\/www.accuratereviews.com\/it\/wp-json\/wp\/v2\/pages\/56253","targetHints":{"allow":["GET"]}}],"collection":[{"href":"https:\/\/www.accuratereviews.com\/it\/wp-json\/wp\/v2\/pages"}],"about":[{"href":"https:\/\/www.accuratereviews.com\/it\/wp-json\/wp\/v2\/types\/page"}],"author":[{"embeddable":true,"href":"https:\/\/www.accuratereviews.com\/it\/wp-json\/wp\/v2\/users\/17"}],"replies":[{"embeddable":true,"href":"https:\/\/www.accuratereviews.com\/it\/wp-json\/wp\/v2\/comments?post=56253"}],"version-history":[{"count":1,"href":"https:\/\/www.accuratereviews.com\/it\/wp-json\/wp\/v2\/pages\/56253\/revisions"}],"predecessor-version":[{"id":56264,"href":"https:\/\/www.accuratereviews.com\/it\/wp-json\/wp\/v2\/pages\/56253\/revisions\/56264"}],"up":[{"embeddable":true,"href":"https:\/\/www.accuratereviews.com\/it\/wp-json\/wp\/v2\/pages\/55865"}],"wp:featuredmedia":[{"embeddable":true,"href":"https:\/\/www.accuratereviews.com\/it\/wp-json\/wp\/v2\/media\/56259"}],"wp:attachment":[{"href":"https:\/\/www.accuratereviews.com\/it\/wp-json\/wp\/v2\/media?parent=56253"}],"wp:term":[{"taxonomy":"category","embeddable":true,"href":"https:\/\/www.accuratereviews.com\/it\/wp-json\/wp\/v2\/categories?post=56253"},{"taxonomy":"post_tag","embeddable":true,"href":"https:\/\/www.accuratereviews.com\/it\/wp-json\/wp\/v2\/tags?post=56253"},{"taxonomy":"features","embeddable":true,"href":"https:\/\/www.accuratereviews.com\/it\/wp-json\/wp\/v2\/features?post=56253"}],"curies":[{"name":"wp","href":"https:\/\/api.w.org\/{rel}","templated":true}]}}