{"id":56276,"date":"2022-04-15T10:39:32","date_gmt":"2022-04-15T10:39:32","guid":{"rendered":"https:\/\/www.accuratereviews.com\/?page_id=56276"},"modified":"2022-04-15T10:39:32","modified_gmt":"2022-04-15T10:39:32","slug":"linxio-recensione","status":"publish","type":"page","link":"https:\/\/www.accuratereviews.com\/it\/software-assistenza-stradale\/linxio-recensione\/","title":{"rendered":"Linxio"},"content":{"rendered":"<p><strong>Linxio<\/strong>, precedentemente noto come Ready Track, \u00e8 una <strong>soluzione di monitoraggio e gestione della flotta GPS<\/strong> per aziende sul campo di tutte le dimensioni. La piattaforma basata su <strong>cloud<\/strong> offre moduli per il monitoraggio della flotta e dei veicoli, la gestione delle risorse, la sicurezza dei conducenti e il monitoraggio del comportamento, l&#8217;amministrazione dell&#8217;invio dei lavori, l&#8217;organizzazioni della conformit\u00e0 e le ispezioni. Progettato per aiutare le aziende a ridurre le spese relative alla flotta e monitorare le prestazioni e la produttivit\u00e0 dei dipendenti sul campo, <strong>Linxio<\/strong> offre ottimi strumenti attraverso un&#8217;applicazione centralizzata, in tempo reale.\u00a0Con la soluzione di localizzazione della flotta e dei veicoli, le aziende sono in grado di tracciare veicoli e dipendenti in tempo reale con dati in tempo reale su velocit\u00e0, consumo di carburante, stile di guida, tempo di inattivit\u00e0 e diagnostica del motore. La mappa geografica \u00e8 in grado di mostrare dove si trovano tutti i dipendenti in un dato momento e la mappa pu\u00f2 essere filtrata per mostrare solo veicoli o dipendenti specifici. \u00c8 possibile generare report su metriche come distanza, velocit\u00e0, incidenti e altro e le schede punteggi vengono generate automaticamente per consentire a ciascun dipendente di valutare la propria guida.<\/p>\n<h2>LINXIO &#8211; TUTORIAL<\/h2>\n<p>Vediamo come raggiungere l&#8217;obiettivo di ottimizzare le flotte e i flussi di lavoro per aiutare i clienti a ridurre i costi e aumentare i ricavi utilizzando questo <strong>software di assistenza stradale<\/strong>:<\/p>\n<div id=\"fluid-wrapper-counter-1\" class=\"g1-fluid-wrapper \" style=\"width:686px;\">\n<div style=\"padding-bottom:56.268221574344%;\"><iframe loading=\"lazy\" title=\"Linxio GPS Tracking and Fleet Management Software Overview\" width=\"686\" height=\"386\" src=\"https:\/\/www.youtube.com\/embed\/EaXImhGrwVM?feature=oembed&amp;wmode=transparent&amp;autohide=1&amp;autoplay=0&amp;disablekb=0&amp;fs=1&amp;loop=0&amp;enablejsapi=1&amp;rel=0&amp;controls=2&amp;showinfo=0&amp;wmode=transparent&amp;autohide=2&amp;autoplay=0&amp;disablekb=0&amp;fs=1&amp;loop=0&amp;enablejsapi=1&amp;rel=0&amp;controls=2&amp;showinfo=1\" frameborder=\"0\" allow=\"accelerometer; autoplay; clipboard-write; encrypted-media; gyroscope; picture-in-picture\" allowfullscreen><\/iframe><\/div>\n<\/div>\n<h3>LINXIO &#8211; CARATTERISTICHE<\/h3>\n<ul>\n<li>Panoramica completa della tua flotta, team e risorse<\/li>\n<li>Monitoraggio in tempo reale con cronologia<\/li>\n<li>Suite di reportistica completa, completamente automatizzata<\/li>\n<li>Pianificare i servizi<\/li>\n<li>Gestisci le riparazioni<\/li>\n<li>Ispezioni digitali<\/li>\n<li>Bilancio del carico<\/li>\n<li>Gestisci il comportamento di guida del tuo team attraverso dashboard interattivi<\/li>\n<li>Genera pagelle per istruire i conducenti sulle migliori pratiche<\/li>\n<li>Monitora brusche accelerazioni, frenate, curve e velocit\u00e0<\/li>\n<li>Controlla i percorsi effettuati e pianifica percorsi pi\u00f9 efficienti in termini di carburante e tempo<\/li>\n<li>Integrazione della carta carburante con dispositivi GPS di alta qualit\u00e0<\/li>\n<li>Genera report automatici per tenere traccia delle spese per l&#8217;utilizzo del carburante della flotta<\/li>\n<li>Monitoraggio del veicolo in tempo reale<\/li>\n<li>Cronologia viaggi e fermate<\/li>\n<li>Avvisi Geofence<\/li>\n<li>Monitoraggio del codice di errore<\/li>\n<li>Ispezioni senza carta<\/li>\n<li>Manutenzione basata sull&#8217;utilizzo<\/li>\n<li>Rilevamento furto<\/li>\n<li>Reportistica sull&#8217;utilizzo<\/li>\n<li>Carico e temperatura<\/li>\n<li>Registri storici<\/li>\n<li>Rilevamento di guida distratta<\/li>\n<li>Avvisi di coaching in cabina<\/li>\n<li>Caricamento automatico dell&#8217;incidente<\/li>\n<li>Ottimizzazione del percorso<\/li>\n<li>Invia all&#8217;app del conducente<\/li>\n<li>Documenti del conducente e del veicolo<\/li>\n<li>Registrazione centralizzata<\/li>\n<li>Avvisi di scadenza e report<\/li>\n<\/ul>\n","protected":false},"excerpt":{"rendered":"<p>Linxio, precedentemente noto come Ready Track, \u00e8 una soluzione di monitoraggio e gestione della flotta GPS per aziende sul campo di tutte le dimensioni. La piattaforma basata su cloud offre moduli per il monitoraggio della flotta e dei veicoli, la gestione delle risorse, la sicurezza dei conducenti e il monitoraggio del comportamento, l&#8217;amministrazione dell&#8217;invio dei lavori, l&#8217;organizzazioni della conformit\u00e0 e le ispezioni.<\/p>\n","protected":false},"author":19,"featured_media":56279,"parent":55865,"menu_order":0,"comment_status":"closed","ping_status":"closed","template":"g1_template_page_review_new.php","meta":{"_acf_changed":false,"cwp_meta_box_check":"Yes","cwp_rev_product_name":"","cwp_rev_product_image":"","wppr_links":[],"cwp_rev_price":"","wppr_options":[],"wppr_pros":[],"wppr_cons":[],"_monsterinsights_skip_tracking":false,"_monsterinsights_sitenote_active":false,"_monsterinsights_sitenote_note":"","_monsterinsights_sitenote_category":0,"footnotes":""},"categories":[12363],"tags":[12366,12436,12373,12372,12371,12370],"features":[],"class_list":{"0":"post-56276","1":"page","2":"type-page","3":"status-publish","4":"has-post-thumbnail","6":"category-software-assistenza-stradale-cat","7":"tag-assistenza-stradale","8":"tag-linxio","9":"tag-piattaforma-assistenza-stradale","10":"tag-programma-assistenza-stradale","11":"tag-software-assistenza-stradale","12":"tag-soluzione-assistenza-stradale"},"wppr_data":{"cwp_meta_box_check":"Yes","cwp_rev_product_name":"","cwp_rev_product_image":"","cwp_image_link":"image","cwp_rev_price":"","wppr_rating":"0.00"},"acf":[],"yoast_head":"<!-- This site is optimized with the Yoast SEO plugin v27.4 - https:\/\/yoast.com\/product\/yoast-seo-wordpress\/ -->\n<title>Linxio: recensione software assistenza stradale - Accurate Reviews<\/title>\n<meta name=\"description\" content=\"Linxio: recensione soluzione di monitoraggio e gestione della flotta GPS per aziende sul campo di tutte le dimensioni.\" \/>\n<meta name=\"robots\" content=\"index, follow, max-snippet:-1, max-image-preview:large, max-video-preview:-1\" \/>\n<link rel=\"canonical\" href=\"https:\/\/www.accuratereviews.com\/it\/software-assistenza-stradale\/linxio-recensione\/\" \/>\n<meta property=\"og:locale\" content=\"it_IT\" \/>\n<meta property=\"og:type\" content=\"article\" \/>\n<meta property=\"og:title\" content=\"Linxio: recensione software assistenza stradale - Accurate Reviews\" \/>\n<meta property=\"og:description\" content=\"Linxio: recensione soluzione di monitoraggio e gestione della flotta GPS per aziende sul campo di tutte le dimensioni.\" \/>\n<meta property=\"og:url\" content=\"https:\/\/www.accuratereviews.com\/it\/software-assistenza-stradale\/linxio-recensione\/\" \/>\n<meta property=\"og:site_name\" content=\"Accurate Reviews\" \/>\n<meta property=\"og:image\" content=\"https:\/\/www.accuratereviews.com\/wp-content\/uploads\/2022\/04\/Linxio.jpeg\" \/>\n\t<meta property=\"og:image:width\" content=\"955\" \/>\n\t<meta property=\"og:image:height\" content=\"360\" \/>\n\t<meta property=\"og:image:type\" content=\"image\/jpeg\" \/>\n<meta name=\"twitter:card\" content=\"summary_large_image\" \/>\n<meta name=\"twitter:label1\" content=\"Tempo di lettura stimato\" \/>\n\t<meta name=\"twitter:data1\" content=\"3 minuti\" \/>\n<script type=\"application\/ld+json\" class=\"yoast-schema-graph\">{\"@context\":\"https:\\\/\\\/schema.org\",\"@graph\":[{\"@type\":\"WebPage\",\"@id\":\"https:\\\/\\\/www.accuratereviews.com\\\/it\\\/software-assistenza-stradale\\\/linxio-recensione\\\/\",\"url\":\"https:\\\/\\\/www.accuratereviews.com\\\/it\\\/software-assistenza-stradale\\\/linxio-recensione\\\/\",\"name\":\"Linxio: recensione software assistenza stradale - Accurate Reviews\",\"isPartOf\":{\"@id\":\"https:\\\/\\\/www.accuratereviews.com\\\/it\\\/#website\"},\"primaryImageOfPage\":{\"@id\":\"https:\\\/\\\/www.accuratereviews.com\\\/it\\\/software-assistenza-stradale\\\/linxio-recensione\\\/#primaryimage\"},\"image\":{\"@id\":\"https:\\\/\\\/www.accuratereviews.com\\\/it\\\/software-assistenza-stradale\\\/linxio-recensione\\\/#primaryimage\"},\"thumbnailUrl\":\"https:\\\/\\\/www.accuratereviews.com\\\/wp-content\\\/uploads\\\/2022\\\/04\\\/Linxio.jpeg\",\"datePublished\":\"2022-04-15T10:39:32+00:00\",\"description\":\"Linxio: recensione soluzione di monitoraggio e gestione della flotta GPS per aziende sul campo di tutte le dimensioni.\",\"breadcrumb\":{\"@id\":\"https:\\\/\\\/www.accuratereviews.com\\\/it\\\/software-assistenza-stradale\\\/linxio-recensione\\\/#breadcrumb\"},\"inLanguage\":\"it-IT\",\"potentialAction\":[{\"@type\":\"ReadAction\",\"target\":[\"https:\\\/\\\/www.accuratereviews.com\\\/it\\\/software-assistenza-stradale\\\/linxio-recensione\\\/\"]}]},{\"@type\":\"ImageObject\",\"inLanguage\":\"it-IT\",\"@id\":\"https:\\\/\\\/www.accuratereviews.com\\\/it\\\/software-assistenza-stradale\\\/linxio-recensione\\\/#primaryimage\",\"url\":\"https:\\\/\\\/www.accuratereviews.com\\\/wp-content\\\/uploads\\\/2022\\\/04\\\/Linxio.jpeg\",\"contentUrl\":\"https:\\\/\\\/www.accuratereviews.com\\\/wp-content\\\/uploads\\\/2022\\\/04\\\/Linxio.jpeg\",\"width\":955,\"height\":360},{\"@type\":\"BreadcrumbList\",\"@id\":\"https:\\\/\\\/www.accuratereviews.com\\\/it\\\/software-assistenza-stradale\\\/linxio-recensione\\\/#breadcrumb\",\"itemListElement\":[{\"@type\":\"ListItem\",\"position\":1,\"name\":\"Home\",\"item\":\"https:\\\/\\\/www.accuratereviews.com\\\/it\\\/\"},{\"@type\":\"ListItem\",\"position\":2,\"name\":\"Software per assistenza stradale\",\"item\":\"https:\\\/\\\/www.accuratereviews.com\\\/it\\\/software-assistenza-stradale\\\/\"},{\"@type\":\"ListItem\",\"position\":3,\"name\":\"Linxio\"}]},{\"@type\":\"WebSite\",\"@id\":\"https:\\\/\\\/www.accuratereviews.com\\\/it\\\/#website\",\"url\":\"https:\\\/\\\/www.accuratereviews.com\\\/it\\\/\",\"name\":\"Accurate Reviews\",\"description\":\"\",\"potentialAction\":[{\"@type\":\"SearchAction\",\"target\":{\"@type\":\"EntryPoint\",\"urlTemplate\":\"https:\\\/\\\/www.accuratereviews.com\\\/it\\\/?s={search_term_string}\"},\"query-input\":{\"@type\":\"PropertyValueSpecification\",\"valueRequired\":true,\"valueName\":\"search_term_string\"}}],\"inLanguage\":\"it-IT\"}]}<\/script>\n<!-- \/ Yoast SEO plugin. -->","yoast_head_json":{"title":"Linxio: recensione software assistenza stradale - Accurate Reviews","description":"Linxio: recensione soluzione di monitoraggio e gestione della flotta GPS per aziende sul campo di tutte le dimensioni.","robots":{"index":"index","follow":"follow","max-snippet":"max-snippet:-1","max-image-preview":"max-image-preview:large","max-video-preview":"max-video-preview:-1"},"canonical":"https:\/\/www.accuratereviews.com\/it\/software-assistenza-stradale\/linxio-recensione\/","og_locale":"it_IT","og_type":"article","og_title":"Linxio: recensione software assistenza stradale - Accurate Reviews","og_description":"Linxio: recensione soluzione di monitoraggio e gestione della flotta GPS per aziende sul campo di tutte le dimensioni.","og_url":"https:\/\/www.accuratereviews.com\/it\/software-assistenza-stradale\/linxio-recensione\/","og_site_name":"Accurate Reviews","og_image":[{"width":955,"height":360,"url":"https:\/\/www.accuratereviews.com\/wp-content\/uploads\/2022\/04\/Linxio.jpeg","type":"image\/jpeg"}],"twitter_card":"summary_large_image","twitter_misc":{"Tempo di lettura stimato":"3 minuti"},"schema":{"@context":"https:\/\/schema.org","@graph":[{"@type":"WebPage","@id":"https:\/\/www.accuratereviews.com\/it\/software-assistenza-stradale\/linxio-recensione\/","url":"https:\/\/www.accuratereviews.com\/it\/software-assistenza-stradale\/linxio-recensione\/","name":"Linxio: recensione software assistenza stradale - Accurate Reviews","isPartOf":{"@id":"https:\/\/www.accuratereviews.com\/it\/#website"},"primaryImageOfPage":{"@id":"https:\/\/www.accuratereviews.com\/it\/software-assistenza-stradale\/linxio-recensione\/#primaryimage"},"image":{"@id":"https:\/\/www.accuratereviews.com\/it\/software-assistenza-stradale\/linxio-recensione\/#primaryimage"},"thumbnailUrl":"https:\/\/www.accuratereviews.com\/wp-content\/uploads\/2022\/04\/Linxio.jpeg","datePublished":"2022-04-15T10:39:32+00:00","description":"Linxio: recensione soluzione di monitoraggio e gestione della flotta GPS per aziende sul campo di tutte le dimensioni.","breadcrumb":{"@id":"https:\/\/www.accuratereviews.com\/it\/software-assistenza-stradale\/linxio-recensione\/#breadcrumb"},"inLanguage":"it-IT","potentialAction":[{"@type":"ReadAction","target":["https:\/\/www.accuratereviews.com\/it\/software-assistenza-stradale\/linxio-recensione\/"]}]},{"@type":"ImageObject","inLanguage":"it-IT","@id":"https:\/\/www.accuratereviews.com\/it\/software-assistenza-stradale\/linxio-recensione\/#primaryimage","url":"https:\/\/www.accuratereviews.com\/wp-content\/uploads\/2022\/04\/Linxio.jpeg","contentUrl":"https:\/\/www.accuratereviews.com\/wp-content\/uploads\/2022\/04\/Linxio.jpeg","width":955,"height":360},{"@type":"BreadcrumbList","@id":"https:\/\/www.accuratereviews.com\/it\/software-assistenza-stradale\/linxio-recensione\/#breadcrumb","itemListElement":[{"@type":"ListItem","position":1,"name":"Home","item":"https:\/\/www.accuratereviews.com\/it\/"},{"@type":"ListItem","position":2,"name":"Software per assistenza stradale","item":"https:\/\/www.accuratereviews.com\/it\/software-assistenza-stradale\/"},{"@type":"ListItem","position":3,"name":"Linxio"}]},{"@type":"WebSite","@id":"https:\/\/www.accuratereviews.com\/it\/#website","url":"https:\/\/www.accuratereviews.com\/it\/","name":"Accurate Reviews","description":"","potentialAction":[{"@type":"SearchAction","target":{"@type":"EntryPoint","urlTemplate":"https:\/\/www.accuratereviews.com\/it\/?s={search_term_string}"},"query-input":{"@type":"PropertyValueSpecification","valueRequired":true,"valueName":"search_term_string"}}],"inLanguage":"it-IT"}]}},"_links":{"self":[{"href":"https:\/\/www.accuratereviews.com\/it\/wp-json\/wp\/v2\/pages\/56276","targetHints":{"allow":["GET"]}}],"collection":[{"href":"https:\/\/www.accuratereviews.com\/it\/wp-json\/wp\/v2\/pages"}],"about":[{"href":"https:\/\/www.accuratereviews.com\/it\/wp-json\/wp\/v2\/types\/page"}],"author":[{"embeddable":true,"href":"https:\/\/www.accuratereviews.com\/it\/wp-json\/wp\/v2\/users\/19"}],"replies":[{"embeddable":true,"href":"https:\/\/www.accuratereviews.com\/it\/wp-json\/wp\/v2\/comments?post=56276"}],"version-history":[{"count":10,"href":"https:\/\/www.accuratereviews.com\/it\/wp-json\/wp\/v2\/pages\/56276\/revisions"}],"predecessor-version":[{"id":56303,"href":"https:\/\/www.accuratereviews.com\/it\/wp-json\/wp\/v2\/pages\/56276\/revisions\/56303"}],"up":[{"embeddable":true,"href":"https:\/\/www.accuratereviews.com\/it\/wp-json\/wp\/v2\/pages\/55865"}],"wp:featuredmedia":[{"embeddable":true,"href":"https:\/\/www.accuratereviews.com\/it\/wp-json\/wp\/v2\/media\/56279"}],"wp:attachment":[{"href":"https:\/\/www.accuratereviews.com\/it\/wp-json\/wp\/v2\/media?parent=56276"}],"wp:term":[{"taxonomy":"category","embeddable":true,"href":"https:\/\/www.accuratereviews.com\/it\/wp-json\/wp\/v2\/categories?post=56276"},{"taxonomy":"post_tag","embeddable":true,"href":"https:\/\/www.accuratereviews.com\/it\/wp-json\/wp\/v2\/tags?post=56276"},{"taxonomy":"features","embeddable":true,"href":"https:\/\/www.accuratereviews.com\/it\/wp-json\/wp\/v2\/features?post=56276"}],"curies":[{"name":"wp","href":"https:\/\/api.w.org\/{rel}","templated":true}]}}