{"id":56341,"date":"2022-04-19T10:13:04","date_gmt":"2022-04-19T10:13:04","guid":{"rendered":"https:\/\/www.accuratereviews.com\/?page_id=56341"},"modified":"2022-04-19T14:44:44","modified_gmt":"2022-04-19T14:44:44","slug":"intow-software-suite-recensione","status":"publish","type":"page","link":"https:\/\/www.accuratereviews.com\/it\/software-assistenza-stradale\/intow-software-suite-recensione\/","title":{"rendered":"InTow Software Suite"},"content":{"rendered":"<p style=\"text-align: left;\"><strong>InTow Software Suite<\/strong> \u00e8 una soluzione completa per la <strong>gestione della flotta<\/strong> che semplifica l&#8217;invio dei camion, la gestione delle chiamate e le comunicazioni da ufficio a conducente per qualsiasi servizio di rimorchio. La soluzione amministra tutte le operazioni di servizio relative alla organizzazione dei dati, alla messaggistica del conducente, al tracciamento GPS, alla distribuzione delle chiamate e all&#8217;invio\/instradamento dei mezzi.\u00a0Con <strong>InTow<\/strong>, gli operatori possono concentrarsi sulla gestione di tutte le richieste di servizio e le chiamate, consentendo ai conducenti di concentrarsi sul trasporto del veicolo, sulla scansione del VIN, sulla creazione di fatture, sull&#8217;elaborazione dei pagamenti e sull&#8217;acquisizione di foto\/note. Per ogni chiamata di servizio, il software acquisisce tutti i dettagli del servizio e archivia tutte le informazioni in un database sicuro a cui \u00e8 possibile accedere tramite strumenti di reporting intuitivi. Questi dettagli del servizio vengono inviati automaticamente ai telefoni cellulari del conducente o ai terminali mobili montati ogni volta che viene assegnata una chiamata a un conducente. Utilizzando la funzionalit\u00e0 di localizzazione GPS integrata, il personale dell&#8217;ufficio \u00e8 in grado di massimizzare i profitti su ogni chiamata inviando i camion disponibili pi\u00f9 vicini alle localit\u00e0 di servizio.<\/p>\n<h2><a href=\"https:\/\/www.accuratereviews.com\/wp-content\/uploads\/2022\/04\/InTow-Software-Suite-2.png\"><img loading=\"lazy\" decoding=\"async\" class=\"size-full wp-image-56349 aligncenter\" src=\"https:\/\/www.accuratereviews.com\/wp-content\/uploads\/2022\/04\/InTow-Software-Suite-2.png\" alt=\"\" width=\"620\" height=\"440\" srcset=\"https:\/\/www.accuratereviews.com\/wp-content\/uploads\/2022\/04\/InTow-Software-Suite-2.png 620w, https:\/\/www.accuratereviews.com\/wp-content\/uploads\/2022\/04\/InTow-Software-Suite-2-300x213.png 300w, https:\/\/www.accuratereviews.com\/wp-content\/uploads\/2022\/04\/InTow-Software-Suite-2-176x125.png 176w, https:\/\/www.accuratereviews.com\/wp-content\/uploads\/2022\/04\/InTow-Software-Suite-2-50x35.png 50w, https:\/\/www.accuratereviews.com\/wp-content\/uploads\/2022\/04\/InTow-Software-Suite-2-320x227.png 320w, https:\/\/www.accuratereviews.com\/wp-content\/uploads\/2022\/04\/InTow-Software-Suite-2-239x170.png 239w\" sizes=\"auto, (max-width: 620px) 100vw, 620px\" \/><\/a><\/h2>\n<h2>INTOW SOFTWARE SUITE &#8211; CARATTERISTICHE<\/h2>\n<ul>\n<li><strong>Gestione chiamate e dati<\/strong>: tieni traccia con precisione dei dettagli di ogni chiamata<\/li>\n<li><strong>Invio in tempo reale<\/strong>: codifica a colori in base allo stato della chiamata o al tipo di chiamata<\/li>\n<li><strong>App per iPhone e Android<\/strong>: modalit\u00e0 Driver e Dispatcher disponibili.<\/li>\n<li><strong>Sicurezza multiforme<\/strong>: configura utenti o gruppi con privilegi dettagliati.<\/li>\n<li><strong>Database locale<\/strong>: controlla i tuoi dati ed esportali per altre applicazioni.<\/li>\n<li><strong>Reportistica personalizzata<\/strong>: puoi\u00a0creare qualsiasi rapporto di cui hai bisogno per la tua operazione.<\/li>\n<li><strong>Integrazione dei dati:<\/strong> i\u00a0dettagli di fattura, pagamento e spesa vengono sincronizzati rapidamente e facilmente con Quickbooks<\/li>\n<\/ul>\n","protected":false},"excerpt":{"rendered":"<p>InTow Software Suite \u00e8 una soluzione completa per la gestione della flotta che semplifica l&#8217;invio dei camion, la gestione delle chiamate e le comunicazioni da ufficio a conducente per qualsiasi servizio di rimorchio. La soluzione amministra tutte le operazioni di servizio relative alla organizzazione dei dati, alla messaggistica del conducente, al tracciamento GPS, alla distribuzione delle chiamate e all&#8217;invio\/instradamento dei mezzi.\u00a0<\/p>\n","protected":false},"author":19,"featured_media":56343,"parent":55865,"menu_order":0,"comment_status":"open","ping_status":"closed","template":"g1_template_page_review_new.php","meta":{"_acf_changed":false,"cwp_meta_box_check":"Yes","cwp_rev_product_name":"","cwp_rev_product_image":"","wppr_links":[],"cwp_rev_price":"","wppr_options":[],"wppr_pros":[],"wppr_cons":[],"_monsterinsights_skip_tracking":false,"_monsterinsights_sitenote_active":false,"_monsterinsights_sitenote_note":"","_monsterinsights_sitenote_category":0,"footnotes":""},"categories":[12363],"tags":[12366,12444,12373,12372,12371,12370],"features":[],"class_list":{"0":"post-56341","1":"page","2":"type-page","3":"status-publish","4":"has-post-thumbnail","6":"category-software-assistenza-stradale-cat","7":"tag-assistenza-stradale","8":"tag-intow-software-suite","9":"tag-piattaforma-assistenza-stradale","10":"tag-programma-assistenza-stradale","11":"tag-software-assistenza-stradale","12":"tag-soluzione-assistenza-stradale"},"wppr_data":{"cwp_meta_box_check":"Yes","cwp_rev_product_name":"","cwp_rev_product_image":"","cwp_image_link":"image","cwp_rev_price":"","wppr_rating":"0.00"},"acf":[],"yoast_head":"<!-- This site is optimized with the Yoast SEO plugin v27.4 - https:\/\/yoast.com\/product\/yoast-seo-wordpress\/ -->\n<title>InTow Software Suite: recensione software assistenza stradale<\/title>\n<meta name=\"description\" content=\"InTow Software Suite: recensione soluzione completa per gestione flotta che semplifica chiamate e comunicazioni da ufficio a conducente.\" \/>\n<meta name=\"robots\" content=\"index, follow, max-snippet:-1, max-image-preview:large, max-video-preview:-1\" \/>\n<link rel=\"canonical\" href=\"https:\/\/www.accuratereviews.com\/it\/software-assistenza-stradale\/intow-software-suite-recensione\/\" \/>\n<meta property=\"og:locale\" content=\"it_IT\" \/>\n<meta property=\"og:type\" content=\"article\" \/>\n<meta property=\"og:title\" content=\"InTow Software Suite: recensione software assistenza stradale\" \/>\n<meta property=\"og:description\" content=\"InTow Software Suite: recensione soluzione completa per gestione flotta che semplifica chiamate e comunicazioni da ufficio a conducente.\" \/>\n<meta property=\"og:url\" content=\"https:\/\/www.accuratereviews.com\/it\/software-assistenza-stradale\/intow-software-suite-recensione\/\" \/>\n<meta property=\"og:site_name\" content=\"Accurate Reviews\" \/>\n<meta property=\"article:modified_time\" content=\"2022-04-19T14:44:44+00:00\" \/>\n<meta property=\"og:image\" content=\"https:\/\/www.accuratereviews.com\/wp-content\/uploads\/2022\/04\/dented-logo.png\" \/>\n\t<meta property=\"og:image:width\" content=\"1163\" \/>\n\t<meta property=\"og:image:height\" content=\"329\" \/>\n\t<meta property=\"og:image:type\" content=\"image\/png\" \/>\n<meta name=\"twitter:card\" content=\"summary_large_image\" \/>\n<meta name=\"twitter:label1\" content=\"Tempo di lettura stimato\" \/>\n\t<meta name=\"twitter:data1\" content=\"2 minuti\" \/>\n<script type=\"application\/ld+json\" class=\"yoast-schema-graph\">{\"@context\":\"https:\\\/\\\/schema.org\",\"@graph\":[{\"@type\":\"WebPage\",\"@id\":\"https:\\\/\\\/www.accuratereviews.com\\\/it\\\/software-assistenza-stradale\\\/intow-software-suite-recensione\\\/\",\"url\":\"https:\\\/\\\/www.accuratereviews.com\\\/it\\\/software-assistenza-stradale\\\/intow-software-suite-recensione\\\/\",\"name\":\"InTow Software Suite: recensione software assistenza stradale\",\"isPartOf\":{\"@id\":\"https:\\\/\\\/www.accuratereviews.com\\\/it\\\/#website\"},\"primaryImageOfPage\":{\"@id\":\"https:\\\/\\\/www.accuratereviews.com\\\/it\\\/software-assistenza-stradale\\\/intow-software-suite-recensione\\\/#primaryimage\"},\"image\":{\"@id\":\"https:\\\/\\\/www.accuratereviews.com\\\/it\\\/software-assistenza-stradale\\\/intow-software-suite-recensione\\\/#primaryimage\"},\"thumbnailUrl\":\"https:\\\/\\\/www.accuratereviews.com\\\/wp-content\\\/uploads\\\/2022\\\/04\\\/dented-logo.png\",\"datePublished\":\"2022-04-19T10:13:04+00:00\",\"dateModified\":\"2022-04-19T14:44:44+00:00\",\"description\":\"InTow Software Suite: recensione soluzione completa per gestione flotta che semplifica chiamate e comunicazioni da ufficio a conducente.\",\"breadcrumb\":{\"@id\":\"https:\\\/\\\/www.accuratereviews.com\\\/it\\\/software-assistenza-stradale\\\/intow-software-suite-recensione\\\/#breadcrumb\"},\"inLanguage\":\"it-IT\",\"potentialAction\":[{\"@type\":\"ReadAction\",\"target\":[\"https:\\\/\\\/www.accuratereviews.com\\\/it\\\/software-assistenza-stradale\\\/intow-software-suite-recensione\\\/\"]}]},{\"@type\":\"ImageObject\",\"inLanguage\":\"it-IT\",\"@id\":\"https:\\\/\\\/www.accuratereviews.com\\\/it\\\/software-assistenza-stradale\\\/intow-software-suite-recensione\\\/#primaryimage\",\"url\":\"https:\\\/\\\/www.accuratereviews.com\\\/wp-content\\\/uploads\\\/2022\\\/04\\\/dented-logo.png\",\"contentUrl\":\"https:\\\/\\\/www.accuratereviews.com\\\/wp-content\\\/uploads\\\/2022\\\/04\\\/dented-logo.png\",\"width\":1163,\"height\":329},{\"@type\":\"BreadcrumbList\",\"@id\":\"https:\\\/\\\/www.accuratereviews.com\\\/it\\\/software-assistenza-stradale\\\/intow-software-suite-recensione\\\/#breadcrumb\",\"itemListElement\":[{\"@type\":\"ListItem\",\"position\":1,\"name\":\"Home\",\"item\":\"https:\\\/\\\/www.accuratereviews.com\\\/it\\\/\"},{\"@type\":\"ListItem\",\"position\":2,\"name\":\"Software per assistenza stradale\",\"item\":\"https:\\\/\\\/www.accuratereviews.com\\\/it\\\/software-assistenza-stradale\\\/\"},{\"@type\":\"ListItem\",\"position\":3,\"name\":\"InTow Software Suite\"}]},{\"@type\":\"WebSite\",\"@id\":\"https:\\\/\\\/www.accuratereviews.com\\\/it\\\/#website\",\"url\":\"https:\\\/\\\/www.accuratereviews.com\\\/it\\\/\",\"name\":\"Accurate Reviews\",\"description\":\"\",\"potentialAction\":[{\"@type\":\"SearchAction\",\"target\":{\"@type\":\"EntryPoint\",\"urlTemplate\":\"https:\\\/\\\/www.accuratereviews.com\\\/it\\\/?s={search_term_string}\"},\"query-input\":{\"@type\":\"PropertyValueSpecification\",\"valueRequired\":true,\"valueName\":\"search_term_string\"}}],\"inLanguage\":\"it-IT\"}]}<\/script>\n<!-- \/ Yoast SEO plugin. -->","yoast_head_json":{"title":"InTow Software Suite: recensione software assistenza stradale","description":"InTow Software Suite: recensione soluzione completa per gestione flotta che semplifica chiamate e comunicazioni da ufficio a conducente.","robots":{"index":"index","follow":"follow","max-snippet":"max-snippet:-1","max-image-preview":"max-image-preview:large","max-video-preview":"max-video-preview:-1"},"canonical":"https:\/\/www.accuratereviews.com\/it\/software-assistenza-stradale\/intow-software-suite-recensione\/","og_locale":"it_IT","og_type":"article","og_title":"InTow Software Suite: recensione software assistenza stradale","og_description":"InTow Software Suite: recensione soluzione completa per gestione flotta che semplifica chiamate e comunicazioni da ufficio a conducente.","og_url":"https:\/\/www.accuratereviews.com\/it\/software-assistenza-stradale\/intow-software-suite-recensione\/","og_site_name":"Accurate Reviews","article_modified_time":"2022-04-19T14:44:44+00:00","og_image":[{"width":1163,"height":329,"url":"https:\/\/www.accuratereviews.com\/wp-content\/uploads\/2022\/04\/dented-logo.png","type":"image\/png"}],"twitter_card":"summary_large_image","twitter_misc":{"Tempo di lettura stimato":"2 minuti"},"schema":{"@context":"https:\/\/schema.org","@graph":[{"@type":"WebPage","@id":"https:\/\/www.accuratereviews.com\/it\/software-assistenza-stradale\/intow-software-suite-recensione\/","url":"https:\/\/www.accuratereviews.com\/it\/software-assistenza-stradale\/intow-software-suite-recensione\/","name":"InTow Software Suite: recensione software assistenza stradale","isPartOf":{"@id":"https:\/\/www.accuratereviews.com\/it\/#website"},"primaryImageOfPage":{"@id":"https:\/\/www.accuratereviews.com\/it\/software-assistenza-stradale\/intow-software-suite-recensione\/#primaryimage"},"image":{"@id":"https:\/\/www.accuratereviews.com\/it\/software-assistenza-stradale\/intow-software-suite-recensione\/#primaryimage"},"thumbnailUrl":"https:\/\/www.accuratereviews.com\/wp-content\/uploads\/2022\/04\/dented-logo.png","datePublished":"2022-04-19T10:13:04+00:00","dateModified":"2022-04-19T14:44:44+00:00","description":"InTow Software Suite: recensione soluzione completa per gestione flotta che semplifica chiamate e comunicazioni da ufficio a conducente.","breadcrumb":{"@id":"https:\/\/www.accuratereviews.com\/it\/software-assistenza-stradale\/intow-software-suite-recensione\/#breadcrumb"},"inLanguage":"it-IT","potentialAction":[{"@type":"ReadAction","target":["https:\/\/www.accuratereviews.com\/it\/software-assistenza-stradale\/intow-software-suite-recensione\/"]}]},{"@type":"ImageObject","inLanguage":"it-IT","@id":"https:\/\/www.accuratereviews.com\/it\/software-assistenza-stradale\/intow-software-suite-recensione\/#primaryimage","url":"https:\/\/www.accuratereviews.com\/wp-content\/uploads\/2022\/04\/dented-logo.png","contentUrl":"https:\/\/www.accuratereviews.com\/wp-content\/uploads\/2022\/04\/dented-logo.png","width":1163,"height":329},{"@type":"BreadcrumbList","@id":"https:\/\/www.accuratereviews.com\/it\/software-assistenza-stradale\/intow-software-suite-recensione\/#breadcrumb","itemListElement":[{"@type":"ListItem","position":1,"name":"Home","item":"https:\/\/www.accuratereviews.com\/it\/"},{"@type":"ListItem","position":2,"name":"Software per assistenza stradale","item":"https:\/\/www.accuratereviews.com\/it\/software-assistenza-stradale\/"},{"@type":"ListItem","position":3,"name":"InTow Software Suite"}]},{"@type":"WebSite","@id":"https:\/\/www.accuratereviews.com\/it\/#website","url":"https:\/\/www.accuratereviews.com\/it\/","name":"Accurate Reviews","description":"","potentialAction":[{"@type":"SearchAction","target":{"@type":"EntryPoint","urlTemplate":"https:\/\/www.accuratereviews.com\/it\/?s={search_term_string}"},"query-input":{"@type":"PropertyValueSpecification","valueRequired":true,"valueName":"search_term_string"}}],"inLanguage":"it-IT"}]}},"_links":{"self":[{"href":"https:\/\/www.accuratereviews.com\/it\/wp-json\/wp\/v2\/pages\/56341","targetHints":{"allow":["GET"]}}],"collection":[{"href":"https:\/\/www.accuratereviews.com\/it\/wp-json\/wp\/v2\/pages"}],"about":[{"href":"https:\/\/www.accuratereviews.com\/it\/wp-json\/wp\/v2\/types\/page"}],"author":[{"embeddable":true,"href":"https:\/\/www.accuratereviews.com\/it\/wp-json\/wp\/v2\/users\/19"}],"replies":[{"embeddable":true,"href":"https:\/\/www.accuratereviews.com\/it\/wp-json\/wp\/v2\/comments?post=56341"}],"version-history":[{"count":6,"href":"https:\/\/www.accuratereviews.com\/it\/wp-json\/wp\/v2\/pages\/56341\/revisions"}],"predecessor-version":[{"id":56375,"href":"https:\/\/www.accuratereviews.com\/it\/wp-json\/wp\/v2\/pages\/56341\/revisions\/56375"}],"up":[{"embeddable":true,"href":"https:\/\/www.accuratereviews.com\/it\/wp-json\/wp\/v2\/pages\/55865"}],"wp:featuredmedia":[{"embeddable":true,"href":"https:\/\/www.accuratereviews.com\/it\/wp-json\/wp\/v2\/media\/56343"}],"wp:attachment":[{"href":"https:\/\/www.accuratereviews.com\/it\/wp-json\/wp\/v2\/media?parent=56341"}],"wp:term":[{"taxonomy":"category","embeddable":true,"href":"https:\/\/www.accuratereviews.com\/it\/wp-json\/wp\/v2\/categories?post=56341"},{"taxonomy":"post_tag","embeddable":true,"href":"https:\/\/www.accuratereviews.com\/it\/wp-json\/wp\/v2\/tags?post=56341"},{"taxonomy":"features","embeddable":true,"href":"https:\/\/www.accuratereviews.com\/it\/wp-json\/wp\/v2\/features?post=56341"}],"curies":[{"name":"wp","href":"https:\/\/api.w.org\/{rel}","templated":true}]}}