{"id":5641,"date":"2016-02-19T11:04:17","date_gmt":"2016-02-19T11:04:17","guid":{"rendered":"http:\/\/www.accuratereviews.com\/it\/best-antivirus-for-pc-user-guide\/"},"modified":"2019-06-04T15:08:46","modified_gmt":"2019-06-04T15:08:46","slug":"i-migliori-antivirus-la-guida","status":"publish","type":"page","link":"https:\/\/www.accuratereviews.com\/it\/i-migliori-antivirus-la-guida\/","title":{"rendered":"Antivirus: I Migliori Antivirus Per PC"},"content":{"rendered":"<p><img loading=\"lazy\" decoding=\"async\" class=\"alignleft size-medium wp-image-2161\" src=\"http:\/\/www.accuratereviews.com\/wp-content\/uploads\/2015\/10\/monitor-933392_1280-300x200.jpg\" alt=\"monitor-933392_1280\" width=\"300\" height=\"200\" srcset=\"https:\/\/www.accuratereviews.com\/wp-content\/uploads\/2015\/10\/monitor-933392_1280-300x200.jpg 300w, https:\/\/www.accuratereviews.com\/wp-content\/uploads\/2015\/10\/monitor-933392_1280-1024x682.jpg 1024w, https:\/\/www.accuratereviews.com\/wp-content\/uploads\/2015\/10\/monitor-933392_1280-188x125.jpg 188w, https:\/\/www.accuratereviews.com\/wp-content\/uploads\/2015\/10\/monitor-933392_1280-50x33.jpg 50w, https:\/\/www.accuratereviews.com\/wp-content\/uploads\/2015\/10\/monitor-933392_1280-968x645.jpg 968w, https:\/\/www.accuratereviews.com\/wp-content\/uploads\/2015\/10\/monitor-933392_1280-636x424.jpg 636w, https:\/\/www.accuratereviews.com\/wp-content\/uploads\/2015\/10\/monitor-933392_1280-320x213.jpg 320w, https:\/\/www.accuratereviews.com\/wp-content\/uploads\/2015\/10\/monitor-933392_1280-239x159.jpg 239w, https:\/\/www.accuratereviews.com\/wp-content\/uploads\/2015\/10\/monitor-933392_1280.jpg 1280w\" sizes=\"auto, (max-width: 300px) 100vw, 300px\" \/><br \/>\nPer essere chiamato \u201c<strong>virus<\/strong>\u201d, un programma per computer deve obbedire a due regole fondamentali: deve essere capace di eseguirsi da solo, e deve replicare s\u00e9 stesso in qualche maniera. Ultimamente, per indicare qualsiasi file o software che voglia arrecare danni ai vostri dati o PC \u00e8 stato anche usato il termine \u201c<strong>malware<\/strong>\u201d, una contrazione di \u201csoftware maligno\u201d. Se il virus non ha bisogno di un ospite per diffondersi, viene chiamato <strong>worm<\/strong>. A seconda dei suoi obiettivi, un <strong>malware pu\u00f2 essere chiamato in altri modi<\/strong> ancora.<br \/>\nSe cerca di farsi passare per un file o un allegato innocuo, \u00e8 un virus <strong>trojan<\/strong>. Uno <strong>spyware \u00e8 un particolare tipo di virus<\/strong> che spia le attivit\u00e0 che svolgete al computer, spesso usando un <strong>keylogger per registrare le combinazioni di tasti che premete<\/strong>, per poter cos\u00ec rubare dati sensibili come le informazioni della carta di credito o altri dati personali. Quando un virus infetta con pubblicit\u00e0 non richiesta il vostro browser o altre parti del sistema, avete incontrato un <strong>adware<\/strong>. Un <strong>rootkit<\/strong>, invece, \u00e8 un virus che dar\u00e0 accesso ad altri software ad aree del vostro hard disk che normalmente dovrebbero essere private. <strong>Ransomware<\/strong> sono un tipo di virus piuttosto insidioso che vi impedir\u00e0 l\u2019accesso ai vostri dati o al vostro account e vi obbligher\u00e0 a pagare un riscatto per tornare in controllo.<\/p>\n<p>A seconda della situazione e della gravit\u00e0 del problema, ci sono diverse cose che potete fare per risolvere l\u2019infezione &#8211; o prevenirla. Se siete un utente comune o un freelance, probabilmente starete tranquilli con le <strong>versioni base di qualsiasi antivirus abbiamo testato<\/strong>, dando per scontato che lo aggiorniate sempre e non andiate alla ricerca di minacce per il vostro PC.<\/p>\n<p>La prima linea di difesa \u00e8 &#8211; ovviamente &#8211; il <strong>firewall<\/strong> del vostro computer, che dovreste sempre aver attivo. Molte software house realizzano <strong>software firewall<\/strong>, spesso inclusi nelle loro suite di sicurezza. Cos\u00ec potete scegliere la migliore <strong>suite internet<\/strong> a seconda dei vostri bisogni &#8211; o dei vostri problemi. La maggior parte di essi realizzano una scansione completa del vostro sistema, distruggendo <strong>malware, adware o spyware<\/strong> eventualmente presenti sul vostro computer. Queste applicazioni di sicurezza verificano ogni sito a cui accedete e vi avviseranno se c\u2019\u00e8 qualcosa di sospetto in corso; possono eseguire la stessa verifica sui link trovati sui feed dei vostri social network. Alcune suite di sicurezza, di solito quelle pi\u00f9 costose, aggiungono anche dei filtri famiglia nel sistema, permettendovi di <strong>bloccare l\u2019accesso ad altri utenti del computer a contenuti inappropriati<\/strong>. <strong>Funzioni anti-phishing<\/strong> scendono in campo ogni qual volta riceviate (e clicchiate) un messaggio, per controllare che non siano truffe che vi spingono a inserire informazioni personali come il codice della carta di credito o altre password private in siti fasulli.<\/p>\n<p>Se lavorate in un\u2019azienda, il vostro settore IT ha gi\u00e0 impiegato diverse risorse per proteggere la sicurezza informatica dell\u2019azienda, che significa tipicamente <strong>crittografia end-to-end<\/strong>, scansione dei file sul server, <strong>protezione del server email<\/strong>, e un firewall molto pi\u00f9 resistente. Le versioni aziendali dei software di sicurezza di solito permettono agli amministratori del sistema informatico un controllo capillare sulle macchine dell\u2019ufficio, e allo stesso tempo possono scegliere diversi livelli di sicurezza per diversi gruppi di utenti o impiegati. Come per le versioni per il consumatore, \u00e8 importante che un antivirus sia in grado di bloccare falle non previste, cio\u00e8 che il suo software sia ben calibrato per riconoscere e neutralizzare il malware che non \u00e8 stato ancora ufficialmente inseriti nell\u2019elenco delle minacce.<\/p>\n<p>In ogni caso, la migliore strategia per rimanere al sicuro su internet \u00e8 semplice: <strong>state attenti a qualsiasi sito visitiate<\/strong>, cercare di scaricare il meno possibile (specialmente da siti che non conoscete), non aprite allegati provenienti da qualcuno che non \u00e8 gi\u00e0 tra i vostri contatti. Tutte queste regole sembrano un recupero degli anni \u201990, ma ricordate: l\u2019anello debole in questo caso non \u00e8 il virus, non \u00e8 il computer: \u00e8 l\u2019utente. Voi.<\/p>\n","protected":false},"excerpt":{"rendered":"<p>Il vostro PC \u00e8 minacciato tutti i giorni da infinite minacce provenienti da internet: la maggior parte di queste minacce assume la forma di un virus per computer. Ci sono moltissime diverse forme di virus (worms e malware che provano a distruggere direttamente i vostri dati e il vostro computer, mentre adware o spyware sono molto pi\u00f9 infidi, e i ransomware utilizzano tattiche completamente diverse), e per ognuno di essi c\u2019\u00e8 un tipo specifico di antivirus, software che riescono a trovare, estirpare e in molti casi prevenire che il vostro PC subisca questi attacchi. Abbiamo recensito molti antivirus, e questi sono i nostri risultati.<\/p>\n","protected":false},"author":16,"featured_media":0,"parent":0,"menu_order":114,"comment_status":"closed","ping_status":"closed","template":"g1_template_page_category_userguide.php","meta":{"_acf_changed":false,"cwp_meta_box_check":"No","cwp_rev_product_name":"","cwp_rev_product_image":"","wppr_links":[],"cwp_rev_price":"","wppr_options":[],"wppr_pros":[],"wppr_cons":[],"_monsterinsights_skip_tracking":false,"_monsterinsights_sitenote_active":false,"_monsterinsights_sitenote_note":"","_monsterinsights_sitenote_category":0,"footnotes":""},"categories":[109],"tags":[726,720,724,713,725,723,709,722,712],"features":[],"class_list":{"0":"post-5641","1":"page","2":"type-page","3":"status-publish","5":"category-antivirus-software-pc-it","6":"tag-adware-o-spyware","7":"tag-anti-phishing","8":"tag-crittografia-end-to-end","9":"tag-malware","10":"tag-programmi-antivirus","11":"tag-protezione-del-server-email","12":"tag-software-antivirus","13":"tag-spyware","14":"tag-trojan"},"wppr_data":{"cwp_meta_box_check":"No","cwp_rev_product_name":"","cwp_rev_product_image":"","cwp_image_link":"image","cwp_rev_price":""},"acf":[],"yoast_head":"<!-- This site is optimized with the Yoast SEO plugin v27.4 - https:\/\/yoast.com\/product\/yoast-seo-wordpress\/ -->\n<title>I Migliori Antivirus Per PC del 2018 | Accurate Reviews<\/title>\n<meta name=\"description\" content=\"Vi guidiamo all&#039;acquisto della soluzione giusta per i vostri bisogni: questa guida ai migliori antivirus contiene le informazioni che cercate.\" \/>\n<meta name=\"robots\" content=\"index, follow, max-snippet:-1, max-image-preview:large, max-video-preview:-1\" \/>\n<link rel=\"canonical\" href=\"https:\/\/www.accuratereviews.com\/it\/i-migliori-antivirus-la-guida\/\" \/>\n<meta property=\"og:locale\" content=\"it_IT\" \/>\n<meta property=\"og:type\" content=\"article\" \/>\n<meta property=\"og:title\" content=\"I Migliori Antivirus Per PC del 2018 | Accurate Reviews\" \/>\n<meta property=\"og:description\" content=\"Vi guidiamo all&#039;acquisto della soluzione giusta per i vostri bisogni: questa guida ai migliori antivirus contiene le informazioni che cercate.\" \/>\n<meta property=\"og:url\" content=\"https:\/\/www.accuratereviews.com\/it\/i-migliori-antivirus-la-guida\/\" \/>\n<meta property=\"og:site_name\" content=\"Accurate Reviews\" \/>\n<meta property=\"article:modified_time\" content=\"2019-06-04T15:08:46+00:00\" \/>\n<meta property=\"og:image\" content=\"http:\/\/www.accuratereviews.com\/wp-content\/uploads\/2015\/10\/monitor-933392_1280-300x200.jpg\" \/>\n<meta name=\"twitter:card\" content=\"summary_large_image\" \/>\n<meta name=\"twitter:label1\" content=\"Tempo di lettura stimato\" \/>\n\t<meta name=\"twitter:data1\" content=\"3 minuti\" \/>\n<script type=\"application\/ld+json\" class=\"yoast-schema-graph\">{\"@context\":\"https:\\\/\\\/schema.org\",\"@graph\":[{\"@type\":\"WebPage\",\"@id\":\"https:\\\/\\\/www.accuratereviews.com\\\/it\\\/i-migliori-antivirus-la-guida\\\/\",\"url\":\"https:\\\/\\\/www.accuratereviews.com\\\/it\\\/i-migliori-antivirus-la-guida\\\/\",\"name\":\"I Migliori Antivirus Per PC del 2018 | Accurate Reviews\",\"isPartOf\":{\"@id\":\"https:\\\/\\\/www.accuratereviews.com\\\/it\\\/#website\"},\"primaryImageOfPage\":{\"@id\":\"https:\\\/\\\/www.accuratereviews.com\\\/it\\\/i-migliori-antivirus-la-guida\\\/#primaryimage\"},\"image\":{\"@id\":\"https:\\\/\\\/www.accuratereviews.com\\\/it\\\/i-migliori-antivirus-la-guida\\\/#primaryimage\"},\"thumbnailUrl\":\"http:\\\/\\\/www.accuratereviews.com\\\/wp-content\\\/uploads\\\/2015\\\/10\\\/monitor-933392_1280-300x200.jpg\",\"datePublished\":\"2016-02-19T11:04:17+00:00\",\"dateModified\":\"2019-06-04T15:08:46+00:00\",\"description\":\"Vi guidiamo all'acquisto della soluzione giusta per i vostri bisogni: questa guida ai migliori antivirus contiene le informazioni che cercate.\",\"breadcrumb\":{\"@id\":\"https:\\\/\\\/www.accuratereviews.com\\\/it\\\/i-migliori-antivirus-la-guida\\\/#breadcrumb\"},\"inLanguage\":\"it-IT\",\"potentialAction\":[{\"@type\":\"ReadAction\",\"target\":[\"https:\\\/\\\/www.accuratereviews.com\\\/it\\\/i-migliori-antivirus-la-guida\\\/\"]}]},{\"@type\":\"ImageObject\",\"inLanguage\":\"it-IT\",\"@id\":\"https:\\\/\\\/www.accuratereviews.com\\\/it\\\/i-migliori-antivirus-la-guida\\\/#primaryimage\",\"url\":\"http:\\\/\\\/www.accuratereviews.com\\\/wp-content\\\/uploads\\\/2015\\\/10\\\/monitor-933392_1280-300x200.jpg\",\"contentUrl\":\"http:\\\/\\\/www.accuratereviews.com\\\/wp-content\\\/uploads\\\/2015\\\/10\\\/monitor-933392_1280-300x200.jpg\"},{\"@type\":\"BreadcrumbList\",\"@id\":\"https:\\\/\\\/www.accuratereviews.com\\\/it\\\/i-migliori-antivirus-la-guida\\\/#breadcrumb\",\"itemListElement\":[{\"@type\":\"ListItem\",\"position\":1,\"name\":\"Home\",\"item\":\"https:\\\/\\\/www.accuratereviews.com\\\/it\\\/\"},{\"@type\":\"ListItem\",\"position\":2,\"name\":\"Antivirus: I Migliori Antivirus Per PC\"}]},{\"@type\":\"WebSite\",\"@id\":\"https:\\\/\\\/www.accuratereviews.com\\\/it\\\/#website\",\"url\":\"https:\\\/\\\/www.accuratereviews.com\\\/it\\\/\",\"name\":\"Accurate Reviews\",\"description\":\"\",\"potentialAction\":[{\"@type\":\"SearchAction\",\"target\":{\"@type\":\"EntryPoint\",\"urlTemplate\":\"https:\\\/\\\/www.accuratereviews.com\\\/it\\\/?s={search_term_string}\"},\"query-input\":{\"@type\":\"PropertyValueSpecification\",\"valueRequired\":true,\"valueName\":\"search_term_string\"}}],\"inLanguage\":\"it-IT\"}]}<\/script>\n<!-- \/ Yoast SEO plugin. -->","yoast_head_json":{"title":"I Migliori Antivirus Per PC del 2018 | Accurate Reviews","description":"Vi guidiamo all'acquisto della soluzione giusta per i vostri bisogni: questa guida ai migliori antivirus contiene le informazioni che cercate.","robots":{"index":"index","follow":"follow","max-snippet":"max-snippet:-1","max-image-preview":"max-image-preview:large","max-video-preview":"max-video-preview:-1"},"canonical":"https:\/\/www.accuratereviews.com\/it\/i-migliori-antivirus-la-guida\/","og_locale":"it_IT","og_type":"article","og_title":"I Migliori Antivirus Per PC del 2018 | Accurate Reviews","og_description":"Vi guidiamo all'acquisto della soluzione giusta per i vostri bisogni: questa guida ai migliori antivirus contiene le informazioni che cercate.","og_url":"https:\/\/www.accuratereviews.com\/it\/i-migliori-antivirus-la-guida\/","og_site_name":"Accurate Reviews","article_modified_time":"2019-06-04T15:08:46+00:00","og_image":[{"url":"http:\/\/www.accuratereviews.com\/wp-content\/uploads\/2015\/10\/monitor-933392_1280-300x200.jpg","type":"","width":"","height":""}],"twitter_card":"summary_large_image","twitter_misc":{"Tempo di lettura stimato":"3 minuti"},"schema":{"@context":"https:\/\/schema.org","@graph":[{"@type":"WebPage","@id":"https:\/\/www.accuratereviews.com\/it\/i-migliori-antivirus-la-guida\/","url":"https:\/\/www.accuratereviews.com\/it\/i-migliori-antivirus-la-guida\/","name":"I Migliori Antivirus Per PC del 2018 | Accurate Reviews","isPartOf":{"@id":"https:\/\/www.accuratereviews.com\/it\/#website"},"primaryImageOfPage":{"@id":"https:\/\/www.accuratereviews.com\/it\/i-migliori-antivirus-la-guida\/#primaryimage"},"image":{"@id":"https:\/\/www.accuratereviews.com\/it\/i-migliori-antivirus-la-guida\/#primaryimage"},"thumbnailUrl":"http:\/\/www.accuratereviews.com\/wp-content\/uploads\/2015\/10\/monitor-933392_1280-300x200.jpg","datePublished":"2016-02-19T11:04:17+00:00","dateModified":"2019-06-04T15:08:46+00:00","description":"Vi guidiamo all'acquisto della soluzione giusta per i vostri bisogni: questa guida ai migliori antivirus contiene le informazioni che cercate.","breadcrumb":{"@id":"https:\/\/www.accuratereviews.com\/it\/i-migliori-antivirus-la-guida\/#breadcrumb"},"inLanguage":"it-IT","potentialAction":[{"@type":"ReadAction","target":["https:\/\/www.accuratereviews.com\/it\/i-migliori-antivirus-la-guida\/"]}]},{"@type":"ImageObject","inLanguage":"it-IT","@id":"https:\/\/www.accuratereviews.com\/it\/i-migliori-antivirus-la-guida\/#primaryimage","url":"http:\/\/www.accuratereviews.com\/wp-content\/uploads\/2015\/10\/monitor-933392_1280-300x200.jpg","contentUrl":"http:\/\/www.accuratereviews.com\/wp-content\/uploads\/2015\/10\/monitor-933392_1280-300x200.jpg"},{"@type":"BreadcrumbList","@id":"https:\/\/www.accuratereviews.com\/it\/i-migliori-antivirus-la-guida\/#breadcrumb","itemListElement":[{"@type":"ListItem","position":1,"name":"Home","item":"https:\/\/www.accuratereviews.com\/it\/"},{"@type":"ListItem","position":2,"name":"Antivirus: I Migliori Antivirus Per PC"}]},{"@type":"WebSite","@id":"https:\/\/www.accuratereviews.com\/it\/#website","url":"https:\/\/www.accuratereviews.com\/it\/","name":"Accurate Reviews","description":"","potentialAction":[{"@type":"SearchAction","target":{"@type":"EntryPoint","urlTemplate":"https:\/\/www.accuratereviews.com\/it\/?s={search_term_string}"},"query-input":{"@type":"PropertyValueSpecification","valueRequired":true,"valueName":"search_term_string"}}],"inLanguage":"it-IT"}]}},"_links":{"self":[{"href":"https:\/\/www.accuratereviews.com\/it\/wp-json\/wp\/v2\/pages\/5641","targetHints":{"allow":["GET"]}}],"collection":[{"href":"https:\/\/www.accuratereviews.com\/it\/wp-json\/wp\/v2\/pages"}],"about":[{"href":"https:\/\/www.accuratereviews.com\/it\/wp-json\/wp\/v2\/types\/page"}],"author":[{"embeddable":true,"href":"https:\/\/www.accuratereviews.com\/it\/wp-json\/wp\/v2\/users\/16"}],"replies":[{"embeddable":true,"href":"https:\/\/www.accuratereviews.com\/it\/wp-json\/wp\/v2\/comments?post=5641"}],"version-history":[{"count":6,"href":"https:\/\/www.accuratereviews.com\/it\/wp-json\/wp\/v2\/pages\/5641\/revisions"}],"predecessor-version":[{"id":6543,"href":"https:\/\/www.accuratereviews.com\/it\/wp-json\/wp\/v2\/pages\/5641\/revisions\/6543"}],"wp:attachment":[{"href":"https:\/\/www.accuratereviews.com\/it\/wp-json\/wp\/v2\/media?parent=5641"}],"wp:term":[{"taxonomy":"category","embeddable":true,"href":"https:\/\/www.accuratereviews.com\/it\/wp-json\/wp\/v2\/categories?post=5641"},{"taxonomy":"post_tag","embeddable":true,"href":"https:\/\/www.accuratereviews.com\/it\/wp-json\/wp\/v2\/tags?post=5641"},{"taxonomy":"features","embeddable":true,"href":"https:\/\/www.accuratereviews.com\/it\/wp-json\/wp\/v2\/features?post=5641"}],"curies":[{"name":"wp","href":"https:\/\/api.w.org\/{rel}","templated":true}]}}