{"id":56448,"date":"2022-04-21T10:49:22","date_gmt":"2022-04-21T10:49:22","guid":{"rendered":"https:\/\/www.accuratereviews.com\/?page_id=56448"},"modified":"2022-04-21T10:49:22","modified_gmt":"2022-04-21T10:49:22","slug":"tabula-pro-recensione","status":"publish","type":"page","link":"https:\/\/www.accuratereviews.com\/it\/software-assistenza-persone\/tabula-pro-recensione\/","title":{"rendered":"Tabula Pro"},"content":{"rendered":"<p><strong>Tabula Pro<\/strong> \u00e8 un <strong>software per assistenza alla persona <\/strong>basato sul web e progettato per aiutare le strutture sanitarie a gestire le informazioni sui residenti, i piani di supporto, i moduli personalizzati e i rapporti. Consente ai medici di garantire la conformit\u00e0 con il dipartimento di stato utilizzando rapporti di ispezione e liste di controllo. Le caratteristiche principali della soluzione includono la gestione dei ricoveri, la manutenzione degli edifici, degli incidenti, il monitoraggio dei farmaci, la gestione del personale, la pianificazione delle cure e la valutazione dei nuovi residenti. La piattaforma consente alle strutture di residenza assistita di assegnare diversi livelli di accesso ai membri del personale per aggiungere, modificare ed eliminare le informazioni sui residenti. La dashboard fornisce informazioni dettagliate, promemoria e avvisi sui residenti, che possono essere personalizzati in base alle esigenze della struttura. Gli amministratori \u00a0possono generare rapporti sui dati per tenere traccia delle esigenze di ogni residente, come sedie a rotelle, iniezioni di insulina e altro ancora.<\/p>\n<h2>TABULA PRO &#8211; TUTORIAL<\/h2>\n<p>Guardiamo insieme questo video in cui illustra le principali funzioni di questo <strong>software per assistenza alla persona<\/strong>:<\/p>\n<div id=\"fluid-wrapper-counter-1\" class=\"g1-fluid-wrapper \" style=\"width:686px;\">\n<div style=\"padding-bottom:56.268221574344%;\"><iframe loading=\"lazy\" title=\"Tabula Pro: How Can Tabula Pro Help You?\" width=\"686\" height=\"386\" src=\"https:\/\/www.youtube.com\/embed\/KWrK3Lbv8bY?feature=oembed&amp;wmode=transparent&amp;autohide=1&amp;autoplay=0&amp;disablekb=0&amp;fs=1&amp;loop=0&amp;enablejsapi=1&amp;rel=0&amp;controls=2&amp;showinfo=0&amp;wmode=transparent&amp;autohide=2&amp;autoplay=0&amp;disablekb=0&amp;fs=1&amp;loop=0&amp;enablejsapi=1&amp;rel=0&amp;controls=2&amp;showinfo=1\" frameborder=\"0\" allow=\"accelerometer; autoplay; clipboard-write; encrypted-media; gyroscope; picture-in-picture\" allowfullscreen><\/iframe><\/div>\n<\/div>\n<h3>TABULA PRO &#8211; CARATTERISTICHE<\/h3>\n<ul>\n<li><strong>Gestione residente<\/strong>: inserisci le informazioni sul residente una volta durante il processo di ammissione e osserva come i dati si riempiono automaticamente e generano automaticamente moduli e rapporti personalizzati, nonch\u00e9 i moduli richiesti dallo stato come fogli di trasferimento di emergenza, fogli frontali, valutazioni, piani di supporto e altro<\/li>\n<li><strong>Crea i tuoi moduli:<\/strong> la soluzione ti fornir\u00e0 ogni modulo di residenza richiesto dallo stato. Se un modulo non \u00e8 presente e lo desideri non preoccuparti: con il generatore di moduli potrai averlo<\/li>\n<li><strong>Avvisi residenti:<\/strong> lascia che il software si preoccupi di tutto. Ti avviser\u00e0 di eventuali screening, valutazioni, piani di supporto, valutazioni mediche e molto altro<\/li>\n<li><strong>Scansione e caricamento di file<\/strong>: con la possibilit\u00e0 di scansionare e caricare file su un residente specifico, hai la possibilit\u00e0 di ridurre significativamente la quantit\u00e0 di file cartacei che devi stampare ogni volta che viene richiesta un&#8217;informazione.<\/li>\n<\/ul>\n<h4>LE RECENSIONI DEGLI UTENTI<\/h4>\n<p class=\"font-weight-bold mb-2\"><strong>Lyndsay D.&#8221;Software eccellente&#8221;<\/strong><\/p>\n<p class=\"font-weight-bold mb-2\"><strong>Commenti<\/strong>: Siamo passati da un altro software a TabulaPro e questo sito \u00e8 molto pi\u00f9 facile ed efficiente da usare. Quando abbiamo bisogno di aggiornare o raccogliere informazioni sui residenti, \u00e8 molto pi\u00f9 veloce farlo. Utilizziamo TabulaPro da un anno ormai e non abbiamo altro che buone esperienze.<\/p>\n<p><strong>Pro<\/strong>:\u00a0\u00c8 molto facile da manovrare all&#8217;interno del sito web. Tutto \u00e8 organizzato e semplice da cui recuperare le informazioni.<\/p>\n<p><strong>Contro<\/strong>:\u00a0Non ho svantaggi da menzionare su TabulaPro<\/p>\n<p class=\"font-weight-bold mb-2\"><strong>Brian L.: &#8220;Buon prodotto, ottimo servizio clienti&#8221;<\/strong><\/p>\n<p class=\"font-weight-bold mb-2\"><strong>Commenti<\/strong>: Tabula sta creando un ambiente pi\u00f9 sicuro per il passaggio di farmaci e semplificando la gestione dei processi regolamentari a tempo.<\/p>\n<p><strong>Pro<\/strong>:\u00a0\u00c8 facile come navigare in Internet. schermi colorati, molto intuitivi, facili da catturare. Il personale con &#8220;fobie informatiche&#8221; ha trovato il prodotto facile da usare.<\/p>\n<p><strong>Contro<\/strong>:\u00a0come tutti i software per computer, possono esserci dei problemi. a volte l&#8217;interfaccia tra la farmacia e la tabula EMAR pu\u00f2 creare problemi con gli ordini, ma con qualsiasi comunicazione tra le due si pu\u00f2 facilmente rimediare.<\/p>\n<p class=\"font-weight-bold mb-2\"><strong>Connie B.&#8221;Connie Bill&#8221;<\/strong><\/p>\n<p><span class=\"font-weight-bold\"><strong>Commenti<\/strong>: <\/span>Uso questo programma da anni e ne ho parlato con altri amministratori di quanto sia utile per il risparmio di tempo.<\/p>\n<p class=\"font-weight-bold mb-2\"><strong>Pro<\/strong>:\u00a0\u00c8 un programma molto facile da usare che viene sempre aggiornato. Funziona bene con le normative statali e ti d\u00e0 promemoria su ci\u00f2 che deve essere compilato. Il programma ti semplifica la vita con i RASP, poich\u00e9 pu\u00f2 essere copiato e rifatto per il prossimo anno o per modifiche. Ti fa risparmiare met\u00e0 del tempo! I proprietari sono molto ricettivi a qualsiasi modifica o aggiunta che potresti avere o per problemi con il programma.<\/p>\n<p class=\"font-weight-bold mb-2\"><strong>Contro<\/strong>:\u00a0Non riesco davvero a pensare a nessun problema che ho con il programma. Tutto ci\u00f2 \u00e8 fantastico e molto utile in questo settore molto impegnativo.<\/p>\n","protected":false},"excerpt":{"rendered":"<p>Tabula Pro \u00e8 un software per assistenza alla persona basato sul web progettato per aiutare le strutture sanitarie a gestire le informazioni sui residenti, i piani di supporto, i moduli personalizzati e i rapporti. Consente ai professionisti medici di garantire la conformit\u00e0 con il dipartimento di stato utilizzando rapporti di ispezione e liste di controllo.<\/p>\n","protected":false},"author":16,"featured_media":56451,"parent":56447,"menu_order":0,"comment_status":"open","ping_status":"closed","template":"g1_template_page_review_new.php","meta":{"_acf_changed":false,"cwp_meta_box_check":"No","cwp_rev_product_name":"","cwp_rev_product_image":"","wppr_links":[],"cwp_rev_price":"","wppr_options":[],"wppr_pros":[],"wppr_cons":[],"_monsterinsights_skip_tracking":false,"_monsterinsights_sitenote_active":false,"_monsterinsights_sitenote_note":"","_monsterinsights_sitenote_category":0,"footnotes":""},"categories":[12456],"tags":[12475,12478,12479,12477,12476,12474],"features":[],"class_list":{"0":"post-56448","1":"page","2":"type-page","3":"status-publish","4":"has-post-thumbnail","6":"category-software-assistenza-persone-cat","7":"tag-assistenza-alla-persona","8":"tag-piattaforma-assistenza-alla-persona","9":"tag-programma-assistenza-alla-persona","10":"tag-software-assistenza-alla-persona","11":"tag-soluzione-assistenza-alla-persona","12":"tag-tabula-pro"},"wppr_data":{"cwp_meta_box_check":"No"},"acf":[],"yoast_head":"<!-- This site is optimized with the Yoast SEO plugin v27.4 - https:\/\/yoast.com\/product\/yoast-seo-wordpress\/ -->\n<title>Tabula Pro: recensione software assistenza alla persona Accurate Reviews<\/title>\n<meta name=\"description\" content=\"Tabula Pro: recensione software per assistenza alla persona progettato per aiutare strutture sanitarie a gestire informazioni sui residenti.\" \/>\n<meta name=\"robots\" content=\"index, follow, max-snippet:-1, max-image-preview:large, max-video-preview:-1\" \/>\n<link rel=\"canonical\" href=\"https:\/\/www.accuratereviews.com\/it\/software-assistenza-persone\/tabula-pro-recensione\/\" \/>\n<meta property=\"og:locale\" content=\"it_IT\" \/>\n<meta property=\"og:type\" content=\"article\" \/>\n<meta property=\"og:title\" content=\"Tabula Pro: recensione software assistenza alla persona Accurate Reviews\" \/>\n<meta property=\"og:description\" content=\"Tabula Pro: recensione software per assistenza alla persona progettato per aiutare strutture sanitarie a gestire informazioni sui residenti.\" \/>\n<meta property=\"og:url\" content=\"https:\/\/www.accuratereviews.com\/it\/software-assistenza-persone\/tabula-pro-recensione\/\" \/>\n<meta property=\"og:site_name\" content=\"Accurate Reviews\" \/>\n<meta property=\"og:image\" content=\"https:\/\/www.accuratereviews.com\/wp-content\/uploads\/2022\/04\/Schermata-2022-04-21-alle-08.45.40.png\" \/>\n\t<meta property=\"og:image:width\" content=\"676\" \/>\n\t<meta property=\"og:image:height\" content=\"212\" \/>\n\t<meta property=\"og:image:type\" content=\"image\/png\" \/>\n<meta name=\"twitter:card\" content=\"summary_large_image\" \/>\n<meta name=\"twitter:label1\" content=\"Tempo di lettura stimato\" \/>\n\t<meta name=\"twitter:data1\" content=\"4 minuti\" \/>\n<script type=\"application\/ld+json\" class=\"yoast-schema-graph\">{\"@context\":\"https:\\\/\\\/schema.org\",\"@graph\":[{\"@type\":\"WebPage\",\"@id\":\"https:\\\/\\\/www.accuratereviews.com\\\/it\\\/software-assistenza-persone\\\/tabula-pro-recensione\\\/\",\"url\":\"https:\\\/\\\/www.accuratereviews.com\\\/it\\\/software-assistenza-persone\\\/tabula-pro-recensione\\\/\",\"name\":\"Tabula Pro: recensione software assistenza alla persona Accurate Reviews\",\"isPartOf\":{\"@id\":\"https:\\\/\\\/www.accuratereviews.com\\\/it\\\/#website\"},\"primaryImageOfPage\":{\"@id\":\"https:\\\/\\\/www.accuratereviews.com\\\/it\\\/software-assistenza-persone\\\/tabula-pro-recensione\\\/#primaryimage\"},\"image\":{\"@id\":\"https:\\\/\\\/www.accuratereviews.com\\\/it\\\/software-assistenza-persone\\\/tabula-pro-recensione\\\/#primaryimage\"},\"thumbnailUrl\":\"https:\\\/\\\/www.accuratereviews.com\\\/wp-content\\\/uploads\\\/2022\\\/04\\\/Schermata-2022-04-21-alle-08.45.40.png\",\"datePublished\":\"2022-04-21T10:49:22+00:00\",\"description\":\"Tabula Pro: recensione software per assistenza alla persona progettato per aiutare strutture sanitarie a gestire informazioni sui residenti.\",\"breadcrumb\":{\"@id\":\"https:\\\/\\\/www.accuratereviews.com\\\/it\\\/software-assistenza-persone\\\/tabula-pro-recensione\\\/#breadcrumb\"},\"inLanguage\":\"it-IT\",\"potentialAction\":[{\"@type\":\"ReadAction\",\"target\":[\"https:\\\/\\\/www.accuratereviews.com\\\/it\\\/software-assistenza-persone\\\/tabula-pro-recensione\\\/\"]}]},{\"@type\":\"ImageObject\",\"inLanguage\":\"it-IT\",\"@id\":\"https:\\\/\\\/www.accuratereviews.com\\\/it\\\/software-assistenza-persone\\\/tabula-pro-recensione\\\/#primaryimage\",\"url\":\"https:\\\/\\\/www.accuratereviews.com\\\/wp-content\\\/uploads\\\/2022\\\/04\\\/Schermata-2022-04-21-alle-08.45.40.png\",\"contentUrl\":\"https:\\\/\\\/www.accuratereviews.com\\\/wp-content\\\/uploads\\\/2022\\\/04\\\/Schermata-2022-04-21-alle-08.45.40.png\",\"width\":676,\"height\":212},{\"@type\":\"BreadcrumbList\",\"@id\":\"https:\\\/\\\/www.accuratereviews.com\\\/it\\\/software-assistenza-persone\\\/tabula-pro-recensione\\\/#breadcrumb\",\"itemListElement\":[{\"@type\":\"ListItem\",\"position\":1,\"name\":\"Home\",\"item\":\"https:\\\/\\\/www.accuratereviews.com\\\/it\\\/\"},{\"@type\":\"ListItem\",\"position\":2,\"name\":\"Software per assistenza alle persone\",\"item\":\"https:\\\/\\\/www.accuratereviews.com\\\/it\\\/software-assistenza-persone\\\/\"},{\"@type\":\"ListItem\",\"position\":3,\"name\":\"Tabula Pro\"}]},{\"@type\":\"WebSite\",\"@id\":\"https:\\\/\\\/www.accuratereviews.com\\\/it\\\/#website\",\"url\":\"https:\\\/\\\/www.accuratereviews.com\\\/it\\\/\",\"name\":\"Accurate Reviews\",\"description\":\"\",\"potentialAction\":[{\"@type\":\"SearchAction\",\"target\":{\"@type\":\"EntryPoint\",\"urlTemplate\":\"https:\\\/\\\/www.accuratereviews.com\\\/it\\\/?s={search_term_string}\"},\"query-input\":{\"@type\":\"PropertyValueSpecification\",\"valueRequired\":true,\"valueName\":\"search_term_string\"}}],\"inLanguage\":\"it-IT\"}]}<\/script>\n<!-- \/ Yoast SEO plugin. -->","yoast_head_json":{"title":"Tabula Pro: recensione software assistenza alla persona Accurate Reviews","description":"Tabula Pro: recensione software per assistenza alla persona progettato per aiutare strutture sanitarie a gestire informazioni sui residenti.","robots":{"index":"index","follow":"follow","max-snippet":"max-snippet:-1","max-image-preview":"max-image-preview:large","max-video-preview":"max-video-preview:-1"},"canonical":"https:\/\/www.accuratereviews.com\/it\/software-assistenza-persone\/tabula-pro-recensione\/","og_locale":"it_IT","og_type":"article","og_title":"Tabula Pro: recensione software assistenza alla persona Accurate Reviews","og_description":"Tabula Pro: recensione software per assistenza alla persona progettato per aiutare strutture sanitarie a gestire informazioni sui residenti.","og_url":"https:\/\/www.accuratereviews.com\/it\/software-assistenza-persone\/tabula-pro-recensione\/","og_site_name":"Accurate Reviews","og_image":[{"width":676,"height":212,"url":"https:\/\/www.accuratereviews.com\/wp-content\/uploads\/2022\/04\/Schermata-2022-04-21-alle-08.45.40.png","type":"image\/png"}],"twitter_card":"summary_large_image","twitter_misc":{"Tempo di lettura stimato":"4 minuti"},"schema":{"@context":"https:\/\/schema.org","@graph":[{"@type":"WebPage","@id":"https:\/\/www.accuratereviews.com\/it\/software-assistenza-persone\/tabula-pro-recensione\/","url":"https:\/\/www.accuratereviews.com\/it\/software-assistenza-persone\/tabula-pro-recensione\/","name":"Tabula Pro: recensione software assistenza alla persona Accurate Reviews","isPartOf":{"@id":"https:\/\/www.accuratereviews.com\/it\/#website"},"primaryImageOfPage":{"@id":"https:\/\/www.accuratereviews.com\/it\/software-assistenza-persone\/tabula-pro-recensione\/#primaryimage"},"image":{"@id":"https:\/\/www.accuratereviews.com\/it\/software-assistenza-persone\/tabula-pro-recensione\/#primaryimage"},"thumbnailUrl":"https:\/\/www.accuratereviews.com\/wp-content\/uploads\/2022\/04\/Schermata-2022-04-21-alle-08.45.40.png","datePublished":"2022-04-21T10:49:22+00:00","description":"Tabula Pro: recensione software per assistenza alla persona progettato per aiutare strutture sanitarie a gestire informazioni sui residenti.","breadcrumb":{"@id":"https:\/\/www.accuratereviews.com\/it\/software-assistenza-persone\/tabula-pro-recensione\/#breadcrumb"},"inLanguage":"it-IT","potentialAction":[{"@type":"ReadAction","target":["https:\/\/www.accuratereviews.com\/it\/software-assistenza-persone\/tabula-pro-recensione\/"]}]},{"@type":"ImageObject","inLanguage":"it-IT","@id":"https:\/\/www.accuratereviews.com\/it\/software-assistenza-persone\/tabula-pro-recensione\/#primaryimage","url":"https:\/\/www.accuratereviews.com\/wp-content\/uploads\/2022\/04\/Schermata-2022-04-21-alle-08.45.40.png","contentUrl":"https:\/\/www.accuratereviews.com\/wp-content\/uploads\/2022\/04\/Schermata-2022-04-21-alle-08.45.40.png","width":676,"height":212},{"@type":"BreadcrumbList","@id":"https:\/\/www.accuratereviews.com\/it\/software-assistenza-persone\/tabula-pro-recensione\/#breadcrumb","itemListElement":[{"@type":"ListItem","position":1,"name":"Home","item":"https:\/\/www.accuratereviews.com\/it\/"},{"@type":"ListItem","position":2,"name":"Software per assistenza alle persone","item":"https:\/\/www.accuratereviews.com\/it\/software-assistenza-persone\/"},{"@type":"ListItem","position":3,"name":"Tabula Pro"}]},{"@type":"WebSite","@id":"https:\/\/www.accuratereviews.com\/it\/#website","url":"https:\/\/www.accuratereviews.com\/it\/","name":"Accurate Reviews","description":"","potentialAction":[{"@type":"SearchAction","target":{"@type":"EntryPoint","urlTemplate":"https:\/\/www.accuratereviews.com\/it\/?s={search_term_string}"},"query-input":{"@type":"PropertyValueSpecification","valueRequired":true,"valueName":"search_term_string"}}],"inLanguage":"it-IT"}]}},"_links":{"self":[{"href":"https:\/\/www.accuratereviews.com\/it\/wp-json\/wp\/v2\/pages\/56448","targetHints":{"allow":["GET"]}}],"collection":[{"href":"https:\/\/www.accuratereviews.com\/it\/wp-json\/wp\/v2\/pages"}],"about":[{"href":"https:\/\/www.accuratereviews.com\/it\/wp-json\/wp\/v2\/types\/page"}],"author":[{"embeddable":true,"href":"https:\/\/www.accuratereviews.com\/it\/wp-json\/wp\/v2\/users\/16"}],"replies":[{"embeddable":true,"href":"https:\/\/www.accuratereviews.com\/it\/wp-json\/wp\/v2\/comments?post=56448"}],"version-history":[{"count":13,"href":"https:\/\/www.accuratereviews.com\/it\/wp-json\/wp\/v2\/pages\/56448\/revisions"}],"predecessor-version":[{"id":56530,"href":"https:\/\/www.accuratereviews.com\/it\/wp-json\/wp\/v2\/pages\/56448\/revisions\/56530"}],"up":[{"embeddable":true,"href":"https:\/\/www.accuratereviews.com\/it\/wp-json\/wp\/v2\/pages\/56447"}],"wp:featuredmedia":[{"embeddable":true,"href":"https:\/\/www.accuratereviews.com\/it\/wp-json\/wp\/v2\/media\/56451"}],"wp:attachment":[{"href":"https:\/\/www.accuratereviews.com\/it\/wp-json\/wp\/v2\/media?parent=56448"}],"wp:term":[{"taxonomy":"category","embeddable":true,"href":"https:\/\/www.accuratereviews.com\/it\/wp-json\/wp\/v2\/categories?post=56448"},{"taxonomy":"post_tag","embeddable":true,"href":"https:\/\/www.accuratereviews.com\/it\/wp-json\/wp\/v2\/tags?post=56448"},{"taxonomy":"features","embeddable":true,"href":"https:\/\/www.accuratereviews.com\/it\/wp-json\/wp\/v2\/features?post=56448"}],"curies":[{"name":"wp","href":"https:\/\/api.w.org\/{rel}","templated":true}]}}