{"id":56457,"date":"2022-04-21T10:50:52","date_gmt":"2022-04-21T10:50:52","guid":{"rendered":"https:\/\/www.accuratereviews.com\/?page_id=56457"},"modified":"2022-04-21T10:50:52","modified_gmt":"2022-04-21T10:50:52","slug":"connecteam-recensione","status":"publish","type":"page","link":"https:\/\/www.accuratereviews.com\/it\/software-assistenza-persone\/connecteam-recensione\/","title":{"rendered":"Connecteam"},"content":{"rendered":"<p><strong>Connecteam \u00e8 una soluzione per l&#8217;assistenza alle persone<\/strong> con la quale puoi coinvolgere e gestire facilmente i dipendenti non fissi con una vera app mobile all-in-one. Il programma offre una potente piattaforma mobile first che aiuta a migliorare la comunicazione, migliorare i processi quotidiani e risparmiare tempo. \u00c8 considerato affidabile da oltre 8.000 aziende ed \u00e8 utilizzato da oltre 100.000 dipendenti in tutto il mondo. La missione degli sviluppatori del software \u00e8 aiutare i dipendenti e manager per gestire al meglio la loro quotidianit\u00e0, in un&#8217;unica piattaforma facile da usare: strumenti multipli per migliorare la comunicazione e il coinvolgimento dei dipendenti, formazione e onboarding, pianificazione dei dipendenti, monitoraggio del tempo, gestione dei fogli presenze, liste di controllo e moduli digitali , organizzazione delle attivit\u00e0, risorse umane e welfare, centri di conoscenza, archiviazione di file e molto altro!<\/p>\n<h2>CONNECTEAM &#8211; TUTORIAL<\/h2>\n<p>Comunica, gestisci e forma i tuoi dipendenti con questo <strong>software di assistenza alle persone<\/strong>:<\/p>\n<div id=\"fluid-wrapper-counter-1\" class=\"g1-fluid-wrapper \" style=\"width:686px;\">\n<div style=\"padding-bottom:56.268221574344%;\"><iframe loading=\"lazy\" title=\"Learn all about Connecteam in 2 minutes!\" width=\"686\" height=\"386\" src=\"https:\/\/www.youtube.com\/embed\/Slidz4epfj8?feature=oembed&amp;wmode=transparent&amp;autohide=1&amp;autoplay=0&amp;disablekb=0&amp;fs=1&amp;loop=0&amp;enablejsapi=1&amp;rel=0&amp;controls=2&amp;showinfo=0&amp;wmode=transparent&amp;autohide=2&amp;autoplay=0&amp;disablekb=0&amp;fs=1&amp;loop=0&amp;enablejsapi=1&amp;rel=0&amp;controls=2&amp;showinfo=1\" frameborder=\"0\" allow=\"accelerometer; autoplay; clipboard-write; encrypted-media; gyroscope; picture-in-picture\" allowfullscreen><\/iframe><\/div>\n<\/div>\n<h3>CONNECTEAM &#8211; CARATTERISTICHE<\/h3>\n<ul>\n<li>Programmazione dei dipendenti<\/li>\n<li>Schede attivit\u00e0 online<\/li>\n<li>Gestione rapida delle attivit\u00e0<\/li>\n<li>Moduli digitali e liste di controllo<\/li>\n<li>Assegna i turni in un clic<\/li>\n<li>Supervisionare le attivit\u00e0 relative ai turni<\/li>\n<li>Tieni i dipendenti informati<\/li>\n<li>Interfaccia mobile per i gestori in movimento<\/li>\n<li>Ricevi notifiche push in tempo reale al momento dell&#8217;esecuzione<\/li>\n<li>Visione a 360 gradi sullo stato delle tue attivit\u00e0<\/li>\n<li>Chat di comunicazione in-app<\/li>\n<li>Liste di controllo e attivit\u00e0 ripetute<\/li>\n<li>Trasforma le attivit\u00e0 manuali in moduli online<\/li>\n<li>I dipendenti compilano i moduli utilizzando il proprio dispositivo mobile<\/li>\n<li>Notifiche in tempo reale al completamento<\/li>\n<li>Facile da rivedere, esportare e condividere<\/li>\n<li>Seleziona come gli utenti possono monitorare il loro tempo di lavoro con pi\u00f9 opzioni e personalizzazione completa<\/li>\n<\/ul>\n<h4>LE RECENSIONI DEGLI UTENTI<\/h4>\n<p class=\"font-weight-bold mb-2\"><strong>Anand J.&#8221;Buona applicazione per le organizzazioni non profit e di medie dimensioni!&#8221;<\/strong><\/p>\n<p class=\"font-weight-bold mb-2\"><strong>Pro<\/strong>:\u00a0Usiamo questa applicazione per la gestione dei volontari. I volontari possono facilmente aggiungere le loro ore di contributo con questa applicazione.<\/p>\n<p class=\"font-weight-bold mb-2\"><strong>Contro<\/strong>:\u00a0I nuovi dipendenti aggiunti non possono vedere i post precedenti. Sarebbe meglio se potessero vedere anche gli ultimi post!<\/p>\n<p class=\"font-weight-bold mb-2\"><strong>Angela M.&#8221;Felice di averlo trovato.&#8221;<\/strong><\/p>\n<p><span class=\"font-weight-bold\"><strong>Commenti<\/strong>: <\/span>Sono felice con Connecteam e sono felice di averlo trovato.<\/p>\n<p class=\"font-weight-bold mb-2\"><strong>Pro<\/strong>:\u00a0Ha un&#8217;ampia variet\u00e0 di funzionalit\u00e0 che ci hanno permesso di spostare il nostro libro paga e le risorse umane su una piattaforma virtuale. La timbratura in entrata e in uscita e il monitoraggio dell&#8217;orario e della posizione dei dipendenti \u00e8 un&#8217;ottima funzionalit\u00e0.<\/p>\n<p class=\"font-weight-bold mb-2\"><strong>Contro<\/strong>:\u00a0Non \u00e8 completamente intuitivo in tutte le aree di utilizzo, ci sono cos\u00ec tante funzioni utili, all&#8217;inizio \u00e8 difficile tenerne traccia. Tuttavia, il supporto \u00e8 incredibile e puoi imparare rapidamente se li contatti.<\/p>\n<p class=\"font-weight-bold mb-2\"><strong>Scott M.&#8221;Adoro Connecteam&#8230; ottimo prodotto con un supporto fantastico.&#8221;<\/strong><\/p>\n<p class=\"font-weight-bold mb-2\"><strong>Pro<\/strong>:\u00a0Adoro il team di supporto, rispondono rapidamente e risolvono i miei problemi in pochi minuti&#8230; Ho MOLTE domande e mi riportano sempre in carreggiata quando sono bloccato.<\/p>\n<p class=\"font-weight-bold mb-2\"><strong>Contro<\/strong>:\u00a0Vorrei poter aggiungere i campi numerici nei moduli.<\/p>\n","protected":false},"excerpt":{"rendered":"<p>Connecteam\u00a0con questa soluzione per l&#8217;assistenza alle persone coinvolgi e gestisci facilmente i dipendenti non fissi con una vera app mobile all-in-one. Il programma offre una potente piattaforma mobile first che aiuta a migliorare la comunicazione, migliorare i processi quotidiani e risparmiare tempo.<\/p>\n","protected":false},"author":16,"featured_media":56460,"parent":56447,"menu_order":0,"comment_status":"open","ping_status":"closed","template":"g1_template_page_review_new.php","meta":{"_acf_changed":false,"cwp_meta_box_check":"No","cwp_rev_product_name":"","cwp_rev_product_image":"","wppr_links":[],"cwp_rev_price":"","wppr_options":[],"wppr_pros":[],"wppr_cons":[],"_monsterinsights_skip_tracking":false,"_monsterinsights_sitenote_active":false,"_monsterinsights_sitenote_note":"","_monsterinsights_sitenote_category":0,"footnotes":""},"categories":[12456],"tags":[12460,12458,12463,12462,12459,12461],"features":[],"class_list":{"0":"post-56457","1":"page","2":"type-page","3":"status-publish","4":"has-post-thumbnail","6":"category-software-assistenza-persone-cat","7":"tag-assistenza-alle-persone","8":"tag-connecteam","9":"tag-piattaforma-per-assistenza-alle-persone","10":"tag-programma-per-assistenza-alle-persone","11":"tag-software-per-assistenza-alle-persone","12":"tag-soluzione-per-assistenza-alle-persone"},"wppr_data":{"cwp_meta_box_check":"No"},"acf":[],"yoast_head":"<!-- This site is optimized with the Yoast SEO plugin v27.4 - https:\/\/yoast.com\/product\/yoast-seo-wordpress\/ -->\n<title>Connecteam: recensione software assistenza alle persone<\/title>\n<meta name=\"description\" content=\"Connecteam: recensione\u00a0soluzione per l&#039;assistenza alle persone coinvolgi e gestisci facilmente i dipendenti con una app mobile all-in-one.\" \/>\n<meta name=\"robots\" content=\"index, follow, max-snippet:-1, max-image-preview:large, max-video-preview:-1\" \/>\n<link rel=\"canonical\" href=\"https:\/\/www.accuratereviews.com\/it\/software-assistenza-persone\/connecteam-recensione\/\" \/>\n<meta property=\"og:locale\" content=\"it_IT\" \/>\n<meta property=\"og:type\" content=\"article\" \/>\n<meta property=\"og:title\" content=\"Connecteam: recensione software assistenza alle persone\" \/>\n<meta property=\"og:description\" content=\"Connecteam: recensione\u00a0soluzione per l&#039;assistenza alle persone coinvolgi e gestisci facilmente i dipendenti con una app mobile all-in-one.\" \/>\n<meta property=\"og:url\" content=\"https:\/\/www.accuratereviews.com\/it\/software-assistenza-persone\/connecteam-recensione\/\" \/>\n<meta property=\"og:site_name\" content=\"Accurate Reviews\" \/>\n<meta property=\"og:image\" content=\"https:\/\/www.accuratereviews.com\/wp-content\/uploads\/2022\/04\/connecteam.jpeg\" \/>\n\t<meta property=\"og:image:width\" content=\"900\" \/>\n\t<meta property=\"og:image:height\" content=\"600\" \/>\n\t<meta property=\"og:image:type\" content=\"image\/jpeg\" \/>\n<meta name=\"twitter:card\" content=\"summary_large_image\" \/>\n<meta name=\"twitter:label1\" content=\"Tempo di lettura stimato\" \/>\n\t<meta name=\"twitter:data1\" content=\"3 minuti\" \/>\n<script type=\"application\/ld+json\" class=\"yoast-schema-graph\">{\"@context\":\"https:\\\/\\\/schema.org\",\"@graph\":[{\"@type\":\"WebPage\",\"@id\":\"https:\\\/\\\/www.accuratereviews.com\\\/it\\\/software-assistenza-persone\\\/connecteam-recensione\\\/\",\"url\":\"https:\\\/\\\/www.accuratereviews.com\\\/it\\\/software-assistenza-persone\\\/connecteam-recensione\\\/\",\"name\":\"Connecteam: recensione software assistenza alle persone\",\"isPartOf\":{\"@id\":\"https:\\\/\\\/www.accuratereviews.com\\\/it\\\/#website\"},\"primaryImageOfPage\":{\"@id\":\"https:\\\/\\\/www.accuratereviews.com\\\/it\\\/software-assistenza-persone\\\/connecteam-recensione\\\/#primaryimage\"},\"image\":{\"@id\":\"https:\\\/\\\/www.accuratereviews.com\\\/it\\\/software-assistenza-persone\\\/connecteam-recensione\\\/#primaryimage\"},\"thumbnailUrl\":\"https:\\\/\\\/www.accuratereviews.com\\\/wp-content\\\/uploads\\\/2022\\\/04\\\/connecteam.jpeg\",\"datePublished\":\"2022-04-21T10:50:52+00:00\",\"description\":\"Connecteam: recensione\u00a0soluzione per l'assistenza alle persone coinvolgi e gestisci facilmente i dipendenti con una app mobile all-in-one.\",\"breadcrumb\":{\"@id\":\"https:\\\/\\\/www.accuratereviews.com\\\/it\\\/software-assistenza-persone\\\/connecteam-recensione\\\/#breadcrumb\"},\"inLanguage\":\"it-IT\",\"potentialAction\":[{\"@type\":\"ReadAction\",\"target\":[\"https:\\\/\\\/www.accuratereviews.com\\\/it\\\/software-assistenza-persone\\\/connecteam-recensione\\\/\"]}]},{\"@type\":\"ImageObject\",\"inLanguage\":\"it-IT\",\"@id\":\"https:\\\/\\\/www.accuratereviews.com\\\/it\\\/software-assistenza-persone\\\/connecteam-recensione\\\/#primaryimage\",\"url\":\"https:\\\/\\\/www.accuratereviews.com\\\/wp-content\\\/uploads\\\/2022\\\/04\\\/connecteam.jpeg\",\"contentUrl\":\"https:\\\/\\\/www.accuratereviews.com\\\/wp-content\\\/uploads\\\/2022\\\/04\\\/connecteam.jpeg\",\"width\":900,\"height\":600},{\"@type\":\"BreadcrumbList\",\"@id\":\"https:\\\/\\\/www.accuratereviews.com\\\/it\\\/software-assistenza-persone\\\/connecteam-recensione\\\/#breadcrumb\",\"itemListElement\":[{\"@type\":\"ListItem\",\"position\":1,\"name\":\"Home\",\"item\":\"https:\\\/\\\/www.accuratereviews.com\\\/it\\\/\"},{\"@type\":\"ListItem\",\"position\":2,\"name\":\"Software per assistenza alle persone\",\"item\":\"https:\\\/\\\/www.accuratereviews.com\\\/it\\\/software-assistenza-persone\\\/\"},{\"@type\":\"ListItem\",\"position\":3,\"name\":\"Connecteam\"}]},{\"@type\":\"WebSite\",\"@id\":\"https:\\\/\\\/www.accuratereviews.com\\\/it\\\/#website\",\"url\":\"https:\\\/\\\/www.accuratereviews.com\\\/it\\\/\",\"name\":\"Accurate Reviews\",\"description\":\"\",\"potentialAction\":[{\"@type\":\"SearchAction\",\"target\":{\"@type\":\"EntryPoint\",\"urlTemplate\":\"https:\\\/\\\/www.accuratereviews.com\\\/it\\\/?s={search_term_string}\"},\"query-input\":{\"@type\":\"PropertyValueSpecification\",\"valueRequired\":true,\"valueName\":\"search_term_string\"}}],\"inLanguage\":\"it-IT\"}]}<\/script>\n<!-- \/ Yoast SEO plugin. -->","yoast_head_json":{"title":"Connecteam: recensione software assistenza alle persone","description":"Connecteam: recensione\u00a0soluzione per l'assistenza alle persone coinvolgi e gestisci facilmente i dipendenti con una app mobile all-in-one.","robots":{"index":"index","follow":"follow","max-snippet":"max-snippet:-1","max-image-preview":"max-image-preview:large","max-video-preview":"max-video-preview:-1"},"canonical":"https:\/\/www.accuratereviews.com\/it\/software-assistenza-persone\/connecteam-recensione\/","og_locale":"it_IT","og_type":"article","og_title":"Connecteam: recensione software assistenza alle persone","og_description":"Connecteam: recensione\u00a0soluzione per l'assistenza alle persone coinvolgi e gestisci facilmente i dipendenti con una app mobile all-in-one.","og_url":"https:\/\/www.accuratereviews.com\/it\/software-assistenza-persone\/connecteam-recensione\/","og_site_name":"Accurate Reviews","og_image":[{"width":900,"height":600,"url":"https:\/\/www.accuratereviews.com\/wp-content\/uploads\/2022\/04\/connecteam.jpeg","type":"image\/jpeg"}],"twitter_card":"summary_large_image","twitter_misc":{"Tempo di lettura stimato":"3 minuti"},"schema":{"@context":"https:\/\/schema.org","@graph":[{"@type":"WebPage","@id":"https:\/\/www.accuratereviews.com\/it\/software-assistenza-persone\/connecteam-recensione\/","url":"https:\/\/www.accuratereviews.com\/it\/software-assistenza-persone\/connecteam-recensione\/","name":"Connecteam: recensione software assistenza alle persone","isPartOf":{"@id":"https:\/\/www.accuratereviews.com\/it\/#website"},"primaryImageOfPage":{"@id":"https:\/\/www.accuratereviews.com\/it\/software-assistenza-persone\/connecteam-recensione\/#primaryimage"},"image":{"@id":"https:\/\/www.accuratereviews.com\/it\/software-assistenza-persone\/connecteam-recensione\/#primaryimage"},"thumbnailUrl":"https:\/\/www.accuratereviews.com\/wp-content\/uploads\/2022\/04\/connecteam.jpeg","datePublished":"2022-04-21T10:50:52+00:00","description":"Connecteam: recensione\u00a0soluzione per l'assistenza alle persone coinvolgi e gestisci facilmente i dipendenti con una app mobile all-in-one.","breadcrumb":{"@id":"https:\/\/www.accuratereviews.com\/it\/software-assistenza-persone\/connecteam-recensione\/#breadcrumb"},"inLanguage":"it-IT","potentialAction":[{"@type":"ReadAction","target":["https:\/\/www.accuratereviews.com\/it\/software-assistenza-persone\/connecteam-recensione\/"]}]},{"@type":"ImageObject","inLanguage":"it-IT","@id":"https:\/\/www.accuratereviews.com\/it\/software-assistenza-persone\/connecteam-recensione\/#primaryimage","url":"https:\/\/www.accuratereviews.com\/wp-content\/uploads\/2022\/04\/connecteam.jpeg","contentUrl":"https:\/\/www.accuratereviews.com\/wp-content\/uploads\/2022\/04\/connecteam.jpeg","width":900,"height":600},{"@type":"BreadcrumbList","@id":"https:\/\/www.accuratereviews.com\/it\/software-assistenza-persone\/connecteam-recensione\/#breadcrumb","itemListElement":[{"@type":"ListItem","position":1,"name":"Home","item":"https:\/\/www.accuratereviews.com\/it\/"},{"@type":"ListItem","position":2,"name":"Software per assistenza alle persone","item":"https:\/\/www.accuratereviews.com\/it\/software-assistenza-persone\/"},{"@type":"ListItem","position":3,"name":"Connecteam"}]},{"@type":"WebSite","@id":"https:\/\/www.accuratereviews.com\/it\/#website","url":"https:\/\/www.accuratereviews.com\/it\/","name":"Accurate Reviews","description":"","potentialAction":[{"@type":"SearchAction","target":{"@type":"EntryPoint","urlTemplate":"https:\/\/www.accuratereviews.com\/it\/?s={search_term_string}"},"query-input":{"@type":"PropertyValueSpecification","valueRequired":true,"valueName":"search_term_string"}}],"inLanguage":"it-IT"}]}},"_links":{"self":[{"href":"https:\/\/www.accuratereviews.com\/it\/wp-json\/wp\/v2\/pages\/56457","targetHints":{"allow":["GET"]}}],"collection":[{"href":"https:\/\/www.accuratereviews.com\/it\/wp-json\/wp\/v2\/pages"}],"about":[{"href":"https:\/\/www.accuratereviews.com\/it\/wp-json\/wp\/v2\/types\/page"}],"author":[{"embeddable":true,"href":"https:\/\/www.accuratereviews.com\/it\/wp-json\/wp\/v2\/users\/16"}],"replies":[{"embeddable":true,"href":"https:\/\/www.accuratereviews.com\/it\/wp-json\/wp\/v2\/comments?post=56457"}],"version-history":[{"count":11,"href":"https:\/\/www.accuratereviews.com\/it\/wp-json\/wp\/v2\/pages\/56457\/revisions"}],"predecessor-version":[{"id":56532,"href":"https:\/\/www.accuratereviews.com\/it\/wp-json\/wp\/v2\/pages\/56457\/revisions\/56532"}],"up":[{"embeddable":true,"href":"https:\/\/www.accuratereviews.com\/it\/wp-json\/wp\/v2\/pages\/56447"}],"wp:featuredmedia":[{"embeddable":true,"href":"https:\/\/www.accuratereviews.com\/it\/wp-json\/wp\/v2\/media\/56460"}],"wp:attachment":[{"href":"https:\/\/www.accuratereviews.com\/it\/wp-json\/wp\/v2\/media?parent=56457"}],"wp:term":[{"taxonomy":"category","embeddable":true,"href":"https:\/\/www.accuratereviews.com\/it\/wp-json\/wp\/v2\/categories?post=56457"},{"taxonomy":"post_tag","embeddable":true,"href":"https:\/\/www.accuratereviews.com\/it\/wp-json\/wp\/v2\/tags?post=56457"},{"taxonomy":"features","embeddable":true,"href":"https:\/\/www.accuratereviews.com\/it\/wp-json\/wp\/v2\/features?post=56457"}],"curies":[{"name":"wp","href":"https:\/\/api.w.org\/{rel}","templated":true}]}}