{"id":56499,"date":"2022-04-21T10:51:45","date_gmt":"2022-04-21T10:51:45","guid":{"rendered":"https:\/\/www.accuratereviews.com\/?page_id=56499"},"modified":"2022-04-21T10:51:45","modified_gmt":"2022-04-21T10:51:45","slug":"al-advantage-recensione","status":"publish","type":"page","link":"https:\/\/www.accuratereviews.com\/it\/software-assistenza-persone\/al-advantage-recensione\/","title":{"rendered":"AL Advantage"},"content":{"rendered":"<p class=\"h3 mb-1\"><strong>AL Advantage<\/strong>\u00a0\u00e8 un<strong> software per assistenza alle persone<\/strong> che permette di ottimizzare le operazioni che normalmente richiedono un grosso investimento in termini di tempo. Favorisce infatti l&#8217;inserimento dei dati in unica volta, le valutazioni, i piani di servizio e le istruzioni per l&#8217;assistenza con l&#8217;obiettivo di ridurre il pi\u00f9 possibile lo stress del caregiver.<br \/>\nProgettato da esperti fornitori di assistenza alle persone, <strong>AL Advantage<\/strong>\u00a0offre livelli di cura personalizzati, strumenti di registrazione progettati dal personale infermieristico, rapporti sullo stato dell&#8217;assistito e altro ancora.<\/p>\n<h2>AL ADVANTAGE &#8211; TUTORIAL<\/h2>\n<div id=\"fluid-wrapper-counter-1\" class=\"g1-fluid-wrapper \" style=\"width:686px;\">\n<div style=\"padding-bottom:56.268221574344%;\"><iframe loading=\"lazy\" title=\"AL Advantage Senior Care Software Overview\" width=\"686\" height=\"386\" src=\"https:\/\/www.youtube.com\/embed\/0RrHYU7C8Gw?feature=oembed&amp;wmode=transparent&amp;autohide=1&amp;autoplay=0&amp;disablekb=0&amp;fs=1&amp;loop=0&amp;enablejsapi=1&amp;rel=0&amp;controls=2&amp;showinfo=0&amp;wmode=transparent&amp;autohide=2&amp;autoplay=0&amp;disablekb=0&amp;fs=1&amp;loop=0&amp;enablejsapi=1&amp;rel=0&amp;controls=2&amp;showinfo=1\" frameborder=\"0\" allow=\"accelerometer; autoplay; clipboard-write; encrypted-media; gyroscope; picture-in-picture\" allowfullscreen><\/iframe><\/div>\n<\/div>\n<h3>AL ADVANTAGE &#8211; CARATTERISTICHE<\/h3>\n<ul>\n<li>Valutazioni dei residenti<\/li>\n<li>Piani di servizio<\/li>\n<li>Cartelle del residente<\/li>\n<li>Foglietti illustrativi<\/li>\n<li>Rapporti di incidenti<\/li>\n<li>Monitoraggio delle diete e delle allergie<\/li>\n<li>Altezze, pesi, parametri vitali<\/li>\n<li>Archivi dei residenti<\/li>\n<li>Livelli di cura personalizzati<\/li>\n<li>Email di cambio livello di cura<\/li>\n<li>Assistenza clienti esperta<\/li>\n<li>Sicurezza dei dati<\/li>\n<li>Farmaci e trattamenti<\/li>\n<li>Congedi e assenze<\/li>\n<li>Note sul piano di servizio<\/li>\n<li>Necessit\u00e0 di cure speciali<\/li>\n<li>Stime del personale<\/li>\n<li>Programmi di lavanderia<\/li>\n<\/ul>\n<h4>LE RECENSIONI DEGLI UTENTI<\/h4>\n<p><strong>Leann J. &#8220;ALAdvantage \u00e8 un buon programma&#8221;<\/strong><br \/>\nCOMMENTI: nel complesso l&#8217;esperienza \u00e8 stata buona.<br \/>\nPRO: la facilit\u00e0 d&#8217;uso \u00e8 la cosa migliore. Di solito \u00e8 molto facile da usare<br \/>\nCONTRO: ci piacerebbe che il MAR e ALAdvantage fossero collegati e ci piacerebbe avere un&#8217;area su ALAdvantage dove il personale possa segnare le cure.<\/p>\n<p><strong>Rodney W. &#8220;Grande programma facile&#8221;<\/strong><br \/>\nPRO: mi piace quanto sia facile da usare questo programma. Mi piace anche come \u00e8 conveniente.<br \/>\nCONTRO: non c&#8217;\u00e8 ancora nulla che non mi sia piaciuto.<\/p>\n<p><strong>Diane C. &#8220;Direttore dell&#8217;assistenza ai residenti&#8221;<\/strong><br \/>\nCOMMENTI: ogni sezione dovrebbe essere in grado di scrivere risposte individuali &#8211; diverse aree non sono in grado di farlo &#8211; Non \u00e8 possibile modificare il programma abbastanza per adattarlo alle esigenze delle nostre strutture (esempio &#8211; il follow up autunnale &#8211; \u00e8 una quantit\u00e0 di tempo stabilita &#8211; dovremmo essere in grado di modificarlo per quanto tempo ne abbiamo bisogno). Quando si guardano i residenti archiviati &#8211; dovrebbe essere pi\u00f9 facile leggere le note &#8211; non doverle reintegrare per leggerle. Spesso trovo che i residenti hanno categorie di &#8220;unit\u00e0&#8221; e &#8220;sesso&#8221; cambiate nella pagina delle informazioni sui residenti &#8211; queste dovrebbero avere una domanda prima che i cambiamenti siano fatti nella pagina delle informazioni &#8211; troppo facile da cambiare con un colpo di tasto. C&#8217;\u00e8 un manuale scritto per tutte le caratteristiche del programma?<br \/>\nPRO: abbastanza facile da usare<br \/>\nCONTRO: non pu\u00f2 essere personalizzato adeguatamente<\/p>\n","protected":false},"excerpt":{"rendered":"<p>AL Advantage\u00a0\u00e8 un software per assistenza alle persone che permette di ottimizzare le operazioni che normalmente richiedono un grosso investimento in termini di tempo. Favorisce infatti l&#8217;inserimento dei dati in unica volta, le valutazioni, i piani di servizio e le istruzioni per l&#8217;assistenza con l&#8217;obiettivo di ridurre il pi\u00f9 possibile lo stress del caregiver.\u00a0<\/p>\n","protected":false},"author":17,"featured_media":56506,"parent":56447,"menu_order":0,"comment_status":"open","ping_status":"closed","template":"g1_template_page_review_new.php","meta":{"_acf_changed":false,"cwp_meta_box_check":"No","cwp_rev_product_name":"","cwp_rev_product_image":"","wppr_links":[],"cwp_rev_price":"","wppr_options":[],"wppr_pros":[],"wppr_cons":[],"_monsterinsights_skip_tracking":false,"_monsterinsights_sitenote_active":false,"_monsterinsights_sitenote_note":"","_monsterinsights_sitenote_category":0,"footnotes":""},"categories":[12456],"tags":[12460,12463,12462,12459,12461],"features":[],"class_list":{"0":"post-56499","1":"page","2":"type-page","3":"status-publish","4":"has-post-thumbnail","6":"category-software-assistenza-persone-cat","7":"tag-assistenza-alle-persone","8":"tag-piattaforma-per-assistenza-alle-persone","9":"tag-programma-per-assistenza-alle-persone","10":"tag-software-per-assistenza-alle-persone","11":"tag-soluzione-per-assistenza-alle-persone"},"wppr_data":{"cwp_meta_box_check":"No"},"acf":[],"yoast_head":"<!-- This site is optimized with the Yoast SEO plugin v27.4 - https:\/\/yoast.com\/product\/yoast-seo-wordpress\/ -->\n<title>AL Advantage: recensione assistenza persone - Accurate Reviews<\/title>\n<meta name=\"description\" content=\"AL Advantage: recensione del software per assistenza alle persone che permette di ottimizzare le operazioni che richiedono molto tempo.\" \/>\n<meta name=\"robots\" content=\"index, follow, max-snippet:-1, max-image-preview:large, max-video-preview:-1\" \/>\n<link rel=\"canonical\" href=\"https:\/\/www.accuratereviews.com\/it\/software-assistenza-persone\/al-advantage-recensione\/\" \/>\n<meta property=\"og:locale\" content=\"it_IT\" \/>\n<meta property=\"og:type\" content=\"article\" \/>\n<meta property=\"og:title\" content=\"AL Advantage: recensione assistenza persone - Accurate Reviews\" \/>\n<meta property=\"og:description\" content=\"AL Advantage: recensione del software per assistenza alle persone che permette di ottimizzare le operazioni che richiedono molto tempo.\" \/>\n<meta property=\"og:url\" content=\"https:\/\/www.accuratereviews.com\/it\/software-assistenza-persone\/al-advantage-recensione\/\" \/>\n<meta property=\"og:site_name\" content=\"Accurate Reviews\" \/>\n<meta property=\"og:image\" content=\"https:\/\/www.accuratereviews.com\/wp-content\/uploads\/2022\/04\/AL_LOGO-Horiz_CO-500-x-139px-1.png\" \/>\n\t<meta property=\"og:image:width\" content=\"719\" \/>\n\t<meta property=\"og:image:height\" content=\"200\" \/>\n\t<meta property=\"og:image:type\" content=\"image\/png\" \/>\n<meta name=\"twitter:card\" content=\"summary_large_image\" \/>\n<meta name=\"twitter:label1\" content=\"Tempo di lettura stimato\" \/>\n\t<meta name=\"twitter:data1\" content=\"3 minuti\" \/>\n<script type=\"application\/ld+json\" class=\"yoast-schema-graph\">{\"@context\":\"https:\\\/\\\/schema.org\",\"@graph\":[{\"@type\":\"WebPage\",\"@id\":\"https:\\\/\\\/www.accuratereviews.com\\\/it\\\/software-assistenza-persone\\\/al-advantage-recensione\\\/\",\"url\":\"https:\\\/\\\/www.accuratereviews.com\\\/it\\\/software-assistenza-persone\\\/al-advantage-recensione\\\/\",\"name\":\"AL Advantage: recensione assistenza persone - Accurate Reviews\",\"isPartOf\":{\"@id\":\"https:\\\/\\\/www.accuratereviews.com\\\/it\\\/#website\"},\"primaryImageOfPage\":{\"@id\":\"https:\\\/\\\/www.accuratereviews.com\\\/it\\\/software-assistenza-persone\\\/al-advantage-recensione\\\/#primaryimage\"},\"image\":{\"@id\":\"https:\\\/\\\/www.accuratereviews.com\\\/it\\\/software-assistenza-persone\\\/al-advantage-recensione\\\/#primaryimage\"},\"thumbnailUrl\":\"https:\\\/\\\/www.accuratereviews.com\\\/wp-content\\\/uploads\\\/2022\\\/04\\\/AL_LOGO-Horiz_CO-500-x-139px-1.png\",\"datePublished\":\"2022-04-21T10:51:45+00:00\",\"description\":\"AL Advantage: recensione del software per assistenza alle persone che permette di ottimizzare le operazioni che richiedono molto tempo.\",\"breadcrumb\":{\"@id\":\"https:\\\/\\\/www.accuratereviews.com\\\/it\\\/software-assistenza-persone\\\/al-advantage-recensione\\\/#breadcrumb\"},\"inLanguage\":\"it-IT\",\"potentialAction\":[{\"@type\":\"ReadAction\",\"target\":[\"https:\\\/\\\/www.accuratereviews.com\\\/it\\\/software-assistenza-persone\\\/al-advantage-recensione\\\/\"]}]},{\"@type\":\"ImageObject\",\"inLanguage\":\"it-IT\",\"@id\":\"https:\\\/\\\/www.accuratereviews.com\\\/it\\\/software-assistenza-persone\\\/al-advantage-recensione\\\/#primaryimage\",\"url\":\"https:\\\/\\\/www.accuratereviews.com\\\/wp-content\\\/uploads\\\/2022\\\/04\\\/AL_LOGO-Horiz_CO-500-x-139px-1.png\",\"contentUrl\":\"https:\\\/\\\/www.accuratereviews.com\\\/wp-content\\\/uploads\\\/2022\\\/04\\\/AL_LOGO-Horiz_CO-500-x-139px-1.png\",\"width\":719,\"height\":200},{\"@type\":\"BreadcrumbList\",\"@id\":\"https:\\\/\\\/www.accuratereviews.com\\\/it\\\/software-assistenza-persone\\\/al-advantage-recensione\\\/#breadcrumb\",\"itemListElement\":[{\"@type\":\"ListItem\",\"position\":1,\"name\":\"Home\",\"item\":\"https:\\\/\\\/www.accuratereviews.com\\\/it\\\/\"},{\"@type\":\"ListItem\",\"position\":2,\"name\":\"Software per assistenza alle persone\",\"item\":\"https:\\\/\\\/www.accuratereviews.com\\\/it\\\/software-assistenza-persone\\\/\"},{\"@type\":\"ListItem\",\"position\":3,\"name\":\"AL Advantage\"}]},{\"@type\":\"WebSite\",\"@id\":\"https:\\\/\\\/www.accuratereviews.com\\\/it\\\/#website\",\"url\":\"https:\\\/\\\/www.accuratereviews.com\\\/it\\\/\",\"name\":\"Accurate Reviews\",\"description\":\"\",\"potentialAction\":[{\"@type\":\"SearchAction\",\"target\":{\"@type\":\"EntryPoint\",\"urlTemplate\":\"https:\\\/\\\/www.accuratereviews.com\\\/it\\\/?s={search_term_string}\"},\"query-input\":{\"@type\":\"PropertyValueSpecification\",\"valueRequired\":true,\"valueName\":\"search_term_string\"}}],\"inLanguage\":\"it-IT\"}]}<\/script>\n<!-- \/ Yoast SEO plugin. -->","yoast_head_json":{"title":"AL Advantage: recensione assistenza persone - Accurate Reviews","description":"AL Advantage: recensione del software per assistenza alle persone che permette di ottimizzare le operazioni che richiedono molto tempo.","robots":{"index":"index","follow":"follow","max-snippet":"max-snippet:-1","max-image-preview":"max-image-preview:large","max-video-preview":"max-video-preview:-1"},"canonical":"https:\/\/www.accuratereviews.com\/it\/software-assistenza-persone\/al-advantage-recensione\/","og_locale":"it_IT","og_type":"article","og_title":"AL Advantage: recensione assistenza persone - Accurate Reviews","og_description":"AL Advantage: recensione del software per assistenza alle persone che permette di ottimizzare le operazioni che richiedono molto tempo.","og_url":"https:\/\/www.accuratereviews.com\/it\/software-assistenza-persone\/al-advantage-recensione\/","og_site_name":"Accurate Reviews","og_image":[{"width":719,"height":200,"url":"https:\/\/www.accuratereviews.com\/wp-content\/uploads\/2022\/04\/AL_LOGO-Horiz_CO-500-x-139px-1.png","type":"image\/png"}],"twitter_card":"summary_large_image","twitter_misc":{"Tempo di lettura stimato":"3 minuti"},"schema":{"@context":"https:\/\/schema.org","@graph":[{"@type":"WebPage","@id":"https:\/\/www.accuratereviews.com\/it\/software-assistenza-persone\/al-advantage-recensione\/","url":"https:\/\/www.accuratereviews.com\/it\/software-assistenza-persone\/al-advantage-recensione\/","name":"AL Advantage: recensione assistenza persone - Accurate Reviews","isPartOf":{"@id":"https:\/\/www.accuratereviews.com\/it\/#website"},"primaryImageOfPage":{"@id":"https:\/\/www.accuratereviews.com\/it\/software-assistenza-persone\/al-advantage-recensione\/#primaryimage"},"image":{"@id":"https:\/\/www.accuratereviews.com\/it\/software-assistenza-persone\/al-advantage-recensione\/#primaryimage"},"thumbnailUrl":"https:\/\/www.accuratereviews.com\/wp-content\/uploads\/2022\/04\/AL_LOGO-Horiz_CO-500-x-139px-1.png","datePublished":"2022-04-21T10:51:45+00:00","description":"AL Advantage: recensione del software per assistenza alle persone che permette di ottimizzare le operazioni che richiedono molto tempo.","breadcrumb":{"@id":"https:\/\/www.accuratereviews.com\/it\/software-assistenza-persone\/al-advantage-recensione\/#breadcrumb"},"inLanguage":"it-IT","potentialAction":[{"@type":"ReadAction","target":["https:\/\/www.accuratereviews.com\/it\/software-assistenza-persone\/al-advantage-recensione\/"]}]},{"@type":"ImageObject","inLanguage":"it-IT","@id":"https:\/\/www.accuratereviews.com\/it\/software-assistenza-persone\/al-advantage-recensione\/#primaryimage","url":"https:\/\/www.accuratereviews.com\/wp-content\/uploads\/2022\/04\/AL_LOGO-Horiz_CO-500-x-139px-1.png","contentUrl":"https:\/\/www.accuratereviews.com\/wp-content\/uploads\/2022\/04\/AL_LOGO-Horiz_CO-500-x-139px-1.png","width":719,"height":200},{"@type":"BreadcrumbList","@id":"https:\/\/www.accuratereviews.com\/it\/software-assistenza-persone\/al-advantage-recensione\/#breadcrumb","itemListElement":[{"@type":"ListItem","position":1,"name":"Home","item":"https:\/\/www.accuratereviews.com\/it\/"},{"@type":"ListItem","position":2,"name":"Software per assistenza alle persone","item":"https:\/\/www.accuratereviews.com\/it\/software-assistenza-persone\/"},{"@type":"ListItem","position":3,"name":"AL Advantage"}]},{"@type":"WebSite","@id":"https:\/\/www.accuratereviews.com\/it\/#website","url":"https:\/\/www.accuratereviews.com\/it\/","name":"Accurate Reviews","description":"","potentialAction":[{"@type":"SearchAction","target":{"@type":"EntryPoint","urlTemplate":"https:\/\/www.accuratereviews.com\/it\/?s={search_term_string}"},"query-input":{"@type":"PropertyValueSpecification","valueRequired":true,"valueName":"search_term_string"}}],"inLanguage":"it-IT"}]}},"_links":{"self":[{"href":"https:\/\/www.accuratereviews.com\/it\/wp-json\/wp\/v2\/pages\/56499","targetHints":{"allow":["GET"]}}],"collection":[{"href":"https:\/\/www.accuratereviews.com\/it\/wp-json\/wp\/v2\/pages"}],"about":[{"href":"https:\/\/www.accuratereviews.com\/it\/wp-json\/wp\/v2\/types\/page"}],"author":[{"embeddable":true,"href":"https:\/\/www.accuratereviews.com\/it\/wp-json\/wp\/v2\/users\/17"}],"replies":[{"embeddable":true,"href":"https:\/\/www.accuratereviews.com\/it\/wp-json\/wp\/v2\/comments?post=56499"}],"version-history":[{"count":4,"href":"https:\/\/www.accuratereviews.com\/it\/wp-json\/wp\/v2\/pages\/56499\/revisions"}],"predecessor-version":[{"id":56523,"href":"https:\/\/www.accuratereviews.com\/it\/wp-json\/wp\/v2\/pages\/56499\/revisions\/56523"}],"up":[{"embeddable":true,"href":"https:\/\/www.accuratereviews.com\/it\/wp-json\/wp\/v2\/pages\/56447"}],"wp:featuredmedia":[{"embeddable":true,"href":"https:\/\/www.accuratereviews.com\/it\/wp-json\/wp\/v2\/media\/56506"}],"wp:attachment":[{"href":"https:\/\/www.accuratereviews.com\/it\/wp-json\/wp\/v2\/media?parent=56499"}],"wp:term":[{"taxonomy":"category","embeddable":true,"href":"https:\/\/www.accuratereviews.com\/it\/wp-json\/wp\/v2\/categories?post=56499"},{"taxonomy":"post_tag","embeddable":true,"href":"https:\/\/www.accuratereviews.com\/it\/wp-json\/wp\/v2\/tags?post=56499"},{"taxonomy":"features","embeddable":true,"href":"https:\/\/www.accuratereviews.com\/it\/wp-json\/wp\/v2\/features?post=56499"}],"curies":[{"name":"wp","href":"https:\/\/api.w.org\/{rel}","templated":true}]}}