{"id":56534,"date":"2022-04-22T12:14:08","date_gmt":"2022-04-22T12:14:08","guid":{"rendered":"https:\/\/www.accuratereviews.com\/?page_id=56534"},"modified":"2022-04-22T12:14:08","modified_gmt":"2022-04-22T12:14:08","slug":"alis-recensione","status":"publish","type":"page","link":"https:\/\/www.accuratereviews.com\/it\/software-assistenza-persone\/alis-recensione\/","title":{"rendered":"Alis"},"content":{"rendered":"<p><strong>Alis<\/strong>, \u00e8 un software basato su <strong>cloud<\/strong> progettato per la <strong>gestione delle attivit\u00e0 quotidiane<\/strong> relative alla gestione di una struttura di residenza assistita. Fornisce soluzioni e moduli integrati che avvantaggiano l&#8217;intero spettro delle organizzazioni, inclusi proprietari e uffici aziendali, amministratori, direttori esecutivi, infermieri, operatori sanitari e personale di supporto. Permette inoltre alle strutture di semplificare le operazioni, creando maggiore tempo per l&#8217;assistenza ai residenti. La soluzione fornisce agli utenti una visione strategica della comunit\u00e0 per garantire che funzioni senza intoppi e che i suoi residenti rimangano sani e felici.\u00a0Le caratteristiche principali della soluzione includono gestione dei farmaci, fatturazione e dati finanziari, assistenza clinica e pianificazione dei servizi, reportistica e analisi e gestione del personale.\u00a0<b>Alis<\/b>\u00a0fornisce anche soluzioni integrate per il marketing e il monitoraggio dei lead, la segnalazione degli incidenti, la gestione del rischio e i calendari per le attivit\u00e0 e la pianificazione del lavoro del personale.<\/p>\n<p><a href=\"https:\/\/www.accuratereviews.com\/wp-content\/uploads\/2022\/04\/Schermata-2022-04-22-alle-10.52.54.png\"><img loading=\"lazy\" decoding=\"async\" class=\"alignnone wp-image-56591 size-full\" src=\"https:\/\/www.accuratereviews.com\/wp-content\/uploads\/2022\/04\/Schermata-2022-04-22-alle-10.52.54.png\" alt=\"\" width=\"2360\" height=\"1032\" srcset=\"https:\/\/www.accuratereviews.com\/wp-content\/uploads\/2022\/04\/Schermata-2022-04-22-alle-10.52.54.png 2360w, https:\/\/www.accuratereviews.com\/wp-content\/uploads\/2022\/04\/Schermata-2022-04-22-alle-10.52.54-300x131.png 300w, https:\/\/www.accuratereviews.com\/wp-content\/uploads\/2022\/04\/Schermata-2022-04-22-alle-10.52.54-1024x448.png 1024w, https:\/\/www.accuratereviews.com\/wp-content\/uploads\/2022\/04\/Schermata-2022-04-22-alle-10.52.54-768x336.png 768w, https:\/\/www.accuratereviews.com\/wp-content\/uploads\/2022\/04\/Schermata-2022-04-22-alle-10.52.54-1536x672.png 1536w, https:\/\/www.accuratereviews.com\/wp-content\/uploads\/2022\/04\/Schermata-2022-04-22-alle-10.52.54-2048x896.png 2048w, https:\/\/www.accuratereviews.com\/wp-content\/uploads\/2022\/04\/Schermata-2022-04-22-alle-10.52.54-260x114.png 260w, https:\/\/www.accuratereviews.com\/wp-content\/uploads\/2022\/04\/Schermata-2022-04-22-alle-10.52.54-50x22.png 50w, https:\/\/www.accuratereviews.com\/wp-content\/uploads\/2022\/04\/Schermata-2022-04-22-alle-10.52.54-968x423.png 968w, https:\/\/www.accuratereviews.com\/wp-content\/uploads\/2022\/04\/Schermata-2022-04-22-alle-10.52.54-636x278.png 636w, https:\/\/www.accuratereviews.com\/wp-content\/uploads\/2022\/04\/Schermata-2022-04-22-alle-10.52.54-320x140.png 320w, https:\/\/www.accuratereviews.com\/wp-content\/uploads\/2022\/04\/Schermata-2022-04-22-alle-10.52.54-239x105.png 239w\" sizes=\"auto, (max-width: 2360px) 100vw, 2360px\" \/><\/a><\/p>\n<h2>ALIS &#8211; CARATTERISTICHE<\/h2>\n<ul>\n<li>Tieni traccia di potenziali clienti e lead<\/li>\n<li>Gestisci le fonti di riferimento<\/li>\n<li>Monitora attivit\u00e0 e promemoria<\/li>\n<li>Fascicolo sanitario elettronico<\/li>\n<li>Tieni traccia del profilo del residente e delle informazioni sulla salute<\/li>\n<li>Registra le note degli infermieri e la comunicazione del turno<\/li>\n<li>Garantisci la conformit\u00e0 alle normative con le funzionalit\u00e0 di archiviazione dei documenti integrate<\/li>\n<li>Calendario personalizzabile con attivit\u00e0 e monitoraggio degli appuntamenti<\/li>\n<li>Gestione del personale<\/li>\n<li>Tracciare la formazione e le certificazioni (CPR, Certificati per operatori alimentari, ecc.)<\/li>\n<li>Monitorare la conformit\u00e0 normativa<\/li>\n<li>Registri di controllo dettagliati delle attivit\u00e0<\/li>\n<li>Personalizza e monitora le attivit\u00e0 di follow-up<\/li>\n<li>Digitalizza la documentazione successiva all&#8217;incidente<\/li>\n<li>Rivedere e analizzare le informazioni sugli incidenti<\/li>\n<li>Tracciamento automatico delle date di scadenza<\/li>\n<li>Generazione automatica del piano dei servizi e del piano assistenziale<\/li>\n<li>Strumenti completi per la pianificazione delle cure<\/li>\n<li>Monitoraggio e monitoraggio dei parametri vitali<\/li>\n<li>Anteprima fattura\/estratto conto<\/li>\n<li>Programmi di fatturazione personalizzati<\/li>\n<li>Centro di comunicazione di approvazione<\/li>\n<li>Reportistica dettagliata con approfondimenti<\/li>\n<li>Ruoli di sicurezza dettagliati per il personale<\/li>\n<li>Monitoraggio dei messaggi<\/li>\n<li>Presentazione dashboard<\/li>\n<\/ul>\n<h3>LE RECENSIONI DEGLI UTENTI<\/h3>\n<p class=\"font-weight-bold mb-2\"><strong>Kacie K.&#8221;Un sacco di bug all&#8217;inizio&#8221;<\/strong><\/p>\n<p><span class=\"font-weight-bold\"><strong>Commenti<\/strong>: <\/span>All&#8217;inizio non \u00e8 eccezionale, ma una volta che \u00e8 ufficialmente attivo e funzionante \u00e8 conveniente.<\/p>\n<p class=\"font-weight-bold mb-2\"><strong>Pro<\/strong>:\u00a0Una volta impostato, \u00e8 stato bello poter lasciare messaggi sugli eventi accaduti per residente. Potresti anche taggare persone o dipartimenti specifici in quei messaggi. Tutte le informazioni sui nostri residenti sono state conservate in un programma a cui si poteva accedere da dozzine di luoghi all&#8217;interno dell&#8217;edificio.<\/p>\n<p class=\"font-weight-bold mb-2\"><strong>Contro<\/strong>:\u00a0Passare a questo programma \u00e8 stato un problema poich\u00e9 molti utenti continuavano a essere espulsi dal sistema, quindi non potevano accedere fino a quando l&#8217;amministratore non \u00e8 arrivato al lavoro il giorno successivo. E se \u00e8 successo nel fine settimana non \u00e8 possibile aggiornare le note o accedere alle informazioni sui residenti, ecc. Fino a quando un amministratore non \u00e8 entrato per contattare il servizio clienti dei programmi, il che richiederebbe almeno un&#8217;ora per farlo funzionare.<\/p>\n<p class=\"font-weight-bold mb-2\"><strong>Lindsay M.&#8221;FACILE da usare e implementare&#8221;<\/strong><\/p>\n<p class=\"font-weight-bold mb-2\"><strong>Pro<\/strong>:\u00a0Il servizio clienti \u00e8 incredibile! \u00c8 facile da usare e facile da usare!!<\/p>\n<p class=\"font-weight-bold mb-2\"><strong>Contro<\/strong>:\u00a0Solo un paio di cose che non siamo stati in grado di implementare ma \u00e8 andato tutto bene.<\/p>\n<p class=\"font-weight-bold mb-2\"><strong>Jennifer L.&#8221;Basta CHIEDERE ALIS&#8221;<\/strong><\/p>\n<p class=\"font-weight-bold mb-2\"><strong>Pro<\/strong>:\u00a0ALIS \u00e8 molto intuitivo e facile da navigare. La parte migliore di ALIS \u00e8 il loro straordinario team di supporto. Ogni individuo che ha risposto al telefono ha dedicato il 100% dei propri sforzi per aiutare a risolvere le sfide che ho incontrato. Sono tutti ben informati, pazienti e scrupolosi nello spiegare passaggi e processi. Quello che non sai su ALIS, il team di supporto ti aiuter\u00e0.<\/p>\n<p class=\"font-weight-bold mb-2\"><strong>Contro<\/strong>:\u00a0Il minimo \u00e8 l&#8217;incapacit\u00e0 di padroneggiare il software. Ci sono cos\u00ec tante funzionalit\u00e0 e opzioni disponibili, direi che l&#8217;unica cosa che non mi piace del software ALIS \u00e8 non conoscere tutti i suggerimenti e i trucchi per padroneggiarlo. \u00c8 davvero un programma efficiente e utile.<\/p>\n","protected":false},"excerpt":{"rendered":"<p>Alis, \u00e8 un software basato su cloud progettato per la gestione delle attivit\u00e0 quotidiane relative alla gestione di una struttura di residenza assistita. Fornisce soluzioni e moduli integrati che avvantaggiano l&#8217;intero spettro delle organizzazioni, inclusi proprietari e uffici aziendali, amministratori, direttori esecutivi, infermieri, operatori sanitari e personale di supporto.<\/p>\n","protected":false},"author":16,"featured_media":56535,"parent":56447,"menu_order":0,"comment_status":"open","ping_status":"closed","template":"g1_template_page_review_new.php","meta":{"_acf_changed":false,"cwp_meta_box_check":"No","cwp_rev_product_name":"","cwp_rev_product_image":"","wppr_links":[],"cwp_rev_price":"","wppr_options":[],"wppr_pros":[],"wppr_cons":[],"_monsterinsights_skip_tracking":false,"_monsterinsights_sitenote_active":false,"_monsterinsights_sitenote_note":"","_monsterinsights_sitenote_category":0,"footnotes":""},"categories":[12456],"tags":[12488,12475,12478,12479,12477,12476],"features":[],"class_list":{"0":"post-56534","1":"page","2":"type-page","3":"status-publish","4":"has-post-thumbnail","6":"category-software-assistenza-persone-cat","7":"tag-alis","8":"tag-assistenza-alla-persona","9":"tag-piattaforma-assistenza-alla-persona","10":"tag-programma-assistenza-alla-persona","11":"tag-software-assistenza-alla-persona","12":"tag-soluzione-assistenza-alla-persona"},"wppr_data":{"cwp_meta_box_check":"No"},"acf":[],"yoast_head":"<!-- This site is optimized with the Yoast SEO plugin v27.4 - https:\/\/yoast.com\/product\/yoast-seo-wordpress\/ -->\n<title>Alis: recensione software assistenza alle persone - Accurate Reviews<\/title>\n<meta name=\"description\" content=\"Alis: recensione software basato su cloud progettato per la gestione delle attivit\u00e0 quotidiane relative a strutture di residenza assistita\" \/>\n<meta name=\"robots\" content=\"index, follow, max-snippet:-1, max-image-preview:large, max-video-preview:-1\" \/>\n<link rel=\"canonical\" href=\"https:\/\/www.accuratereviews.com\/it\/software-assistenza-persone\/alis-recensione\/\" \/>\n<meta property=\"og:locale\" content=\"it_IT\" \/>\n<meta property=\"og:type\" content=\"article\" \/>\n<meta property=\"og:title\" content=\"Alis: recensione software assistenza alle persone - Accurate Reviews\" \/>\n<meta property=\"og:description\" content=\"Alis: recensione software basato su cloud progettato per la gestione delle attivit\u00e0 quotidiane relative a strutture di residenza assistita\" \/>\n<meta property=\"og:url\" content=\"https:\/\/www.accuratereviews.com\/it\/software-assistenza-persone\/alis-recensione\/\" \/>\n<meta property=\"og:site_name\" content=\"Accurate Reviews\" \/>\n<meta property=\"og:image\" content=\"https:\/\/www.accuratereviews.com\/wp-content\/uploads\/2022\/04\/ALIS.webp\" \/>\n\t<meta property=\"og:image:width\" content=\"786\" \/>\n\t<meta property=\"og:image:height\" content=\"780\" \/>\n\t<meta property=\"og:image:type\" content=\"image\/webp\" \/>\n<meta name=\"twitter:card\" content=\"summary_large_image\" \/>\n<meta name=\"twitter:label1\" content=\"Tempo di lettura stimato\" \/>\n\t<meta name=\"twitter:data1\" content=\"4 minuti\" \/>\n<script type=\"application\/ld+json\" class=\"yoast-schema-graph\">{\"@context\":\"https:\\\/\\\/schema.org\",\"@graph\":[{\"@type\":\"WebPage\",\"@id\":\"https:\\\/\\\/www.accuratereviews.com\\\/it\\\/software-assistenza-persone\\\/alis-recensione\\\/\",\"url\":\"https:\\\/\\\/www.accuratereviews.com\\\/it\\\/software-assistenza-persone\\\/alis-recensione\\\/\",\"name\":\"Alis: recensione software assistenza alle persone - Accurate Reviews\",\"isPartOf\":{\"@id\":\"https:\\\/\\\/www.accuratereviews.com\\\/it\\\/#website\"},\"primaryImageOfPage\":{\"@id\":\"https:\\\/\\\/www.accuratereviews.com\\\/it\\\/software-assistenza-persone\\\/alis-recensione\\\/#primaryimage\"},\"image\":{\"@id\":\"https:\\\/\\\/www.accuratereviews.com\\\/it\\\/software-assistenza-persone\\\/alis-recensione\\\/#primaryimage\"},\"thumbnailUrl\":\"https:\\\/\\\/www.accuratereviews.com\\\/wp-content\\\/uploads\\\/2022\\\/04\\\/ALIS.webp\",\"datePublished\":\"2022-04-22T12:14:08+00:00\",\"description\":\"Alis: recensione software basato su cloud progettato per la gestione delle attivit\u00e0 quotidiane relative a strutture di residenza assistita\",\"breadcrumb\":{\"@id\":\"https:\\\/\\\/www.accuratereviews.com\\\/it\\\/software-assistenza-persone\\\/alis-recensione\\\/#breadcrumb\"},\"inLanguage\":\"it-IT\",\"potentialAction\":[{\"@type\":\"ReadAction\",\"target\":[\"https:\\\/\\\/www.accuratereviews.com\\\/it\\\/software-assistenza-persone\\\/alis-recensione\\\/\"]}]},{\"@type\":\"ImageObject\",\"inLanguage\":\"it-IT\",\"@id\":\"https:\\\/\\\/www.accuratereviews.com\\\/it\\\/software-assistenza-persone\\\/alis-recensione\\\/#primaryimage\",\"url\":\"https:\\\/\\\/www.accuratereviews.com\\\/wp-content\\\/uploads\\\/2022\\\/04\\\/ALIS.webp\",\"contentUrl\":\"https:\\\/\\\/www.accuratereviews.com\\\/wp-content\\\/uploads\\\/2022\\\/04\\\/ALIS.webp\",\"width\":786,\"height\":780},{\"@type\":\"BreadcrumbList\",\"@id\":\"https:\\\/\\\/www.accuratereviews.com\\\/it\\\/software-assistenza-persone\\\/alis-recensione\\\/#breadcrumb\",\"itemListElement\":[{\"@type\":\"ListItem\",\"position\":1,\"name\":\"Home\",\"item\":\"https:\\\/\\\/www.accuratereviews.com\\\/it\\\/\"},{\"@type\":\"ListItem\",\"position\":2,\"name\":\"Software per assistenza alle persone\",\"item\":\"https:\\\/\\\/www.accuratereviews.com\\\/it\\\/software-assistenza-persone\\\/\"},{\"@type\":\"ListItem\",\"position\":3,\"name\":\"Alis\"}]},{\"@type\":\"WebSite\",\"@id\":\"https:\\\/\\\/www.accuratereviews.com\\\/it\\\/#website\",\"url\":\"https:\\\/\\\/www.accuratereviews.com\\\/it\\\/\",\"name\":\"Accurate Reviews\",\"description\":\"\",\"potentialAction\":[{\"@type\":\"SearchAction\",\"target\":{\"@type\":\"EntryPoint\",\"urlTemplate\":\"https:\\\/\\\/www.accuratereviews.com\\\/it\\\/?s={search_term_string}\"},\"query-input\":{\"@type\":\"PropertyValueSpecification\",\"valueRequired\":true,\"valueName\":\"search_term_string\"}}],\"inLanguage\":\"it-IT\"}]}<\/script>\n<!-- \/ Yoast SEO plugin. -->","yoast_head_json":{"title":"Alis: recensione software assistenza alle persone - Accurate Reviews","description":"Alis: recensione software basato su cloud progettato per la gestione delle attivit\u00e0 quotidiane relative a strutture di residenza assistita","robots":{"index":"index","follow":"follow","max-snippet":"max-snippet:-1","max-image-preview":"max-image-preview:large","max-video-preview":"max-video-preview:-1"},"canonical":"https:\/\/www.accuratereviews.com\/it\/software-assistenza-persone\/alis-recensione\/","og_locale":"it_IT","og_type":"article","og_title":"Alis: recensione software assistenza alle persone - Accurate Reviews","og_description":"Alis: recensione software basato su cloud progettato per la gestione delle attivit\u00e0 quotidiane relative a strutture di residenza assistita","og_url":"https:\/\/www.accuratereviews.com\/it\/software-assistenza-persone\/alis-recensione\/","og_site_name":"Accurate Reviews","og_image":[{"width":786,"height":780,"url":"https:\/\/www.accuratereviews.com\/wp-content\/uploads\/2022\/04\/ALIS.webp","type":"image\/webp"}],"twitter_card":"summary_large_image","twitter_misc":{"Tempo di lettura stimato":"4 minuti"},"schema":{"@context":"https:\/\/schema.org","@graph":[{"@type":"WebPage","@id":"https:\/\/www.accuratereviews.com\/it\/software-assistenza-persone\/alis-recensione\/","url":"https:\/\/www.accuratereviews.com\/it\/software-assistenza-persone\/alis-recensione\/","name":"Alis: recensione software assistenza alle persone - Accurate Reviews","isPartOf":{"@id":"https:\/\/www.accuratereviews.com\/it\/#website"},"primaryImageOfPage":{"@id":"https:\/\/www.accuratereviews.com\/it\/software-assistenza-persone\/alis-recensione\/#primaryimage"},"image":{"@id":"https:\/\/www.accuratereviews.com\/it\/software-assistenza-persone\/alis-recensione\/#primaryimage"},"thumbnailUrl":"https:\/\/www.accuratereviews.com\/wp-content\/uploads\/2022\/04\/ALIS.webp","datePublished":"2022-04-22T12:14:08+00:00","description":"Alis: recensione software basato su cloud progettato per la gestione delle attivit\u00e0 quotidiane relative a strutture di residenza assistita","breadcrumb":{"@id":"https:\/\/www.accuratereviews.com\/it\/software-assistenza-persone\/alis-recensione\/#breadcrumb"},"inLanguage":"it-IT","potentialAction":[{"@type":"ReadAction","target":["https:\/\/www.accuratereviews.com\/it\/software-assistenza-persone\/alis-recensione\/"]}]},{"@type":"ImageObject","inLanguage":"it-IT","@id":"https:\/\/www.accuratereviews.com\/it\/software-assistenza-persone\/alis-recensione\/#primaryimage","url":"https:\/\/www.accuratereviews.com\/wp-content\/uploads\/2022\/04\/ALIS.webp","contentUrl":"https:\/\/www.accuratereviews.com\/wp-content\/uploads\/2022\/04\/ALIS.webp","width":786,"height":780},{"@type":"BreadcrumbList","@id":"https:\/\/www.accuratereviews.com\/it\/software-assistenza-persone\/alis-recensione\/#breadcrumb","itemListElement":[{"@type":"ListItem","position":1,"name":"Home","item":"https:\/\/www.accuratereviews.com\/it\/"},{"@type":"ListItem","position":2,"name":"Software per assistenza alle persone","item":"https:\/\/www.accuratereviews.com\/it\/software-assistenza-persone\/"},{"@type":"ListItem","position":3,"name":"Alis"}]},{"@type":"WebSite","@id":"https:\/\/www.accuratereviews.com\/it\/#website","url":"https:\/\/www.accuratereviews.com\/it\/","name":"Accurate Reviews","description":"","potentialAction":[{"@type":"SearchAction","target":{"@type":"EntryPoint","urlTemplate":"https:\/\/www.accuratereviews.com\/it\/?s={search_term_string}"},"query-input":{"@type":"PropertyValueSpecification","valueRequired":true,"valueName":"search_term_string"}}],"inLanguage":"it-IT"}]}},"_links":{"self":[{"href":"https:\/\/www.accuratereviews.com\/it\/wp-json\/wp\/v2\/pages\/56534","targetHints":{"allow":["GET"]}}],"collection":[{"href":"https:\/\/www.accuratereviews.com\/it\/wp-json\/wp\/v2\/pages"}],"about":[{"href":"https:\/\/www.accuratereviews.com\/it\/wp-json\/wp\/v2\/types\/page"}],"author":[{"embeddable":true,"href":"https:\/\/www.accuratereviews.com\/it\/wp-json\/wp\/v2\/users\/16"}],"replies":[{"embeddable":true,"href":"https:\/\/www.accuratereviews.com\/it\/wp-json\/wp\/v2\/comments?post=56534"}],"version-history":[{"count":10,"href":"https:\/\/www.accuratereviews.com\/it\/wp-json\/wp\/v2\/pages\/56534\/revisions"}],"predecessor-version":[{"id":56618,"href":"https:\/\/www.accuratereviews.com\/it\/wp-json\/wp\/v2\/pages\/56534\/revisions\/56618"}],"up":[{"embeddable":true,"href":"https:\/\/www.accuratereviews.com\/it\/wp-json\/wp\/v2\/pages\/56447"}],"wp:featuredmedia":[{"embeddable":true,"href":"https:\/\/www.accuratereviews.com\/it\/wp-json\/wp\/v2\/media\/56535"}],"wp:attachment":[{"href":"https:\/\/www.accuratereviews.com\/it\/wp-json\/wp\/v2\/media?parent=56534"}],"wp:term":[{"taxonomy":"category","embeddable":true,"href":"https:\/\/www.accuratereviews.com\/it\/wp-json\/wp\/v2\/categories?post=56534"},{"taxonomy":"post_tag","embeddable":true,"href":"https:\/\/www.accuratereviews.com\/it\/wp-json\/wp\/v2\/tags?post=56534"},{"taxonomy":"features","embeddable":true,"href":"https:\/\/www.accuratereviews.com\/it\/wp-json\/wp\/v2\/features?post=56534"}],"curies":[{"name":"wp","href":"https:\/\/api.w.org\/{rel}","templated":true}]}}