{"id":56541,"date":"2022-04-22T12:18:23","date_gmt":"2022-04-22T12:18:23","guid":{"rendered":"https:\/\/www.accuratereviews.com\/?page_id=56541"},"modified":"2022-05-06T07:01:25","modified_gmt":"2022-05-06T07:01:25","slug":"scheduleanywhere-recensione","status":"publish","type":"page","link":"https:\/\/www.accuratereviews.com\/it\/software-assistenza-persone\/scheduleanywhere-recensione\/","title":{"rendered":"ScheduleAnywhere"},"content":{"rendered":"<p><strong>ScheduleAnywhere<\/strong> \u00e8 una <strong>soluzione di pianificazione dei dipendenti<\/strong> online che consente agli utenti di regolare i dipendenti in pi\u00f9 sedi, gestire i requisiti di personale, tenere traccia della copertura, amministrare le richieste di permessi, controllare gli straordinari, informare i dipendenti degli aggiornamenti della pianificazione e altro ancora. Con il software, gli utenti possono assegnare ai dipendenti turni, rotazioni, schemi di turni e permessi, con la possibilit\u00e0 di programmare pi\u00f9 dipendenti contemporaneamente. Il numero di ore e di personale programmato viene automaticamente tracciato, consentendo agli utenti di monitorare e controllare gli straordinari. I dipendenti pianificati in pi\u00f9 di un reparto vengono visualizzati automaticamente in pi\u00f9 pianificazioni, consentendo a tutti i loro manager di vedere quando e dove \u00e8 pianificato quel dipendente. I dipendenti vengono informati automaticamente delle nuove pianificazioni pubblicate, delle richieste di approvazione e delle modifiche alla pianificazione tramite email o sms, in base alle loro preferenze di comunicazione.<\/p>\n<h2>SCHEDULEANYWHERE &#8211; TUTORIAL<\/h2>\n<p>Scopri come assegnare le competenze e inserire le tariffe, le ore desiderate e i campi personalizzati su questo software per assistenza alle persone:<\/p>\n<div id=\"fluid-wrapper-counter-1\" class=\"g1-fluid-wrapper \" style=\"width:686px;\">\n<div style=\"padding-bottom:56.268221574344%;\"><iframe loading=\"lazy\" title=\"Setting Up Employees in Employee Scheduling Software\" width=\"515\" height=\"386\" src=\"https:\/\/www.youtube.com\/embed\/CEeohM60ehk?feature=oembed&amp;wmode=transparent&amp;autohide=1&amp;autoplay=0&amp;disablekb=0&amp;fs=1&amp;loop=0&amp;enablejsapi=1&amp;rel=0&amp;controls=2&amp;showinfo=0&amp;wmode=transparent&amp;autohide=2&amp;autoplay=0&amp;disablekb=0&amp;fs=1&amp;loop=0&amp;enablejsapi=1&amp;rel=0&amp;controls=2&amp;showinfo=1\" frameborder=\"0\" allow=\"accelerometer; autoplay; clipboard-write; encrypted-media; gyroscope; picture-in-picture\" allowfullscreen><\/iframe><\/div>\n<\/div>\n<h3>SCHEDULEANYWHERE &#8211; CARATTERISTICHE<\/h3>\n<ul>\n<li><strong>Semplifica la pianificazione dei dipendenti<\/strong>: personalizza pianificazioni e rapporti per mostrare informazioni importanti per te e per i tuoi dipendenti. Risparmia tempo, rendi il tuo lavoro facile e i tuoi dipendenti felici, il tutto soddisfacendo le esigenze della tua azienda<\/li>\n<li><strong>Inizia a programmare online in pochissimo tempo<\/strong>: tutto ci\u00f2 di cui hai bisogno per pianificare i dipendenti \u00e8 a portata di mano con l&#8217;intuitivo foglio di lavoro di pianificazione. Puoi programmare i dipendenti individuandoli nel programma e selezionando i giorni che desideri organizzare. Includi note, tag e altre informazioni per assicurarti che un dipendente sappia quando e dove lavorare e cosa fare<\/li>\n<li><strong>Personalizza orari e visualizzazioni<\/strong>: in pochi minuti, puoi creare un programma per una sede, un reparto, una posizione, un turno o un gruppo personalizzato di dipendenti<\/li>\n<li><strong>Inserisci i requisiti di personale per garantire la copertura<\/strong>: i controlli di copertura eseguono calcoli del personale specifici del programma per turno, abilit\u00e0, posizione, lavoro, ecc&#8230;<\/li>\n<li><strong>Crea visualizzazioni, evidenziatori e filtri personalizzati<\/strong>: pianifica i dipendenti da una visualizzazione di un giorno, 7 giorni, 14 giorni, 28 giorni o 42 giorni. Ogni visualizzazione pu\u00f2 essere personalizzata per mostrare solo le informazioni importanti per te. ScheduleAnywhere ti consente di evidenziare qualsiasi elemento della pianificazione, in modo da poter identificare facilmente i giorni che corrispondono ai tuoi criteri. Utilizza i filtri per mostrare solo determinati dipendenti, turni, lavori, permessi, ecc&#8230;<\/li>\n<\/ul>\n<h4>LE RECENSIONI DEGLI UTENTI<\/h4>\n<p class=\"font-weight-bold mb-2\"><strong>Jason A. &#8220;Buon prodotto ma non il pi\u00f9 facile da lavorare&#8221;<\/strong><\/p>\n<p><strong>Commenti<\/strong>: Il programma fa il suo lavoro per noi. Vorrei che fosse integrato con il calendario di Google e altri programmi di pianificazione.<\/p>\n<p><strong>Pro<\/strong>:\u00a0Abbiamo diversi turni e unit\u00e0. Schedule Anywhere ci consente di visualizzare i programmi annuali per i nostri dipendenti essenziali.<\/p>\n<p><strong>Contro<\/strong>: pu\u00f2 essere difficile da usare a volte. La versione mobile deve essere migliorata. \u00c8 praticamente inutile cos\u00ec com&#8217;\u00e8 ora.<\/p>\n<p class=\"font-weight-bold mb-2\"><strong>Kathryn N. &#8220;Pianifica ovunque l&#8217;uso per il personale\/programmazione del pronto soccorso&#8221;<\/strong><\/p>\n<p class=\"font-weight-bold mb-2\"><strong>Commenti<\/strong>: Siamo passati dalla pianificazione cartacea alla pianificazione online con Schedule Anywhere, quindi \u00e8 stato un netto miglioramento. Come tutti i programmi software, sento che ci sono margini di miglioramento.<\/p>\n<p><strong>Pro<\/strong>:\u00a0Mi piace l&#8217;accessibilit\u00e0 di poter accedere alla pianificazione da qualsiasi luogo e inviare modifiche\/richieste con il solo uso del mio telefono!<\/p>\n<p><strong>Contro<\/strong>:\u00a0In qualit\u00e0 di supervisore, vorrei che potessimo &#8220;nascondere&#8221; il programma al personale quando stiamo lavorando\/creando un programma e poi &#8220;pubblicarlo&#8221; e renderlo visibile al personale quando avremo finito con esso.<\/p>\n<div class=\"pl-4 my-4 py-3 border-left border-fog text-ash i18n-translation_vendor_container\" data-translation-id=\"2549822\" data-translation-vendor-target=\"translated\">\n<p class=\"font-weight-bold mb-2\"><strong>Wade H.&#8221;Recensione SA&#8221;<\/strong><\/p>\n<p><span class=\"font-weight-bold\"><strong>Commenti<\/strong>: <\/span>Bene grazie.<\/p>\n<p class=\"font-weight-bold mb-2\"><strong>Pro<\/strong>:\u00a0Mi piace la funzione di controllo e il monitoraggio su cui puoi spostare il mouse. Questo \u00e8 fondamentale per il nostro contratto sindacale e garantisce che le persone non cambino il programma all&#8217;ultimo minuto e incolpino il dipendente. Mi piace anche la versione dell&#8217;app mobile.<\/p>\n<p class=\"font-weight-bold mb-2\"><strong>Contro<\/strong>:\u00a0Non riesco ancora a capire come utilizzare la funzione per farmi sapere quando non c&#8217;\u00e8 una copertura sufficiente o se potrebbero essere programmate troppe persone, ecc.<\/p>\n<\/div>\n","protected":false},"excerpt":{"rendered":"<p>ScheduleAnywhere \u00e8 una soluzione di pianificazione dei dipendenti online che consente agli utenti di regolare i dipendenti in pi\u00f9 dipartimenti e sedi, gestire i requisiti di personale, tenere traccia della copertura, amministrare le richieste di permessi, controllare gli straordinari, informare i dipendenti degli aggiornamenti della pianificazione e altro ancora. Con il software, gli utenti possono assegnare ai dipendenti turni, rotazioni, schemi di turni e permessi, con la possibilit\u00e0 di programmare pi\u00f9 dipendenti contemporaneamente.<\/p>\n","protected":false},"author":16,"featured_media":56542,"parent":56447,"menu_order":0,"comment_status":"open","ping_status":"closed","template":"g1_template_page_review_new.php","meta":{"_acf_changed":false,"cwp_meta_box_check":"No","cwp_rev_product_name":"","cwp_rev_product_image":"","wppr_links":[],"cwp_rev_price":"","wppr_options":[],"wppr_pros":[],"wppr_cons":[],"_monsterinsights_skip_tracking":false,"_monsterinsights_sitenote_active":false,"_monsterinsights_sitenote_note":"","_monsterinsights_sitenote_category":0,"footnotes":""},"categories":[12456],"tags":[12475,12478,12479,12480,12477,12476],"features":[],"class_list":{"0":"post-56541","1":"page","2":"type-page","3":"status-publish","4":"has-post-thumbnail","6":"category-software-assistenza-persone-cat","7":"tag-assistenza-alla-persona","8":"tag-piattaforma-assistenza-alla-persona","9":"tag-programma-assistenza-alla-persona","10":"tag-scheduleanywhere","11":"tag-software-assistenza-alla-persona","12":"tag-soluzione-assistenza-alla-persona"},"wppr_data":{"cwp_meta_box_check":"No"},"acf":[],"yoast_head":"<!-- This site is optimized with the Yoast SEO plugin v27.4 - https:\/\/yoast.com\/product\/yoast-seo-wordpress\/ -->\n<title>ScheduleAnywhere: recensione software assistenza delle persone<\/title>\n<meta name=\"description\" content=\"ScheduleAnywhere: recensione soluzione di pianificazione dei dipendenti online che consente agli utenti di regolare i dipendenti in pi\u00f9 dipartimenti e sedi.\" \/>\n<meta name=\"robots\" content=\"index, follow, max-snippet:-1, max-image-preview:large, max-video-preview:-1\" \/>\n<link rel=\"canonical\" href=\"https:\/\/www.accuratereviews.com\/it\/software-assistenza-persone\/scheduleanywhere-recensione\/\" \/>\n<meta property=\"og:locale\" content=\"it_IT\" \/>\n<meta property=\"og:type\" content=\"article\" \/>\n<meta property=\"og:title\" content=\"ScheduleAnywhere: recensione software assistenza delle persone\" \/>\n<meta property=\"og:description\" content=\"ScheduleAnywhere: recensione soluzione di pianificazione dei dipendenti online che consente agli utenti di regolare i dipendenti in pi\u00f9 dipartimenti e sedi.\" \/>\n<meta property=\"og:url\" content=\"https:\/\/www.accuratereviews.com\/it\/software-assistenza-persone\/scheduleanywhere-recensione\/\" \/>\n<meta property=\"og:site_name\" content=\"Accurate Reviews\" \/>\n<meta property=\"article:modified_time\" content=\"2022-05-06T07:01:25+00:00\" \/>\n<meta property=\"og:image\" content=\"https:\/\/www.accuratereviews.com\/wp-content\/uploads\/2022\/04\/scheduleanywhere.png\" \/>\n\t<meta property=\"og:image:width\" content=\"225\" \/>\n\t<meta property=\"og:image:height\" content=\"225\" \/>\n\t<meta property=\"og:image:type\" content=\"image\/png\" \/>\n<meta name=\"twitter:card\" content=\"summary_large_image\" \/>\n<meta name=\"twitter:label1\" content=\"Tempo di lettura stimato\" \/>\n\t<meta name=\"twitter:data1\" content=\"4 minuti\" \/>\n<script type=\"application\/ld+json\" class=\"yoast-schema-graph\">{\"@context\":\"https:\\\/\\\/schema.org\",\"@graph\":[{\"@type\":\"WebPage\",\"@id\":\"https:\\\/\\\/www.accuratereviews.com\\\/it\\\/software-assistenza-persone\\\/scheduleanywhere-recensione\\\/\",\"url\":\"https:\\\/\\\/www.accuratereviews.com\\\/it\\\/software-assistenza-persone\\\/scheduleanywhere-recensione\\\/\",\"name\":\"ScheduleAnywhere: recensione software assistenza delle persone\",\"isPartOf\":{\"@id\":\"https:\\\/\\\/www.accuratereviews.com\\\/it\\\/#website\"},\"primaryImageOfPage\":{\"@id\":\"https:\\\/\\\/www.accuratereviews.com\\\/it\\\/software-assistenza-persone\\\/scheduleanywhere-recensione\\\/#primaryimage\"},\"image\":{\"@id\":\"https:\\\/\\\/www.accuratereviews.com\\\/it\\\/software-assistenza-persone\\\/scheduleanywhere-recensione\\\/#primaryimage\"},\"thumbnailUrl\":\"https:\\\/\\\/www.accuratereviews.com\\\/wp-content\\\/uploads\\\/2022\\\/04\\\/scheduleanywhere.png\",\"datePublished\":\"2022-04-22T12:18:23+00:00\",\"dateModified\":\"2022-05-06T07:01:25+00:00\",\"description\":\"ScheduleAnywhere: recensione soluzione di pianificazione dei dipendenti online che consente agli utenti di regolare i dipendenti in pi\u00f9 dipartimenti e sedi.\",\"breadcrumb\":{\"@id\":\"https:\\\/\\\/www.accuratereviews.com\\\/it\\\/software-assistenza-persone\\\/scheduleanywhere-recensione\\\/#breadcrumb\"},\"inLanguage\":\"it-IT\",\"potentialAction\":[{\"@type\":\"ReadAction\",\"target\":[\"https:\\\/\\\/www.accuratereviews.com\\\/it\\\/software-assistenza-persone\\\/scheduleanywhere-recensione\\\/\"]}]},{\"@type\":\"ImageObject\",\"inLanguage\":\"it-IT\",\"@id\":\"https:\\\/\\\/www.accuratereviews.com\\\/it\\\/software-assistenza-persone\\\/scheduleanywhere-recensione\\\/#primaryimage\",\"url\":\"https:\\\/\\\/www.accuratereviews.com\\\/wp-content\\\/uploads\\\/2022\\\/04\\\/scheduleanywhere.png\",\"contentUrl\":\"https:\\\/\\\/www.accuratereviews.com\\\/wp-content\\\/uploads\\\/2022\\\/04\\\/scheduleanywhere.png\",\"width\":225,\"height\":225},{\"@type\":\"BreadcrumbList\",\"@id\":\"https:\\\/\\\/www.accuratereviews.com\\\/it\\\/software-assistenza-persone\\\/scheduleanywhere-recensione\\\/#breadcrumb\",\"itemListElement\":[{\"@type\":\"ListItem\",\"position\":1,\"name\":\"Home\",\"item\":\"https:\\\/\\\/www.accuratereviews.com\\\/it\\\/\"},{\"@type\":\"ListItem\",\"position\":2,\"name\":\"Software per assistenza alle persone\",\"item\":\"https:\\\/\\\/www.accuratereviews.com\\\/it\\\/software-assistenza-persone\\\/\"},{\"@type\":\"ListItem\",\"position\":3,\"name\":\"ScheduleAnywhere\"}]},{\"@type\":\"WebSite\",\"@id\":\"https:\\\/\\\/www.accuratereviews.com\\\/it\\\/#website\",\"url\":\"https:\\\/\\\/www.accuratereviews.com\\\/it\\\/\",\"name\":\"Accurate Reviews\",\"description\":\"\",\"potentialAction\":[{\"@type\":\"SearchAction\",\"target\":{\"@type\":\"EntryPoint\",\"urlTemplate\":\"https:\\\/\\\/www.accuratereviews.com\\\/it\\\/?s={search_term_string}\"},\"query-input\":{\"@type\":\"PropertyValueSpecification\",\"valueRequired\":true,\"valueName\":\"search_term_string\"}}],\"inLanguage\":\"it-IT\"}]}<\/script>\n<!-- \/ Yoast SEO plugin. -->","yoast_head_json":{"title":"ScheduleAnywhere: recensione software assistenza delle persone","description":"ScheduleAnywhere: recensione soluzione di pianificazione dei dipendenti online che consente agli utenti di regolare i dipendenti in pi\u00f9 dipartimenti e sedi.","robots":{"index":"index","follow":"follow","max-snippet":"max-snippet:-1","max-image-preview":"max-image-preview:large","max-video-preview":"max-video-preview:-1"},"canonical":"https:\/\/www.accuratereviews.com\/it\/software-assistenza-persone\/scheduleanywhere-recensione\/","og_locale":"it_IT","og_type":"article","og_title":"ScheduleAnywhere: recensione software assistenza delle persone","og_description":"ScheduleAnywhere: recensione soluzione di pianificazione dei dipendenti online che consente agli utenti di regolare i dipendenti in pi\u00f9 dipartimenti e sedi.","og_url":"https:\/\/www.accuratereviews.com\/it\/software-assistenza-persone\/scheduleanywhere-recensione\/","og_site_name":"Accurate Reviews","article_modified_time":"2022-05-06T07:01:25+00:00","og_image":[{"width":225,"height":225,"url":"https:\/\/www.accuratereviews.com\/wp-content\/uploads\/2022\/04\/scheduleanywhere.png","type":"image\/png"}],"twitter_card":"summary_large_image","twitter_misc":{"Tempo di lettura stimato":"4 minuti"},"schema":{"@context":"https:\/\/schema.org","@graph":[{"@type":"WebPage","@id":"https:\/\/www.accuratereviews.com\/it\/software-assistenza-persone\/scheduleanywhere-recensione\/","url":"https:\/\/www.accuratereviews.com\/it\/software-assistenza-persone\/scheduleanywhere-recensione\/","name":"ScheduleAnywhere: recensione software assistenza delle persone","isPartOf":{"@id":"https:\/\/www.accuratereviews.com\/it\/#website"},"primaryImageOfPage":{"@id":"https:\/\/www.accuratereviews.com\/it\/software-assistenza-persone\/scheduleanywhere-recensione\/#primaryimage"},"image":{"@id":"https:\/\/www.accuratereviews.com\/it\/software-assistenza-persone\/scheduleanywhere-recensione\/#primaryimage"},"thumbnailUrl":"https:\/\/www.accuratereviews.com\/wp-content\/uploads\/2022\/04\/scheduleanywhere.png","datePublished":"2022-04-22T12:18:23+00:00","dateModified":"2022-05-06T07:01:25+00:00","description":"ScheduleAnywhere: recensione soluzione di pianificazione dei dipendenti online che consente agli utenti di regolare i dipendenti in pi\u00f9 dipartimenti e sedi.","breadcrumb":{"@id":"https:\/\/www.accuratereviews.com\/it\/software-assistenza-persone\/scheduleanywhere-recensione\/#breadcrumb"},"inLanguage":"it-IT","potentialAction":[{"@type":"ReadAction","target":["https:\/\/www.accuratereviews.com\/it\/software-assistenza-persone\/scheduleanywhere-recensione\/"]}]},{"@type":"ImageObject","inLanguage":"it-IT","@id":"https:\/\/www.accuratereviews.com\/it\/software-assistenza-persone\/scheduleanywhere-recensione\/#primaryimage","url":"https:\/\/www.accuratereviews.com\/wp-content\/uploads\/2022\/04\/scheduleanywhere.png","contentUrl":"https:\/\/www.accuratereviews.com\/wp-content\/uploads\/2022\/04\/scheduleanywhere.png","width":225,"height":225},{"@type":"BreadcrumbList","@id":"https:\/\/www.accuratereviews.com\/it\/software-assistenza-persone\/scheduleanywhere-recensione\/#breadcrumb","itemListElement":[{"@type":"ListItem","position":1,"name":"Home","item":"https:\/\/www.accuratereviews.com\/it\/"},{"@type":"ListItem","position":2,"name":"Software per assistenza alle persone","item":"https:\/\/www.accuratereviews.com\/it\/software-assistenza-persone\/"},{"@type":"ListItem","position":3,"name":"ScheduleAnywhere"}]},{"@type":"WebSite","@id":"https:\/\/www.accuratereviews.com\/it\/#website","url":"https:\/\/www.accuratereviews.com\/it\/","name":"Accurate Reviews","description":"","potentialAction":[{"@type":"SearchAction","target":{"@type":"EntryPoint","urlTemplate":"https:\/\/www.accuratereviews.com\/it\/?s={search_term_string}"},"query-input":{"@type":"PropertyValueSpecification","valueRequired":true,"valueName":"search_term_string"}}],"inLanguage":"it-IT"}]}},"_links":{"self":[{"href":"https:\/\/www.accuratereviews.com\/it\/wp-json\/wp\/v2\/pages\/56541","targetHints":{"allow":["GET"]}}],"collection":[{"href":"https:\/\/www.accuratereviews.com\/it\/wp-json\/wp\/v2\/pages"}],"about":[{"href":"https:\/\/www.accuratereviews.com\/it\/wp-json\/wp\/v2\/types\/page"}],"author":[{"embeddable":true,"href":"https:\/\/www.accuratereviews.com\/it\/wp-json\/wp\/v2\/users\/16"}],"replies":[{"embeddable":true,"href":"https:\/\/www.accuratereviews.com\/it\/wp-json\/wp\/v2\/comments?post=56541"}],"version-history":[{"count":12,"href":"https:\/\/www.accuratereviews.com\/it\/wp-json\/wp\/v2\/pages\/56541\/revisions"}],"predecessor-version":[{"id":57134,"href":"https:\/\/www.accuratereviews.com\/it\/wp-json\/wp\/v2\/pages\/56541\/revisions\/57134"}],"up":[{"embeddable":true,"href":"https:\/\/www.accuratereviews.com\/it\/wp-json\/wp\/v2\/pages\/56447"}],"wp:featuredmedia":[{"embeddable":true,"href":"https:\/\/www.accuratereviews.com\/it\/wp-json\/wp\/v2\/media\/56542"}],"wp:attachment":[{"href":"https:\/\/www.accuratereviews.com\/it\/wp-json\/wp\/v2\/media?parent=56541"}],"wp:term":[{"taxonomy":"category","embeddable":true,"href":"https:\/\/www.accuratereviews.com\/it\/wp-json\/wp\/v2\/categories?post=56541"},{"taxonomy":"post_tag","embeddable":true,"href":"https:\/\/www.accuratereviews.com\/it\/wp-json\/wp\/v2\/tags?post=56541"},{"taxonomy":"features","embeddable":true,"href":"https:\/\/www.accuratereviews.com\/it\/wp-json\/wp\/v2\/features?post=56541"}],"curies":[{"name":"wp","href":"https:\/\/api.w.org\/{rel}","templated":true}]}}