{"id":5659,"date":"2015-10-21T15:55:36","date_gmt":"2015-10-21T15:55:36","guid":{"rendered":"http:\/\/www.accuratereviews.com\/it\/antivirus-la-lista-dei-migliori\/eset-nod32-antivirus-2015\/"},"modified":"2016-11-16T13:50:29","modified_gmt":"2016-11-16T13:50:29","slug":"eset-nod32-antivirus-2015","status":"publish","type":"page","link":"https:\/\/www.accuratereviews.com\/it\/antivirus-la-lista-dei-migliori\/eset-nod32-antivirus-2015\/","title":{"rendered":"ESET NOD32 Antivirus 2015"},"content":{"rendered":"<div id=\"attachment_1739\" style=\"width: 812px\" class=\"wp-caption alignnone\"><img loading=\"lazy\" decoding=\"async\" aria-describedby=\"caption-attachment-1739\" class=\"size-full wp-image-1739\" src=\"http:\/\/www.accuratereviews.com\/wp-content\/uploads\/2015\/10\/eset-nod32-antivirus.jpg\" alt=\"Eset NOD32 Antivirus has many hidden advanced features beyond its clean interface.\" width=\"802\" height=\"625\" srcset=\"https:\/\/www.accuratereviews.com\/wp-content\/uploads\/2015\/10\/eset-nod32-antivirus.jpg 802w, https:\/\/www.accuratereviews.com\/wp-content\/uploads\/2015\/10\/eset-nod32-antivirus-300x234.jpg 300w, https:\/\/www.accuratereviews.com\/wp-content\/uploads\/2015\/10\/eset-nod32-antivirus-160x125.jpg 160w, https:\/\/www.accuratereviews.com\/wp-content\/uploads\/2015\/10\/eset-nod32-antivirus-50x39.jpg 50w, https:\/\/www.accuratereviews.com\/wp-content\/uploads\/2015\/10\/eset-nod32-antivirus-636x496.jpg 636w, https:\/\/www.accuratereviews.com\/wp-content\/uploads\/2015\/10\/eset-nod32-antivirus-320x249.jpg 320w, https:\/\/www.accuratereviews.com\/wp-content\/uploads\/2015\/10\/eset-nod32-antivirus-239x186.jpg 239w\" sizes=\"auto, (max-width: 802px) 100vw, 802px\" \/><p id=\"caption-attachment-1739\" class=\"wp-caption-text\">Eset NOD32 Antivirus offre molte funzionalit\u00e0 avanzate non immediatamente visibili.<\/p><\/div>\n<p>ESET \u00e8 un\u2019azienda europea specializzata in antivirus e software per la protezione dei dispositivi. Uno dei loro pi\u00f9 noti prodotti \u00e8 l\u2019<strong>Eset NOD32 Antivirus<\/strong>, capace di effettuare un veloce ed efficiente scan del PC in cerca di possibili minacce. Se siete in cerca di un particolare tipo di protezione (come il parental control, filtri anti-spam, un firewall dedicato e via dicendo) non lo troverete in NOD32, ma dovrete acquistare la pi\u00f9 completa suite <strong>ESET Smart Security<\/strong>.<\/p>\n<p>In ogni caso, le funzionalit\u00e0 incluse nella versione base del software sono pi\u00f9 che sufficienti per coprire le esigenze della maggior parte degli utenti. Come la maggior parte dei concorrenti, <strong>ESET NOD32 \u00e8 in grado di effettuare una scansione ad orari prestabiliti<\/strong> e di ridurre il consumo energetico in caso utilizziate un notebook. \u00c8 presente anche una modalit\u00e0 \u201cgame\u201d che garantisce fluidit\u00e0 di gioco anche durante la ricerca di file pericolosi. Eset NOD32 \u00e8 realmente in grado di identificare immendiatamente anche i pi\u00f9 <strong>nuovi exploit e malware<\/strong>.<\/p>\n<p>Proteggere non basta, senza educare l\u2019utente a proteggersi: Eset propone strumenti informativi per esortare gli utenti ad utilizzare password migliori, non abboccare a truffe e via dicendo.<\/p>\n","protected":false},"excerpt":{"rendered":"<p>ESET \u00e8 un\u2019azienda europea specializzata in antivirus e software per la protezione dei dispositivi. Uno dei loro pi\u00f9 noti prodotti \u00e8 l\u2019Eset NOD32 Antivirus, capace di effettuare un veloce ed efficiente scan del PC in cerca di possibili minacce. <\/p>\n","protected":false},"author":16,"featured_media":0,"parent":5635,"menu_order":29,"comment_status":"open","ping_status":"closed","template":"g1_template_page_review_new.php","meta":{"_acf_changed":false,"cwp_meta_box_check":"Yes","cwp_rev_product_name":"","cwp_rev_product_image":"","wppr_links":[],"cwp_rev_price":"","wppr_options":[],"wppr_pros":[],"wppr_cons":[],"_monsterinsights_skip_tracking":false,"_monsterinsights_sitenote_active":false,"_monsterinsights_sitenote_note":"","_monsterinsights_sitenote_category":0,"footnotes":""},"categories":[109],"tags":[],"features":[],"class_list":{"0":"post-5659","1":"page","2":"type-page","3":"status-publish","5":"category-antivirus-software-pc-it"},"wppr_data":{"cwp_meta_box_check":"Yes","cwp_rev_product_name":"","cwp_rev_product_image":"","cwp_image_link":"image","cwp_rev_price":"","wppr_rating":"0.00"},"acf":[],"yoast_head":"<!-- This site is optimized with the Yoast SEO plugin v27.4 - https:\/\/yoast.com\/product\/yoast-seo-wordpress\/ -->\n<title>Eset Nod32 recensione miglior antivirus | Accurate Reviews<\/title>\n<meta name=\"description\" content=\"Eset propone strumenti informativi per esortare gli utenti ad utilizzare password migliori, non abboccare a truffe e via dicendo.\" \/>\n<meta name=\"robots\" content=\"index, follow, max-snippet:-1, max-image-preview:large, max-video-preview:-1\" \/>\n<link rel=\"canonical\" href=\"https:\/\/www.accuratereviews.com\/it\/antivirus-la-lista-dei-migliori\/eset-nod32-antivirus-2015\/\" \/>\n<meta property=\"og:locale\" content=\"it_IT\" \/>\n<meta property=\"og:type\" content=\"article\" \/>\n<meta property=\"og:title\" content=\"Eset Nod32 recensione miglior antivirus | Accurate Reviews\" \/>\n<meta property=\"og:description\" content=\"Eset propone strumenti informativi per esortare gli utenti ad utilizzare password migliori, non abboccare a truffe e via dicendo.\" \/>\n<meta property=\"og:url\" content=\"https:\/\/www.accuratereviews.com\/it\/antivirus-la-lista-dei-migliori\/eset-nod32-antivirus-2015\/\" \/>\n<meta property=\"og:site_name\" content=\"Accurate Reviews\" \/>\n<meta property=\"article:modified_time\" content=\"2016-11-16T13:50:29+00:00\" \/>\n<meta property=\"og:image\" content=\"http:\/\/www.accuratereviews.com\/wp-content\/uploads\/2015\/10\/eset-nod32-antivirus.jpg\" \/>\n<meta name=\"twitter:card\" content=\"summary_large_image\" \/>\n<meta name=\"twitter:label1\" content=\"Tempo di lettura stimato\" \/>\n\t<meta name=\"twitter:data1\" content=\"1 minuto\" \/>\n<script type=\"application\/ld+json\" class=\"yoast-schema-graph\">{\"@context\":\"https:\\\/\\\/schema.org\",\"@graph\":[{\"@type\":\"WebPage\",\"@id\":\"https:\\\/\\\/www.accuratereviews.com\\\/it\\\/antivirus-la-lista-dei-migliori\\\/eset-nod32-antivirus-2015\\\/\",\"url\":\"https:\\\/\\\/www.accuratereviews.com\\\/it\\\/antivirus-la-lista-dei-migliori\\\/eset-nod32-antivirus-2015\\\/\",\"name\":\"Eset Nod32 recensione miglior antivirus | Accurate Reviews\",\"isPartOf\":{\"@id\":\"https:\\\/\\\/www.accuratereviews.com\\\/it\\\/#website\"},\"primaryImageOfPage\":{\"@id\":\"https:\\\/\\\/www.accuratereviews.com\\\/it\\\/antivirus-la-lista-dei-migliori\\\/eset-nod32-antivirus-2015\\\/#primaryimage\"},\"image\":{\"@id\":\"https:\\\/\\\/www.accuratereviews.com\\\/it\\\/antivirus-la-lista-dei-migliori\\\/eset-nod32-antivirus-2015\\\/#primaryimage\"},\"thumbnailUrl\":\"http:\\\/\\\/www.accuratereviews.com\\\/wp-content\\\/uploads\\\/2015\\\/10\\\/eset-nod32-antivirus.jpg\",\"datePublished\":\"2015-10-21T15:55:36+00:00\",\"dateModified\":\"2016-11-16T13:50:29+00:00\",\"description\":\"Eset propone strumenti informativi per esortare gli utenti ad utilizzare password migliori, non abboccare a truffe e via dicendo.\",\"breadcrumb\":{\"@id\":\"https:\\\/\\\/www.accuratereviews.com\\\/it\\\/antivirus-la-lista-dei-migliori\\\/eset-nod32-antivirus-2015\\\/#breadcrumb\"},\"inLanguage\":\"it-IT\",\"potentialAction\":[{\"@type\":\"ReadAction\",\"target\":[\"https:\\\/\\\/www.accuratereviews.com\\\/it\\\/antivirus-la-lista-dei-migliori\\\/eset-nod32-antivirus-2015\\\/\"]}]},{\"@type\":\"ImageObject\",\"inLanguage\":\"it-IT\",\"@id\":\"https:\\\/\\\/www.accuratereviews.com\\\/it\\\/antivirus-la-lista-dei-migliori\\\/eset-nod32-antivirus-2015\\\/#primaryimage\",\"url\":\"http:\\\/\\\/www.accuratereviews.com\\\/wp-content\\\/uploads\\\/2015\\\/10\\\/eset-nod32-antivirus.jpg\",\"contentUrl\":\"http:\\\/\\\/www.accuratereviews.com\\\/wp-content\\\/uploads\\\/2015\\\/10\\\/eset-nod32-antivirus.jpg\"},{\"@type\":\"BreadcrumbList\",\"@id\":\"https:\\\/\\\/www.accuratereviews.com\\\/it\\\/antivirus-la-lista-dei-migliori\\\/eset-nod32-antivirus-2015\\\/#breadcrumb\",\"itemListElement\":[{\"@type\":\"ListItem\",\"position\":1,\"name\":\"Home\",\"item\":\"https:\\\/\\\/www.accuratereviews.com\\\/it\\\/\"},{\"@type\":\"ListItem\",\"position\":2,\"name\":\"Antivirus: i Migliori Antivirus per PC\",\"item\":\"https:\\\/\\\/www.accuratereviews.com\\\/it\\\/antivirus-la-lista-dei-migliori\\\/\"},{\"@type\":\"ListItem\",\"position\":3,\"name\":\"ESET NOD32 Antivirus 2015\"}]},{\"@type\":\"WebSite\",\"@id\":\"https:\\\/\\\/www.accuratereviews.com\\\/it\\\/#website\",\"url\":\"https:\\\/\\\/www.accuratereviews.com\\\/it\\\/\",\"name\":\"Accurate Reviews\",\"description\":\"\",\"potentialAction\":[{\"@type\":\"SearchAction\",\"target\":{\"@type\":\"EntryPoint\",\"urlTemplate\":\"https:\\\/\\\/www.accuratereviews.com\\\/it\\\/?s={search_term_string}\"},\"query-input\":{\"@type\":\"PropertyValueSpecification\",\"valueRequired\":true,\"valueName\":\"search_term_string\"}}],\"inLanguage\":\"it-IT\"}]}<\/script>\n<!-- \/ Yoast SEO plugin. -->","yoast_head_json":{"title":"Eset Nod32 recensione miglior antivirus | Accurate Reviews","description":"Eset propone strumenti informativi per esortare gli utenti ad utilizzare password migliori, non abboccare a truffe e via dicendo.","robots":{"index":"index","follow":"follow","max-snippet":"max-snippet:-1","max-image-preview":"max-image-preview:large","max-video-preview":"max-video-preview:-1"},"canonical":"https:\/\/www.accuratereviews.com\/it\/antivirus-la-lista-dei-migliori\/eset-nod32-antivirus-2015\/","og_locale":"it_IT","og_type":"article","og_title":"Eset Nod32 recensione miglior antivirus | Accurate Reviews","og_description":"Eset propone strumenti informativi per esortare gli utenti ad utilizzare password migliori, non abboccare a truffe e via dicendo.","og_url":"https:\/\/www.accuratereviews.com\/it\/antivirus-la-lista-dei-migliori\/eset-nod32-antivirus-2015\/","og_site_name":"Accurate Reviews","article_modified_time":"2016-11-16T13:50:29+00:00","og_image":[{"url":"http:\/\/www.accuratereviews.com\/wp-content\/uploads\/2015\/10\/eset-nod32-antivirus.jpg","type":"","width":"","height":""}],"twitter_card":"summary_large_image","twitter_misc":{"Tempo di lettura stimato":"1 minuto"},"schema":{"@context":"https:\/\/schema.org","@graph":[{"@type":"WebPage","@id":"https:\/\/www.accuratereviews.com\/it\/antivirus-la-lista-dei-migliori\/eset-nod32-antivirus-2015\/","url":"https:\/\/www.accuratereviews.com\/it\/antivirus-la-lista-dei-migliori\/eset-nod32-antivirus-2015\/","name":"Eset Nod32 recensione miglior antivirus | Accurate Reviews","isPartOf":{"@id":"https:\/\/www.accuratereviews.com\/it\/#website"},"primaryImageOfPage":{"@id":"https:\/\/www.accuratereviews.com\/it\/antivirus-la-lista-dei-migliori\/eset-nod32-antivirus-2015\/#primaryimage"},"image":{"@id":"https:\/\/www.accuratereviews.com\/it\/antivirus-la-lista-dei-migliori\/eset-nod32-antivirus-2015\/#primaryimage"},"thumbnailUrl":"http:\/\/www.accuratereviews.com\/wp-content\/uploads\/2015\/10\/eset-nod32-antivirus.jpg","datePublished":"2015-10-21T15:55:36+00:00","dateModified":"2016-11-16T13:50:29+00:00","description":"Eset propone strumenti informativi per esortare gli utenti ad utilizzare password migliori, non abboccare a truffe e via dicendo.","breadcrumb":{"@id":"https:\/\/www.accuratereviews.com\/it\/antivirus-la-lista-dei-migliori\/eset-nod32-antivirus-2015\/#breadcrumb"},"inLanguage":"it-IT","potentialAction":[{"@type":"ReadAction","target":["https:\/\/www.accuratereviews.com\/it\/antivirus-la-lista-dei-migliori\/eset-nod32-antivirus-2015\/"]}]},{"@type":"ImageObject","inLanguage":"it-IT","@id":"https:\/\/www.accuratereviews.com\/it\/antivirus-la-lista-dei-migliori\/eset-nod32-antivirus-2015\/#primaryimage","url":"http:\/\/www.accuratereviews.com\/wp-content\/uploads\/2015\/10\/eset-nod32-antivirus.jpg","contentUrl":"http:\/\/www.accuratereviews.com\/wp-content\/uploads\/2015\/10\/eset-nod32-antivirus.jpg"},{"@type":"BreadcrumbList","@id":"https:\/\/www.accuratereviews.com\/it\/antivirus-la-lista-dei-migliori\/eset-nod32-antivirus-2015\/#breadcrumb","itemListElement":[{"@type":"ListItem","position":1,"name":"Home","item":"https:\/\/www.accuratereviews.com\/it\/"},{"@type":"ListItem","position":2,"name":"Antivirus: i Migliori Antivirus per PC","item":"https:\/\/www.accuratereviews.com\/it\/antivirus-la-lista-dei-migliori\/"},{"@type":"ListItem","position":3,"name":"ESET NOD32 Antivirus 2015"}]},{"@type":"WebSite","@id":"https:\/\/www.accuratereviews.com\/it\/#website","url":"https:\/\/www.accuratereviews.com\/it\/","name":"Accurate Reviews","description":"","potentialAction":[{"@type":"SearchAction","target":{"@type":"EntryPoint","urlTemplate":"https:\/\/www.accuratereviews.com\/it\/?s={search_term_string}"},"query-input":{"@type":"PropertyValueSpecification","valueRequired":true,"valueName":"search_term_string"}}],"inLanguage":"it-IT"}]}},"_links":{"self":[{"href":"https:\/\/www.accuratereviews.com\/it\/wp-json\/wp\/v2\/pages\/5659","targetHints":{"allow":["GET"]}}],"collection":[{"href":"https:\/\/www.accuratereviews.com\/it\/wp-json\/wp\/v2\/pages"}],"about":[{"href":"https:\/\/www.accuratereviews.com\/it\/wp-json\/wp\/v2\/types\/page"}],"author":[{"embeddable":true,"href":"https:\/\/www.accuratereviews.com\/it\/wp-json\/wp\/v2\/users\/16"}],"replies":[{"embeddable":true,"href":"https:\/\/www.accuratereviews.com\/it\/wp-json\/wp\/v2\/comments?post=5659"}],"version-history":[{"count":8,"href":"https:\/\/www.accuratereviews.com\/it\/wp-json\/wp\/v2\/pages\/5659\/revisions"}],"predecessor-version":[{"id":6439,"href":"https:\/\/www.accuratereviews.com\/it\/wp-json\/wp\/v2\/pages\/5659\/revisions\/6439"}],"up":[{"embeddable":true,"href":"https:\/\/www.accuratereviews.com\/it\/wp-json\/wp\/v2\/pages\/5635"}],"wp:attachment":[{"href":"https:\/\/www.accuratereviews.com\/it\/wp-json\/wp\/v2\/media?parent=5659"}],"wp:term":[{"taxonomy":"category","embeddable":true,"href":"https:\/\/www.accuratereviews.com\/it\/wp-json\/wp\/v2\/categories?post=5659"},{"taxonomy":"post_tag","embeddable":true,"href":"https:\/\/www.accuratereviews.com\/it\/wp-json\/wp\/v2\/tags?post=5659"},{"taxonomy":"features","embeddable":true,"href":"https:\/\/www.accuratereviews.com\/it\/wp-json\/wp\/v2\/features?post=5659"}],"curies":[{"name":"wp","href":"https:\/\/api.w.org\/{rel}","templated":true}]}}