{"id":56632,"date":"2022-04-26T11:59:09","date_gmt":"2022-04-26T11:59:09","guid":{"rendered":"https:\/\/www.accuratereviews.com\/?page_id=56632"},"modified":"2022-04-26T11:59:09","modified_gmt":"2022-04-26T11:59:09","slug":"eldermark-recensione","status":"publish","type":"page","link":"https:\/\/www.accuratereviews.com\/it\/software-assistenza-persone\/eldermark-recensione\/","title":{"rendered":"Eldermark"},"content":{"rendered":"<p><strong>Eldermark<\/strong> \u00e8 il leader nei <strong>software\u00a0per gestire residenze di anziani<\/strong>, fornendo una piattaforma tecnologica completa che potenzia l&#8217;intera comunit\u00e0: clinica, vendite e operazioni. \u00c8 la prima soluzione nella vita degli anziani che ti consente di sfruttare i dati dell&#8217;intera operazione per ottenere informazioni dettagliate automatizzate, perseguibili e basate sull&#8217;analisi in modo da sapere come gestire al meglio la tua attivit\u00e0.\u00a0La piattaforma completamente integrata e l&#8217;assistenza clienti 24 ore su 24, 7 giorni su 7, ti aiutano a gestire l&#8217;intera comunit\u00e0 in modo da poter eliminare i processi cartacei, lavorare in modo efficiente e concentrare le tue energie su ci\u00f2 che conta veramente: offrire esperienze di residenza superiori.\u00a0Include soluzioni per ogni aspetto della tua attivit\u00e0: sviluppo\/vendita di censimenti, marketing digitale e automatizzato, gestione delle operazioni aziendali, cartella clinica elettronica ed EMAR, programmi e flussi di lavoro del team di assistenza, sistemi di assistenza mobile, \u00a0gestione del rischio, tecnologie di comunicazione, fatturazione ed elaborazione dei pagamenti.<\/p>\n<h2>ELDERMARK &#8211; TUTORIAL<\/h2>\n<p>Ecco un tutorial sulle principali funzioni di questo<strong> software per assistenza alla persona<\/strong>:<\/p>\n<div id=\"fluid-wrapper-counter-1\" class=\"g1-fluid-wrapper \" style=\"width:686px;\">\n<div style=\"padding-bottom:56.268221574344%;\"><iframe loading=\"lazy\" title=\"App Menu Tour\" width=\"686\" height=\"386\" src=\"https:\/\/www.youtube.com\/embed\/6DGeZ1GeLsw?feature=oembed&amp;wmode=transparent&amp;autohide=1&amp;autoplay=0&amp;disablekb=0&amp;fs=1&amp;loop=0&amp;enablejsapi=1&amp;rel=0&amp;controls=2&amp;showinfo=0&amp;wmode=transparent&amp;autohide=2&amp;autoplay=0&amp;disablekb=0&amp;fs=1&amp;loop=0&amp;enablejsapi=1&amp;rel=0&amp;controls=2&amp;showinfo=1\" frameborder=\"0\" allow=\"accelerometer; autoplay; clipboard-write; encrypted-media; gyroscope; picture-in-picture\" allowfullscreen><\/iframe><\/div>\n<\/div>\n<h3>ELDERMARK &#8211; CARATTERISTICHE<\/h3>\n<ul>\n<li>Elimina il flusso di lavoro di riconciliazione di fine mese<\/li>\n<li>Migliora la sicurezza mettendo tutte le informazioni richieste dal personale di assistenza diretta in un&#8217;unica posizione per un rapido accesso<\/li>\n<li>Rendi la ricarica dei farmaci facile come un clic del mouse<\/li>\n<li>Cattura potenziali errori prima che si realizzino<\/li>\n<li>Fornisci monitoraggio in tempo reale di potenziali ordini medici duplicati, documentazione tempestiva sulla somministrazione dei farmaci PRN, farmaci mancati e altro ancora<\/li>\n<li>Gestisci automaticamente il conteggio e la responsabilit\u00e0 dei farmaci narcotici<\/li>\n<li>Completa la tua valutazione elettronica, i servizi collegati vengono attivati \u200b\u200bper informare automaticamente il piano di assistenza<\/li>\n<li>Genera contratti di servizio conformi ai requisiti normativi e alle tue politiche interne<\/li>\n<li>Crea pianificazioni delle attivit\u00e0 degli operatori sanitari che estraggono i dati dal piano di assistenza e inseriscono le informazioni in Point of Care, direttamente nelle mani degli operatori sanitari<\/li>\n<li>Migliora i risultati, controlla i costi assicurativi e aumenta la sicurezza dei residenti.<\/li>\n<\/ul>\n<h4>LE RECENSIONI DEGLI UTENTI<\/h4>\n<p class=\"font-weight-bold mb-2\"><strong>Austin E.&#8221;Il miglior EHR\/Fatturazione che abbia mai visto&#8221;<\/strong><\/p>\n<p><span class=\"font-weight-bold\"><strong>Commenti<\/strong>: <\/span>Mi piace lavorare con loro e il servizio clienti \u00e8 sempre stato eccellente<\/p>\n<p class=\"font-weight-bold mb-2\"><strong>Pro<\/strong>:\u00a0Intuitivo, scalabile e accessibile a tutti gli utenti<\/p>\n<p class=\"font-weight-bold mb-2\"><strong>Contro<\/strong>:\u00a0L&#8217;applicazione remota a volte pu\u00f2 essere traballante, lenta da connettersi<\/p>\n<p class=\"font-weight-bold mb-2\"><strong>Laura O.&#8221;Ottimo supporto per un ottimo prodotto&#8221;<\/strong><\/p>\n<p><span class=\"font-weight-bold\"><strong>Commenti<\/strong>: <\/span>Nel complesso, lavorare con Eldermark \u00e8 stata un&#8217;esperienza fantastica! Il personale \u00e8 competente, disponibile, professionale, ma facile con cui lavorare.<\/p>\n<p class=\"font-weight-bold mb-2\"><strong>Pro<\/strong>:\u00a0Il team di supporto \u00e8 il migliore; sono sempre pronti a rispondere e seguire. Anche la facilit\u00e0 generale del prodotto dal punto di vista dell&#8217;utente \u00e8 ottima. Le cose sono semplici. Ci sono piccoli problemi e tempi di inattivit\u00e0 non programmati e quando ce n&#8217;\u00e8 uno, viene risolto rapidamente.<\/p>\n<p class=\"font-weight-bold mb-2\"><strong>Contro<\/strong>:\u00a0Che non \u00e8 basato sul web. Trovare le personalizzazioni nei ruoli di configurazione dell&#8217;utente pu\u00f2 essere difficile da navigare.<\/p>\n<p class=\"font-weight-bold mb-2\"><strong>Debbie F.\u00a0Recensione di Eldermark<\/strong><\/p>\n<p class=\"font-weight-bold mb-2\"><strong>Commenti<\/strong>: \u00c8 stato facile lavorare con Eldermark ed \u00e8 sempre stato professionale, cortese e molto disponibile<\/p>\n<p><strong>Pro<\/strong>:\u00a0Il software \u00e8 molto facile da usare e per formare nuove persone all&#8217;uso<\/p>\n<p><strong>Contro<\/strong>:\u00a0Vorrei che entrambi i nomi generici e di marca appaiano o ci consentano di entrare. Alcuni rapporti devono essere creati, vorrei che ci fosse un modo pi\u00f9 semplice per estrarli<\/p>\n","protected":false},"excerpt":{"rendered":"<p>Eldermark \u00e8 il leader nei software\u00a0per gestire residenze di anziani, fornendo una piattaforma tecnologica completa che potenzia l&#8217;intera comunit\u00e0: clinica, vendite e operazioni. \u00c8 la prima soluzione nella vita degli anziani che ti consente di sfruttare i dati dell&#8217;intera operazione per ottenere informazioni dettagliate automatizzate, perseguibili e basate sull&#8217;analisi in modo da sapere come gestire al meglio la tua attivit\u00e0.\u00a0<\/p>\n","protected":false},"author":16,"featured_media":56633,"parent":56447,"menu_order":0,"comment_status":"open","ping_status":"closed","template":"g1_template_page_review_new.php","meta":{"_acf_changed":false,"cwp_meta_box_check":"No","cwp_rev_product_name":"","cwp_rev_product_image":"","wppr_links":[],"cwp_rev_price":"","wppr_options":[],"wppr_pros":[],"wppr_cons":[],"_monsterinsights_skip_tracking":false,"_monsterinsights_sitenote_active":false,"_monsterinsights_sitenote_note":"","_monsterinsights_sitenote_category":0,"footnotes":""},"categories":[12456],"tags":[12475,12478,12479,12477,12476],"features":[],"class_list":{"0":"post-56632","1":"page","2":"type-page","3":"status-publish","4":"has-post-thumbnail","6":"category-software-assistenza-persone-cat","7":"tag-assistenza-alla-persona","8":"tag-piattaforma-assistenza-alla-persona","9":"tag-programma-assistenza-alla-persona","10":"tag-software-assistenza-alla-persona","11":"tag-soluzione-assistenza-alla-persona"},"wppr_data":{"cwp_meta_box_check":"No"},"acf":[],"yoast_head":"<!-- This site is optimized with the Yoast SEO plugin v27.4 - https:\/\/yoast.com\/product\/yoast-seo-wordpress\/ -->\n<title>Eldermark: recensione software assistenza della persona<\/title>\n<meta name=\"description\" content=\"Eldermark: recensione software\u00a0per gestire residenze di anziani, fornendo una piattaforma tecnologica completa che potenzia l&#039;intera comunit\u00e0\" \/>\n<meta name=\"robots\" content=\"index, follow, max-snippet:-1, max-image-preview:large, max-video-preview:-1\" \/>\n<link rel=\"canonical\" href=\"https:\/\/www.accuratereviews.com\/it\/software-assistenza-persone\/eldermark-recensione\/\" \/>\n<meta property=\"og:locale\" content=\"it_IT\" \/>\n<meta property=\"og:type\" content=\"article\" \/>\n<meta property=\"og:title\" content=\"Eldermark: recensione software assistenza della persona\" \/>\n<meta property=\"og:description\" content=\"Eldermark: recensione software\u00a0per gestire residenze di anziani, fornendo una piattaforma tecnologica completa che potenzia l&#039;intera comunit\u00e0\" \/>\n<meta property=\"og:url\" content=\"https:\/\/www.accuratereviews.com\/it\/software-assistenza-persone\/eldermark-recensione\/\" \/>\n<meta property=\"og:site_name\" content=\"Accurate Reviews\" \/>\n<meta property=\"og:image\" content=\"https:\/\/www.accuratereviews.com\/wp-content\/uploads\/2022\/04\/Eldermark.webp\" \/>\n\t<meta property=\"og:image:width\" content=\"256\" \/>\n\t<meta property=\"og:image:height\" content=\"256\" \/>\n\t<meta property=\"og:image:type\" content=\"image\/webp\" \/>\n<meta name=\"twitter:card\" content=\"summary_large_image\" \/>\n<meta name=\"twitter:label1\" content=\"Tempo di lettura stimato\" \/>\n\t<meta name=\"twitter:data1\" content=\"3 minuti\" \/>\n<script type=\"application\/ld+json\" class=\"yoast-schema-graph\">{\"@context\":\"https:\\\/\\\/schema.org\",\"@graph\":[{\"@type\":\"WebPage\",\"@id\":\"https:\\\/\\\/www.accuratereviews.com\\\/it\\\/software-assistenza-persone\\\/eldermark-recensione\\\/\",\"url\":\"https:\\\/\\\/www.accuratereviews.com\\\/it\\\/software-assistenza-persone\\\/eldermark-recensione\\\/\",\"name\":\"Eldermark: recensione software assistenza della persona\",\"isPartOf\":{\"@id\":\"https:\\\/\\\/www.accuratereviews.com\\\/it\\\/#website\"},\"primaryImageOfPage\":{\"@id\":\"https:\\\/\\\/www.accuratereviews.com\\\/it\\\/software-assistenza-persone\\\/eldermark-recensione\\\/#primaryimage\"},\"image\":{\"@id\":\"https:\\\/\\\/www.accuratereviews.com\\\/it\\\/software-assistenza-persone\\\/eldermark-recensione\\\/#primaryimage\"},\"thumbnailUrl\":\"https:\\\/\\\/www.accuratereviews.com\\\/wp-content\\\/uploads\\\/2022\\\/04\\\/Eldermark.webp\",\"datePublished\":\"2022-04-26T11:59:09+00:00\",\"description\":\"Eldermark: recensione software\u00a0per gestire residenze di anziani, fornendo una piattaforma tecnologica completa che potenzia l'intera comunit\u00e0\",\"breadcrumb\":{\"@id\":\"https:\\\/\\\/www.accuratereviews.com\\\/it\\\/software-assistenza-persone\\\/eldermark-recensione\\\/#breadcrumb\"},\"inLanguage\":\"it-IT\",\"potentialAction\":[{\"@type\":\"ReadAction\",\"target\":[\"https:\\\/\\\/www.accuratereviews.com\\\/it\\\/software-assistenza-persone\\\/eldermark-recensione\\\/\"]}]},{\"@type\":\"ImageObject\",\"inLanguage\":\"it-IT\",\"@id\":\"https:\\\/\\\/www.accuratereviews.com\\\/it\\\/software-assistenza-persone\\\/eldermark-recensione\\\/#primaryimage\",\"url\":\"https:\\\/\\\/www.accuratereviews.com\\\/wp-content\\\/uploads\\\/2022\\\/04\\\/Eldermark.webp\",\"contentUrl\":\"https:\\\/\\\/www.accuratereviews.com\\\/wp-content\\\/uploads\\\/2022\\\/04\\\/Eldermark.webp\",\"width\":256,\"height\":256},{\"@type\":\"BreadcrumbList\",\"@id\":\"https:\\\/\\\/www.accuratereviews.com\\\/it\\\/software-assistenza-persone\\\/eldermark-recensione\\\/#breadcrumb\",\"itemListElement\":[{\"@type\":\"ListItem\",\"position\":1,\"name\":\"Home\",\"item\":\"https:\\\/\\\/www.accuratereviews.com\\\/it\\\/\"},{\"@type\":\"ListItem\",\"position\":2,\"name\":\"Software per assistenza alle persone\",\"item\":\"https:\\\/\\\/www.accuratereviews.com\\\/it\\\/software-assistenza-persone\\\/\"},{\"@type\":\"ListItem\",\"position\":3,\"name\":\"Eldermark\"}]},{\"@type\":\"WebSite\",\"@id\":\"https:\\\/\\\/www.accuratereviews.com\\\/it\\\/#website\",\"url\":\"https:\\\/\\\/www.accuratereviews.com\\\/it\\\/\",\"name\":\"Accurate Reviews\",\"description\":\"\",\"potentialAction\":[{\"@type\":\"SearchAction\",\"target\":{\"@type\":\"EntryPoint\",\"urlTemplate\":\"https:\\\/\\\/www.accuratereviews.com\\\/it\\\/?s={search_term_string}\"},\"query-input\":{\"@type\":\"PropertyValueSpecification\",\"valueRequired\":true,\"valueName\":\"search_term_string\"}}],\"inLanguage\":\"it-IT\"}]}<\/script>\n<!-- \/ Yoast SEO plugin. -->","yoast_head_json":{"title":"Eldermark: recensione software assistenza della persona","description":"Eldermark: recensione software\u00a0per gestire residenze di anziani, fornendo una piattaforma tecnologica completa che potenzia l'intera comunit\u00e0","robots":{"index":"index","follow":"follow","max-snippet":"max-snippet:-1","max-image-preview":"max-image-preview:large","max-video-preview":"max-video-preview:-1"},"canonical":"https:\/\/www.accuratereviews.com\/it\/software-assistenza-persone\/eldermark-recensione\/","og_locale":"it_IT","og_type":"article","og_title":"Eldermark: recensione software assistenza della persona","og_description":"Eldermark: recensione software\u00a0per gestire residenze di anziani, fornendo una piattaforma tecnologica completa che potenzia l'intera comunit\u00e0","og_url":"https:\/\/www.accuratereviews.com\/it\/software-assistenza-persone\/eldermark-recensione\/","og_site_name":"Accurate Reviews","og_image":[{"width":256,"height":256,"url":"https:\/\/www.accuratereviews.com\/wp-content\/uploads\/2022\/04\/Eldermark.webp","type":"image\/webp"}],"twitter_card":"summary_large_image","twitter_misc":{"Tempo di lettura stimato":"3 minuti"},"schema":{"@context":"https:\/\/schema.org","@graph":[{"@type":"WebPage","@id":"https:\/\/www.accuratereviews.com\/it\/software-assistenza-persone\/eldermark-recensione\/","url":"https:\/\/www.accuratereviews.com\/it\/software-assistenza-persone\/eldermark-recensione\/","name":"Eldermark: recensione software assistenza della persona","isPartOf":{"@id":"https:\/\/www.accuratereviews.com\/it\/#website"},"primaryImageOfPage":{"@id":"https:\/\/www.accuratereviews.com\/it\/software-assistenza-persone\/eldermark-recensione\/#primaryimage"},"image":{"@id":"https:\/\/www.accuratereviews.com\/it\/software-assistenza-persone\/eldermark-recensione\/#primaryimage"},"thumbnailUrl":"https:\/\/www.accuratereviews.com\/wp-content\/uploads\/2022\/04\/Eldermark.webp","datePublished":"2022-04-26T11:59:09+00:00","description":"Eldermark: recensione software\u00a0per gestire residenze di anziani, fornendo una piattaforma tecnologica completa che potenzia l'intera comunit\u00e0","breadcrumb":{"@id":"https:\/\/www.accuratereviews.com\/it\/software-assistenza-persone\/eldermark-recensione\/#breadcrumb"},"inLanguage":"it-IT","potentialAction":[{"@type":"ReadAction","target":["https:\/\/www.accuratereviews.com\/it\/software-assistenza-persone\/eldermark-recensione\/"]}]},{"@type":"ImageObject","inLanguage":"it-IT","@id":"https:\/\/www.accuratereviews.com\/it\/software-assistenza-persone\/eldermark-recensione\/#primaryimage","url":"https:\/\/www.accuratereviews.com\/wp-content\/uploads\/2022\/04\/Eldermark.webp","contentUrl":"https:\/\/www.accuratereviews.com\/wp-content\/uploads\/2022\/04\/Eldermark.webp","width":256,"height":256},{"@type":"BreadcrumbList","@id":"https:\/\/www.accuratereviews.com\/it\/software-assistenza-persone\/eldermark-recensione\/#breadcrumb","itemListElement":[{"@type":"ListItem","position":1,"name":"Home","item":"https:\/\/www.accuratereviews.com\/it\/"},{"@type":"ListItem","position":2,"name":"Software per assistenza alle persone","item":"https:\/\/www.accuratereviews.com\/it\/software-assistenza-persone\/"},{"@type":"ListItem","position":3,"name":"Eldermark"}]},{"@type":"WebSite","@id":"https:\/\/www.accuratereviews.com\/it\/#website","url":"https:\/\/www.accuratereviews.com\/it\/","name":"Accurate Reviews","description":"","potentialAction":[{"@type":"SearchAction","target":{"@type":"EntryPoint","urlTemplate":"https:\/\/www.accuratereviews.com\/it\/?s={search_term_string}"},"query-input":{"@type":"PropertyValueSpecification","valueRequired":true,"valueName":"search_term_string"}}],"inLanguage":"it-IT"}]}},"_links":{"self":[{"href":"https:\/\/www.accuratereviews.com\/it\/wp-json\/wp\/v2\/pages\/56632","targetHints":{"allow":["GET"]}}],"collection":[{"href":"https:\/\/www.accuratereviews.com\/it\/wp-json\/wp\/v2\/pages"}],"about":[{"href":"https:\/\/www.accuratereviews.com\/it\/wp-json\/wp\/v2\/types\/page"}],"author":[{"embeddable":true,"href":"https:\/\/www.accuratereviews.com\/it\/wp-json\/wp\/v2\/users\/16"}],"replies":[{"embeddable":true,"href":"https:\/\/www.accuratereviews.com\/it\/wp-json\/wp\/v2\/comments?post=56632"}],"version-history":[{"count":10,"href":"https:\/\/www.accuratereviews.com\/it\/wp-json\/wp\/v2\/pages\/56632\/revisions"}],"predecessor-version":[{"id":56680,"href":"https:\/\/www.accuratereviews.com\/it\/wp-json\/wp\/v2\/pages\/56632\/revisions\/56680"}],"up":[{"embeddable":true,"href":"https:\/\/www.accuratereviews.com\/it\/wp-json\/wp\/v2\/pages\/56447"}],"wp:featuredmedia":[{"embeddable":true,"href":"https:\/\/www.accuratereviews.com\/it\/wp-json\/wp\/v2\/media\/56633"}],"wp:attachment":[{"href":"https:\/\/www.accuratereviews.com\/it\/wp-json\/wp\/v2\/media?parent=56632"}],"wp:term":[{"taxonomy":"category","embeddable":true,"href":"https:\/\/www.accuratereviews.com\/it\/wp-json\/wp\/v2\/categories?post=56632"},{"taxonomy":"post_tag","embeddable":true,"href":"https:\/\/www.accuratereviews.com\/it\/wp-json\/wp\/v2\/tags?post=56632"},{"taxonomy":"features","embeddable":true,"href":"https:\/\/www.accuratereviews.com\/it\/wp-json\/wp\/v2\/features?post=56632"}],"curies":[{"name":"wp","href":"https:\/\/api.w.org\/{rel}","templated":true}]}}