{"id":56639,"date":"2022-04-26T12:03:29","date_gmt":"2022-04-26T12:03:29","guid":{"rendered":"https:\/\/www.accuratereviews.com\/?page_id=56639"},"modified":"2022-04-28T06:47:47","modified_gmt":"2022-04-28T06:47:47","slug":"welbi-recensione","status":"publish","type":"page","link":"https:\/\/www.accuratereviews.com\/it\/software-assistenza-persone\/welbi-recensione\/","title":{"rendered":"Welbi"},"content":{"rendered":"<p><strong>Welbi<\/strong> \u00e8 una <strong>piattaforma online per assistenza alle persone<\/strong> che si rivolge principalmente a comunit\u00e0 di residenza per anziani, con l&#8217;obiettivo di migliorare la loro esperienza di soggiorno. Infatti questo programma semplifica i processi amministrativi e i compiti dei vostri team, offre la programmazione personalizzata, approfondimenti in tempo reale, promemoria e vanta du un servizio clienti di alto livello.<br \/>\nGrazie a tutti questi strumenti di <strong>Welbi<\/strong>, potrai risparmiare tempo e raggiungere anche gli obiettivi pi\u00f9 velocemente.<\/p>\n<h2>WELBI &#8211; TUTORIAL<\/h2>\n<div id=\"fluid-wrapper-counter-1\" class=\"g1-fluid-wrapper \" style=\"width:686px;\">\n<div style=\"padding-bottom:56.268221574344%;\"><iframe loading=\"lazy\" title=\"Welbi - Personalize your residents&#039; experience\" src=\"https:\/\/player.vimeo.com\/video\/457806453?h=7025b3344d&amp;dnt=1&amp;app_id=122963?title=0&amp;byline=0&amp;portrait=0\" width=\"686\" height=\"386\" frameborder=\"0\" allow=\"autoplay; fullscreen; picture-in-picture\" allowfullscreen><\/iframe><\/div>\n<\/div>\n<h3>WELBI &#8211; CARATTERISTICHE<\/h3>\n<ul>\n<li><strong>Automatizzazione dei compiti amministrativi<\/strong>: risparmia fino a 25 ore di documentazione, pianificazione e reporting al mese, dando ai tuoi team pi\u00f9 tempo da dedicare ai residenti<\/li>\n<li><strong>Tracciamento della conformit\u00e0 in tempo reale<\/strong>: il 90% dei dati delle comunit\u00e0 per anziani \u00e8 impreciso. Le integrazioni e gli strumenti di gestione della conformit\u00e0 di Welbi assicurano che le vostre comunit\u00e0 rispettino i regolamenti governativi<\/li>\n<li><strong>Responsabilizzazione dei team<\/strong>: con tutto in un unico posto, Welbi supporta il vostro staff per aiutare a ridurre il turnover, abbreviare il processo di inserimento e consentire il trasferimento delle conoscenze<\/li>\n<li><strong>Personalizzazione dell&#8217;esperienza del residente<\/strong>: accedi ad approfondimenti in tempo reale che sono calcolati automaticamente per ogni residente per garantire che nessun residente sia isolato e che i suoi bisogni unici siano soddisfatti<\/li>\n<li><strong>Soggiorni pi\u00f9 lunghi e pi\u00f9 referenze<\/strong>: facilita soggiorni pi\u00f9 lunghi, pi\u00f9 referenze e aumenta l&#8217;occupazione con una piattaforma che mette al primo posto il coinvolgimento e la soddisfazione dei residenti e delle loro famiglie<\/li>\n<li><strong>Approfondimenti sulla comunit\u00e0<\/strong>: comprendi i bisogni di ogni residente migliorando la trasparenza nelle vostre comunit\u00e0<\/li>\n<li><strong>Pianificazione della ricreazione<\/strong>: ottimizza la programmazione e riduci il tempo di amministrazione con uno strumento intuitivo di costruzione del calendario<\/li>\n<li><strong>Integrazioni<\/strong>: integrazioni con il tuo software attuale per creare coerenza dei dati in tutti i dipartimenti.<\/li>\n<\/ul>\n<h4>LE RECENSIONI DEGLI UTENTI<\/h4>\n<p><strong>Melissa S. &#8220;Welbi&#8221;<\/strong><br \/>\nPRO: \u00e8 facile da usare e mi aiuta a creare i miei calendari mensili.<br \/>\nCONTRO: non c&#8217;\u00e8 niente con cui ho problemi.<\/p>\n<p><strong>Sandy Z. &#8220;Miglior strumento per generare le informazioni dei clienti&#8221;<\/strong><br \/>\nPRO: facile da usare, facile estrarre le informazioni del cliente per pianificare meglio i programmi<br \/>\nCONTRO: creare la parte del calendario: 1 per stampare bisogna prima salvare; 2, non si pu\u00f2 modificare\/inserire il programma nel modulo del calendario, bisogna tornare alla pagina originale<\/p>\n<p><strong>Kathleen F. &#8220;Recensione Welbi&#8221;<\/strong><br \/>\nCOMMENTI: questo \u00e8 stato utile ma risulta difficile formare interi dipartimenti perch\u00e9 non tutti sono bravi con la tecnologia<br \/>\nPRO: la possibilit\u00e0 di costruire il calendario e prendere le presenze in una sola applicazione<br \/>\nCONTRO: la capacit\u00e0 di aggiornare e personalizzare le valutazioni.<\/p>\n","protected":false},"excerpt":{"rendered":"<p>Welbi \u00e8 una piattaforma online per assistenza alle persone che si rivolge principalmente a comunit\u00e0 di residenza per anziani, con l&#8217;obiettivo di migliorare la loro esperienza di soggiorno. Infatti questo programma semplifica i processi amministrativi e i compiti dei vostri team, offre la programmazione personalizzata, approfondimenti in tempo reale, promemoria \u00a0e vanta du un\u00a0servizio clienti di alto livello.<\/p>\n","protected":false},"author":17,"featured_media":56653,"parent":56447,"menu_order":0,"comment_status":"open","ping_status":"closed","template":"g1_template_page_review_new.php","meta":{"_acf_changed":false,"cwp_meta_box_check":"No","cwp_rev_product_name":"","cwp_rev_product_image":"","wppr_links":[],"cwp_rev_price":"","wppr_options":[],"wppr_pros":[],"wppr_cons":[],"_monsterinsights_skip_tracking":false,"_monsterinsights_sitenote_active":false,"_monsterinsights_sitenote_note":"","_monsterinsights_sitenote_category":0,"footnotes":""},"categories":[12456],"tags":[12475,12460,12478,12479,12477,12476],"features":[],"class_list":{"0":"post-56639","1":"page","2":"type-page","3":"status-publish","4":"has-post-thumbnail","6":"category-software-assistenza-persone-cat","7":"tag-assistenza-alla-persona","8":"tag-assistenza-alle-persone","9":"tag-piattaforma-assistenza-alla-persona","10":"tag-programma-assistenza-alla-persona","11":"tag-software-assistenza-alla-persona","12":"tag-soluzione-assistenza-alla-persona"},"wppr_data":{"cwp_meta_box_check":"No"},"acf":[],"yoast_head":"<!-- This site is optimized with the Yoast SEO plugin v27.4 - https:\/\/yoast.com\/product\/yoast-seo-wordpress\/ -->\n<title>Welbi: recensione software assistenza persone - Accurate Reviews<\/title>\n<meta name=\"description\" content=\"Welbi: recensione della piattaforma online per assistenza alle persone che si rivolge principalmente a comunit\u00e0 di residenza per anziani.\" \/>\n<meta name=\"robots\" content=\"index, follow, max-snippet:-1, max-image-preview:large, max-video-preview:-1\" \/>\n<link rel=\"canonical\" href=\"https:\/\/www.accuratereviews.com\/it\/software-assistenza-persone\/welbi-recensione\/\" \/>\n<meta property=\"og:locale\" content=\"it_IT\" \/>\n<meta property=\"og:type\" content=\"article\" \/>\n<meta property=\"og:title\" content=\"Welbi: recensione software assistenza persone - Accurate Reviews\" \/>\n<meta property=\"og:description\" content=\"Welbi: recensione della piattaforma online per assistenza alle persone che si rivolge principalmente a comunit\u00e0 di residenza per anziani.\" \/>\n<meta property=\"og:url\" content=\"https:\/\/www.accuratereviews.com\/it\/software-assistenza-persone\/welbi-recensione\/\" \/>\n<meta property=\"og:site_name\" content=\"Accurate Reviews\" \/>\n<meta property=\"article:modified_time\" content=\"2022-04-28T06:47:47+00:00\" \/>\n<meta property=\"og:image\" content=\"https:\/\/www.accuratereviews.com\/wp-content\/uploads\/2022\/04\/Unknown-5.png\" \/>\n\t<meta property=\"og:image:width\" content=\"655\" \/>\n\t<meta property=\"og:image:height\" content=\"200\" \/>\n\t<meta property=\"og:image:type\" content=\"image\/png\" \/>\n<meta name=\"twitter:card\" content=\"summary_large_image\" \/>\n<meta name=\"twitter:label1\" content=\"Tempo di lettura stimato\" \/>\n\t<meta name=\"twitter:data1\" content=\"3 minuti\" \/>\n<script type=\"application\/ld+json\" class=\"yoast-schema-graph\">{\"@context\":\"https:\\\/\\\/schema.org\",\"@graph\":[{\"@type\":\"WebPage\",\"@id\":\"https:\\\/\\\/www.accuratereviews.com\\\/it\\\/software-assistenza-persone\\\/welbi-recensione\\\/\",\"url\":\"https:\\\/\\\/www.accuratereviews.com\\\/it\\\/software-assistenza-persone\\\/welbi-recensione\\\/\",\"name\":\"Welbi: recensione software assistenza persone - Accurate Reviews\",\"isPartOf\":{\"@id\":\"https:\\\/\\\/www.accuratereviews.com\\\/it\\\/#website\"},\"primaryImageOfPage\":{\"@id\":\"https:\\\/\\\/www.accuratereviews.com\\\/it\\\/software-assistenza-persone\\\/welbi-recensione\\\/#primaryimage\"},\"image\":{\"@id\":\"https:\\\/\\\/www.accuratereviews.com\\\/it\\\/software-assistenza-persone\\\/welbi-recensione\\\/#primaryimage\"},\"thumbnailUrl\":\"https:\\\/\\\/www.accuratereviews.com\\\/wp-content\\\/uploads\\\/2022\\\/04\\\/Unknown-5.png\",\"datePublished\":\"2022-04-26T12:03:29+00:00\",\"dateModified\":\"2022-04-28T06:47:47+00:00\",\"description\":\"Welbi: recensione della piattaforma online per assistenza alle persone che si rivolge principalmente a comunit\u00e0 di residenza per anziani.\",\"breadcrumb\":{\"@id\":\"https:\\\/\\\/www.accuratereviews.com\\\/it\\\/software-assistenza-persone\\\/welbi-recensione\\\/#breadcrumb\"},\"inLanguage\":\"it-IT\",\"potentialAction\":[{\"@type\":\"ReadAction\",\"target\":[\"https:\\\/\\\/www.accuratereviews.com\\\/it\\\/software-assistenza-persone\\\/welbi-recensione\\\/\"]}]},{\"@type\":\"ImageObject\",\"inLanguage\":\"it-IT\",\"@id\":\"https:\\\/\\\/www.accuratereviews.com\\\/it\\\/software-assistenza-persone\\\/welbi-recensione\\\/#primaryimage\",\"url\":\"https:\\\/\\\/www.accuratereviews.com\\\/wp-content\\\/uploads\\\/2022\\\/04\\\/Unknown-5.png\",\"contentUrl\":\"https:\\\/\\\/www.accuratereviews.com\\\/wp-content\\\/uploads\\\/2022\\\/04\\\/Unknown-5.png\",\"width\":655,\"height\":200},{\"@type\":\"BreadcrumbList\",\"@id\":\"https:\\\/\\\/www.accuratereviews.com\\\/it\\\/software-assistenza-persone\\\/welbi-recensione\\\/#breadcrumb\",\"itemListElement\":[{\"@type\":\"ListItem\",\"position\":1,\"name\":\"Home\",\"item\":\"https:\\\/\\\/www.accuratereviews.com\\\/it\\\/\"},{\"@type\":\"ListItem\",\"position\":2,\"name\":\"Software per assistenza alle persone\",\"item\":\"https:\\\/\\\/www.accuratereviews.com\\\/it\\\/software-assistenza-persone\\\/\"},{\"@type\":\"ListItem\",\"position\":3,\"name\":\"Welbi\"}]},{\"@type\":\"WebSite\",\"@id\":\"https:\\\/\\\/www.accuratereviews.com\\\/it\\\/#website\",\"url\":\"https:\\\/\\\/www.accuratereviews.com\\\/it\\\/\",\"name\":\"Accurate Reviews\",\"description\":\"\",\"potentialAction\":[{\"@type\":\"SearchAction\",\"target\":{\"@type\":\"EntryPoint\",\"urlTemplate\":\"https:\\\/\\\/www.accuratereviews.com\\\/it\\\/?s={search_term_string}\"},\"query-input\":{\"@type\":\"PropertyValueSpecification\",\"valueRequired\":true,\"valueName\":\"search_term_string\"}}],\"inLanguage\":\"it-IT\"}]}<\/script>\n<!-- \/ Yoast SEO plugin. -->","yoast_head_json":{"title":"Welbi: recensione software assistenza persone - Accurate Reviews","description":"Welbi: recensione della piattaforma online per assistenza alle persone che si rivolge principalmente a comunit\u00e0 di residenza per anziani.","robots":{"index":"index","follow":"follow","max-snippet":"max-snippet:-1","max-image-preview":"max-image-preview:large","max-video-preview":"max-video-preview:-1"},"canonical":"https:\/\/www.accuratereviews.com\/it\/software-assistenza-persone\/welbi-recensione\/","og_locale":"it_IT","og_type":"article","og_title":"Welbi: recensione software assistenza persone - Accurate Reviews","og_description":"Welbi: recensione della piattaforma online per assistenza alle persone che si rivolge principalmente a comunit\u00e0 di residenza per anziani.","og_url":"https:\/\/www.accuratereviews.com\/it\/software-assistenza-persone\/welbi-recensione\/","og_site_name":"Accurate Reviews","article_modified_time":"2022-04-28T06:47:47+00:00","og_image":[{"width":655,"height":200,"url":"https:\/\/www.accuratereviews.com\/wp-content\/uploads\/2022\/04\/Unknown-5.png","type":"image\/png"}],"twitter_card":"summary_large_image","twitter_misc":{"Tempo di lettura stimato":"3 minuti"},"schema":{"@context":"https:\/\/schema.org","@graph":[{"@type":"WebPage","@id":"https:\/\/www.accuratereviews.com\/it\/software-assistenza-persone\/welbi-recensione\/","url":"https:\/\/www.accuratereviews.com\/it\/software-assistenza-persone\/welbi-recensione\/","name":"Welbi: recensione software assistenza persone - Accurate Reviews","isPartOf":{"@id":"https:\/\/www.accuratereviews.com\/it\/#website"},"primaryImageOfPage":{"@id":"https:\/\/www.accuratereviews.com\/it\/software-assistenza-persone\/welbi-recensione\/#primaryimage"},"image":{"@id":"https:\/\/www.accuratereviews.com\/it\/software-assistenza-persone\/welbi-recensione\/#primaryimage"},"thumbnailUrl":"https:\/\/www.accuratereviews.com\/wp-content\/uploads\/2022\/04\/Unknown-5.png","datePublished":"2022-04-26T12:03:29+00:00","dateModified":"2022-04-28T06:47:47+00:00","description":"Welbi: recensione della piattaforma online per assistenza alle persone che si rivolge principalmente a comunit\u00e0 di residenza per anziani.","breadcrumb":{"@id":"https:\/\/www.accuratereviews.com\/it\/software-assistenza-persone\/welbi-recensione\/#breadcrumb"},"inLanguage":"it-IT","potentialAction":[{"@type":"ReadAction","target":["https:\/\/www.accuratereviews.com\/it\/software-assistenza-persone\/welbi-recensione\/"]}]},{"@type":"ImageObject","inLanguage":"it-IT","@id":"https:\/\/www.accuratereviews.com\/it\/software-assistenza-persone\/welbi-recensione\/#primaryimage","url":"https:\/\/www.accuratereviews.com\/wp-content\/uploads\/2022\/04\/Unknown-5.png","contentUrl":"https:\/\/www.accuratereviews.com\/wp-content\/uploads\/2022\/04\/Unknown-5.png","width":655,"height":200},{"@type":"BreadcrumbList","@id":"https:\/\/www.accuratereviews.com\/it\/software-assistenza-persone\/welbi-recensione\/#breadcrumb","itemListElement":[{"@type":"ListItem","position":1,"name":"Home","item":"https:\/\/www.accuratereviews.com\/it\/"},{"@type":"ListItem","position":2,"name":"Software per assistenza alle persone","item":"https:\/\/www.accuratereviews.com\/it\/software-assistenza-persone\/"},{"@type":"ListItem","position":3,"name":"Welbi"}]},{"@type":"WebSite","@id":"https:\/\/www.accuratereviews.com\/it\/#website","url":"https:\/\/www.accuratereviews.com\/it\/","name":"Accurate Reviews","description":"","potentialAction":[{"@type":"SearchAction","target":{"@type":"EntryPoint","urlTemplate":"https:\/\/www.accuratereviews.com\/it\/?s={search_term_string}"},"query-input":{"@type":"PropertyValueSpecification","valueRequired":true,"valueName":"search_term_string"}}],"inLanguage":"it-IT"}]}},"_links":{"self":[{"href":"https:\/\/www.accuratereviews.com\/it\/wp-json\/wp\/v2\/pages\/56639","targetHints":{"allow":["GET"]}}],"collection":[{"href":"https:\/\/www.accuratereviews.com\/it\/wp-json\/wp\/v2\/pages"}],"about":[{"href":"https:\/\/www.accuratereviews.com\/it\/wp-json\/wp\/v2\/types\/page"}],"author":[{"embeddable":true,"href":"https:\/\/www.accuratereviews.com\/it\/wp-json\/wp\/v2\/users\/17"}],"replies":[{"embeddable":true,"href":"https:\/\/www.accuratereviews.com\/it\/wp-json\/wp\/v2\/comments?post=56639"}],"version-history":[{"count":6,"href":"https:\/\/www.accuratereviews.com\/it\/wp-json\/wp\/v2\/pages\/56639\/revisions"}],"predecessor-version":[{"id":56740,"href":"https:\/\/www.accuratereviews.com\/it\/wp-json\/wp\/v2\/pages\/56639\/revisions\/56740"}],"up":[{"embeddable":true,"href":"https:\/\/www.accuratereviews.com\/it\/wp-json\/wp\/v2\/pages\/56447"}],"wp:featuredmedia":[{"embeddable":true,"href":"https:\/\/www.accuratereviews.com\/it\/wp-json\/wp\/v2\/media\/56653"}],"wp:attachment":[{"href":"https:\/\/www.accuratereviews.com\/it\/wp-json\/wp\/v2\/media?parent=56639"}],"wp:term":[{"taxonomy":"category","embeddable":true,"href":"https:\/\/www.accuratereviews.com\/it\/wp-json\/wp\/v2\/categories?post=56639"},{"taxonomy":"post_tag","embeddable":true,"href":"https:\/\/www.accuratereviews.com\/it\/wp-json\/wp\/v2\/tags?post=56639"},{"taxonomy":"features","embeddable":true,"href":"https:\/\/www.accuratereviews.com\/it\/wp-json\/wp\/v2\/features?post=56639"}],"curies":[{"name":"wp","href":"https:\/\/api.w.org\/{rel}","templated":true}]}}