{"id":56640,"date":"2022-04-26T12:01:39","date_gmt":"2022-04-26T12:01:39","guid":{"rendered":"https:\/\/www.accuratereviews.com\/?page_id=56640"},"modified":"2022-04-26T12:01:39","modified_gmt":"2022-04-26T12:01:39","slug":"eresidentcare-recensione","status":"publish","type":"page","link":"https:\/\/www.accuratereviews.com\/it\/software-assistenza-persone\/eresidentcare-recensione\/","title":{"rendered":"eResidentCare"},"content":{"rendered":"<p><strong>eResidentCare<\/strong> \u00e8 un <strong>software di gestione dell&#8217;assistenza residenziale<\/strong>\u00a0basato su <strong>cloud.<\/strong>\u00a0Il sistema \u00e8 progettato per l&#8217;organizzazione delle cure dei residenti, degli ordini dei farmaci, dei trattamenti, delle diete, dei parametri vitali, degli ordini dei medici, dei piani di assistenza, delle ADL, delle valutazioni personalizzate, delle note dei residenti, del marketing e della fatturazione.\u00a0Gli strumenti di creazione di grafici <strong>eMar<\/strong> mirano a garantire che la somministrazione dei farmaci venga eseguita senza errori, seguendo i Sei diritti (farmaco corretto, dose giusta, percorso esatto, momento giusto, paziente giusto e documentazione corretta) con semplici schermate di input e avvisi. Le note dei residenti e i rapporti sugli incidenti possono essere acquisiti e archiviati elettronicamente. I documenti, inclusi i laboratori residenti, i documenti legali e i contratti possono essere scansionati e caricati nel sistema per essere archiviati centralmente.<\/p>\n<h2>ERESIDENTCARE &#8211; TUTORIAL<\/h2>\n<p>Diamo una rapida occhiata a questo <strong>programma per la gestione della persona<\/strong>:<\/p>\n<div id=\"fluid-wrapper-counter-1\" class=\"g1-fluid-wrapper \" style=\"width:686px;\">\n<div style=\"padding-bottom:56.268221574344%;\"><iframe loading=\"lazy\" title=\"eResidentCare Promo 2015\" width=\"686\" height=\"386\" src=\"https:\/\/www.youtube.com\/embed\/KQmZarTVZX0?feature=oembed&amp;wmode=transparent&amp;autohide=1&amp;autoplay=0&amp;disablekb=0&amp;fs=1&amp;loop=0&amp;enablejsapi=1&amp;rel=0&amp;controls=2&amp;showinfo=0&amp;wmode=transparent&amp;autohide=2&amp;autoplay=0&amp;disablekb=0&amp;fs=1&amp;loop=0&amp;enablejsapi=1&amp;rel=0&amp;controls=2&amp;showinfo=1\" frameborder=\"0\" allow=\"accelerometer; autoplay; clipboard-write; encrypted-media; gyroscope; picture-in-picture\" allowfullscreen><\/iframe><\/div>\n<\/div>\n<h3>ERESIDENTCARE &#8211; CARATTERISTICHE<\/h3>\n<ul>\n<li>Calendario di marketing per programmare eventi<\/li>\n<li>Il sistema di fatturazione supporta una variet\u00e0 di tipi di fatturazione, inclusi scenari con fatturazione proporzionale, fatturazione retroattiva e mensile e multi-pagatore<\/li>\n<li>Gli utenti possono generare piani di assistenza residenziale utilizzando i modelli integrati e programmare e registrare tutti i servizi di assistenza alla persona<\/li>\n<li>Vengono offerte pi\u00f9 valutazioni predefinite e gli utenti possono creare valutazioni personalizzate e trigger di programma per collegare le valutazioni ai piani di assistenza<\/li>\n<li>Manager e supervisori vengono automaticamente informati ogni volta che viene creata una nuova nota o viene registrato un incidente<\/li>\n<li>Il calendario di marketing pu\u00f2 essere utilizzato per pianificare eventi e gli utenti possono tenere traccia delle cronologie delle conversazioni, delle note e dei rinvii<\/li>\n<li>Immagini, documenti, risultati di laboratorio e cos\u00ec via possono essere caricati e archiviati in modo sicuro<\/li>\n<li>Schermi completi di grafici con avvisi automatici per i farmaci programmati e ricontrolli PRN aiutano gli operatori sanitari e i tecnici medici a evitare errori.<\/li>\n<\/ul>\n<h4>LE RECENSIONI DEGLI UTENTI<\/h4>\n<p class=\"font-weight-bold mb-2\"><strong>Nathan D.&#8221;Molte opzioni&#8221;<\/strong><\/p>\n<p class=\"font-weight-bold mb-2\"><strong>Pro<\/strong>:\u00a0Amo la capacit\u00e0 di usare solo ci\u00f2 di cui ho bisogno. Altri software che ho usato sono difficili da usare. L&#8217;interfaccia di Eresident Care \u00e8 facile da seguire e da pulire.<\/p>\n<p class=\"font-weight-bold mb-2\"><strong>Contro<\/strong>:\u00a0Vorrei che fosse accessibile su dispositivi mobili o avesse un&#8217;applicazione da utilizzare con i tablet<\/p>\n<p class=\"font-weight-bold mb-2\"><strong>Jonah M.&#8221;Piano di trattamento aggiornato&#8221;<\/strong><\/p>\n<p><span class=\"font-weight-bold\"><strong>Commenti<\/strong>: <\/span>Servizio clienti professionale<\/p>\n<p class=\"font-weight-bold mb-2\"><strong>Pro<\/strong>:\u00a0Elimina il mio carico. Posso accedere al mio lavoro ovunque, purch\u00e9 sia disponibile Internet.<\/p>\n<p class=\"font-weight-bold mb-2\"><strong>Contro<\/strong>:\u00a0Solo pochi membri del personale che faticano a documentare le note<\/p>\n<p class=\"font-weight-bold mb-2\"><strong>Victoria C.&#8221;Amministratore&#8221;<\/strong><\/p>\n<p><span class=\"font-weight-bold\"><strong>Commenti<\/strong>: <\/span>Molto facile da inserire e tenere traccia di tutte le informazioni pertinenti.<\/p>\n<p class=\"font-weight-bold mb-2\"><strong>Pro<\/strong>:\u00a0La facilit\u00e0. \u00c8 molto facile inserire le informazioni.<\/p>\n<p class=\"font-weight-bold mb-2\"><strong>Contro<\/strong>:\u00a0La diagnosi e i codici ICD. Nel New Mexico le strutture di vita assistita sono tutte a pagamento privato e quindi non utilizzano codici dettagliati o lunghe diagnosi. Alcune aree richiedono molti dettagli o informazioni.<\/p>\n","protected":false},"excerpt":{"rendered":"<p>eResidentCare \u00e8 un software di gestione dell&#8217;assistenza residenziale\u00a0basato su cloud.\u00a0Il sistema \u00e8 progettato per l&#8217;organizzazione delle cure dei residenti, degli ordini dei farmaci, dei trattamenti, delle diete, dei parametri vitali, degli ordini dei medici, dei piani di assistenza, delle ADL, delle valutazioni personalizzate, delle note dei residenti, del marketing e della fatturazione.\u00a0<\/p>\n","protected":false},"author":16,"featured_media":56642,"parent":56447,"menu_order":0,"comment_status":"open","ping_status":"closed","template":"g1_template_page_review_new.php","meta":{"_acf_changed":false,"cwp_meta_box_check":"No","cwp_rev_product_name":"","cwp_rev_product_image":"","wppr_links":[],"cwp_rev_price":"","wppr_options":[],"wppr_pros":[],"wppr_cons":[],"_monsterinsights_skip_tracking":false,"_monsterinsights_sitenote_active":false,"_monsterinsights_sitenote_note":"","_monsterinsights_sitenote_category":0,"footnotes":""},"categories":[12456],"tags":[12475,12491,12478,12479,12477,12476],"features":[],"class_list":{"0":"post-56640","1":"page","2":"type-page","3":"status-publish","4":"has-post-thumbnail","6":"category-software-assistenza-persone-cat","7":"tag-assistenza-alla-persona","8":"tag-eresidentcare","9":"tag-piattaforma-assistenza-alla-persona","10":"tag-programma-assistenza-alla-persona","11":"tag-software-assistenza-alla-persona","12":"tag-soluzione-assistenza-alla-persona"},"wppr_data":{"cwp_meta_box_check":"No"},"acf":[],"yoast_head":"<!-- This site is optimized with the Yoast SEO plugin v27.4 - https:\/\/yoast.com\/product\/yoast-seo-wordpress\/ -->\n<title>eResidentCare: recensione software assistenza alle persone<\/title>\n<meta name=\"description\" content=\"eResidentCare: recensione software di gestione dell&#039;assistenza residenziale\u00a0basato su cloud progettato per l&#039;organizzazione delle cure dei residenti\" \/>\n<meta name=\"robots\" content=\"index, follow, max-snippet:-1, max-image-preview:large, max-video-preview:-1\" \/>\n<link rel=\"canonical\" href=\"https:\/\/www.accuratereviews.com\/it\/software-assistenza-persone\/eresidentcare-recensione\/\" \/>\n<meta property=\"og:locale\" content=\"it_IT\" \/>\n<meta property=\"og:type\" content=\"article\" \/>\n<meta property=\"og:title\" content=\"eResidentCare: recensione software assistenza alle persone\" \/>\n<meta property=\"og:description\" content=\"eResidentCare: recensione software di gestione dell&#039;assistenza residenziale\u00a0basato su cloud progettato per l&#039;organizzazione delle cure dei residenti\" \/>\n<meta property=\"og:url\" content=\"https:\/\/www.accuratereviews.com\/it\/software-assistenza-persone\/eresidentcare-recensione\/\" \/>\n<meta property=\"og:site_name\" content=\"Accurate Reviews\" \/>\n<meta property=\"og:image\" content=\"https:\/\/www.accuratereviews.com\/wp-content\/uploads\/2022\/04\/eResidentCare.webp\" \/>\n\t<meta property=\"og:image:width\" content=\"200\" \/>\n\t<meta property=\"og:image:height\" content=\"200\" \/>\n\t<meta property=\"og:image:type\" content=\"image\/webp\" \/>\n<meta name=\"twitter:card\" content=\"summary_large_image\" \/>\n<meta name=\"twitter:label1\" content=\"Tempo di lettura stimato\" \/>\n\t<meta name=\"twitter:data1\" content=\"3 minuti\" \/>\n<script type=\"application\/ld+json\" class=\"yoast-schema-graph\">{\"@context\":\"https:\\\/\\\/schema.org\",\"@graph\":[{\"@type\":\"WebPage\",\"@id\":\"https:\\\/\\\/www.accuratereviews.com\\\/it\\\/software-assistenza-persone\\\/eresidentcare-recensione\\\/\",\"url\":\"https:\\\/\\\/www.accuratereviews.com\\\/it\\\/software-assistenza-persone\\\/eresidentcare-recensione\\\/\",\"name\":\"eResidentCare: recensione software assistenza alle persone\",\"isPartOf\":{\"@id\":\"https:\\\/\\\/www.accuratereviews.com\\\/it\\\/#website\"},\"primaryImageOfPage\":{\"@id\":\"https:\\\/\\\/www.accuratereviews.com\\\/it\\\/software-assistenza-persone\\\/eresidentcare-recensione\\\/#primaryimage\"},\"image\":{\"@id\":\"https:\\\/\\\/www.accuratereviews.com\\\/it\\\/software-assistenza-persone\\\/eresidentcare-recensione\\\/#primaryimage\"},\"thumbnailUrl\":\"https:\\\/\\\/www.accuratereviews.com\\\/wp-content\\\/uploads\\\/2022\\\/04\\\/eResidentCare.webp\",\"datePublished\":\"2022-04-26T12:01:39+00:00\",\"description\":\"eResidentCare: recensione software di gestione dell'assistenza residenziale\u00a0basato su cloud progettato per l'organizzazione delle cure dei residenti\",\"breadcrumb\":{\"@id\":\"https:\\\/\\\/www.accuratereviews.com\\\/it\\\/software-assistenza-persone\\\/eresidentcare-recensione\\\/#breadcrumb\"},\"inLanguage\":\"it-IT\",\"potentialAction\":[{\"@type\":\"ReadAction\",\"target\":[\"https:\\\/\\\/www.accuratereviews.com\\\/it\\\/software-assistenza-persone\\\/eresidentcare-recensione\\\/\"]}]},{\"@type\":\"ImageObject\",\"inLanguage\":\"it-IT\",\"@id\":\"https:\\\/\\\/www.accuratereviews.com\\\/it\\\/software-assistenza-persone\\\/eresidentcare-recensione\\\/#primaryimage\",\"url\":\"https:\\\/\\\/www.accuratereviews.com\\\/wp-content\\\/uploads\\\/2022\\\/04\\\/eResidentCare.webp\",\"contentUrl\":\"https:\\\/\\\/www.accuratereviews.com\\\/wp-content\\\/uploads\\\/2022\\\/04\\\/eResidentCare.webp\",\"width\":200,\"height\":200},{\"@type\":\"BreadcrumbList\",\"@id\":\"https:\\\/\\\/www.accuratereviews.com\\\/it\\\/software-assistenza-persone\\\/eresidentcare-recensione\\\/#breadcrumb\",\"itemListElement\":[{\"@type\":\"ListItem\",\"position\":1,\"name\":\"Home\",\"item\":\"https:\\\/\\\/www.accuratereviews.com\\\/it\\\/\"},{\"@type\":\"ListItem\",\"position\":2,\"name\":\"Software per assistenza alle persone\",\"item\":\"https:\\\/\\\/www.accuratereviews.com\\\/it\\\/software-assistenza-persone\\\/\"},{\"@type\":\"ListItem\",\"position\":3,\"name\":\"eResidentCare\"}]},{\"@type\":\"WebSite\",\"@id\":\"https:\\\/\\\/www.accuratereviews.com\\\/it\\\/#website\",\"url\":\"https:\\\/\\\/www.accuratereviews.com\\\/it\\\/\",\"name\":\"Accurate Reviews\",\"description\":\"\",\"potentialAction\":[{\"@type\":\"SearchAction\",\"target\":{\"@type\":\"EntryPoint\",\"urlTemplate\":\"https:\\\/\\\/www.accuratereviews.com\\\/it\\\/?s={search_term_string}\"},\"query-input\":{\"@type\":\"PropertyValueSpecification\",\"valueRequired\":true,\"valueName\":\"search_term_string\"}}],\"inLanguage\":\"it-IT\"}]}<\/script>\n<!-- \/ Yoast SEO plugin. -->","yoast_head_json":{"title":"eResidentCare: recensione software assistenza alle persone","description":"eResidentCare: recensione software di gestione dell'assistenza residenziale\u00a0basato su cloud progettato per l'organizzazione delle cure dei residenti","robots":{"index":"index","follow":"follow","max-snippet":"max-snippet:-1","max-image-preview":"max-image-preview:large","max-video-preview":"max-video-preview:-1"},"canonical":"https:\/\/www.accuratereviews.com\/it\/software-assistenza-persone\/eresidentcare-recensione\/","og_locale":"it_IT","og_type":"article","og_title":"eResidentCare: recensione software assistenza alle persone","og_description":"eResidentCare: recensione software di gestione dell'assistenza residenziale\u00a0basato su cloud progettato per l'organizzazione delle cure dei residenti","og_url":"https:\/\/www.accuratereviews.com\/it\/software-assistenza-persone\/eresidentcare-recensione\/","og_site_name":"Accurate Reviews","og_image":[{"width":200,"height":200,"url":"https:\/\/www.accuratereviews.com\/wp-content\/uploads\/2022\/04\/eResidentCare.webp","type":"image\/webp"}],"twitter_card":"summary_large_image","twitter_misc":{"Tempo di lettura stimato":"3 minuti"},"schema":{"@context":"https:\/\/schema.org","@graph":[{"@type":"WebPage","@id":"https:\/\/www.accuratereviews.com\/it\/software-assistenza-persone\/eresidentcare-recensione\/","url":"https:\/\/www.accuratereviews.com\/it\/software-assistenza-persone\/eresidentcare-recensione\/","name":"eResidentCare: recensione software assistenza alle persone","isPartOf":{"@id":"https:\/\/www.accuratereviews.com\/it\/#website"},"primaryImageOfPage":{"@id":"https:\/\/www.accuratereviews.com\/it\/software-assistenza-persone\/eresidentcare-recensione\/#primaryimage"},"image":{"@id":"https:\/\/www.accuratereviews.com\/it\/software-assistenza-persone\/eresidentcare-recensione\/#primaryimage"},"thumbnailUrl":"https:\/\/www.accuratereviews.com\/wp-content\/uploads\/2022\/04\/eResidentCare.webp","datePublished":"2022-04-26T12:01:39+00:00","description":"eResidentCare: recensione software di gestione dell'assistenza residenziale\u00a0basato su cloud progettato per l'organizzazione delle cure dei residenti","breadcrumb":{"@id":"https:\/\/www.accuratereviews.com\/it\/software-assistenza-persone\/eresidentcare-recensione\/#breadcrumb"},"inLanguage":"it-IT","potentialAction":[{"@type":"ReadAction","target":["https:\/\/www.accuratereviews.com\/it\/software-assistenza-persone\/eresidentcare-recensione\/"]}]},{"@type":"ImageObject","inLanguage":"it-IT","@id":"https:\/\/www.accuratereviews.com\/it\/software-assistenza-persone\/eresidentcare-recensione\/#primaryimage","url":"https:\/\/www.accuratereviews.com\/wp-content\/uploads\/2022\/04\/eResidentCare.webp","contentUrl":"https:\/\/www.accuratereviews.com\/wp-content\/uploads\/2022\/04\/eResidentCare.webp","width":200,"height":200},{"@type":"BreadcrumbList","@id":"https:\/\/www.accuratereviews.com\/it\/software-assistenza-persone\/eresidentcare-recensione\/#breadcrumb","itemListElement":[{"@type":"ListItem","position":1,"name":"Home","item":"https:\/\/www.accuratereviews.com\/it\/"},{"@type":"ListItem","position":2,"name":"Software per assistenza alle persone","item":"https:\/\/www.accuratereviews.com\/it\/software-assistenza-persone\/"},{"@type":"ListItem","position":3,"name":"eResidentCare"}]},{"@type":"WebSite","@id":"https:\/\/www.accuratereviews.com\/it\/#website","url":"https:\/\/www.accuratereviews.com\/it\/","name":"Accurate Reviews","description":"","potentialAction":[{"@type":"SearchAction","target":{"@type":"EntryPoint","urlTemplate":"https:\/\/www.accuratereviews.com\/it\/?s={search_term_string}"},"query-input":{"@type":"PropertyValueSpecification","valueRequired":true,"valueName":"search_term_string"}}],"inLanguage":"it-IT"}]}},"_links":{"self":[{"href":"https:\/\/www.accuratereviews.com\/it\/wp-json\/wp\/v2\/pages\/56640","targetHints":{"allow":["GET"]}}],"collection":[{"href":"https:\/\/www.accuratereviews.com\/it\/wp-json\/wp\/v2\/pages"}],"about":[{"href":"https:\/\/www.accuratereviews.com\/it\/wp-json\/wp\/v2\/types\/page"}],"author":[{"embeddable":true,"href":"https:\/\/www.accuratereviews.com\/it\/wp-json\/wp\/v2\/users\/16"}],"replies":[{"embeddable":true,"href":"https:\/\/www.accuratereviews.com\/it\/wp-json\/wp\/v2\/comments?post=56640"}],"version-history":[{"count":12,"href":"https:\/\/www.accuratereviews.com\/it\/wp-json\/wp\/v2\/pages\/56640\/revisions"}],"predecessor-version":[{"id":56682,"href":"https:\/\/www.accuratereviews.com\/it\/wp-json\/wp\/v2\/pages\/56640\/revisions\/56682"}],"up":[{"embeddable":true,"href":"https:\/\/www.accuratereviews.com\/it\/wp-json\/wp\/v2\/pages\/56447"}],"wp:featuredmedia":[{"embeddable":true,"href":"https:\/\/www.accuratereviews.com\/it\/wp-json\/wp\/v2\/media\/56642"}],"wp:attachment":[{"href":"https:\/\/www.accuratereviews.com\/it\/wp-json\/wp\/v2\/media?parent=56640"}],"wp:term":[{"taxonomy":"category","embeddable":true,"href":"https:\/\/www.accuratereviews.com\/it\/wp-json\/wp\/v2\/categories?post=56640"},{"taxonomy":"post_tag","embeddable":true,"href":"https:\/\/www.accuratereviews.com\/it\/wp-json\/wp\/v2\/tags?post=56640"},{"taxonomy":"features","embeddable":true,"href":"https:\/\/www.accuratereviews.com\/it\/wp-json\/wp\/v2\/features?post=56640"}],"curies":[{"name":"wp","href":"https:\/\/api.w.org\/{rel}","templated":true}]}}