{"id":56703,"date":"2022-04-27T10:36:45","date_gmt":"2022-04-27T10:36:45","guid":{"rendered":"https:\/\/www.accuratereviews.com\/?page_id=56703"},"modified":"2022-04-27T10:36:45","modified_gmt":"2022-04-27T10:36:45","slug":"storiicare-recensione","status":"publish","type":"page","link":"https:\/\/www.accuratereviews.com\/it\/software-assistenza-persone\/storiicare-recensione\/","title":{"rendered":"StoriiCare"},"content":{"rendered":"<p><strong>StoriiCare<\/strong> \u00e8 un <strong>software di gestione dell&#8217;assistenza<\/strong> che organizza i ricoveri dei pazienti, la pianificazione del personale, la comunicazione, i rapporti e altro ancora. La piattaforma consente alle organizzazioni di creare piani di assistenza personalizzati, tenere traccia dei progressi tramite aggiornamenti e dettagli del registro e caricare documenti insieme a file multimediali in un repository centralizzato. Il programma permette agli amministratori di condurre sessioni di coinvolgimento utilizzando storie di vita personalizzate e contenuti esterni per acquisire dati per la valutazione e informare le famiglie tramite sms o email. Offre numerose funzionalit\u00e0 come profili utente, database di residenti e clienti, registrazione delle attivit\u00e0, branding personalizzabile, moduli di valutazione personalizzati, gestione degli incidenti, archiviazione dei dati e altro ancora. I centri di assistenza possono anche gestire attivit\u00e0 di manutenzione, registrare incidenti, condurre attivit\u00e0 di gruppo o individuali e aggiungere note di avanzamento per i membri del personale.<\/p>\n<h2>STORIICARE &#8211; TUTORIAL<\/h2>\n<p>Guardiamo come questo software per assistenza alle persone pu\u00f2 aiutarti nel tuo lavoro:<\/p>\n<div id=\"fluid-wrapper-counter-1\" class=\"g1-fluid-wrapper \" style=\"width:686px;\">\n<div style=\"padding-bottom:56.268221574344%;\"><iframe loading=\"lazy\" title=\"StoriiCare\" width=\"686\" height=\"386\" src=\"https:\/\/www.youtube.com\/embed\/6443eX1HoI4?feature=oembed&amp;wmode=transparent&amp;autohide=1&amp;autoplay=0&amp;disablekb=0&amp;fs=1&amp;loop=0&amp;enablejsapi=1&amp;rel=0&amp;controls=2&amp;showinfo=0&amp;wmode=transparent&amp;autohide=2&amp;autoplay=0&amp;disablekb=0&amp;fs=1&amp;loop=0&amp;enablejsapi=1&amp;rel=0&amp;controls=2&amp;showinfo=1\" frameborder=\"0\" allow=\"accelerometer; autoplay; clipboard-write; encrypted-media; gyroscope; picture-in-picture\" allowfullscreen><\/iframe><\/div>\n<\/div>\n<h3>STORIICARE &#8211; CARATTERISTICHE<\/h3>\n<ul>\n<li><strong>Digitalizzare flussi di lavoro cartacei:<\/strong> passando dalla registrazione cartacea alla gestione digitale dell&#8217;assistenza, i clienti risparmiano in media 6 ore a settimana, per membro del personale, sulle pratiche burocratiche. Oltre a essere pi\u00f9 efficiente, la digitalizzazione dei flussi di lavoro \u00e8 migliore per l&#8217;ambiente, riduce la possibilit\u00e0 di errori ed \u00e8 un potente strumento per impressionare le autorit\u00e0 di regolamentazione e i potenziali utenti dei servizi<\/li>\n<li><strong>Informazioni in modo sicuro<\/strong>: crea e mantieni profili digitali sicuri e protetti per gli utenti dei tuoi servizi, archiviando campi di dati avanzati che possono essere utilizzati direttamente all&#8217;interno delle nostre funzionalit\u00e0 di analisi<\/li>\n<li><strong>Prendi decisioni informate con i dati<\/strong>: tieni traccia dei punti dati che contano. Visualizza ed esporta tendenze e analisi nelle comunit\u00e0 di assistenza agli anziani. L&#8217;accesso a analisi approfondite permette ai fornitori di prendere decisioni basate sui dati e migliorare la qualit\u00e0 delle cure<\/li>\n<li><strong>Oltre 30 funzionalit\u00e0 per una moderna gestione delle cure<\/strong>: le caratteristiche accolgono fornitori di assistenza di tutti i tipi: assistenza residenziale e case di cura, servizi di assistenza diurna per adulti, servizi di assistenza per disabili, comunit\u00e0 di vita assistita, fornitori di assistenza alla memoria, CCRC e agenzie di assistenza domiciliare.\n<div class=\"J0lOec\"><\/div>\n<\/li>\n<\/ul>\n<h4>LE RECENSIONI DEGLI UTENTI<\/h4>\n<p class=\"font-weight-bold mb-2\"><strong>Tonya H.&#8221;Ottimo programma per assistenza a anziani!&#8221;<\/strong><\/p>\n<p><span class=\"font-weight-bold\"><strong>Commenti<\/strong>: <\/span>StoriiCare \u00e8 stata un&#8217;esperienza meravigliosa dal momento in cui abbiamo contattato una demo per aiutarli a configurare il nostro account. \u00c8 stato meraviglioso lavorare con tutto il loro team!<\/p>\n<p class=\"font-weight-bold mb-2\"><strong>Pro<\/strong>:\u00a0StoriiCare era facile da usare per tutti i livelli cognitivi. Consentita la flessibilit\u00e0 di personalizzarlo in base alle esigenze dei nostri centri.<\/p>\n<p class=\"font-weight-bold mb-2\"><strong>Contro<\/strong>:\u00a0Al momento non abbiamo riscontrato nulla del programma che non ci piace!<\/p>\n<p class=\"font-weight-bold mb-2\"><strong>Patricia M.&#8221;Il miglior software di sempre!&#8221;<\/strong><\/p>\n<p><span class=\"font-weight-bold\"><strong>Commenti<\/strong>: <\/span>StoriiCare rende semplice tenere tutto in un unico posto e comunicare con i nostri partecipanti e i nostri cari. Avevamo diversi programmi che abbiamo creato per gestire il nostro asilo nido per adulti e archiviare informazioni. StorriCare \u00e8 ora il nostro sportello unico per TUTTO! Vorrei solo conoscerli dal primo giorno di apertura della nostra attivit\u00e0.<\/p>\n<p class=\"font-weight-bold mb-2\"><strong>Pro<\/strong>:\u00a0Ha tutto ci\u00f2 di cui abbiamo bisogno per gestire la nostra attivit\u00e0! Anche il servizio clienti \u00e8 puntuale. Risolvono rapidamente i problemi e sembrano preoccuparsi davvero delle nostre esigenze. Mi piace anche il fatto che aggiungano sempre nuove funzionalit\u00e0 per renderlo migliore.<\/p>\n<p class=\"font-weight-bold mb-2\"><strong>Contro<\/strong>:\u00a0Sono entusiasta dello sviluppo di una parte per i dipendenti di questo software. In modo che possiamo usarlo anche per il personale, i nostri partecipanti e le loro famiglie.<\/p>\n<p class=\"font-weight-bold mb-2\"><strong>Vivian S.&#8221;StoriiCare: asilo nido per adulti McCoy&#8221;<\/strong><\/p>\n<p><span class=\"font-weight-bold\"><strong>Commenti<\/strong>: <\/span>Nel complesso, StoriiCare \u00e8 stata una grande risorsa per la nostra organizzazione. Ha migliorato il nostro funzionamento generale e continueremo a utilizzare il servizio.<\/p>\n<p class=\"font-weight-bold mb-2\"><strong>Pro<\/strong>:\u00a0StoriiCare \u00e8 molto facile da usare e facile da addestrare i membri del personale all&#8217;uso del software. Ci piace il fatto che StoriCare abbia fornito alla nostra organizzazione la tecnologia new age per passare all&#8217;eliminazione della carta non necessaria e un modo pi\u00f9 efficiente per monitorare i progressi quotidiani dei clienti.<\/p>\n<p class=\"font-weight-bold mb-2\"><strong>Contro<\/strong>:\u00a0Il software, durante il tempo in cui lo utilizzavamo, presentava problemi e si bloccava. Spesso, dovevamo chiudere l&#8217;intera app per farla ricominciare a funzionare. Questo \u00e8 stato difficile da gestire per i dipendenti pi\u00f9 anziani.<\/p>\n","protected":false},"excerpt":{"rendered":"<p>StoriiCare \u00e8 un software di gestione dell&#8217;assistenza che organizza i ricoveri dei pazienti, la pianificazione del personale, la comunicazione, i rapporti e altro ancora. La piattaforma consente alle organizzazioni di creare piani di assistenza personalizzati, tenere traccia dei progressi tramite aggiornamenti e dettagli del registro e caricare documenti insieme a file multimediali in un repository centralizzato.<\/p>\n","protected":false},"author":16,"featured_media":56704,"parent":56447,"menu_order":0,"comment_status":"open","ping_status":"closed","template":"g1_template_page_review_new.php","meta":{"_acf_changed":false,"cwp_meta_box_check":"No","cwp_rev_product_name":"","cwp_rev_product_image":"","wppr_links":[],"cwp_rev_price":"","wppr_options":[],"wppr_pros":[],"wppr_cons":[],"_monsterinsights_skip_tracking":false,"_monsterinsights_sitenote_active":false,"_monsterinsights_sitenote_note":"","_monsterinsights_sitenote_category":0,"footnotes":""},"categories":[12456],"tags":[12493,12478,12479,12494,12476,12495],"features":[],"class_list":{"0":"post-56703","1":"page","2":"type-page","3":"status-publish","4":"has-post-thumbnail","6":"category-software-assistenza-persone-cat","7":"tag-assistenza-alle-persona","8":"tag-piattaforma-assistenza-alla-persona","9":"tag-programma-assistenza-alla-persona","10":"tag-software-assistenza-alle-persone","11":"tag-soluzione-assistenza-alla-persona","12":"tag-storiicare"},"wppr_data":{"cwp_meta_box_check":"No"},"acf":[],"yoast_head":"<!-- This site is optimized with the Yoast SEO plugin v27.4 - https:\/\/yoast.com\/product\/yoast-seo-wordpress\/ -->\n<title>StoriiCare: recensione software per assistenza alle persone<\/title>\n<meta name=\"description\" content=\"StoriiCare: recensione software di gestione dell&#039;assistenza che organizza ricoveri, pianificazione, comunicazione, rapporti e altro ancora.\" \/>\n<meta name=\"robots\" content=\"index, follow, max-snippet:-1, max-image-preview:large, max-video-preview:-1\" \/>\n<link rel=\"canonical\" href=\"https:\/\/www.accuratereviews.com\/it\/software-assistenza-persone\/storiicare-recensione\/\" \/>\n<meta property=\"og:locale\" content=\"it_IT\" \/>\n<meta property=\"og:type\" content=\"article\" \/>\n<meta property=\"og:title\" content=\"StoriiCare: recensione software per assistenza alle persone\" \/>\n<meta property=\"og:description\" content=\"StoriiCare: recensione software di gestione dell&#039;assistenza che organizza ricoveri, pianificazione, comunicazione, rapporti e altro ancora.\" \/>\n<meta property=\"og:url\" content=\"https:\/\/www.accuratereviews.com\/it\/software-assistenza-persone\/storiicare-recensione\/\" \/>\n<meta property=\"og:site_name\" content=\"Accurate Reviews\" \/>\n<meta property=\"og:image\" content=\"https:\/\/www.accuratereviews.com\/wp-content\/uploads\/2022\/04\/storiicare.png\" \/>\n\t<meta property=\"og:image:width\" content=\"600\" \/>\n\t<meta property=\"og:image:height\" content=\"315\" \/>\n\t<meta property=\"og:image:type\" content=\"image\/png\" \/>\n<meta name=\"twitter:card\" content=\"summary_large_image\" \/>\n<meta name=\"twitter:label1\" content=\"Tempo di lettura stimato\" \/>\n\t<meta name=\"twitter:data1\" content=\"4 minuti\" \/>\n<script type=\"application\/ld+json\" class=\"yoast-schema-graph\">{\"@context\":\"https:\\\/\\\/schema.org\",\"@graph\":[{\"@type\":\"WebPage\",\"@id\":\"https:\\\/\\\/www.accuratereviews.com\\\/it\\\/software-assistenza-persone\\\/storiicare-recensione\\\/\",\"url\":\"https:\\\/\\\/www.accuratereviews.com\\\/it\\\/software-assistenza-persone\\\/storiicare-recensione\\\/\",\"name\":\"StoriiCare: recensione software per assistenza alle persone\",\"isPartOf\":{\"@id\":\"https:\\\/\\\/www.accuratereviews.com\\\/it\\\/#website\"},\"primaryImageOfPage\":{\"@id\":\"https:\\\/\\\/www.accuratereviews.com\\\/it\\\/software-assistenza-persone\\\/storiicare-recensione\\\/#primaryimage\"},\"image\":{\"@id\":\"https:\\\/\\\/www.accuratereviews.com\\\/it\\\/software-assistenza-persone\\\/storiicare-recensione\\\/#primaryimage\"},\"thumbnailUrl\":\"https:\\\/\\\/www.accuratereviews.com\\\/wp-content\\\/uploads\\\/2022\\\/04\\\/storiicare.png\",\"datePublished\":\"2022-04-27T10:36:45+00:00\",\"description\":\"StoriiCare: recensione software di gestione dell'assistenza che organizza ricoveri, pianificazione, comunicazione, rapporti e altro ancora.\",\"breadcrumb\":{\"@id\":\"https:\\\/\\\/www.accuratereviews.com\\\/it\\\/software-assistenza-persone\\\/storiicare-recensione\\\/#breadcrumb\"},\"inLanguage\":\"it-IT\",\"potentialAction\":[{\"@type\":\"ReadAction\",\"target\":[\"https:\\\/\\\/www.accuratereviews.com\\\/it\\\/software-assistenza-persone\\\/storiicare-recensione\\\/\"]}]},{\"@type\":\"ImageObject\",\"inLanguage\":\"it-IT\",\"@id\":\"https:\\\/\\\/www.accuratereviews.com\\\/it\\\/software-assistenza-persone\\\/storiicare-recensione\\\/#primaryimage\",\"url\":\"https:\\\/\\\/www.accuratereviews.com\\\/wp-content\\\/uploads\\\/2022\\\/04\\\/storiicare.png\",\"contentUrl\":\"https:\\\/\\\/www.accuratereviews.com\\\/wp-content\\\/uploads\\\/2022\\\/04\\\/storiicare.png\",\"width\":600,\"height\":315},{\"@type\":\"BreadcrumbList\",\"@id\":\"https:\\\/\\\/www.accuratereviews.com\\\/it\\\/software-assistenza-persone\\\/storiicare-recensione\\\/#breadcrumb\",\"itemListElement\":[{\"@type\":\"ListItem\",\"position\":1,\"name\":\"Home\",\"item\":\"https:\\\/\\\/www.accuratereviews.com\\\/it\\\/\"},{\"@type\":\"ListItem\",\"position\":2,\"name\":\"Software per assistenza alle persone\",\"item\":\"https:\\\/\\\/www.accuratereviews.com\\\/it\\\/software-assistenza-persone\\\/\"},{\"@type\":\"ListItem\",\"position\":3,\"name\":\"StoriiCare\"}]},{\"@type\":\"WebSite\",\"@id\":\"https:\\\/\\\/www.accuratereviews.com\\\/it\\\/#website\",\"url\":\"https:\\\/\\\/www.accuratereviews.com\\\/it\\\/\",\"name\":\"Accurate Reviews\",\"description\":\"\",\"potentialAction\":[{\"@type\":\"SearchAction\",\"target\":{\"@type\":\"EntryPoint\",\"urlTemplate\":\"https:\\\/\\\/www.accuratereviews.com\\\/it\\\/?s={search_term_string}\"},\"query-input\":{\"@type\":\"PropertyValueSpecification\",\"valueRequired\":true,\"valueName\":\"search_term_string\"}}],\"inLanguage\":\"it-IT\"}]}<\/script>\n<!-- \/ Yoast SEO plugin. -->","yoast_head_json":{"title":"StoriiCare: recensione software per assistenza alle persone","description":"StoriiCare: recensione software di gestione dell'assistenza che organizza ricoveri, pianificazione, comunicazione, rapporti e altro ancora.","robots":{"index":"index","follow":"follow","max-snippet":"max-snippet:-1","max-image-preview":"max-image-preview:large","max-video-preview":"max-video-preview:-1"},"canonical":"https:\/\/www.accuratereviews.com\/it\/software-assistenza-persone\/storiicare-recensione\/","og_locale":"it_IT","og_type":"article","og_title":"StoriiCare: recensione software per assistenza alle persone","og_description":"StoriiCare: recensione software di gestione dell'assistenza che organizza ricoveri, pianificazione, comunicazione, rapporti e altro ancora.","og_url":"https:\/\/www.accuratereviews.com\/it\/software-assistenza-persone\/storiicare-recensione\/","og_site_name":"Accurate Reviews","og_image":[{"width":600,"height":315,"url":"https:\/\/www.accuratereviews.com\/wp-content\/uploads\/2022\/04\/storiicare.png","type":"image\/png"}],"twitter_card":"summary_large_image","twitter_misc":{"Tempo di lettura stimato":"4 minuti"},"schema":{"@context":"https:\/\/schema.org","@graph":[{"@type":"WebPage","@id":"https:\/\/www.accuratereviews.com\/it\/software-assistenza-persone\/storiicare-recensione\/","url":"https:\/\/www.accuratereviews.com\/it\/software-assistenza-persone\/storiicare-recensione\/","name":"StoriiCare: recensione software per assistenza alle persone","isPartOf":{"@id":"https:\/\/www.accuratereviews.com\/it\/#website"},"primaryImageOfPage":{"@id":"https:\/\/www.accuratereviews.com\/it\/software-assistenza-persone\/storiicare-recensione\/#primaryimage"},"image":{"@id":"https:\/\/www.accuratereviews.com\/it\/software-assistenza-persone\/storiicare-recensione\/#primaryimage"},"thumbnailUrl":"https:\/\/www.accuratereviews.com\/wp-content\/uploads\/2022\/04\/storiicare.png","datePublished":"2022-04-27T10:36:45+00:00","description":"StoriiCare: recensione software di gestione dell'assistenza che organizza ricoveri, pianificazione, comunicazione, rapporti e altro ancora.","breadcrumb":{"@id":"https:\/\/www.accuratereviews.com\/it\/software-assistenza-persone\/storiicare-recensione\/#breadcrumb"},"inLanguage":"it-IT","potentialAction":[{"@type":"ReadAction","target":["https:\/\/www.accuratereviews.com\/it\/software-assistenza-persone\/storiicare-recensione\/"]}]},{"@type":"ImageObject","inLanguage":"it-IT","@id":"https:\/\/www.accuratereviews.com\/it\/software-assistenza-persone\/storiicare-recensione\/#primaryimage","url":"https:\/\/www.accuratereviews.com\/wp-content\/uploads\/2022\/04\/storiicare.png","contentUrl":"https:\/\/www.accuratereviews.com\/wp-content\/uploads\/2022\/04\/storiicare.png","width":600,"height":315},{"@type":"BreadcrumbList","@id":"https:\/\/www.accuratereviews.com\/it\/software-assistenza-persone\/storiicare-recensione\/#breadcrumb","itemListElement":[{"@type":"ListItem","position":1,"name":"Home","item":"https:\/\/www.accuratereviews.com\/it\/"},{"@type":"ListItem","position":2,"name":"Software per assistenza alle persone","item":"https:\/\/www.accuratereviews.com\/it\/software-assistenza-persone\/"},{"@type":"ListItem","position":3,"name":"StoriiCare"}]},{"@type":"WebSite","@id":"https:\/\/www.accuratereviews.com\/it\/#website","url":"https:\/\/www.accuratereviews.com\/it\/","name":"Accurate Reviews","description":"","potentialAction":[{"@type":"SearchAction","target":{"@type":"EntryPoint","urlTemplate":"https:\/\/www.accuratereviews.com\/it\/?s={search_term_string}"},"query-input":{"@type":"PropertyValueSpecification","valueRequired":true,"valueName":"search_term_string"}}],"inLanguage":"it-IT"}]}},"_links":{"self":[{"href":"https:\/\/www.accuratereviews.com\/it\/wp-json\/wp\/v2\/pages\/56703","targetHints":{"allow":["GET"]}}],"collection":[{"href":"https:\/\/www.accuratereviews.com\/it\/wp-json\/wp\/v2\/pages"}],"about":[{"href":"https:\/\/www.accuratereviews.com\/it\/wp-json\/wp\/v2\/types\/page"}],"author":[{"embeddable":true,"href":"https:\/\/www.accuratereviews.com\/it\/wp-json\/wp\/v2\/users\/16"}],"replies":[{"embeddable":true,"href":"https:\/\/www.accuratereviews.com\/it\/wp-json\/wp\/v2\/comments?post=56703"}],"version-history":[{"count":9,"href":"https:\/\/www.accuratereviews.com\/it\/wp-json\/wp\/v2\/pages\/56703\/revisions"}],"predecessor-version":[{"id":56728,"href":"https:\/\/www.accuratereviews.com\/it\/wp-json\/wp\/v2\/pages\/56703\/revisions\/56728"}],"up":[{"embeddable":true,"href":"https:\/\/www.accuratereviews.com\/it\/wp-json\/wp\/v2\/pages\/56447"}],"wp:featuredmedia":[{"embeddable":true,"href":"https:\/\/www.accuratereviews.com\/it\/wp-json\/wp\/v2\/media\/56704"}],"wp:attachment":[{"href":"https:\/\/www.accuratereviews.com\/it\/wp-json\/wp\/v2\/media?parent=56703"}],"wp:term":[{"taxonomy":"category","embeddable":true,"href":"https:\/\/www.accuratereviews.com\/it\/wp-json\/wp\/v2\/categories?post=56703"},{"taxonomy":"post_tag","embeddable":true,"href":"https:\/\/www.accuratereviews.com\/it\/wp-json\/wp\/v2\/tags?post=56703"},{"taxonomy":"features","embeddable":true,"href":"https:\/\/www.accuratereviews.com\/it\/wp-json\/wp\/v2\/features?post=56703"}],"curies":[{"name":"wp","href":"https:\/\/api.w.org\/{rel}","templated":true}]}}